{"id":91650,"date":"2026-01-19T18:49:57","date_gmt":"2026-01-19T18:49:57","guid":{"rendered":"https:\/\/www.marinigerardi.it\/shop\/?post_type=product&#038;p=91650"},"modified":"2026-02-17T17:54:10","modified_gmt":"2026-02-17T17:54:10","slug":"tovaglia-cucina","status":"publish","type":"product","link":"https:\/\/www.marinigerardi.it\/shop\/prodotto\/tovaglia-cucina\/","title":{"rendered":"Tovaglia Cucina HABANA Salvia: Eleganza Naturale in Tavola"},"content":{"rendered":"<div class=\"wpb-content-wrapper\"><p>[vc_row equal_height=&#8221;yes&#8221; mobile_bg_img_hidden=&#8221;no&#8221; tablet_bg_img_hidden=&#8221;no&#8221; woodmart_parallax=&#8221;0&#8243; woodmart_gradient_switch=&#8221;no&#8221; row_reverse_mobile=&#8221;0&#8243; row_reverse_tablet=&#8221;0&#8243; woodmart_disable_overflow=&#8221;0&#8243;][vc_column offset=&#8221;vc_col-lg-6 vc_col-md-6&#8243; mobile_bg_img_hidden=&#8221;no&#8221; tablet_bg_img_hidden=&#8221;no&#8221; woodmart_parallax=&#8221;0&#8243; woodmart_sticky_column=&#8221;false&#8221; parallax_scroll=&#8221;no&#8221; mobile_reset_margin=&#8221;no&#8221; tablet_reset_margin=&#8221;no&#8221; css=&#8221;.vc_custom_1613071403480{margin-top: 0px !important;}&#8221;]\n\t\t<div id=\"wd-6970eb7fef544\" class=\"title-wrapper wd-wpb wd-set-mb reset-last-child  wd-rs-6970eb7fef544 wd-title-color-primary wd-title-style-bordered text-left vc_custom_1769008012946 wd-underline-colored\">\n\t\t\t\n\t\t\t<div class=\"liner-continer\">\n\t\t\t\t<h2 class=\"woodmart-title-container title  wd-font-weight- wd-fontsize-l\" >Trasforma ogni pasto in un momento speciale con la tua nuova Tovaglia Cucina<\/h2>\n\t\t\t\t\t\t\t<\/div>\n\t\t\t\n\t\t\t\n\t\t\t\n\t\t<\/div>\n\t\t\n\t\t\t\t<div id=\"wd-69715f64db998\" class=\"wd-text-block wd-wpb reset-last-child wd-rs-69715f64db998 text-left \">\n\t\t\t<p>Perch\u00e9 accontentarsi di una misura \u201cquasi\u201d giusta quando puoi avere la perfezione? Abbiamo studiato questa versione per chi, come te, ama l\u2019ordine visivo: su un tavolo largo 90 cm, la HABANA cade morbidamente per 25 cm su ogni lato, creando angoli sartoriali che sembrano usciti da un laboratorio artigianale. Il color Salvia, poi, \u00e8 il vero protagonista: una sfumatura polverosa e moderna che incuriosisce al primo sguardo e rende i piatti ancora pi\u00f9 invitanti. Ti sembrer\u00e0 di pranzare in un bistrot parigino ogni giorno.<\/p>\n\t\t<\/div>\n\t\t[vc_tta_accordion title_tag=&#8221;h3&#8243; section_title_tag=&#8221;h3&#8243; color=&#8221;white&#8221; active_section=&#8221;&#8221; collapsible_all=&#8221;true&#8221;][vc_tta_section title=&#8221;Info &amp; Scheda Prodotto&#8221; tab_id=&#8221;1768823094566-950f6003-ef0d&#8221;]\t\t<div id=\"wd-697262752e9ed\" class=\"wd-text-block wd-wpb reset-last-child wd-rs-697262752e9ed text-left \">\n\t\t\t<p><strong>Tessuto <a href=\"https:\/\/www.marinigerardi.it\/shop\/prodotto\/tovaglia-cucina\/\">Tovaglia cucina<\/a>:<\/strong> 100% PES alta qualit\u00e0<br \/>\n<strong>Peso Tessuto:<\/strong> 281 gr\/m\u00b2<br \/>\n<strong>Colore:<\/strong> Salvia vibrante ad alta tenuta<br \/>\n<strong>Misure tovaglie:<\/strong> 140&#215;170 | 140&#215;180 | 140&#215;190 | 140&#215;200 | 140&#215;210 | 140&#215;220 | 140&#215;230 | 140&#215;240 | 140&#215;250 |<\/p>\n<p><strong>Per misure particolari vi preghiamo di contattarci all&#8217;indirizzo mail assistenza@marinigerardi.it<\/strong><\/p>\n\t\t<\/div>\n\t\t[\/vc_tta_section][vc_tta_section title=&#8221;Guida alle misure per la tua Tovaglia per Cucina&#8221; tab_id=&#8221;1768823094600-4376f26e-8d98&#8243;]\t\t<div id=\"wd-69711c5b93f1c\" class=\"wd-text-block wd-wpb reset-last-child wd-rs-69711c5b93f1c text-left \">\n\t\t\t<p>Non sai quale misura scegliere per il tuo tavolo? Ecco una guida rapida basata sugli standard pi\u00f9 comuni:<\/p>\n<ul>\n<li><strong>Tavolo da 4 posti:<\/strong> Ideale la misura 90\u00d7120 cm o comodi 90\u00d7135 cm.<\/li>\n<li><strong>Tavolo da 6 posti:<\/strong> Consigliata la misura 90\u00d7160 cm o comodi 90&#215;180 cm<\/li>\n<li><strong>Tavolo da 8 posti:<\/strong> La misura 90\u00d7210cm copre perfettamente tavoli fino a 200 cm di lunghezza.<\/li>\n<li><strong>Tavolo da 10 posti:<\/strong> Scegli la misura 90\u00d7250 cm per il massimo del comfort.<\/li>\n<\/ul>\n<p><em>Ricorda: per una resa estetica ottimale, la tovaglia dovrebbe scendere lateralmente di circa 20-25 cm.<br \/>\n<strong>Nota Bene:<\/strong> Misurare sempre la larghezza del tuo tavolo.<\/em><\/p>\n\t\t<\/div>\n\t\t[\/vc_tta_section][vc_tta_section title=&#8221;Consigli per la &#8220;Caduta&#8220; Perfetta&#8221; tab_id=&#8221;1768823940271-400a9baa-ae0a&#8221;]\t\t<div id=\"wd-69711570165b1\" class=\"wd-text-block wd-wpb reset-last-child wd-rs-69711570165b1 text-left \">\n\t\t\t<p>Per far risaltare al meglio il tessuto da <b>281 gr\/m\u00b2<\/b> della tovaglia HABANA, la caduta laterale ideale \u00e8 di circa <b>20-30 cm<\/b> per lato.<\/p>\n<ul>\n<li><b>Esempio:<\/b> Se il tuo tavolo misura 90&#215;150 cm (6 posti), la tovaglia da <b>140&#215;200 cm<\/b> lascer\u00e0 cadere 25 cm di tessuto su ogni lato, garantendo quell&#8217;aspetto &#8220;scultoreo&#8221; e professionale che abbiamo descritto nel testo della pagina prodotto.<\/li>\n<\/ul>\n\t\t<\/div>\n\t\t[\/vc_tta_section][\/vc_tta_accordion][\/vc_column][vc_column css=&#8221;.vc_custom_1612434787067{background-position: center !important;background-repeat: no-repeat !important;background-size: cover !important;}&#8221; offset=&#8221;vc_col-lg-6 vc_col-md-6&#8243; mobile_bg_img_hidden=&#8221;no&#8221; tablet_bg_img_hidden=&#8221;no&#8221; woodmart_parallax=&#8221;0&#8243; woodmart_sticky_column=&#8221;false&#8221; parallax_scroll=&#8221;no&#8221; mobile_reset_margin=&#8221;no&#8221; tablet_reset_margin=&#8221;no&#8221;]\n\t\t<div id=\"wd-69715eef14ebb\" class=\"title-wrapper wd-wpb wd-set-mb reset-last-child  wd-rs-69715eef14ebb wd-title-color-default wd-title-style-default text-center vc_custom_1769037559336 wd-underline-colored\">\n\t\t\t\n\t\t\t<div class=\"liner-continer\">\n\t\t\t\t<h3 class=\"woodmart-title-container title  wd-font-weight- wd-fontsize-l\" >Visualizza Tutti e 3 i colori<\/h3>\n\t\t\t\t\t\t\t<\/div>\n\t\t\t\n\t\t\t\n\t\t\t\n\t\t<\/div>\n\t\t\n\t\t[vc_row_inner][vc_column_inner width=&#8221;1\/3&#8243;][vc_single_image image=&#8221;91714&#8243; img_size=&#8221;large&#8221; alignment=&#8221;center&#8221; onclick=&#8221;custom_link&#8221; css=&#8221;&#8221; parallax_scroll=&#8221;no&#8221; woodmart_inline=&#8221;no&#8221; link=&#8221;https:\/\/www.marinigerardi.it\/shop\/prodotto\/tovaglia-cucina\/&#8221; title=&#8221;Salvia&#8221;][\/vc_column_inner][vc_column_inner width=&#8221;1\/3&#8243;][vc_single_image image=&#8221;91789&#8243; img_size=&#8221;large&#8221; alignment=&#8221;center&#8221; onclick=&#8221;custom_link&#8221; css=&#8221;&#8221; parallax_scroll=&#8221;no&#8221; woodmart_inline=&#8221;no&#8221; link=&#8221;https:\/\/www.marinigerardi.it\/shop\/prodotto\/tovaglia-da-cucina\/&#8221; title=&#8221;Malva&#8221;][\/vc_column_inner][vc_column_inner width=&#8221;1\/3&#8243;][vc_single_image image=&#8221;91641&#8243; img_size=&#8221;large&#8221; alignment=&#8221;center&#8221; onclick=&#8221;custom_link&#8221; css=&#8221;&#8221; parallax_scroll=&#8221;no&#8221; woodmart_inline=&#8221;no&#8221; link=&#8221;https:\/\/www.marinigerardi.it\/shop\/prodotto\/tovaglia-per-cucina\/&#8221; title=&#8221;Cobalto&#8221;][\/vc_column_inner][\/vc_row_inner][\/vc_column][\/vc_row][vc_row][vc_column][vc_text_separator title=&#8221;&#8221; css=&#8221;&#8221;]\n\t\t<div id=\"wd-696e805a30d9d\" class=\"title-wrapper wd-wpb wd-set-mb reset-last-child  wd-rs-696e805a30d9d wd-title-color-default wd-title-style-default text-center  wd-underline-colored\">\n\t\t\t\n\t\t\t<div class=\"liner-continer\">\n\t\t\t\t<h3 class=\"woodmart-title-container title  wd-font-weight- wd-fontsize-l\" >I vantaggi esclusivi della Tovaglia Cucina HABANA: un mix di lusso e praticit\u00e0<\/h3>\n\t\t\t\t\t\t\t<\/div>\n\t\t\t\n\t\t\t\n\t\t\t\n\t\t<\/div>\n\t\t\n\t\t[\/vc_column][\/vc_row][vc_row content_placement=&#8221;middle&#8221; woodmart_bg_position=&#8221;center-bottom&#8221; css=&#8221;.vc_custom_1699220110471{background-color: #f3f3f3 !important;background-position: 0 0 !important;background-repeat: no-repeat !important;}&#8221; el_class=&#8221;mobile-bg-img-hidden&#8221; mobile_bg_img_hidden=&#8221;no&#8221; tablet_bg_img_hidden=&#8221;no&#8221; woodmart_parallax=&#8221;0&#8243; woodmart_gradient_switch=&#8221;no&#8221; row_reverse_mobile=&#8221;0&#8243; row_reverse_tablet=&#8221;0&#8243; woodmart_disable_overflow=&#8221;0&#8243; woodmart_css_id=&#8221;65480a846b449&#8243; responsive_spacing=&#8221;eyJwYXJhbV90eXBlIjoid29vZG1hcnRfcmVzcG9uc2l2ZV9zcGFjaW5nIiwic2VsZWN0b3JfaWQiOiI2NTQ4MGE4NDZiNDQ5Iiwic2hvcnRjb2RlIjoidmNfcm93IiwiZGF0YSI6eyJ0YWJsZXQiOnt9LCJtb2JpbGUiOnt9fX0=&#8221; woodmart_box_shadow=&#8221;yes&#8221; wd_box_shadow=&#8221;eyJkZXZpY2VzIjp7ImRlc2t0b3AiOnsiaG9yaXpvbnRhbCI6IjAiLCJ2ZXJ0aWNhbCI6IjAiLCJibHVyIjoiOSIsInNwcmVhZCI6IjAiLCJjb2xvciI6InJnYmEoMCwgMCwgMCwgLjE1KSJ9fX0=&#8221; wd_z_index=&#8221;no&#8221;][vc_column mobile_bg_img_hidden=&#8221;no&#8221; tablet_bg_img_hidden=&#8221;no&#8221; woodmart_parallax=&#8221;0&#8243; woodmart_sticky_column=&#8221;false&#8221; parallax_scroll=&#8221;no&#8221; mobile_reset_margin=&#8221;no&#8221; tablet_reset_margin=&#8221;no&#8221;][vc_single_image image=&#8221;91655&#8243; img_size=&#8221;full&#8221; alignment=&#8221;center&#8221; style=&#8221;vc_box_shadow&#8221; onclick=&#8221;link_image&#8221; css=&#8221;.vc_custom_1768850675994{margin-right: 20px !important;}&#8221; parallax_scroll=&#8221;no&#8221; woodmart_inline=&#8221;no&#8221;][\/vc_column][\/vc_row][vc_row][vc_column]\n\t\t<div id=\"wd-696e803a7318b\" class=\"title-wrapper wd-wpb wd-set-mb reset-last-child  wd-rs-696e803a7318b wd-title-color-primary wd-title-style-bordered text-center justify  wd-underline-colored\">\n\t\t\t\n\t\t\t<div class=\"liner-continer\">\n\t\t\t\t<h3 class=\"woodmart-title-container title  wd-font-weight- wd-fontsize-l\" >Cosa rende la Tovaglia Cucina HABANA un acquisto di cui ti innamorerai?<\/h3>\n\t\t\t\t\t\t\t<\/div>\n\t\t\t\n\t\t\t\t\t\t\t<div class=\"title-after_title reset-last-child  wd-fontsize-xs\">Una Tovaglia fresca e di classe.<\/div>\n\t\t\t\n\t\t\t\n\t\t<\/div>\n\t\t\n\t\t\t\t<div id=\"wd-696e0d23d63d0\" class=\"wd-text-block wd-wpb reset-last-child wd-rs-696e0d23d63d0 text-left \">\n\t\t\t<p>Investire nella <b>Tovaglia per Cucina<\/b> HABANA significa garantire alla propria tavola un aspetto impeccabile in ogni circostanza. Il peso specifico del tessuto (281 gr\/m\u00b2) assicura una caduta perfetta e una protezione superiore del piano d&#8217;appoggio, mentre la composizione tecnologica la rende estremamente resistente alle macchie e all&#8217;usura quotidiana. \u00c8 la scelta definitiva per chi cerca l&#8217;esclusivit\u00e0 di un tessuto professionale con la praticit\u00e0 necessaria in una casa moderna.<\/p>\n\t\t<\/div>\n\t\t[\/vc_column][\/vc_row]<\/p>\n<\/div>","protected":false},"excerpt":{"rendered":"<p>Hai mai desiderato che la tua cucina avesse quel tocco da rivista d\u2019arredo, ma senza risultare fredda o troppo formale? La nostra <strong>HABANA color Malva <\/strong>\u00e8 nata proprio per questo. Non \u00e8 la solita tovaglia cucina sottile che scivola via: \u00e8 un abbraccio di tessuto corposo da 281 gr\/mq che veste il tuo tavolo con una personalit\u00e0 magnetica e un colore che trasmette pace immediata.<\/p>\n","protected":false},"featured_media":91651,"template":"","meta":[],"product_brand":[],"product_cat":[1496,3978],"product_tag":[],"class_list":{"0":"post-91650","1":"product","2":"type-product","3":"status-publish","4":"has-post-thumbnail","6":"product_cat-tovaglie","7":"product_cat-a-tavola-tovaglie","9":"first","10":"instock","11":"taxable","12":"shipping-taxable","13":"purchasable","14":"product-type-simple"},"_links":{"self":[{"href":"https:\/\/www.marinigerardi.it\/shop\/wp-json\/wp\/v2\/product\/91650","targetHints":{"allow":["GET"]}}],"collection":[{"href":"https:\/\/www.marinigerardi.it\/shop\/wp-json\/wp\/v2\/product"}],"about":[{"href":"https:\/\/www.marinigerardi.it\/shop\/wp-json\/wp\/v2\/types\/product"}],"wp:featuredmedia":[{"embeddable":true,"href":"https:\/\/www.marinigerardi.it\/shop\/wp-json\/wp\/v2\/media\/91651"}],"wp:attachment":[{"href":"https:\/\/www.marinigerardi.it\/shop\/wp-json\/wp\/v2\/media?parent=91650"}],"wp:term":[{"taxonomy":"product_brand","embeddable":true,"href":"https:\/\/www.marinigerardi.it\/shop\/wp-json\/wp\/v2\/product_brand?post=91650"},{"taxonomy":"product_cat","embeddable":true,"href":"https:\/\/www.marinigerardi.it\/shop\/wp-json\/wp\/v2\/product_cat?post=91650"},{"taxonomy":"product_tag","embeddable":true,"href":"https:\/\/www.marinigerardi.it\/shop\/wp-json\/wp\/v2\/product_tag?post=91650"}],"curies":[{"name":"wp","href":"https:\/\/api.w.org\/{rel}","templated":true}]}}