{"id":90801,"date":"2025-12-13T14:04:36","date_gmt":"2025-12-13T14:04:36","guid":{"rendered":"https:\/\/www.marinigerardi.it\/shop\/?post_type=product&#038;p=90801"},"modified":"2026-03-11T20:30:21","modified_gmt":"2026-03-11T20:30:21","slug":"quadri-su-tela-astratti","status":"publish","type":"product","link":"https:\/\/www.marinigerardi.it\/shop\/prodotto\/quadri-su-tela-astratti\/","title":{"rendered":"Metafisico M326 (100&#215;100) \u2013 Quando il Caos Trova il Suo Ordine &#8211; quadri su tela astratti"},"content":{"rendered":"<div class=\"wpb-content-wrapper\"><p>[vc_row][vc_column width=&#8221;1\/2&#8243;]\n\t\t<div id=\"wd-694084eec4d96\" class=\"title-wrapper wd-wpb wd-set-mb reset-last-child  wd-rs-694084eec4d96 wd-title-color-default wd-title-style-default text-left  wd-underline-colored\">\n\t\t\t\n\t\t\t<div class=\"liner-continer\">\n\t\t\t\t<h2 class=\"woodmart-title-container title  wd-font-weight- wd-fontsize-xl\" >Quadri su Tela Astratti: L'Armonia Geometrica del Metafisico M32<\/h2>\n\t\t\t\t\t\t\t<\/div>\n\t\t\t\n\t\t\t\n\t\t\t\n\t\t<\/div>\n\t\t\n\t\t\t\t<div id=\"wd-694088861dd8c\" class=\"wd-text-block wd-wpb reset-last-child wd-rs-694088861dd8c text-left \">\n\t\t\t<p>Rigore. Materia. Eleganza. <b>Metafisico M326<\/b> di NO NAME ART. Immagina di portare un frammento di universo direttamente nel tuo salotto. Il fondo \u00e8 un viaggio materico: stratificazioni che scivolano dal <b>grigio scuro<\/b> a un <b>bianco velato<\/b>, evocando nebulose lontane e silenzi siderali. In questo spazio etereo, nove cerchi neri \u2013 disposti in una griglia 3&#215;3 perfetta \u2013 emergono come guardiani dell&#8217;ordine.\u00a0Tra i <b>quadri su tela astratti<\/b>, quest&#8217;opera si distingue per la sua capacit\u00e0 di bilanciare due forze opposte: la fluidit\u00e0 eterea dello sfondo e la staticit\u00e0 ipnotica della geometria.<\/p>\n\t\t<\/div>\n\t\t[vc_tta_accordion title_tag=&#8221;h3&#8243; section_title_tag=&#8221;h3&#8243; active_section=&#8221;&#8221; collapsible_all=&#8221;true&#8221;][vc_tta_section title=&#8221;Info &amp; Scheda Prodotto&#8221; tab_id=&#8221;1773255384774-91d3df6a-bef9&#8243;]\t\t<div id=\"wd-69b1baee6fe3a\" class=\"wd-text-block wd-wpb reset-last-child wd-rs-69b1baee6fe3a text-left \">\n\t\t\t<ul>\n<li><b>Dimensioni:<\/b> <span style=\"color: #333333;\"><a style=\"color: #333333;\" href=\"https:\/\/www.marinigerardi.it\/shop\/prodotto\/quadri-su-tela-astratti\/\">Metafisico M326<\/a> <\/span>lotto 1 pz. [100 x 100 cm]<\/li>\n<li><strong>Tecnica mista:<\/strong> Nove cerchi neri, posizionati con precisione matematica, che ancorano lo sguardo e strutturano lo spazio circostante.<\/li>\n<li><strong>Supporto:<\/strong> Tela in cotone 100% montata su telaio in legno di abete (spessore 3,5 cm.<\/li>\n<li><b>Finitura:<\/b> eventuale Vernice protettiva finale per garantire la durata dei colori nel tempo.<\/li>\n<li><b>Bordi:<\/b> Gallery wrap (senza cornice), per un look pulito, contemporaneo e senza interruzioni.<\/li>\n<li><b>Autenticit\u00e0:<\/b> 1 pz. Unico non riprodotto in serie. Corredato da Certificato di Autenticit\u00e0<span style=\"color: #333333;\"> <a style=\"color: #333333;\" href=\"https:\/\/www.dallantiquario.it\/dipinti-moderni-su-tela\/\" rel=\"nofollow noopener\" target=\"_blank\">NO NAME ART.<\/a><\/span><\/li>\n<\/ul>\n\t\t<\/div>\n\t\t[\/vc_tta_section][\/vc_tta_accordion][\/vc_column][vc_column width=&#8221;1\/2&#8243;][vc_single_image image=&#8221;90819&#8243; img_size=&#8221;full&#8221; alignment=&#8221;center&#8221; onclick=&#8221;link_image&#8221; css=&#8221;.vc_custom_1765832760433{padding-top: 10px !important;padding-right: 10px !important;padding-bottom: 10px !important;padding-left: 10px !important;background-color: #F3F3F3 !important;}&#8221; parallax_scroll=&#8221;no&#8221; woodmart_inline=&#8221;no&#8221;][\/vc_column][\/vc_row][vc_row][vc_column]\n\t\t<div id=\"wd-69406c1f99e26\" class=\"title-wrapper wd-wpb wd-set-mb reset-last-child  wd-rs-69406c1f99e26 wd-title-color-default wd-title-style-default text-center vc_custom_1765829619555 wd-underline-colored\">\n\t\t\t\n\t\t\t<div class=\"liner-continer\">\n\t\t\t\t<h3 class=\"woodmart-title-container title  wd-font-weight-600 wd-fontsize-l\" >Raffinatezza ed Eleganza<br \/>\nNO NAME ART quadri su tela astratti<\/h3>\n\t\t\t\t\t\t\t<\/div>\n\t\t\t\n\t\t\t\n\t\t\t\n\t\t<\/div>\n\t\t\n\t\t\t\t<div id=\"wd-6940864d987f0\" class=\"wd-text-block wd-wpb reset-last-child wd-rs-6940864d987f0 text-left \">\n\t\t\t<p>Il Metafisico M326 \u00e8 una dichiarazione di stile per chiunque ricerchi un <a href=\"https:\/\/www.marinigerardi.it\/shop\/categoria-prodotto\/quadri-moderni\/\"><b>quadro moderno<\/b><\/a> capace di dialogare con l&#8217;architettura circostante.<\/p>\n\t\t<\/div>\n\t\t[\/vc_column][\/vc_row][vc_row css=&#8221;.vc_custom_1764773060468{background-color: #F3F3F3F3 !important;}&#8221; woodmart_css_id=&#8221;69304cdef3f55&#8243; responsive_spacing=&#8221;eyJwYXJhbV90eXBlIjoid29vZG1hcnRfcmVzcG9uc2l2ZV9zcGFjaW5nIiwic2VsZWN0b3JfaWQiOiI2OTMwNGNkZWYzZjU1Iiwic2hvcnRjb2RlIjoidmNfcm93IiwiZGF0YSI6eyJ0YWJsZXQiOnt9LCJtb2JpbGUiOnt9fX0=&#8221; mobile_bg_img_hidden=&#8221;no&#8221; tablet_bg_img_hidden=&#8221;no&#8221; woodmart_parallax=&#8221;0&#8243; woodmart_gradient_switch=&#8221;no&#8221; woodmart_box_shadow=&#8221;no&#8221; wd_z_index=&#8221;no&#8221; woodmart_disable_overflow=&#8221;0&#8243; row_reverse_mobile=&#8221;0&#8243; row_reverse_tablet=&#8221;0&#8243;][vc_column][vc_single_image image=&#8221;90820&#8243; img_size=&#8221;full&#8221; alignment=&#8221;center&#8221; onclick=&#8221;link_image&#8221; css=&#8221;&#8221; parallax_scroll=&#8221;no&#8221; woodmart_inline=&#8221;no&#8221;][\/vc_column][\/vc_row][vc_row][vc_column]\n\t\t<div id=\"wd-69407b3027d1a\" class=\"title-wrapper wd-wpb wd-set-mb reset-last-child  wd-rs-69407b3027d1a wd-title-color-default wd-title-style-default text-center  wd-underline-colored\">\n\t\t\t\n\t\t\t<div class=\"liner-continer\">\n\t\t\t\t<h3 class=\"woodmart-title-container title  wd-font-weight-600 wd-fontsize-l\" >Oltre la Decorazione: Design 100x100 e Suggestioni Materiche<br \/>\nquadri su tela astratti<\/h3>\n\t\t\t\t\t\t\t<\/div>\n\t\t\t\n\t\t\t\n\t\t\t\n\t\t<\/div>\n\t\t\n\t\t[\/vc_column][\/vc_row][vc_row css=&#8221;.vc_custom_1764773060468{background-color: #F3F3F3F3 !important;}&#8221; woodmart_css_id=&#8221;69304cdef3f55&#8243; responsive_spacing=&#8221;eyJwYXJhbV90eXBlIjoid29vZG1hcnRfcmVzcG9uc2l2ZV9zcGFjaW5nIiwic2VsZWN0b3JfaWQiOiI2OTMwNGNkZWYzZjU1Iiwic2hvcnRjb2RlIjoidmNfcm93IiwiZGF0YSI6eyJ0YWJsZXQiOnt9LCJtb2JpbGUiOnt9fX0=&#8221; mobile_bg_img_hidden=&#8221;no&#8221; tablet_bg_img_hidden=&#8221;no&#8221; woodmart_parallax=&#8221;0&#8243; woodmart_gradient_switch=&#8221;no&#8221; woodmart_box_shadow=&#8221;no&#8221; wd_z_index=&#8221;no&#8221; woodmart_disable_overflow=&#8221;0&#8243; row_reverse_mobile=&#8221;0&#8243; row_reverse_tablet=&#8221;0&#8243;][vc_column][vc_single_image image=&#8221;90821&#8243; img_size=&#8221;full&#8221; alignment=&#8221;center&#8221; onclick=&#8221;link_image&#8221; css=&#8221;&#8221; parallax_scroll=&#8221;no&#8221; woodmart_inline=&#8221;no&#8221;][\/vc_column][\/vc_row][vc_row][vc_column]\n\t\t<div id=\"wd-694086abdb3c7\" class=\"title-wrapper wd-wpb wd-set-mb reset-last-child  wd-rs-694086abdb3c7 wd-title-color-default wd-title-style-default text-center  wd-underline-colored\">\n\t\t\t\n\t\t\t<div class=\"liner-continer\">\n\t\t\t\t<h3 class=\"woodmart-title-container title  wd-font-weight-600 wd-fontsize-l\" >quadri su tela astratti<\/h3>\n\t\t\t\t\t\t\t<\/div>\n\t\t\t\n\t\t\t\n\t\t\t\n\t\t<\/div>\n\t\t\n\t\t\t\t<div id=\"wd-69408807cc573\" class=\"wd-text-block wd-wpb reset-last-child wd-rs-69408807cc573 text-left \">\n\t\t\t<p>C&#8217;\u00e8 un confine sottile tra il sogno e la realt\u00e0, ed \u00e8 l\u00ec che risiede il <b>Metafisico M326<\/b>. Firmata NO NAME ART, quest&#8217;opera \u00e8 la risposta per chi non si accontenta del banale e cerca nei <b>quadri su tela astratti<\/b> un significato pi\u00f9 profondo.<br \/>\nOsservalo bene: lo sfondo non \u00e8 piatto, ma vivo. \u00c8 una tempesta silenziosa di grigi e bianchi velati che ricorda un cielo in movimento o la superficie di un pianeta sconosciuto. E proprio al centro di questo flusso caotico, nove cerchi neri impongono la loro presenza. Sono punti fermi, ancore visive che trasformano il disordine in armonia zen.<br \/>\nQuesto 100&#215;100 cm \u00e8 progettato per essere un&#8217;esperienza:<\/p>\n<blockquote><p>\n<i>L&#8217;assenza di cornice non \u00e8 una mancanza, ma una dichiarazione di libert\u00e0: l&#8217;arte deve respirare insieme alla tua casa.<\/i>\n<\/p><\/blockquote>\n<p>Se il tuo obiettivo \u00e8 trasformare il tuo ufficio o il tuo salotto in una galleria privata, scegli l&#8217;unicit\u00e0 di questi <b>quadri su tela astratti<\/b>. Aggiungi il Metafisico M326 alla tua collezione: dove il design incontra l&#8217;infinito.<\/p>\n\t\t<\/div>\n\t\t[\/vc_column][\/vc_row]<\/p>\n<\/div>","protected":false},"excerpt":{"rendered":"<p>Scopri la raffinatezza di <b>NO NAME ART<\/b> con i nostri <b>quadri su tela astratti<\/b>, opere che trasformano il tuo spazio in un viaggio cosmico.. <strong>Pezzo Unico<\/strong><\/p>\n","protected":false},"featured_media":90802,"template":"","meta":[],"product_brand":[],"product_cat":[3933],"product_tag":[],"class_list":{"0":"post-90801","1":"product","2":"type-product","3":"status-publish","4":"has-post-thumbnail","6":"product_cat-quadri-moderni","8":"first","9":"instock","10":"sale","11":"taxable","12":"shipping-taxable","13":"purchasable","14":"product-type-simple"},"_links":{"self":[{"href":"https:\/\/www.marinigerardi.it\/shop\/wp-json\/wp\/v2\/product\/90801","targetHints":{"allow":["GET"]}}],"collection":[{"href":"https:\/\/www.marinigerardi.it\/shop\/wp-json\/wp\/v2\/product"}],"about":[{"href":"https:\/\/www.marinigerardi.it\/shop\/wp-json\/wp\/v2\/types\/product"}],"wp:featuredmedia":[{"embeddable":true,"href":"https:\/\/www.marinigerardi.it\/shop\/wp-json\/wp\/v2\/media\/90802"}],"wp:attachment":[{"href":"https:\/\/www.marinigerardi.it\/shop\/wp-json\/wp\/v2\/media?parent=90801"}],"wp:term":[{"taxonomy":"product_brand","embeddable":true,"href":"https:\/\/www.marinigerardi.it\/shop\/wp-json\/wp\/v2\/product_brand?post=90801"},{"taxonomy":"product_cat","embeddable":true,"href":"https:\/\/www.marinigerardi.it\/shop\/wp-json\/wp\/v2\/product_cat?post=90801"},{"taxonomy":"product_tag","embeddable":true,"href":"https:\/\/www.marinigerardi.it\/shop\/wp-json\/wp\/v2\/product_tag?post=90801"}],"curies":[{"name":"wp","href":"https:\/\/api.w.org\/{rel}","templated":true}]}}