{"id":90345,"date":"2025-12-05T09:17:03","date_gmt":"2025-12-05T09:17:03","guid":{"rendered":"https:\/\/www.marinigerardi.it\/shop\/?post_type=product&#038;p=90345"},"modified":"2026-03-24T18:50:06","modified_gmt":"2026-03-24T18:50:06","slug":"quadri-moderni-particolari","status":"publish","type":"product","link":"https:\/\/www.marinigerardi.it\/shop\/prodotto\/quadri-moderni-particolari\/","title":{"rendered":"Quadri Moderni Particolari: L&#8217;INCONTRO GEOMETRICO (Bronzo\/Argento) 62&#215;70"},"content":{"rendered":"<div class=\"wpb-content-wrapper\"><p>[vc_row][vc_column width=&#8221;1\/2&#8243;]\n\t\t<div id=\"wd-6932fd5fbda8b\" class=\"title-wrapper wd-wpb wd-set-mb reset-last-child  wd-rs-6932fd5fbda8b wd-title-color-default wd-title-style-default text-left  wd-underline-colored\">\n\t\t\t\n\t\t\t<div class=\"liner-continer\">\n\t\t\t\t<h2 class=\"woodmart-title-container title  wd-font-weight- wd-fontsize-l\" >L'Essenza dei Quadri Moderni Particolari: Tra Geometria e Materia<\/h2>\n\t\t\t\t\t\t\t<\/div>\n\t\t\t\n\t\t\t\n\t\t\t\n\t\t<\/div>\n\t\t\n\t\t\t\t<div id=\"wd-693301a3ed609\" class=\"wd-text-block wd-wpb reset-last-child wd-rs-693301a3ed609 text-left \">\n\t\t\t<p>Ci\u00f2 che distingue i veri <a href=\"https:\/\/www.marinigerardi.it\/shop\/prodotto\/quadri-moderni-particolari\/\"><b>quadri moderni particolari<\/b> <\/a>\u00e8 la capacit\u00e0 di creare profondit\u00e0. Qui, il contrasto non \u00e8 solo cromatico, ma tattile. L&#8217;opera sfrutta la ricchezza della materia per creare un dialogo dinamico: la freddezza elegante dell&#8217;argento e del bronzo si scontra con la base organica, rendendo questo pezzo perfetto per ambienti minimalisti, industriali o scandinavi.<br \/>\nQuesta tela \u00e8 una prova della filosofia NO NAME ART: il talento si esprime nella capacit\u00e0 di trasformare la materia in una narrativa<\/p>\n\t\t<\/div>\n\t\t[vc_tta_accordion section_title_tag=&#8221;h3&#8243; active_section=&#8221;&#8221; collapsible_all=&#8221;true&#8221;][vc_tta_section title=&#8221;Info &amp; Scheda Prodotto&#8221; tab_id=&#8221;1774378052966-7d6e725d-ffeb&#8221;]\t\t<div id=\"wd-69c2dc99c66ff\" class=\"wd-text-block wd-wpb reset-last-child wd-rs-69c2dc99c66ff text-left \">\n\t\t\t<ul>\n<li><b>Dimensioni:<\/b> lotto 1 pz. [62 x 70 cm] cornice in legno naturale;<\/li>\n<li><strong>Tecnica mista:<\/strong> Quadri Moderni Particolari \/ Astratto Materico -Base Bianca, frastagliata con effetti d&#8217;ombra e rilievo.<\/li>\n<li><strong>Supporto:<\/strong> Tela in cotone 100% montata su telaio in legno di abete (spessore 3,5 cm.<\/li>\n<li><b>Finitura:<\/b> eventuale Vernice protettiva finale per garantire la durata dei colori nel tempo.<\/li>\n<li><b>Bordi:<\/b> I bordi sono dipinti proseguendo il motivo dell&#8217;opera. <b>Il quadro \u00e8 pronto da appendere<\/b> anche senza cornice (Gallery Wrap).<\/li>\n<li><b>Autenticit\u00e0:<\/b> 1 pz. Unico non riprodotto in serie. Corredato da Certificato di Autenticit\u00e0 <a href=\"https:\/\/www.dallantiquario.it\/dipinti-moderni-su-tela\/\" rel=\"nofollow noopener\" target=\"_blank\">NO NAME ART.<\/a><\/li>\n<\/ul>\n\t\t<\/div>\n\t\t[\/vc_tta_section][\/vc_tta_accordion][\/vc_column][vc_column width=&#8221;1\/2&#8243;][vc_single_image image=&#8221;90350&#8243; img_size=&#8221;full&#8221; alignment=&#8221;center&#8221; onclick=&#8221;link_image&#8221; css=&#8221;.vc_custom_1764938422962{padding-top: 10px !important;padding-right: 10px !important;padding-bottom: 10px !important;padding-left: 10px !important;background-color: #F3F3F3 !important;}&#8221; parallax_scroll=&#8221;no&#8221; woodmart_inline=&#8221;no&#8221;][\/vc_column][\/vc_row][vc_row][vc_column]\n\t\t<div id=\"wd-693300ff458c1\" class=\"title-wrapper wd-wpb wd-set-mb reset-last-child  wd-rs-693300ff458c1 wd-title-color-default wd-title-style-default text-center  wd-underline-colored\">\n\t\t\t\n\t\t\t<div class=\"liner-continer\">\n\t\t\t\t<h3 class=\"woodmart-title-container title  wd-font-weight- wd-fontsize-l\" >Ombre, Rilievi e Base Frastagliata: I Dettagli che Definiscono i Quadri Moderni Particolari<\/h3>\n\t\t\t\t\t\t\t<\/div>\n\t\t\t\n\t\t\t\n\t\t\t\n\t\t<\/div>\n\t\t\n\t\t\t\t<div id=\"wd-6932fdd2cd1c5\" class=\"wd-text-block wd-wpb reset-last-child wd-rs-6932fdd2cd1c5 text-left \">\n\t\t\t<p>La base dell&#8217;opera \u00e8 caratterizzata da un <b>bianco materico e frastagliato<\/b> che nega la piattezza della tela. Questa superficie irregolare crea ombre del terreno che circondano il centro focale, aggiungendo una tridimensionalit\u00e0 rara. A completare l&#8217;opera, una <b>cornice in legno naturale<\/b> che incornicia il caos organizzato della tela, un dettaglio di pregio che eleva questo pezzo nella categoria dei <b>quadri moderni particolari<\/b> di alta manifattura.<\/p>\n\t\t<\/div>\n\t\t[\/vc_column][\/vc_row][vc_row css=&#8221;.vc_custom_1764773060468{background-color: #F3F3F3F3 !important;}&#8221; woodmart_css_id=&#8221;69304cdef3f55&#8243; responsive_spacing=&#8221;eyJwYXJhbV90eXBlIjoid29vZG1hcnRfcmVzcG9uc2l2ZV9zcGFjaW5nIiwic2VsZWN0b3JfaWQiOiI2OTMwNGNkZWYzZjU1Iiwic2hvcnRjb2RlIjoidmNfcm93IiwiZGF0YSI6eyJ0YWJsZXQiOnt9LCJtb2JpbGUiOnt9fX0=&#8221; mobile_bg_img_hidden=&#8221;no&#8221; tablet_bg_img_hidden=&#8221;no&#8221; woodmart_parallax=&#8221;0&#8243; woodmart_gradient_switch=&#8221;no&#8221; woodmart_box_shadow=&#8221;no&#8221; wd_z_index=&#8221;no&#8221; woodmart_disable_overflow=&#8221;0&#8243; row_reverse_mobile=&#8221;0&#8243; row_reverse_tablet=&#8221;0&#8243;][vc_column][vc_single_image image=&#8221;90351&#8243; img_size=&#8221;full&#8221; alignment=&#8221;center&#8221; onclick=&#8221;link_image&#8221; css=&#8221;&#8221; parallax_scroll=&#8221;no&#8221; woodmart_inline=&#8221;no&#8221;][\/vc_column][\/vc_row][vc_row][vc_column]\n\t\t<div id=\"wd-6932fe0317fc3\" class=\"title-wrapper wd-wpb wd-set-mb reset-last-child  wd-rs-6932fe0317fc3 wd-title-color-default wd-title-style-default text-center  wd-underline-colored\">\n\t\t\t\n\t\t\t<div class=\"liner-continer\">\n\t\t\t\t<h3 class=\"woodmart-title-container title  wd-font-weight- wd-fontsize-l\" >Il Design dei Quadri Moderni Particolari: L'Incontro Bronzo e Argento<\/h3>\n\t\t\t\t\t\t\t<\/div>\n\t\t\t\n\t\t\t\n\t\t\t\n\t\t<\/div>\n\t\t\n\t\t[\/vc_column][\/vc_row][vc_row css=&#8221;.vc_custom_1764773060468{background-color: #F3F3F3F3 !important;}&#8221; woodmart_css_id=&#8221;69304cdef3f55&#8243; responsive_spacing=&#8221;eyJwYXJhbV90eXBlIjoid29vZG1hcnRfcmVzcG9uc2l2ZV9zcGFjaW5nIiwic2VsZWN0b3JfaWQiOiI2OTMwNGNkZWYzZjU1Iiwic2hvcnRjb2RlIjoidmNfcm93IiwiZGF0YSI6eyJ0YWJsZXQiOnt9LCJtb2JpbGUiOnt9fX0=&#8221; mobile_bg_img_hidden=&#8221;no&#8221; tablet_bg_img_hidden=&#8221;no&#8221; woodmart_parallax=&#8221;0&#8243; woodmart_gradient_switch=&#8221;no&#8221; woodmart_box_shadow=&#8221;no&#8221; wd_z_index=&#8221;no&#8221; woodmart_disable_overflow=&#8221;0&#8243; row_reverse_mobile=&#8221;0&#8243; row_reverse_tablet=&#8221;0&#8243;][vc_column][vc_single_image image=&#8221;90352&#8243; img_size=&#8221;full&#8221; alignment=&#8221;center&#8221; onclick=&#8221;link_image&#8221; css=&#8221;&#8221; parallax_scroll=&#8221;no&#8221; woodmart_inline=&#8221;no&#8221;][\/vc_column][\/vc_row][vc_row][vc_column]\t\t<div id=\"wd-6932fe355168b\" class=\"wd-text-block wd-wpb reset-last-child wd-rs-6932fe355168b text-left \">\n\t\t\t<p data-path-to-node=\"17\">Al centro della composizione, un <b>cerchio color argento<\/b> avvolge e integra l&#8217;obiettivo cromatico principale: un nucleo <b>color bronzo<\/b>. L&#8217;intersezione \u00e8 segnata da due linee nette color bronzo che si incrociano, aggiungendo rigore e movimento. La finitura metallica cattura la luce, cambiando aspetto durante il giorno e confermando l&#8217;unicit\u00e0 di questi <b>quadri moderni particolari<\/b>.<\/p>\n\t\t<\/div>\n\t\t[\/vc_column][\/vc_row]<\/p>\n<\/div>","protected":false},"excerpt":{"rendered":"<p><b>L&#8217;INCONTRO GEOMETRICO<\/b> \u00e8 un&#8217;opera materica che fonde rigore e texture. Un cerchio color bronzo si integra in un alone argento, intersecati da linee nette su una base bianca frastagliata. L&#8217;opera, di dimensioni 62&#215;70 cm, \u00e8 completata da una cornice in legno naturale che ne esalta l&#8217;eleganza.<strong> Pezzo Unico<\/strong><\/p>\n","protected":false},"featured_media":90349,"template":"","meta":[],"product_brand":[],"product_cat":[3933],"product_tag":[],"class_list":{"0":"post-90345","1":"product","2":"type-product","3":"status-publish","4":"has-post-thumbnail","6":"product_cat-quadri-moderni","8":"first","9":"instock","10":"sale","11":"taxable","12":"shipping-taxable","13":"purchasable","14":"product-type-simple"},"_links":{"self":[{"href":"https:\/\/www.marinigerardi.it\/shop\/wp-json\/wp\/v2\/product\/90345","targetHints":{"allow":["GET"]}}],"collection":[{"href":"https:\/\/www.marinigerardi.it\/shop\/wp-json\/wp\/v2\/product"}],"about":[{"href":"https:\/\/www.marinigerardi.it\/shop\/wp-json\/wp\/v2\/types\/product"}],"wp:featuredmedia":[{"embeddable":true,"href":"https:\/\/www.marinigerardi.it\/shop\/wp-json\/wp\/v2\/media\/90349"}],"wp:attachment":[{"href":"https:\/\/www.marinigerardi.it\/shop\/wp-json\/wp\/v2\/media?parent=90345"}],"wp:term":[{"taxonomy":"product_brand","embeddable":true,"href":"https:\/\/www.marinigerardi.it\/shop\/wp-json\/wp\/v2\/product_brand?post=90345"},{"taxonomy":"product_cat","embeddable":true,"href":"https:\/\/www.marinigerardi.it\/shop\/wp-json\/wp\/v2\/product_cat?post=90345"},{"taxonomy":"product_tag","embeddable":true,"href":"https:\/\/www.marinigerardi.it\/shop\/wp-json\/wp\/v2\/product_tag?post=90345"}],"curies":[{"name":"wp","href":"https:\/\/api.w.org\/{rel}","templated":true}]}}