{"id":90326,"date":"2025-12-04T18:04:06","date_gmt":"2025-12-04T18:04:06","guid":{"rendered":"https:\/\/www.marinigerardi.it\/shop\/?post_type=product&#038;p=90326"},"modified":"2026-03-24T18:51:37","modified_gmt":"2026-03-24T18:51:37","slug":"quadri-moderni-su-tela","status":"publish","type":"product","link":"https:\/\/www.marinigerardi.it\/shop\/prodotto\/quadri-moderni-su-tela\/","title":{"rendered":"Quadri Moderni su Tela: IL METAFISICO MK256 &#8211; 2 pz. in Nero e Rosso"},"content":{"rendered":"<div class=\"wpb-content-wrapper\"><p>[vc_row][vc_column width=&#8221;1\/2&#8243;]\n\t\t<div id=\"wd-693d7211d8ce0\" class=\"title-wrapper wd-wpb wd-set-mb reset-last-child  wd-rs-693d7211d8ce0 wd-title-color-default wd-title-style-default text-left  wd-underline-colored\">\n\t\t\t\n\t\t\t<div class=\"liner-continer\">\n\t\t\t\t<h2 class=\"woodmart-title-container title  wd-font-weight- wd-fontsize-l\" >L'Impatto Emozionale dei nostri Quadri Moderni su tela: IL METAFISICO MK256 e la Potenza del Contrasto.<\/h2>\n\t\t\t\t\t\t\t<\/div>\n\t\t\t\n\t\t\t\n\t\t\t\n\t\t<\/div>\n\t\t\n\t\t\t\t<div id=\"wd-6931f7cadb069\" class=\"wd-text-block wd-wpb reset-last-child wd-rs-6931f7cadb069 text-left \">\n\t\t\t<p>IL METAFISICO non \u00e8 solo arte astratta, \u00e8 un&#8217;esperienza emotiva. L&#8217;artista ha sapientemente sfruttato le profondit\u00e0 del nero e del grigio per creare uno sfondo che evoca l&#8217;<b>inquietudine sublime di un cielo temporalesco<\/b>, o forse, la vastit\u00e0 inesplorata dell&#8217;inconscio.<br \/>\nQuesta tela \u00e8 una prova della filosofia NO NAME ART: il talento si esprime nella capacit\u00e0 di trasformare la materia in una narrativa<\/p>\n\t\t<\/div>\n\t\t[vc_tta_accordion section_title_tag=&#8221;h3&#8243; active_section=&#8221;&#8221; collapsible_all=&#8221;true&#8221;][vc_tta_section title=&#8221;Info &amp; Scheda Prodotto&#8221; tab_id=&#8221;1774378223865-21754d2e-b5da&#8221;]\t\t<div id=\"wd-69c2dd0eb3958\" class=\"wd-text-block wd-wpb reset-last-child wd-rs-69c2dd0eb3958 text-left \">\n\t\t\t<ul>\n<li><b>Dimensioni:<\/b> lotto 2 pz. [50 x 70 cm + 70 x 100 cm] cornice in legno naturale;<\/li>\n<li><strong>Quadri moderni Tecnica mista:<\/strong> Materico + Acrilico<\/li>\n<li><strong>Supporto:<\/strong> Tela in cotone 100% montata su telaio in legno di abete (spessore 3,5 cm.<\/li>\n<li><b>Finitura:<\/b> eventuale Vernice protettiva finale per garantire la durata dei colori nel tempo.<\/li>\n<li><b>Bordi:<\/b> I bordi sono dipinti proseguendo il motivo dell&#8217;opera. <b>Il quadro \u00e8 pronto da appendere<\/b> anche senza cornice (Gallery Wrap).<\/li>\n<li><b>Autenticit\u00e0:<\/b> lotto da 2 pz. Unici non riprodotti in serie. Corredati da Certificato di Autenticit\u00e0 <a href=\"https:\/\/www.dallantiquario.it\/dipinti-moderni-su-tela\/\" rel=\"nofollow noopener\" target=\"_blank\">NO NAME ART.<\/a><\/li>\n<\/ul>\n\t\t<\/div>\n\t\t[\/vc_tta_section][\/vc_tta_accordion][\/vc_column][vc_column width=&#8221;1\/2&#8243;][vc_single_image image=&#8221;90331&#8243; img_size=&#8221;full&#8221; alignment=&#8221;center&#8221; onclick=&#8221;link_image&#8221; css=&#8221;.vc_custom_1764872878547{padding-top: 10px !important;padding-right: 10px !important;padding-bottom: 10px !important;padding-left: 10px !important;background-color: #F3F3F3 !important;}&#8221; parallax_scroll=&#8221;no&#8221; woodmart_inline=&#8221;no&#8221;][\/vc_column][\/vc_row][vc_row][vc_column]\n\t\t<div id=\"wd-6932a68e35d65\" class=\"title-wrapper wd-wpb wd-set-mb reset-last-child  wd-rs-6932a68e35d65 wd-title-color-default wd-title-style-default text-center  wd-underline-colored\">\n\t\t\t\n\t\t\t<div class=\"liner-continer\">\n\t\t\t\t<h3 class=\"woodmart-title-container title  wd-font-weight- wd-fontsize-l\" >Quadri Moderni su tela: Nero, Grigio e il Sogno \u2013 Il Linguaggio del Temporale<\/h3>\n\t\t\t\t\t\t\t<\/div>\n\t\t\t\n\t\t\t\n\t\t\t\n\t\t<\/div>\n\t\t\n\t\t\t\t<div id=\"wd-6931f7a77a905\" class=\"wd-text-block wd-wpb reset-last-child wd-rs-6931f7a77a905 text-left \">\n\t\t\t<p>La prevalenza del nero e delle sfumature di grigio crea una base drammatica e profonda, donando alla stanza un senso di <b>sofisticatezza quasi gotica<\/b>. L&#8217;effetto &#8220;nuvola temporalesca&#8221; non solo aggiunge texture, ma stabilisce una tensione visiva che prepara lo spettatore al momento culminante dell&#8217;opera.<br \/>\nLa coppia di quadri \u00e8 pensata per essere esposta insieme, creando una continuit\u00e0 visiva che moltiplica l&#8217;impatto scenico.<\/p>\n\t\t<\/div>\n\t\t[\/vc_column][\/vc_row][vc_row css=&#8221;.vc_custom_1764773060468{background-color: #F3F3F3F3 !important;}&#8221; woodmart_css_id=&#8221;69304cdef3f55&#8243; responsive_spacing=&#8221;eyJwYXJhbV90eXBlIjoid29vZG1hcnRfcmVzcG9uc2l2ZV9zcGFjaW5nIiwic2VsZWN0b3JfaWQiOiI2OTMwNGNkZWYzZjU1Iiwic2hvcnRjb2RlIjoidmNfcm93IiwiZGF0YSI6eyJ0YWJsZXQiOnt9LCJtb2JpbGUiOnt9fX0=&#8221; mobile_bg_img_hidden=&#8221;no&#8221; tablet_bg_img_hidden=&#8221;no&#8221; woodmart_parallax=&#8221;0&#8243; woodmart_gradient_switch=&#8221;no&#8221; woodmart_box_shadow=&#8221;no&#8221; wd_z_index=&#8221;no&#8221; woodmart_disable_overflow=&#8221;0&#8243; row_reverse_mobile=&#8221;0&#8243; row_reverse_tablet=&#8221;0&#8243;][vc_column][vc_single_image image=&#8221;90328&#8243; img_size=&#8221;full&#8221; alignment=&#8221;center&#8221; onclick=&#8221;link_image&#8221; css=&#8221;&#8221; parallax_scroll=&#8221;no&#8221; woodmart_inline=&#8221;no&#8221;][\/vc_column][\/vc_row][vc_row][vc_column]\n\t\t<div id=\"wd-6932a69fb97c3\" class=\"title-wrapper wd-wpb wd-set-mb reset-last-child  wd-rs-6932a69fb97c3 wd-title-color-default wd-title-style-default text-center  wd-underline-colored\">\n\t\t\t\n\t\t\t<div class=\"liner-continer\">\n\t\t\t\t<h3 class=\"woodmart-title-container title  wd-font-weight- wd-fontsize-l\" >I Tre Elementi Rossi: Oltre l'Onirico, Verso il Metafisico (per Quadri Moderni) su tela<\/h3>\n\t\t\t\t\t\t\t<\/div>\n\t\t\t\n\t\t\t\n\t\t\t\n\t\t<\/div>\n\t\t\n\t\t[\/vc_column][\/vc_row][vc_row css=&#8221;.vc_custom_1764773060468{background-color: #F3F3F3F3 !important;}&#8221; woodmart_css_id=&#8221;69304cdef3f55&#8243; responsive_spacing=&#8221;eyJwYXJhbV90eXBlIjoid29vZG1hcnRfcmVzcG9uc2l2ZV9zcGFjaW5nIiwic2VsZWN0b3JfaWQiOiI2OTMwNGNkZWYzZjU1Iiwic2hvcnRjb2RlIjoidmNfcm93IiwiZGF0YSI6eyJ0YWJsZXQiOnt9LCJtb2JpbGUiOnt9fX0=&#8221; mobile_bg_img_hidden=&#8221;no&#8221; tablet_bg_img_hidden=&#8221;no&#8221; woodmart_parallax=&#8221;0&#8243; woodmart_gradient_switch=&#8221;no&#8221; woodmart_box_shadow=&#8221;no&#8221; wd_z_index=&#8221;no&#8221; woodmart_disable_overflow=&#8221;0&#8243; row_reverse_mobile=&#8221;0&#8243; row_reverse_tablet=&#8221;0&#8243;][vc_column][vc_single_image image=&#8221;90346&#8243; img_size=&#8221;full&#8221; alignment=&#8221;center&#8221; onclick=&#8221;link_image&#8221; css=&#8221;&#8221; parallax_scroll=&#8221;no&#8221; woodmart_inline=&#8221;no&#8221;][\/vc_column][\/vc_row][vc_row][vc_column]\t\t<div id=\"wd-6931fc95f01a8\" class=\"wd-text-block wd-wpb reset-last-child wd-rs-6931fc95f01a8 text-left \">\n\t\t\t<p>\u00c8 il rosso ad essere il vero protagonista. I <b>tre elementi onirici o metafisici<\/b> di questo colore agiscono come ancore di significato. Sono un&#8217;interruzione violenta e vitale, che suggerisce passione, pericolo o la presenza di una dimensione nascosta.<br \/>\nPosizionati al lotto, questi punti focali rossi guidano l&#8217;occhio attraverso il caos, trasformando l&#8217;oscurit\u00e0 in un&#8217;opera di intrigante e inesplicabile bellezza.<\/p>\n\t\t<\/div>\n\t\t[\/vc_column][\/vc_row]<\/p>\n<\/div>","protected":false},"excerpt":{"rendered":"<p>Benvenuti nella dimensione dell&#8217;ignoto. <b>IL METAFISICO<\/b> \u00e8 una coppia di opere che trascende il concetto di semplice decorazione, offrendo una potente dichiarazione di stile.. <strong>Unico Lotto da 2 pz. Unici 50&#215;70 + 70&#215;100<br \/>\n<b>Questi <a href=\"https:\/\/www.marinigerardi.it\/shop\/prodotto\/quadri-moderni\/\">quadri moderni su tela <\/a><\/b><\/strong>sono pensati per chi desidera un arredamento dal carattere deciso. La forza drammatica del nero e del grigio si scontra con il mistero di tre elementi rossi, creando un punto focale magnetico e inaspettato in ogni stanza.<\/p>\n","protected":false},"featured_media":90327,"template":"","meta":[],"product_brand":[],"product_cat":[3933],"product_tag":[],"class_list":{"0":"post-90326","1":"product","2":"type-product","3":"status-publish","4":"has-post-thumbnail","6":"product_cat-quadri-moderni","8":"first","9":"instock","10":"sale","11":"taxable","12":"shipping-taxable","13":"purchasable","14":"product-type-simple"},"_links":{"self":[{"href":"https:\/\/www.marinigerardi.it\/shop\/wp-json\/wp\/v2\/product\/90326","targetHints":{"allow":["GET"]}}],"collection":[{"href":"https:\/\/www.marinigerardi.it\/shop\/wp-json\/wp\/v2\/product"}],"about":[{"href":"https:\/\/www.marinigerardi.it\/shop\/wp-json\/wp\/v2\/types\/product"}],"wp:featuredmedia":[{"embeddable":true,"href":"https:\/\/www.marinigerardi.it\/shop\/wp-json\/wp\/v2\/media\/90327"}],"wp:attachment":[{"href":"https:\/\/www.marinigerardi.it\/shop\/wp-json\/wp\/v2\/media?parent=90326"}],"wp:term":[{"taxonomy":"product_brand","embeddable":true,"href":"https:\/\/www.marinigerardi.it\/shop\/wp-json\/wp\/v2\/product_brand?post=90326"},{"taxonomy":"product_cat","embeddable":true,"href":"https:\/\/www.marinigerardi.it\/shop\/wp-json\/wp\/v2\/product_cat?post=90326"},{"taxonomy":"product_tag","embeddable":true,"href":"https:\/\/www.marinigerardi.it\/shop\/wp-json\/wp\/v2\/product_tag?post=90326"}],"curies":[{"name":"wp","href":"https:\/\/api.w.org\/{rel}","templated":true}]}}