{"id":8912,"date":"2021-02-04T07:15:58","date_gmt":"2021-02-04T07:15:58","guid":{"rendered":"https:\/\/marinigerardi.it\/shop\/?post_type=product&#038;p=8912"},"modified":"2026-01-23T10:32:39","modified_gmt":"2026-01-23T10:32:39","slug":"tessuti-per-tende-interni","status":"publish","type":"product","link":"https:\/\/www.marinigerardi.it\/shop\/prodotto\/tessuti-per-tende-interni\/","title":{"rendered":"LA TARANTA &#8211; Tessuti per Tende interni in Lino Stropicciato"},"content":{"rendered":"<div class=\"wpb-content-wrapper\"><p>[vc_row equal_height=&#8221;yes&#8221; mobile_bg_img_hidden=&#8221;no&#8221; tablet_bg_img_hidden=&#8221;no&#8221; woodmart_parallax=&#8221;0&#8243; woodmart_gradient_switch=&#8221;no&#8221; row_reverse_mobile=&#8221;0&#8243; row_reverse_tablet=&#8221;0&#8243; woodmart_disable_overflow=&#8221;0&#8243;][vc_column offset=&#8221;vc_col-lg-6 vc_col-md-6&#8243; mobile_bg_img_hidden=&#8221;no&#8221; tablet_bg_img_hidden=&#8221;no&#8221; woodmart_parallax=&#8221;0&#8243; woodmart_sticky_column=&#8221;false&#8221; parallax_scroll=&#8221;no&#8221; mobile_reset_margin=&#8221;no&#8221; tablet_reset_margin=&#8221;no&#8221; css=&#8221;.vc_custom_1613071403480{margin-top: 0px !important;}&#8221;]\n\t\t<div id=\"wd-69734cf6c24ab\" class=\"title-wrapper wd-wpb wd-set-mb reset-last-child  wd-rs-69734cf6c24ab wd-title-color-primary wd-title-style-bordered text-left vc_custom_1769164025935 wd-underline-colored\">\n\t\t\t\n\t\t\t<div class=\"liner-continer\">\n\t\t\t\t<h2 class=\"woodmart-title-container title  wd-font-weight- wd-fontsize-l\" >Tessuti per Tende interni in Lino Stropicciato per ambienti indimenticabili. LA TARANTA \u00e8 ITALIANA -<\/h2>\n\t\t\t\t\t\t\t<\/div>\n\t\t\t\n\t\t\t\n\t\t\t\n\t\t<\/div>\n\t\t\n\t\t[vc_column_text woodmart_inline=&#8221;no&#8221; text_larger=&#8221;no&#8221;]<\/p>\n<p style=\"text-align: justify;\">Un Tessuto straordinariamente bello da vedere e da toccare, semplicemente fantastico per Tende. Trama fitta ben strutturata con finitura rasata per una morbida, piacevole sensazione al tatto. Tessuto MASTERS OF LINEN\u00ae \u00e8 un\u2019etichetta che raccoglie e promuove le aziende tessili europee coinvolte in una filiera di eccellenza. Il cuore \u00e8 un sistema di tracciabilit\u00e0 di 100% lino coltivato su suolo europeo garantendone il pregio e l\u2019elevato valore aggiunto.<\/p>\n<p>[\/vc_column_text][vc_tta_accordion title_tag=&#8221;h3&#8243; section_title_tag=&#8221;h3&#8243; active_section=&#8221;&#8221; collapsible_all=&#8221;true&#8221;][vc_tta_section title=&#8221;Info &amp; Scheda Prodotto&#8221; tab_id=&#8221;1769163689725-10ed4920-1f8a&#8221;]\t\t<div id=\"wd-69734bb58cd9d\" class=\"wd-text-block wd-wpb reset-last-child wd-rs-69734bb58cd9d text-left \">\n\t\t\t<ul>\n<li>Tessuto LINO STROPICCIATO;<\/li>\n<li>Peso: gr.342 ml.<\/li>\n<li>Altezza: h. 310 cm.<\/li>\n<\/ul>\n<p><strong>Minimo acquisto 1 m.<\/strong>, se avete necessit\u00e0 di aiuto contattateci all&#8217; indirizzo mail <strong>assistenza@marinigerardi.it<\/strong><\/p>\n\t\t<\/div>\n\t\t[\/vc_tta_section][\/vc_tta_accordion]<div id=\"wd-69734b9a9d0e8\" class=\" wd-rs-69734b9a9d0e8  wd-button-wrapper text-left\"><a href=\"https:\/\/www.marinigerardi.it\/shop\/guida-come-calcolare-il-metraggio-dei-tessuti\/\" title=\"Guida Come Calcolare il Metraggio dei Tessuti\" target=\"_blank\" class=\"btn btn-style-default btn-shape-rectangle btn-size-default\">Guida Come Calcolare il Metraggio dei Tessuti<\/a><\/div>[\/vc_column][vc_column css=&#8221;.vc_custom_1612434787067{background-position: center !important;background-repeat: no-repeat !important;background-size: cover !important;}&#8221; offset=&#8221;vc_col-lg-6 vc_col-md-6&#8243; mobile_bg_img_hidden=&#8221;no&#8221; tablet_bg_img_hidden=&#8221;no&#8221; woodmart_parallax=&#8221;0&#8243; woodmart_sticky_column=&#8221;false&#8221; parallax_scroll=&#8221;no&#8221; mobile_reset_margin=&#8221;no&#8221; tablet_reset_margin=&#8221;no&#8221;][vc_single_image image=&#8221;12645&#8243; img_size=&#8221;large&#8221; alignment=&#8221;center&#8221; style=&#8221;vc_box_shadow&#8221; onclick=&#8221;link_image&#8221; woodmart_inline=&#8221;no&#8221; parallax_scroll=&#8221;no&#8221;][\/vc_column][\/vc_row][vc_row][vc_column][vc_text_separator title=&#8221;&#8221; css=&#8221;.vc_custom_1769163780719{margin-top: 20px !important;}&#8221;]\n\t\t<div id=\"wd-69734cd5e1324\" class=\"title-wrapper wd-wpb wd-set-mb reset-last-child  wd-rs-69734cd5e1324 wd-title-color-primary wd-title-style-underlined text-center justify  wd-underline-colored\">\n\t\t\t\n\t\t\t<div class=\"liner-continer\">\n\t\t\t\t<h3 class=\"woodmart-title-container title  wd-font-weight- wd-fontsize-l\" >LA TARANTA Tessuti per Tende interni in Lino effetto Stropicciato: Esclusivit\u00e0 e raffinatezza.<\/h3>\n\t\t\t\t\t\t\t<\/div>\n\t\t\t\n\t\t\t\t\t\t\t<div class=\"title-after_title reset-last-child  wd-fontsize-xs\">Puro Lino 100%, tinto in filo: ogni tonalit\u00e0, una bellezza unica.<\/div>\n\t\t\t\n\t\t\t\n\t\t<\/div>\n\t\t\n\t\t[\/vc_column][\/vc_row][vc_row content_placement=&#8221;middle&#8221; woodmart_bg_position=&#8221;center-bottom&#8221; css=&#8221;.vc_custom_1769164335538{background-color: #F3F3F3F3 !important;background-position: 0 0 !important;background-repeat: no-repeat !important;}&#8221; el_class=&#8221;mobile-bg-img-hidden&#8221; mobile_bg_img_hidden=&#8221;no&#8221; tablet_bg_img_hidden=&#8221;no&#8221; woodmart_parallax=&#8221;0&#8243; woodmart_gradient_switch=&#8221;no&#8221; row_reverse_mobile=&#8221;0&#8243; row_reverse_tablet=&#8221;0&#8243; woodmart_disable_overflow=&#8221;0&#8243; woodmart_css_id=&#8221;69734ddaa9401&#8243; responsive_spacing=&#8221;eyJwYXJhbV90eXBlIjoid29vZG1hcnRfcmVzcG9uc2l2ZV9zcGFjaW5nIiwic2VsZWN0b3JfaWQiOiI2OTczNGRkYWE5NDAxIiwic2hvcnRjb2RlIjoidmNfcm93IiwiZGF0YSI6eyJ0YWJsZXQiOnt9LCJtb2JpbGUiOnt9fX0=&#8221; woodmart_box_shadow=&#8221;no&#8221; wd_z_index=&#8221;no&#8221;][vc_column width=&#8221;1\/2&#8243; mobile_bg_img_hidden=&#8221;no&#8221; tablet_bg_img_hidden=&#8221;no&#8221; woodmart_parallax=&#8221;0&#8243; woodmart_sticky_column=&#8221;false&#8221; parallax_scroll=&#8221;no&#8221; mobile_reset_margin=&#8221;no&#8221; tablet_reset_margin=&#8221;no&#8221;][vc_single_image image=&#8221;12653&#8243; img_size=&#8221;large&#8221; alignment=&#8221;center&#8221; onclick=&#8221;link_image&#8221; css=&#8221;&#8221; parallax_scroll=&#8221;no&#8221; woodmart_inline=&#8221;no&#8221;][\/vc_column][vc_column width=&#8221;1\/2&#8243;][vc_single_image image=&#8221;12654&#8243; img_size=&#8221;large&#8221; alignment=&#8221;center&#8221; onclick=&#8221;link_image&#8221; css=&#8221;&#8221; parallax_scroll=&#8221;no&#8221; woodmart_inline=&#8221;no&#8221;][\/vc_column][\/vc_row][vc_row][vc_column]\n\t\t<div id=\"wd-69734cc55824e\" class=\"title-wrapper wd-wpb wd-set-mb reset-last-child  wd-rs-69734cc55824e wd-title-color-default wd-title-style-default text-left  wd-underline-colored\">\n\t\t\t\n\t\t\t<div class=\"liner-continer\">\n\t\t\t\t<h3 class=\"woodmart-title-container title  wd-font-weight- wd-fontsize-l\" >Tessuti per Tende interni in Lino<\/h3>\n\t\t\t\t\t\t\t<\/div>\n\t\t\t\n\t\t\t\n\t\t\t\n\t\t<\/div>\n\t\t\n\t\t[vc_column_text css=&#8221;.vc_custom_1725442115183{padding-right: 10px !important;}&#8221; text_larger=&#8221;no&#8221; woodmart_inline=&#8221;no&#8221;]<\/p>\n<p style=\"text-align: justify;\"><strong>Benvenuti nel magico mondo dei nostri Tessuti per Arredamento<\/strong> in Puro Lino Stropicciato, un importante prodotto italiano che dona sofisticatezza e colori unici ai tuoi tendaggi. La qualit\u00e0 dei nostri tessuti \u00e8 insuperabile, ideale per creare tende e tendaggi di grande personalit\u00e0 e invitarti a un caldo abbraccio di semplicit\u00e0.<br \/>\n<strong>Siamo convinti che l&#8217;aspetto delle cose possa variare secondo le emozioni,<\/strong> e cos\u00ec noi vediamo magia e bellezza nei nostri tessuti. Ma la vera magia e bellezza risiedono in ognuno di noi. La nuova stagione porta un NEW LOOK e puoi fidarti di noi per accompagnarti nel tuo percorso di decorazione.<br \/>\n<strong>Non importa quanto grande sia la tua casa,<\/strong> essa rimane sempre la tua piccola oasi di pace in una citt\u00e0 frenetica. Le nostre stoffe in lino e le tende portano stile, buon umore e un pizzico di novit\u00e0 in ogni spazio. Ogni tessuto \u00e8 il risultato di una lunga tradizione e di una cura amorevole nella ricerca della qualit\u00e0 e del design.<br \/>\n<strong>La tua casa, le tue stanze, ci stanno aspettando a braccia aperte!<\/strong> Vogliamo aiutarti senza inutili promesse o compromessi, offrendoti solo il meglio. Lasciati avvolgere dalla bellezza dei nostri tessuti in lino stropicciato e trasforma ogni angolo della tua casa in un luogo unico e accogliente.<br \/>\n<strong>Il fascino del lino stropicciato e la maestria del prodotto italiano si incontrano<\/strong> per dare vita a tendaggi sofisticati e avvolgenti. Scegli i nostri tessuti per finestre e tende per regalare alla tua casa uno stile senza tempo, fatto di amore per i dettagli e ricerca della perfezione.<\/p>\n<p>[\/vc_column_text][\/vc_column][\/vc_row][vc_row content_placement=&#8221;middle&#8221; woodmart_bg_position=&#8221;center-bottom&#8221; css=&#8221;.vc_custom_1769164350429{background-color: #F3F3F3F3 !important;background-position: 0 0 !important;background-repeat: no-repeat !important;}&#8221; el_class=&#8221;mobile-bg-img-hidden&#8221; mobile_bg_img_hidden=&#8221;no&#8221; tablet_bg_img_hidden=&#8221;no&#8221; woodmart_parallax=&#8221;0&#8243; woodmart_gradient_switch=&#8221;no&#8221; row_reverse_mobile=&#8221;0&#8243; row_reverse_tablet=&#8221;0&#8243; woodmart_disable_overflow=&#8221;0&#8243; woodmart_css_id=&#8221;69734e3637f5d&#8221; responsive_spacing=&#8221;eyJwYXJhbV90eXBlIjoid29vZG1hcnRfcmVzcG9uc2l2ZV9zcGFjaW5nIiwic2VsZWN0b3JfaWQiOiI2OTczNGUzNjM3ZjVkIiwic2hvcnRjb2RlIjoidmNfcm93IiwiZGF0YSI6eyJ0YWJsZXQiOnt9LCJtb2JpbGUiOnt9fX0=&#8221; woodmart_box_shadow=&#8221;no&#8221; wd_z_index=&#8221;no&#8221;][vc_column mobile_bg_img_hidden=&#8221;no&#8221; tablet_bg_img_hidden=&#8221;no&#8221; woodmart_parallax=&#8221;0&#8243; woodmart_sticky_column=&#8221;false&#8221; parallax_scroll=&#8221;no&#8221; mobile_reset_margin=&#8221;no&#8221; tablet_reset_margin=&#8221;no&#8221;][vc_single_image image=&#8221;11055&#8243; img_size=&#8221;full&#8221; alignment=&#8221;center&#8221; onclick=&#8221;link_image&#8221; css=&#8221;&#8221; parallax_scroll=&#8221;no&#8221; woodmart_inline=&#8221;no&#8221;][\/vc_column][\/vc_row][vc_row][vc_column]\n\t\t<div id=\"wd-672f38da82b25\" class=\"title-wrapper wd-wpb wd-set-mb reset-last-child  wd-rs-672f38da82b25 wd-title-color-default wd-title-style-default text-left  wd-underline-colored\">\n\t\t\t\n\t\t\t<div class=\"liner-continer\">\n\t\t\t\t<h4 class=\"woodmart-title-container title  wd-font-weight- wd-fontsize-l\" >Tessuti per Tende interni in Lino<\/h4>\n\t\t\t\t\t\t\t<\/div>\n\t\t\t\n\t\t\t\n\t\t\t\n\t\t<\/div>\n\t\t\n\t\t[vc_message message_box_style=&#8221;outline&#8221; message_box_color=&#8221;mulled_wine&#8221; css=&#8221;&#8221;]<strong>Marini&amp;Gerardi \u00e8 il tuo compagno di fiducia nella creazione di un ambiente che rispecchi la tua personalit\u00e0<\/strong> e ti faccia sentire la tua casa, bella ogni giorno. Lasciati ispirare dalla bellezza del lino stropicciato e scopri la magia che esso pu\u00f2 portare nella tua vita. La tua casa merita solo il meglio, e noi siamo qui per consegnartelo.[\/vc_message][\/vc_column][\/vc_row]<\/p>\n<\/div>","protected":false},"excerpt":{"rendered":"<p style=\"text-align: justify;\"><span style=\"color: #000000;\"><strong>LA TARANTA: La perfezione tessile per ambienti esclusivi. Tessuti per Tende interni in Lino<\/strong>\u00a0100% di altissima qualit\u00e0 . Tessuto che ti sorprender\u00e0, pura poesia per Tende e Tendaggi in lino stropicciato tinto in filo &#8211; Marini &amp; Gerardi<br \/>\n<\/span><\/p>\n","protected":false},"featured_media":12597,"template":"","meta":[],"product_brand":[],"product_cat":[1515,3588,284,3051,3583,287],"product_tag":[290],"class_list":{"0":"post-8912","1":"product","2":"type-product","3":"status-publish","4":"has-post-thumbnail","6":"product_cat-lino-per-tende","7":"product_cat-stoffe-online","8":"product_cat-tessuti","9":"product_cat-tessuti-di-lino","10":"product_cat-tessuti-per-la-casa","11":"product_cat-tessuti-per-tende","12":"product_tag-tessuti-per-tende-in-lino","14":"first","15":"instock","16":"sale","17":"taxable","18":"shipping-taxable","19":"purchasable","20":"product-type-simple"},"_links":{"self":[{"href":"https:\/\/www.marinigerardi.it\/shop\/wp-json\/wp\/v2\/product\/8912","targetHints":{"allow":["GET"]}}],"collection":[{"href":"https:\/\/www.marinigerardi.it\/shop\/wp-json\/wp\/v2\/product"}],"about":[{"href":"https:\/\/www.marinigerardi.it\/shop\/wp-json\/wp\/v2\/types\/product"}],"wp:featuredmedia":[{"embeddable":true,"href":"https:\/\/www.marinigerardi.it\/shop\/wp-json\/wp\/v2\/media\/12597"}],"wp:attachment":[{"href":"https:\/\/www.marinigerardi.it\/shop\/wp-json\/wp\/v2\/media?parent=8912"}],"wp:term":[{"taxonomy":"product_brand","embeddable":true,"href":"https:\/\/www.marinigerardi.it\/shop\/wp-json\/wp\/v2\/product_brand?post=8912"},{"taxonomy":"product_cat","embeddable":true,"href":"https:\/\/www.marinigerardi.it\/shop\/wp-json\/wp\/v2\/product_cat?post=8912"},{"taxonomy":"product_tag","embeddable":true,"href":"https:\/\/www.marinigerardi.it\/shop\/wp-json\/wp\/v2\/product_tag?post=8912"}],"curies":[{"name":"wp","href":"https:\/\/api.w.org\/{rel}","templated":true}]}}