{"id":8702,"date":"2021-01-28T10:56:40","date_gmt":"2021-01-28T10:56:40","guid":{"rendered":"https:\/\/marinigerardi.it\/shop\/product\/import-placeholder-for-25562\/"},"modified":"2025-12-21T01:16:13","modified_gmt":"2025-12-21T01:16:13","slug":"barcellona-tovaglie-moderne-eleganti","status":"publish","type":"product","link":"https:\/\/www.marinigerardi.it\/shop\/prodotto\/barcellona-tovaglie-moderne-eleganti\/","title":{"rendered":"BARCELLONA &#8211; Tovaglie Moderne Eleganti in Lino da 160"},"content":{"rendered":"<div class=\"wpb-content-wrapper\"><p>[vc_row equal_height=&#8221;yes&#8221; mobile_bg_img_hidden=&#8221;no&#8221; tablet_bg_img_hidden=&#8221;no&#8221; woodmart_parallax=&#8221;0&#8243; woodmart_gradient_switch=&#8221;no&#8221; row_reverse_mobile=&#8221;0&#8243; row_reverse_tablet=&#8221;0&#8243; woodmart_disable_overflow=&#8221;0&#8243;][vc_column offset=&#8221;vc_col-lg-6 vc_col-md-6&#8243; mobile_bg_img_hidden=&#8221;no&#8221; tablet_bg_img_hidden=&#8221;no&#8221; woodmart_parallax=&#8221;0&#8243; woodmart_sticky_column=&#8221;false&#8221; parallax_scroll=&#8221;no&#8221; mobile_reset_margin=&#8221;no&#8221; tablet_reset_margin=&#8221;no&#8221; css=&#8221;.vc_custom_1613071403480{margin-top: 0px !important;}&#8221;]\n\t\t<div id=\"wd-694749e3db03e\" class=\"title-wrapper wd-wpb wd-set-mb reset-last-child  wd-rs-694749e3db03e wd-title-color-primary wd-title-style-bordered text-left vc_custom_1766279607675 wd-underline-colored\">\n\t\t\t\n\t\t\t<div class=\"liner-continer\">\n\t\t\t\t<h2 class=\"woodmart-title-container title  wd-font-weight- wd-fontsize-l\" >BARCELLONA - Tovaglie Moderne Eleganti in Lino100%<\/h2>\n\t\t\t\t\t\t\t<\/div>\n\t\t\t\n\t\t\t\n\t\t\t\n\t\t<\/div>\n\t\t\n\t\t\t\t<div id=\"wd-653fdae0e45b9\" class=\"wd-text-block wd-wpb reset-last-child wd-rs-653fdae0e45b9 text-left \">\n\t\t\t<p style=\"text-align: justify;\"><a href=\"https:\/\/www.marinigerardi.it\/shop\/prodotto\/barcellona-tovaglie-moderne-eleganti\/\">Barcellona<\/a>, una tovaglia realizzata in tessuto di puro lino, cucita sartorialmente nel nostro laboratorio al momento dell\u2019ordine. Una Grande Tovaglia, fatta artigianalmente come si deve per fare la differenza, perfetta e adatta per ogni occasione.<br \/>\n<strong>Noi crediamo che la Biancheria da TAVOLA in LINO sia un ritorno ai valori essenziali della vita:<\/strong> semplicit\u00e0 e confort, ma soprattutto qualit\u00e0 senza compromessi.<\/p>\n<p style=\"text-align: justify;\"><strong>Omaggio n.2 Tovagliette Americane IL SARACENO 35&#215;53 cm &#8230;. &#8220;del valore di 43,00 \u20ac &#8220;<\/strong><\/p>\n\t\t<\/div>\n\t\t[vc_message message_box_style=&#8221;outline&#8221; message_box_color=&#8221;grey&#8221; css=&#8221;&#8221;]<strong>Tessuto: <\/strong>100% lino Grezzo.<br \/>\n<strong>Peso tessuto:<\/strong> 320 gr\/m\u00b2<br \/>\n<strong>Tovaglie Moderne Eleganti in Lino con 19 Colori sempre disponibili:<\/strong> Pistacchio | Verde Marcio | Glicine | Salmone | Caff\u00e8 Latte | Tabacco | Bianco | Bianco Naturale | Avio | Cielo | Grigio Antracite | Cenere | Pannocchia | Zucca | Denim | Malva | Corda<br \/>\n<strong>Misure:<\/strong> 160\u00d7160 | 160\u00d7180 | 160\u00d7200 | 160\u00d7240 | 160\u00d7260 | 160\u00d7280 | 160\u00d7300<br \/>\n<strong>Doppio Bordo Applicato<\/strong> da 15 cm. con finitura a Zig Zag.<\/p>\n<p>Per misure particolari vi preghiamo di contattarci al Indirizzo mail <strong>assistenza@marinigerardi.it<\/strong>[\/vc_message][\/vc_column][vc_column css=&#8221;.vc_custom_1612434787067{background-position: center !important;background-repeat: no-repeat !important;background-size: cover !important;}&#8221; offset=&#8221;vc_col-lg-6 vc_col-md-6&#8243; mobile_bg_img_hidden=&#8221;no&#8221; tablet_bg_img_hidden=&#8221;no&#8221; woodmart_parallax=&#8221;0&#8243; woodmart_sticky_column=&#8221;false&#8221; parallax_scroll=&#8221;no&#8221; mobile_reset_margin=&#8221;no&#8221; tablet_reset_margin=&#8221;no&#8221;]\t\t<div id=\"gallery_836\" class=\"wd-images-gallery wd-wpb wd-rs-65480f95db4e4 photoswipe-images\" style=\"--wd-justify-content:center;--wd-align-items:center;\">\n\t\t\t\n\t\t\t<div class=\" wd-grid-f-col wd-masonry\" style=\"--wd-col-lg:3;--wd-col-md:3;--wd-col-sm:1;--wd-gap-lg:10px;\">\n\t\t\t\t\n\t\t\t\t\t\t\t\t\t\t\t\t\t\t\t<div class=\"wd-gallery-item wd-col\">\n\t\t\t\t\t\t\t\t\t\t\t\t\t\t<a href=\"https:\/\/www.marinigerardi.it\/shop\/wp-content\/uploads\/2021\/01\/home-tovaglie-eleganti-moderne-in-lino-glicine.jpg\" data-elementor-open-lightbox=\"no\" data-index=\"1\" data-width=\"1024\" data-height=\"768\" \n\t\t\t\t\t\t\t\t\t\t\t\t\t\t\t\t\t\t\t\t>\n\t\t\t\t\t\t\t\t\n\t\t\t\t\t\t\t\t<img decoding=\"async\" width=\"200\" height=\"200\" src=\"https:\/\/www.marinigerardi.it\/shop\/wp-content\/uploads\/2021\/01\/home-tovaglie-eleganti-moderne-in-lino-glicine-200x200.jpg\" class=\"wd-gallery-image image-1\" alt=\"Home Tovaglie Eleganti Moderne In Lino Glicine\" srcset=\"https:\/\/www.marinigerardi.it\/shop\/wp-content\/uploads\/2021\/01\/home-tovaglie-eleganti-moderne-in-lino-glicine-200x200.jpg 200w, https:\/\/www.marinigerardi.it\/shop\/wp-content\/uploads\/2021\/01\/home-tovaglie-eleganti-moderne-in-lino-glicine-150x150.jpg.webp 150w\" sizes=\"(max-width: 200px) 100vw, 200px\" \/>\n\t\t\t\t\t\t\t\t\t\t\t\t\t\t\t<\/a>\n\t\t\t\t\t\t\t\t\t\t\t\t<\/div>\n\t\t\t\t\t\t\t\t\t\t\t<div class=\"wd-gallery-item wd-col\">\n\t\t\t\t\t\t\t\t\t\t\t\t\t\t<a href=\"https:\/\/www.marinigerardi.it\/shop\/wp-content\/uploads\/2021\/01\/tessuto-in-lino-per-tovaglie-eleganti-colore-glicine.jpg\" data-elementor-open-lightbox=\"no\" data-index=\"2\" data-width=\"1024\" data-height=\"768\" \n\t\t\t\t\t\t\t\t\t\t\t\t\t\t\t\t\t\t\t\t>\n\t\t\t\t\t\t\t\t\n\t\t\t\t\t\t\t\t<img decoding=\"async\" width=\"200\" height=\"200\" src=\"https:\/\/www.marinigerardi.it\/shop\/wp-content\/uploads\/2021\/01\/tessuto-in-lino-per-tovaglie-eleganti-colore-glicine-200x200.jpg\" class=\"wd-gallery-image image-2\" alt=\"Tessuto In Lino Per Tovaglie Eleganti Colore Glicine\" srcset=\"https:\/\/www.marinigerardi.it\/shop\/wp-content\/uploads\/2021\/01\/tessuto-in-lino-per-tovaglie-eleganti-colore-glicine-200x200.jpg 200w, https:\/\/www.marinigerardi.it\/shop\/wp-content\/uploads\/2021\/01\/tessuto-in-lino-per-tovaglie-eleganti-colore-glicine-150x150.jpg.webp 150w\" sizes=\"(max-width: 200px) 100vw, 200px\" \/>\n\t\t\t\t\t\t\t\t\t\t\t\t\t\t\t<\/a>\n\t\t\t\t\t\t\t\t\t\t\t\t<\/div>\n\t\t\t\t\t\t\t\t\t\t\t<div class=\"wd-gallery-item wd-col\">\n\t\t\t\t\t\t\t\t\t\t\t\t\t\t<a href=\"https:\/\/www.marinigerardi.it\/shop\/wp-content\/uploads\/2021\/01\/tovagliato-ristorante-di-lino-rotonda-colore-verde-pistacchio.jpg\" data-elementor-open-lightbox=\"no\" data-index=\"3\" data-width=\"1024\" data-height=\"768\" \n\t\t\t\t\t\t\t\t\t\t\t\t\t\t\t\t\t\t\t\t>\n\t\t\t\t\t\t\t\t\n\t\t\t\t\t\t\t\t<img decoding=\"async\" width=\"200\" height=\"200\" src=\"https:\/\/www.marinigerardi.it\/shop\/wp-content\/uploads\/2021\/01\/tovagliato-ristorante-di-lino-rotonda-colore-verde-pistacchio-200x200.jpg\" class=\"wd-gallery-image image-3\" alt=\"Tovagliato Ristorante Di Lino Rotonda Colore Verde Pistacchio\" srcset=\"https:\/\/www.marinigerardi.it\/shop\/wp-content\/uploads\/2021\/01\/tovagliato-ristorante-di-lino-rotonda-colore-verde-pistacchio-200x200.jpg 200w, https:\/\/www.marinigerardi.it\/shop\/wp-content\/uploads\/2021\/01\/tovagliato-ristorante-di-lino-rotonda-colore-verde-pistacchio-150x150.jpg.webp 150w\" sizes=\"(max-width: 200px) 100vw, 200px\" \/>\n\t\t\t\t\t\t\t\t\t\t\t\t\t\t\t<\/a>\n\t\t\t\t\t\t\t\t\t\t\t\t<\/div>\n\t\t\t\t\t\t\t\t\t\t\t<div class=\"wd-gallery-item wd-col\">\n\t\t\t\t\t\t\t\t\t\t\t\t\t\t<a href=\"https:\/\/www.marinigerardi.it\/shop\/wp-content\/uploads\/2021\/01\/home-tovaglie-con-tovaglioli-per-tavola-elegabte-in-lino-verde-pistacchio.jpg\" data-elementor-open-lightbox=\"no\" data-index=\"4\" data-width=\"1024\" data-height=\"768\" \n\t\t\t\t\t\t\t\t\t\t\t\t\t\t\t\t\t\t\t\t>\n\t\t\t\t\t\t\t\t\n\t\t\t\t\t\t\t\t<img decoding=\"async\" width=\"200\" height=\"200\" src=\"https:\/\/www.marinigerardi.it\/shop\/wp-content\/uploads\/2021\/01\/home-tovaglie-con-tovaglioli-per-tavola-elegabte-in-lino-verde-pistacchio-200x200.jpg\" class=\"wd-gallery-image image-4\" alt=\"Home Tovaglie Con Tovaglioli Per Tavola Elegabte In Lino Verde Pistacchio\" srcset=\"https:\/\/www.marinigerardi.it\/shop\/wp-content\/uploads\/2021\/01\/home-tovaglie-con-tovaglioli-per-tavola-elegabte-in-lino-verde-pistacchio-200x200.jpg 200w, https:\/\/www.marinigerardi.it\/shop\/wp-content\/uploads\/2021\/01\/home-tovaglie-con-tovaglioli-per-tavola-elegabte-in-lino-verde-pistacchio-150x150.jpg.webp 150w\" sizes=\"(max-width: 200px) 100vw, 200px\" \/>\n\t\t\t\t\t\t\t\t\t\t\t\t\t\t\t<\/a>\n\t\t\t\t\t\t\t\t\t\t\t\t<\/div>\n\t\t\t\t\t\t\t\t\t\t\t<div class=\"wd-gallery-item wd-col\">\n\t\t\t\t\t\t\t\t\t\t\t\t\t\t<a href=\"https:\/\/www.marinigerardi.it\/shop\/wp-content\/uploads\/2021\/01\/tovaglie-da-tavola-di-lino-shabby-angolo-a-cappuccio-caffe-latte.jpg\" data-elementor-open-lightbox=\"no\" data-index=\"5\" data-width=\"1024\" data-height=\"768\" \n\t\t\t\t\t\t\t\t\t\t\t\t\t\t\t\t\t\t\t\t>\n\t\t\t\t\t\t\t\t\n\t\t\t\t\t\t\t\t<img decoding=\"async\" width=\"200\" height=\"200\" src=\"https:\/\/www.marinigerardi.it\/shop\/wp-content\/uploads\/2021\/01\/tovaglie-da-tavola-di-lino-shabby-angolo-a-cappuccio-caffe-latte-200x200.jpg\" class=\"wd-gallery-image image-5\" alt=\"Tovaglie Da Tavola Di Lino Shabby Angolo A Cappuccio Caffe Latte\" srcset=\"https:\/\/www.marinigerardi.it\/shop\/wp-content\/uploads\/2021\/01\/tovaglie-da-tavola-di-lino-shabby-angolo-a-cappuccio-caffe-latte-200x200.jpg 200w, https:\/\/www.marinigerardi.it\/shop\/wp-content\/uploads\/2021\/01\/tovaglie-da-tavola-di-lino-shabby-angolo-a-cappuccio-caffe-latte-150x150.jpg.webp 150w\" sizes=\"(max-width: 200px) 100vw, 200px\" \/>\n\t\t\t\t\t\t\t\t\t\t\t\t\t\t\t<\/a>\n\t\t\t\t\t\t\t\t\t\t\t\t<\/div>\n\t\t\t\t\t\t\t\t\t\t\t<div class=\"wd-gallery-item wd-col\">\n\t\t\t\t\t\t\t\t\t\t\t\t\t\t<a href=\"https:\/\/www.marinigerardi.it\/shop\/wp-content\/uploads\/2021\/06\/home-tovaglie-eleganti-moderne-in-lino-blu-denim.jpg\" data-elementor-open-lightbox=\"no\" data-index=\"6\" data-width=\"1024\" data-height=\"768\" \n\t\t\t\t\t\t\t\t\t\t\t\t\t\t\t\t\t\t\t\t>\n\t\t\t\t\t\t\t\t\n\t\t\t\t\t\t\t\t<img decoding=\"async\" width=\"200\" height=\"200\" src=\"https:\/\/www.marinigerardi.it\/shop\/wp-content\/uploads\/2021\/06\/home-tovaglie-eleganti-moderne-in-lino-blu-denim-200x200.jpg\" class=\"wd-gallery-image image-6\" alt=\"Home Tovaglie Eleganti Moderne In Lino Blu Denim\" srcset=\"https:\/\/www.marinigerardi.it\/shop\/wp-content\/uploads\/2021\/06\/home-tovaglie-eleganti-moderne-in-lino-blu-denim-200x200.jpg 200w, https:\/\/www.marinigerardi.it\/shop\/wp-content\/uploads\/2021\/06\/home-tovaglie-eleganti-moderne-in-lino-blu-denim-150x150.jpg.webp 150w\" sizes=\"(max-width: 200px) 100vw, 200px\" \/>\n\t\t\t\t\t\t\t\t\t\t\t\t\t\t\t<\/a>\n\t\t\t\t\t\t\t\t\t\t\t\t<\/div>\n\t\t\t\t\t\t\t\t\t\t\t<div class=\"wd-gallery-item wd-col\">\n\t\t\t\t\t\t\t\t\t\t\t\t\t\t<a href=\"https:\/\/www.marinigerardi.it\/shop\/wp-content\/uploads\/2021\/06\/home-tovaglie-eleganti-moderne-blu-tovaglioli-in-lino-bianchi.jpg\" data-elementor-open-lightbox=\"no\" data-index=\"7\" data-width=\"1024\" data-height=\"768\" \n\t\t\t\t\t\t\t\t\t\t\t\t\t\t\t\t\t\t\t\t>\n\t\t\t\t\t\t\t\t\n\t\t\t\t\t\t\t\t<img decoding=\"async\" width=\"200\" height=\"200\" src=\"https:\/\/www.marinigerardi.it\/shop\/wp-content\/uploads\/2021\/06\/home-tovaglie-eleganti-moderne-blu-tovaglioli-in-lino-bianchi-200x200.jpg\" class=\"wd-gallery-image image-7\" alt=\"Home Tovaglie Eleganti Moderne Blu Tovaglioli In Lino Bianchi\" srcset=\"https:\/\/www.marinigerardi.it\/shop\/wp-content\/uploads\/2021\/06\/home-tovaglie-eleganti-moderne-blu-tovaglioli-in-lino-bianchi-200x200.jpg 200w, https:\/\/www.marinigerardi.it\/shop\/wp-content\/uploads\/2021\/06\/home-tovaglie-eleganti-moderne-blu-tovaglioli-in-lino-bianchi-150x150.jpg.webp 150w\" sizes=\"(max-width: 200px) 100vw, 200px\" \/>\n\t\t\t\t\t\t\t\t\t\t\t\t\t\t\t<\/a>\n\t\t\t\t\t\t\t\t\t\t\t\t<\/div>\n\t\t\t\t\t\t\t\t\t\t\t<div class=\"wd-gallery-item wd-col\">\n\t\t\t\t\t\t\t\t\t\t\t\t\t\t<a href=\"https:\/\/www.marinigerardi.it\/shop\/wp-content\/uploads\/2021\/06\/tovaglia-con-tovaglioli-in-lino-salmone-collezione-barcellona.jpg\" data-elementor-open-lightbox=\"no\" data-index=\"8\" data-width=\"1024\" data-height=\"768\" \n\t\t\t\t\t\t\t\t\t\t\t\t\t\t\t\t\t\t\t\t>\n\t\t\t\t\t\t\t\t\n\t\t\t\t\t\t\t\t<img decoding=\"async\" width=\"200\" height=\"200\" src=\"https:\/\/www.marinigerardi.it\/shop\/wp-content\/uploads\/2021\/06\/tovaglia-con-tovaglioli-in-lino-salmone-collezione-barcellona-200x200.jpg\" class=\"wd-gallery-image image-8\" alt=\"Tovaglia Con Tovaglioli In Lino Salmone Collezione Barcellona\" srcset=\"https:\/\/www.marinigerardi.it\/shop\/wp-content\/uploads\/2021\/06\/tovaglia-con-tovaglioli-in-lino-salmone-collezione-barcellona-200x200.jpg 200w, https:\/\/www.marinigerardi.it\/shop\/wp-content\/uploads\/2021\/06\/tovaglia-con-tovaglioli-in-lino-salmone-collezione-barcellona-150x150.jpg.webp 150w\" sizes=\"(max-width: 200px) 100vw, 200px\" \/>\n\t\t\t\t\t\t\t\t\t\t\t\t\t\t\t<\/a>\n\t\t\t\t\t\t\t\t\t\t\t\t<\/div>\n\t\t\t\t\t\t\t\t\t\n\t\t\t\t\t\t\t<\/div>\n\n\t\t\t\t\t<\/div>\n\t\t[\/vc_column][\/vc_row][vc_row][vc_column][vc_empty_space height=&#8221;20px&#8221; woodmart_hide_large=&#8221;0&#8243; woodmart_hide_medium=&#8221;0&#8243; woodmart_hide_small=&#8221;0&#8243; woodmart_hide_extra_small=&#8221;0&#8243;]\n\t\t<div id=\"wd-694749f70995b\" class=\"title-wrapper wd-wpb wd-set-mb reset-last-child  wd-rs-694749f70995b wd-title-color-primary wd-title-style-bordered text-center justify  wd-underline-colored\">\n\t\t\t\n\t\t\t<div class=\"liner-continer\">\n\t\t\t\t<h3 class=\"woodmart-title-container title  wd-font-weight- wd-fontsize-l\" >BARCELLONA - Tovaglie Moderne Eleganti in Lino per le grandi occasioni.<\/h3>\n\t\t\t\t\t\t\t<\/div>\n\t\t\t\n\t\t\t\t\t\t\t<div class=\"title-after_title reset-last-child  wd-fontsize-xs\">anche tovagliato per ristorante<\/div>\n\t\t\t\n\t\t\t\n\t\t<\/div>\n\t\t\n\t\t[\/vc_column][\/vc_row][vc_row content_placement=&#8221;middle&#8221; woodmart_bg_position=&#8221;center-bottom&#8221; css=&#8221;.vc_custom_1698683859598{background-color: #f3f3f3 !important;background-position: 0 0 !important;background-repeat: no-repeat !important;}&#8221; el_class=&#8221;mobile-bg-img-hidden&#8221; mobile_bg_img_hidden=&#8221;no&#8221; tablet_bg_img_hidden=&#8221;no&#8221; woodmart_parallax=&#8221;0&#8243; woodmart_gradient_switch=&#8221;no&#8221; row_reverse_mobile=&#8221;0&#8243; row_reverse_tablet=&#8221;0&#8243; woodmart_disable_overflow=&#8221;0&#8243; woodmart_css_id=&#8221;653fdbc5c9c36&#8243; responsive_spacing=&#8221;eyJwYXJhbV90eXBlIjoid29vZG1hcnRfcmVzcG9uc2l2ZV9zcGFjaW5nIiwic2VsZWN0b3JfaWQiOiI2NTNmZGJjNWM5YzM2Iiwic2hvcnRjb2RlIjoidmNfcm93IiwiZGF0YSI6eyJ0YWJsZXQiOnt9LCJtb2JpbGUiOnt9fX0=&#8221; woodmart_box_shadow=&#8221;yes&#8221; wd_box_shadow=&#8221;eyJkZXZpY2VzIjp7ImRlc2t0b3AiOnsiaG9yaXpvbnRhbCI6IjAiLCJ2ZXJ0aWNhbCI6IjAiLCJibHVyIjoiOSIsInNwcmVhZCI6IjAiLCJjb2xvciI6InJnYmEoMCwgMCwgMCwgLjE1KSJ9fX0=&#8221; wd_z_index=&#8221;no&#8221;][vc_column mobile_bg_img_hidden=&#8221;no&#8221; tablet_bg_img_hidden=&#8221;no&#8221; woodmart_parallax=&#8221;0&#8243; woodmart_sticky_column=&#8221;false&#8221; parallax_scroll=&#8221;no&#8221; mobile_reset_margin=&#8221;no&#8221; tablet_reset_margin=&#8221;no&#8221;][vc_single_image image=&#8221;11456&#8243; img_size=&#8221;full&#8221; alignment=&#8221;center&#8221; onclick=&#8221;link_image&#8221; css=&#8221;.vc_custom_1698683876003{margin-right: 20px !important;}&#8221; parallax_scroll=&#8221;no&#8221; woodmart_inline=&#8221;no&#8221;][\/vc_column][\/vc_row][vc_row][vc_column]\n\t\t<div id=\"wd-69474a0ab9ec9\" class=\"title-wrapper wd-wpb wd-set-mb reset-last-child  wd-rs-69474a0ab9ec9 wd-title-color-default wd-title-style-bordered text-left  wd-underline-colored\">\n\t\t\t\n\t\t\t<div class=\"liner-continer\">\n\t\t\t\t<h3 class=\"woodmart-title-container title  wd-font-weight- wd-fontsize-l\" >Tovaglie Moderne Eleganti<\/h3>\n\t\t\t\t\t\t\t<\/div>\n\t\t\t\n\t\t\t\n\t\t\t\n\t\t<\/div>\n\t\t\n\t\t\t\t<div id=\"wd-653fdbab9e8a2\" class=\"wd-text-block wd-wpb reset-last-child wd-rs-653fdbab9e8a2 text-left \">\n\t\t\t<p style=\"text-align: justify;\"><strong><a href=\"https:\/\/tovagliati.com\/\" rel=\"nofollow noopener\" target=\"_blank\">Tovaglia<\/a>\u00a0rotonda, quadrata o rettangolare\u00a0<\/strong>semplicemente fantastica, con una selezione di colori primaverili, estivi o autunnali che catturano immediatamente l\u2019attenzione. Quindi non rimane che accomodarti e gustare il sapore di una Tavolata con amici.<br \/>\n<strong>|| BARCELLONA ||<\/strong> a pranzo o a cena, per rinnovare la tavola con una tovaglia in Puro Lino in una unica tonalit\u00e0 di colore, una Tovaglia che sa essere Elegante quanto Informale, veramente Esclusiva per un regalo raffinato da fare o da ricevere.<\/p>\n\t\t<\/div>\n\t\t[\/vc_column][\/vc_row][vc_row woodmart_css_id=&#8221;653fdc6a616e8&#8243; responsive_spacing=&#8221;eyJwYXJhbV90eXBlIjoid29vZG1hcnRfcmVzcG9uc2l2ZV9zcGFjaW5nIiwic2VsZWN0b3JfaWQiOiI2NTNmZGM2YTYxNmU4Iiwic2hvcnRjb2RlIjoidmNfcm93IiwiZGF0YSI6eyJ0YWJsZXQiOnt9LCJtb2JpbGUiOnt9fX0=&#8221; mobile_bg_img_hidden=&#8221;no&#8221; tablet_bg_img_hidden=&#8221;no&#8221; woodmart_parallax=&#8221;0&#8243; woodmart_gradient_switch=&#8221;no&#8221; woodmart_box_shadow=&#8221;yes&#8221; wd_box_shadow=&#8221;eyJkZXZpY2VzIjp7ImRlc2t0b3AiOnsiaG9yaXpvbnRhbCI6IjAiLCJ2ZXJ0aWNhbCI6IjAiLCJibHVyIjoiOSIsInNwcmVhZCI6IjAiLCJjb2xvciI6InJnYmEoMCwgMCwgMCwgLjE1KSJ9fX0=&#8221; wd_z_index=&#8221;no&#8221; woodmart_disable_overflow=&#8221;0&#8243; row_reverse_mobile=&#8221;0&#8243; row_reverse_tablet=&#8221;0&#8243; css=&#8221;.vc_custom_1698684021069{background-color: #f3f3f3 !important;}&#8221;][vc_column][vc_single_image image=&#8221;37218&#8243; img_size=&#8221;full&#8221; add_caption=&#8221;yes&#8221; alignment=&#8221;center&#8221; onclick=&#8221;link_image&#8221; css=&#8221;.vc_custom_1698683776382{margin-right: 20px !important;}&#8221; parallax_scroll=&#8221;no&#8221; woodmart_inline=&#8221;no&#8221;][\/vc_column][\/vc_row][vc_row][vc_column]\n\t\t<div id=\"wd-69474a17cd35a\" class=\"title-wrapper wd-wpb wd-set-mb reset-last-child  wd-rs-69474a17cd35a wd-title-color-default wd-title-style-bordered text-left  wd-underline-colored\">\n\t\t\t\n\t\t\t<div class=\"liner-continer\">\n\t\t\t\t<h3 class=\"woodmart-title-container title  wd-font-weight- wd-fontsize-l\" >Tovaglie Moderne Eleganti<\/h3>\n\t\t\t\t\t\t\t<\/div>\n\t\t\t\n\t\t\t\n\t\t\t\n\t\t<\/div>\n\t\t\n\t\t\t\t<div id=\"wd-653fdb292fc10\" class=\"wd-text-block wd-wpb reset-last-child wd-rs-653fdb292fc10 text-left \">\n\t\t\t<p style=\"text-align: justify;\"><strong>|| BARCELLONA ||<\/strong> \u00e8 un\u2019antidoto alla tristezza, una vera festa dei sensi. Immergetevi nei colori e nel gusto della cucina tipica catalana. Lasciatevi accarezzare il volto dalla brezza marina sorseggiando un mojito in spiaggia.<br \/>\n<strong>|| BARCELLONA ||<\/strong> una citt\u00e0 libera e creativa, che non ama le etichette. In compenso ama la vita: \u00e8 solare, fantasiosa, ghiotta, orgogliosa delle proprie tradizioni ma sempre al passo con i tempi.<\/p>\n\t\t<\/div>\n\t\t[\/vc_column][\/vc_row]<\/p>\n<\/div>","protected":false},"excerpt":{"rendered":"<p>Una Tovaglia in lino moderna e tradizionalista, romantica e trasgressiva, gioiosa e malinconica dalle tinte pastello, che pu\u00f2 essere utilizzata in tutte le occasioni! In una parola: indimenticabile.<br \/>\nColori esclusivi Marini &amp; Gerardi per un Capo Sartoriale di qualit\u00e0 in PURO LINO 100%<br \/>\n<strong>Omaggio n.2 Tovagliette Americane IL SARACENO 35&#215;53 cm &#8230;. &#8220;del valore di 43,00 \u20ac &#8220;<\/strong><\/p>\n","protected":false},"featured_media":11439,"template":"","meta":[],"product_brand":[],"product_cat":[145],"product_tag":[],"class_list":{"0":"post-8702","1":"product","2":"type-product","3":"status-publish","4":"has-post-thumbnail","6":"product_cat-tovaglie-di-lino","8":"first","9":"instock","10":"taxable","11":"shipping-taxable","12":"purchasable","13":"product-type-simple"},"_links":{"self":[{"href":"https:\/\/www.marinigerardi.it\/shop\/wp-json\/wp\/v2\/product\/8702","targetHints":{"allow":["GET"]}}],"collection":[{"href":"https:\/\/www.marinigerardi.it\/shop\/wp-json\/wp\/v2\/product"}],"about":[{"href":"https:\/\/www.marinigerardi.it\/shop\/wp-json\/wp\/v2\/types\/product"}],"wp:featuredmedia":[{"embeddable":true,"href":"https:\/\/www.marinigerardi.it\/shop\/wp-json\/wp\/v2\/media\/11439"}],"wp:attachment":[{"href":"https:\/\/www.marinigerardi.it\/shop\/wp-json\/wp\/v2\/media?parent=8702"}],"wp:term":[{"taxonomy":"product_brand","embeddable":true,"href":"https:\/\/www.marinigerardi.it\/shop\/wp-json\/wp\/v2\/product_brand?post=8702"},{"taxonomy":"product_cat","embeddable":true,"href":"https:\/\/www.marinigerardi.it\/shop\/wp-json\/wp\/v2\/product_cat?post=8702"},{"taxonomy":"product_tag","embeddable":true,"href":"https:\/\/www.marinigerardi.it\/shop\/wp-json\/wp\/v2\/product_tag?post=8702"}],"curies":[{"name":"wp","href":"https:\/\/api.w.org\/{rel}","templated":true}]}}