{"id":8632,"date":"2021-01-28T10:53:42","date_gmt":"2021-01-28T10:53:42","guid":{"rendered":"https:\/\/marinigerardi.it\/shop\/product\/import-placeholder-for-25096\/"},"modified":"2025-12-21T01:20:10","modified_gmt":"2025-12-21T01:20:10","slug":"armonia-tovaglie-rettangolari-tonde-grandi","status":"publish","type":"product","link":"https:\/\/www.marinigerardi.it\/shop\/prodotto\/armonia-tovaglie-rettangolari-tonde-grandi\/","title":{"rendered":"ARMONIA &#8211; Tovaglie Rettangolari Grandi in Lino"},"content":{"rendered":"<div class=\"wpb-content-wrapper\"><p>[vc_row equal_height=&#8221;yes&#8221; mobile_bg_img_hidden=&#8221;no&#8221; tablet_bg_img_hidden=&#8221;no&#8221; woodmart_parallax=&#8221;0&#8243; woodmart_gradient_switch=&#8221;no&#8221; row_reverse_mobile=&#8221;0&#8243; row_reverse_tablet=&#8221;0&#8243; woodmart_disable_overflow=&#8221;0&#8243;][vc_column offset=&#8221;vc_col-lg-6 vc_col-md-6&#8243; mobile_bg_img_hidden=&#8221;no&#8221; tablet_bg_img_hidden=&#8221;no&#8221; woodmart_parallax=&#8221;0&#8243; woodmart_sticky_column=&#8221;false&#8221; parallax_scroll=&#8221;no&#8221; mobile_reset_margin=&#8221;no&#8221; tablet_reset_margin=&#8221;no&#8221; css=&#8221;.vc_custom_1613071403480{margin-top: 0px !important;}&#8221;]\n\t\t<div id=\"wd-69474b3844c5e\" class=\"title-wrapper wd-wpb wd-set-mb reset-last-child  wd-rs-69474b3844c5e wd-title-color-primary wd-title-style-bordered text-left vc_custom_1766279946233 wd-underline-colored\">\n\t\t\t\n\t\t\t<div class=\"liner-continer\">\n\t\t\t\t<h2 class=\"woodmart-title-container title  wd-font-weight- wd-fontsize-l\" >ARMONIA - Tovaglie Rettangolari Grandi in Lino Prelavato<\/h2>\n\t\t\t\t\t\t\t<\/div>\n\t\t\t\n\t\t\t\n\t\t\t\n\t\t<\/div>\n\t\t\n\t\t\t\t<div id=\"wd-65480bbadc6c5\" class=\"wd-text-block wd-wpb reset-last-child wd-rs-65480bbadc6c5 text-left \">\n\t\t\t<p style=\"text-align: justify;\"><a href=\"https:\/\/www.marinigerardi.it\/shop\/prodotto\/armonia-tovaglie-rettangolari-tonde-grandi\/\">Tovaglia<\/a> realizzata in tessuto di puro lino \u00e8 cucita sartorialmente nel nostro laboratorio al momento dell\u2019ordine Una Grande Tovaglia, fatta come si deve per fare la differenza, perfetta e adatta in ogni occasione. Una Musa ispiratrice che pu\u00f2 essere utilizzata secondo le diverse interpretazioni.<\/p>\n\t\t<\/div>\n\t\t[vc_message message_box_style=&#8221;outline&#8221; message_box_color=&#8221;grey&#8221; css=&#8221;&#8221;]<strong>Tessuto in lino: <\/strong>100% Lino PRE-LAVATO.<br \/>\n<strong>Peso tessuto:<\/strong> 180 gr\/m\u00b2<br \/>\n<strong>Colori:<\/strong> Bianco Naturale | Grigio Perla | Grigio Fumo | Grigio Salice | Petrolio | Giallo Olivo | Rosso Mattone | Castagno | Rosa Pesco | Cipolla | Blue Navi<br \/>\n<strong>Misure:<\/strong> 160\u00d7160 | 160\u00d7180 | 160\u00d7200 | 160\u00d7240 | 160\u00d7260 | 160\u00d7280 | 160\u00d7300<\/p>\n<p>Per altre misure vi preghiamo di contattarci al Indirizzo mail <strong>assistenza@marinigerardi.it<\/strong>[\/vc_message][\/vc_column][vc_column css=&#8221;.vc_custom_1612434787067{background-position: center !important;background-repeat: no-repeat !important;background-size: cover !important;}&#8221; offset=&#8221;vc_col-lg-6 vc_col-md-6&#8243; mobile_bg_img_hidden=&#8221;no&#8221; tablet_bg_img_hidden=&#8221;no&#8221; woodmart_parallax=&#8221;0&#8243; woodmart_sticky_column=&#8221;false&#8221; parallax_scroll=&#8221;no&#8221; mobile_reset_margin=&#8221;no&#8221; tablet_reset_margin=&#8221;no&#8221;]\t\t<div id=\"gallery_524\" class=\"wd-images-gallery wd-wpb photoswipe-images\" style=\"--wd-justify-content:center;--wd-align-items:center;\">\n\t\t\t\n\t\t\t<div class=\" wd-grid-g\" style=\"--wd-col-lg:2;--wd-col-md:2;--wd-col-sm:1;--wd-gap-lg:10px;\">\n\t\t\t\t\n\t\t\t\t\t\t\t\t\t\t\t\t\t\t\t<div class=\"wd-gallery-item wd-col\">\n\t\t\t\t\t\t\t\t\t\t\t\t\t\t<a href=\"https:\/\/www.marinigerardi.it\/shop\/wp-content\/uploads\/2021\/06\/tovaglie-rettangolari-grandi-di-lino-con-tovaglioli-castagno.jpg\" data-elementor-open-lightbox=\"no\" data-index=\"1\" data-width=\"1024\" data-height=\"768\" \n\t\t\t\t\t\t\t\t\t\t\t\t\t\t\t\t\t\t\t\t\t\t\t\t\t\t\t\ttitle=\"Tovaglie Rettangolari Grandi Di Lino Con Tovaglioli Castagno\">\n\t\t\t\t\t\t\t\t\n\t\t\t\t\t\t\t\t<img decoding=\"async\" width=\"1024\" height=\"768\" src=\"https:\/\/www.marinigerardi.it\/shop\/wp-content\/uploads\/2021\/06\/tovaglie-rettangolari-grandi-di-lino-con-tovaglioli-castagno.jpg.webp\" class=\"wd-gallery-image image-1\" alt=\"Tovaglie Rettangolari Grandi Di Lino Con Tovaglioli Castagno\" srcset=\"https:\/\/www.marinigerardi.it\/shop\/wp-content\/uploads\/2021\/06\/tovaglie-rettangolari-grandi-di-lino-con-tovaglioli-castagno.jpg.webp 1024w, https:\/\/www.marinigerardi.it\/shop\/wp-content\/uploads\/2021\/06\/tovaglie-rettangolari-grandi-di-lino-con-tovaglioli-castagno-450x338.jpg 450w, https:\/\/www.marinigerardi.it\/shop\/wp-content\/uploads\/2021\/06\/tovaglie-rettangolari-grandi-di-lino-con-tovaglioli-castagno-1000x750.jpg 1000w, https:\/\/www.marinigerardi.it\/shop\/wp-content\/uploads\/2021\/06\/tovaglie-rettangolari-grandi-di-lino-con-tovaglioli-castagno-300x225.jpg.webp 300w, https:\/\/www.marinigerardi.it\/shop\/wp-content\/uploads\/2021\/06\/tovaglie-rettangolari-grandi-di-lino-con-tovaglioli-castagno-768x576.jpg.webp 768w\" sizes=\"(max-width: 1024px) 100vw, 1024px\" \/>\n\t\t\t\t\t\t\t\t\t\t\t\t\t\t\t<\/a>\n\t\t\t\t\t\t\t\t\t\t\t\t<\/div>\n\t\t\t\t\t\t\t\t\t\t\t<div class=\"wd-gallery-item wd-col\">\n\t\t\t\t\t\t\t\t\t\t\t\t\t\t<a href=\"https:\/\/www.marinigerardi.it\/shop\/wp-content\/uploads\/2021\/06\/tovaglie-rettangolari-grandi-di-lino-con-tovaglioli-rosa-pesco.jpg\" data-elementor-open-lightbox=\"no\" data-index=\"2\" data-width=\"1024\" data-height=\"768\" \n\t\t\t\t\t\t\t\t\t\t\t\t\t\t\t\t\t\t\t\t\t\t\t\t\t\t\t\ttitle=\"Tovaglie Rettangolari Grandi Di Lino Con Tovaglioli Rosa Pesco\">\n\t\t\t\t\t\t\t\t\n\t\t\t\t\t\t\t\t<img decoding=\"async\" width=\"1024\" height=\"768\" src=\"https:\/\/www.marinigerardi.it\/shop\/wp-content\/uploads\/2021\/06\/tovaglie-rettangolari-grandi-di-lino-con-tovaglioli-rosa-pesco.jpg.webp\" class=\"wd-gallery-image image-2\" alt=\"Tovaglie Rettangolari Grandi Di Lino Con Tovaglioli Rosa Pesco\" srcset=\"https:\/\/www.marinigerardi.it\/shop\/wp-content\/uploads\/2021\/06\/tovaglie-rettangolari-grandi-di-lino-con-tovaglioli-rosa-pesco.jpg.webp 1024w, https:\/\/www.marinigerardi.it\/shop\/wp-content\/uploads\/2021\/06\/tovaglie-rettangolari-grandi-di-lino-con-tovaglioli-rosa-pesco-450x338.jpg 450w, https:\/\/www.marinigerardi.it\/shop\/wp-content\/uploads\/2021\/06\/tovaglie-rettangolari-grandi-di-lino-con-tovaglioli-rosa-pesco-1000x750.jpg 1000w, https:\/\/www.marinigerardi.it\/shop\/wp-content\/uploads\/2021\/06\/tovaglie-rettangolari-grandi-di-lino-con-tovaglioli-rosa-pesco-300x225.jpg.webp 300w, https:\/\/www.marinigerardi.it\/shop\/wp-content\/uploads\/2021\/06\/tovaglie-rettangolari-grandi-di-lino-con-tovaglioli-rosa-pesco-768x576.jpg.webp 768w\" sizes=\"(max-width: 1024px) 100vw, 1024px\" \/>\n\t\t\t\t\t\t\t\t\t\t\t\t\t\t\t<\/a>\n\t\t\t\t\t\t\t\t\t\t\t\t<\/div>\n\t\t\t\t\t\t\t\t\t\t\t<div class=\"wd-gallery-item wd-col\">\n\t\t\t\t\t\t\t\t\t\t\t\t\t\t<a href=\"https:\/\/www.marinigerardi.it\/shop\/wp-content\/uploads\/2021\/06\/tovaglie-rettangolari-grandi-di-lino-con-tovaglioli-grigio-selce.jpg\" data-elementor-open-lightbox=\"no\" data-index=\"3\" data-width=\"1024\" data-height=\"768\" \n\t\t\t\t\t\t\t\t\t\t\t\t\t\t\t\t\t\t\t\t\t\t\t\t\t\t\t\ttitle=\"Tovaglie Rettangolari Grandi Di Lino Con Tovaglioli Grigio Selce\">\n\t\t\t\t\t\t\t\t\n\t\t\t\t\t\t\t\t<img decoding=\"async\" width=\"1024\" height=\"768\" src=\"https:\/\/www.marinigerardi.it\/shop\/wp-content\/uploads\/2021\/06\/tovaglie-rettangolari-grandi-di-lino-con-tovaglioli-grigio-selce.jpg.webp\" class=\"wd-gallery-image image-3\" alt=\"Tovaglie Rettangolari Grandi Di Lino Con Tovaglioli Grigio Selce\" srcset=\"https:\/\/www.marinigerardi.it\/shop\/wp-content\/uploads\/2021\/06\/tovaglie-rettangolari-grandi-di-lino-con-tovaglioli-grigio-selce.jpg.webp 1024w, https:\/\/www.marinigerardi.it\/shop\/wp-content\/uploads\/2021\/06\/tovaglie-rettangolari-grandi-di-lino-con-tovaglioli-grigio-selce-450x338.jpg 450w, https:\/\/www.marinigerardi.it\/shop\/wp-content\/uploads\/2021\/06\/tovaglie-rettangolari-grandi-di-lino-con-tovaglioli-grigio-selce-1000x750.jpg 1000w, https:\/\/www.marinigerardi.it\/shop\/wp-content\/uploads\/2021\/06\/tovaglie-rettangolari-grandi-di-lino-con-tovaglioli-grigio-selce-300x225.jpg.webp 300w, https:\/\/www.marinigerardi.it\/shop\/wp-content\/uploads\/2021\/06\/tovaglie-rettangolari-grandi-di-lino-con-tovaglioli-grigio-selce-768x576.jpg.webp 768w\" sizes=\"(max-width: 1024px) 100vw, 1024px\" \/>\n\t\t\t\t\t\t\t\t\t\t\t\t\t\t\t<\/a>\n\t\t\t\t\t\t\t\t\t\t\t\t<\/div>\n\t\t\t\t\t\t\t\t\t\t\t<div class=\"wd-gallery-item wd-col\">\n\t\t\t\t\t\t\t\t\t\t\t\t\t\t<a href=\"https:\/\/www.marinigerardi.it\/shop\/wp-content\/uploads\/2021\/06\/tovaglie-rettangolari-grandi-di-lino-con-tovaglioli-grigio-cenere.jpg\" data-elementor-open-lightbox=\"no\" data-index=\"4\" data-width=\"1024\" data-height=\"768\" \n\t\t\t\t\t\t\t\t\t\t\t\t\t\t\t\t\t\t\t\t\t\t\t\t\t\t\t\ttitle=\"Tovaglie Rettangolari Grandi Di Lino Con Tovaglioli Grigio Cenere\">\n\t\t\t\t\t\t\t\t\n\t\t\t\t\t\t\t\t<img decoding=\"async\" width=\"1024\" height=\"768\" src=\"https:\/\/www.marinigerardi.it\/shop\/wp-content\/uploads\/2021\/06\/tovaglie-rettangolari-grandi-di-lino-con-tovaglioli-grigio-cenere.jpg.webp\" class=\"wd-gallery-image image-4\" alt=\"Tovaglie Rettangolari Grandi Di Lino Con Tovaglioli Grigio Cenere\" srcset=\"https:\/\/www.marinigerardi.it\/shop\/wp-content\/uploads\/2021\/06\/tovaglie-rettangolari-grandi-di-lino-con-tovaglioli-grigio-cenere.jpg.webp 1024w, https:\/\/www.marinigerardi.it\/shop\/wp-content\/uploads\/2021\/06\/tovaglie-rettangolari-grandi-di-lino-con-tovaglioli-grigio-cenere-450x338.jpg 450w, https:\/\/www.marinigerardi.it\/shop\/wp-content\/uploads\/2021\/06\/tovaglie-rettangolari-grandi-di-lino-con-tovaglioli-grigio-cenere-1000x750.jpg 1000w, https:\/\/www.marinigerardi.it\/shop\/wp-content\/uploads\/2021\/06\/tovaglie-rettangolari-grandi-di-lino-con-tovaglioli-grigio-cenere-300x225.jpg.webp 300w, https:\/\/www.marinigerardi.it\/shop\/wp-content\/uploads\/2021\/06\/tovaglie-rettangolari-grandi-di-lino-con-tovaglioli-grigio-cenere-768x576.jpg.webp 768w\" sizes=\"(max-width: 1024px) 100vw, 1024px\" \/>\n\t\t\t\t\t\t\t\t\t\t\t\t\t\t\t<\/a>\n\t\t\t\t\t\t\t\t\t\t\t\t<\/div>\n\t\t\t\t\t\t\t\t\t\n\t\t\t\t\t\t\t<\/div>\n\n\t\t\t\t\t<\/div>\n\t\t[\/vc_column][\/vc_row][vc_row][vc_column][vc_text_separator title=&#8221;&#8221; css=&#8221;&#8221;]\n\t\t<div id=\"wd-69474b2e42c2c\" class=\"title-wrapper wd-wpb wd-set-mb reset-last-child  wd-rs-69474b2e42c2c wd-title-color-default wd-title-style-default text-center  wd-underline-colored\">\n\t\t\t\n\t\t\t<div class=\"liner-continer\">\n\t\t\t\t<h3 class=\"woodmart-title-container title  wd-font-weight- wd-fontsize-l\" >Tovaglie Rettangolari Grandi in Lino<\/h3>\n\t\t\t\t\t\t\t<\/div>\n\t\t\t\n\t\t\t\n\t\t\t\n\t\t<\/div>\n\t\t\n\t\t[\/vc_column][\/vc_row][vc_row content_placement=&#8221;middle&#8221; woodmart_bg_position=&#8221;center-bottom&#8221; css=&#8221;.vc_custom_1699220328232{background-color: #f3f3f3 !important;background-position: 0 0 !important;background-repeat: no-repeat !important;}&#8221; el_class=&#8221;mobile-bg-img-hidden&#8221; mobile_bg_img_hidden=&#8221;no&#8221; tablet_bg_img_hidden=&#8221;no&#8221; woodmart_parallax=&#8221;0&#8243; woodmart_gradient_switch=&#8221;no&#8221; row_reverse_mobile=&#8221;0&#8243; row_reverse_tablet=&#8221;0&#8243; woodmart_disable_overflow=&#8221;0&#8243; woodmart_css_id=&#8221;65480b5968b03&#8243; responsive_spacing=&#8221;eyJwYXJhbV90eXBlIjoid29vZG1hcnRfcmVzcG9uc2l2ZV9zcGFjaW5nIiwic2VsZWN0b3JfaWQiOiI2NTQ4MGI1OTY4YjAzIiwic2hvcnRjb2RlIjoidmNfcm93IiwiZGF0YSI6eyJ0YWJsZXQiOnt9LCJtb2JpbGUiOnt9fX0=&#8221; woodmart_box_shadow=&#8221;yes&#8221; wd_box_shadow=&#8221;eyJkZXZpY2VzIjp7ImRlc2t0b3AiOnsiaG9yaXpvbnRhbCI6IjAiLCJ2ZXJ0aWNhbCI6IjAiLCJibHVyIjoiOSIsInNwcmVhZCI6IjAiLCJjb2xvciI6InJnYmEoMCwgMCwgMCwgLjE1KSJ9fX0=&#8221; wd_z_index=&#8221;no&#8221;][vc_column mobile_bg_img_hidden=&#8221;no&#8221; tablet_bg_img_hidden=&#8221;no&#8221; woodmart_parallax=&#8221;0&#8243; woodmart_sticky_column=&#8221;false&#8221; parallax_scroll=&#8221;no&#8221; mobile_reset_margin=&#8221;no&#8221; tablet_reset_margin=&#8221;no&#8221;][vc_single_image image=&#8221;12426&#8243; img_size=&#8221;full&#8221; alignment=&#8221;center&#8221; onclick=&#8221;link_image&#8221; css=&#8221;.vc_custom_1699220339942{margin-right: 20px !important;}&#8221; parallax_scroll=&#8221;no&#8221; woodmart_inline=&#8221;no&#8221;][\/vc_column][\/vc_row][vc_row][vc_column]\n\t\t<div id=\"wd-69474b1b81789\" class=\"title-wrapper wd-wpb wd-set-mb reset-last-child  wd-rs-69474b1b81789 wd-title-color-primary wd-title-style-bordered text-center justify  wd-underline-colored\">\n\t\t\t\n\t\t\t<div class=\"liner-continer\">\n\t\t\t\t<h3 class=\"woodmart-title-container title  wd-font-weight- wd-fontsize-l\" >ARMONIA - Tovaglie Rettangolari Moderne in Lino<\/h3>\n\t\t\t\t\t\t\t<\/div>\n\t\t\t\n\t\t\t\t\t\t\t<div class=\"title-after_title reset-last-child  wd-fontsize-xs\">Una Tovaglia Semplice ma Suggestiva<\/div>\n\t\t\t\n\t\t\t\n\t\t<\/div>\n\t\t\n\t\t\t\t<div id=\"wd-67f68d0e98440\" class=\"wd-text-block wd-wpb reset-last-child wd-rs-67f68d0e98440 text-left \">\n\t\t\t<p style=\"text-align: justify;\"><strong><a href=\"https:\/\/tovagliati.com\/\" rel=\"nofollow noopener\" target=\"_blank\">Tovaglie Rettangolari<\/a> rotonde, quadrate <\/strong>semplicemente fantastiche, con una combinazione di colori primaverili e autunnali che catturano immediatamente l\u2019attenzione dando il giusto calore alla tua tavola.<br \/>\nPu\u00f2 essere utilizzata in tutte le occasioni quindi non rimane che accomodarti e gustare il sapore di una Tavolata con amici.<br \/>\n<b>Armonia <\/b>a pranzo o a cena, per rinnovare la tavola con una tovaglia in Puro Lino in una unica tonalit\u00e0 di colore, una Tovaglia che sa essere Elegante quanto Informale, veramente Esclusiva per un regalo raffinato da fare o da ricevere<\/p>\n\t\t<\/div>\n\t\t[\/vc_column][\/vc_row]<\/p>\n<\/div>","protected":false},"excerpt":{"rendered":"<p>Tovaglie rettangolari anche di grandi dimensioni. ARMONIA una tovaglia secondo tradizione, realizzata con un tessuto unico ed originale dalla grande personalit\u00e0.<\/p>\n","protected":false},"featured_media":12429,"template":"","meta":[],"product_brand":[],"product_cat":[145],"product_tag":[],"class_list":{"0":"post-8632","1":"product","2":"type-product","3":"status-publish","4":"has-post-thumbnail","6":"product_cat-tovaglie-di-lino","8":"first","9":"instock","10":"taxable","11":"shipping-taxable","12":"purchasable","13":"product-type-simple"},"_links":{"self":[{"href":"https:\/\/www.marinigerardi.it\/shop\/wp-json\/wp\/v2\/product\/8632","targetHints":{"allow":["GET"]}}],"collection":[{"href":"https:\/\/www.marinigerardi.it\/shop\/wp-json\/wp\/v2\/product"}],"about":[{"href":"https:\/\/www.marinigerardi.it\/shop\/wp-json\/wp\/v2\/types\/product"}],"wp:featuredmedia":[{"embeddable":true,"href":"https:\/\/www.marinigerardi.it\/shop\/wp-json\/wp\/v2\/media\/12429"}],"wp:attachment":[{"href":"https:\/\/www.marinigerardi.it\/shop\/wp-json\/wp\/v2\/media?parent=8632"}],"wp:term":[{"taxonomy":"product_brand","embeddable":true,"href":"https:\/\/www.marinigerardi.it\/shop\/wp-json\/wp\/v2\/product_brand?post=8632"},{"taxonomy":"product_cat","embeddable":true,"href":"https:\/\/www.marinigerardi.it\/shop\/wp-json\/wp\/v2\/product_cat?post=8632"},{"taxonomy":"product_tag","embeddable":true,"href":"https:\/\/www.marinigerardi.it\/shop\/wp-json\/wp\/v2\/product_tag?post=8632"}],"curies":[{"name":"wp","href":"https:\/\/api.w.org\/{rel}","templated":true}]}}