{"id":8593,"date":"2021-01-28T10:52:57","date_gmt":"2021-01-28T10:52:57","guid":{"rendered":"https:\/\/marinigerardi.it\/shop\/product\/import-placeholder-for-24480\/"},"modified":"2025-03-28T14:50:27","modified_gmt":"2025-03-28T14:50:27","slug":"tenda-shantung-seta-per-camera-da-letto","status":"publish","type":"product","link":"https:\/\/www.marinigerardi.it\/shop\/prodotto\/tenda-shantung-seta-per-camera-da-letto\/","title":{"rendered":"PLUTONE &#8211; Tenda Shantung Seta per camera da letto"},"content":{"rendered":"<div class=\"wpb-content-wrapper\"><p>[vc_row equal_height=&#8221;yes&#8221; mobile_bg_img_hidden=&#8221;no&#8221; tablet_bg_img_hidden=&#8221;no&#8221; woodmart_parallax=&#8221;0&#8243; woodmart_gradient_switch=&#8221;no&#8221; row_reverse_mobile=&#8221;0&#8243; row_reverse_tablet=&#8221;0&#8243; woodmart_disable_overflow=&#8221;0&#8243;][vc_column offset=&#8221;vc_col-lg-6 vc_col-md-6&#8243; mobile_bg_img_hidden=&#8221;no&#8221; tablet_bg_img_hidden=&#8221;no&#8221; woodmart_parallax=&#8221;0&#8243; woodmart_sticky_column=&#8221;false&#8221; parallax_scroll=&#8221;no&#8221; mobile_reset_margin=&#8221;no&#8221; tablet_reset_margin=&#8221;no&#8221; css=&#8221;.vc_custom_1613071403480{margin-top: 0px !important;}&#8221;]\n\t\t<div id=\"wd-67e68d1f02532\" class=\"title-wrapper wd-wpb wd-set-mb reset-last-child  wd-rs-67e68d1f02532 wd-title-color-primary wd-title-style-bordered text-left vc_custom_1743162712636 wd-underline-colored\">\n\t\t\t\n\t\t\t<div class=\"liner-continer\">\n\t\t\t\t<h2 class=\"woodmart-title-container title  wd-font-weight-600 wd-fontsize-l\" >PLUTONE \u2013 Tenda Shantung Seta per camera da letto<\/h2>\n\t\t\t\t\t\t\t<\/div>\n\t\t\t\n\t\t\t\t\t\t\t<div class=\"title-after_title reset-last-child  wd-fontsize-xs\">Impressioni ed Emozioni da un Mondo Lontano<\/div>\n\t\t\t\n\t\t\t\n\t\t<\/div>\n\t\t\n\t\t\t\t<div id=\"wd-67e68e05719fc\" class=\"wd-text-block wd-wpb reset-last-child wd-rs-67e68e05719fc text-left \">\n\t\t\t<p style=\"text-align: justify;\">Benvenuti nel mondo di Plutone, dove l&#8217;eleganza e la bellezza si incontrano nella nostra splendida tenda in Shantung di Seta con un prezioso telo sovrapposto in Organza di Seta. Offriamo una vasta gamma di opzioni di colore per soddisfare i tuoi gusti e l&#8217;arredamento della tua camera da letto.<\/p>\n\t\t<\/div>\n\t\t[vc_message message_box_style=&#8221;outline&#8221; message_box_color=&#8221;grey&#8221; css=&#8221;&#8221;]<\/p>\n<ul>\n<li>Base <a href=\"https:\/\/www.marinigerardi.it\/shop\/prodotto\/tenda-shantung-seta-per-camera-da-letto\/\"><strong>Tenda Shantung Seta<\/strong><\/a> in combinazione con organza in seta<\/li>\n<li>Ogni telo \u00e8 cucito sartorialmente nel nostro laboratorio al momento dell\u2019ordine<\/li>\n<li style=\"text-align: left;\">Disegno e manifattura esclusiva Marini&amp;Gerardi<\/li>\n<\/ul>\n<p><strong>Per le misure non incluse<\/strong>, si prega d\u2019inviare il dettaglio della dimensione desiderata all&#8217; indirizzo mail <strong>assistenza@marinigerardi.it<\/strong>[\/vc_message][\/vc_column][vc_column css=&#8221;.vc_custom_1612434787067{background-position: center !important;background-repeat: no-repeat !important;background-size: cover !important;}&#8221; offset=&#8221;vc_col-lg-6 vc_col-md-6&#8243; mobile_bg_img_hidden=&#8221;no&#8221; tablet_bg_img_hidden=&#8221;no&#8221; woodmart_parallax=&#8221;0&#8243; woodmart_sticky_column=&#8221;false&#8221; parallax_scroll=&#8221;no&#8221; mobile_reset_margin=&#8221;no&#8221; tablet_reset_margin=&#8221;no&#8221;]\t\t<div id=\"gallery_429\" class=\"wd-images-gallery wd-wpb photoswipe-images\" style=\"--wd-justify-content:left;--wd-align-items:center;\">\n\t\t\t\n\t\t\t<div class=\" wd-grid-g\" style=\"--wd-col-lg:2;--wd-col-md:2;--wd-col-sm:1;--wd-gap-lg:10px;\">\n\t\t\t\t\n\t\t\t\t\t\t\t\t\t\t\t\t\t\t\t<div class=\"wd-gallery-item wd-col\">\n\t\t\t\t\t\t\t\t\t\t\t\t\t\t<a href=\"https:\/\/www.marinigerardi.it\/shop\/wp-content\/uploads\/2021\/01\/Tessuto-shantung-in-seta-combinazione-giallo-lime-blu-notte.jpg\" data-elementor-open-lightbox=\"no\" data-index=\"1\" data-width=\"1030\" data-height=\"1030\" \n\t\t\t\t\t\t\t\t\t\t\t\t\t\t\t\t\t\t\t\t\t\t\t\t\t\t\t\ttitle=\"Tessuto Shantung In Seta Combinazione Giallo Lime Blu Notte\">\n\t\t\t\t\t\t\t\t\n\t\t\t\t\t\t\t\t<img decoding=\"async\" width=\"1030\" height=\"1030\" src=\"https:\/\/www.marinigerardi.it\/shop\/wp-content\/uploads\/2021\/01\/Tessuto-shantung-in-seta-combinazione-giallo-lime-blu-notte.jpg.webp\" class=\"wd-gallery-image image-1\" alt=\"Tessuto Shantung In Seta Combinazione Giallo Lime Blu Notte\" srcset=\"https:\/\/www.marinigerardi.it\/shop\/wp-content\/uploads\/2021\/01\/Tessuto-shantung-in-seta-combinazione-giallo-lime-blu-notte.jpg.webp 1030w, https:\/\/www.marinigerardi.it\/shop\/wp-content\/uploads\/2021\/01\/Tessuto-shantung-in-seta-combinazione-giallo-lime-blu-notte-450x450.jpg 450w, https:\/\/www.marinigerardi.it\/shop\/wp-content\/uploads\/2021\/01\/Tessuto-shantung-in-seta-combinazione-giallo-lime-blu-notte-1000x1000.jpg 1000w, https:\/\/www.marinigerardi.it\/shop\/wp-content\/uploads\/2021\/01\/Tessuto-shantung-in-seta-combinazione-giallo-lime-blu-notte-300x300.jpg.webp 300w, https:\/\/www.marinigerardi.it\/shop\/wp-content\/uploads\/2021\/01\/Tessuto-shantung-in-seta-combinazione-giallo-lime-blu-notte-1024x1024.jpg.webp 1024w, https:\/\/www.marinigerardi.it\/shop\/wp-content\/uploads\/2021\/01\/Tessuto-shantung-in-seta-combinazione-giallo-lime-blu-notte-150x150.jpg.webp 150w, https:\/\/www.marinigerardi.it\/shop\/wp-content\/uploads\/2021\/01\/Tessuto-shantung-in-seta-combinazione-giallo-lime-blu-notte-768x768.jpg.webp 768w\" sizes=\"(max-width: 1030px) 100vw, 1030px\" \/>\n\t\t\t\t\t\t\t\t\t\t\t\t\t\t\t<\/a>\n\t\t\t\t\t\t\t\t\t\t\t\t<\/div>\n\t\t\t\t\t\t\t\t\t\t\t<div class=\"wd-gallery-item wd-col\">\n\t\t\t\t\t\t\t\t\t\t\t\t\t\t<a href=\"https:\/\/www.marinigerardi.it\/shop\/wp-content\/uploads\/2021\/01\/Tessuto-shantung-in-seta-combinazione-ruggine.jpg\" data-elementor-open-lightbox=\"no\" data-index=\"2\" data-width=\"1030\" data-height=\"1030\" \n\t\t\t\t\t\t\t\t\t\t\t\t\t\t\t\t\t\t\t\t\t\t\t\t\t\t\t\ttitle=\"Tessuto Shantung In Seta Combinazione Ruggine\">\n\t\t\t\t\t\t\t\t\n\t\t\t\t\t\t\t\t<img decoding=\"async\" width=\"1030\" height=\"1030\" src=\"https:\/\/www.marinigerardi.it\/shop\/wp-content\/uploads\/2021\/01\/Tessuto-shantung-in-seta-combinazione-ruggine.jpg.webp\" class=\"wd-gallery-image image-2\" alt=\"Tessuto Shantung In Seta Combinazione Ruggine\" srcset=\"https:\/\/www.marinigerardi.it\/shop\/wp-content\/uploads\/2021\/01\/Tessuto-shantung-in-seta-combinazione-ruggine.jpg.webp 1030w, https:\/\/www.marinigerardi.it\/shop\/wp-content\/uploads\/2021\/01\/Tessuto-shantung-in-seta-combinazione-ruggine-450x450.jpg 450w, https:\/\/www.marinigerardi.it\/shop\/wp-content\/uploads\/2021\/01\/Tessuto-shantung-in-seta-combinazione-ruggine-1000x1000.jpg 1000w, https:\/\/www.marinigerardi.it\/shop\/wp-content\/uploads\/2021\/01\/Tessuto-shantung-in-seta-combinazione-ruggine-300x300.jpg.webp 300w, https:\/\/www.marinigerardi.it\/shop\/wp-content\/uploads\/2021\/01\/Tessuto-shantung-in-seta-combinazione-ruggine-1024x1024.jpg.webp 1024w, https:\/\/www.marinigerardi.it\/shop\/wp-content\/uploads\/2021\/01\/Tessuto-shantung-in-seta-combinazione-ruggine-150x150.jpg.webp 150w, https:\/\/www.marinigerardi.it\/shop\/wp-content\/uploads\/2021\/01\/Tessuto-shantung-in-seta-combinazione-ruggine-768x768.jpg.webp 768w\" sizes=\"(max-width: 1030px) 100vw, 1030px\" \/>\n\t\t\t\t\t\t\t\t\t\t\t\t\t\t\t<\/a>\n\t\t\t\t\t\t\t\t\t\t\t\t<\/div>\n\t\t\t\t\t\t\t\t\t\t\t<div class=\"wd-gallery-item wd-col\">\n\t\t\t\t\t\t\t\t\t\t\t\t\t\t<a href=\"https:\/\/www.marinigerardi.it\/shop\/wp-content\/uploads\/2021\/01\/Tessuto-shantung-in-seta-combinazione-turchese-verde.jpg\" data-elementor-open-lightbox=\"no\" data-index=\"3\" data-width=\"1030\" data-height=\"1030\" \n\t\t\t\t\t\t\t\t\t\t\t\t\t\t\t\t\t\t\t\t\t\t\t\t\t\t\t\ttitle=\"Tessuto Shantung In Seta Combinazione Turchese Verde\">\n\t\t\t\t\t\t\t\t\n\t\t\t\t\t\t\t\t<img decoding=\"async\" width=\"1030\" height=\"1030\" src=\"https:\/\/www.marinigerardi.it\/shop\/wp-content\/uploads\/2021\/01\/Tessuto-shantung-in-seta-combinazione-turchese-verde.jpg.webp\" class=\"wd-gallery-image image-3\" alt=\"Tessuto Shantung In Seta Combinazione Turchese Verde\" srcset=\"https:\/\/www.marinigerardi.it\/shop\/wp-content\/uploads\/2021\/01\/Tessuto-shantung-in-seta-combinazione-turchese-verde.jpg.webp 1030w, https:\/\/www.marinigerardi.it\/shop\/wp-content\/uploads\/2021\/01\/Tessuto-shantung-in-seta-combinazione-turchese-verde-450x450.jpg 450w, https:\/\/www.marinigerardi.it\/shop\/wp-content\/uploads\/2021\/01\/Tessuto-shantung-in-seta-combinazione-turchese-verde-1000x1000.jpg 1000w, https:\/\/www.marinigerardi.it\/shop\/wp-content\/uploads\/2021\/01\/Tessuto-shantung-in-seta-combinazione-turchese-verde-300x300.jpg.webp 300w, https:\/\/www.marinigerardi.it\/shop\/wp-content\/uploads\/2021\/01\/Tessuto-shantung-in-seta-combinazione-turchese-verde-1024x1024.jpg.webp 1024w, https:\/\/www.marinigerardi.it\/shop\/wp-content\/uploads\/2021\/01\/Tessuto-shantung-in-seta-combinazione-turchese-verde-150x150.jpg.webp 150w, https:\/\/www.marinigerardi.it\/shop\/wp-content\/uploads\/2021\/01\/Tessuto-shantung-in-seta-combinazione-turchese-verde-768x768.jpg.webp 768w\" sizes=\"(max-width: 1030px) 100vw, 1030px\" \/>\n\t\t\t\t\t\t\t\t\t\t\t\t\t\t\t<\/a>\n\t\t\t\t\t\t\t\t\t\t\t\t<\/div>\n\t\t\t\t\t\t\t\t\t\t\t<div class=\"wd-gallery-item wd-col\">\n\t\t\t\t\t\t\t\t\t\t\t\t\t\t<a href=\"https:\/\/www.marinigerardi.it\/shop\/wp-content\/uploads\/2021\/01\/Tessuto-shantung-in-seta-combinazione-verde-pistacchio.jpg\" data-elementor-open-lightbox=\"no\" data-index=\"4\" data-width=\"1030\" data-height=\"1030\" \n\t\t\t\t\t\t\t\t\t\t\t\t\t\t\t\t\t\t\t\t\t\t\t\t\t\t\t\ttitle=\"Tessuto Shantung In Seta Combinazione Verde Pistacchio\">\n\t\t\t\t\t\t\t\t\n\t\t\t\t\t\t\t\t<img decoding=\"async\" width=\"1030\" height=\"1030\" src=\"https:\/\/www.marinigerardi.it\/shop\/wp-content\/uploads\/2021\/01\/Tessuto-shantung-in-seta-combinazione-verde-pistacchio.jpg.webp\" class=\"wd-gallery-image image-4\" alt=\"Tessuto Shantung In Seta Combinazione Verde Pistacchio\" srcset=\"https:\/\/www.marinigerardi.it\/shop\/wp-content\/uploads\/2021\/01\/Tessuto-shantung-in-seta-combinazione-verde-pistacchio.jpg.webp 1030w, https:\/\/www.marinigerardi.it\/shop\/wp-content\/uploads\/2021\/01\/Tessuto-shantung-in-seta-combinazione-verde-pistacchio-450x450.jpg 450w, https:\/\/www.marinigerardi.it\/shop\/wp-content\/uploads\/2021\/01\/Tessuto-shantung-in-seta-combinazione-verde-pistacchio-1000x1000.jpg 1000w, https:\/\/www.marinigerardi.it\/shop\/wp-content\/uploads\/2021\/01\/Tessuto-shantung-in-seta-combinazione-verde-pistacchio-300x300.jpg.webp 300w, https:\/\/www.marinigerardi.it\/shop\/wp-content\/uploads\/2021\/01\/Tessuto-shantung-in-seta-combinazione-verde-pistacchio-1024x1024.jpg.webp 1024w, https:\/\/www.marinigerardi.it\/shop\/wp-content\/uploads\/2021\/01\/Tessuto-shantung-in-seta-combinazione-verde-pistacchio-150x150.jpg.webp 150w, https:\/\/www.marinigerardi.it\/shop\/wp-content\/uploads\/2021\/01\/Tessuto-shantung-in-seta-combinazione-verde-pistacchio-768x768.jpg.webp 768w\" sizes=\"(max-width: 1030px) 100vw, 1030px\" \/>\n\t\t\t\t\t\t\t\t\t\t\t\t\t\t\t<\/a>\n\t\t\t\t\t\t\t\t\t\t\t\t<\/div>\n\t\t\t\t\t\t\t\t\t\n\t\t\t\t\t\t\t<\/div>\n\n\t\t\t\t\t<\/div>\n\t\t[\/vc_column][\/vc_row][vc_row][vc_column][vc_text_separator title=&#8221;&#8221; css=&#8221;.vc_custom_1743162726234{margin-top: 20px !important;margin-bottom: 20px !important;}&#8221;]\n\t\t<div id=\"wd-67e68d5f4e04a\" class=\"title-wrapper wd-wpb wd-set-mb reset-last-child  wd-rs-67e68d5f4e04a wd-title-color-default wd-title-style-default text-center  wd-underline-colored\">\n\t\t\t\n\t\t\t<div class=\"liner-continer\">\n\t\t\t\t<h3 class=\"woodmart-title-container title  wd-font-weight-600 wd-fontsize-l\" >Tenda Shantung Seta<\/h3>\n\t\t\t\t\t\t\t<\/div>\n\t\t\t\n\t\t\t\t\t\t\t<div class=\"title-after_title reset-last-child  wd-fontsize-xs\">Seta: la luce che danza tra le pieghe del tessuto.<\/div>\n\t\t\t\n\t\t\t\n\t\t<\/div>\n\t\t\n\t\t[\/vc_column][\/vc_row][vc_row content_placement=&#8221;middle&#8221; woodmart_bg_position=&#8221;center-bottom&#8221; css=&#8221;.vc_custom_1743162872971{background-color: #F3F3F3 !important;background-position: 0 0 !important;background-repeat: no-repeat !important;}&#8221; el_class=&#8221;mobile-bg-img-hidden&#8221; mobile_bg_img_hidden=&#8221;no&#8221; tablet_bg_img_hidden=&#8221;no&#8221; woodmart_parallax=&#8221;0&#8243; woodmart_gradient_switch=&#8221;no&#8221; row_reverse_mobile=&#8221;0&#8243; row_reverse_tablet=&#8221;0&#8243; woodmart_disable_overflow=&#8221;0&#8243; woodmart_css_id=&#8221;67e68de116f5f&#8221; responsive_spacing=&#8221;eyJwYXJhbV90eXBlIjoid29vZG1hcnRfcmVzcG9uc2l2ZV9zcGFjaW5nIiwic2VsZWN0b3JfaWQiOiI2N2U2OGRlMTE2ZjVmIiwic2hvcnRjb2RlIjoidmNfcm93IiwiZGF0YSI6eyJ0YWJsZXQiOnt9LCJtb2JpbGUiOnt9fX0=&#8221; woodmart_box_shadow=&#8221;yes&#8221; wd_box_shadow=&#8221;eyJkZXZpY2VzIjp7ImRlc2t0b3AiOnsiaG9yaXpvbnRhbCI6IjAiLCJ2ZXJ0aWNhbCI6IjAiLCJibHVyIjoiOSIsInNwcmVhZCI6IjAiLCJjb2xvciI6InJnYmEoMCwgMCwgMCwgLjE1KSJ9fX0=&#8221; wd_z_index=&#8221;no&#8221;][vc_column mobile_bg_img_hidden=&#8221;no&#8221; tablet_bg_img_hidden=&#8221;no&#8221; woodmart_parallax=&#8221;0&#8243; woodmart_sticky_column=&#8221;false&#8221; parallax_scroll=&#8221;no&#8221; mobile_reset_margin=&#8221;no&#8221; tablet_reset_margin=&#8221;no&#8221;][vc_single_image image=&#8221;13046&#8243; img_size=&#8221;full&#8221; alignment=&#8221;center&#8221; onclick=&#8221;link_image&#8221; parallax_scroll=&#8221;no&#8221; woodmart_inline=&#8221;no&#8221;][\/vc_column][\/vc_row][vc_row][vc_column]\n\t\t<div id=\"wd-67e6b6efb745c\" class=\"title-wrapper wd-wpb wd-set-mb reset-last-child  wd-rs-67e6b6efb745c wd-title-color-primary wd-title-style-bordered text-center justify  wd-underline-colored\">\n\t\t\t\n\t\t\t<div class=\"liner-continer\">\n\t\t\t\t<h3 class=\"woodmart-title-container title  wd-font-weight-600 wd-fontsize-l\" >PLUTONE \u2013 Tenda Shantung Seta<\/h3>\n\t\t\t\t\t\t\t<\/div>\n\t\t\t\n\t\t\t\t\t\t\t<div class=\"title-after_title reset-last-child  wd-fontsize-xs\">Seta: la scelta naturale per un'eleganza senza pari.<\/div>\n\t\t\t\n\t\t\t\n\t\t<\/div>\n\t\t\n\t\t[vc_column_text css=&#8221;&#8221; text_larger=&#8221;no&#8221; woodmart_inline=&#8221;no&#8221;]<\/p>\n<p style=\"text-align: justify;\"><strong>Lussuosa Tenda Shantung Seta e Organza di Seta per la Tua Camera da Letto<\/strong><\/p>\n<p style=\"text-align: justify;\"><strong>Materiali di Alta Qualit\u00e0<br \/>\n<\/strong>La nostra tenda \u00e8 realizzata con Shantung di Seta di grande pregio e qualit\u00e0, caratterizzata da una trama fitta e una annodatura rada. Questo tessuto \u00e8 noto per la sua morbidezza al tatto, la luminosit\u00e0 con effetti di colore cangiante e la sua consistenza corposa e croccante. Avvolger\u00e0 la tua camera da letto con un&#8217;eleganza senza tempo, trasformandola in un&#8217;oasi di comfort e stile.<br \/>\nIl telo sovrapposto \u00e8 realizzato in Organza di Seta trasparente, un tessuto delicato e sottile con una mano liscia e una resa semi rigida. Questa organza di seta conferir\u00e0 alla tua tenda un tocco di leggerezza e raffinatezza, creando un effetto visivo unico.<br \/>\n<strong>Diverse Stupende Combinazioni di Colore<\/strong><br \/>\nScegli tra una variet\u00e0 di combinazioni di colore per personalizzare la tua tenda Plutone e adattarla al tuo stile e alle tue preferenze. Che tu voglia un look classico, contemporaneo o audace, troverai sicuramente la combinazione perfetta per la tua camera da letto.<br \/>\n<strong>Perfetta per la Tua Camera da Letto<\/strong><br \/>\nLa tenda Plutone \u00e8 progettata per aggiungere un tocco di lusso e raffinatezza alla tua camera da letto. La sua qualit\u00e0 artigianale e i materiali di alta qualit\u00e0 garantiscono una lunga durata e una bellezza duratura.<br \/>\n<strong>Ordina Ora<\/strong><br \/>\nTrasforma la tua camera da letto in un&#8217;oasi di lusso con la nostra splendida tenda in Shantung di Seta e Organza di Seta. Ordina oggi stesso e scopri la bellezza senza tempo di Plutone.<\/p>\n<p>[\/vc_column_text][\/vc_column][\/vc_row]<\/p>\n<\/div>","protected":false},"excerpt":{"rendered":"<p><strong>PLUTONE &#8211; Base Tenda shantung seta<\/strong>\u00a0con telo sovrapposto in organza di seta. I<strong>l mondo del lusso non \u00e8 mai stato cos\u00ec esclusivo!<\/strong><\/p>\n","protected":false},"featured_media":13042,"template":"","meta":[],"product_brand":[],"product_cat":[3106,1936],"product_tag":[2836,2835],"class_list":{"0":"post-8593","1":"product","2":"type-product","3":"status-publish","4":"has-post-thumbnail","6":"product_cat-tende-da-interni","7":"product_cat-tende-in-seta","8":"product_tag-tenda-shantung","9":"product_tag-tenda-shantung-seta","11":"first","12":"instock","13":"taxable","14":"shipping-taxable","15":"purchasable","16":"product-type-simple"},"_links":{"self":[{"href":"https:\/\/www.marinigerardi.it\/shop\/wp-json\/wp\/v2\/product\/8593","targetHints":{"allow":["GET"]}}],"collection":[{"href":"https:\/\/www.marinigerardi.it\/shop\/wp-json\/wp\/v2\/product"}],"about":[{"href":"https:\/\/www.marinigerardi.it\/shop\/wp-json\/wp\/v2\/types\/product"}],"wp:featuredmedia":[{"embeddable":true,"href":"https:\/\/www.marinigerardi.it\/shop\/wp-json\/wp\/v2\/media\/13042"}],"wp:attachment":[{"href":"https:\/\/www.marinigerardi.it\/shop\/wp-json\/wp\/v2\/media?parent=8593"}],"wp:term":[{"taxonomy":"product_brand","embeddable":true,"href":"https:\/\/www.marinigerardi.it\/shop\/wp-json\/wp\/v2\/product_brand?post=8593"},{"taxonomy":"product_cat","embeddable":true,"href":"https:\/\/www.marinigerardi.it\/shop\/wp-json\/wp\/v2\/product_cat?post=8593"},{"taxonomy":"product_tag","embeddable":true,"href":"https:\/\/www.marinigerardi.it\/shop\/wp-json\/wp\/v2\/product_tag?post=8593"}],"curies":[{"name":"wp","href":"https:\/\/api.w.org\/{rel}","templated":true}]}}