{"id":8543,"date":"2021-01-28T10:51:48","date_gmt":"2021-01-28T10:51:48","guid":{"rendered":"https:\/\/marinigerardi.it\/shop\/product\/import-placeholder-for-24199\/"},"modified":"2025-12-21T01:10:17","modified_gmt":"2025-12-21T01:10:17","slug":"costa-degli-dei-la-tovaglia-per-promessa-di-matrimonio","status":"publish","type":"product","link":"https:\/\/www.marinigerardi.it\/shop\/prodotto\/costa-degli-dei-la-tovaglia-per-promessa-di-matrimonio\/","title":{"rendered":"COSTA DEGLI DEI &#8211; Tovaglia per Promessa di Matrimonio"},"content":{"rendered":"<div class=\"wpb-content-wrapper\"><p>[vc_row equal_height=&#8221;yes&#8221; mobile_bg_img_hidden=&#8221;no&#8221; tablet_bg_img_hidden=&#8221;no&#8221; woodmart_parallax=&#8221;0&#8243; woodmart_gradient_switch=&#8221;no&#8221; row_reverse_mobile=&#8221;0&#8243; row_reverse_tablet=&#8221;0&#8243; woodmart_disable_overflow=&#8221;0&#8243;][vc_column offset=&#8221;vc_col-lg-6 vc_col-md-6&#8243; mobile_bg_img_hidden=&#8221;no&#8221; tablet_bg_img_hidden=&#8221;no&#8221; woodmart_parallax=&#8221;0&#8243; woodmart_sticky_column=&#8221;false&#8221; parallax_scroll=&#8221;no&#8221; mobile_reset_margin=&#8221;no&#8221; tablet_reset_margin=&#8221;no&#8221; css=&#8221;.vc_custom_1613071403480{margin-top: 0px !important;}&#8221;]\n\t\t<div id=\"wd-694748cf0ff52\" class=\"title-wrapper wd-wpb wd-set-mb reset-last-child  wd-rs-694748cf0ff52 wd-title-color-primary wd-title-style-bordered text-left vc_custom_1766279330229 wd-underline-colored\">\n\t\t\t\n\t\t\t<div class=\"liner-continer\">\n\t\t\t\t<h2 class=\"woodmart-title-container title  wd-font-weight- wd-fontsize-l\" >COSTA DEGLI DEI - Tovaglia per Promessa di Matrimonio in Lino100%<\/h2>\n\t\t\t\t\t\t\t<\/div>\n\t\t\t\n\t\t\t\n\t\t\t\n\t\t<\/div>\n\t\t\n\t\t\t\t<div id=\"wd-6538fa5bd3d78\" class=\"wd-text-block wd-wpb reset-last-child wd-rs-6538fa5bd3d78 text-left \">\n\t\t\t<p style=\"text-align: justify;\"><a href=\"https:\/\/www.marinigerardi.it\/shop\/prodotto\/costa-degli-dei-la-tovaglia-per-promessa-di-matrimonio\/\">Tovaglia<\/a> in Lino 100% di una modernit\u00e0 ed eleganza assoluta. Una splendida Tovaglia con inserto a contrasto di colore. Cucita sartorialmente nel nostro laboratorio al momento dell\u2019ordine Una Grande Tovaglia, fatta come si deve per fare la differenza, perfetta e adatta per ogni occasione. Una Musa ispiratrice che pu\u00f2 essere utilizzata in casa secondo le diverse interpretazioni d&#8217;Arredo.<\/p>\n\t\t<\/div>\n\t\t[vc_message message_box_style=&#8221;outline&#8221; message_box_color=&#8221;grey&#8221; css=&#8221;&#8221;]<strong>Tessuto: <\/strong>100% Lino liscio Soft Touch<br \/>\n<strong>Peso tessuto:<\/strong> 210 gr\/m\u00b2<br \/>\n<strong>Colori:<\/strong> Terra Umbra | Tortora | Ghiaccio<br \/>\n<strong>Misure:<\/strong> 180\u00d7180 | 180\u00d7200 | 180\u00d7240 | 180\u00d7260 | 180\u00d7280 | 180\u00d7300<\/p>\n<p>Per misure particolari vi preghiamo di contattarci al Indirizzo mail <strong>assistenza@marinigerardi.it<\/strong>[\/vc_message][\/vc_column][vc_column css=&#8221;.vc_custom_1612434787067{background-position: center !important;background-repeat: no-repeat !important;background-size: cover !important;}&#8221; offset=&#8221;vc_col-lg-6 vc_col-md-6&#8243; mobile_bg_img_hidden=&#8221;no&#8221; tablet_bg_img_hidden=&#8221;no&#8221; woodmart_parallax=&#8221;0&#8243; woodmart_sticky_column=&#8221;false&#8221; parallax_scroll=&#8221;no&#8221; mobile_reset_margin=&#8221;no&#8221; tablet_reset_margin=&#8221;no&#8221;][vc_single_image image=&#8221;11958&#8243; img_size=&#8221;full&#8221; alignment=&#8221;center&#8221; style=&#8221;vc_box_shadow&#8221; onclick=&#8221;link_image&#8221; css=&#8221;.vc_custom_1622796973226{margin-right: 20px !important;}&#8221; parallax_scroll=&#8221;no&#8221;][\/vc_column][\/vc_row][vc_row][vc_column][vc_empty_space woodmart_hide_large=&#8221;0&#8243; woodmart_hide_medium=&#8221;0&#8243; woodmart_hide_small=&#8221;0&#8243;]\n\t\t<div id=\"wd-694748e2a0b0e\" class=\"title-wrapper wd-wpb wd-set-mb reset-last-child  wd-rs-694748e2a0b0e wd-title-color-default wd-title-style-bordered text-center  wd-underline-colored\">\n\t\t\t\n\t\t\t<div class=\"liner-continer\">\n\t\t\t\t<h3 class=\"woodmart-title-container title  wd-font-weight- wd-fontsize-l\" >Tovaglia per Promessa di Matrimonio<\/h3>\n\t\t\t\t\t\t\t<\/div>\n\t\t\t\n\t\t\t\n\t\t\t\n\t\t<\/div>\n\t\t\n\t\t[\/vc_column][\/vc_row][vc_row content_placement=&#8221;middle&#8221; woodmart_bg_position=&#8221;center-bottom&#8221; css=&#8221;.vc_custom_1698232846505{background-color: #f3f3f3 !important;background-position: 0 0 !important;background-repeat: no-repeat !important;}&#8221; el_class=&#8221;mobile-bg-img-hidden&#8221; mobile_bg_img_hidden=&#8221;no&#8221; tablet_bg_img_hidden=&#8221;no&#8221; woodmart_parallax=&#8221;0&#8243; woodmart_gradient_switch=&#8221;no&#8221; row_reverse_mobile=&#8221;0&#8243; row_reverse_tablet=&#8221;0&#8243; woodmart_disable_overflow=&#8221;0&#8243; woodmart_css_id=&#8221;6538fa008634b&#8221; responsive_spacing=&#8221;eyJwYXJhbV90eXBlIjoid29vZG1hcnRfcmVzcG9uc2l2ZV9zcGFjaW5nIiwic2VsZWN0b3JfaWQiOiI2NTM4ZmEwMDg2MzRiIiwic2hvcnRjb2RlIjoidmNfcm93IiwiZGF0YSI6eyJ0YWJsZXQiOnt9LCJtb2JpbGUiOnt9fX0=&#8221; woodmart_box_shadow=&#8221;yes&#8221; wd_box_shadow=&#8221;eyJkZXZpY2VzIjp7ImRlc2t0b3AiOnsiaG9yaXpvbnRhbCI6IjAiLCJ2ZXJ0aWNhbCI6IjAiLCJibHVyIjoiOSIsInNwcmVhZCI6IjAiLCJjb2xvciI6InJnYmEoMCwgMCwgMCwgLjE1KSJ9fX0=&#8221; wd_z_index=&#8221;no&#8221;][vc_column mobile_bg_img_hidden=&#8221;no&#8221; tablet_bg_img_hidden=&#8221;no&#8221; woodmart_parallax=&#8221;0&#8243; woodmart_sticky_column=&#8221;false&#8221; parallax_scroll=&#8221;no&#8221; mobile_reset_margin=&#8221;no&#8221; tablet_reset_margin=&#8221;no&#8221;][vc_single_image image=&#8221;11955&#8243; img_size=&#8221;full&#8221; alignment=&#8221;center&#8221; style=&#8221;vc_box_shadow&#8221; onclick=&#8221;link_image&#8221; parallax_scroll=&#8221;no&#8221; woodmart_inline=&#8221;no&#8221;][\/vc_column][\/vc_row][vc_row][vc_column]\n\t\t<div id=\"wd-694748ec67c7e\" class=\"title-wrapper wd-wpb wd-set-mb reset-last-child  wd-rs-694748ec67c7e wd-title-color-primary wd-title-style-bordered text-left justify  wd-underline-colored\">\n\t\t\t\n\t\t\t<div class=\"liner-continer\">\n\t\t\t\t<h3 class=\"woodmart-title-container title  wd-font-weight- wd-fontsize-l\" >COSTA DEGLI DEI - Tovaglia per Promessa di Matrimonio in Lino Soft Touch<\/h3>\n\t\t\t\t\t\t\t<\/div>\n\t\t\t\n\t\t\t\t\t\t\t<div class=\"title-after_title reset-last-child  wd-fontsize-xs\">Tovaglia con inserto a contrasto di colore.<\/div>\n\t\t\t\n\t\t\t\n\t\t<\/div>\n\t\t\n\t\t\t\t<div id=\"wd-65481292c2b1e\" class=\"wd-text-block wd-wpb reset-last-child wd-rs-65481292c2b1e text-left \">\n\t\t\t<p style=\"text-align: justify;\">Immagina di stendere una tovaglia che racconta la storia di chilometri di spiagge dorate, costellate da rocce frastagliate e baie pittoresche, con il mare che si estende all&#8217;orizzonte e panorami mozzafiato. Ora, rendi questo sogno realt\u00e0 con la<strong> tovaglia da tavola di Lino Soft Touch Costa degli Dei.<\/strong><\/p>\n<p style=\"text-align: justify;\">Marini&amp;Gerardi ha creato con un tessuto straordinario non una semplice tovaglia: ma la protagonista della tua favola culinaria. Questa tovaglia aggiunge una freschezza estetica senza pari alla tua tavola, combinando semplicit\u00e0, lucentezza, volume, forza e dolcezza in un&#8217;unica esperienza sensoriale.<\/p>\n<p style=\"text-align: justify;\">Con un inserto a contrasto di colore che cattura l&#8217;attenzione, questa tovaglia non \u00e8 solo un complemento per il tuo tavolo, ma una dichiarazione di stile e bellezza. Il tessuto Soft Touch offre un tocco avvolgente di lusso, trasformando ogni pasto in un&#8217;esperienza indimenticabile.<\/p>\n<p style=\"text-align: justify;\"><strong>Preparati a vivere la magia di Costa degli Dei sulla tua tavola, dove ogni pasto diventa un viaggio attraverso paesaggi incantevoli e ricordi indelebili. Rendila la protagonista della tua tavola, e inizia a creare ricordi gustosi con stile.<\/strong><\/p>\n\t\t<\/div>\n\t\t[\/vc_column][\/vc_row]<\/p>\n<\/div>","protected":false},"excerpt":{"rendered":"<p>Tovaglia rettangolare in Lino semplicemente meravigliosa: in tinta unita, con inserto a contrasto di colore. <strong>COSTA DEGLI DEI &#8211; Una tovaglia non solo bella<\/strong> ma anche funzionale, moderna, fresca e assolutamente indispensabile per una cena elegante. <strong>Tovaglia per Promessa di Matrimonio<\/strong><\/p>\n","protected":false},"featured_media":11956,"template":"","meta":[],"product_brand":[],"product_cat":[145],"product_tag":[],"class_list":{"0":"post-8543","1":"product","2":"type-product","3":"status-publish","4":"has-post-thumbnail","6":"product_cat-tovaglie-di-lino","8":"first","9":"instock","10":"taxable","11":"shipping-taxable","12":"purchasable","13":"product-type-simple"},"_links":{"self":[{"href":"https:\/\/www.marinigerardi.it\/shop\/wp-json\/wp\/v2\/product\/8543","targetHints":{"allow":["GET"]}}],"collection":[{"href":"https:\/\/www.marinigerardi.it\/shop\/wp-json\/wp\/v2\/product"}],"about":[{"href":"https:\/\/www.marinigerardi.it\/shop\/wp-json\/wp\/v2\/types\/product"}],"wp:featuredmedia":[{"embeddable":true,"href":"https:\/\/www.marinigerardi.it\/shop\/wp-json\/wp\/v2\/media\/11956"}],"wp:attachment":[{"href":"https:\/\/www.marinigerardi.it\/shop\/wp-json\/wp\/v2\/media?parent=8543"}],"wp:term":[{"taxonomy":"product_brand","embeddable":true,"href":"https:\/\/www.marinigerardi.it\/shop\/wp-json\/wp\/v2\/product_brand?post=8543"},{"taxonomy":"product_cat","embeddable":true,"href":"https:\/\/www.marinigerardi.it\/shop\/wp-json\/wp\/v2\/product_cat?post=8543"},{"taxonomy":"product_tag","embeddable":true,"href":"https:\/\/www.marinigerardi.it\/shop\/wp-json\/wp\/v2\/product_tag?post=8543"}],"curies":[{"name":"wp","href":"https:\/\/api.w.org\/{rel}","templated":true}]}}