{"id":8523,"date":"2021-01-28T10:51:21","date_gmt":"2021-01-28T10:51:21","guid":{"rendered":"https:\/\/marinigerardi.it\/shop\/product\/import-placeholder-for-24162\/"},"modified":"2025-12-21T00:23:49","modified_gmt":"2025-12-21T00:23:49","slug":"melissano-b-tovaglia-in-lino-da-matrimonio","status":"publish","type":"product","link":"https:\/\/www.marinigerardi.it\/shop\/prodotto\/melissano-b-tovaglia-in-lino-da-matrimonio\/","title":{"rendered":"PROMESSA DI MATRIMONIO &#8211; Tovaglia in Lino da Matrimonio"},"content":{"rendered":"<div class=\"wpb-content-wrapper\"><p>[vc_row equal_height=&#8221;yes&#8221; mobile_bg_img_hidden=&#8221;no&#8221; tablet_bg_img_hidden=&#8221;no&#8221; woodmart_parallax=&#8221;0&#8243; woodmart_gradient_switch=&#8221;no&#8221; row_reverse_mobile=&#8221;0&#8243; row_reverse_tablet=&#8221;0&#8243; woodmart_disable_overflow=&#8221;0&#8243;][vc_column offset=&#8221;vc_col-lg-6 vc_col-md-6&#8243; mobile_bg_img_hidden=&#8221;no&#8221; tablet_bg_img_hidden=&#8221;no&#8221; woodmart_parallax=&#8221;0&#8243; woodmart_sticky_column=&#8221;false&#8221; parallax_scroll=&#8221;no&#8221; mobile_reset_margin=&#8221;no&#8221; tablet_reset_margin=&#8221;no&#8221; css=&#8221;.vc_custom_1613071403480{margin-top: 0px !important;}&#8221;]\n\t\t<div id=\"wd-69473a969340d\" class=\"title-wrapper wd-wpb wd-set-mb reset-last-child  wd-rs-69473a969340d wd-title-color-primary wd-title-style-bordered text-left vc_custom_1766275685120 wd-underline-colored\">\n\t\t\t\n\t\t\t<div class=\"liner-continer\">\n\t\t\t\t<h2 class=\"woodmart-title-container title  wd-font-weight- wd-fontsize-l\" >PROMESSA DI MATRIMONIO - Tovaglia in Lino da Matrimonio con cornice a contrasto di colore<\/h2>\n\t\t\t\t\t\t\t<\/div>\n\t\t\t\n\t\t\t\n\t\t\t\n\t\t<\/div>\n\t\t\n\t\t\t\t<div id=\"wd-65e32499b138e\" class=\"wd-text-block wd-wpb reset-last-child wd-rs-65e32499b138e text-left \">\n\t\t\t<p style=\"text-align: justify;\">Una Grande e lussuosa <a href=\"https:\/\/www.marinigerardi.it\/shop\/prodotto\/melissano-b-tovaglia-in-lino-da-matrimonio\/\">Tovaglia<\/a>, disponibile in due combinazioni o tonalit\u00e0 di colore con bordo a contrasto.<br \/>\nTessuto in puro lino 100% di grande pregio e qualit\u00e0 \u201ctinto in filo\u201d a trama fitta, morbida; un tessuto elegante, luminoso con effetto corposo e delicato al tatto.<\/p>\n\t\t<\/div>\n\t\t[vc_message message_box_style=&#8221;outline&#8221; message_box_color=&#8221;grey&#8221;]<strong>Tessuto: <\/strong>100% lino di grande qualit\u00e0.<br \/>\n<strong>Peso:<\/strong> 157 gr\/m2<br \/>\n<strong>Colori:<\/strong> Canapa (panna) | Giunco ecr\u00f9 | Bianco Ottico<br \/>\n<strong>Misure:<\/strong> 180\u00d7180 | 180\u00d7200 | 180\u00d7240 | 180\u00d7260 | 180\u00d7280 | 180\u00d7300<\/p>\n<p>Per altre misure vi preghiamo di inviare una mail ad <strong>assistenza@marinigerardi.it<\/strong>[\/vc_message][\/vc_column][vc_column css=&#8221;.vc_custom_1612434787067{background-position: center !important;background-repeat: no-repeat !important;background-size: cover !important;}&#8221; offset=&#8221;vc_col-lg-6 vc_col-md-6&#8243; mobile_bg_img_hidden=&#8221;no&#8221; tablet_bg_img_hidden=&#8221;no&#8221; woodmart_parallax=&#8221;0&#8243; woodmart_sticky_column=&#8221;false&#8221; parallax_scroll=&#8221;no&#8221; mobile_reset_margin=&#8221;no&#8221; tablet_reset_margin=&#8221;no&#8221;][vc_single_image image=&#8221;12329&#8243; img_size=&#8221;full&#8221; alignment=&#8221;center&#8221; onclick=&#8221;link_image&#8221; parallax_scroll=&#8221;no&#8221; woodmart_inline=&#8221;no&#8221;][\/vc_column][\/vc_row][vc_row][vc_column][vc_empty_space woodmart_hide_large=&#8221;0&#8243; woodmart_hide_medium=&#8221;0&#8243; woodmart_hide_small=&#8221;0&#8243;]\n\t\t<div id=\"wd-69473aa45161e\" class=\"title-wrapper wd-wpb wd-set-mb reset-last-child  wd-rs-69473aa45161e wd-title-color-default wd-title-style-bordered text-center  wd-underline-colored\">\n\t\t\t\n\t\t\t<div class=\"liner-continer\">\n\t\t\t\t<h3 class=\"woodmart-title-container title  wd-font-weight- wd-fontsize-l\" >Tovaglia in Lino da Matrimonio<\/h3>\n\t\t\t\t\t\t\t<\/div>\n\t\t\t\n\t\t\t\n\t\t\t\n\t\t<\/div>\n\t\t\n\t\t[\/vc_column][\/vc_row][vc_row content_placement=&#8221;middle&#8221; woodmart_bg_position=&#8221;center-bottom&#8221; css=&#8221;.vc_custom_1709384947651{background-color: #f3f3f3 !important;background-position: 0 0 !important;background-repeat: no-repeat !important;}&#8221; el_class=&#8221;mobile-bg-img-hidden&#8221; mobile_bg_img_hidden=&#8221;no&#8221; tablet_bg_img_hidden=&#8221;no&#8221; woodmart_parallax=&#8221;0&#8243; woodmart_gradient_switch=&#8221;no&#8221; row_reverse_mobile=&#8221;0&#8243; row_reverse_tablet=&#8221;0&#8243; woodmart_disable_overflow=&#8221;0&#8243; woodmart_css_id=&#8221;65e324e76830d&#8221; responsive_spacing=&#8221;eyJwYXJhbV90eXBlIjoid29vZG1hcnRfcmVzcG9uc2l2ZV9zcGFjaW5nIiwic2VsZWN0b3JfaWQiOiI2NWUzMjRlNzY4MzBkIiwic2hvcnRjb2RlIjoidmNfcm93IiwiZGF0YSI6eyJ0YWJsZXQiOnt9LCJtb2JpbGUiOnt9fX0=&#8221; woodmart_box_shadow=&#8221;no&#8221; wd_z_index=&#8221;no&#8221;][vc_column mobile_bg_img_hidden=&#8221;no&#8221; tablet_bg_img_hidden=&#8221;no&#8221; woodmart_parallax=&#8221;0&#8243; woodmart_sticky_column=&#8221;false&#8221; parallax_scroll=&#8221;no&#8221; mobile_reset_margin=&#8221;no&#8221; tablet_reset_margin=&#8221;no&#8221;][vc_single_image image=&#8221;12331&#8243; img_size=&#8221;full&#8221; alignment=&#8221;center&#8221; onclick=&#8221;link_image&#8221; parallax_scroll=&#8221;no&#8221; woodmart_inline=&#8221;no&#8221;][\/vc_column][\/vc_row][vc_row][vc_column]\n\t\t<div id=\"wd-69473ab1987db\" class=\"title-wrapper wd-wpb wd-set-mb reset-last-child  wd-rs-69473ab1987db wd-title-color-primary wd-title-style-bordered text-center justify  wd-underline-colored\">\n\t\t\t\n\t\t\t<div class=\"liner-continer\">\n\t\t\t\t<h3 class=\"woodmart-title-container title  wd-font-weight- wd-fontsize-l\" >Promessa di Matrimonio - Tovaglia in Lino da Matrimonio e per Eventi Speciali<\/h3>\n\t\t\t\t\t\t\t<\/div>\n\t\t\t\n\t\t\t\t\t\t\t<div class=\"title-after_title reset-last-child  wd-fontsize-xs\">ed ecco la magia del gran giorno!<\/div>\n\t\t\t\n\t\t\t\n\t\t<\/div>\n\t\t\n\t\t[vc_column_text css=&#8221;&#8221; text_larger=&#8221;no&#8221; woodmart_inline=&#8221;no&#8221;]Questo lino \u00e8 comunque bellissimo anche presentato senza alcun disegno a decoro grazie alla morbidezza e freschezza del filato.<br \/>\nL\u2019aspetto raffinato e semplice lo rendono perfetto in tutte le atmosfere e appuntamenti conviviali che contano. Una <a href=\"http:\/\/tovaglie.info\" target=\"_blank\" rel=\"noopener nofollow\">Tovaglia<\/a>\u00a0di <a href=\"http:\/\/purolino.net\/\" target=\"_blank\" rel=\"noopener nofollow\">lino<\/a> ispirata e dedicata alle suggestioni e alle tradizioni antiche del Salento. Questa Tovaglia Prestigiosa di puro lino \u00e8 fatta per vivere momenti particolari, ricca di sapori intensi e umori antichi che da piacere agli occhi e la gola.<\/p>\n<h3>Perch\u00e9 sceglierla per il tuo evento?<\/h3>\n<p>Che si tratti di una <b data-path-to-node=\"17\" data-index-in-node=\"21\">Promessa di Matrimonio<\/b> o di un evento di gala, questa tovaglia non \u00e8 un semplice complemento d&#8217;arredo, ma un pezzo di storia tessile. \u00c8 la scelta ideale per chi desidera una tavola che parli di amore, cura del dettaglio e lusso discreto.[\/vc_column_text][\/vc_column][\/vc_row][vc_row content_placement=&#8221;middle&#8221; woodmart_bg_position=&#8221;center-bottom&#8221; css=&#8221;.vc_custom_1709384947651{background-color: #f3f3f3 !important;background-position: 0 0 !important;background-repeat: no-repeat !important;}&#8221; el_class=&#8221;mobile-bg-img-hidden&#8221; mobile_bg_img_hidden=&#8221;no&#8221; tablet_bg_img_hidden=&#8221;no&#8221; woodmart_parallax=&#8221;0&#8243; woodmart_gradient_switch=&#8221;no&#8221; row_reverse_mobile=&#8221;0&#8243; row_reverse_tablet=&#8221;0&#8243; woodmart_disable_overflow=&#8221;0&#8243; woodmart_css_id=&#8221;65e324e76830d&#8221; responsive_spacing=&#8221;eyJwYXJhbV90eXBlIjoid29vZG1hcnRfcmVzcG9uc2l2ZV9zcGFjaW5nIiwic2VsZWN0b3JfaWQiOiI2NWUzMjRlNzY4MzBkIiwic2hvcnRjb2RlIjoidmNfcm93IiwiZGF0YSI6eyJ0YWJsZXQiOnt9LCJtb2JpbGUiOnt9fX0=&#8221; woodmart_box_shadow=&#8221;no&#8221; wd_z_index=&#8221;no&#8221;][vc_column mobile_bg_img_hidden=&#8221;no&#8221; tablet_bg_img_hidden=&#8221;no&#8221; woodmart_parallax=&#8221;0&#8243; woodmart_sticky_column=&#8221;false&#8221; parallax_scroll=&#8221;no&#8221; mobile_reset_margin=&#8221;no&#8221; tablet_reset_margin=&#8221;no&#8221;][vc_single_image image=&#8221;12324&#8243; img_size=&#8221;full&#8221; alignment=&#8221;center&#8221; parallax_scroll=&#8221;no&#8221; woodmart_inline=&#8221;no&#8221;][\/vc_column][\/vc_row][vc_row][vc_column]\t\t<div id=\"wd-69473dc00ccda\" class=\"wd-text-block wd-wpb reset-last-child wd-rs-69473dc00ccda text-left \">\n\t\t\t<h3>3 Consigli di Stile per una Tavola Indimenticabile<\/h3>\n<h3>1. Stile &#8220;Minimal Chic&#8221; (Eleganza Moderna)<\/h3>\n<p>Ideale se vuoi puntare tutto sulla bellezza del tessuto.<\/p>\n<ul>\n<li><b>Tovaglioli:<\/b> Usa tovaglioli in lino coordinati, ma piegati in modo rettangolare semplice e appoggiati sopra il piatto.<\/li>\n<li><b>Centrotavola:<\/b> Una serie di vasi sottili in vetro trasparente di diverse altezze con un singolo stelo di calla o di eucalipto.<\/li>\n<li><b>Dettaglio Bonus:<\/b> Sottopiatti in ceramica bianca opaca e posate in acciaio satinato.<\/li>\n<\/ul>\n<h3>2. Stile &#8220;Mediterraneo Autentico&#8221; (Tradizione Salentina)<\/h3>\n<p>Per richiamare le radici e il calore del Sud.<\/p>\n<ul>\n<li><b>Tovaglioli:<\/b> Legati con un cordino di juta o di canapa grezza.<\/li>\n<li><b>Centrotavola:<\/b> Una composizione &#8220;viva&#8221; con rami di ulivo fresco, piccoli limoni o melograni (a seconda della stagione) e candele color panna.<\/li>\n<li><b>Dettaglio Bonus:<\/b> Segnaposto scritti a mano su carta d&#8217;Amalfi o su piccole pietre levigate.<\/li>\n<\/ul>\n<h3>3. Stile &#8220;Boho-Romance&#8221; (Sognante e Morbido)<\/h3>\n<p>Perfetto per una Promessa di Matrimonio all&#8217;aperto o in una masseria.<\/p>\n<ul>\n<li><b>Tovaglioli:<\/b> Lasciati morbidi (quasi &#8220;buttati&#8221;) accanto al piatto per enfatizzare la naturalezza della piega del lino.<\/li>\n<li><b>Centrotavola:<\/b> Una ghirlanda di fiori di campo, lavanda e gypsophila (il &#8220;velo da sposa&#8221;) che corre lungo tutta la lunghezza del tavolo.<\/li>\n<li><b>Dettaglio Bonus:<\/b> Piccole lanterne in legno o ottone invecchiato sparse sulla tavola per creare punti luce caldi al tramonto.<\/li>\n<\/ul>\n\t\t<\/div>\n\t\t[\/vc_column][\/vc_row]<\/p>\n<\/div>","protected":false},"excerpt":{"rendered":"<p>La Regina incontrastata delle tovaglie di lino stropicciato. Elegante, raffinata e di lusso, tutta made in Italy. <strong>PROMESSA DI MATRIMONIO<\/strong> \u00e8 la tovaglia perfetta e adatta per ogni occasione, nata per un ambiente elegante, riservato, curato nei particolari.<\/p>\n","protected":false},"featured_media":12319,"template":"","meta":[],"product_brand":[],"product_cat":[145,3607,3606,3633],"product_tag":[2642,1263,2634],"class_list":{"0":"post-8523","1":"product","2":"type-product","3":"status-publish","4":"has-post-thumbnail","6":"product_cat-tovaglie-di-lino","7":"product_cat-tovaglie-eleganti","8":"product_cat-tovaglie-personalizzate","9":"product_cat-tovaglie-su-misura-online","10":"product_tag-tovaglia","11":"product_tag-tovaglia-matrimonio","12":"product_tag-tovagliati","14":"first","15":"instock","16":"taxable","17":"shipping-taxable","18":"purchasable","19":"product-type-simple"},"_links":{"self":[{"href":"https:\/\/www.marinigerardi.it\/shop\/wp-json\/wp\/v2\/product\/8523","targetHints":{"allow":["GET"]}}],"collection":[{"href":"https:\/\/www.marinigerardi.it\/shop\/wp-json\/wp\/v2\/product"}],"about":[{"href":"https:\/\/www.marinigerardi.it\/shop\/wp-json\/wp\/v2\/types\/product"}],"wp:featuredmedia":[{"embeddable":true,"href":"https:\/\/www.marinigerardi.it\/shop\/wp-json\/wp\/v2\/media\/12319"}],"wp:attachment":[{"href":"https:\/\/www.marinigerardi.it\/shop\/wp-json\/wp\/v2\/media?parent=8523"}],"wp:term":[{"taxonomy":"product_brand","embeddable":true,"href":"https:\/\/www.marinigerardi.it\/shop\/wp-json\/wp\/v2\/product_brand?post=8523"},{"taxonomy":"product_cat","embeddable":true,"href":"https:\/\/www.marinigerardi.it\/shop\/wp-json\/wp\/v2\/product_cat?post=8523"},{"taxonomy":"product_tag","embeddable":true,"href":"https:\/\/www.marinigerardi.it\/shop\/wp-json\/wp\/v2\/product_tag?post=8523"}],"curies":[{"name":"wp","href":"https:\/\/api.w.org\/{rel}","templated":true}]}}