{"id":8517,"date":"2021-01-28T10:51:17","date_gmt":"2021-01-28T10:51:17","guid":{"rendered":"https:\/\/marinigerardi.it\/shop\/product\/import-placeholder-for-24131\/"},"modified":"2026-01-23T22:16:09","modified_gmt":"2026-01-23T22:16:09","slug":"tovaglia-antimacchia-lino-no-stress","status":"publish","type":"product","link":"https:\/\/www.marinigerardi.it\/shop\/prodotto\/tovaglia-antimacchia-lino-no-stress\/","title":{"rendered":"NO  STRESS &#8211; Tovaglia Antimacchia Lino Resinato take easy"},"content":{"rendered":"<div class=\"wpb-content-wrapper\"><p>[vc_row equal_height=&#8221;yes&#8221; mobile_bg_img_hidden=&#8221;no&#8221; tablet_bg_img_hidden=&#8221;no&#8221; woodmart_parallax=&#8221;0&#8243; woodmart_gradient_switch=&#8221;no&#8221; row_reverse_mobile=&#8221;0&#8243; row_reverse_tablet=&#8221;0&#8243; woodmart_disable_overflow=&#8221;0&#8243;][vc_column offset=&#8221;vc_col-lg-6 vc_col-md-6&#8243; mobile_bg_img_hidden=&#8221;no&#8221; tablet_bg_img_hidden=&#8221;no&#8221; woodmart_parallax=&#8221;0&#8243; woodmart_sticky_column=&#8221;false&#8221; parallax_scroll=&#8221;no&#8221; mobile_reset_margin=&#8221;no&#8221; tablet_reset_margin=&#8221;no&#8221; css=&#8221;.vc_custom_1613071403480{margin-top: 0px !important;}&#8221;]\n\t\t<div id=\"wd-694936cebfaf9\" class=\"title-wrapper wd-wpb wd-set-mb reset-last-child  wd-rs-694936cebfaf9 wd-title-color-primary wd-title-style-bordered text-left vc_custom_1766405793416 wd-underline-colored\">\n\t\t\t\n\t\t\t<div class=\"liner-continer\">\n\t\t\t\t<h2 class=\"woodmart-title-container title  wd-font-weight- wd-fontsize-l\" >NO STRESS - Tovaglia Antimacchia Lino take easy Tinta Unita con plissettatura.<\/h2>\n\t\t\t\t\t\t\t<\/div>\n\t\t\t\n\t\t\t\n\t\t\t\n\t\t<\/div>\n\t\t\n\t\t\t\t<div id=\"wd-6970f65070b0b\" class=\"wd-text-block wd-wpb reset-last-child wd-rs-6970f65070b0b text-left \">\n\t\t\t<p style=\"text-align: justify;\">Tovaglia in Lino 100% Impermeabilizzato di una modernit\u00e0 ed eleganza assoluta. Una splendida Tovaglia plissettata al bordo, cucita sartorialmente nel nostro laboratorio al momento dell\u2019ordine. Una Grande Tovaglia, fatta come si deve per fare la differenza, perfetta e adatta in ogni occasione. Una Musa ispiratrice che pu\u00f2 essere utilizzata secondo le diverse interpretazioni.<\/p>\n\t\t<\/div>\n\t\t[vc_tta_accordion title_tag=&#8221;h3&#8243; section_title_tag=&#8221;h3&#8243; c_align=&#8221;left&#8221; active_section=&#8221;&#8221; collapsible_all=&#8221;true&#8221;][vc_tta_section title=&#8221;Info &amp; Scheda Prodotto&#8221; tab_id=&#8221;1769010524927-3dddc21c-6e88&#8243;]\t\t<div id=\"wd-6973b7f2a3ad5\" class=\"wd-text-block wd-wpb reset-last-child wd-rs-6973b7f2a3ad5 text-left \">\n\t\t\t<ul>\n<li><strong>Tessuto di lino 100% per<a href=\"https:\/\/www.marinigerardi.it\/shop\/prodotto\/tovaglia-antimacchia-lino-no-stress\/\"> tovaglia antimacchia: <\/a><\/strong>\u00a0\u00c9 buona norma intervenire subito con una spugna per evitare che le macchie di vino o di sugo agiscano in profondit\u00e0 sul tessuto.<\/li>\n<li><strong>Finitura Lavorazione: 2 <\/strong>Plissettature;<\/li>\n<li><strong>12 Colori:\u00a0<\/strong> Nuvola | Malva | Fango | Piombo | Bianco | Bordeaux | Cipria | Corda | Deep Blu | Marrone | Giallo | Pistacchio |<\/li>\n<li><strong>Misure:<\/strong> 135\u00d7165 | 135\u00d7175| 135\u00d7185| 135\u00d7295 | 135\u00d7205 | 135\u00d7215 | 135\u00d7225 | 135\u00d7235 | 135\u00d7245 | 135\u00d7255 | 135\u00d7265<\/li>\n<\/ul>\n<p>Per altre misure vi preghiamo di contattarci al Indirizzo mail <strong>assistenzza@marinigerardi.it<\/strong><\/p>\n\t\t<\/div>\n\t\t[\/vc_tta_section][vc_tta_section title=&#8221;Guida alle misure per la tua Tovaglia per Cucina&#8221; tab_id=&#8221;1769018374409-b9b6d69c-eb35&#8243;]\t\t<div id=\"wd-69711b4e1d289\" class=\"wd-text-block wd-wpb reset-last-child wd-rs-69711b4e1d289 text-left \">\n\t\t\t<p>Non sai quale misura scegliere per il tuo tavolo? Ecco una guida rapida basata sugli standard pi\u00f9 comuni:<\/p>\n<ul>\n<li><strong>Tavolo da 4 posti:<\/strong> Ideale la misura 90\u00d7120 cm o comodi 90\u00d7135 cm.<\/li>\n<li><strong>Tavolo da 6 posti:<\/strong> Consigliata la misura 90\u00d7160 cm o comodi 90&#215;180 cm<\/li>\n<li><strong>Tavolo da 8 posti:<\/strong> La misura 90\u00d7210cm copre perfettamente tavoli fino a 200 cm di lunghezza.<\/li>\n<li><strong>Tavolo da 10 posti:<\/strong> Scegli la misura 90\u00d7250 cm per il massimo del comfort.<\/li>\n<\/ul>\n<p><em>Ricorda: per una resa estetica ottimale, la tovaglia dovrebbe scendere lateralmente di circa 20-25 cm.<br \/>\n<strong>Nota Bene:<\/strong> Misurare sempre la larghezza del tuo tavolo.<\/em><\/p>\n\t\t<\/div>\n\t\t[\/vc_tta_section][vc_tta_section title=&#8221;Consigli per la &#8220;Caduta&#8220; Perfetta&#8221; tab_id=&#8221;1769018817978-063fd86f-c338&#8243;]\t\t<div id=\"wd-6973b1d733e6c\" class=\"wd-text-block wd-wpb reset-last-child wd-rs-6973b1d733e6c text-left \">\n\t\t\t<p>Per far risaltare al meglio il tessuto della tovaglia NO STRESS, la caduta laterale ideale \u00e8 di circa 20-25 cm\u00a0per lato.<\/p>\n<p>Esempio:\u00a0Se il tuo tavolo misura 90\u00d7150 cm (6 posti), la tovaglia da\u00a0135\u00d7195 cm lascer\u00e0 cadere 22,5 cm di tessuto su ogni lato, garantendo quell\u2019aspetto\u00a0 professionale che \u00e8 necessario.<\/p>\n\t\t<\/div>\n\t\t[\/vc_tta_section][\/vc_tta_accordion][\/vc_column][vc_column css=&#8221;.vc_custom_1612434787067{background-position: center !important;background-repeat: no-repeat !important;background-size: cover !important;}&#8221; offset=&#8221;vc_col-lg-6 vc_col-md-6&#8243; mobile_bg_img_hidden=&#8221;no&#8221; tablet_bg_img_hidden=&#8221;no&#8221; woodmart_parallax=&#8221;0&#8243; woodmart_sticky_column=&#8221;false&#8221; parallax_scroll=&#8221;no&#8221; mobile_reset_margin=&#8221;no&#8221; tablet_reset_margin=&#8221;no&#8221;]\t\t<div id=\"gallery_350\" class=\"wd-images-gallery wd-wpb wd-rs-6973b756ab734 photoswipe-images\" style=\"--wd-justify-content:center;--wd-align-items:center;\">\n\t\t\t\n\t\t\t<div class=\" wd-grid-f-col wd-masonry\" style=\"--wd-col-lg:3;--wd-col-md:3;--wd-col-sm:1;--wd-gap-lg:10px;\">\n\t\t\t\t\n\t\t\t\t\t\t\t\t\t\t\t\t\t\t\t<div class=\"wd-gallery-item wd-col\">\n\t\t\t\t\t\t\t\t\t\t\t\t\t\t<a href=\"https:\/\/www.marinigerardi.it\/shop\/wp-content\/uploads\/2021\/01\/tessuto-lino-resinato-per-tovaglia-antimacchia-bordeaux.jpg\" data-elementor-open-lightbox=\"no\" data-index=\"1\" data-width=\"1024\" data-height=\"768\" \n\t\t\t\t\t\t\t\t\t\t\t\t\t\t\t\t\t\t\t\t\t\t\t\t\t\t\t\ttitle=\"Tessuto Lino Resinato Per Tovaglia Antimacchia Bordeaux\">\n\t\t\t\t\t\t\t\t\n\t\t\t\t\t\t\t\t<img decoding=\"async\" width=\"1024\" height=\"768\" src=\"https:\/\/www.marinigerardi.it\/shop\/wp-content\/uploads\/2021\/01\/tessuto-lino-resinato-per-tovaglia-antimacchia-bordeaux.jpg.webp\" class=\"wd-gallery-image image-1\" alt=\"Tessuto Lino Resinato Per Tovaglia Antimacchia Bordeaux\" srcset=\"https:\/\/www.marinigerardi.it\/shop\/wp-content\/uploads\/2021\/01\/tessuto-lino-resinato-per-tovaglia-antimacchia-bordeaux.jpg.webp 1024w, https:\/\/www.marinigerardi.it\/shop\/wp-content\/uploads\/2021\/01\/tessuto-lino-resinato-per-tovaglia-antimacchia-bordeaux-450x338.jpg 450w, https:\/\/www.marinigerardi.it\/shop\/wp-content\/uploads\/2021\/01\/tessuto-lino-resinato-per-tovaglia-antimacchia-bordeaux-1000x750.jpg 1000w, https:\/\/www.marinigerardi.it\/shop\/wp-content\/uploads\/2021\/01\/tessuto-lino-resinato-per-tovaglia-antimacchia-bordeaux-300x225.jpg.webp 300w, https:\/\/www.marinigerardi.it\/shop\/wp-content\/uploads\/2021\/01\/tessuto-lino-resinato-per-tovaglia-antimacchia-bordeaux-768x576.jpg.webp 768w\" sizes=\"(max-width: 1024px) 100vw, 1024px\" \/>\n\t\t\t\t\t\t\t\t\t\t\t\t\t\t\t<\/a>\n\t\t\t\t\t\t\t\t\t\t\t\t<\/div>\n\t\t\t\t\t\t\t\t\t\t\t<div class=\"wd-gallery-item wd-col\">\n\t\t\t\t\t\t\t\t\t\t\t\t\t\t<a href=\"https:\/\/www.marinigerardi.it\/shop\/wp-content\/uploads\/2021\/01\/tessuto-lino-resinato-per-tovaglia-antimacchia-malva.jpg\" data-elementor-open-lightbox=\"no\" data-index=\"2\" data-width=\"1024\" data-height=\"768\" \n\t\t\t\t\t\t\t\t\t\t\t\t\t\t\t\t\t\t\t\t\t\t\t\t\t\t\t\ttitle=\"Tessuto Lino Resinato Per Tovaglia Antimacchia Malva\">\n\t\t\t\t\t\t\t\t\n\t\t\t\t\t\t\t\t<img decoding=\"async\" width=\"1024\" height=\"768\" src=\"https:\/\/www.marinigerardi.it\/shop\/wp-content\/uploads\/2021\/01\/tessuto-lino-resinato-per-tovaglia-antimacchia-malva.jpg.webp\" class=\"wd-gallery-image image-2\" alt=\"Tessuto Lino Resinato Per Tovaglia Antimacchia Malva\" srcset=\"https:\/\/www.marinigerardi.it\/shop\/wp-content\/uploads\/2021\/01\/tessuto-lino-resinato-per-tovaglia-antimacchia-malva.jpg.webp 1024w, https:\/\/www.marinigerardi.it\/shop\/wp-content\/uploads\/2021\/01\/tessuto-lino-resinato-per-tovaglia-antimacchia-malva-450x338.jpg 450w, https:\/\/www.marinigerardi.it\/shop\/wp-content\/uploads\/2021\/01\/tessuto-lino-resinato-per-tovaglia-antimacchia-malva-1000x750.jpg 1000w, https:\/\/www.marinigerardi.it\/shop\/wp-content\/uploads\/2021\/01\/tessuto-lino-resinato-per-tovaglia-antimacchia-malva-300x225.jpg.webp 300w, https:\/\/www.marinigerardi.it\/shop\/wp-content\/uploads\/2021\/01\/tessuto-lino-resinato-per-tovaglia-antimacchia-malva-768x576.jpg.webp 768w\" sizes=\"(max-width: 1024px) 100vw, 1024px\" \/>\n\t\t\t\t\t\t\t\t\t\t\t\t\t\t\t<\/a>\n\t\t\t\t\t\t\t\t\t\t\t\t<\/div>\n\t\t\t\t\t\t\t\t\t\t\t<div class=\"wd-gallery-item wd-col\">\n\t\t\t\t\t\t\t\t\t\t\t\t\t\t<a href=\"https:\/\/www.marinigerardi.it\/shop\/wp-content\/uploads\/2021\/01\/tessuto-lino-resinato-per-tovaglia-antimacchia-brown-marrone.jpg\" data-elementor-open-lightbox=\"no\" data-index=\"3\" data-width=\"1024\" data-height=\"768\" \n\t\t\t\t\t\t\t\t\t\t\t\t\t\t\t\t\t\t\t\t\t\t\t\t\t\t\t\ttitle=\"Tessuto Lino Resinato Per Tovaglia Antimacchia Brown Marrone\">\n\t\t\t\t\t\t\t\t\n\t\t\t\t\t\t\t\t<img decoding=\"async\" width=\"1024\" height=\"768\" src=\"https:\/\/www.marinigerardi.it\/shop\/wp-content\/uploads\/2021\/01\/tessuto-lino-resinato-per-tovaglia-antimacchia-brown-marrone.jpg.webp\" class=\"wd-gallery-image image-3\" alt=\"Tessuto Lino Resinato Per Tovaglia Antimacchia Brown Marrone\" srcset=\"https:\/\/www.marinigerardi.it\/shop\/wp-content\/uploads\/2021\/01\/tessuto-lino-resinato-per-tovaglia-antimacchia-brown-marrone.jpg.webp 1024w, https:\/\/www.marinigerardi.it\/shop\/wp-content\/uploads\/2021\/01\/tessuto-lino-resinato-per-tovaglia-antimacchia-brown-marrone-450x338.jpg 450w, https:\/\/www.marinigerardi.it\/shop\/wp-content\/uploads\/2021\/01\/tessuto-lino-resinato-per-tovaglia-antimacchia-brown-marrone-1000x750.jpg 1000w, https:\/\/www.marinigerardi.it\/shop\/wp-content\/uploads\/2021\/01\/tessuto-lino-resinato-per-tovaglia-antimacchia-brown-marrone-300x225.jpg.webp 300w, https:\/\/www.marinigerardi.it\/shop\/wp-content\/uploads\/2021\/01\/tessuto-lino-resinato-per-tovaglia-antimacchia-brown-marrone-768x576.jpg.webp 768w\" sizes=\"(max-width: 1024px) 100vw, 1024px\" \/>\n\t\t\t\t\t\t\t\t\t\t\t\t\t\t\t<\/a>\n\t\t\t\t\t\t\t\t\t\t\t\t<\/div>\n\t\t\t\t\t\t\t\t\t\t\t<div class=\"wd-gallery-item wd-col\">\n\t\t\t\t\t\t\t\t\t\t\t\t\t\t<a href=\"https:\/\/www.marinigerardi.it\/shop\/wp-content\/uploads\/2021\/01\/tessuto-lino-resinato-per-tovaglie-antimacchia-cipria-piatti-rossi.jpg\" data-elementor-open-lightbox=\"no\" data-index=\"4\" data-width=\"1024\" data-height=\"768\" \n\t\t\t\t\t\t\t\t\t\t\t\t\t\t\t\t\t\t\t\t\t\t\t\t\t\t\t\ttitle=\"Tessuto Lino Resinato Per Tovaglie Antimacchia Cipria Piatti Rossi\">\n\t\t\t\t\t\t\t\t\n\t\t\t\t\t\t\t\t<img decoding=\"async\" width=\"1024\" height=\"768\" src=\"https:\/\/www.marinigerardi.it\/shop\/wp-content\/uploads\/2021\/01\/tessuto-lino-resinato-per-tovaglie-antimacchia-cipria-piatti-rossi.jpg.webp\" class=\"wd-gallery-image image-4\" alt=\"Tessuto Lino Resinato Per Tovaglie Antimacchia Cipria Piatti Rossi\" srcset=\"https:\/\/www.marinigerardi.it\/shop\/wp-content\/uploads\/2021\/01\/tessuto-lino-resinato-per-tovaglie-antimacchia-cipria-piatti-rossi.jpg.webp 1024w, https:\/\/www.marinigerardi.it\/shop\/wp-content\/uploads\/2021\/01\/tessuto-lino-resinato-per-tovaglie-antimacchia-cipria-piatti-rossi-450x338.jpg 450w, https:\/\/www.marinigerardi.it\/shop\/wp-content\/uploads\/2021\/01\/tessuto-lino-resinato-per-tovaglie-antimacchia-cipria-piatti-rossi-1000x750.jpg 1000w, https:\/\/www.marinigerardi.it\/shop\/wp-content\/uploads\/2021\/01\/tessuto-lino-resinato-per-tovaglie-antimacchia-cipria-piatti-rossi-300x225.jpg.webp 300w, https:\/\/www.marinigerardi.it\/shop\/wp-content\/uploads\/2021\/01\/tessuto-lino-resinato-per-tovaglie-antimacchia-cipria-piatti-rossi-768x576.jpg.webp 768w\" sizes=\"(max-width: 1024px) 100vw, 1024px\" \/>\n\t\t\t\t\t\t\t\t\t\t\t\t\t\t\t<\/a>\n\t\t\t\t\t\t\t\t\t\t\t\t<\/div>\n\t\t\t\t\t\t\t\t\t\n\t\t\t\t\t\t\t<\/div>\n\n\t\t\t\t\t<\/div>\n\t\t[\/vc_column][\/vc_row][vc_row][vc_column][vc_empty_space woodmart_hide_large=&#8221;0&#8243; woodmart_hide_medium=&#8221;0&#8243; woodmart_hide_small=&#8221;0&#8243;]\n\t\t<div id=\"wd-694936e2b6ecd\" class=\"title-wrapper wd-wpb wd-set-mb reset-last-child  wd-rs-694936e2b6ecd wd-title-color-default wd-title-style-bordered text-center  wd-underline-colored\">\n\t\t\t\n\t\t\t<div class=\"liner-continer\">\n\t\t\t\t<h3 class=\"woodmart-title-container title  wd-font-weight- wd-fontsize-l\" >Tovaglia Antimacchia Lino<\/h3>\n\t\t\t\t\t\t\t<\/div>\n\t\t\t\n\t\t\t\n\t\t\t\n\t\t<\/div>\n\t\t\n\t\t[\/vc_column][\/vc_row][vc_row content_placement=&#8221;middle&#8221; woodmart_bg_position=&#8221;center-bottom&#8221; css=&#8221;.vc_custom_1686340015075{background-color: #f3f3f3 !important;background-position: 0 0 !important;background-repeat: no-repeat !important;}&#8221; el_class=&#8221;mobile-bg-img-hidden&#8221; mobile_bg_img_hidden=&#8221;no&#8221; tablet_bg_img_hidden=&#8221;no&#8221; woodmart_parallax=&#8221;0&#8243; woodmart_gradient_switch=&#8221;no&#8221; row_reverse_mobile=&#8221;0&#8243; row_reverse_tablet=&#8221;0&#8243; woodmart_disable_overflow=&#8221;0&#8243; woodmart_css_id=&#8221;648381949a458&#8243; responsive_spacing=&#8221;eyJwYXJhbV90eXBlIjoid29vZG1hcnRfcmVzcG9uc2l2ZV9zcGFjaW5nIiwic2VsZWN0b3JfaWQiOiI2NDgzODE5NDlhNDU4Iiwic2hvcnRjb2RlIjoidmNfcm93IiwiZGF0YSI6eyJ0YWJsZXQiOnt9LCJtb2JpbGUiOnt9fX0=&#8221; woodmart_box_shadow=&#8221;yes&#8221; wd_box_shadow=&#8221;eyJkZXZpY2VzIjp7ImRlc2t0b3AiOnsiaG9yaXpvbnRhbCI6IjAiLCJ2ZXJ0aWNhbCI6IjAiLCJibHVyIjoiOSIsInNwcmVhZCI6IjAiLCJjb2xvciI6InJnYmEoMCwgMCwgMCwgLjE1KSJ9fX0=&#8221; wd_z_index=&#8221;no&#8221;][vc_column mobile_bg_img_hidden=&#8221;no&#8221; tablet_bg_img_hidden=&#8221;no&#8221; woodmart_parallax=&#8221;0&#8243; woodmart_sticky_column=&#8221;false&#8221; parallax_scroll=&#8221;no&#8221; mobile_reset_margin=&#8221;no&#8221; tablet_reset_margin=&#8221;no&#8221;][vc_single_image image=&#8221;12075&#8243; img_size=&#8221;full&#8221; alignment=&#8221;center&#8221; onclick=&#8221;link_image&#8221; css=&#8221;.vc_custom_1769190362842{margin-right: 20px !important;}&#8221; parallax_scroll=&#8221;no&#8221; woodmart_inline=&#8221;no&#8221;][\/vc_column][\/vc_row][vc_row][vc_column]\n\t\t<div id=\"wd-694936edf31d4\" class=\"title-wrapper wd-wpb wd-set-mb reset-last-child  wd-rs-694936edf31d4 wd-title-color-primary wd-title-style-bordered text-center justify  wd-underline-colored\">\n\t\t\t\n\t\t\t<div class=\"liner-continer\">\n\t\t\t\t<h3 class=\"woodmart-title-container title  wd-font-weight-600 wd-fontsize-l\" >NO STRESS - Tovaglia Antimacchia Lino Resinato take easy<\/h3>\n\t\t\t\t\t\t\t<\/div>\n\t\t\t\n\t\t\t\t\t\t\t<div class=\"title-after_title reset-last-child  wd-fontsize-xs\">Tovaglia con plissettatura ai bordi.<\/div>\n\t\t\t\n\t\t\t\n\t\t<\/div>\n\t\t\n\t\t\t\t<div id=\"wd-6970f682458a2\" class=\"wd-text-block wd-wpb reset-last-child wd-rs-6970f682458a2 text-left \">\n\t\t\t<p style=\"text-align: justify;\">La tovaglia in tessuto antimacchia in lino, semplice, versatile e suggestiva per una tavolozza di colori luminosi\u00a0 by Marini&amp;Gerardi. Le caratteristiche del prodotto rendono le nostre Tovaglie in Lino ideali <strong>per bere un bicchiere di buon vino senza paura che sgoccioli.<\/strong><br \/>\nTessuto ideale per conferire alla tua <a href=\"https:\/\/tovagliati.com\/\" rel=\"nofollow noopener\" target=\"_blank\">tavola<\/a>\u00a0<strong>freschezza, estetica e praticit\u00e0,\u00a0 lucentezza, facilit\u00e0 di cura, stabilit\u00e0, forza e colore.<\/strong><\/p>\n\t\t<\/div>\n\t\t[\/vc_column][\/vc_row]<\/p>\n<\/div>","protected":false},"excerpt":{"rendered":"<p>Tovaglia Antimacchia Lino <strong>SU MISURA<\/strong>, facile da utilizzare e di una modernit\u00e0 e freschezza assoluta.<br \/>\n<strong>\u00a0STOP alle macchie a Tavola la pulizia subito con un colpo di spugna!<\/strong><\/p>\n","protected":false},"featured_media":12076,"template":"","meta":[],"product_brand":[],"product_cat":[779],"product_tag":[],"class_list":{"0":"post-8517","1":"product","2":"type-product","3":"status-publish","4":"has-post-thumbnail","6":"product_cat-tovaglie-antimacchia","8":"first","9":"instock","10":"taxable","11":"shipping-taxable","12":"purchasable","13":"product-type-simple"},"_links":{"self":[{"href":"https:\/\/www.marinigerardi.it\/shop\/wp-json\/wp\/v2\/product\/8517","targetHints":{"allow":["GET"]}}],"collection":[{"href":"https:\/\/www.marinigerardi.it\/shop\/wp-json\/wp\/v2\/product"}],"about":[{"href":"https:\/\/www.marinigerardi.it\/shop\/wp-json\/wp\/v2\/types\/product"}],"wp:featuredmedia":[{"embeddable":true,"href":"https:\/\/www.marinigerardi.it\/shop\/wp-json\/wp\/v2\/media\/12076"}],"wp:attachment":[{"href":"https:\/\/www.marinigerardi.it\/shop\/wp-json\/wp\/v2\/media?parent=8517"}],"wp:term":[{"taxonomy":"product_brand","embeddable":true,"href":"https:\/\/www.marinigerardi.it\/shop\/wp-json\/wp\/v2\/product_brand?post=8517"},{"taxonomy":"product_cat","embeddable":true,"href":"https:\/\/www.marinigerardi.it\/shop\/wp-json\/wp\/v2\/product_cat?post=8517"},{"taxonomy":"product_tag","embeddable":true,"href":"https:\/\/www.marinigerardi.it\/shop\/wp-json\/wp\/v2\/product_tag?post=8517"}],"curies":[{"name":"wp","href":"https:\/\/api.w.org\/{rel}","templated":true}]}}