{"id":8464,"date":"2021-01-28T10:49:45","date_gmt":"2021-01-28T10:49:45","guid":{"rendered":"https:\/\/marinigerardi.it\/shop\/product\/import-placeholder-for-22651\/"},"modified":"2023-08-11T07:55:25","modified_gmt":"2023-08-11T07:55:25","slug":"i-tagli-cuscini-arredo","status":"publish","type":"product","link":"https:\/\/www.marinigerardi.it\/shop\/prodotto\/i-tagli-cuscini-arredo\/","title":{"rendered":"I TAGLI &#8211; Cuscini Arredo per divano"},"content":{"rendered":"<div class=\"wpb-content-wrapper\"><p>[vc_row equal_height=&#8221;yes&#8221; mobile_bg_img_hidden=&#8221;no&#8221; tablet_bg_img_hidden=&#8221;no&#8221; woodmart_parallax=&#8221;0&#8243; woodmart_gradient_switch=&#8221;no&#8221; row_reverse_mobile=&#8221;0&#8243; row_reverse_tablet=&#8221;0&#8243; woodmart_disable_overflow=&#8221;0&#8243;][vc_column offset=&#8221;vc_col-lg-6 vc_col-md-6&#8243; mobile_bg_img_hidden=&#8221;no&#8221; tablet_bg_img_hidden=&#8221;no&#8221; woodmart_parallax=&#8221;0&#8243; woodmart_sticky_column=&#8221;false&#8221; parallax_scroll=&#8221;no&#8221; mobile_reset_margin=&#8221;no&#8221; tablet_reset_margin=&#8221;no&#8221; css=&#8221;.vc_custom_1613071403480{margin-top: 0px !important;}&#8221;]\n\t\t<div id=\"wd-61d1774f24a8b\" class=\"title-wrapper wd-wpb wd-set-mb reset-last-child  wd-rs-61d1774f24a8b wd-title-color-primary wd-title-style-bordered text-left vc_custom_1641117539977 wd-underline-colored\">\n\t\t\t\n\t\t\t<div class=\"liner-continer\">\n\t\t\t\t<h2 class=\"woodmart-title-container title  wd-font-weight-500 wd-fontsize-l\" >I TAGLI \u2013 Cuscini Arredo Panca o Divano<\/h2>\n\t\t\t\t\t\t\t<\/div>\n\t\t\t\n\t\t\t\n\t\t\t\n\t\t<\/div>\n\t\t\n\t\t[mpc_textblock content_width=&#8221;100&#8243; font_color=&#8221;#000000&#8243; margin_divider=&#8221;true&#8221; margin_css=&#8221;margin-bottom:20px;&#8221; mpc_tooltip__border_divider=&#8221;true&#8221; mpc_tooltip__padding_divider=&#8221;true&#8221;]<\/p>\n<p style=\"text-align: justify;\"><strong>Prendendo ispirazione dalle opere rivoluzionarie di Lucio Fontana,<\/strong><a href=\"https:\/\/www.marinigerardi.it\/shop\/prodotto\/i-tagli-cuscini-arredo\/\"> i cuscini Tagli<\/a> diventano piccoli quadri che si aprono su un mondo nuovo e affascinante. Realizzati con materiali pregiati come juta e cotone, ogni cuscino \u00e8 caratterizzato da tagli o squarci che li attraversano in modo sorprendente, creando linee diagonali o orizzontali che catturano l&#8217;attenzione e stimolano la fantasia.<br \/>\n<strong>Questi tagli non sono solo una decorazione, ma sono delle vere e proprie finestre verso l&#8217;ignoto,<\/strong> lasciando spazio alla libert\u00e0 dei sogni e delle visioni. Ogni cuscino diventa un&#8217;opera d&#8217;arte unica e inimitabile, capace di trasmettere emozioni e di farci viaggiare con la mente verso mondi inesplorati.<\/p>\n<p>[\/mpc_textblock]\t\t\t<div class=\"info-box-wrapper\">\n\t\t\t\t<div id=\"wd-64c223484fdbc\" class=\" wd-rs-64c223484fdbc wd-info-box wd-wpb text-left box-icon-align-top box-style-border color-scheme-dark wd-bg-none \">\n\t\t\t\t\t\t\t\t\t\t<div class=\"info-box-content\">\n\t\t\t\t\t\t\t\t\t\t\t\t<div class=\"info-box-inner reset-last-child\"><\/p>\n<ul>\n<li>Cuscini misura 45 x 45 circa;<\/li>\n<li>Solo fodera senza interno;<\/li>\n<li>Zip laterale a scomparsa;<\/li>\n<li>Tessuto composito Cotone\/Juta<\/li>\n<\/ul>\n<p>Info mail <strong>assistenza@marinigerardi.it<\/strong><\/p>\n<\/div>\n\n\t\t\t\t\t\t\t\t\t\t\t<\/div>\n\n\t\t\t\t\t\n\t\t\t\t\t\t\t\t\t<\/div>\n\t\t\t<\/div>\n\t\t[\/vc_column][vc_column css=&#8221;.vc_custom_1612434787067{background-position: center !important;background-repeat: no-repeat !important;background-size: cover !important;}&#8221; offset=&#8221;vc_col-lg-6 vc_col-md-6&#8243; mobile_bg_img_hidden=&#8221;no&#8221; tablet_bg_img_hidden=&#8221;no&#8221; woodmart_parallax=&#8221;0&#8243; woodmart_sticky_column=&#8221;false&#8221; parallax_scroll=&#8221;no&#8221; mobile_reset_margin=&#8221;no&#8221; tablet_reset_margin=&#8221;no&#8221;]\t\t<div id=\"gallery_218\" class=\"wd-images-gallery wd-wpb photoswipe-images\" style=\"--wd-justify-content:left;--wd-align-items:center;\">\n\t\t\t\n\t\t\t<div class=\" wd-grid-g\" style=\"--wd-col-lg:1;--wd-col-md:1;--wd-col-sm:1;--wd-gap-lg:10px;\">\n\t\t\t\t\n\t\t\t\t\t\t\t\t\t\t\t\t\t\t\t<div class=\"wd-gallery-item wd-col\">\n\t\t\t\t\t\t\t\t\t\t\t\t\t\t<a href=\"https:\/\/www.marinigerardi.it\/shop\/wp-content\/uploads\/2021\/01\/cuscini-arredo-divano-design-in-tessuto-cotone-juta.jpg\" data-elementor-open-lightbox=\"no\" data-index=\"1\" data-width=\"1024\" data-height=\"768\" \n\t\t\t\t\t\t\t\t\t\t\t\t\t\t\t\t\t\t\t\t\t\t\t\t\t\t\t\ttitle=\"Cuscini Arredo Divano Design In Tessuto Cotone Juta\">\n\t\t\t\t\t\t\t\t\n\t\t\t\t\t\t\t\t<img decoding=\"async\" width=\"1024\" height=\"768\" src=\"https:\/\/www.marinigerardi.it\/shop\/wp-content\/uploads\/2021\/01\/cuscini-arredo-divano-design-in-tessuto-cotone-juta.jpg.webp\" class=\"wd-gallery-image image-1\" alt=\"Cuscini Arredo Divano Design In Tessuto Cotone Juta\" srcset=\"https:\/\/www.marinigerardi.it\/shop\/wp-content\/uploads\/2021\/01\/cuscini-arredo-divano-design-in-tessuto-cotone-juta.jpg.webp 1024w, https:\/\/www.marinigerardi.it\/shop\/wp-content\/uploads\/2021\/01\/cuscini-arredo-divano-design-in-tessuto-cotone-juta-450x338.jpg 450w, https:\/\/www.marinigerardi.it\/shop\/wp-content\/uploads\/2021\/01\/cuscini-arredo-divano-design-in-tessuto-cotone-juta-1000x750.jpg 1000w, https:\/\/www.marinigerardi.it\/shop\/wp-content\/uploads\/2021\/01\/cuscini-arredo-divano-design-in-tessuto-cotone-juta-300x225.jpg.webp 300w, https:\/\/www.marinigerardi.it\/shop\/wp-content\/uploads\/2021\/01\/cuscini-arredo-divano-design-in-tessuto-cotone-juta-768x576.jpg.webp 768w\" sizes=\"(max-width: 1024px) 100vw, 1024px\" \/>\n\t\t\t\t\t\t\t\t\t\t\t\t\t\t\t<\/a>\n\t\t\t\t\t\t\t\t\t\t\t\t<\/div>\n\t\t\t\t\t\t\t\t\t\n\t\t\t\t\t\t\t<\/div>\n\n\t\t\t\t\t<\/div>\n\t\t[\/vc_column][\/vc_row][vc_row][vc_column][vc_text_separator title=&#8221;Tessuti Naturali&#8221;][\/vc_column][\/vc_row][vc_row content_placement=&#8221;middle&#8221; woodmart_bg_position=&#8221;center-bottom&#8221; css=&#8221;.vc_custom_1612561188989{background-color: #e5e5e5 !important;background-position: 0 0 !important;background-repeat: no-repeat !important;}&#8221; el_class=&#8221;mobile-bg-img-hidden&#8221; mobile_bg_img_hidden=&#8221;no&#8221; tablet_bg_img_hidden=&#8221;no&#8221; woodmart_parallax=&#8221;0&#8243; woodmart_gradient_switch=&#8221;no&#8221; row_reverse_mobile=&#8221;0&#8243; row_reverse_tablet=&#8221;0&#8243; woodmart_disable_overflow=&#8221;0&#8243;][vc_column mobile_bg_img_hidden=&#8221;no&#8221; tablet_bg_img_hidden=&#8221;no&#8221; woodmart_parallax=&#8221;0&#8243; woodmart_sticky_column=&#8221;false&#8221; parallax_scroll=&#8221;no&#8221; mobile_reset_margin=&#8221;no&#8221; tablet_reset_margin=&#8221;no&#8221;][vc_single_image image=&#8221;13590&#8243; img_size=&#8221;full&#8221; alignment=&#8221;center&#8221; onclick=&#8221;link_image&#8221; parallax_scroll=&#8221;no&#8221; css=&#8221;.vc_custom_1690444784700{margin-right: 20px !important;}&#8221; woodmart_inline=&#8221;no&#8221;][\/vc_column][\/vc_row][vc_row][vc_column]\n\t\t<div id=\"wd-64c223db4bb48\" class=\"title-wrapper wd-wpb wd-set-mb reset-last-child  wd-rs-64c223db4bb48 wd-title-color-primary wd-title-style-underlined text-center justify  wd-underline-colored\">\n\t\t\t\n\t\t\t<div class=\"liner-continer\">\n\t\t\t\t<h3 class=\"woodmart-title-container title  wd-font-weight-400 wd-fontsize-l\" >I TAGLI \u2013 Cuscini Arredo Divano In tessuto composito cotone e juta<\/h3>\n\t\t\t\t\t\t\t<\/div>\n\t\t\t\n\t\t\t\n\t\t\t\n\t\t<\/div>\n\t\t\n\t\t[mpc_textblock content_width=&#8221;100&#8243; font_align=&#8221;justify&#8221; margin_divider=&#8221;true&#8221; mpc_tooltip__border_divider=&#8221;true&#8221; mpc_tooltip__padding_divider=&#8221;true&#8221;]<\/p>\n<p style=\"text-align: justify;\"><strong>Come gli audaci gesti di Lucio Fontana<\/strong> che hanno scardinato i limiti della pittura tradizionale, i cuscini Tagli rompono le barriere dell&#8217;arredamento convenzionale, portando un&#8217;energia nuova e provocatoria nelle nostre case. Ogni cuscino \u00e8 una dichiarazione d&#8217;intenti, un invito a osare e a sperimentare, a vedere l&#8217;arredamento come un&#8217;opportunit\u00e0 per esprimere la nostra individualit\u00e0 e creativit\u00e0.<\/p>\n<p style=\"text-align: justify;\"><strong>Lasciati affascinare dai dettagli di questi cuscini unici:<\/strong> i tagli precisi che svelano ci\u00f2 che c&#8217;\u00e8 al di l\u00e0, ma che allo stesso tempo celano misteri e segreti da scoprire. Ogni cuscino diventa una finestra sulla nostra anima, dove possiamo trovare rifugio e ispirazione.<\/p>\n<p style=\"text-align: justify;\"><strong>Il connubio tra arte e funzionalit\u00e0 raggiunge il suo apice con i cuscini Tagli.<\/strong> Queste opere d&#8217;arte trasformano il nostro spazio vitale in una galleria personale, dove ogni pezzo racconta una storia e crea un&#8217;atmosfera unica e coinvolgente. Sono la dimostrazione che l&#8217;arte pu\u00f2 essere parte integrante della nostra quotidianit\u00e0, arricchendo la nostra casa con un tocco di bellezza senza tempo.<\/p>\n<p style=\"text-align: justify;\"><strong>Inoltre, i cuscini Tagli sono pi\u00f9 di semplici oggetti d&#8217;arredo,<\/strong> sono fonti di ispirazione per chiunque li osservi. Incantano gli occhi, stimolano la mente e invitano a riflettere sulle infinite possibilit\u00e0 che la creativit\u00e0 pu\u00f2 offrire.<\/p>\n<p style=\"text-align: justify;\"><strong>Quindi, se desideri trasformare il tuo ambiente domestico in uno spazio di bellezza e incanto,<\/strong> se vuoi arricchire la tua casa con un&#8217;opera d&#8217;arte che ti accompagni nei momenti di relax e riflessione, i cuscini Tagli sono ci\u00f2 che stai cercando. Regalati un&#8217;esperienza unica e affascinante, e lasciati trasportare in un mondo nuovo e straordinario.<\/p>\n<p>[\/mpc_textblock][\/vc_column][\/vc_row]<\/p>\n<\/div>","protected":false},"excerpt":{"rendered":"<p style=\"text-align: justify;\"><strong>Benvenuti nel magico universo dei cuscini Tagli, ispirati dalle opere visionarie di Lucio Fontana.<\/strong> Questi cuscini sono molto pi\u00f9 di semplici complementi d&#8217;arredo, sono dei veri e propri capolavori d&#8217;arte che trasformano il concetto di decorazione in una forma di espressione artistica.<\/p>\n","protected":false},"featured_media":13584,"template":"","meta":[],"product_brand":[],"product_cat":[336],"product_tag":[341,3595],"class_list":{"0":"post-8464","1":"product","2":"type-product","3":"status-publish","4":"has-post-thumbnail","6":"product_cat-cuscini-decorativi","7":"product_tag-cuscini-arredo","8":"product_tag-cuscini-arredo-marinigerardi","10":"first","11":"instock","12":"sale","13":"taxable","14":"shipping-taxable","15":"purchasable","16":"product-type-simple"},"_links":{"self":[{"href":"https:\/\/www.marinigerardi.it\/shop\/wp-json\/wp\/v2\/product\/8464","targetHints":{"allow":["GET"]}}],"collection":[{"href":"https:\/\/www.marinigerardi.it\/shop\/wp-json\/wp\/v2\/product"}],"about":[{"href":"https:\/\/www.marinigerardi.it\/shop\/wp-json\/wp\/v2\/types\/product"}],"wp:featuredmedia":[{"embeddable":true,"href":"https:\/\/www.marinigerardi.it\/shop\/wp-json\/wp\/v2\/media\/13584"}],"wp:attachment":[{"href":"https:\/\/www.marinigerardi.it\/shop\/wp-json\/wp\/v2\/media?parent=8464"}],"wp:term":[{"taxonomy":"product_brand","embeddable":true,"href":"https:\/\/www.marinigerardi.it\/shop\/wp-json\/wp\/v2\/product_brand?post=8464"},{"taxonomy":"product_cat","embeddable":true,"href":"https:\/\/www.marinigerardi.it\/shop\/wp-json\/wp\/v2\/product_cat?post=8464"},{"taxonomy":"product_tag","embeddable":true,"href":"https:\/\/www.marinigerardi.it\/shop\/wp-json\/wp\/v2\/product_tag?post=8464"}],"curies":[{"name":"wp","href":"https:\/\/api.w.org\/{rel}","templated":true}]}}