{"id":8426,"date":"2021-01-28T10:49:15","date_gmt":"2021-01-28T10:49:15","guid":{"rendered":"https:\/\/marinigerardi.it\/shop\/product\/import-placeholder-for-22268\/"},"modified":"2024-10-09T14:53:15","modified_gmt":"2024-10-09T14:53:15","slug":"borsa-sacchetto-molly-chic","status":"publish","type":"product","link":"https:\/\/www.marinigerardi.it\/shop\/prodotto\/borsa-sacchetto-molly-chic\/","title":{"rendered":"MOLLY CHIC &#8211; Borsa Sacchetto in Seta &#8211; Borsa nodo Giapponese"},"content":{"rendered":"<div class=\"wpb-content-wrapper\"><p>[vc_row equal_height=&#8221;yes&#8221; mobile_bg_img_hidden=&#8221;no&#8221; tablet_bg_img_hidden=&#8221;no&#8221; woodmart_parallax=&#8221;0&#8243; woodmart_gradient_switch=&#8221;no&#8221; row_reverse_mobile=&#8221;0&#8243; row_reverse_tablet=&#8221;0&#8243; woodmart_disable_overflow=&#8221;0&#8243;][vc_column offset=&#8221;vc_col-lg-6 vc_col-md-6&#8243; mobile_bg_img_hidden=&#8221;no&#8221; tablet_bg_img_hidden=&#8221;no&#8221; woodmart_parallax=&#8221;0&#8243; woodmart_sticky_column=&#8221;false&#8221; parallax_scroll=&#8221;no&#8221; mobile_reset_margin=&#8221;no&#8221; tablet_reset_margin=&#8221;no&#8221; css=&#8221;.vc_custom_1613071403480{margin-top: 0px !important;}&#8221;]\n\t\t<div id=\"wd-64e699a66fee5\" class=\"title-wrapper wd-wpb wd-set-mb reset-last-child  wd-rs-64e699a66fee5 wd-title-color-primary wd-title-style-bordered text-left vc_custom_1692834229327 wd-underline-colored\">\n\t\t\t\n\t\t\t<div class=\"liner-continer\">\n\t\t\t\t<h2 class=\"woodmart-title-container title  wd-font-weight-500 wd-fontsize-xl\" >MOLLY CHIC - Borsa Sacchetto in Seta - Borsa nodo Giapponese<\/h2>\n\t\t\t\t\t\t\t<\/div>\n\t\t\t\n\t\t\t\n\t\t\t\n\t\t<\/div>\n\t\t\n\t\t\t\t<div id=\"wd-64e698d7b84bd\" class=\"wd-text-block wd-wpb reset-last-child wd-rs-64e698d7b84bd text-left \">\n\t\t\t<p style=\"text-align: justify;\"><a href=\"https:\/\/www.marinigerardi.it\/shop\/prodotto\/borsa-sacchetto-molly-chic\/\"><strong>Le nostre borse,<\/strong><\/a> caratterizzate da una semplicit\u00e0 di forma che lascia spazio ai materiali pregiati, <strong>sono l&#8217;ideale per le occasioni speciali o per quelle serate indimenticabili.<\/strong> Quando scegli i nostri prodotti, non puoi sbagliare: il design \u00e8 unico, e la qualit\u00e0 dei materiali \u00e8 un punto di forza inconfondibile.<\/p>\n\t\t<\/div>\n\t\t[vc_message message_box_style=&#8221;outline&#8221; message_box_color=&#8221;grey&#8221; css=&#8221;&#8221;]<\/p>\n<ul>\n<li><strong>Misure: <\/strong>35 x 32 \/ 25 x 27 cm.;<\/li>\n<li>con asole asimmetriche<\/li>\n<li>tessuto in seta shantung le cui piacevoli tonalit\u00e0 naturali producono una calda atmosfera.<\/li>\n<li>in pronta consegna: 4\/7 gg. lav.<\/li>\n<\/ul>\n<p>Per misure particolari vi preghiamo di contattarci al Indirizzo mail <strong>assistenzza@marinigerardi.it<\/strong>[\/vc_message][\/vc_column][vc_column css=&#8221;.vc_custom_1612434787067{background-position: center !important;background-repeat: no-repeat !important;background-size: cover !important;}&#8221; offset=&#8221;vc_col-lg-6 vc_col-md-6&#8243; mobile_bg_img_hidden=&#8221;no&#8221; tablet_bg_img_hidden=&#8221;no&#8221; woodmart_parallax=&#8221;0&#8243; woodmart_sticky_column=&#8221;false&#8221; parallax_scroll=&#8221;no&#8221; mobile_reset_margin=&#8221;no&#8221; tablet_reset_margin=&#8221;no&#8221;]\t\t<div id=\"gallery_357\" class=\"wd-images-gallery wd-wpb wd-rs-64e69a4d38b2f photoswipe-images\" style=\"--wd-justify-content:left;--wd-align-items:center;\">\n\t\t\t\n\t\t\t<div class=\" wd-grid-g\" style=\"--wd-col-lg:1;--wd-col-md:1;--wd-col-sm:1;--wd-gap-lg:10px;\">\n\t\t\t\t\n\t\t\t\t\t\t\t\t\t\t\t\t\t\t\t<div class=\"wd-gallery-item wd-col\">\n\t\t\t\t\t\t\t\t\t\t\t\t\t\t<a href=\"https:\/\/www.marinigerardi.it\/shop\/wp-content\/uploads\/2021\/01\/borse-sacchetto-in-seta-colori-estate-inverno.jpg\" data-elementor-open-lightbox=\"no\" data-index=\"1\" data-width=\"1024\" data-height=\"768\" \n\t\t\t\t\t\t\t\t\t\t\t\t\t\t\t\t\t\t\t\t\t\t\t\t\t\t\t\ttitle=\"Borse Sacchetto In Seta Colori Estate Inverno\">\n\t\t\t\t\t\t\t\t\n\t\t\t\t\t\t\t\t<img decoding=\"async\" width=\"1024\" height=\"768\" src=\"https:\/\/www.marinigerardi.it\/shop\/wp-content\/uploads\/2021\/01\/borse-sacchetto-in-seta-colori-estate-inverno.jpg.webp\" class=\"wd-gallery-image image-1\" alt=\"Borse Sacchetto In Seta Colori Estate Inverno\" srcset=\"https:\/\/www.marinigerardi.it\/shop\/wp-content\/uploads\/2021\/01\/borse-sacchetto-in-seta-colori-estate-inverno.jpg.webp 1024w, https:\/\/www.marinigerardi.it\/shop\/wp-content\/uploads\/2021\/01\/borse-sacchetto-in-seta-colori-estate-inverno-450x338.jpg 450w, https:\/\/www.marinigerardi.it\/shop\/wp-content\/uploads\/2021\/01\/borse-sacchetto-in-seta-colori-estate-inverno-1000x750.jpg 1000w, https:\/\/www.marinigerardi.it\/shop\/wp-content\/uploads\/2021\/01\/borse-sacchetto-in-seta-colori-estate-inverno-300x225.jpg.webp 300w, https:\/\/www.marinigerardi.it\/shop\/wp-content\/uploads\/2021\/01\/borse-sacchetto-in-seta-colori-estate-inverno-768x576.jpg.webp 768w\" sizes=\"(max-width: 1024px) 100vw, 1024px\" \/>\n\t\t\t\t\t\t\t\t\t\t\t\t\t\t\t<\/a>\n\t\t\t\t\t\t\t\t\t\t\t\t<\/div>\n\t\t\t\t\t\t\t\t\t\t\t<div class=\"wd-gallery-item wd-col\">\n\t\t\t\t\t\t\t\t\t\t\t\t\t\t<a href=\"https:\/\/www.marinigerardi.it\/shop\/wp-content\/uploads\/2021\/01\/borsa-sacchetto-pochett-molly-chic-colori-moda-estate-inverno.jpg\" data-elementor-open-lightbox=\"no\" data-index=\"2\" data-width=\"1024\" data-height=\"768\" \n\t\t\t\t\t\t\t\t\t\t\t\t\t\t\t\t\t\t\t\t\t\t\t\t\t\t\t\ttitle=\"Borsa Sacchetto Pochett Molly Chic Colori Moda Estate Inverno\">\n\t\t\t\t\t\t\t\t\n\t\t\t\t\t\t\t\t<img decoding=\"async\" width=\"1024\" height=\"768\" src=\"https:\/\/www.marinigerardi.it\/shop\/wp-content\/uploads\/2021\/01\/borsa-sacchetto-pochett-molly-chic-colori-moda-estate-inverno.jpg.webp\" class=\"wd-gallery-image image-2\" alt=\"Borsa Sacchetto Pochett Molly Chic Colori Moda Estate Inverno\" srcset=\"https:\/\/www.marinigerardi.it\/shop\/wp-content\/uploads\/2021\/01\/borsa-sacchetto-pochett-molly-chic-colori-moda-estate-inverno.jpg.webp 1024w, https:\/\/www.marinigerardi.it\/shop\/wp-content\/uploads\/2021\/01\/borsa-sacchetto-pochett-molly-chic-colori-moda-estate-inverno-450x338.jpg 450w, https:\/\/www.marinigerardi.it\/shop\/wp-content\/uploads\/2021\/01\/borsa-sacchetto-pochett-molly-chic-colori-moda-estate-inverno-1000x750.jpg 1000w, https:\/\/www.marinigerardi.it\/shop\/wp-content\/uploads\/2021\/01\/borsa-sacchetto-pochett-molly-chic-colori-moda-estate-inverno-300x225.jpg.webp 300w, https:\/\/www.marinigerardi.it\/shop\/wp-content\/uploads\/2021\/01\/borsa-sacchetto-pochett-molly-chic-colori-moda-estate-inverno-768x576.jpg.webp 768w\" sizes=\"(max-width: 1024px) 100vw, 1024px\" \/>\n\t\t\t\t\t\t\t\t\t\t\t\t\t\t\t<\/a>\n\t\t\t\t\t\t\t\t\t\t\t\t<\/div>\n\t\t\t\t\t\t\t\t\t\n\t\t\t\t\t\t\t<\/div>\n\n\t\t\t\t\t<\/div>\n\t\t[\/vc_column][\/vc_row][vc_row][vc_column]\n\t\t<div id=\"wd-64e6998d018e9\" class=\"title-wrapper wd-wpb wd-set-mb reset-last-child  wd-rs-64e6998d018e9 wd-title-color-primary wd-title-style-underlined text-center vc_custom_1692834210951 wd-underline-colored\">\n\t\t\t\n\t\t\t<div class=\"liner-continer\">\n\t\t\t\t<h3 class=\"woodmart-title-container title  wd-font-weight-500 wd-fontsize-xl\" >MOLLY CHIC - Borsa Sacchetto in Seta - Borsa nodo Giapponese<\/h3>\n\t\t\t\t\t\t\t<\/div>\n\t\t\t\n\t\t\t\n\t\t\t\n\t\t<\/div>\n\t\t\n\t\t\t\t<div id=\"wd-64e6981e99b92\" class=\"wd-text-block wd-wpb reset-last-child wd-rs-64e6981e99b92 text-left \">\n\t\t\t<p style=\"text-align: justify;\">Queste borse incarnano un&#8217;estetica informale, flessibile e allo stesso tempo giovane e moderna. <strong>Ogni modello \u00e8 una testimonianza dell&#8217;alta professionalit\u00e0 di Marini&amp;Gerardi,<\/strong> dove la passione per la moda e la maestria artigianale si fondono per creare accessori di classe che ti faranno risplendere in ogni occasione. Aggiungi una nota di colore e stile al tuo guardaroba con MOLLY CHIC, dove l&#8217;eleganza in seta diventa il tuo marchio di distinzione.<\/p>\n\t\t<\/div>\n\t\t[\/vc_column][\/vc_row][vc_row css=&#8221;.vc_custom_1693822399305{background-color: #f3f3f3 !important;}&#8221; woodmart_css_id=&#8221;64f5adb0ac9ff&#8221; responsive_spacing=&#8221;eyJwYXJhbV90eXBlIjoid29vZG1hcnRfcmVzcG9uc2l2ZV9zcGFjaW5nIiwic2VsZWN0b3JfaWQiOiI2NGY1YWRiMGFjOWZmIiwic2hvcnRjb2RlIjoidmNfcm93IiwiZGF0YSI6eyJ0YWJsZXQiOnt9LCJtb2JpbGUiOnt9fX0=&#8221; mobile_bg_img_hidden=&#8221;no&#8221; tablet_bg_img_hidden=&#8221;no&#8221; woodmart_parallax=&#8221;0&#8243; woodmart_gradient_switch=&#8221;no&#8221; woodmart_box_shadow=&#8221;yes&#8221; wd_box_shadow=&#8221;eyJkZXZpY2VzIjp7ImRlc2t0b3AiOnsiaG9yaXpvbnRhbCI6IjAiLCJ2ZXJ0aWNhbCI6IjAiLCJibHVyIjoiOSIsInNwcmVhZCI6IjAiLCJjb2xvciI6InJnYmEoMCwgMCwgMCwgLjE1KSJ9fX0=&#8221; wd_z_index=&#8221;no&#8221; woodmart_disable_overflow=&#8221;0&#8243; row_reverse_mobile=&#8221;0&#8243; row_reverse_tablet=&#8221;0&#8243;][vc_column width=&#8221;1\/2&#8243;][vc_single_image image=&#8221;13341&#8243; img_size=&#8221;large&#8221; add_caption=&#8221;yes&#8221; alignment=&#8221;center&#8221; onclick=&#8221;link_image&#8221; parallax_scroll=&#8221;no&#8221; woodmart_inline=&#8221;no&#8221;][\/vc_column][vc_column width=&#8221;1\/2&#8243;][vc_single_image image=&#8221;13342&#8243; img_size=&#8221;large&#8221; add_caption=&#8221;yes&#8221; alignment=&#8221;center&#8221; onclick=&#8221;link_image&#8221; parallax_scroll=&#8221;no&#8221; woodmart_inline=&#8221;no&#8221;][\/vc_column][\/vc_row]<\/p>\n<\/div>","protected":false},"excerpt":{"rendered":"<p style=\"text-align: justify;\"><strong>Borsa Sacchetto in Pura Seta<\/strong> &#8211; Pochette MOLLY CHIC DONNA 2023 per le tue serate Eleganti o per il Tempo Libero, offrendo versatilit\u00e0 e stile ineguagliabile.<\/p>\n","protected":false},"featured_media":13329,"template":"","meta":[],"product_brand":[],"product_cat":[752],"product_tag":[992],"class_list":{"0":"post-8426","1":"product","2":"type-product","3":"status-publish","4":"has-post-thumbnail","6":"product_cat-borse-donna","7":"product_tag-borsa-donna","9":"first","10":"instock","11":"sale","12":"taxable","13":"shipping-taxable","14":"purchasable","15":"product-type-simple"},"_links":{"self":[{"href":"https:\/\/www.marinigerardi.it\/shop\/wp-json\/wp\/v2\/product\/8426","targetHints":{"allow":["GET"]}}],"collection":[{"href":"https:\/\/www.marinigerardi.it\/shop\/wp-json\/wp\/v2\/product"}],"about":[{"href":"https:\/\/www.marinigerardi.it\/shop\/wp-json\/wp\/v2\/types\/product"}],"wp:featuredmedia":[{"embeddable":true,"href":"https:\/\/www.marinigerardi.it\/shop\/wp-json\/wp\/v2\/media\/13329"}],"wp:attachment":[{"href":"https:\/\/www.marinigerardi.it\/shop\/wp-json\/wp\/v2\/media?parent=8426"}],"wp:term":[{"taxonomy":"product_brand","embeddable":true,"href":"https:\/\/www.marinigerardi.it\/shop\/wp-json\/wp\/v2\/product_brand?post=8426"},{"taxonomy":"product_cat","embeddable":true,"href":"https:\/\/www.marinigerardi.it\/shop\/wp-json\/wp\/v2\/product_cat?post=8426"},{"taxonomy":"product_tag","embeddable":true,"href":"https:\/\/www.marinigerardi.it\/shop\/wp-json\/wp\/v2\/product_tag?post=8426"}],"curies":[{"name":"wp","href":"https:\/\/api.w.org\/{rel}","templated":true}]}}