{"id":8379,"date":"2021-01-28T10:48:52","date_gmt":"2021-01-28T10:48:52","guid":{"rendered":"https:\/\/marinigerardi.it\/shop\/product\/import-placeholder-for-21707\/"},"modified":"2025-12-21T00:47:33","modified_gmt":"2025-12-21T00:47:33","slug":"tovaglie-eleganti-su-misura-total-white-melissano-la-classica-lino","status":"publish","type":"product","link":"https:\/\/www.marinigerardi.it\/shop\/prodotto\/tovaglie-eleganti-su-misura-total-white-melissano-la-classica-lino\/","title":{"rendered":"MELISSANO &#8211; Tovaglie Eleganti su Misura la Classica in Lino Stropicciato"},"content":{"rendered":"<div class=\"wpb-content-wrapper\"><p>[vc_row equal_height=&#8221;yes&#8221; mobile_bg_img_hidden=&#8221;no&#8221; tablet_bg_img_hidden=&#8221;no&#8221; woodmart_parallax=&#8221;0&#8243; woodmart_gradient_switch=&#8221;no&#8221; row_reverse_mobile=&#8221;0&#8243; row_reverse_tablet=&#8221;0&#8243; woodmart_disable_overflow=&#8221;0&#8243;][vc_column offset=&#8221;vc_col-lg-6 vc_col-md-6&#8243; mobile_bg_img_hidden=&#8221;no&#8221; tablet_bg_img_hidden=&#8221;no&#8221; woodmart_parallax=&#8221;0&#8243; woodmart_sticky_column=&#8221;false&#8221; parallax_scroll=&#8221;no&#8221; mobile_reset_margin=&#8221;no&#8221; tablet_reset_margin=&#8221;no&#8221; css=&#8221;.vc_custom_1613071403480{margin-top: 0px !important;}&#8221;]\n\t\t<div id=\"wd-6947437546291\" class=\"title-wrapper wd-wpb wd-set-mb reset-last-child  wd-rs-6947437546291 wd-title-color-primary wd-title-style-bordered text-left vc_custom_1766277960583 wd-underline-colored\">\n\t\t\t\n\t\t\t<div class=\"liner-continer\">\n\t\t\t\t<h2 class=\"woodmart-title-container title  wd-font-weight- wd-fontsize-l\" >MELISSANO - Tovaglie Eleganti su Misura in Lino Stropicciato<\/h2>\n\t\t\t\t\t\t\t<\/div>\n\t\t\t\n\t\t\t\n\t\t\t\n\t\t<\/div>\n\t\t\n\t\t\t\t<div id=\"wd-681a0c1ba3ce0\" class=\"wd-text-block wd-wpb reset-last-child wd-rs-681a0c1ba3ce0 text-left \">\n\t\t\t<p style=\"text-align: justify;\">Una Grande e Classica <a href=\"https:\/\/www.marinigerardi.it\/shop\/categoria-prodotto\/tovaglie-eleganti\/\">Tovaglia<\/a>, fatta come una volta per fare la differenza, perfetta e adatta in ogni occasione. Musa ispiratrice utilizzata secondo le diverse interpretazioni anche in un ambiente ultra moderno.<br \/>\nDisponibile in tre combinazioni o tonalit\u00e0 di colore con inserto a contrasto.<br \/>\nConfezionata artigianalmente nel nostro laboratorio con un Tessuto in puro lino 100% Italiano di grande pregio e qualit\u00e0. La tovaglia si presenta a trama fitta e mano morbida, elegante, luminosa con effetto corposo e delicato al tatto.<\/p>\n\t\t<\/div>\n\t\t[vc_message message_box_style=&#8221;outline&#8221; message_box_color=&#8221;grey&#8221; css=&#8221;&#8221;]<strong>Tessuto: <\/strong>100% lino altissima qualit\u00e0 Italiana.<br \/>\n<strong>Peso:<\/strong> 157 gr\/m2<br \/>\n<strong>Colori tovaglie eleganti su misura :<\/strong> Bianco | Panna | Giunco<br \/>\n<strong>Misure:<\/strong> 180\u00d7180 | 180\u00d7200 | 180\u00d7240 | 180\u00d7260 | 180\u00d7280 | 180\u00d7300<\/p>\n<p>Per altre misure vi preghiamo di contattarci al Indirizzo mail <strong>assistenza@marinigerardi.it<\/strong>[\/vc_message][\/vc_column][vc_column css=&#8221;.vc_custom_1612434787067{background-position: center !important;background-repeat: no-repeat !important;background-size: cover !important;}&#8221; offset=&#8221;vc_col-lg-6 vc_col-md-6&#8243; mobile_bg_img_hidden=&#8221;no&#8221; tablet_bg_img_hidden=&#8221;no&#8221; woodmart_parallax=&#8221;0&#8243; woodmart_sticky_column=&#8221;false&#8221; parallax_scroll=&#8221;no&#8221; mobile_reset_margin=&#8221;no&#8221; tablet_reset_margin=&#8221;no&#8221;][vc_single_image image=&#8221;12352&#8243; img_size=&#8221;full&#8221; alignment=&#8221;center&#8221; onclick=&#8221;link_image&#8221; parallax_scroll=&#8221;no&#8221; woodmart_inline=&#8221;no&#8221;][\/vc_column][\/vc_row][vc_row][vc_column][vc_empty_space woodmart_hide_large=&#8221;0&#8243; woodmart_hide_medium=&#8221;0&#8243; woodmart_hide_small=&#8221;0&#8243;]\n\t\t<div id=\"wd-6947438863c49\" class=\"title-wrapper wd-wpb wd-set-mb reset-last-child  wd-rs-6947438863c49 wd-title-color-primary wd-title-style-underlined text-center justify  wd-underline-colored\">\n\t\t\t\n\t\t\t<div class=\"liner-continer\">\n\t\t\t\t<h3 class=\"woodmart-title-container title  wd-font-weight- wd-fontsize-l\" >MELISSANO - Tovaglie Eleganti per Matrimonio<\/h3>\n\t\t\t\t\t\t\t<\/div>\n\t\t\t\n\t\t\t\t\t\t\t<div class=\"title-after_title reset-last-child  wd-fontsize-xs\">Unica per Grandi Occasioni<\/div>\n\t\t\t\n\t\t\t\n\t\t<\/div>\n\t\t\n\t\t[\/vc_column][\/vc_row][vc_row content_placement=&#8221;middle&#8221; woodmart_bg_position=&#8221;center-bottom&#8221; css=&#8221;.vc_custom_1702838411008{background-color: #f3f3f3 !important;background-position: 0 0 !important;background-repeat: no-repeat !important;}&#8221; el_class=&#8221;mobile-bg-img-hidden&#8221; mobile_bg_img_hidden=&#8221;no&#8221; tablet_bg_img_hidden=&#8221;no&#8221; woodmart_parallax=&#8221;0&#8243; woodmart_gradient_switch=&#8221;no&#8221; row_reverse_mobile=&#8221;0&#8243; row_reverse_tablet=&#8221;0&#8243; woodmart_disable_overflow=&#8221;0&#8243; woodmart_css_id=&#8221;657f40813c265&#8243; responsive_spacing=&#8221;eyJwYXJhbV90eXBlIjoid29vZG1hcnRfcmVzcG9uc2l2ZV9zcGFjaW5nIiwic2VsZWN0b3JfaWQiOiI2NTdmNDA4MTNjMjY1Iiwic2hvcnRjb2RlIjoidmNfcm93IiwiZGF0YSI6eyJ0YWJsZXQiOnt9LCJtb2JpbGUiOnt9fX0=&#8221; woodmart_box_shadow=&#8221;yes&#8221; wd_box_shadow=&#8221;eyJkZXZpY2VzIjp7ImRlc2t0b3AiOnsiaG9yaXpvbnRhbCI6IjAiLCJ2ZXJ0aWNhbCI6IjAiLCJibHVyIjoiOSIsInNwcmVhZCI6IjAiLCJjb2xvciI6InJnYmEoMCwgMCwgMCwgLjE1KSJ9fX0=&#8221; wd_z_index=&#8221;no&#8221;][vc_column mobile_bg_img_hidden=&#8221;no&#8221; tablet_bg_img_hidden=&#8221;no&#8221; woodmart_parallax=&#8221;0&#8243; woodmart_sticky_column=&#8221;false&#8221; parallax_scroll=&#8221;no&#8221; mobile_reset_margin=&#8221;no&#8221; tablet_reset_margin=&#8221;no&#8221;][vc_single_image image=&#8221;12353&#8243; img_size=&#8221;full&#8221; alignment=&#8221;center&#8221; onclick=&#8221;link_image&#8221; parallax_scroll=&#8221;no&#8221; woodmart_inline=&#8221;no&#8221;][\/vc_column][\/vc_row][vc_row][vc_column]\n\t\t<div id=\"wd-694743936b68b\" class=\"title-wrapper wd-wpb wd-set-mb reset-last-child  wd-rs-694743936b68b wd-title-color-default wd-title-style-bordered text-left  wd-underline-colored\">\n\t\t\t\n\t\t\t<div class=\"liner-continer\">\n\t\t\t\t<h3 class=\"woodmart-title-container title  wd-font-weight- wd-fontsize-l\" >Tovaglie Eleganti su Misura<\/h3>\n\t\t\t\t\t\t\t<\/div>\n\t\t\t\n\t\t\t\n\t\t\t\n\t\t<\/div>\n\t\t\n\t\t[vc_column_text css=&#8221;&#8221; text_larger=&#8221;no&#8221; woodmart_inline=&#8221;no&#8221;]<\/p>\n<p style=\"text-align: justify;\"><strong>Tovaglia Bianca Elegante.. anche Total White:<\/strong> dove bere il buon vino della rinomata cantina vinicola, o assaggiare le frise tra le pi\u00f9\u2018\u00a0buone del Salento per\u00a0una Tovaglia\u00a0di <a href=\"http:\/\/purolino.net\/\" target=\"_blank\" rel=\"noopener nofollow\">lino<\/a> ispirata e dedicata alle suggestioni e alle tradizioni del Salento. Questa <a href=\"https:\/\/www.marinigerardi.it\/shop\/prodotto\/tovaglie-eleganti-su-misura-total-white-melissano-la-classica-lino\/\">Tovaglia Bianca Elegante di puro lino<\/a> stropicciato \u00e8 fatta per una cucina all&#8217;insegna dell&#8217;eleganza e dei particolari, ricca di sapori intensi e umori antichi che si basa principalmente su alcuni elementi&#8230;.. pane, formaggio, pasta fatta in casa, olio extravergine e vino: una cucina speciale che da piacere agli occhi e la gola.<\/p>\n<p>[\/vc_column_text][\/vc_column][\/vc_row]<\/p>\n<\/div>","protected":false},"excerpt":{"rendered":"<p>Tovaglie eleganti su misura in Lino Stropicciato. Un gran Tessuto in lino Italiano per una grande Tovaglia: disponibile in tre combinazioni o tonalit\u00e0 di colore con cornice a contrasto.\u00a0 <strong>Melissano &#8211; &#8220;per scoprire insieme le tradizioni e i sapori del vecchio Salento\u201d <\/strong><\/p>\n","protected":false},"featured_media":12339,"template":"","meta":[],"product_brand":[],"product_cat":[145],"product_tag":[],"class_list":{"0":"post-8379","1":"product","2":"type-product","3":"status-publish","4":"has-post-thumbnail","6":"product_cat-tovaglie-di-lino","8":"first","9":"instock","10":"sale","11":"taxable","12":"shipping-taxable","13":"purchasable","14":"product-type-simple"},"_links":{"self":[{"href":"https:\/\/www.marinigerardi.it\/shop\/wp-json\/wp\/v2\/product\/8379","targetHints":{"allow":["GET"]}}],"collection":[{"href":"https:\/\/www.marinigerardi.it\/shop\/wp-json\/wp\/v2\/product"}],"about":[{"href":"https:\/\/www.marinigerardi.it\/shop\/wp-json\/wp\/v2\/types\/product"}],"wp:featuredmedia":[{"embeddable":true,"href":"https:\/\/www.marinigerardi.it\/shop\/wp-json\/wp\/v2\/media\/12339"}],"wp:attachment":[{"href":"https:\/\/www.marinigerardi.it\/shop\/wp-json\/wp\/v2\/media?parent=8379"}],"wp:term":[{"taxonomy":"product_brand","embeddable":true,"href":"https:\/\/www.marinigerardi.it\/shop\/wp-json\/wp\/v2\/product_brand?post=8379"},{"taxonomy":"product_cat","embeddable":true,"href":"https:\/\/www.marinigerardi.it\/shop\/wp-json\/wp\/v2\/product_cat?post=8379"},{"taxonomy":"product_tag","embeddable":true,"href":"https:\/\/www.marinigerardi.it\/shop\/wp-json\/wp\/v2\/product_tag?post=8379"}],"curies":[{"name":"wp","href":"https:\/\/api.w.org\/{rel}","templated":true}]}}