{"id":8357,"date":"2023-09-28T10:48:32","date_gmt":"2023-09-28T10:48:32","guid":{"rendered":"https:\/\/marinigerardi.it\/shop\/product\/import-placeholder-for-21598\/"},"modified":"2025-12-21T01:17:28","modified_gmt":"2025-12-21T01:17:28","slug":"tovaglia-da-tavola-lino-elegante","status":"publish","type":"product","link":"https:\/\/www.marinigerardi.it\/shop\/prodotto\/tovaglia-da-tavola-lino-elegante\/","title":{"rendered":"BAELO CLAUDIA &#8211; Tovaglia da Tavola Lino Elegante e Moderna"},"content":{"rendered":"<div class=\"wpb-content-wrapper\"><p>[vc_row equal_height=&#8221;yes&#8221; mobile_bg_img_hidden=&#8221;no&#8221; tablet_bg_img_hidden=&#8221;no&#8221; woodmart_parallax=&#8221;0&#8243; woodmart_gradient_switch=&#8221;no&#8221; row_reverse_mobile=&#8221;0&#8243; row_reverse_tablet=&#8221;0&#8243; woodmart_disable_overflow=&#8221;0&#8243;][vc_column offset=&#8221;vc_col-lg-6 vc_col-md-6&#8243; mobile_bg_img_hidden=&#8221;no&#8221; tablet_bg_img_hidden=&#8221;no&#8221; woodmart_parallax=&#8221;0&#8243; woodmart_sticky_column=&#8221;false&#8221; parallax_scroll=&#8221;no&#8221; mobile_reset_margin=&#8221;no&#8221; tablet_reset_margin=&#8221;no&#8221; css=&#8221;.vc_custom_1613071403480{margin-top: 0px !important;}&#8221;]\n\t\t<div id=\"wd-69474a742d7b7\" class=\"title-wrapper wd-wpb wd-set-mb reset-last-child  wd-rs-69474a742d7b7 wd-title-color-primary wd-title-style-bordered text-left vc_custom_1766279745615 wd-underline-colored\">\n\t\t\t\n\t\t\t<div class=\"liner-continer\">\n\t\t\t\t<h2 class=\"woodmart-title-container title  wd-font-weight- wd-fontsize-l\" >BAELO CLAUDIA - Tovaglia da Tavola Lino Elegante e Moderna dal rigato prezioso<\/h2>\n\t\t\t\t\t\t\t<\/div>\n\t\t\t\n\t\t\t\n\t\t\t\n\t\t<\/div>\n\t\t\n\t\t\t\t<div id=\"wd-65e2f57422970\" class=\"wd-text-block wd-wpb reset-last-child wd-rs-65e2f57422970 text-left \">\n\t\t\t<p style=\"text-align: justify;\"><a href=\"https:\/\/www.marinigerardi.it\/shop\/prodotto\/tovaglia-da-tavola-lino-elegante\/\">Tovaglia realizzata in tessuto di puro lino<\/a> \u00e8 cucita sartorialmente nel nostro laboratorio al momento dell\u2019ordine Una Grande Tovaglia, fatta a regola d&#8217;arte per fare la differenza, perfetta e adatta per ogni occasione. Una Musa ispiratrice, profumo di luoghi meravigliosi. Il suo colore naturale lo rendono ideale per qualsiasi combinazione arredo. Sentiti sempre libero di mescolare e abbinare.<br \/>\n<strong>I nostri Consigli:<\/strong> per un look trendy e moderno, utilizza il tessuto senza stirare; per un look classico, stirare a vapore.<\/p>\n\t\t<\/div>\n\t\t[vc_message message_box_style=&#8221;outline&#8221; message_box_color=&#8221;grey&#8221; css=&#8221;&#8221;]<strong>Tessuto: <\/strong>100% Lino<br \/>\n<strong>Peso tessuto:<\/strong> 170 gr\/m\u00b2<br \/>\n<strong>Colori:<\/strong> Un unico colore &#8211; Sfondo Panna con righe Ecru<br \/>\n<strong>Misure:<\/strong> 160\u00d7160 | 160\u00d7180 | 160\u00d7200 | 160\u00d7240 | 160\u00d7260 | 160\u00d7280 | 160\u00d7300<\/p>\n<p>Per misure particolari vi preghiamo di contattarci al Indirizzo mail <strong>assistenza@marinigerardi.it<\/strong>[\/vc_message][\/vc_column][vc_column css=&#8221;.vc_custom_1612434787067{background-position: center !important;background-repeat: no-repeat !important;background-size: cover !important;}&#8221; offset=&#8221;vc_col-lg-6 vc_col-md-6&#8243; mobile_bg_img_hidden=&#8221;no&#8221; tablet_bg_img_hidden=&#8221;no&#8221; woodmart_parallax=&#8221;0&#8243; woodmart_sticky_column=&#8221;false&#8221; parallax_scroll=&#8221;no&#8221; mobile_reset_margin=&#8221;no&#8221; tablet_reset_margin=&#8221;no&#8221;][vc_single_image image=&#8221;11749&#8243; img_size=&#8221;full&#8221; alignment=&#8221;center&#8221; style=&#8221;vc_box_shadow&#8221; onclick=&#8221;link_image&#8221; parallax_scroll=&#8221;no&#8221;][\/vc_column][\/vc_row][vc_row][vc_column][vc_empty_space woodmart_hide_large=&#8221;0&#8243; woodmart_hide_medium=&#8221;0&#8243; woodmart_hide_small=&#8221;0&#8243;]\n\t\t<div id=\"wd-69474a812ef54\" class=\"title-wrapper wd-wpb wd-set-mb reset-last-child  wd-rs-69474a812ef54 wd-title-color-default wd-title-style-bordered text-center  wd-underline-colored\">\n\t\t\t\n\t\t\t<div class=\"liner-continer\">\n\t\t\t\t<h3 class=\"woodmart-title-container title  wd-font-weight- wd-fontsize-l\" >Tovaglia da Tavola Lino Elegante e Moderna<\/h3>\n\t\t\t\t\t\t\t<\/div>\n\t\t\t\n\t\t\t\n\t\t\t\n\t\t<\/div>\n\t\t\n\t\t[\/vc_column][\/vc_row][vc_row content_placement=&#8221;middle&#8221; woodmart_bg_position=&#8221;center-bottom&#8221; css=&#8221;.vc_custom_1699220698440{background-color: #f3f3f3 !important;background-position: 0 0 !important;background-repeat: no-repeat !important;}&#8221; el_class=&#8221;mobile-bg-img-hidden&#8221; mobile_bg_img_hidden=&#8221;no&#8221; tablet_bg_img_hidden=&#8221;no&#8221; woodmart_parallax=&#8221;0&#8243; woodmart_gradient_switch=&#8221;no&#8221; row_reverse_mobile=&#8221;0&#8243; row_reverse_tablet=&#8221;0&#8243; woodmart_disable_overflow=&#8221;0&#8243; woodmart_css_id=&#8221;65480cd11ad0f&#8221; responsive_spacing=&#8221;eyJwYXJhbV90eXBlIjoid29vZG1hcnRfcmVzcG9uc2l2ZV9zcGFjaW5nIiwic2VsZWN0b3JfaWQiOiI2NTQ4MGNkMTFhZDBmIiwic2hvcnRjb2RlIjoidmNfcm93IiwiZGF0YSI6eyJ0YWJsZXQiOnt9LCJtb2JpbGUiOnt9fX0=&#8221; woodmart_box_shadow=&#8221;yes&#8221; wd_box_shadow=&#8221;eyJkZXZpY2VzIjp7ImRlc2t0b3AiOnsiaG9yaXpvbnRhbCI6IjAiLCJ2ZXJ0aWNhbCI6IjAiLCJibHVyIjoiOSIsInNwcmVhZCI6IjAiLCJjb2xvciI6InJnYmEoMCwgMCwgMCwgLjE1KSJ9fX0=&#8221; wd_z_index=&#8221;no&#8221;][vc_column mobile_bg_img_hidden=&#8221;no&#8221; tablet_bg_img_hidden=&#8221;no&#8221; woodmart_parallax=&#8221;0&#8243; woodmart_sticky_column=&#8221;false&#8221; parallax_scroll=&#8221;no&#8221; mobile_reset_margin=&#8221;no&#8221; tablet_reset_margin=&#8221;no&#8221;][vc_single_image image=&#8221;9038&#8243; img_size=&#8221;full&#8221; alignment=&#8221;center&#8221; style=&#8221;vc_box_shadow&#8221; onclick=&#8221;link_image&#8221; css=&#8221;.vc_custom_1699220686047{margin-right: 20px !important;}&#8221; parallax_scroll=&#8221;no&#8221; woodmart_inline=&#8221;no&#8221;][\/vc_column][\/vc_row][vc_row][vc_column]\n\t\t<div id=\"wd-69474a9aea010\" class=\"title-wrapper wd-wpb wd-set-mb reset-last-child  wd-rs-69474a9aea010 wd-title-color-primary wd-title-style-bordered text-center justify  wd-underline-colored\">\n\t\t\t\n\t\t\t<div class=\"liner-continer\">\n\t\t\t\t<h3 class=\"woodmart-title-container title  wd-font-weight- wd-fontsize-l\" >BAELO CLAUDIA - Tovaglia da Tavola Lino Moderne ed Elegante<\/h3>\n\t\t\t\t\t\t\t<\/div>\n\t\t\t\n\t\t\t\t\t\t\t<div class=\"title-after_title reset-last-child  wd-fontsize-xs\">per una tavola romantica<\/div>\n\t\t\t\n\t\t\t\n\t\t<\/div>\n\t\t\n\t\t\t\t<div id=\"wd-65480e7d7c947\" class=\"wd-text-block wd-wpb reset-last-child wd-rs-65480e7d7c947 text-left \">\n\t\t\t<p style=\"text-align: justify;\">In un angolo di paradiso, la Spagna del Sud, Baelo Claudia ci ispira per una tavola romantica senza tempo.<\/p>\n<p style=\"text-align: justify;\"><strong>&#8220;Baelo Claudia: Un&#8217;Innamorata Tavola di Lino&#8221;<\/strong><\/p>\n<p style=\"text-align: justify;\">Chi l&#8217;ha detto che i sogni devono rimanere solo nei sogni? Lasciatevi rapire dalla magia del sud della Spagna, dove Baelo Claudia si svela in tutta la sua bellezza, con spiagge incantevoli, pittoreschi pueblos blancos, citt\u00e0 straordinarie, il ritmo del flamenco, le deliziose tapas e un sole che accarezza l&#8217;anima. E ora, portate tutto questo incanto sulla vostra tavola con la nostra tovaglia da tavola in puro lino.<\/p>\n<p style=\"text-align: justify;\">Questo non \u00e8 solo un tessuto, \u00e8 un piccolo sogno. Una tavola imbandita con l&#8217;amore e l&#8217;ispirazione della Spagna del Sud, racchiusa in una tovaglia dal design moderno ed elegante. Questo lino di alta qualit\u00e0 \u00e8 disponibile in una singola tonalit\u00e0 di colore, che si fa notare per la sua eleganza ma si adatta perfettamente anche a un&#8217;atmosfera informale. \u00c8 un&#8217;opera d&#8217;arte tessile che trasforma ogni pasto in un&#8217;esperienza indimenticabile.<\/p>\n<p style=\"text-align: justify;\">Questa tovaglia \u00e8 davvero unica, tanto da poter essere considerata un regalo raffinato da fare o da ricevere. Rinnovate la vostra tavola e lasciatevi trasportare in una Spagna di pura passione e romanticismo.<\/p>\n\t\t<\/div>\n\t\t[\/vc_column][\/vc_row]<\/p>\n<\/div>","protected":false},"excerpt":{"rendered":"<p>Una Tovaglia da Tavola realizzata in puro Lino con un classico a righe sempre di moda, tinto in filo. <strong>Una combinazione di tessuto a righe larghe e strette<\/strong> spiritoso, fresco e di classe.<\/p>\n","protected":false},"featured_media":11753,"template":"","meta":[],"product_brand":[],"product_cat":[145],"product_tag":[],"class_list":{"0":"post-8357","1":"product","2":"type-product","3":"status-publish","4":"has-post-thumbnail","6":"product_cat-tovaglie-di-lino","8":"first","9":"instock","10":"taxable","11":"shipping-taxable","12":"purchasable","13":"product-type-simple"},"_links":{"self":[{"href":"https:\/\/www.marinigerardi.it\/shop\/wp-json\/wp\/v2\/product\/8357","targetHints":{"allow":["GET"]}}],"collection":[{"href":"https:\/\/www.marinigerardi.it\/shop\/wp-json\/wp\/v2\/product"}],"about":[{"href":"https:\/\/www.marinigerardi.it\/shop\/wp-json\/wp\/v2\/types\/product"}],"wp:featuredmedia":[{"embeddable":true,"href":"https:\/\/www.marinigerardi.it\/shop\/wp-json\/wp\/v2\/media\/11753"}],"wp:attachment":[{"href":"https:\/\/www.marinigerardi.it\/shop\/wp-json\/wp\/v2\/media?parent=8357"}],"wp:term":[{"taxonomy":"product_brand","embeddable":true,"href":"https:\/\/www.marinigerardi.it\/shop\/wp-json\/wp\/v2\/product_brand?post=8357"},{"taxonomy":"product_cat","embeddable":true,"href":"https:\/\/www.marinigerardi.it\/shop\/wp-json\/wp\/v2\/product_cat?post=8357"},{"taxonomy":"product_tag","embeddable":true,"href":"https:\/\/www.marinigerardi.it\/shop\/wp-json\/wp\/v2\/product_tag?post=8357"}],"curies":[{"name":"wp","href":"https:\/\/api.w.org\/{rel}","templated":true}]}}