{"id":8348,"date":"2021-01-28T10:48:30","date_gmt":"2021-01-28T10:48:30","guid":{"rendered":"https:\/\/marinigerardi.it\/shop\/product\/import-placeholder-for-21546\/"},"modified":"2025-07-24T08:12:54","modified_gmt":"2025-07-24T08:12:54","slug":"melissa-applique-moderne-in-lino","status":"publish","type":"product","link":"https:\/\/www.marinigerardi.it\/shop\/prodotto\/melissa-applique-moderne-in-lino\/","title":{"rendered":"MELISSA &#8211; Applique moderne in Lino &#8211; Illuminazione a Parete"},"content":{"rendered":"<div class=\"wpb-content-wrapper\"><p>[vc_row equal_height=&#8221;yes&#8221; mobile_bg_img_hidden=&#8221;no&#8221; tablet_bg_img_hidden=&#8221;no&#8221; woodmart_parallax=&#8221;0&#8243; woodmart_gradient_switch=&#8221;no&#8221; row_reverse_mobile=&#8221;0&#8243; row_reverse_tablet=&#8221;0&#8243; woodmart_disable_overflow=&#8221;0&#8243;][vc_column offset=&#8221;vc_col-lg-6 vc_col-md-6&#8243; mobile_bg_img_hidden=&#8221;no&#8221; tablet_bg_img_hidden=&#8221;no&#8221; woodmart_parallax=&#8221;0&#8243; woodmart_sticky_column=&#8221;false&#8221; parallax_scroll=&#8221;no&#8221; mobile_reset_margin=&#8221;no&#8221; tablet_reset_margin=&#8221;no&#8221; css=&#8221;.vc_custom_1613071403480{margin-top: 0px !important;}&#8221;]\n\t\t<div id=\"wd-6881e8a6f2d38\" class=\"title-wrapper wd-wpb wd-set-mb reset-last-child  wd-rs-6881e8a6f2d38 wd-title-color-primary wd-title-style-default text-left vc_custom_1753344193062 wd-underline-colored\">\n\t\t\t\n\t\t\t<div class=\"liner-continer\">\n\t\t\t\t<h2 class=\"woodmart-title-container title  wd-font-weight-600 wd-fontsize-l\" >MELISSA - Applique moderne in Lino - Illuminazione a Parete<\/h2>\n\t\t\t\t\t\t\t<\/div>\n\t\t\t\n\t\t\t\n\t\t\t\n\t\t<\/div>\n\t\t\n\t\t\t\t<div id=\"wd-6881e95947671\" class=\"wd-text-block wd-wpb reset-last-child wd-rs-6881e95947671 text-left \">\n\t\t\t<p>Il\u00a0diffusore\u00a0\u00e8 realizzato da una struttura metallica, rivestito in tessuto di lino a colore, la cui piacevoli tonalit\u00e0 producono una luce calda e morbida. La parte inferiore e superiore\u00a0\u00e8 aperta, come in molte lampade da muro, garantendo una perfetto equilibrio di luce. Il consumatore pu\u00f2 scegliere e montare la lampadina che preferisce.<br \/>\n<strong><em><a href=\"https:\/\/www.marinigerardi.it\/shop\/prodotto\/melissa-applique-moderne-in-lino\/\">Lampada Applique<\/a> non elettrificata.<\/em><\/strong><\/p>\n\t\t<\/div>\n\t\t[vc_message message_box_style=&#8221;outline&#8221; message_box_color=&#8221;grey&#8221; css=&#8221;&#8221;]<\/p>\n<ul>\n<li>Fodera a colore in Tessuto Lino Antimacchia facile da pulire.<\/li>\n<li>in pronta consegna: 7\/20 gg. lav.<\/li>\n<\/ul>\n<p>Per misure particolari vi preghiamo di contattarci al Indirizzo mail <strong>assistenzza@marinigerardi.it<\/strong>[\/vc_message][\/vc_column][vc_column css=&#8221;.vc_custom_1612434787067{background-position: center !important;background-repeat: no-repeat !important;background-size: cover !important;}&#8221; offset=&#8221;vc_col-lg-6 vc_col-md-6&#8243; mobile_bg_img_hidden=&#8221;no&#8221; tablet_bg_img_hidden=&#8221;no&#8221; woodmart_parallax=&#8221;0&#8243; woodmart_sticky_column=&#8221;false&#8221; parallax_scroll=&#8221;no&#8221; mobile_reset_margin=&#8221;no&#8221; tablet_reset_margin=&#8221;no&#8221;][vc_single_image image=&#8221;13452&#8243; img_size=&#8221;large&#8221; alignment=&#8221;center&#8221; onclick=&#8221;link_image&#8221; parallax_scroll=&#8221;no&#8221; woodmart_inline=&#8221;no&#8221;][\/vc_column][\/vc_row][vc_row][vc_column][vc_empty_space woodmart_hide_large=&#8221;0&#8243; woodmart_hide_medium=&#8221;0&#8243; woodmart_hide_small=&#8221;0&#8243;]\n\t\t<div id=\"wd-6881e872d130f\" class=\"title-wrapper wd-wpb wd-set-mb reset-last-child  wd-rs-6881e872d130f wd-title-color-default wd-title-style-simple text-center  wd-underline-colored\">\n\t\t\t\n\t\t\t<div class=\"liner-continer\">\n\t\t\t\t<h3 class=\"woodmart-title-container title  wd-font-weight-600 wd-fontsize-l\" >Applique moderne in Lino - Illuminazione a parete<\/h3>\n\t\t\t\t\t\t\t<\/div>\n\t\t\t\n\t\t\t\n\t\t\t\n\t\t<\/div>\n\t\t\n\t\t\t\t<div id=\"wd-66d87b0c7088c\" class=\"wd-text-block wd-wpb reset-last-child wd-rs-66d87b0c7088c text-left \">\n\t\t\t<p style=\"text-align: justify;\"><strong>Illumina la Tua Casa con Eleganza Intemporale: Scopri l&#8217;Applique Moderna &#8220;MELISSA&#8221; per l&#8217;Illuminazione a Parete<\/strong><\/p>\n<p style=\"text-align: justify;\">Crea un&#8217;atmosfera avvolgente e sofisticata nella tua camera da letto o nel tuo soggiorno con l&#8217;applique moderna &#8220;MELISSA&#8221;. Questo raffinato complemento d&#8217;arredo incarna un fascino intramontabile, perfetto per ravvivare con stile una casa classica. Sperimenta una sorpresa di colori unici, capaci di conferire all&#8217;ambiente eleganza e vitalit\u00e0, donando un tocco di magia firmato Marini&amp;Gerardi.<\/p>\n<p style=\"text-align: justify;\">L&#8217;anima dello stile Marini&amp;Gerardi \u00e8 racchiusa nell&#8217;essenza di &#8220;MELISSA&#8221;. La serie di applique a muro \u00e8 caratterizzata da diffusori realizzati con una struttura metallica e rivestiti in pregiato tessuto di lino antimacchia, tinta unita. Questo rivestimento conferisce ai diffusori un aspetto incantevole e diffonde una luce calda e avvolgente quando la lampada \u00e8 accesa. La selezione di tonalit\u00e0 piacevoli contribuisce a creare un&#8217;atmosfera accogliente, trasformando il tuo spazio in un rifugio di comfort.<\/p>\n\t\t<\/div>\n\t\t[vc_empty_space height=&#8221;20px&#8221; woodmart_hide_large=&#8221;0&#8243; woodmart_hide_medium=&#8221;0&#8243; woodmart_hide_small=&#8221;0&#8243;][\/vc_column][\/vc_row][vc_row css=&#8221;.vc_custom_1691053274058{background-color: #f3f3f3 !important;}&#8221; woodmart_css_id=&#8221;64cb6ccf0a566&#8243; responsive_spacing=&#8221;eyJwYXJhbV90eXBlIjoid29vZG1hcnRfcmVzcG9uc2l2ZV9zcGFjaW5nIiwic2VsZWN0b3JfaWQiOiI2NGNiNmNjZjBhNTY2Iiwic2hvcnRjb2RlIjoidmNfcm93IiwiZGF0YSI6eyJ0YWJsZXQiOnt9LCJtb2JpbGUiOnt9fX0=&#8221; mobile_bg_img_hidden=&#8221;no&#8221; tablet_bg_img_hidden=&#8221;no&#8221; woodmart_parallax=&#8221;0&#8243; woodmart_gradient_switch=&#8221;no&#8221; woodmart_box_shadow=&#8221;yes&#8221; wd_box_shadow=&#8221;eyJkZXZpY2VzIjp7ImRlc2t0b3AiOnsiaG9yaXpvbnRhbCI6IjAiLCJ2ZXJ0aWNhbCI6IjAiLCJibHVyIjoiOSIsInNwcmVhZCI6IjAiLCJjb2xvciI6InJnYmEoMCwgMCwgMCwgLjE1KSJ9fX0=&#8221; wd_z_index=&#8221;no&#8221; woodmart_disable_overflow=&#8221;0&#8243; row_reverse_mobile=&#8221;0&#8243; row_reverse_tablet=&#8221;0&#8243;][vc_column]<div class=\"wpmf-gallerys wpmf-gallerys-life \" ><div id=\"gallery-1\" class=\"gallery gallery_life wpmf_gallery_default gallery_default  gallery-columns-2 gallery-size-large gallery-link-file wpmf-has-border-radius-0 wpmf-gutterwidth-5 no_ratio\"><figure class=\"wpmf-gallery-item\" data-index=\"0\"><div class=\"wpmf-gallery-icon\"><div class=\"square_thumbnail\"><div class=\"img_centered\"><a class=\" not_video noLightbox\" data-lightbox=\"1\" data-href=\"https:\/\/www.marinigerardi.it\/shop\/wp-content\/uploads\/2021\/01\/illuminazione-a-muro-tessuto-lino-design-classico-moderno.jpg\" title=\"Illuminazione da parete in tessuto\" target=\"_self\" data-index=\"0\"><img decoding=\"async\" class=\"wpmf_img\" alt=\"Illuminazione A Muro Tessuto Lino Design Classico Moderno\" src=\"https:\/\/www.marinigerardi.it\/shop\/wp-content\/uploads\/2021\/01\/illuminazione-a-muro-tessuto-lino-design-classico-moderno.jpg.webp\" data-type=\"wpmfgalleryimg\" data-attachment-id=\"13432\" data-wpmf-size=\"large\" data-lazy-src=\"https:\/\/www.marinigerardi.it\/shop\/wp-content\/uploads\/2021\/01\/illuminazione-a-muro-tessuto-lino-design-classico-moderno.jpg\"><\/a><\/div><\/div><\/div><figcaption class=\"wp-caption-text gallery-caption\">Illuminazione da parete in tessuto<\/figcaption><\/figure><figure class=\"wpmf-gallery-item\" data-index=\"1\"><div class=\"wpmf-gallery-icon\"><div class=\"square_thumbnail\"><div class=\"img_centered\"><a class=\" not_video noLightbox\" data-lightbox=\"1\" data-href=\"https:\/\/www.marinigerardi.it\/shop\/wp-content\/uploads\/2021\/01\/illuminazione-da-parete-tessuto-lino-design-classico-moderno.jpg\" title=\"Illuminazione da parete in tessuto\" target=\"_self\" data-index=\"1\"><img decoding=\"async\" class=\"wpmf_img\" alt=\"Illuminazione Da Parete Tessuto Lino Design Classico Moderno\" src=\"https:\/\/www.marinigerardi.it\/shop\/wp-content\/uploads\/2021\/01\/illuminazione-da-parete-tessuto-lino-design-classico-moderno.jpg.webp\" data-type=\"wpmfgalleryimg\" data-attachment-id=\"13431\" data-wpmf-size=\"large\" data-lazy-src=\"https:\/\/www.marinigerardi.it\/shop\/wp-content\/uploads\/2021\/01\/illuminazione-da-parete-tessuto-lino-design-classico-moderno.jpg\"><\/a><\/div><\/div><\/div><figcaption class=\"wp-caption-text gallery-caption\">Illuminazione da parete in tessuto<\/figcaption><\/figure><\/div><\/div>[\/vc_column][\/vc_row][vc_row][vc_column][vc_empty_space height=&#8221;20px&#8221; woodmart_hide_large=&#8221;0&#8243; woodmart_hide_medium=&#8221;0&#8243; woodmart_hide_small=&#8221;0&#8243;]\n\t\t<div id=\"wd-6881e88d0a35a\" class=\"title-wrapper wd-wpb wd-set-mb reset-last-child  wd-rs-6881e88d0a35a wd-title-color-default wd-title-style-simple text-center  wd-underline-colored\">\n\t\t\t\n\t\t\t<div class=\"liner-continer\">\n\t\t\t\t<h3 class=\"woodmart-title-container title  wd-font-weight-600 wd-fontsize-l\" >Applique moderne in Lino - Illuminazione a Parete<\/h3>\n\t\t\t\t\t\t\t<\/div>\n\t\t\t\n\t\t\t\n\t\t\t\n\t\t<\/div>\n\t\t\n\t\t\t\t<div id=\"wd-66d87b3021f74\" class=\"wd-text-block wd-wpb reset-last-child wd-rs-66d87b3021f74 text-left \">\n\t\t\t<p style=\"text-align: justify;\"><strong>Le lampade della serie &#8220;MELISSA&#8221; sono progettate con una parte inferiore e superiore aperta, un tocco di design che garantisce un&#8217;illuminazione ottimale, distribuita uniformemente nell&#8217;ambiente circostante.<\/strong> Questa caratteristica assicura che la luce si diffonda in modo omogeneo, creando una sensazione di calore e benessere.<\/p>\n<p style=\"text-align: justify;\">Un dettaglio che rende &#8220;MELISSA&#8221; ancora pi\u00f9 speciale \u00e8 la flessibilit\u00e0 di scelta per la lampadina. Hai il potere di personalizzare l&#8217;esperienza luminosa, selezionando e montando la lampadina ideale per le tue preferenze. Regola l&#8217;intensit\u00e0 e l&#8217;effetto luminoso per adattarli perfettamente alle tue esigenze di illuminazione.<\/p>\n<p style=\"text-align: justify;\"><strong>L&#8217;applique a parete &#8220;MELISSA&#8221; \u00e8 molto pi\u00f9 di una fonte di luce.<\/strong> \u00c8 un&#8217;opera d&#8217;arte, un pezzo decorativo che cattura sguardi e ammirazione. La sua estetica affascinante si manifesta sia quando \u00e8 accesa e in funzione, diffondendo la sua luce avvolgente, che quando \u00e8 spenta, arricchendo l&#8217;aspetto visivo complessivo del tuo ambiente.<\/p>\n<p style=\"text-align: justify;\"><strong>In breve, la serie di applique a muro &#8220;MELISSA&#8221;<\/strong> \u00e8 un tributo alla fusione di materiali di alta qualit\u00e0, come il pregiato tessuto di lino tinta unita e la robusta struttura metallica. Questo connubio, insieme alla versatilit\u00e0 della scelta della lampadina e all&#8217;estetica accattivante, la rende un&#8217;aggiunta straordinaria sia all&#8217;illuminazione che all&#8217;arredamento della tua casa. <strong>Vividi dettagli di stile che brillano di luce propria.<\/strong><\/p>\n\t\t<\/div>\n\t\t[\/vc_column][\/vc_row]<\/p>\n<\/div>","protected":false},"excerpt":{"rendered":"<p style=\"text-align: justify;\"><strong>MELISSA &#8211; Applique moderne in Lino<\/strong>: oggetto d\u2019arredo che cattura immediatamente l\u2019attenzione, dona calore e intimit\u00e0, umori e sentimenti non facilmente replicabili con altri tipi di materiale. Con Marini &amp; Gerardi <strong>tutto quello che immagini diventa Luce.<\/strong><\/p>\n","protected":false},"featured_media":13453,"template":"","meta":[],"product_brand":[],"product_cat":[671,666],"product_tag":[],"class_list":{"0":"post-8348","1":"product","2":"type-product","3":"status-publish","4":"has-post-thumbnail","6":"product_cat-applique","7":"product_cat-illuminazione-da-interni","9":"first","10":"instock","11":"taxable","12":"shipping-taxable","13":"purchasable","14":"product-type-simple"},"_links":{"self":[{"href":"https:\/\/www.marinigerardi.it\/shop\/wp-json\/wp\/v2\/product\/8348","targetHints":{"allow":["GET"]}}],"collection":[{"href":"https:\/\/www.marinigerardi.it\/shop\/wp-json\/wp\/v2\/product"}],"about":[{"href":"https:\/\/www.marinigerardi.it\/shop\/wp-json\/wp\/v2\/types\/product"}],"wp:featuredmedia":[{"embeddable":true,"href":"https:\/\/www.marinigerardi.it\/shop\/wp-json\/wp\/v2\/media\/13453"}],"wp:attachment":[{"href":"https:\/\/www.marinigerardi.it\/shop\/wp-json\/wp\/v2\/media?parent=8348"}],"wp:term":[{"taxonomy":"product_brand","embeddable":true,"href":"https:\/\/www.marinigerardi.it\/shop\/wp-json\/wp\/v2\/product_brand?post=8348"},{"taxonomy":"product_cat","embeddable":true,"href":"https:\/\/www.marinigerardi.it\/shop\/wp-json\/wp\/v2\/product_cat?post=8348"},{"taxonomy":"product_tag","embeddable":true,"href":"https:\/\/www.marinigerardi.it\/shop\/wp-json\/wp\/v2\/product_tag?post=8348"}],"curies":[{"name":"wp","href":"https:\/\/api.w.org\/{rel}","templated":true}]}}