{"id":8285,"date":"2021-01-28T10:47:37","date_gmt":"2021-01-28T10:47:37","guid":{"rendered":"https:\/\/marinigerardi.it\/shop\/product\/import-placeholder-for-20751\/"},"modified":"2025-03-18T11:44:18","modified_gmt":"2025-03-18T11:44:18","slug":"lenzuolo-sotto-in-puro-lino-italiano","status":"publish","type":"product","link":"https:\/\/www.marinigerardi.it\/shop\/prodotto\/lenzuolo-sotto-in-puro-lino-italiano\/","title":{"rendered":"MOJAVE st &#8211; Lenzuolo Sotto in Puro Lino Lavato Angoli elasticizzati"},"content":{"rendered":"<div class=\"wpb-content-wrapper\"><p>[vc_row equal_height=&#8221;yes&#8221; mobile_bg_img_hidden=&#8221;no&#8221; tablet_bg_img_hidden=&#8221;no&#8221; woodmart_parallax=&#8221;0&#8243; woodmart_gradient_switch=&#8221;no&#8221; row_reverse_mobile=&#8221;0&#8243; row_reverse_tablet=&#8221;0&#8243; woodmart_disable_overflow=&#8221;0&#8243;][vc_column offset=&#8221;vc_col-lg-6 vc_col-md-6&#8243; mobile_bg_img_hidden=&#8221;no&#8221; tablet_bg_img_hidden=&#8221;no&#8221; woodmart_parallax=&#8221;0&#8243; woodmart_sticky_column=&#8221;false&#8221; parallax_scroll=&#8221;no&#8221; mobile_reset_margin=&#8221;no&#8221; tablet_reset_margin=&#8221;no&#8221; css=&#8221;.vc_custom_1613071403480{margin-top: 0px !important;}&#8221;]\n\t\t<div id=\"wd-66d8dacd27deb\" class=\"title-wrapper wd-wpb wd-set-mb reset-last-child  wd-rs-66d8dacd27deb wd-title-color-default wd-title-style-default text-left  wd-underline-colored\">\n\t\t\t\n\t\t\t<div class=\"liner-continer\">\n\t\t\t\t<h2 class=\"woodmart-title-container title  wd-font-weight- wd-fontsize-l\" >MOJAVE - Lenzuolo Sotto in Puro Lino Lavato Angoli Elasticizzati<\/h2>\n\t\t\t\t\t\t\t<\/div>\n\t\t\t\n\t\t\t\n\t\t\t\n\t\t<\/div>\n\t\t\n\t\t\t\t<div id=\"wd-64dd53c681ca1\" class=\"wd-text-block wd-wpb reset-last-child wd-rs-64dd53c681ca1 text-left \">\n\t\t\t<p style=\"text-align: justify;\">Le nostre lenzuola in lino sono un simbolo di semplicit\u00e0, raffinatezza e praticit\u00e0. La manutenzione \u00e8 agevole, e se il tuo stile abbraccia il vintage e l&#8217;informale, potrai godere della bellezza autentica senza necessit\u00e0 di stiratura. Questo \u00e8 tessuto 100% LINO Italiano, trattato con cura indanthrene, un colore che sfida la luce, gli agenti atmosferici e persino i lavaggi. Un&#8217;eccellenza di qualit\u00e0 che solo il lino italiano pu\u00f2 offrire.<\/p>\n\t\t<\/div>\n\t\t\t\t\t<div class=\"info-box-wrapper\">\n\t\t\t\t<div id=\"wd-64dd538480375\" class=\" wd-rs-64dd538480375 wd-info-box wd-wpb text-left box-icon-align-top box-style-border color-scheme-dark wd-bg-none \">\n\t\t\t\t\t\t\t\t\t\t<div class=\"info-box-content\">\n\t\t\t\t\t\t\t\t\t\t\t\t<div class=\"info-box-inner reset-last-child\"><\/p>\n<p style=\"text-align: justify;\"><span class=\"a-list-item\"><a href=\"https:\/\/www.marinigerardi.it\/shop\/prodotto\/lenzuolo-sotto-in-puro-lino-italiano\/\">Questa offerta include<\/a> solo <strong>un lenzuolo sotto<\/strong> con elastico. Se avete bisogno di lenzuolo sopra, si prega di ricercare:<a href=\"https:\/\/www.marinigerardi.it\/shop\/prodotto\/le-dune-lenzuola-matrimoniali-lino-tinta-unita\/\"><span style=\"text-decoration: underline;\"><strong> <span class=\"breadcrumb-last\">Mojave<\/span>\/Lenzuolo Sopra<\/strong> <\/span><\/a>per le federe, si prega di ricercare:<strong>\u00a0<span style=\"text-decoration: underline;\"><a href=\"https:\/\/marinigerardi.it\/shop\/prodotto\/mojave-federe-cuscini-letto-lino-prelavato\/\"> Mojave\/Federe<\/a><\/span>. <\/strong>Per altre misure o combinazioni colore contattateci a: <strong>assistenza@marinigerardi.it <\/strong><\/span><\/p>\n<p>\n<\/div>\n\n\t\t\t\t\t\t\t\t\t\t\t<\/div>\n\n\t\t\t\t\t\n\t\t\t\t\t\t\t\t\t<\/div>\n\t\t\t<\/div>\n\t\t[vc_column_text woodmart_inline=&#8221;no&#8221; text_larger=&#8221;no&#8221;]<div class=\"wpb-content-wrapper\">[vc_row][vc_column]<div id=\"wd-61866bc65b608\" class=\" wd-rs-61866bc65b608   wd-rs-61866bc65b608 wd-button-wrapper text-left\"><a href=\"#my_popup\" title=\"\" class=\"btn btn-color-primary btn-style-bordered btn-shape-rectangle btn-size-default wd-open-popup \">Guida alle TAGLIE<\/a><\/div><div id=\"my_popup\" class=\"mfp-hide wd-popup wd-popup-element wd-scroll-content\" style=\"--wd-popup-width:800px;\">[vc_message message_box_style=\"solid-icon\" style=\"square\" message_box_color=\"grey\"]\r\n<h4>COPRIPIUMINI:<\/h4>\r\n<table style=\"border-collapse: collapse; width: 100%; height: 144px;\">\r\n<tbody>\r\n<tr style=\"height: 24px;\">\r\n<td style=\"width: 33.3333%; height: 24px;\"><strong>MATERASSO<\/strong><\/td>\r\n<td style=\"width: 33.3333%; height: 24px;\"><strong>LETTO<\/strong><\/td>\r\n<td style=\"width: 33.3333%; height: 24px;\"><strong>COPRIPIUMINO<\/strong><\/td>\r\n<\/tr>\r\n<tr style=\"height: 24px;\">\r\n<td style=\"width: 33.3333%; height: 24px;\">90 x 200 cm<\/td>\r\n<td style=\"width: 33.3333%; height: 24px;\">Singolo<\/td>\r\n<td style=\"width: 33.3333%; height: 24px;\">140 x 200 cm<\/td>\r\n<\/tr>\r\n<tr style=\"height: 24px;\">\r\n<td style=\"width: 33.3333%; height: 24px;\">120 x 200 cm<\/td>\r\n<td style=\"width: 33.3333%; height: 24px;\">1 Piazza e Mezza<\/td>\r\n<td style=\"width: 33.3333%; height: 24px;\">200 x 200 cm<\/td>\r\n<\/tr>\r\n<tr style=\"height: 24px;\">\r\n<td style=\"width: 33.3333%; height: 24px;\">140 x 200 cm<\/td>\r\n<td style=\"width: 33.3333%; height: 24px;\">Francese<\/td>\r\n<td style=\"width: 33.3333%; height: 24px;\">220 x 220 cm<\/td>\r\n<\/tr>\r\n<tr style=\"height: 24px;\">\r\n<td style=\"width: 33.3333%; height: 24px;\">160 x 200 cm<\/td>\r\n<td style=\"width: 33.3333%; height: 24px;\">Francese XL<\/td>\r\n<td style=\"width: 33.3333%; height: 24px;\">240 x 220 cm<\/td>\r\n<\/tr>\r\n<tr style=\"height: 24px;\">\r\n<td style=\"width: 33.3333%; height: 24px;\">180 x 200 cm<\/td>\r\n<td style=\"width: 33.3333%; height: 24px;\">Matrimoniale<\/td>\r\n<td style=\"width: 33.3333%; height: 24px;\">260 x 240 cm<\/td>\r\n<\/tr>\r\n<\/tbody>\r\n<\/table>\r\n[\/vc_message][vc_message message_box_style=\"solid-icon\" message_box_color=\"grey\"]\r\n<h4>LENZUOLA:<\/h4>\r\n<table style=\"border-collapse: collapse; width: 100%; height: 240px;\">\r\n<tbody>\r\n<tr style=\"height: 24px;\">\r\n<td style=\"width: 16.4353%; height: 24px;\"><strong>MATERASSO<\/strong><\/td>\r\n<td style=\"width: 8.71207%; height: 24px;\"><strong>LETTO<\/strong><\/td>\r\n<td style=\"width: 17.3575%; height: 24px;\"><strong>LENZUOLO SOPRA \/ PIANO\r\n<\/strong><\/td>\r\n<\/tr>\r\n<tr style=\"height: 24px;\">\r\n<td style=\"width: 16.4353%; height: 24px;\">80 \u00d7 190\/200 + altezza 20\/30 cm<\/td>\r\n<td style=\"width: 8.71207%; height: 24px;\"><strong>Singolo<\/strong> :<\/td>\r\n<td style=\"width: 17.3575%; height: 24px;\">160 \u00d7 270 cm<\/td>\r\n<\/tr>\r\n<tr style=\"height: 24px;\">\r\n<td style=\"width: 16.4353%; height: 24px;\">90 \u00d7 190\/200 + altezza 20\/30 cm<\/td>\r\n<td style=\"width: 8.71207%; height: 24px;\"><strong>Singolo<\/strong> :<\/td>\r\n<td style=\"width: 17.3575%; height: 24px;\">170 \u00d7 270 cm<\/td>\r\n<\/tr>\r\n<tr style=\"height: 24px;\">\r\n<td style=\"width: 16.4353%; height: 24px;\">120 \u00d7 190\/200 + altezza 20\/30 cm<\/td>\r\n<td style=\"width: 8.71207%; height: 24px;\"><strong>Piazza e Mezza<\/strong> :<\/td>\r\n<td style=\"width: 17.3575%; height: 24px;\">200 \u00d7 270 cm<\/td>\r\n<\/tr>\r\n<tr style=\"height: 24px;\">\r\n<td style=\"width: 16.4353%; height: 24px;\">140 \u00d7 190\/200 + altezza 20\/30 cm<\/td>\r\n<td style=\"width: 8.71207%; height: 24px;\"><strong>Francese<\/strong> :<\/td>\r\n<td style=\"width: 17.3575%; height: 24px;\">220 \u00d7 270 cm<\/td>\r\n<\/tr>\r\n<tr style=\"height: 24px;\">\r\n<td style=\"width: 16.4353%; height: 24px;\">160 x 190\/200 + altezza 20\/30 cm<\/td>\r\n<td style=\"width: 8.71207%; height: 24px;\"><strong>Matrimoniale<\/strong> :<\/td>\r\n<td style=\"width: 17.3575%; height: 24px;\">240 \u00d7 270 cm<\/td>\r\n<\/tr>\r\n<tr style=\"height: 24px;\">\r\n<td style=\"width: 16.4353%; height: 24px;\">180 x 190\/200 + altezza 20\/30 cm<\/td>\r\n<td style=\"width: 8.71207%; height: 24px;\"><strong>Queen :<\/strong><\/td>\r\n<td style=\"width: 17.3575%; height: 24px;\">260 \u00d7 280 cm<\/td>\r\n<\/tr>\r\n<tr style=\"height: 24px;\">\r\n<td style=\"width: 16.4353%; height: 24px;\">195\/200 x 200 + altezza 20\/30 cm<\/td>\r\n<td style=\"width: 8.71207%; height: 24px;\"><strong>King<\/strong> :<\/td>\r\n<td style=\"width: 17.3575%; height: 24px;\">275 \u00d7 280 cm<\/td>\r\n<\/tr>\r\n<tr style=\"height: 24px;\">\r\n<td style=\"width: 16.4353%; height: 24px;\"><\/td>\r\n<td style=\"width: 8.71207%; height: 24px;\"><\/td>\r\n<td style=\"width: 17.3575%; height: 24px;\"><\/td>\r\n<\/tr>\r\n<tr style=\"height: 24px;\">\r\n<td style=\"width: 16.4353%; height: 24px;\">Standard<\/td>\r\n<td style=\"width: 8.71207%; height: 24px;\"><span style=\"font-size: 14pt;\"><strong>Guanciale<\/strong><\/span><\/td>\r\n<td style=\"width: 17.3575%; height: 24px;\">50 x 75 cm<\/td>\r\n<\/tr>\r\n<\/tbody>\r\n<\/table>\r\n[\/vc_message]<\/div>[\/vc_column][\/vc_row]<\/div>[\/vc_column_text][\/vc_column][vc_column css=&#8221;.vc_custom_1612434787067{background-position: center !important;background-repeat: no-repeat !important;background-size: cover !important;}&#8221; offset=&#8221;vc_col-lg-6 vc_col-md-6&#8243; mobile_bg_img_hidden=&#8221;no&#8221; tablet_bg_img_hidden=&#8221;no&#8221; woodmart_parallax=&#8221;0&#8243; woodmart_sticky_column=&#8221;false&#8221; parallax_scroll=&#8221;no&#8221; mobile_reset_margin=&#8221;no&#8221; tablet_reset_margin=&#8221;no&#8221;][vc_single_image image=&#8221;9107&#8243; img_size=&#8221;large&#8221; alignment=&#8221;center&#8221; onclick=&#8221;link_image&#8221; parallax_scroll=&#8221;no&#8221; woodmart_inline=&#8221;no&#8221;][\/vc_column][\/vc_row][vc_row][vc_column][vc_text_separator title=&#8221;Tessuti Naturali&#8221;]\n\t\t<div id=\"wd-66d8daa4b3399\" class=\"title-wrapper wd-wpb wd-set-mb reset-last-child  wd-rs-66d8daa4b3399 wd-title-color-default wd-title-style-default text-center  wd-underline-colored\">\n\t\t\t\n\t\t\t<div class=\"liner-continer\">\n\t\t\t\t<h2 class=\"woodmart-title-container title  wd-font-weight- wd-fontsize-l\" >MOJAVE - Lenzuolo Sotto in Puro Lino Lavato Angoli<\/h2>\n\t\t\t\t\t\t\t<\/div>\n\t\t\t\n\t\t\t\n\t\t\t\n\t\t<\/div>\n\t\t\n\t\t[\/vc_column][\/vc_row][vc_row content_placement=&#8221;middle&#8221; woodmart_bg_position=&#8221;center-bottom&#8221; css=&#8221;.vc_custom_1692226588726{background-color: #f3f3f3 !important;background-position: 0 0 !important;background-repeat: no-repeat !important;}&#8221; el_class=&#8221;mobile-bg-img-hidden&#8221; mobile_bg_img_hidden=&#8221;no&#8221; tablet_bg_img_hidden=&#8221;no&#8221; woodmart_parallax=&#8221;0&#8243; woodmart_gradient_switch=&#8221;no&#8221; row_reverse_mobile=&#8221;0&#8243; row_reverse_tablet=&#8221;0&#8243; woodmart_disable_overflow=&#8221;0&#8243; woodmart_css_id=&#8221;64dd54107f08d&#8221; responsive_spacing=&#8221;eyJwYXJhbV90eXBlIjoid29vZG1hcnRfcmVzcG9uc2l2ZV9zcGFjaW5nIiwic2VsZWN0b3JfaWQiOiI2NGRkNTQxMDdmMDhkIiwic2hvcnRjb2RlIjoidmNfcm93IiwiZGF0YSI6eyJ0YWJsZXQiOnt9LCJtb2JpbGUiOnt9fX0=&#8221; woodmart_box_shadow=&#8221;yes&#8221; wd_box_shadow=&#8221;eyJkZXZpY2VzIjp7ImRlc2t0b3AiOnsiaG9yaXpvbnRhbCI6IjAiLCJ2ZXJ0aWNhbCI6IjAiLCJibHVyIjoiOSIsInNwcmVhZCI6IjAiLCJjb2xvciI6InJnYmEoMCwgMCwgMCwgLjE1KSJ9fX0=&#8221; wd_z_index=&#8221;no&#8221;][vc_column mobile_bg_img_hidden=&#8221;no&#8221; tablet_bg_img_hidden=&#8221;no&#8221; woodmart_parallax=&#8221;0&#8243; woodmart_sticky_column=&#8221;false&#8221; parallax_scroll=&#8221;no&#8221; mobile_reset_margin=&#8221;no&#8221; tablet_reset_margin=&#8221;no&#8221;][vc_single_image image=&#8221;11580&#8243; img_size=&#8221;full&#8221; alignment=&#8221;center&#8221; onclick=&#8221;link_image&#8221; parallax_scroll=&#8221;no&#8221; woodmart_inline=&#8221;no&#8221;][\/vc_column][\/vc_row][vc_row][vc_column]\n\t\t<div id=\"wd-66d8db082eab9\" class=\"title-wrapper wd-wpb wd-set-mb reset-last-child  wd-rs-66d8db082eab9 wd-title-color-default wd-title-style-underlined text-center  wd-underline-colored\">\n\t\t\t\n\t\t\t<div class=\"liner-continer\">\n\t\t\t\t<h3 class=\"woodmart-title-container title  wd-font-weight- wd-fontsize-l\" >MOJAVE - Lenzuolo Sotto in Puro Lino Lavato Angoli Elasticizzati<\/h3>\n\t\t\t\t\t\t\t<\/div>\n\t\t\t\n\t\t\t\n\t\t\t\n\t\t<\/div>\n\t\t\n\t\t[vc_column_text text_larger=&#8221;no&#8221; woodmart_inline=&#8221;no&#8221;]<\/p>\n<p style=\"text-align: justify;\">Nell&#8217;intimit\u00e0 dei nostri spazi, un tocco di lusso e raffinatezza si insinua con grazia. <strong>MOJAVE &#8211; Lenzuolo Sotto in Puro Lino Lavato con Angoli Elasticizati<\/strong> incarna la perfezione dell&#8217;arte tessile, un capolavoro che abbraccia il tuo letto con amorevole eleganza. La stanza pi\u00f9 riservata della casa si trasforma in un rifugio di emozioni, un luogo che accoglie, abbraccia e culla il tuo riposo.<br \/>\nLe lenzuola da letto, singole o matrimoniali, de <strong>LE DUNE DEL MOJAVE<\/strong> portano con s\u00e9 un&#8217;esplosione di colori delicati e passione, avvolgendo il relax con un calore accogliente. Queste lenzuola, dolci e avvolgenti sulla pelle, si rivelano un tocco di morbidezza che si fa apprezzare al tatto. Ma c&#8217;\u00e8 di pi\u00f9: sono la versione sofisticata e contemporanea di un tessuto tradizionale, un incontro tra l&#8217;antico e il moderno.<br \/>\nNoi crediamo nel potere di emozionare, comunicare e progettare, e questo spirito guida ogni nostra creazione. <strong>Marini &amp; Gerardi home &amp; living<\/strong> ti invita a intraprendere un viaggio nel mondo del tessile d&#8217;arredo, dove la qualit\u00e0 e l&#8217;idea sono sovrane.<strong> \u00c8 un invito a innamorarti del tuo spazio intimo, a esprimere il tuo amore per la camera da letto. Perch\u00e9 amare il proprio riposo \u00e8 il primo passo per amare te stesso.<\/strong><\/p>\n<p>[\/vc_column_text][\/vc_column][\/vc_row]<\/p>\n<\/div>","protected":false},"excerpt":{"rendered":"<p style=\"text-align: justify;\"><strong>MOJAVE &#8211; Lenzuola in lino Sotto con angoli<\/strong> elasticizzati confezionate con LE DUNE tessuto di lino prelavato di primissima qualit\u00e0. La tradizione si fonde con il moderno, l&#8217;arte si fonde con la funzionalit\u00e0, e il risultato \u00e8 una creazione che ti abbraccia ogni notte.<strong> Love your bedroom!<\/strong><\/p>\n","protected":false},"featured_media":11578,"template":"","meta":[],"product_brand":[],"product_cat":[460,614,3611,1563],"product_tag":[1615,1622],"class_list":{"0":"post-8285","1":"product","2":"type-product","3":"status-publish","4":"has-post-thumbnail","6":"product_cat-biancheria-letto","7":"product_cat-lenzuola","8":"product_cat-lenzuola-con-angoli","9":"product_cat-lenzuolo-sotto","10":"product_tag-biancheria-letto","11":"product_tag-lenzuola-sotto-con-angoli","13":"first","14":"instock","15":"taxable","16":"shipping-taxable","17":"purchasable","18":"product-type-simple"},"_links":{"self":[{"href":"https:\/\/www.marinigerardi.it\/shop\/wp-json\/wp\/v2\/product\/8285","targetHints":{"allow":["GET"]}}],"collection":[{"href":"https:\/\/www.marinigerardi.it\/shop\/wp-json\/wp\/v2\/product"}],"about":[{"href":"https:\/\/www.marinigerardi.it\/shop\/wp-json\/wp\/v2\/types\/product"}],"wp:featuredmedia":[{"embeddable":true,"href":"https:\/\/www.marinigerardi.it\/shop\/wp-json\/wp\/v2\/media\/11578"}],"wp:attachment":[{"href":"https:\/\/www.marinigerardi.it\/shop\/wp-json\/wp\/v2\/media?parent=8285"}],"wp:term":[{"taxonomy":"product_brand","embeddable":true,"href":"https:\/\/www.marinigerardi.it\/shop\/wp-json\/wp\/v2\/product_brand?post=8285"},{"taxonomy":"product_cat","embeddable":true,"href":"https:\/\/www.marinigerardi.it\/shop\/wp-json\/wp\/v2\/product_cat?post=8285"},{"taxonomy":"product_tag","embeddable":true,"href":"https:\/\/www.marinigerardi.it\/shop\/wp-json\/wp\/v2\/product_tag?post=8285"}],"curies":[{"name":"wp","href":"https:\/\/api.w.org\/{rel}","templated":true}]}}