{"id":8281,"date":"2021-01-28T10:47:36","date_gmt":"2021-01-28T10:47:36","guid":{"rendered":"https:\/\/marinigerardi.it\/shop\/product\/import-placeholder-for-20231\/"},"modified":"2024-09-04T22:26:00","modified_gmt":"2024-09-04T22:26:00","slug":"tessuto-percalle-di-cotone-florence","status":"publish","type":"product","link":"https:\/\/www.marinigerardi.it\/shop\/prodotto\/tessuto-percalle-di-cotone-florence\/","title":{"rendered":"ZEFIRO FLORENCE 200 &#8211; Tessuto Percalle di cotone per lenzuola N.1"},"content":{"rendered":"<div class=\"wpb-content-wrapper\"><p>[vc_row equal_height=&#8221;yes&#8221; mobile_bg_img_hidden=&#8221;no&#8221; tablet_bg_img_hidden=&#8221;no&#8221; woodmart_parallax=&#8221;0&#8243; woodmart_gradient_switch=&#8221;no&#8221; row_reverse_mobile=&#8221;0&#8243; row_reverse_tablet=&#8221;0&#8243; woodmart_disable_overflow=&#8221;0&#8243;][vc_column offset=&#8221;vc_col-lg-6 vc_col-md-6&#8243; mobile_bg_img_hidden=&#8221;no&#8221; tablet_bg_img_hidden=&#8221;no&#8221; woodmart_parallax=&#8221;0&#8243; woodmart_sticky_column=&#8221;false&#8221; parallax_scroll=&#8221;no&#8221; mobile_reset_margin=&#8221;no&#8221; tablet_reset_margin=&#8221;no&#8221; css=&#8221;.vc_custom_1613071403480{margin-top: 0px !important;}&#8221;]\n\t\t<div id=\"wd-6537886dbd2b2\" class=\"title-wrapper wd-wpb wd-set-mb reset-last-child  wd-rs-6537886dbd2b2 wd-title-color-primary wd-title-style-bordered text-left vc_custom_1698138231923 wd-underline-colored\">\n\t\t\t\n\t\t\t<div class=\"liner-continer\">\n\t\t\t\t<h2 class=\"woodmart-title-container title  wd-font-weight-500 wd-fontsize-l\" >ZEFIRO FLORENCE 200 - Tessuto Percalle di cotone per lenzuola 100%<\/h2>\n\t\t\t\t\t\t\t<\/div>\n\t\t\t\n\t\t\t\n\t\t\t\n\t\t<\/div>\n\t\t\n\t\t[vc_column_text woodmart_inline=&#8221;no&#8221; text_larger=&#8221;no&#8221;]<\/p>\n<p style=\"text-align: justify;\"><strong><a href=\"https:\/\/www.marinigerardi.it\/shop\/prodotto\/tessuto-percalle-di-cotone-florence\/\">Tessuto<\/a> Percalle di Cotone raffinatissimo 100% italiano <\/strong>(Cotone Pettinato 100%)<strong> &#8211;<\/strong> progettato ad hoc che ben si abbina ad ambienti in stile moderno, o per un arredo classico <em><a href=\"https:\/\/purolino.net\" target=\"_blank\" rel=\"noopener nofollow\">chic<\/a>,<\/em> ma non disdegna spazi contemporanei. un Cotone morbido e piacevole sulla pelle come velluto,\u00a0 dolce e delicato al tatto.<\/p>\n<p>[\/vc_column_text][vc_message message_box_style=&#8221;outline&#8221; message_box_color=&#8221;grey&#8221;]<strong>Altezza<\/strong> (cm) 310.00<br \/>\n<strong>Composizione<\/strong> 100% Cotone Percalle<br \/>\n<strong>Numero di Fili<\/strong> 200<br \/>\n<strong>Peso<\/strong> (g\/m2) 110.00[\/vc_message][vc_column_text woodmart_inline=&#8221;no&#8221; text_larger=&#8221;no&#8221;]<strong>Note:<\/strong> I colori dei tessuti presenti nelle immagini possono variare in base al monitor utilizzato.<br \/>\n<strong>Minimo acquisto 1 metro.<\/strong> Se avete bisogno di aiuto contattateci all&#8217; indirizzo mail assistenza@marinigerardi.it[\/vc_column_text]<div id=\"wd-6532350da97d7\" class=\" wd-rs-6532350da97d7  wd-button-wrapper text-left\"><a href=\"https:\/\/www.marinigerardi.it\/shop\/guida-come-calcolare-il-metraggio-dei-tessuti\/\" title=\"Guida Come Calcolare il Metraggio dei Tessuti\" target=\"_blank\" class=\"btn btn-style-default btn-shape-rectangle btn-size-default btn-icon-pos-left\">Guida Come Calcolare il Metraggio dei Tessuti<span class=\"wd-btn-icon\"><span class=\"wd-icon far fa-arrow-alt-circle-right\"><\/span><\/span><\/a><\/div>[\/vc_column][vc_column css=&#8221;.vc_custom_1612434787067{background-position: center !important;background-repeat: no-repeat !important;background-size: cover !important;}&#8221; offset=&#8221;vc_col-lg-6 vc_col-md-6&#8243; mobile_bg_img_hidden=&#8221;no&#8221; tablet_bg_img_hidden=&#8221;no&#8221; woodmart_parallax=&#8221;0&#8243; woodmart_sticky_column=&#8221;false&#8221; parallax_scroll=&#8221;no&#8221; mobile_reset_margin=&#8221;no&#8221; tablet_reset_margin=&#8221;no&#8221;][vc_single_image image=&#8221;66645&#8243; img_size=&#8221;large&#8221; add_caption=&#8221;yes&#8221; alignment=&#8221;center&#8221; style=&#8221;vc_box_shadow&#8221; onclick=&#8221;link_image&#8221; parallax_scroll=&#8221;no&#8221; woodmart_inline=&#8221;no&#8221;][\/vc_column][\/vc_row][vc_row][vc_column][vc_empty_space height=&#8221;20px&#8221; woodmart_hide_large=&#8221;0&#8243; woodmart_hide_medium=&#8221;0&#8243; woodmart_hide_small=&#8221;0&#8243;]\n\t\t<div id=\"wd-66d8dcbaf3844\" class=\"title-wrapper wd-wpb wd-set-mb reset-last-child  wd-rs-66d8dcbaf3844 wd-title-color-default wd-title-style-underlined text-center  wd-underline-colored\">\n\t\t\t\n\t\t\t<div class=\"liner-continer\">\n\t\t\t\t<h2 class=\"woodmart-title-container title  wd-font-weight- wd-fontsize-l\" >ZEFIRO FLORENCE 200 - Tessuto Percalle di cotone per lenzuola N.1<\/h2>\n\t\t\t\t\t\t\t<\/div>\n\t\t\t\n\t\t\t\n\t\t\t\n\t\t<\/div>\n\t\t\n\t\t[\/vc_column][\/vc_row][vc_row][vc_column width=&#8221;1\/3&#8243;][vc_single_image image=&#8221;57241&#8243; img_size=&#8221;large&#8221; add_caption=&#8221;yes&#8221; alignment=&#8221;center&#8221; style=&#8221;vc_box_shadow&#8221; onclick=&#8221;link_image&#8221; parallax_scroll=&#8221;no&#8221; woodmart_inline=&#8221;no&#8221;][\/vc_column][vc_column width=&#8221;1\/3&#8243;][vc_single_image image=&#8221;61338&#8243; img_size=&#8221;large&#8221; add_caption=&#8221;yes&#8221; alignment=&#8221;center&#8221; style=&#8221;vc_box_shadow&#8221; onclick=&#8221;link_image&#8221; parallax_scroll=&#8221;no&#8221; woodmart_inline=&#8221;no&#8221;][\/vc_column][vc_column width=&#8221;1\/3&#8243;][vc_single_image image=&#8221;57244&#8243; img_size=&#8221;large&#8221; add_caption=&#8221;yes&#8221; alignment=&#8221;center&#8221; style=&#8221;vc_box_shadow&#8221; onclick=&#8221;link_image&#8221; parallax_scroll=&#8221;no&#8221; woodmart_inline=&#8221;no&#8221;][\/vc_column][\/vc_row][vc_row][vc_column]\n\t\t<div id=\"wd-66d8dd5327cc0\" class=\"title-wrapper wd-wpb wd-set-mb reset-last-child  wd-rs-66d8dd5327cc0 wd-title-color-default wd-title-style-default text-center  wd-underline-colored\">\n\t\t\t\n\t\t\t<div class=\"liner-continer\">\n\t\t\t\t<h3 class=\"woodmart-title-container title  wd-font-weight- wd-fontsize-l\" >ZEFIRO FLORENCE 200 - Tessuto Percalle di cotone per lenzuola N.1<\/h3>\n\t\t\t\t\t\t\t<\/div>\n\t\t\t\n\t\t\t\n\t\t\t\n\t\t<\/div>\n\t\t\n\t\t[\/vc_column][\/vc_row][vc_row][vc_column width=&#8221;1\/3&#8243;][vc_single_image image=&#8221;57246&#8243; img_size=&#8221;large&#8221; add_caption=&#8221;yes&#8221; alignment=&#8221;center&#8221; style=&#8221;vc_box_shadow&#8221; onclick=&#8221;link_image&#8221; parallax_scroll=&#8221;no&#8221; woodmart_inline=&#8221;no&#8221;][\/vc_column][vc_column width=&#8221;1\/3&#8243;][vc_single_image image=&#8221;57247&#8243; img_size=&#8221;large&#8221; add_caption=&#8221;yes&#8221; alignment=&#8221;center&#8221; style=&#8221;vc_box_shadow&#8221; onclick=&#8221;link_image&#8221; parallax_scroll=&#8221;no&#8221; woodmart_inline=&#8221;no&#8221;][\/vc_column][vc_column width=&#8221;1\/3&#8243;][vc_single_image image=&#8221;57245&#8243; img_size=&#8221;large&#8221; add_caption=&#8221;yes&#8221; alignment=&#8221;center&#8221; style=&#8221;vc_box_shadow&#8221; onclick=&#8221;link_image&#8221; parallax_scroll=&#8221;no&#8221; woodmart_inline=&#8221;no&#8221;][\/vc_column][\/vc_row][vc_row enable_first_overlay=&#8221;true&#8221; first_overlay_opacity=&#8221;25&#8243; first_background_color=&#8221;#e5e5e5&#8243; woodmart_css_id=&#8221;653235e1b1642&#8243; mobile_bg_img_hidden=&#8221;no&#8221; tablet_bg_img_hidden=&#8221;no&#8221; woodmart_parallax=&#8221;0&#8243; woodmart_gradient_switch=&#8221;no&#8221; woodmart_box_shadow=&#8221;yes&#8221; wd_z_index=&#8221;no&#8221; woodmart_disable_overflow=&#8221;0&#8243; row_reverse_mobile=&#8221;0&#8243; row_reverse_tablet=&#8221;0&#8243; css=&#8221;.vc_custom_1697789422487{background-color: #f3f3f3 !important;}&#8221; responsive_spacing=&#8221;eyJwYXJhbV90eXBlIjoid29vZG1hcnRfcmVzcG9uc2l2ZV9zcGFjaW5nIiwic2VsZWN0b3JfaWQiOiI2NTMyMzVlMWIxNjQyIiwic2hvcnRjb2RlIjoidmNfcm93IiwiZGF0YSI6eyJ0YWJsZXQiOnt9LCJtb2JpbGUiOnt9fX0=&#8221; wd_box_shadow=&#8221;eyJkZXZpY2VzIjp7ImRlc2t0b3AiOnsiaG9yaXpvbnRhbCI6IjAiLCJ2ZXJ0aWNhbCI6IjAiLCJibHVyIjoiOSIsInNwcmVhZCI6IjAiLCJjb2xvciI6InJnYmEoMCwgMCwgMCwgLjE1KSJ9fX0=&#8221;][vc_column]\n\t\t<div id=\"wd-66d8dd236ff56\" class=\"title-wrapper wd-wpb wd-set-mb reset-last-child  wd-rs-66d8dd236ff56 wd-title-color-default wd-title-style-bordered text-left  wd-underline-colored\">\n\t\t\t\n\t\t\t<div class=\"liner-continer\">\n\t\t\t\t<h3 class=\"woodmart-title-container title  wd-font-weight- wd-fontsize-l\" >ZEFIRO FLORENCE 200 -Tessuto Cotone Percalle per Lenzuola al Metro<\/h3>\n\t\t\t\t\t\t\t<\/div>\n\t\t\t\n\t\t\t\n\t\t\t\n\t\t<\/div>\n\t\t\n\t\t\t\t<div id=\"wd-653789afe4d3c\" class=\"wd-text-block wd-wpb reset-last-child wd-rs-653789afe4d3c text-left \">\n\t\t\t<p style=\"text-align: justify;\"><strong>Un Tessuto Cotone Pettinato 100% speciale per progettare una casa confortevole e accogliente.<\/strong><br \/>\nVersatile e dal look contemporaneo, questo articolo \u00e8 disponibile in un\u2019ampia palette di colori che spazia dai toni classici a quelli pi\u00f9 pop, che sfumano da nuance chiare a quelle pi\u00f9 intense. <a href=\"https:\/\/www.marinigerardi.it\/shop\/prodotto\/sacco-piumino-matrimoniale-cotone-pettinato\/\">Tessuto per biancheria letto<\/a>, dall&#8217; aspetto naturale si presta agli abbinamenti pi\u00f9 svariati, capaci d&#8217;infondere una nota di grande eleganza.<\/p>\n\t\t<\/div>\n\t\t[\/vc_column][\/vc_row][vc_row][vc_column]\n\t\t<div id=\"wd-66d8de0a63f30\" class=\"title-wrapper wd-wpb wd-set-mb reset-last-child  wd-rs-66d8de0a63f30 wd-title-color-primary wd-title-style-underlined-2 text-left vc_custom_1725488686329 wd-underline-colored\">\n\t\t\t\t\t\t\t\n\t\t\t\t<div class=\"title-subtitle  subtitle-color-primary font-default subtitle-style-default wd-font-weight-500 wd-fontsize-xs\">Non tutte le lenzuola sono uguali!<\/div>\n\t\t\t\n\t\t\t<div class=\"liner-continer\">\n\t\t\t\t<h4 class=\"woodmart-title-container title  wd-font-weight-200 wd-fontsize-m\" >Spigolature: Il Cotone Percalle COSA \u00c8<\/h4>\n\t\t\t\t\t\t\t<\/div>\n\t\t\t\n\t\t\t\n\t\t\t\n\t\t<\/div>\n\t\t\n\t\t[vc_message message_box_style=&#8221;outline&#8221; style=&#8221;square&#8221; message_box_color=&#8221;turquoise&#8221;]<\/p>\n<p style=\"text-align: justify;\"><strong>Il cotone percalle<\/strong> \u00e8 noto per la sua leggerezza, la sua trama liscia e il suo aspetto fresco e pulito. Il nome \u201cpercalle\u201d deriva dal francese \u201cpercale,\u201d che a sua volta ha radici persiane, indicando la sua origine e diffusione attraverso la Persia (l\u2019attuale Iran).<br \/>\n<strong>Le caratteristiche distintive del cotone percalle<\/strong> includono un tessuto a armatura semplice con fili altamente ritorti e un\u2019elevata densit\u00e0 di fili per pollice quadrato. Questa costruzione tessile conferisce al percalle la sua superficie liscia, resistente e fresca al tatto. Il cotone percalle \u00e8 noto per essere traspirante e adatto all\u2019uso durante le stagioni calde, poich\u00e9 favorisce la circolazione dell\u2019aria e assorbe l\u2019umidit\u00e0 corporea.<br \/>\n<strong>Solitamente, il cotone percalle \u00e8 utilizzato nella produzione di biancheria da letto,<\/strong> come lenzuola, federe, e coperte estive, ma pu\u00f2 anche essere utilizzato per abiti leggeri, camicie e abbigliamento da casa. Grazie alla sua sensazione di freschezza e leggerezza, il cotone percalle \u00e8 una scelta popolare per coloro che cercano tessuti di alta qualit\u00e0 per le stagioni pi\u00f9 calde.<\/p>\n<p>[\/vc_message][\/vc_column][\/vc_row][vc_row][vc_column]\n\t\t<div id=\"wd-66d8ddfc12722\" class=\"title-wrapper wd-wpb wd-set-mb reset-last-child  wd-rs-66d8ddfc12722 wd-title-color-primary wd-title-style-underlined-2 text-left vc_custom_1725488673762 wd-underline-colored\">\n\t\t\t\t\t\t\t\n\t\t\t\t<div class=\"title-subtitle  subtitle-color-primary font-default subtitle-style-default wd-font-weight-500 wd-fontsize-xs\">Non tutte le lenzuola sono uguali!<\/div>\n\t\t\t\n\t\t\t<div class=\"liner-continer\">\n\t\t\t\t<h4 class=\"woodmart-title-container title  wd-font-weight-200 wd-fontsize-m\" >Spigolature: Il Cotone Pettinato COSA \u00c8<\/h4>\n\t\t\t\t\t\t\t<\/div>\n\t\t\t\n\t\t\t\n\t\t\t\n\t\t<\/div>\n\t\t\n\t\t[vc_message message_box_style=&#8221;outline&#8221; style=&#8221;square&#8221; message_box_color=&#8221;turquoise&#8221;]<\/p>\n<p style=\"text-align: justify;\"><strong>Il cotone pettinato \u00e8 un tipo di cotone che offre diverse qualit\u00e0 superiori rispetto al cotone standard.<\/strong> Questo miglioramento deriva dal processo di &#8220;pettinatura&#8221; al quale le fibre tessili vengono sottoposte durante la fase di filatura. Durante la pettinatura, le fibre vengono ordinate e selezionate dopo essere state cardate.<br \/>\n<strong>La pettinatura serve principalmente a due scopi.<\/strong> In primo luogo, permette di selezionare le fibre pi\u00f9 lunghe ed eliminate quelle pi\u00f9 corte, contribuendo cos\u00ec a migliorare la qualit\u00e0 del materiale. In secondo luogo, le fibre vengono allineate in una direzione unica, seguendo il senso della lunghezza del nastro cardato. Le fasi successive del processo di lavorazione sono simili a quelle del cotone standard.<br \/>\n<strong>Il cotone pettinato presenta numerosi vantaggi<\/strong> grazie alle sue caratteristiche peculiari. \u00c8 particolarmente adatto per i capi d&#8217;abbigliamento che vengono indossati direttamente a contatto con la pelle. La sua estrema morbidezza assicura una sensazione molto piacevole una volta indossato, rendendolo una scelta ideale per capi intimi o indumenti che richiedono comfort e delicata sensazione sulla pelle.<\/p>\n<p>[\/vc_message][\/vc_column][\/vc_row]<\/p>\n<\/div>","protected":false},"excerpt":{"rendered":"<p style=\"text-align: justify;\"><strong>Tessuto di Cotone Percalle &#8211;<\/strong> ZEFIRO FLORENCE 200 Fresco e leggero al tatto una tessuto di qualit\u00e0 superiore &#8211; <strong>&#8220;contamination free&#8221;<\/strong> &#8211; questa tela risulta soffice e piacevole al tatto, e dall\u2019aspetto lucente e regolare.<\/p>\n","protected":false},"featured_media":61337,"template":"","meta":[],"product_brand":[],"product_cat":[3639,3588,3057,3584,653,3583,3612],"product_tag":[655,1042,1069],"class_list":{"0":"post-8281","1":"product","2":"type-product","3":"status-publish","4":"has-post-thumbnail","6":"product_cat-cotone-percalle","7":"product_cat-stoffe-online","8":"product_cat-tessuti-di-cotone","9":"product_cat-tessuti-online","10":"product_cat-tessuti-per-biancheria-letto","11":"product_cat-tessuti-per-la-casa","12":"product_cat-tessuti-per-lenzuola","13":"product_tag-tessuti-arredo","14":"product_tag-tessuti-online","15":"product_tag-tessuto-percalle-di-cotone","17":"first","18":"instock","19":"sale","20":"sold-individually","21":"taxable","22":"shipping-taxable","23":"purchasable","24":"product-type-simple"},"_links":{"self":[{"href":"https:\/\/www.marinigerardi.it\/shop\/wp-json\/wp\/v2\/product\/8281","targetHints":{"allow":["GET"]}}],"collection":[{"href":"https:\/\/www.marinigerardi.it\/shop\/wp-json\/wp\/v2\/product"}],"about":[{"href":"https:\/\/www.marinigerardi.it\/shop\/wp-json\/wp\/v2\/types\/product"}],"wp:featuredmedia":[{"embeddable":true,"href":"https:\/\/www.marinigerardi.it\/shop\/wp-json\/wp\/v2\/media\/61337"}],"wp:attachment":[{"href":"https:\/\/www.marinigerardi.it\/shop\/wp-json\/wp\/v2\/media?parent=8281"}],"wp:term":[{"taxonomy":"product_brand","embeddable":true,"href":"https:\/\/www.marinigerardi.it\/shop\/wp-json\/wp\/v2\/product_brand?post=8281"},{"taxonomy":"product_cat","embeddable":true,"href":"https:\/\/www.marinigerardi.it\/shop\/wp-json\/wp\/v2\/product_cat?post=8281"},{"taxonomy":"product_tag","embeddable":true,"href":"https:\/\/www.marinigerardi.it\/shop\/wp-json\/wp\/v2\/product_tag?post=8281"}],"curies":[{"name":"wp","href":"https:\/\/api.w.org\/{rel}","templated":true}]}}