{"id":8209,"date":"2024-01-28T10:45:24","date_gmt":"2024-01-28T10:45:24","guid":{"rendered":"https:\/\/marinigerardi.it\/shop\/product\/import-placeholder-for-19151\/"},"modified":"2025-12-20T00:10:36","modified_gmt":"2025-12-20T00:10:36","slug":"copripiumino-matrimoniale-o-singolo-lord-byron","status":"publish","type":"product","link":"https:\/\/www.marinigerardi.it\/shop\/prodotto\/copripiumino-matrimoniale-o-singolo-lord-byron\/","title":{"rendered":"LADY BYRON &#8211; Copripiumino Matrimoniale in lino lavato &#8211; Copripiumino Singolo in lino"},"content":{"rendered":"<div class=\"wpb-content-wrapper\"><p>[vc_row content_placement=&#8221;middle&#8221; css=&#8221;.vc_custom_1535552883928{margin-bottom: 8vh !important;}&#8221;][vc_column width=&#8221;1\/2&#8243;]\n\t\t<div id=\"wd-6945e927636fb\" class=\"title-wrapper wd-wpb wd-set-mb reset-last-child  wd-rs-6945e927636fb wd-title-color-primary wd-title-style-default text-left vc_custom_1766189322133 wd-width-enabled wd-underline-colored\" style=\"--wd-max-width: 90%;\">\n\t\t\t\n\t\t\t<div class=\"liner-continer\">\n\t\t\t\t<h2 class=\"woodmart-title-container title  wd-font-weight- wd-fontsize-l\" >Copripiumino Matrimoniale In Lino Prelavato che coccola i tuoi sogni. - LADY BYRON<\/h2>\n\t\t\t\t\t\t\t<\/div>\n\t\t\t\n\t\t\t\n\t\t\t\n\t\t<\/div>\n\t\t\n\t\t[vc_message message_box_style=&#8221;outline&#8221; message_box_color=&#8221;grey&#8221; css=&#8221;&#8221;]<\/p>\n<ul>\n<li>Un <a href=\"https:\/\/www.marinigerardi.it\/shop\/prodotto\/copripiumino-matrimoniale-o-singolo-lord-byron\/\">Copripiumino matrimoniale a sacco<\/a>, di manifattura artigianale realizzato con il tessuto 100% lino prelavato italiano (No Stiro) di primissima qualit\u00e0. Stone Washed.<\/li>\n<li>Set Singolo o Set Una Piazza e Mezzo o Set Matrimoniale con chiusura con bottoni + patella.<\/li>\n<\/ul>\n<p><strong>Nota Bene:<\/strong> I colori delle immagini dei prodotti sono solo indicativi. Facciamo del nostro meglio per mantenerli fedeli agli originali, ma potrebbero esserci delle piccole differenze. &#8211; Se cercate altre misure contattateci ad: <strong>assistenza@marinigerardi.it <\/strong>[\/vc_message]<div id=\"wd-653a14e9509a9\" class=\" wd-rs-653a14e9509a9  wd-button-wrapper text-left\"><a href=\"https:\/\/www.marinigerardi.it\/shop\/guida-misure-per-la-biancheria-letto\/\" title=\"\" target=\"_blank\" class=\"btn btn-style-default btn-shape-rectangle btn-size-default\">GUIDA MISURE PER LA BIANCHERIA LETTO<\/a><\/div>[\/vc_column][vc_column width=&#8221;1\/2&#8243; el_class=&#8221;text-center&#8221;][vc_single_image image=&#8221;11970&#8243; img_size=&#8221;full&#8221; alignment=&#8221;center&#8221; parallax_scroll=&#8221;no&#8221; woodmart_inline=&#8221;no&#8221;][\/vc_column][\/vc_row][vc_row][vc_column]\n\t\t<div id=\"wd-6945e947228ca\" class=\"title-wrapper wd-wpb wd-set-mb reset-last-child  wd-rs-6945e947228ca wd-title-color-primary wd-title-style-bordered text-center justify  wd-underline-colored\">\n\t\t\t\n\t\t\t<div class=\"liner-continer\">\n\t\t\t\t<h3 class=\"woodmart-title-container title  wd-font-weight- wd-fontsize-l\" >LADY BYRON - Copripiumino Matrimoniale in lino - Copripiumino Singolo in lino prelavato stonewashed<\/h3>\n\t\t\t\t\t\t\t<\/div>\n\t\t\t\n\t\t\t\t\t\t\t<div class=\"title-after_title reset-last-child  wd-fontsize-xs\">Dormire bene \u00e8 un\u2019arte: scegli il meglio per il tuo riposo.<\/div>\n\t\t\t\n\t\t\t\n\t\t<\/div>\n\t\t\n\t\t\t\t<div id=\"wd-679c9c98d8776\" class=\"wd-text-block wd-wpb reset-last-child wd-rs-679c9c98d8776 text-left \">\n\t\t\t<p>La camera da letto \u00e8 il cuore del nostro spazio intimo, un rifugio di benessere e serenit\u00e0. Il copripiumino <strong>LADY BYRON<\/strong> avvolge il riposo in un abbraccio di morbidezza, regalando colore, calore e un tocco di raffinata eleganza. Realizzato in <strong>100% lino italiano prelavato<\/strong>, \u00e8 soffice sulla pelle e piacevole al tatto, reinterpretando con stile moderno un tessuto dalla tradizione senza tempo.<\/p>\n<p>Di facile manutenzione, si lava in lavatrice con delicatezza e non necessita di stiratura, per una bellezza naturale e sempre perfetta.<\/p>\n\t\t<\/div>\n\t\t[\/vc_column][\/vc_row][vc_row css=&#8221;.vc_custom_1716547411975{border-top-width: 20px !important;border-bottom-width: 20px !important;background-color: #f3f3f3 !important;}&#8221; mobile_bg_img_hidden=&#8221;no&#8221; tablet_bg_img_hidden=&#8221;no&#8221; woodmart_parallax=&#8221;0&#8243; woodmart_gradient_switch=&#8221;no&#8221; row_reverse_mobile=&#8221;0&#8243; row_reverse_tablet=&#8221;0&#8243; woodmart_disable_overflow=&#8221;0&#8243; woodmart_css_id=&#8221;66506f32e1a1b&#8221; responsive_spacing=&#8221;eyJwYXJhbV90eXBlIjoid29vZG1hcnRfcmVzcG9uc2l2ZV9zcGFjaW5nIiwic2VsZWN0b3JfaWQiOiI2NjUwNmYzMmUxYTFiIiwic2hvcnRjb2RlIjoidmNfcm93IiwiZGF0YSI6eyJ0YWJsZXQiOnt9LCJtb2JpbGUiOnt9fX0=&#8221; woodmart_box_shadow=&#8221;yes&#8221; wd_box_shadow=&#8221;eyJkZXZpY2VzIjp7ImRlc2t0b3AiOnsiaG9yaXpvbnRhbCI6IjAiLCJ2ZXJ0aWNhbCI6IjAiLCJibHVyIjoiOSIsInNwcmVhZCI6IjAiLCJjb2xvciI6InJnYmEoMCwgMCwgMCwgLjE1KSJ9fX0=&#8221; wd_z_index=&#8221;no&#8221;][vc_column width=&#8221;1\/3&#8243;][vc_single_image image=&#8221;68081&#8243; img_size=&#8221;large&#8221; alignment=&#8221;center&#8221; onclick=&#8221;link_image&#8221; css=&#8221;&#8221; parallax_scroll=&#8221;no&#8221; woodmart_inline=&#8221;no&#8221;][\/vc_column][vc_column width=&#8221;1\/3&#8243;][vc_single_image image=&#8221;68082&#8243; img_size=&#8221;large&#8221; alignment=&#8221;center&#8221; onclick=&#8221;link_image&#8221; css=&#8221;&#8221; parallax_scroll=&#8221;no&#8221; woodmart_inline=&#8221;no&#8221;][\/vc_column][vc_column width=&#8221;1\/3&#8243;][vc_single_image image=&#8221;68083&#8243; img_size=&#8221;large&#8221; alignment=&#8221;center&#8221; onclick=&#8221;link_image&#8221; css=&#8221;&#8221; parallax_scroll=&#8221;no&#8221; woodmart_inline=&#8221;no&#8221;][\/vc_column][\/vc_row][vc_row][vc_column]\n\t\t<div id=\"wd-6945e96a67d94\" class=\"title-wrapper wd-wpb wd-set-mb reset-last-child  wd-rs-6945e96a67d94 wd-title-color-default wd-title-style-bordered text-left  wd-underline-colored\">\n\t\t\t\n\t\t\t<div class=\"liner-continer\">\n\t\t\t\t<h3 class=\"woodmart-title-container title  wd-font-weight- wd-fontsize-xl\" >Copripiumino Matrimoniale in lino lavato: Stile raffinato, comfort autentico.<\/h3>\n\t\t\t\t\t\t\t<\/div>\n\t\t\t\n\t\t\t\n\t\t\t\n\t\t<\/div>\n\t\t\n\t\t\t\t<div id=\"wd-679ca1722ce97\" class=\"wd-text-block wd-wpb reset-last-child wd-rs-679ca1722ce97 text-left \">\n\t\t\t<p><strong>Se sognate il comfort avvolgente del letto della nonna, Lady Byron \u00e8 la scelta perfetta per voi.<\/strong> Questo copripiumino matrimoniale in lino \u00e8 disponibile anche nella versione singola o una piazza e mezza\u00a0 prelavate stonewashed per una sensazione di morbidezza e piacevolezza senza pari sulla vostra pelle.<br \/>\n<strong>Lady Byron vi offre il calore ideale per i vostri momenti di relax,<\/strong> con un tessuto che \u00e8 la raffinata interpretazione contemporanea di una tradizione senza tempo. La sua texture sofisticata si sposa perfettamente con qualsiasi stile di arredamento, donando un tocco di eleganza alla vostra camera da letto.<br \/>\n<strong>Un Copripiumino realizzato al 100% con <a href=\"https:\/\/www.puro-lino.com\/\" rel=\"nofollow noopener\" target=\"_blank\">lino italiano<\/a> prelavato,<\/strong> questo copripiumino non solo vi coccola con la sua morbidezza, ma \u00e8 anche incredibilmente pratico. Facile da mantenere, pu\u00f2 essere tranquillamente lavato in lavatrice con una certa delicatezza, e non richiede assolutamente di essere stirato.<br \/>\n<strong>Con Lady Byron, vi immergerete nell&#8217;Italia della tradizione tessile<\/strong>. I tessuti in <a href=\"https:\/\/purolino.eu\/\" rel=\"nofollow noopener\" target=\"_blank\">puro lino italiano<\/a>, professionalmente firmati da Marini&amp;Gerardi, offrono una traspirazione naturale che vi terr\u00e0 freschi durante le calde notti estive. Ma non \u00e8 tutto: il lino \u00e8 anche un eccellente isolante termico, garantendovi il giusto calore e l&#8217;umidit\u00e0 perfetta durante l&#8217;inverno.<\/p>\n<p><strong>Scegliete un Copripiumino matrimoniale Lady Byron per un connubio perfetto tra comfort tradizionale e stile contemporaneo. Un pezzo di vintage washed Italian bed linen che diventer\u00e0 il vostro compagno di vita per molti sonni tranquilli e rilassati.<\/strong><\/p>\n\t\t<\/div>\n\t\t[\/vc_column][\/vc_row][vc_row css=&#8221;.vc_custom_1716547411975{border-top-width: 20px !important;border-bottom-width: 20px !important;background-color: #f3f3f3 !important;}&#8221; mobile_bg_img_hidden=&#8221;no&#8221; tablet_bg_img_hidden=&#8221;no&#8221; woodmart_parallax=&#8221;0&#8243; woodmart_gradient_switch=&#8221;no&#8221; row_reverse_mobile=&#8221;0&#8243; row_reverse_tablet=&#8221;0&#8243; woodmart_disable_overflow=&#8221;0&#8243; woodmart_css_id=&#8221;66506f32e1a1b&#8221; responsive_spacing=&#8221;eyJwYXJhbV90eXBlIjoid29vZG1hcnRfcmVzcG9uc2l2ZV9zcGFjaW5nIiwic2VsZWN0b3JfaWQiOiI2NjUwNmYzMmUxYTFiIiwic2hvcnRjb2RlIjoidmNfcm93IiwiZGF0YSI6eyJ0YWJsZXQiOnt9LCJtb2JpbGUiOnt9fX0=&#8221; woodmart_box_shadow=&#8221;yes&#8221; wd_box_shadow=&#8221;eyJkZXZpY2VzIjp7ImRlc2t0b3AiOnsiaG9yaXpvbnRhbCI6IjAiLCJ2ZXJ0aWNhbCI6IjAiLCJibHVyIjoiOSIsInNwcmVhZCI6IjAiLCJjb2xvciI6InJnYmEoMCwgMCwgMCwgLjE1KSJ9fX0=&#8221; wd_z_index=&#8221;no&#8221;][vc_column width=&#8221;1\/2&#8243;][vc_single_image image=&#8221;67714&#8243; img_size=&#8221;large&#8221; alignment=&#8221;center&#8221; css=&#8221;&#8221; parallax_scroll=&#8221;no&#8221; woodmart_inline=&#8221;no&#8221;][\/vc_column][vc_column width=&#8221;1\/2&#8243;][vc_single_image image=&#8221;67713&#8243; img_size=&#8221;large&#8221; alignment=&#8221;center&#8221; css=&#8221;&#8221; parallax_scroll=&#8221;no&#8221; woodmart_inline=&#8221;no&#8221;][\/vc_column][\/vc_row]<\/p>\n<\/div>","protected":false},"excerpt":{"rendered":"<p><strong>LADY BYRON &#8211; Copripiumino Matrimoniale o Singolo in lino<\/strong> prelevato altissima qualit\u00e0 &#8211; <strong>Una intimit\u00e0 Romantica<\/strong> che ci piace e ci emoziona e che rappresenta quanto c\u2019\u00e8 di pi\u00f9 buono nella vita. Semplice e dalle linee pulite, con una chiusura a bottoni tradizionale con patella.<\/p>\n","protected":false},"featured_media":11360,"template":"","meta":[],"product_brand":[],"product_cat":[2889,460,461],"product_tag":[],"class_list":{"0":"post-8209","1":"product","2":"type-product","3":"status-publish","4":"has-post-thumbnail","6":"product_cat-copripiumini-puro-lino","7":"product_cat-biancheria-letto","8":"product_cat-copripiumini","10":"first","11":"instock","12":"taxable","13":"shipping-taxable","14":"purchasable","15":"product-type-simple"},"_links":{"self":[{"href":"https:\/\/www.marinigerardi.it\/shop\/wp-json\/wp\/v2\/product\/8209","targetHints":{"allow":["GET"]}}],"collection":[{"href":"https:\/\/www.marinigerardi.it\/shop\/wp-json\/wp\/v2\/product"}],"about":[{"href":"https:\/\/www.marinigerardi.it\/shop\/wp-json\/wp\/v2\/types\/product"}],"wp:featuredmedia":[{"embeddable":true,"href":"https:\/\/www.marinigerardi.it\/shop\/wp-json\/wp\/v2\/media\/11360"}],"wp:attachment":[{"href":"https:\/\/www.marinigerardi.it\/shop\/wp-json\/wp\/v2\/media?parent=8209"}],"wp:term":[{"taxonomy":"product_brand","embeddable":true,"href":"https:\/\/www.marinigerardi.it\/shop\/wp-json\/wp\/v2\/product_brand?post=8209"},{"taxonomy":"product_cat","embeddable":true,"href":"https:\/\/www.marinigerardi.it\/shop\/wp-json\/wp\/v2\/product_cat?post=8209"},{"taxonomy":"product_tag","embeddable":true,"href":"https:\/\/www.marinigerardi.it\/shop\/wp-json\/wp\/v2\/product_tag?post=8209"}],"curies":[{"name":"wp","href":"https:\/\/api.w.org\/{rel}","templated":true}]}}