{"id":8140,"date":"2021-01-28T10:43:18","date_gmt":"2021-01-28T10:43:18","guid":{"rendered":"https:\/\/marinigerardi.it\/shop\/product\/import-placeholder-for-17533\/"},"modified":"2024-09-05T10:08:03","modified_gmt":"2024-09-05T10:08:03","slug":"borsa-sacco-patty-box","status":"publish","type":"product","link":"https:\/\/www.marinigerardi.it\/shop\/prodotto\/borsa-sacco-patty-box\/","title":{"rendered":"Patty Box &#8211; Borsa Sacco"},"content":{"rendered":"<div class=\"wpb-content-wrapper\"><p>[vc_row equal_height=&#8221;yes&#8221; mobile_bg_img_hidden=&#8221;no&#8221; tablet_bg_img_hidden=&#8221;no&#8221; woodmart_parallax=&#8221;0&#8243; woodmart_gradient_switch=&#8221;no&#8221; row_reverse_mobile=&#8221;0&#8243; row_reverse_tablet=&#8221;0&#8243; woodmart_disable_overflow=&#8221;0&#8243;][vc_column offset=&#8221;vc_col-lg-6 vc_col-md-6&#8243; mobile_bg_img_hidden=&#8221;no&#8221; tablet_bg_img_hidden=&#8221;no&#8221; woodmart_parallax=&#8221;0&#8243; woodmart_sticky_column=&#8221;false&#8221; parallax_scroll=&#8221;no&#8221; mobile_reset_margin=&#8221;no&#8221; tablet_reset_margin=&#8221;no&#8221; css=&#8221;.vc_custom_1613071403480{margin-top: 0px !important;}&#8221;]\n\t\t<div id=\"wd-66d982dd30228\" class=\"title-wrapper wd-wpb wd-set-mb reset-last-child  wd-rs-66d982dd30228 wd-title-color-default wd-title-style-default text-center  wd-underline-colored\">\n\t\t\t\n\t\t\t<div class=\"liner-continer\">\n\t\t\t\t<h2 class=\"woodmart-title-container title  wd-font-weight- wd-fontsize-l\" >Borsa Sacco XXL - Patty Box \u2013<\/h2>\n\t\t\t\t\t\t\t<\/div>\n\t\t\t\n\t\t\t\n\t\t\t\n\t\t<\/div>\n\t\t\n\t\t\t\t<div id=\"wd-64f9c74fd96ec\" class=\"wd-text-block wd-wpb reset-last-child wd-rs-64f9c74fd96ec text-left \">\n\t\t\t<p style=\"text-align: justify;\"><strong><a href=\"https:\/\/www.marinigerardi.it\/shop\/prodotto\/borsa-sacco-patty-box\/\">Le nostre classiche borse<\/a> shopper senza cerniera,<\/strong> nella versione maxi, sono l&#8217;accessorio ideale per la citt\u00e0 o una rilassante giornata al mare. La loro versatilit\u00e0 le rende perfette anche per il viaggio, il week end o la palestra, adattandosi sia al gusto maschile che femminile.<br \/>\n<strong>Il tessuto di queste borse \u00e8 estremamente morbido<\/strong> e viene trattato con cura, ottenendo un effetto cera che aggiunge un tocco di raffinatezza. Le piacevoli tonalit\u00e0 naturali del tessuto creano un&#8217;atmosfera accogliente e calda.<\/p>\n\t\t<\/div>\n\t\t[vc_message message_box_style=&#8221;outline&#8221; message_box_color=&#8221;grey&#8221; css=&#8221;&#8221;]<\/p>\n<ul>\n<li><strong>misura \/ size:<\/strong> 55 x 40 x 27 circa;<\/li>\n<li>con asole e tasca interna.<\/li>\n<li>tessuto con effetto stonewashed.<\/li>\n<li>in pronta consegna: 4\/7 gg. lav.<\/li>\n<\/ul>\n<p>Per misure particolari vi preghiamo di contattarci al Indirizzo mail <strong>assistenzza@marinigerardi.it<\/strong>[\/vc_message][\/vc_column][vc_column css=&#8221;.vc_custom_1612434787067{background-position: center !important;background-repeat: no-repeat !important;background-size: cover !important;}&#8221; offset=&#8221;vc_col-lg-6 vc_col-md-6&#8243; mobile_bg_img_hidden=&#8221;no&#8221; tablet_bg_img_hidden=&#8221;no&#8221; woodmart_parallax=&#8221;0&#8243; woodmart_sticky_column=&#8221;false&#8221; parallax_scroll=&#8221;no&#8221; mobile_reset_margin=&#8221;no&#8221; tablet_reset_margin=&#8221;no&#8221;][vc_single_image image=&#8221;13268&#8243; img_size=&#8221;large&#8221; alignment=&#8221;center&#8221; style=&#8221;vc_box_shadow&#8221; parallax_scroll=&#8221;no&#8221; woodmart_inline=&#8221;no&#8221;][\/vc_column][\/vc_row][vc_row][vc_column][vc_text_separator title=&#8221;Tessuti Naturali&#8221;]\n\t\t<div id=\"wd-66d98278a3af4\" class=\"title-wrapper wd-wpb wd-set-mb reset-last-child  wd-rs-66d98278a3af4 wd-title-color-default wd-title-style-default text-center  wd-underline-colored\">\n\t\t\t\n\t\t\t<div class=\"liner-continer\">\n\t\t\t\t<h2 class=\"woodmart-title-container title  wd-font-weight- wd-fontsize-l\" >Patty Box - Borsa Sacco<\/h2>\n\t\t\t\t\t\t\t<\/div>\n\t\t\t\n\t\t\t\n\t\t\t\n\t\t<\/div>\n\t\t\n\t\t[\/vc_column][\/vc_row][vc_row css=&#8221;.vc_custom_1690627435227{background-color: #f3f3f3 !important;}&#8221; mobile_bg_img_hidden=&#8221;no&#8221; tablet_bg_img_hidden=&#8221;no&#8221; woodmart_parallax=&#8221;0&#8243; woodmart_gradient_switch=&#8221;no&#8221; row_reverse_mobile=&#8221;0&#8243; row_reverse_tablet=&#8221;0&#8243; woodmart_disable_overflow=&#8221;0&#8243; woodmart_css_id=&#8221;64c4ed5d48145&#8243; responsive_spacing=&#8221;eyJwYXJhbV90eXBlIjoid29vZG1hcnRfcmVzcG9uc2l2ZV9zcGFjaW5nIiwic2VsZWN0b3JfaWQiOiI2NGM0ZWQ1ZDQ4MTQ1Iiwic2hvcnRjb2RlIjoidmNfcm93IiwiZGF0YSI6eyJ0YWJsZXQiOnt9LCJtb2JpbGUiOnt9fX0=&#8221; woodmart_box_shadow=&#8221;yes&#8221; wd_box_shadow=&#8221;eyJkZXZpY2VzIjp7ImRlc2t0b3AiOnsiaG9yaXpvbnRhbCI6IjAiLCJ2ZXJ0aWNhbCI6IjAiLCJibHVyIjoiOSIsInNwcmVhZCI6IjAiLCJjb2xvciI6InJnYmEoMCwgMCwgMCwgLjE1KSJ9fX0=&#8221; wd_z_index=&#8221;no&#8221;][vc_column][vc_single_image image=&#8221;13269&#8243; img_size=&#8221;full&#8221; alignment=&#8221;center&#8221; onclick=&#8221;link_image&#8221; parallax_scroll=&#8221;no&#8221; woodmart_inline=&#8221;no&#8221;][\/vc_column][\/vc_row][vc_row][vc_column]\n\t\t<div id=\"wd-64c4ed3ce1a96\" class=\"title-wrapper wd-wpb wd-set-mb reset-last-child  wd-rs-64c4ed3ce1a96 wd-title-color-primary wd-title-style-underlined text-center vc_custom_1690627412497 wd-underline-colored\">\n\t\t\t\t\t\t\t\n\t\t\t\t<div class=\"title-subtitle  subtitle-color-primary font-default subtitle-style-background wd-font-weight-500 wd-fontsize-xs\">collezione Marini&amp;Gerardi<\/div>\n\t\t\t\n\t\t\t<div class=\"liner-continer\">\n\t\t\t\t<h3 class=\"woodmart-title-container title  wd-font-weight-500 wd-fontsize-l\" >Patty Box - Borsa Sacco XXL<\/h3>\n\t\t\t\t\t\t\t<\/div>\n\t\t\t\n\t\t\t\n\t\t\t\n\t\t<\/div>\n\t\t\n\t\t\t\t<div id=\"wd-64f9c711590c9\" class=\"wd-text-block wd-wpb reset-last-child wd-rs-64f9c711590c9 text-left \">\n\t\t\t<p style=\"text-align: justify;\"><strong>La nostra tintura speciale<\/strong> esalta le caratteristiche uniche del tessuto, conferendo ad ogni borsa una sfumatura particolare, rendendola un pezzo unico e speciale. Nessuna borsa sar\u00e0 mai identica a un&#8217;altra, garantendo unicit\u00e0 e originalit\u00e0 a ogni modello.<br \/>\n<strong>Le nostre borse in tessuto naturale<\/strong> sono progettate per abbinarsi perfettamente al tuo stile casual elegante, offrendoti comodit\u00e0 e praticit\u00e0 senza rinunciare all&#8217;eleganza. Scegli una Marini&amp;Gerardi per distinguerti dalla massa e lasciati conquistare dalla bellezza dei nostri materiali e delle nostre creazioni.<br \/>\n<strong>Vieni a scoprire la nostra collezione<\/strong> e lasciati ispirare dalla bellezza delle borse in tessuto naturale di Marini&amp;Gerardi: un&#8217;esperienza unica e affascinante che non vediamo l&#8217;ora di condividere con te!<\/p>\n\t\t<\/div>\n\t\t[\/vc_column][\/vc_row][vc_row css=&#8221;.vc_custom_1690627435227{background-color: #f3f3f3 !important;}&#8221; mobile_bg_img_hidden=&#8221;no&#8221; tablet_bg_img_hidden=&#8221;no&#8221; woodmart_parallax=&#8221;0&#8243; woodmart_gradient_switch=&#8221;no&#8221; row_reverse_mobile=&#8221;0&#8243; row_reverse_tablet=&#8221;0&#8243; woodmart_disable_overflow=&#8221;0&#8243; woodmart_css_id=&#8221;64c4ed5d48145&#8243; responsive_spacing=&#8221;eyJwYXJhbV90eXBlIjoid29vZG1hcnRfcmVzcG9uc2l2ZV9zcGFjaW5nIiwic2VsZWN0b3JfaWQiOiI2NGM0ZWQ1ZDQ4MTQ1Iiwic2hvcnRjb2RlIjoidmNfcm93IiwiZGF0YSI6eyJ0YWJsZXQiOnt9LCJtb2JpbGUiOnt9fX0=&#8221; woodmart_box_shadow=&#8221;yes&#8221; wd_box_shadow=&#8221;eyJkZXZpY2VzIjp7ImRlc2t0b3AiOnsiaG9yaXpvbnRhbCI6IjAiLCJ2ZXJ0aWNhbCI6IjAiLCJibHVyIjoiOSIsInNwcmVhZCI6IjAiLCJjb2xvciI6InJnYmEoMCwgMCwgMCwgLjE1KSJ9fX0=&#8221; wd_z_index=&#8221;no&#8221;][vc_column][vc_single_image image=&#8221;13265&#8243; img_size=&#8221;full&#8221; alignment=&#8221;center&#8221; onclick=&#8221;link_image&#8221; parallax_scroll=&#8221;no&#8221; woodmart_inline=&#8221;no&#8221;][\/vc_column][\/vc_row]<\/p>\n<\/div>","protected":false},"excerpt":{"rendered":"<p style=\"text-align: justify;\">Benvenuti nel mondo delle morbide <strong>Patty Box &#8211; Borsa Sacco<\/strong> in tessuto naturale di Marini&amp;Gerardi, un&#8217;elegante espressione di stile casual. La nostra collezione presenta l&#8217;uso di materiali forti e resistenti come lo YUTE CANVAS a CERA, una scelta perfetta per colori alla moda nell&#8217;Estate 2024.<\/p>\n","protected":false},"featured_media":13266,"template":"","meta":[],"product_brand":[],"product_cat":[752],"product_tag":[992,995],"class_list":{"0":"post-8140","1":"product","2":"type-product","3":"status-publish","4":"has-post-thumbnail","6":"product_cat-borse-donna","7":"product_tag-borsa-donna","8":"product_tag-borsa-sacco-donna","10":"first","11":"instock","12":"taxable","13":"shipping-taxable","14":"purchasable","15":"product-type-simple"},"_links":{"self":[{"href":"https:\/\/www.marinigerardi.it\/shop\/wp-json\/wp\/v2\/product\/8140","targetHints":{"allow":["GET"]}}],"collection":[{"href":"https:\/\/www.marinigerardi.it\/shop\/wp-json\/wp\/v2\/product"}],"about":[{"href":"https:\/\/www.marinigerardi.it\/shop\/wp-json\/wp\/v2\/types\/product"}],"wp:featuredmedia":[{"embeddable":true,"href":"https:\/\/www.marinigerardi.it\/shop\/wp-json\/wp\/v2\/media\/13266"}],"wp:attachment":[{"href":"https:\/\/www.marinigerardi.it\/shop\/wp-json\/wp\/v2\/media?parent=8140"}],"wp:term":[{"taxonomy":"product_brand","embeddable":true,"href":"https:\/\/www.marinigerardi.it\/shop\/wp-json\/wp\/v2\/product_brand?post=8140"},{"taxonomy":"product_cat","embeddable":true,"href":"https:\/\/www.marinigerardi.it\/shop\/wp-json\/wp\/v2\/product_cat?post=8140"},{"taxonomy":"product_tag","embeddable":true,"href":"https:\/\/www.marinigerardi.it\/shop\/wp-json\/wp\/v2\/product_tag?post=8140"}],"curies":[{"name":"wp","href":"https:\/\/api.w.org\/{rel}","templated":true}]}}