{"id":8107,"date":"2021-01-28T10:42:31","date_gmt":"2021-01-28T10:42:31","guid":{"rendered":"https:\/\/marinigerardi.it\/shop\/product\/import-placeholder-for-lamp-lindbergh-02\/"},"modified":"2024-09-07T19:51:35","modified_gmt":"2024-09-07T19:51:35","slug":"lindbergh-02-lampade-industriali-design","status":"publish","type":"product","link":"https:\/\/www.marinigerardi.it\/shop\/prodotto\/lindbergh-02-lampade-industriali-design\/","title":{"rendered":"Lindbergh Circolare &#8211; Lampade Industriali Loft Design"},"content":{"rendered":"<div class=\"wpb-content-wrapper\"><p>[vc_row equal_height=&#8221;yes&#8221; mobile_bg_img_hidden=&#8221;no&#8221; tablet_bg_img_hidden=&#8221;no&#8221; woodmart_parallax=&#8221;0&#8243; woodmart_gradient_switch=&#8221;no&#8221; row_reverse_mobile=&#8221;0&#8243; row_reverse_tablet=&#8221;0&#8243; woodmart_disable_overflow=&#8221;0&#8243;][vc_column offset=&#8221;vc_col-lg-6 vc_col-md-6&#8243; mobile_bg_img_hidden=&#8221;no&#8221; tablet_bg_img_hidden=&#8221;no&#8221; woodmart_parallax=&#8221;0&#8243; woodmart_sticky_column=&#8221;false&#8221; parallax_scroll=&#8221;no&#8221; mobile_reset_margin=&#8221;no&#8221; tablet_reset_margin=&#8221;no&#8221; css=&#8221;.vc_custom_1613071403480{margin-top: 0px !important;}&#8221;]\n\t\t<div id=\"wd-66dc75db6fc22\" class=\"title-wrapper wd-wpb wd-set-mb reset-last-child  wd-rs-66dc75db6fc22 wd-title-color-primary wd-title-style-bordered text-left vc_custom_1725724154985 wd-underline-colored\">\n\t\t\t\n\t\t\t<div class=\"liner-continer\">\n\t\t\t\t<h2 class=\"woodmart-title-container title  wd-font-weight-500 wd-fontsize-l\" >Lampade Industriali Loft Design | Lindbergh Circolare |<\/h2>\n\t\t\t\t\t\t\t<\/div>\n\t\t\t\n\t\t\t\n\t\t\t\n\t\t<\/div>\n\t\t\n\t\t\t\t<div id=\"wd-65cb5540a9ad4\" class=\"wd-text-block wd-wpb reset-last-child wd-rs-65cb5540a9ad4 text-left \">\n\t\t\t<p style=\"text-align: justify;\">Il <a href=\"https:\/\/www.marinigerardi.it\/shop\/prodotto\/lindbergh-02-lampade-industriali-design\/\">diffusore<\/a> \u00e8 realizzato da una struttura metallica e supporti con cavetti in acciaio, la cui piacevoli tonalit\u00e0 naturali vintage producono una calda atmosfera retr\u00f2.<\/p>\n\t\t<\/div>\n\t\t\t\t\t<div class=\"info-box-wrapper\">\n\t\t\t\t<div id=\"wd-66dc76001bbc8\" class=\" wd-rs-66dc76001bbc8 wd-info-box wd-wpb text-left box-icon-align-top box-style-border color-scheme- wd-bg-none \">\n\t\t\t\t\t\t\t\t\t\t<div class=\"info-box-content\">\n\t\t\t\t\t\t\t\t\t\t\t\t<div class=\"info-box-inner reset-last-child\"><\/p>\n<ul>\n<li>\u00d8: 58,5 x h.29 cm. circa<\/li>\n<li>H.135 cm\u00a0 circa cavo sospensione.<\/li>\n<li>Ferro riciclato e trattato.<\/li>\n<li>Lampade industriali per uso interno<\/li>\n<li>Attacco n.3 lampadine compatibili: E27, 60 W<\/li>\n<li>Elettrificazione in kit da montaggio.<\/li>\n<\/ul>\n<p>Per misure e forme particolari vi preghiamo di contattarci al Indirizzo mail <strong>assistenza@marinigerardi.it<\/strong><\/p>\n<\/div>\n\n\t\t\t\t\t\t\t\t\t\t\t<\/div>\n\n\t\t\t\t\t\n\t\t\t\t\t\t\t\t\t<\/div>\n\t\t\t<\/div>\n\t\t[\/vc_column][vc_column css=&#8221;.vc_custom_1612434787067{background-position: center !important;background-repeat: no-repeat !important;background-size: cover !important;}&#8221; offset=&#8221;vc_col-lg-6 vc_col-md-6&#8243; mobile_bg_img_hidden=&#8221;no&#8221; tablet_bg_img_hidden=&#8221;no&#8221; woodmart_parallax=&#8221;0&#8243; woodmart_sticky_column=&#8221;false&#8221; parallax_scroll=&#8221;no&#8221; mobile_reset_margin=&#8221;no&#8221; tablet_reset_margin=&#8221;no&#8221;]\t\t<div id=\"gallery_287\" class=\"wd-images-gallery wd-wpb photoswipe-images\" style=\"--wd-justify-content:left;--wd-align-items:center;\">\n\t\t\t\n\t\t\t<div class=\" wd-grid-g\" style=\"--wd-col-lg:1;--wd-col-md:1;--wd-col-sm:1;--wd-gap-lg:10px;\">\n\t\t\t\t\n\t\t\t\t\t\t\t\t\t\t\t\t\t\t\t<div class=\"wd-gallery-item wd-col\">\n\t\t\t\t\t\t\t\t\t\t\t\t\t\t<a href=\"\" data-elementor-open-lightbox=\"no\" data-index=\"1\" data-width=\"\" data-height=\"\" \n\t\t\t\t\t\t\t\t\t\t\t\t\t\t\t\t\t\t\t\t\t\t\t\t\t\t\t\ttitle=\"\">\n\t\t\t\t\t\t\t\t\n\t\t\t\t\t\t\t\t\n\t\t\t\t\t\t\t\t\t\t\t\t\t\t\t<\/a>\n\t\t\t\t\t\t\t\t\t\t\t\t<\/div>\n\t\t\t\t\t\t\t\t\t\t\t<div class=\"wd-gallery-item wd-col\">\n\t\t\t\t\t\t\t\t\t\t\t\t\t\t<a href=\"https:\/\/www.marinigerardi.it\/shop\/wp-content\/uploads\/2021\/01\/lampada-mpderna-a-sospensione-industriale-circolare-ferro-acciaio-blu.jpg\" data-elementor-open-lightbox=\"no\" data-index=\"2\" data-width=\"1030\" data-height=\"770\" \n\t\t\t\t\t\t\t\t\t\t\t\t\t\t\t\t\t\t\t\t\t\t\t\t\t\t\t\ttitle=\"Lampada Mpderna A Sospensione Industriale Circolare Ferro Acciaio Blu Marini &amp; Gerardi\">\n\t\t\t\t\t\t\t\t\n\t\t\t\t\t\t\t\t<img decoding=\"async\" width=\"1030\" height=\"770\" src=\"https:\/\/www.marinigerardi.it\/shop\/wp-content\/uploads\/2021\/01\/lampada-mpderna-a-sospensione-industriale-circolare-ferro-acciaio-blu.jpg.webp\" class=\"wd-gallery-image image-2\" alt=\"Lampada Mpderna A Sospensione Industriale Circolare Ferro Acciaio Blu\" srcset=\"https:\/\/www.marinigerardi.it\/shop\/wp-content\/uploads\/2021\/01\/lampada-mpderna-a-sospensione-industriale-circolare-ferro-acciaio-blu.jpg.webp 1030w, https:\/\/www.marinigerardi.it\/shop\/wp-content\/uploads\/2021\/01\/lampada-mpderna-a-sospensione-industriale-circolare-ferro-acciaio-blu-450x336.jpg 450w, https:\/\/www.marinigerardi.it\/shop\/wp-content\/uploads\/2021\/01\/lampada-mpderna-a-sospensione-industriale-circolare-ferro-acciaio-blu-1000x748.jpg 1000w, https:\/\/www.marinigerardi.it\/shop\/wp-content\/uploads\/2021\/01\/lampada-mpderna-a-sospensione-industriale-circolare-ferro-acciaio-blu-300x224.jpg.webp 300w, https:\/\/www.marinigerardi.it\/shop\/wp-content\/uploads\/2021\/01\/lampada-mpderna-a-sospensione-industriale-circolare-ferro-acciaio-blu-1024x766.jpg.webp 1024w, https:\/\/www.marinigerardi.it\/shop\/wp-content\/uploads\/2021\/01\/lampada-mpderna-a-sospensione-industriale-circolare-ferro-acciaio-blu-768x574.jpg.webp 768w\" sizes=\"(max-width: 1030px) 100vw, 1030px\" \/>\n\t\t\t\t\t\t\t\t\t\t\t\t\t\t\t<\/a>\n\t\t\t\t\t\t\t\t\t\t\t\t<\/div>\n\t\t\t\t\t\t\t\t\t\n\t\t\t\t\t\t\t<\/div>\n\n\t\t\t\t\t<\/div>\n\t\t[\/vc_column][\/vc_row][vc_row][vc_column]\n\t\t<div id=\"wd-66dc7618e5133\" class=\"title-wrapper wd-wpb wd-set-mb reset-last-child  wd-rs-66dc7618e5133 wd-title-color-default wd-title-style-bordered text-center  wd-underline-colored\">\n\t\t\t\n\t\t\t<div class=\"liner-continer\">\n\t\t\t\t<h2 class=\"woodmart-title-container title  wd-font-weight- wd-fontsize-l\" >Lampade Industriali Loft Design<\/h2>\n\t\t\t\t\t\t\t<\/div>\n\t\t\t\n\t\t\t\n\t\t\t\n\t\t<\/div>\n\t\t\n\t\t[\/vc_column][\/vc_row][vc_row content_placement=&#8221;middle&#8221; woodmart_bg_position=&#8221;center-bottom&#8221; css=&#8221;.vc_custom_1707824356332{background-color: #f3f3f3 !important;background-position: 0 0 !important;background-repeat: no-repeat !important;}&#8221; el_class=&#8221;mobile-bg-img-hidden&#8221; mobile_bg_img_hidden=&#8221;no&#8221; tablet_bg_img_hidden=&#8221;no&#8221; woodmart_parallax=&#8221;0&#8243; woodmart_gradient_switch=&#8221;no&#8221; row_reverse_mobile=&#8221;0&#8243; row_reverse_tablet=&#8221;0&#8243; woodmart_disable_overflow=&#8221;0&#8243; woodmart_css_id=&#8221;65cb54dad93ef&#8221; responsive_spacing=&#8221;eyJwYXJhbV90eXBlIjoid29vZG1hcnRfcmVzcG9uc2l2ZV9zcGFjaW5nIiwic2VsZWN0b3JfaWQiOiI2NWNiNTRkYWQ5M2VmIiwic2hvcnRjb2RlIjoidmNfcm93IiwiZGF0YSI6eyJ0YWJsZXQiOnt9LCJtb2JpbGUiOnt9fX0=&#8221; woodmart_box_shadow=&#8221;yes&#8221; wd_box_shadow=&#8221;eyJkZXZpY2VzIjp7ImRlc2t0b3AiOnsiaG9yaXpvbnRhbCI6IjAiLCJ2ZXJ0aWNhbCI6IjAiLCJibHVyIjoiOSIsInNwcmVhZCI6IjAiLCJjb2xvciI6InJnYmEoMCwgMCwgMCwgLjE1KSJ9fX0=&#8221; wd_z_index=&#8221;no&#8221;][vc_column mobile_bg_img_hidden=&#8221;no&#8221; tablet_bg_img_hidden=&#8221;no&#8221; woodmart_parallax=&#8221;0&#8243; woodmart_sticky_column=&#8221;false&#8221; parallax_scroll=&#8221;no&#8221; mobile_reset_margin=&#8221;no&#8221; tablet_reset_margin=&#8221;no&#8221;][vc_single_image image=&#8221;13468&#8243; img_size=&#8221;full&#8221; alignment=&#8221;center&#8221; onclick=&#8221;link_image&#8221; css=&#8221;.vc_custom_1707824311782{margin-right: 20px !important;}&#8221; parallax_scroll=&#8221;no&#8221; woodmart_inline=&#8221;no&#8221;][\/vc_column][\/vc_row][vc_row][vc_column]\n\t\t<div id=\"wd-66dc76253912e\" class=\"title-wrapper wd-wpb wd-set-mb reset-last-child  wd-rs-66dc76253912e wd-title-color-primary wd-title-style-bordered text-left justify  wd-underline-colored\">\n\t\t\t\t\t\t\t\n\t\t\t\t<div class=\"title-subtitle  subtitle-color-primary font-alt subtitle-style-default wd-font-weight- wd-fontsize-m\">Arredare un loft<\/div>\n\t\t\t\n\t\t\t<div class=\"liner-continer\">\n\t\t\t\t<h3 class=\"woodmart-title-container title  wd-font-weight-400 wd-fontsize-xxxl\" >Lindbergh Circolare | Lampade Industriali Loft Design<\/h3>\n\t\t\t\t\t\t\t<\/div>\n\t\t\t\n\t\t\t\n\t\t\t\n\t\t<\/div>\n\t\t\n\t\t\t\t<div id=\"wd-66dc754c65ce7\" class=\"wd-text-block wd-wpb reset-last-child wd-rs-66dc754c65ce7 text-left \">\n\t\t\t<p><strong>Lampade loft Industriali creative vintage.<br \/>\n<\/strong>Gli immobili industriali, nelle periferie cittadine, abbandonati o dismessi, diventano location veramente interessanti da ristrutturare. Convertire in spazi luminosi e funzionali vecchi capannoni industriali\u2026. diventa una sfida ed un piacere. I <strong>loft contemporanei<\/strong> hanno le sembianze di vere e proprie gallerie d\u2019arte, dove il design si esprime e mette alla prova la creativit\u00e0. <strong>Assenza di pareti divisorie, tubature in vista e finestroni sono gli unici elementi<\/strong> strutturali presenti e <strong>lasciano una grande libert\u00e0 di gestione dello spazio<\/strong>.\u00a0 Il Loft diventa una abitazione informale, luminosa e bella da vivere.<\/p>\n<p>Soffitti altissimi soppalcati, pareti con vetrate a tutta altezza, ambienti open space e comunicanti arredati vintage o con accessori Industrial look.<br \/>\n<strong>Arredare diventa un\u2019attivit\u00e0 creativa che da sicuramente, grandi soddisfazioni<\/strong>!<\/p>\n\t\t<\/div>\n\t\t[\/vc_column][\/vc_row]<\/p>\n<\/div>","protected":false},"excerpt":{"rendered":"<p><strong>lampade industriali a sospensione<\/strong>\u00a0in ferro tipo Retro Vintage per Arredo Ristoranti, Bar, Hotel Chic<\/p>\n","protected":false},"featured_media":13467,"template":"","meta":[],"product_brand":[],"product_cat":[666],"product_tag":[967,990,968],"class_list":{"0":"post-8107","1":"product","2":"type-product","3":"status-publish","4":"has-post-thumbnail","6":"product_cat-illuminazione-da-interni","7":"product_tag-illuminazione","8":"product_tag-lampade-industriali-design","9":"product_tag-lampade-stile-industriale","11":"first","12":"instock","13":"taxable","14":"shipping-taxable","15":"purchasable","16":"product-type-simple"},"_links":{"self":[{"href":"https:\/\/www.marinigerardi.it\/shop\/wp-json\/wp\/v2\/product\/8107","targetHints":{"allow":["GET"]}}],"collection":[{"href":"https:\/\/www.marinigerardi.it\/shop\/wp-json\/wp\/v2\/product"}],"about":[{"href":"https:\/\/www.marinigerardi.it\/shop\/wp-json\/wp\/v2\/types\/product"}],"wp:featuredmedia":[{"embeddable":true,"href":"https:\/\/www.marinigerardi.it\/shop\/wp-json\/wp\/v2\/media\/13467"}],"wp:attachment":[{"href":"https:\/\/www.marinigerardi.it\/shop\/wp-json\/wp\/v2\/media?parent=8107"}],"wp:term":[{"taxonomy":"product_brand","embeddable":true,"href":"https:\/\/www.marinigerardi.it\/shop\/wp-json\/wp\/v2\/product_brand?post=8107"},{"taxonomy":"product_cat","embeddable":true,"href":"https:\/\/www.marinigerardi.it\/shop\/wp-json\/wp\/v2\/product_cat?post=8107"},{"taxonomy":"product_tag","embeddable":true,"href":"https:\/\/www.marinigerardi.it\/shop\/wp-json\/wp\/v2\/product_tag?post=8107"}],"curies":[{"name":"wp","href":"https:\/\/api.w.org\/{rel}","templated":true}]}}