{"id":8106,"date":"2021-01-28T10:42:30","date_gmt":"2021-01-28T10:42:30","guid":{"rendered":"https:\/\/marinigerardi.it\/shop\/product\/import-placeholder-for-15132\/"},"modified":"2024-09-07T20:05:17","modified_gmt":"2024-09-07T20:05:17","slug":"lampadari-stile-industriale","status":"publish","type":"product","link":"https:\/\/www.marinigerardi.it\/shop\/prodotto\/lampadari-stile-industriale\/","title":{"rendered":"Lindbergh il Volo &#8211; lampadari stile industriale vintage in ferro"},"content":{"rendered":"<div class=\"wpb-content-wrapper\"><p>[vc_row equal_height=&#8221;yes&#8221; mobile_bg_img_hidden=&#8221;no&#8221; tablet_bg_img_hidden=&#8221;no&#8221; woodmart_parallax=&#8221;0&#8243; woodmart_gradient_switch=&#8221;no&#8221; row_reverse_mobile=&#8221;0&#8243; row_reverse_tablet=&#8221;0&#8243; woodmart_disable_overflow=&#8221;0&#8243;][vc_column offset=&#8221;vc_col-lg-6 vc_col-md-6&#8243; mobile_bg_img_hidden=&#8221;no&#8221; tablet_bg_img_hidden=&#8221;no&#8221; woodmart_parallax=&#8221;0&#8243; woodmart_sticky_column=&#8221;false&#8221; parallax_scroll=&#8221;no&#8221; mobile_reset_margin=&#8221;no&#8221; tablet_reset_margin=&#8221;no&#8221; css=&#8221;.vc_custom_1613071403480{margin-top: 0px !important;}&#8221;]\n\t\t<div id=\"wd-66dcaf496aed6\" class=\"title-wrapper wd-wpb wd-set-mb reset-last-child  wd-rs-66dcaf496aed6 wd-title-color-primary wd-title-style-bordered text-left vc_custom_1725738846365 wd-underline-colored\">\n\t\t\t\n\t\t\t<div class=\"liner-continer\">\n\t\t\t\t<h2 class=\"woodmart-title-container title  wd-font-weight-500 wd-fontsize-l\" >Lindbergh il Volo - lampadari stile industriale vintage in ferro<\/h2>\n\t\t\t\t\t\t\t<\/div>\n\t\t\t\n\t\t\t\n\t\t\t\n\t\t<\/div>\n\t\t\n\t\t\t\t<div id=\"wd-66dcb078e7285\" class=\"wd-text-block wd-wpb reset-last-child wd-rs-66dcb078e7285 text-left \">\n\t\t\t<p style=\"text-align: justify;\">Il <a href=\"https:\/\/www.marinigerardi.it\/shop\/prodotto\/lindbergh-01-lampade-stile-industriale-in-ferro\/\">diffusore<\/a> \u00e8 realizzato da una struttura metallica e supporti con cavetti in acciaio, la cui piacevoli tonalit\u00e0 naturali vintage producono una calda atmosfera retr\u00f2.<\/p>\n\t\t<\/div>\n\t\t[vc_message message_box_style=&#8221;outline&#8221; message_box_color=&#8221;grey&#8221; css=&#8221;&#8221;]<\/p>\n<ul>\n<li>\u00d8: 58,5 x h.29 cm. larghezza 28,5 cm. circa<\/li>\n<li>H.135 cm\u00a0 circa cavo sospensione.<\/li>\n<li>Ferro riciclato e trattato.<\/li>\n<li>Lampada per uso interno<\/li>\n<li>Attacco della lampadina compatibile: E27, 60 W<\/li>\n<li>Materiale principale: Metallo<\/li>\n<li>Elettrificazione in kit di montaggio<\/li>\n<\/ul>\n<p>Per misure particolari vi preghiamo di contattarci al Indirizzo mail <strong>assistenzza@marinigerardi.it<\/strong>[\/vc_message][\/vc_column][vc_column css=&#8221;.vc_custom_1612434787067{background-position: center !important;background-repeat: no-repeat !important;background-size: cover !important;}&#8221; offset=&#8221;vc_col-lg-6 vc_col-md-6&#8243; mobile_bg_img_hidden=&#8221;no&#8221; tablet_bg_img_hidden=&#8221;no&#8221; woodmart_parallax=&#8221;0&#8243; woodmart_sticky_column=&#8221;false&#8221; parallax_scroll=&#8221;no&#8221; mobile_reset_margin=&#8221;no&#8221; tablet_reset_margin=&#8221;no&#8221;]\t\t<div id=\"gallery_491\" class=\"wd-images-gallery wd-wpb photoswipe-images\" style=\"--wd-justify-content:center;--wd-align-items:center;\">\n\t\t\t\n\t\t\t<div class=\" wd-grid-g\" style=\"--wd-col-lg:1;--wd-col-md:1;--wd-col-sm:1;--wd-gap-lg:10px;\">\n\t\t\t\t\n\t\t\t\t\t\t\t\t\t\t\t\t\t\t\t<div class=\"wd-gallery-item wd-col\">\n\t\t\t\t\t\t\t\t\t\t\t\t\t\t<a href=\"https:\/\/www.marinigerardi.it\/shop\/wp-content\/uploads\/2021\/01\/lampade-stile-industriale-ferro-acciaio-a-sospensione-moderne-deign-Lindbergh.jpg\" data-elementor-open-lightbox=\"no\" data-index=\"1\" data-width=\"1024\" data-height=\"768\" \n\t\t\t\t\t\t\t\t\t\t\t\t\t\t\t\t\t\t\t\t\t\t\t\t\t\t\t\ttitle=\"Lampade Stile Industriale Ferro Acciaio A Sospensione Moderne Deign Lindbergh Marini &amp; Gerardi\">\n\t\t\t\t\t\t\t\t\n\t\t\t\t\t\t\t\t<img decoding=\"async\" width=\"1024\" height=\"768\" src=\"https:\/\/www.marinigerardi.it\/shop\/wp-content\/uploads\/2021\/01\/lampade-stile-industriale-ferro-acciaio-a-sospensione-moderne-deign-Lindbergh.jpg.webp\" class=\"wd-gallery-image image-1\" alt=\"Lampade Stile Industriale Ferro Acciaio A Sospensione Moderne Deign Lindbergh\" srcset=\"https:\/\/www.marinigerardi.it\/shop\/wp-content\/uploads\/2021\/01\/lampade-stile-industriale-ferro-acciaio-a-sospensione-moderne-deign-Lindbergh.jpg.webp 1024w, https:\/\/www.marinigerardi.it\/shop\/wp-content\/uploads\/2021\/01\/lampade-stile-industriale-ferro-acciaio-a-sospensione-moderne-deign-Lindbergh-450x338.jpg 450w, https:\/\/www.marinigerardi.it\/shop\/wp-content\/uploads\/2021\/01\/lampade-stile-industriale-ferro-acciaio-a-sospensione-moderne-deign-Lindbergh-1000x750.jpg 1000w, https:\/\/www.marinigerardi.it\/shop\/wp-content\/uploads\/2021\/01\/lampade-stile-industriale-ferro-acciaio-a-sospensione-moderne-deign-Lindbergh-300x225.jpg.webp 300w, https:\/\/www.marinigerardi.it\/shop\/wp-content\/uploads\/2021\/01\/lampade-stile-industriale-ferro-acciaio-a-sospensione-moderne-deign-Lindbergh-768x576.jpg.webp 768w\" sizes=\"(max-width: 1024px) 100vw, 1024px\" \/>\n\t\t\t\t\t\t\t\t\t\t\t\t\t\t\t<\/a>\n\t\t\t\t\t\t\t\t\t\t\t\t<\/div>\n\t\t\t\t\t\t\t\t\t\n\t\t\t\t\t\t\t<\/div>\n\n\t\t\t\t\t<\/div>\n\t\t[\/vc_column][\/vc_row][vc_row][vc_column]\n\t\t<div id=\"wd-66dcaf63de058\" class=\"title-wrapper wd-wpb wd-set-mb reset-last-child  wd-rs-66dcaf63de058 wd-title-color-default wd-title-style-bordered text-center  wd-underline-colored\">\n\t\t\t\n\t\t\t<div class=\"liner-continer\">\n\t\t\t\t<h2 class=\"woodmart-title-container title  wd-font-weight- wd-fontsize-l\" >lampadari stile industriale<\/h2>\n\t\t\t\t\t\t\t<\/div>\n\t\t\t\n\t\t\t\n\t\t\t\n\t\t<\/div>\n\t\t\n\t\t[\/vc_column][\/vc_row][vc_row content_placement=&#8221;middle&#8221; woodmart_bg_position=&#8221;center-bottom&#8221; css=&#8221;.vc_custom_1612561188989{background-color: #e5e5e5 !important;background-position: 0 0 !important;background-repeat: no-repeat !important;}&#8221; el_class=&#8221;mobile-bg-img-hidden&#8221; mobile_bg_img_hidden=&#8221;no&#8221; tablet_bg_img_hidden=&#8221;no&#8221; woodmart_parallax=&#8221;0&#8243; woodmart_gradient_switch=&#8221;no&#8221; row_reverse_mobile=&#8221;0&#8243; row_reverse_tablet=&#8221;0&#8243; woodmart_disable_overflow=&#8221;0&#8243;][vc_column width=&#8221;1\/2&#8243; mobile_bg_img_hidden=&#8221;no&#8221; tablet_bg_img_hidden=&#8221;no&#8221; woodmart_parallax=&#8221;0&#8243; woodmart_sticky_column=&#8221;false&#8221; parallax_scroll=&#8221;no&#8221; mobile_reset_margin=&#8221;no&#8221; tablet_reset_margin=&#8221;no&#8221;][vc_single_image image=&#8221;13464&#8243; img_size=&#8221;full&#8221; onclick=&#8221;link_image&#8221; css=&#8221;.vc_custom_1634487807906{margin-right: 20px !important;}&#8221; parallax_scroll=&#8221;no&#8221; woodmart_inline=&#8221;no&#8221;][\/vc_column][vc_column width=&#8221;1\/2&#8243; css=&#8221;.vc_custom_1535101510463{margin-top: 4vh !important;padding-top: 0px !important;}&#8221;][\/vc_column][\/vc_row][vc_row][vc_column]\n\t\t<div id=\"wd-66dcafb12ff0c\" class=\"title-wrapper wd-wpb wd-set-mb reset-last-child  wd-rs-66dcafb12ff0c wd-title-color-default wd-title-style-bordered text-center  wd-underline-colored\">\n\t\t\t\n\t\t\t<div class=\"liner-continer\">\n\t\t\t\t<h3 class=\"woodmart-title-container title  wd-font-weight- wd-fontsize-l\" >Lindbergh il Volo - lampadari stile industriale vintage in ferro<\/h3>\n\t\t\t\t\t\t\t<\/div>\n\t\t\t\n\t\t\t\n\t\t\t\n\t\t<\/div>\n\t\t\n\t\t\t\t<div id=\"wd-66dcafceec238\" class=\"wd-text-block wd-wpb reset-last-child wd-rs-66dcafceec238 text-left \">\n\t\t\t<p>Gli immobili industriali, nelle periferie cittadine, abbandonati o dismessi, diventano location veramente interessanti da ristrutturare. Convertire in spazi luminosi e funzionali vecchi capannoni industriali\u2026. diventa una sfida ed un piacere. I <strong>loft contemporanei<\/strong> hanno le sembianze di vere e proprie gallerie d\u2019arte, dove il design si esprime e mette alla prova la creativit\u00e0. <strong>Assenza di pareti divisorie, tubature in vista e finestroni sono gli unici elementi<\/strong> strutturali presenti e <strong>lasciano una grande libert\u00e0 di gestione dello spazio<\/strong>.\u00a0 Il Loft diventa una abitazione informale, luminosa e bella da vivere.<\/p>\n<p>Soffitti altissimi soppalcati, pareti con vetrate a tutta altezza, ambienti open space e comunicanti arredati vintage o con accessori Industrial look.<br \/>\n<strong>Arredare diventa un\u2019attivit\u00e0 creativa che da sicuramente, grandi soddisfazioni<\/strong>!<\/p>\n\t\t<\/div>\n\t\t[\/vc_column][\/vc_row]<\/p>\n<\/div>","protected":false},"excerpt":{"rendered":"<p>Le <em>nostre lampade a sospensione<\/em> ridisegnano lo spazio, coniugando illuminazione<em> ad un alternativo design e modernit\u00e0. Lampadari stile industriale vintage in ferro<\/em><\/p>\n","protected":false},"featured_media":13460,"template":"","meta":[],"product_brand":[],"product_cat":[666],"product_tag":[967,968],"class_list":{"0":"post-8106","1":"product","2":"type-product","3":"status-publish","4":"has-post-thumbnail","6":"product_cat-illuminazione-da-interni","7":"product_tag-illuminazione","8":"product_tag-lampade-stile-industriale","10":"first","11":"instock","12":"taxable","13":"shipping-taxable","14":"purchasable","15":"product-type-simple"},"_links":{"self":[{"href":"https:\/\/www.marinigerardi.it\/shop\/wp-json\/wp\/v2\/product\/8106","targetHints":{"allow":["GET"]}}],"collection":[{"href":"https:\/\/www.marinigerardi.it\/shop\/wp-json\/wp\/v2\/product"}],"about":[{"href":"https:\/\/www.marinigerardi.it\/shop\/wp-json\/wp\/v2\/types\/product"}],"wp:featuredmedia":[{"embeddable":true,"href":"https:\/\/www.marinigerardi.it\/shop\/wp-json\/wp\/v2\/media\/13460"}],"wp:attachment":[{"href":"https:\/\/www.marinigerardi.it\/shop\/wp-json\/wp\/v2\/media?parent=8106"}],"wp:term":[{"taxonomy":"product_brand","embeddable":true,"href":"https:\/\/www.marinigerardi.it\/shop\/wp-json\/wp\/v2\/product_brand?post=8106"},{"taxonomy":"product_cat","embeddable":true,"href":"https:\/\/www.marinigerardi.it\/shop\/wp-json\/wp\/v2\/product_cat?post=8106"},{"taxonomy":"product_tag","embeddable":true,"href":"https:\/\/www.marinigerardi.it\/shop\/wp-json\/wp\/v2\/product_tag?post=8106"}],"curies":[{"name":"wp","href":"https:\/\/api.w.org\/{rel}","templated":true}]}}