{"id":8084,"date":"2021-01-28T10:41:50","date_gmt":"2021-01-28T10:41:50","guid":{"rendered":"https:\/\/marinigerardi.it\/shop\/product\/import-placeholder-for-14620\/"},"modified":"2026-03-06T12:20:29","modified_gmt":"2026-03-06T12:20:29","slug":"letto-baldacchino","status":"publish","type":"product","link":"https:\/\/www.marinigerardi.it\/shop\/prodotto\/letto-baldacchino\/","title":{"rendered":"Letto Baldacchino Moderno &#8211; Letto in teak lavorazione artigianale"},"content":{"rendered":"<div class=\"wpb-content-wrapper\"><p>[vc_row equal_height=&#8221;yes&#8221; mobile_bg_img_hidden=&#8221;no&#8221; tablet_bg_img_hidden=&#8221;no&#8221; woodmart_parallax=&#8221;0&#8243; woodmart_gradient_switch=&#8221;no&#8221; row_reverse_mobile=&#8221;0&#8243; row_reverse_tablet=&#8221;0&#8243; woodmart_disable_overflow=&#8221;0&#8243;][vc_column offset=&#8221;vc_col-lg-6 vc_col-md-6&#8243; mobile_bg_img_hidden=&#8221;no&#8221; tablet_bg_img_hidden=&#8221;no&#8221; woodmart_parallax=&#8221;0&#8243; woodmart_sticky_column=&#8221;false&#8221; parallax_scroll=&#8221;no&#8221; mobile_reset_margin=&#8221;no&#8221; tablet_reset_margin=&#8221;no&#8221; css=&#8221;.vc_custom_1613071403480{margin-top: 0px !important;}&#8221;]\n\t\t<div id=\"wd-69aac64a009fd\" class=\"title-wrapper wd-wpb wd-set-mb reset-last-child  wd-rs-69aac64a009fd wd-title-color-primary wd-title-style-bordered text-left vc_custom_1772799584105 wd-underline-colored\">\n\t\t\t\n\t\t\t<div class=\"liner-continer\">\n\t\t\t\t<h2 class=\"woodmart-title-container title  wd-font-weight- wd-fontsize-l\" >Letto Baldacchino Moderno: Il Mix Perfetto tra Stile e Funzionalit\u00e0<\/h2>\n\t\t\t\t\t\t\t<\/div>\n\t\t\t\n\t\t\t\n\t\t\t\n\t\t<\/div>\n\t\t\n\t\t\t\t<div id=\"wd-66ec887637e30\" class=\"wd-text-block wd-wpb reset-last-child wd-rs-66ec887637e30 text-left \">\n\t\t\t<p>Il <strong>Letto Baldacchino <\/strong>rappresenta l&#8217;incontro perfetto tra tradizione e modernit\u00e0. Questo arredo esclusivo, realizzato in pregiato teak, fonde la bellezza naturale del legno con un design attuale e funzionale. La struttura \u00e8 stata concepita per essere montata in modo semplice e intuitivo grazie ad un pratico kit di montaggio, che ti permette di assemblarlo senza complicazioni.<\/p>\n<p><strong>La finitura<\/strong> pu\u00f2 essere il teak naturale o decapata in bianco, con una delicata mano di cera naturale, che dona al letto un aspetto <strong>Shabby<\/strong>, conferendogli un&#8217;atmosfera romantica e accogliente. Questo stile, raffinato ma informale, \u00e8 perfetto per chi cerca un arredo che catturi lo sguardo e doni carattere alla propria camera da letto.<\/p>\n<p>Il basamento del materasso \u00e8 costituito da fasce orizzontali in teak, studiato per offrire un supporto solido e confortevole. Con un&#8217;altezza da terra di circa 35 cm, il <strong>Letto Baldacchino Moderno<\/strong> \u00e8 un invito al relax, trasportandoti con la mente a vacanze da sogno su spiagge assolate e circondate da palme tropicali.<\/p>\n\t\t<\/div>\n\t\t[vc_tta_accordion title_tag=&#8221;h3&#8243; section_title_tag=&#8221;h3&#8243; active_section=&#8221;&#8221; collapsible_all=&#8221;true&#8221;][vc_tta_section title=&#8221;Info &amp; Scheda Prodotto&#8221; tab_id=&#8221;1772799506698-73dc7c25-b209&#8243;]\t\t<div id=\"wd-69aac61b29d91\" class=\"wd-text-block wd-wpb reset-last-child wd-rs-69aac61b29d91 text-left \">\n\t\t\t<ul>\n<li><strong>Matrimoniale<\/strong> \u2013\u00a0 160 x 200 cm<\/li>\n<li><strong>Matrimoniale Extra<\/strong> \u2013 180 x 200 cm<\/li>\n<li><strong>Basamento Materasso<\/strong> realizzato con robuste fasce in teak orizzontali <strong>altezza da terra<\/strong> 35 cm. circa<\/li>\n<li><strong>Altezza baldacchino<\/strong>\u00a0203 cm.<\/li>\n<\/ul>\n<p><strong>Questo articolo \u00e8 spedito solo in Italia <\/strong>: <strong>assistenza@marinigerardi.it <\/strong><\/p>\n\t\t<\/div>\n\t\t[\/vc_tta_section][\/vc_tta_accordion][\/vc_column][vc_column css=&#8221;.vc_custom_1612434787067{background-position: center !important;background-repeat: no-repeat !important;background-size: cover !important;}&#8221; offset=&#8221;vc_col-lg-6 vc_col-md-6&#8243; mobile_bg_img_hidden=&#8221;no&#8221; tablet_bg_img_hidden=&#8221;no&#8221; woodmart_parallax=&#8221;0&#8243; woodmart_sticky_column=&#8221;false&#8221; parallax_scroll=&#8221;no&#8221; mobile_reset_margin=&#8221;no&#8221; tablet_reset_margin=&#8221;no&#8221;][vc_single_image image=&#8221;70926&#8243; img_size=&#8221;large&#8221; alignment=&#8221;center&#8221; style=&#8221;vc_box_shadow&#8221; onclick=&#8221;link_image&#8221; css=&#8221;&#8221; parallax_scroll=&#8221;no&#8221; woodmart_inline=&#8221;no&#8221;][\/vc_column][\/vc_row][vc_row][vc_column][vc_empty_space woodmart_hide_large=&#8221;0&#8243; woodmart_hide_medium=&#8221;0&#8243; woodmart_hide_small=&#8221;0&#8243;]\n\t\t<div id=\"wd-69aac663cd263\" class=\"title-wrapper wd-wpb wd-set-mb reset-last-child  wd-rs-69aac663cd263 wd-title-color-default wd-title-style-default text-center  wd-underline-colored\">\n\t\t\t\n\t\t\t<div class=\"liner-continer\">\n\t\t\t\t<h3 class=\"woodmart-title-container title  wd-font-weight- wd-fontsize-l\" >Lasciati avvolgere dal fascino del teak: il tuo Letto Baldacchino Moderno, unico come te.<\/h3>\n\t\t\t\t\t\t\t<\/div>\n\t\t\t\n\t\t\t\n\t\t\t\n\t\t<\/div>\n\t\t\n\t\t[\/vc_column][\/vc_row][vc_row css=&#8221;.vc_custom_1726733867227{background-color: #F3F3F3 !important;}&#8221; woodmart_css_id=&#8221;66ebde0de150e&#8221; responsive_spacing=&#8221;eyJwYXJhbV90eXBlIjoid29vZG1hcnRfcmVzcG9uc2l2ZV9zcGFjaW5nIiwic2VsZWN0b3JfaWQiOiI2NmViZGUwZGUxNTBlIiwic2hvcnRjb2RlIjoidmNfcm93IiwiZGF0YSI6eyJ0YWJsZXQiOnt9LCJtb2JpbGUiOnt9fX0=&#8221; mobile_bg_img_hidden=&#8221;no&#8221; tablet_bg_img_hidden=&#8221;no&#8221; woodmart_parallax=&#8221;0&#8243; woodmart_gradient_switch=&#8221;no&#8221; woodmart_box_shadow=&#8221;no&#8221; wd_z_index=&#8221;no&#8221; woodmart_disable_overflow=&#8221;0&#8243; row_reverse_mobile=&#8221;0&#8243; row_reverse_tablet=&#8221;0&#8243;][vc_column][vc_single_image image=&#8221;70925&#8243; img_size=&#8221;full&#8221; alignment=&#8221;center&#8221; css=&#8221;&#8221; parallax_scroll=&#8221;no&#8221; woodmart_inline=&#8221;no&#8221;][\/vc_column][\/vc_row][vc_row][vc_column][vc_empty_space woodmart_hide_large=&#8221;0&#8243; woodmart_hide_medium=&#8221;0&#8243; woodmart_hide_small=&#8221;0&#8243;]\n\t\t<div id=\"wd-69aac67193299\" class=\"title-wrapper wd-wpb wd-set-mb reset-last-child  wd-rs-69aac67193299 wd-title-color-default wd-title-style-underlined text-center  wd-underline-colored\">\n\t\t\t\n\t\t\t<div class=\"liner-continer\">\n\t\t\t\t<h3 class=\"woodmart-title-container title  wd-font-weight- wd-fontsize-l\" >Mix perfetto tra passato e presente: Letto Baldacchino Moderno Shabby e informale, bellezza naturale e design robusto.<\/h3>\n\t\t\t\t\t\t\t<\/div>\n\t\t\t\n\t\t\t\n\t\t\t\n\t\t<\/div>\n\t\t\n\t\t\t\t<div id=\"wd-66ec872d14da2\" class=\"wd-text-block wd-wpb reset-last-child wd-rs-66ec872d14da2 text-left \">\n\t\t\t<p>Un letto a baldacchino evoca eleganza e romanticismo, riportandoci indietro nel tempo, a epoche in cui il lusso e la cura per i dettagli erano essenziali nell&#8217;arredamento. C&#8217;\u00e8 un senso di protezione e intimit\u00e0 che questo tipo di letto offre, grazie al baldacchino che avvolge e crea una sorta di rifugio personale. Non \u00e8 solo un mobile, ma un angolo privato in cui ci si sente al sicuro, lontano dal mondo esterno.<\/p>\n<p>Sognare sotto un letto a baldacchino pu\u00f2 trasportarti in luoghi lontani e magici: castelli antichi, giardini segreti, o anche paradisi tropicali, dove il relax \u00e8 totale. Le tende che lo circondano possono creare un\u2019atmosfera soffusa, quasi onirica, che stimola l&#8217;immaginazione e il desiderio di evasione. \u00c8 il luogo perfetto dove concedersi il lusso del riposo e lasciarsi cullare dai propri sogni.<\/p>\n<p>Scegliere un letto a baldacchino significa scegliere uno stile di vita che celebra la bellezza, il comfort e l&#8217;eleganza senza tempo. Non \u00e8 solo un letto, ma un simbolo di raffinatezza e tranquillit\u00e0, capace di trasformare una semplice camera da letto in uno spazio da sogno, un&#8217;oasi di benessere dove rifugiarsi ogni notte.<\/p>\n\t\t<\/div>\n\t\t[vc_empty_space woodmart_hide_large=&#8221;0&#8243; woodmart_hide_medium=&#8221;0&#8243; woodmart_hide_small=&#8221;0&#8243;][\/vc_column][\/vc_row][vc_row css=&#8221;.vc_custom_1726733867227{background-color: #F3F3F3 !important;}&#8221; woodmart_css_id=&#8221;66ebde0de150e&#8221; responsive_spacing=&#8221;eyJwYXJhbV90eXBlIjoid29vZG1hcnRfcmVzcG9uc2l2ZV9zcGFjaW5nIiwic2VsZWN0b3JfaWQiOiI2NmViZGUwZGUxNTBlIiwic2hvcnRjb2RlIjoidmNfcm93IiwiZGF0YSI6eyJ0YWJsZXQiOnt9LCJtb2JpbGUiOnt9fX0=&#8221; mobile_bg_img_hidden=&#8221;no&#8221; tablet_bg_img_hidden=&#8221;no&#8221; woodmart_parallax=&#8221;0&#8243; woodmart_gradient_switch=&#8221;no&#8221; woodmart_box_shadow=&#8221;no&#8221; wd_z_index=&#8221;no&#8221; woodmart_disable_overflow=&#8221;0&#8243; row_reverse_mobile=&#8221;0&#8243; row_reverse_tablet=&#8221;0&#8243;][vc_column][vc_single_image image=&#8221;70927&#8243; img_size=&#8221;full&#8221; alignment=&#8221;center&#8221; css=&#8221;&#8221; parallax_scroll=&#8221;no&#8221; woodmart_inline=&#8221;no&#8221;][\/vc_column][\/vc_row][vc_row css=&#8221;.vc_custom_1726733807045{background-color: #FFFFFF !important;}&#8221; woodmart_css_id=&#8221;66ebddb924ac4&#8243; responsive_spacing=&#8221;eyJwYXJhbV90eXBlIjoid29vZG1hcnRfcmVzcG9uc2l2ZV9zcGFjaW5nIiwic2VsZWN0b3JfaWQiOiI2NmViZGRiOTI0YWM0Iiwic2hvcnRjb2RlIjoidmNfcm93IiwiZGF0YSI6eyJ0YWJsZXQiOnt9LCJtb2JpbGUiOnt9fX0=&#8221; mobile_bg_img_hidden=&#8221;no&#8221; tablet_bg_img_hidden=&#8221;no&#8221; woodmart_parallax=&#8221;0&#8243; woodmart_gradient_switch=&#8221;no&#8221; woodmart_box_shadow=&#8221;no&#8221; wd_z_index=&#8221;no&#8221; woodmart_disable_overflow=&#8221;0&#8243; row_reverse_mobile=&#8221;0&#8243; row_reverse_tablet=&#8221;0&#8243;][vc_column]\n\t\t<div id=\"wd-69aac67c3d6b2\" class=\"title-wrapper wd-wpb wd-set-mb reset-last-child  wd-rs-69aac67c3d6b2 wd-title-color-default wd-title-style-underlined text-center  wd-underline-colored\">\n\t\t\t\n\t\t\t<div class=\"liner-continer\">\n\t\t\t\t<h3 class=\"woodmart-title-container title  wd-font-weight- wd-fontsize-l\" >Rifugio di stile, comfort e romanticismo : Letto Baldacchino Moderno in legno di teak.<\/h3>\n\t\t\t\t\t\t\t<\/div>\n\t\t\t\n\t\t\t\n\t\t\t\n\t\t<\/div>\n\t\t\n\t\t\t\t<div id=\"wd-66ec8acfbbced\" class=\"wd-text-block wd-wpb reset-last-child wd-rs-66ec8acfbbced text-left \">\n\t\t\t<p style=\"text-align: justify;\">Rendi la tua camera da letto un&#8217;oasi di tranquillit\u00e0 e stile, affidandoti al fascino senza tempo del nostro Letto shabby\u00a0 a Baldacchino in legno di teak. Concediti il piacere di sognare e rilassarti in un ambiente unico e suggestivo, dove ogni dettaglio racconta una storia di artigianalit\u00e0 e bellezza.<\/p>\n<p style=\"text-align: justify;\">Vieni a scoprire l&#8217;arte di vivere e di rilassarsi con il nostro Letto artigianale. <strong>Acquista ora e lasciati cullare dai sogni, abbracciato dalla calda atmosfera di un letto unico nel suo genere: Marini&amp;Gerardi \u00e8 una garanzia di qualit\u00e0, presenti sul mercato da oltre 40 online e Artigiani da 2 generazioni.<\/strong><\/p>\n\t\t<\/div>\n\t\t[\/vc_column][\/vc_row]<\/p>\n<\/div>","protected":false},"excerpt":{"rendered":"<p style=\"text-align: justify;\"><strong>Letto Baldacchino Moderno &#8211; un Letto Shabby\u00a0 in legno di teak massello<\/strong> per un Arredo Interni romantico ed una stanza da letto fatta per sognare.<\/p>\n","protected":false},"featured_media":70923,"template":"","meta":[],"product_brand":[],"product_cat":[1768,925],"product_tag":[927,928],"class_list":{"0":"post-8084","1":"product","2":"type-product","3":"status-publish","4":"has-post-thumbnail","6":"product_cat-letti","7":"product_cat-letto-baldacchino","8":"product_tag-letto-a-baldacchino","9":"product_tag-letto-a-baldacchino-shabby","10":"product_shipping_class-ar-lb","12":"first","13":"instock","14":"taxable","15":"shipping-taxable","16":"purchasable","17":"product-type-simple"},"_links":{"self":[{"href":"https:\/\/www.marinigerardi.it\/shop\/wp-json\/wp\/v2\/product\/8084","targetHints":{"allow":["GET"]}}],"collection":[{"href":"https:\/\/www.marinigerardi.it\/shop\/wp-json\/wp\/v2\/product"}],"about":[{"href":"https:\/\/www.marinigerardi.it\/shop\/wp-json\/wp\/v2\/types\/product"}],"wp:featuredmedia":[{"embeddable":true,"href":"https:\/\/www.marinigerardi.it\/shop\/wp-json\/wp\/v2\/media\/70923"}],"wp:attachment":[{"href":"https:\/\/www.marinigerardi.it\/shop\/wp-json\/wp\/v2\/media?parent=8084"}],"wp:term":[{"taxonomy":"product_brand","embeddable":true,"href":"https:\/\/www.marinigerardi.it\/shop\/wp-json\/wp\/v2\/product_brand?post=8084"},{"taxonomy":"product_cat","embeddable":true,"href":"https:\/\/www.marinigerardi.it\/shop\/wp-json\/wp\/v2\/product_cat?post=8084"},{"taxonomy":"product_tag","embeddable":true,"href":"https:\/\/www.marinigerardi.it\/shop\/wp-json\/wp\/v2\/product_tag?post=8084"}],"curies":[{"name":"wp","href":"https:\/\/api.w.org\/{rel}","templated":true}]}}