{"id":8055,"date":"2021-01-28T10:41:12","date_gmt":"2021-01-28T10:41:12","guid":{"rendered":"https:\/\/marinigerardi.it\/shop\/product\/import-placeholder-for-11713\/"},"modified":"2024-09-07T22:43:04","modified_gmt":"2024-09-07T22:43:04","slug":"tessuti-per-divani-classici-petaloso","status":"publish","type":"product","link":"https:\/\/www.marinigerardi.it\/shop\/prodotto\/tessuti-per-divani-classici-petaloso\/","title":{"rendered":"LINO PETALOSO &#8211; Tessuti per Divani Classici e Moderni"},"content":{"rendered":"<div class=\"wpb-content-wrapper\"><p>[vc_row equal_height=&#8221;yes&#8221; mobile_bg_img_hidden=&#8221;no&#8221; tablet_bg_img_hidden=&#8221;no&#8221; woodmart_parallax=&#8221;0&#8243; woodmart_gradient_switch=&#8221;no&#8221; row_reverse_mobile=&#8221;0&#8243; row_reverse_tablet=&#8221;0&#8243; woodmart_disable_overflow=&#8221;0&#8243;][vc_column offset=&#8221;vc_col-lg-6 vc_col-md-6&#8243; mobile_bg_img_hidden=&#8221;no&#8221; tablet_bg_img_hidden=&#8221;no&#8221; woodmart_parallax=&#8221;0&#8243; woodmart_sticky_column=&#8221;false&#8221; parallax_scroll=&#8221;no&#8221; mobile_reset_margin=&#8221;no&#8221; tablet_reset_margin=&#8221;no&#8221; css=&#8221;.vc_custom_1613071403480{margin-top: 0px !important;}&#8221;]\n\t\t<div id=\"wd-64f5a4d2cb94f\" class=\"title-wrapper wd-wpb wd-set-mb reset-last-child  wd-rs-64f5a4d2cb94f wd-title-color-primary wd-title-style-bordered text-left vc_custom_1693820127408 wd-underline-colored\">\n\t\t\t\n\t\t\t<div class=\"liner-continer\">\n\t\t\t\t<h2 class=\"woodmart-title-container title  wd-font-weight-500 wd-fontsize-xl\" >Tessuti per Divani Classici e Moderni e per Imbottiti Pesanti<\/h2>\n\t\t\t\t\t\t\t<\/div>\n\t\t\t\n\t\t\t\t\t\t\t<div class=\"title-after_title reset-last-child  wd-fontsize-s\">Splendido Lino composito morbido, esclusivo, proposto in 12 tonalit\u00e0:<br \/>\nRosso Uva #29 - Orso Bruno #A0 - Tortora #AA0 - Lana #0A - Grigio Chiaro A3 - Chicco di Caff\u00e8 #33 - Blu Oltremare #23 - Blu Pervinca #A6 - Verde Pisello #05 - Bocca di Rosa #24 - Verde Salvia #A23 - Latte Macchiato #A00<\/div>\n\t\t\t\n\t\t\t\n\t\t<\/div>\n\t\t\n\t\t[vc_row_inner][vc_column_inner width=&#8221;1\/2&#8243;]\t\t\t<div class=\"info-box-wrapper\">\n\t\t\t\t<div id=\"wd-6375ddaf1dcd8\" class=\" wd-rs-6375ddaf1dcd8 wd-info-box wd-wpb text-left box-icon-align-left box-style-shadow color-scheme- wd-bg-none wd-items-top vc_custom_1668668860357\">\n\t\t\t\t\t\t\t\t\t\t\t<div class=\"box-icon-wrapper  box-with-icon box-icon-with-border\">\n\t\t\t\t\t\t\t<div class=\"info-box-icon\">\n\t\t\t\t\t\t\t\t<img decoding=\"async\" width=\"40\" height=\"40\" src=\"https:\/\/www.marinigerardi.it\/shop\/wp-content\/uploads\/2021\/02\/icons8_yarn_100px-40x40.png\" class=\"attachment-40x40 size-40x40\" alt=\"Composizione tessuti Marini e Gerardi\" \/>\t\t\t\t\t\t\t<\/div>\n\t\t\t\t\t\t<\/div>\n\t\t\t\t\t\t\t\t\t\t<div class=\"info-box-content\">\n\t\t\t\t\t\t<h4 class=\"info-box-title title box-title-style-default wd-fontsize-s\">MISTO LINO<\/h4>\t\t\t\t\t\t<div class=\"info-box-inner reset-last-child\"><p>520gr\/m.l<\/p>\n<\/div>\n\n\t\t\t\t\t\t\t\t\t\t\t<\/div>\n\n\t\t\t\t\t\n\t\t\t\t\t<style>#wd-6375ddaf1dcd8:hover .info-box-icon{background-color:  !important;}<\/style>\t\t\t\t<\/div>\n\t\t\t<\/div>\n\t\t[\/vc_column_inner][vc_column_inner width=&#8221;1\/2&#8243;]\t\t\t<div class=\"info-box-wrapper\">\n\t\t\t\t<div id=\"wd-605da5aa3f5bd\" class=\" wd-rs-605da5aa3f5bd wd-info-box wd-wpb text-left box-icon-align-left box-style-shadow color-scheme-dark wd-bg-none wd-items-top vc_custom_1616750008039\">\n\t\t\t\t\t\t\t\t\t\t\t<div class=\"box-icon-wrapper  box-with-icon box-icon-with-border\">\n\t\t\t\t\t\t\t<div class=\"info-box-icon\">\n\t\t\t\t\t\t\t\t<img decoding=\"async\" width=\"40\" height=\"40\" src=\"https:\/\/www.marinigerardi.it\/shop\/wp-content\/uploads\/2021\/02\/icons8_wallpaper_roll_100px-40x40.png\" class=\"attachment-40x40 size-40x40\" alt=\"Altezza Tessuti - Marini e Gerardi\" \/>\t\t\t\t\t\t\t<\/div>\n\t\t\t\t\t\t<\/div>\n\t\t\t\t\t\t\t\t\t\t<div class=\"info-box-content\">\n\t\t\t\t\t\t<h4 class=\"info-box-title title box-title-style-default wd-fontsize-s\">ALTEZZA<\/h4>\t\t\t\t\t\t<div class=\"info-box-inner reset-last-child\"><p>h. 140 cm.<\/p>\n<\/div>\n\n\t\t\t\t\t\t\t\t\t\t\t<\/div>\n\n\t\t\t\t\t\n\t\t\t\t\t<style>#wd-605da5aa3f5bd:hover .info-box-icon{background-color:  !important;}<\/style>\t\t\t\t<\/div>\n\t\t\t<\/div>\n\t\t[\/vc_column_inner][\/vc_row_inner][vc_column_text css=&#8221;&#8221; woodmart_inline=&#8221;no&#8221; text_larger=&#8221;no&#8221;]<strong>Tessuti per Divani Classici e Moderni minimo acquisto 1 metro.<\/strong> Se avete bisogno di aiuto contattateci all&#8217; indirizzo mail assistenza@marinigerardi.it[\/vc_column_text]<div id=\"wd-61d45e1678eb8\" class=\" wd-rs-61d45e1678eb8  wd-button-wrapper text-left\"><a href=\"https:\/\/www.marinigerardi.it\/shop\/guida-come-calcolare-il-metraggio-dei-tessuti\/\" title=\"Guida Come Calcolare il Metraggio dei Tessuti\" target=\"_blank\" class=\"btn btn-style-link btn-shape-rectangle btn-size-default btn-icon-pos-left\">Guida Come Calcolare il Metraggio dei Tessuti<span class=\"wd-btn-icon\"><span class=\"wd-icon far fa-arrow-alt-circle-right\"><\/span><\/span><\/a><\/div>[\/vc_column][vc_column css=&#8221;.vc_custom_1612434787067{background-position: center !important;background-repeat: no-repeat !important;background-size: cover !important;}&#8221; offset=&#8221;vc_col-lg-6 vc_col-md-6&#8243; mobile_bg_img_hidden=&#8221;no&#8221; tablet_bg_img_hidden=&#8221;no&#8221; woodmart_parallax=&#8221;0&#8243; woodmart_sticky_column=&#8221;false&#8221; parallax_scroll=&#8221;no&#8221; mobile_reset_margin=&#8221;no&#8221; tablet_reset_margin=&#8221;no&#8221;][vc_single_image image=&#8221;10418&#8243; img_size=&#8221;large&#8221; alignment=&#8221;center&#8221; onclick=&#8221;link_image&#8221; parallax_scroll=&#8221;no&#8221; woodmart_inline=&#8221;no&#8221;][\/vc_column][\/vc_row][vc_row][vc_column][vc_text_separator title=&#8221;Tessuti Naturali&#8221; css=&#8221;.vc_custom_1641307745340{margin-top: 20px !important;}&#8221;]\n\t\t<div id=\"wd-66dcd62485c90\" class=\"title-wrapper wd-wpb wd-set-mb reset-last-child  wd-rs-66dcd62485c90 wd-title-color-default wd-title-style-default text-center  wd-underline-colored\">\n\t\t\t\n\t\t\t<div class=\"liner-continer\">\n\t\t\t\t<h4 class=\"woodmart-title-container title  wd-font-weight- wd-fontsize-l\" >Tessuti per Divani Classici e Moderni<\/h4>\n\t\t\t\t\t\t\t<\/div>\n\t\t\t\n\t\t\t\n\t\t\t\n\t\t<\/div>\n\t\t\n\t\t[\/vc_column][\/vc_row][vc_row content_placement=&#8221;middle&#8221; woodmart_bg_position=&#8221;center-bottom&#8221; css=&#8221;.vc_custom_1693820107128{background-color: #f3f3f3 !important;background-position: 0 0 !important;background-repeat: no-repeat !important;}&#8221; el_class=&#8221;mobile-bg-img-hidden&#8221; mobile_bg_img_hidden=&#8221;no&#8221; tablet_bg_img_hidden=&#8221;no&#8221; woodmart_parallax=&#8221;0&#8243; woodmart_gradient_switch=&#8221;no&#8221; row_reverse_mobile=&#8221;0&#8243; row_reverse_tablet=&#8221;0&#8243; woodmart_disable_overflow=&#8221;0&#8243; woodmart_css_id=&#8221;64f5a4c09e2f0&#8243; responsive_spacing=&#8221;eyJwYXJhbV90eXBlIjoid29vZG1hcnRfcmVzcG9uc2l2ZV9zcGFjaW5nIiwic2VsZWN0b3JfaWQiOiI2NGY1YTRjMDllMmYwIiwic2hvcnRjb2RlIjoidmNfcm93IiwiZGF0YSI6eyJ0YWJsZXQiOnt9LCJtb2JpbGUiOnt9fX0=&#8221; woodmart_box_shadow=&#8221;yes&#8221; wd_box_shadow=&#8221;eyJkZXZpY2VzIjp7ImRlc2t0b3AiOnsiaG9yaXpvbnRhbCI6IjAiLCJ2ZXJ0aWNhbCI6IjAiLCJibHVyIjoiOSIsInNwcmVhZCI6IjAiLCJjb2xvciI6InJnYmEoMCwgMCwgMCwgLjE1KSJ9fX0=&#8221; wd_z_index=&#8221;no&#8221;][vc_column mobile_bg_img_hidden=&#8221;no&#8221; tablet_bg_img_hidden=&#8221;no&#8221; woodmart_parallax=&#8221;0&#8243; woodmart_sticky_column=&#8221;false&#8221; parallax_scroll=&#8221;no&#8221; mobile_reset_margin=&#8221;no&#8221; tablet_reset_margin=&#8221;no&#8221;][vc_single_image image=&#8221;10407&#8243; img_size=&#8221;full&#8221; alignment=&#8221;center&#8221; style=&#8221;vc_box_shadow&#8221; onclick=&#8221;link_image&#8221; parallax_scroll=&#8221;no&#8221; woodmart_inline=&#8221;no&#8221;][\/vc_column][\/vc_row][vc_row][vc_column]\n\t\t<div id=\"wd-66dcd6078e9c3\" class=\"title-wrapper wd-wpb wd-set-mb reset-last-child  wd-rs-66dcd6078e9c3 wd-title-color-primary wd-title-style-underlined text-center justify  wd-underline-colored\">\n\t\t\t\t\t\t\t\n\t\t\t\t<div class=\"title-subtitle  subtitle-color-primary font-alt subtitle-style-default wd-font-weight- wd-fontsize-xs\">Stoffa per DIVANI DIVINI<\/div>\n\t\t\t\n\t\t\t<div class=\"liner-continer\">\n\t\t\t\t<h3 class=\"woodmart-title-container title  wd-font-weight-500 wd-fontsize-xl\" >LINO PETALOSO - Tessuti per Divani Classici e Moderni<\/h3>\n\t\t\t\t\t\t\t<\/div>\n\t\t\t\n\t\t\t\n\t\t\t\n\t\t<\/div>\n\t\t\n\t\t[vc_column_text css=&#8221;&#8221; text_larger=&#8221;no&#8221; woodmart_inline=&#8221;no&#8221;]<\/p>\n<p style=\"text-align: justify;\"><strong>Questo tessuto \u00e8 una vera meraviglia, con la sua texture irregolare e il suo aspetto vintage che cattura l&#8217;essenza del tempo che passa.<\/strong> Il lino composito, morbido e esclusivo, \u00e8 disponibile in una variet\u00e0 di 12 tonalit\u00e0 sempre all&#8217;avanguardia con le ultime tendenze, garantendo uno stile elegante, confortevole e raffinato per il vostro spazio.<\/p>\n<p style=\"text-align: justify;\">Ci\u00f2 che rende questo tessuto veramente speciale \u00e8 il suo aspetto naturale e irregolare, ottenuto grazie al lino non trattato e fiammato. Questo conferisce al tessuto un tocco di eleganza straordinaria e un&#8217;estetica vintage che \u00e8 intramontabile. Ogni volta che vi sedete sul vostro divano rivestito in<strong> &#8220;LINO PETALOSO,&#8221; vi ritroverete immersi in un&#8217;atmosfera di calore e bellezza senza tempo.<\/strong><\/p>\n<p style=\"text-align: justify;\"><strong>I tessuti per divani della Collezione Marini&amp;Gerardi prendono vita all&#8217;interno della nostra Tappezzeria Sartoriale Sud Salento,<\/strong> dove mettiamo in primo piano le richieste estetiche e di comfort pi\u00f9 esigenti. Ogni imbottitura \u00e8 studiata per resistere all&#8217;usura del tempo ed \u00e8 realizzata artigianalmente con l&#8217;uso delle tecnologie pi\u00f9 moderne, garantendo un comfort assoluto.<\/p>\n<p style=\"text-align: justify;\"><strong>Con il &#8220;LINO PETALOSO,&#8221; trasformate il vostro divano in un&#8217;opera d&#8217;arte del design<\/strong>, dove la natura si fonde con l&#8217;eleganza. Scegliete tra le diverse tonalit\u00e0 disponibili per creare un ambiente che rispecchi il vostro stile unico. Rendete il vostro spazio un rifugio di comfort e bellezza. Ordinate oggi stesso e scoprite come questo tessuto possa trasformare il vostro divano in un capolavoro senza tempo.<\/p>\n<p>[\/vc_column_text][\/vc_column][\/vc_row]<\/p>\n<\/div>","protected":false},"excerpt":{"rendered":"<p>Tessuti per Divani Classici e Moderni &#8211; <strong>LINO PETALOSO<\/strong>\u00a0Per conferire un aspetto naturale e irregolare, questo tessuto \u00e8 stato prodotto con lino non trattato e fiammato che da un tono estremamente elegante e vintage.<\/p>\n","protected":false},"featured_media":65869,"template":"","meta":[],"product_brand":[],"product_cat":[3588,3585,284,3051,285,3064],"product_tag":[552,2055],"class_list":{"0":"post-8055","1":"product","2":"type-product","3":"status-publish","4":"has-post-thumbnail","6":"product_cat-stoffe-online","7":"product_cat-tappezzeria-divani","8":"product_cat-tessuti","9":"product_cat-tessuti-di-lino","10":"product_cat-lino-per-tovaglie","11":"product_cat-misto-lino","12":"product_tag-tessuti-per-divani","13":"product_tag-tessuti-per-divani-classici","15":"first","16":"instock","17":"sale","18":"sold-individually","19":"taxable","20":"shipping-taxable","21":"purchasable","22":"product-type-simple"},"_links":{"self":[{"href":"https:\/\/www.marinigerardi.it\/shop\/wp-json\/wp\/v2\/product\/8055","targetHints":{"allow":["GET"]}}],"collection":[{"href":"https:\/\/www.marinigerardi.it\/shop\/wp-json\/wp\/v2\/product"}],"about":[{"href":"https:\/\/www.marinigerardi.it\/shop\/wp-json\/wp\/v2\/types\/product"}],"wp:featuredmedia":[{"embeddable":true,"href":"https:\/\/www.marinigerardi.it\/shop\/wp-json\/wp\/v2\/media\/65869"}],"wp:attachment":[{"href":"https:\/\/www.marinigerardi.it\/shop\/wp-json\/wp\/v2\/media?parent=8055"}],"wp:term":[{"taxonomy":"product_brand","embeddable":true,"href":"https:\/\/www.marinigerardi.it\/shop\/wp-json\/wp\/v2\/product_brand?post=8055"},{"taxonomy":"product_cat","embeddable":true,"href":"https:\/\/www.marinigerardi.it\/shop\/wp-json\/wp\/v2\/product_cat?post=8055"},{"taxonomy":"product_tag","embeddable":true,"href":"https:\/\/www.marinigerardi.it\/shop\/wp-json\/wp\/v2\/product_tag?post=8055"}],"curies":[{"name":"wp","href":"https:\/\/api.w.org\/{rel}","templated":true}]}}