{"id":8027,"date":"2021-01-28T10:40:41","date_gmt":"2021-01-28T10:40:41","guid":{"rendered":"https:\/\/marinigerardi.it\/shop\/product\/import-placeholder-for-11104\/"},"modified":"2025-04-10T15:57:04","modified_gmt":"2025-04-10T15:57:04","slug":"sotto-piatti-rotondo-fiori","status":"publish","type":"product","link":"https:\/\/www.marinigerardi.it\/shop\/prodotto\/sotto-piatti-rotondo-fiori\/","title":{"rendered":"Sotto Piatti Rotondo a Fiori (Set 2pz.)"},"content":{"rendered":"<div class=\"wpb-content-wrapper\"><p>[vc_row equal_height=&#8221;yes&#8221; mobile_bg_img_hidden=&#8221;no&#8221; tablet_bg_img_hidden=&#8221;no&#8221; woodmart_parallax=&#8221;0&#8243; woodmart_gradient_switch=&#8221;no&#8221; row_reverse_mobile=&#8221;0&#8243; row_reverse_tablet=&#8221;0&#8243; woodmart_disable_overflow=&#8221;0&#8243;][vc_column offset=&#8221;vc_col-lg-6 vc_col-md-6&#8243; mobile_bg_img_hidden=&#8221;no&#8221; tablet_bg_img_hidden=&#8221;no&#8221; woodmart_parallax=&#8221;0&#8243; woodmart_sticky_column=&#8221;false&#8221; parallax_scroll=&#8221;no&#8221; mobile_reset_margin=&#8221;no&#8221; tablet_reset_margin=&#8221;no&#8221; css=&#8221;.vc_custom_1613071403480{margin-top: 0px !important;}&#8221;]\n\t\t<div id=\"wd-67f7e963bf032\" class=\"title-wrapper wd-wpb wd-set-mb reset-last-child  wd-rs-67f7e963bf032 wd-title-color-primary wd-title-style-bordered text-left vc_custom_1744300410110 wd-underline-colored\">\n\t\t\t\n\t\t\t<div class=\"liner-continer\">\n\t\t\t\t<h2 class=\"woodmart-title-container title  wd-font-weight-600 wd-fontsize-l\" >Tovagliette Americane Rotonde a Fiori<\/h2>\n\t\t\t\t\t\t\t<\/div>\n\t\t\t\n\t\t\t\n\t\t\t\n\t\t<\/div>\n\t\t\n\t\t\t\t<div id=\"wd-6547fb6a4d4d7\" class=\"wd-text-block wd-wpb reset-last-child wd-rs-6547fb6a4d4d7 text-left \">\n\t\t\t<p style=\"text-align: justify;\"><strong>FLOWER PLACEMATS (Set 2pz.): Tovagliette Americane Rotonde dal design a Fiori Guache.<\/strong> La vita a tavola diventa comoda e piacevole! Tessuto in Lino con bordo rifinito e frangia punto catenella per un tocco di eleganza a colazione.<\/p>\n\t\t<\/div>\n\t\t[\/vc_column][vc_column css=&#8221;.vc_custom_1612434787067{background-position: center !important;background-repeat: no-repeat !important;background-size: cover !important;}&#8221; offset=&#8221;vc_col-lg-6 vc_col-md-6&#8243; mobile_bg_img_hidden=&#8221;no&#8221; tablet_bg_img_hidden=&#8221;no&#8221; woodmart_parallax=&#8221;0&#8243; woodmart_sticky_column=&#8221;false&#8221; parallax_scroll=&#8221;no&#8221; mobile_reset_margin=&#8221;no&#8221; tablet_reset_margin=&#8221;no&#8221;][vc_message message_box_style=&#8221;outline&#8221; message_box_color=&#8221;grey&#8221; css=&#8221;&#8221;]<strong>Tessuto: <\/strong>55% lino 45% Viscosa<br \/>\n<strong>Colori: <\/strong>Azavola Guache | Fucsi Guache<br \/>\n<strong>L&#8217;Offerta comprede:<\/strong><br \/>\nDue Tovagliette 39 x 39 cm.\u00a0 con frangia punto catenella.<\/p>\n<p>Per altre misure vi preghiamo di contattarci al Indirizzo mail <strong>assistenza@marinigerardi.it<\/strong>[\/vc_message][\/vc_column][\/vc_row][vc_row][vc_column][vc_empty_space woodmart_hide_large=&#8221;0&#8243; woodmart_hide_medium=&#8221;0&#8243; woodmart_hide_small=&#8221;0&#8243;]\n\t\t<div id=\"wd-67f7e9cb9f60b\" class=\"title-wrapper wd-wpb wd-set-mb reset-last-child  wd-rs-67f7e9cb9f60b wd-title-color-default wd-title-style-bordered text-center  wd-underline-colored\">\n\t\t\t\n\t\t\t<div class=\"liner-continer\">\n\t\t\t\t<h3 class=\"woodmart-title-container title  wd-font-weight-600 wd-fontsize-l\" >Sotto Piatti Rotondo<\/h3>\n\t\t\t\t\t\t\t<\/div>\n\t\t\t\n\t\t\t\n\t\t\t\n\t\t<\/div>\n\t\t\n\t\t[\/vc_column][\/vc_row][vc_row][vc_column]\t\t<div id=\"gallery_119\" class=\"wd-images-gallery wd-wpb wd-rs-6547fbdde3d22 photoswipe-images\" style=\"--wd-justify-content:center;--wd-align-items:center;\">\n\t\t\t\n\t\t\t<div class=\" wd-grid-f-col wd-masonry\" style=\"--wd-col-lg:2;--wd-col-md:2;--wd-col-sm:1;--wd-gap-lg:10px;\">\n\t\t\t\t\n\t\t\t\t\t\t\t\t\t\t\t\t\t\t\t<div class=\"wd-gallery-item wd-col\">\n\t\t\t\t\t\t\t\t\t\t\t\t\t\t<a href=\"https:\/\/www.marinigerardi.it\/shop\/wp-content\/uploads\/2021\/01\/tovagliette-tonde-colazione-lino-a-fiori-bordo-catenella.jpg\" data-elementor-open-lightbox=\"no\" data-index=\"1\" data-width=\"1024\" data-height=\"768\" \n\t\t\t\t\t\t\t\t\t\t\t\t\t\t\t\t\t\t\t\t\t\t\t\t\t\t\t\ttitle=\"Tovagliette Tonde Colazione Lino A Fiori Bordo Catenella\">\n\t\t\t\t\t\t\t\t\n\t\t\t\t\t\t\t\t<img decoding=\"async\" width=\"1024\" height=\"768\" src=\"https:\/\/www.marinigerardi.it\/shop\/wp-content\/uploads\/2021\/01\/tovagliette-tonde-colazione-lino-a-fiori-bordo-catenella.jpg.webp\" class=\"wd-gallery-image image-1\" alt=\"Tovagliette Tonde Colazione Lino A Fiori Bordo Catenella\" srcset=\"https:\/\/www.marinigerardi.it\/shop\/wp-content\/uploads\/2021\/01\/tovagliette-tonde-colazione-lino-a-fiori-bordo-catenella.jpg.webp 1024w, https:\/\/www.marinigerardi.it\/shop\/wp-content\/uploads\/2021\/01\/tovagliette-tonde-colazione-lino-a-fiori-bordo-catenella-450x338.jpg 450w, https:\/\/www.marinigerardi.it\/shop\/wp-content\/uploads\/2021\/01\/tovagliette-tonde-colazione-lino-a-fiori-bordo-catenella-1000x750.jpg 1000w, https:\/\/www.marinigerardi.it\/shop\/wp-content\/uploads\/2021\/01\/tovagliette-tonde-colazione-lino-a-fiori-bordo-catenella-300x225.jpg.webp 300w, https:\/\/www.marinigerardi.it\/shop\/wp-content\/uploads\/2021\/01\/tovagliette-tonde-colazione-lino-a-fiori-bordo-catenella-768x576.jpg.webp 768w\" sizes=\"(max-width: 1024px) 100vw, 1024px\" \/>\n\t\t\t\t\t\t\t\t\t\t\t\t\t\t\t<\/a>\n\t\t\t\t\t\t\t\t\t\t\t\t<\/div>\n\t\t\t\t\t\t\t\t\t\t\t<div class=\"wd-gallery-item wd-col\">\n\t\t\t\t\t\t\t\t\t\t\t\t\t\t<a href=\"https:\/\/www.marinigerardi.it\/shop\/wp-content\/uploads\/2021\/01\/sottopiatti-tovagliette-americane-rotonde-lino-viscosa-a-fiori.jpg\" data-elementor-open-lightbox=\"no\" data-index=\"2\" data-width=\"1024\" data-height=\"768\" \n\t\t\t\t\t\t\t\t\t\t\t\t\t\t\t\t\t\t\t\t\t\t\t\t\t\t\t\ttitle=\"Sottopiatti Tovagliette Americane Rotonde Lino Viscosa A Fiori\">\n\t\t\t\t\t\t\t\t\n\t\t\t\t\t\t\t\t<img decoding=\"async\" width=\"1024\" height=\"768\" src=\"https:\/\/www.marinigerardi.it\/shop\/wp-content\/uploads\/2021\/01\/sottopiatti-tovagliette-americane-rotonde-lino-viscosa-a-fiori.jpg.webp\" class=\"wd-gallery-image image-2\" alt=\"Sottopiatti Tovagliette Americane Rotonde Lino Viscosa A Fiori\" srcset=\"https:\/\/www.marinigerardi.it\/shop\/wp-content\/uploads\/2021\/01\/sottopiatti-tovagliette-americane-rotonde-lino-viscosa-a-fiori.jpg.webp 1024w, https:\/\/www.marinigerardi.it\/shop\/wp-content\/uploads\/2021\/01\/sottopiatti-tovagliette-americane-rotonde-lino-viscosa-a-fiori-450x338.jpg 450w, https:\/\/www.marinigerardi.it\/shop\/wp-content\/uploads\/2021\/01\/sottopiatti-tovagliette-americane-rotonde-lino-viscosa-a-fiori-1000x750.jpg 1000w, https:\/\/www.marinigerardi.it\/shop\/wp-content\/uploads\/2021\/01\/sottopiatti-tovagliette-americane-rotonde-lino-viscosa-a-fiori-300x225.jpg.webp 300w, https:\/\/www.marinigerardi.it\/shop\/wp-content\/uploads\/2021\/01\/sottopiatti-tovagliette-americane-rotonde-lino-viscosa-a-fiori-768x576.jpg.webp 768w\" sizes=\"(max-width: 1024px) 100vw, 1024px\" \/>\n\t\t\t\t\t\t\t\t\t\t\t\t\t\t\t<\/a>\n\t\t\t\t\t\t\t\t\t\t\t\t<\/div>\n\t\t\t\t\t\t\t\t\t\n\t\t\t\t\t\t\t<\/div>\n\n\t\t\t\t\t<\/div>\n\t\t[vc_empty_space woodmart_hide_large=&#8221;0&#8243; woodmart_hide_medium=&#8221;0&#8243; woodmart_hide_small=&#8221;0&#8243;][\/vc_column][\/vc_row][vc_row][vc_column]\n\t\t<div id=\"wd-67f7e983d2f21\" class=\"title-wrapper wd-wpb wd-set-mb reset-last-child  wd-rs-67f7e983d2f21 wd-title-color-primary wd-title-style-bordered text-center justify  wd-underline-colored\">\n\t\t\t\n\t\t\t<div class=\"liner-continer\">\n\t\t\t\t<h3 class=\"woodmart-title-container title  wd-font-weight-600 wd-fontsize-l\" >Sotto Piatti rotondo a Fiori (Set \u2013 2pz) - Tovagliette Americane<\/h3>\n\t\t\t\t\t\t\t<\/div>\n\t\t\t\n\t\t\t\n\t\t\t\n\t\t<\/div>\n\t\t\n\t\t[\/vc_column][\/vc_row][vc_row content_placement=&#8221;middle&#8221; woodmart_bg_position=&#8221;center-bottom&#8221; css=&#8221;.vc_custom_1699216158933{background-color: #f3f3f3 !important;background-position: 0 0 !important;background-repeat: no-repeat !important;}&#8221; el_class=&#8221;mobile-bg-img-hidden&#8221; mobile_bg_img_hidden=&#8221;no&#8221; tablet_bg_img_hidden=&#8221;no&#8221; woodmart_parallax=&#8221;0&#8243; woodmart_gradient_switch=&#8221;no&#8221; row_reverse_mobile=&#8221;0&#8243; row_reverse_tablet=&#8221;0&#8243; woodmart_disable_overflow=&#8221;0&#8243; woodmart_css_id=&#8221;6547fb12d84ab&#8221; responsive_spacing=&#8221;eyJwYXJhbV90eXBlIjoid29vZG1hcnRfcmVzcG9uc2l2ZV9zcGFjaW5nIiwic2VsZWN0b3JfaWQiOiI2NTQ3ZmIxMmQ4NGFiIiwic2hvcnRjb2RlIjoidmNfcm93IiwiZGF0YSI6eyJ0YWJsZXQiOnt9LCJtb2JpbGUiOnt9fX0=&#8221; woodmart_box_shadow=&#8221;yes&#8221; wd_box_shadow=&#8221;eyJkZXZpY2VzIjp7ImRlc2t0b3AiOnsiaG9yaXpvbnRhbCI6IjAiLCJ2ZXJ0aWNhbCI6IjAiLCJibHVyIjoiOSIsInNwcmVhZCI6IjAiLCJjb2xvciI6InJnYmEoMCwgMCwgMCwgLjE1KSJ9fX0=&#8221; wd_z_index=&#8221;no&#8221;][vc_column mobile_bg_img_hidden=&#8221;no&#8221; tablet_bg_img_hidden=&#8221;no&#8221; woodmart_parallax=&#8221;0&#8243; woodmart_sticky_column=&#8221;false&#8221; parallax_scroll=&#8221;no&#8221; mobile_reset_margin=&#8221;no&#8221; tablet_reset_margin=&#8221;no&#8221;][vc_single_image image=&#8221;28866&#8243; img_size=&#8221;full&#8221; alignment=&#8221;center&#8221; style=&#8221;vc_box_shadow_border&#8221; onclick=&#8221;link_image&#8221; css=&#8221;.vc_custom_1686394939545{margin-right: 20px !important;}&#8221; parallax_scroll=&#8221;no&#8221; woodmart_inline=&#8221;no&#8221;][\/vc_column][\/vc_row][vc_row][vc_column]\n\t\t<div id=\"wd-67f7e9cb9f60b\" class=\"title-wrapper wd-wpb wd-set-mb reset-last-child  wd-rs-67f7e9cb9f60b wd-title-color-default wd-title-style-bordered text-center  wd-underline-colored\">\n\t\t\t\n\t\t\t<div class=\"liner-continer\">\n\t\t\t\t<h3 class=\"woodmart-title-container title  wd-font-weight-600 wd-fontsize-l\" >Sotto Piatti Rotondo<\/h3>\n\t\t\t\t\t\t\t<\/div>\n\t\t\t\n\t\t\t\n\t\t\t\n\t\t<\/div>\n\t\t\n\t\t\t\t<div id=\"wd-6547fa8cbdbfe\" class=\"wd-text-block wd-wpb reset-last-child wd-rs-6547fa8cbdbfe text-left \">\n\t\t\t<p style=\"text-align: justify;\">Lasciati trasportare nell&#8217;universo tavola con le tovagliette all&#8217;americana, il segreto per infondere allegria e dinamismo ad ogni tuo pasto. Queste meravigliose tovagliette rotonde sono la scelta perfetta per aggiungere quel tocco finale che rende ogni pranzo o cena davvero speciale. La loro praticit\u00e0, sia nell&#8217;utilizzo che nella pulizia, le rende un&#8217;opzione ideale per chi desidera un&#8217;eleganza senza sforzo.<\/p>\n<p style=\"text-align: justify;\">Con una vasta gamma di combinazioni cromatiche tra cui scegliere, queste tovagliette all&#8217;americana sono la chiave per spruzzare vitalit\u00e0 e gioia sulla tua tavola. Ogni pasto diventa un&#8217;occasione per creare un&#8217;atmosfera di pura allegria, grazie a questi accessori che aggiungono colore e vivacit\u00e0 ad ogni boccone.<\/p>\n<p style=\"text-align: justify;\">Scegli le tovagliette all&#8217;americana e trasforma ogni momento a tavola in un&#8217;esperienza indimenticabile. Ogni pranzo o cena diventer\u00e0 un&#8217;occasione per condividere gioia e vivacit\u00e0, mentre le tue tovagliette all&#8217;americana si prendono cura della bellezza e della praticit\u00e0. Rendi ogni pasto un&#8217;opera d&#8217;arte e fai brillare la tua tavola con uno stile inconfondibile.<\/p>\n\t\t<\/div>\n\t\t[\/vc_column][\/vc_row]<\/p>\n<\/div>","protected":false},"excerpt":{"rendered":"<p>Sotto Piatto Rotondo &#8211; <a href=\"https:\/\/www.marinigerardi.it\/shop\/prodotto\/sotto-piatti-rotondo-fiori\/\">Tovagliette Americane rotonde design Floreale<\/a>. <strong>FLOWER PLACEMATS a Tavola per rendersi la vita comoda e piacevole! (Set 2pz.)<br \/>\n<\/strong><\/p>\n","protected":false},"featured_media":28868,"template":"","meta":[],"product_brand":[],"product_cat":[69,3616,3609,3634,3631,3615],"product_tag":[796,797,824],"class_list":{"0":"post-8027","1":"product","2":"type-product","3":"status-publish","4":"has-post-thumbnail","6":"product_cat-tovagliette-americane","7":"product_cat-tovagliette-americane-eleganti","8":"product_cat-tovagliette-colazione","9":"product_cat-tovagliette-e-tovaglioli","10":"product_cat-tovagliette-online","11":"product_cat-tovagliette-personalizzate","12":"product_tag-tovagliette-americane","13":"product_tag-tovagliette-americane-design","14":"product_tag-tovagliette-americane-rotonde","16":"first","17":"instock","18":"taxable","19":"shipping-taxable","20":"purchasable","21":"product-type-simple"},"_links":{"self":[{"href":"https:\/\/www.marinigerardi.it\/shop\/wp-json\/wp\/v2\/product\/8027","targetHints":{"allow":["GET"]}}],"collection":[{"href":"https:\/\/www.marinigerardi.it\/shop\/wp-json\/wp\/v2\/product"}],"about":[{"href":"https:\/\/www.marinigerardi.it\/shop\/wp-json\/wp\/v2\/types\/product"}],"wp:featuredmedia":[{"embeddable":true,"href":"https:\/\/www.marinigerardi.it\/shop\/wp-json\/wp\/v2\/media\/28868"}],"wp:attachment":[{"href":"https:\/\/www.marinigerardi.it\/shop\/wp-json\/wp\/v2\/media?parent=8027"}],"wp:term":[{"taxonomy":"product_brand","embeddable":true,"href":"https:\/\/www.marinigerardi.it\/shop\/wp-json\/wp\/v2\/product_brand?post=8027"},{"taxonomy":"product_cat","embeddable":true,"href":"https:\/\/www.marinigerardi.it\/shop\/wp-json\/wp\/v2\/product_cat?post=8027"},{"taxonomy":"product_tag","embeddable":true,"href":"https:\/\/www.marinigerardi.it\/shop\/wp-json\/wp\/v2\/product_tag?post=8027"}],"curies":[{"name":"wp","href":"https:\/\/api.w.org\/{rel}","templated":true}]}}