{"id":8020,"date":"2021-01-28T10:40:40","date_gmt":"2021-01-28T10:40:40","guid":{"rendered":"https:\/\/marinigerardi.it\/shop\/product\/import-placeholder-for-10951\/"},"modified":"2026-01-21T17:24:34","modified_gmt":"2026-01-21T17:24:34","slug":"tessuto-lino-antimacchia","status":"publish","type":"product","link":"https:\/\/www.marinigerardi.it\/shop\/prodotto\/tessuto-lino-antimacchia\/","title":{"rendered":"ANTIMACCHIA &#8211; Tessuto Lino Antimacchia Idrorepellente per Tovaglie e Runner"},"content":{"rendered":"<div class=\"wpb-content-wrapper\"><p>[vc_row equal_height=&#8221;yes&#8221; mobile_bg_img_hidden=&#8221;no&#8221; tablet_bg_img_hidden=&#8221;no&#8221; woodmart_parallax=&#8221;0&#8243; woodmart_gradient_switch=&#8221;no&#8221; row_reverse_mobile=&#8221;0&#8243; row_reverse_tablet=&#8221;0&#8243; woodmart_disable_overflow=&#8221;0&#8243;][vc_column offset=&#8221;vc_col-lg-6 vc_col-md-6&#8243; mobile_bg_img_hidden=&#8221;no&#8221; tablet_bg_img_hidden=&#8221;no&#8221; woodmart_parallax=&#8221;0&#8243; woodmart_sticky_column=&#8221;false&#8221; parallax_scroll=&#8221;no&#8221; mobile_reset_margin=&#8221;no&#8221; tablet_reset_margin=&#8221;no&#8221; css=&#8221;.vc_custom_1613071403480{margin-top: 0px !important;}&#8221;]\n\t\t<div id=\"wd-64d3c8f6b8e2a\" class=\"title-wrapper wd-wpb wd-set-mb reset-last-child  wd-rs-64d3c8f6b8e2a wd-title-color-default wd-title-style-bordered text-center  wd-underline-colored\">\n\t\t\t\n\t\t\t<div class=\"liner-continer\">\n\t\t\t\t<h2 class=\"woodmart-title-container title  wd-font-weight- wd-fontsize-xl\" >ANTIMACCHIA - Tessuto Lino Antimacchia Idrorepellente per Tovaglie e Runner<\/h2>\n\t\t\t\t\t\t\t<\/div>\n\t\t\t\n\t\t\t\n\t\t\t\n\t\t<\/div>\n\t\t\n\t\t\t\t<div id=\"wd-6970faac367c7\" class=\"wd-text-block wd-wpb reset-last-child wd-rs-6970faac367c7 text-left \">\n\t\t\t<p style=\"text-align: justify;\"><a href=\"https:\/\/www.marinigerardi.it\/shop\/prodotto\/tessuto-lino-antimacchia\/\">Tessuto Lino Antimacchia<\/a> dai colori freschi per una casa in stile moderno o shabby chic. STOP alle macchie a Tavola: la pulizia subito con un colpo di spugna! Tovaglia in Lino ideale per bere un buon bicchiere di vino senza paura che sgoccioli. E&#8217; adatto per accessori tavola: tovagliette all&#8217;americana o runner. Inoltre ideale per realizzare grembiuli da cuoco, pettorine, grembiuli lunghi con lacci dietro, grembiuli da bar.<\/p>\n\t\t<\/div>\n\t\t[vc_tta_accordion title_tag=&#8221;h3&#8243; section_title_tag=&#8221;h3&#8243; style=&#8221;flat&#8221; active_section=&#8221;&#8221;][vc_tta_section title=&#8221;Info Scheda Prodotto&#8221; tab_id=&#8221;1689870501063-f8c67e5a-8d4b&#8221;]\t\t\t<div class=\"info-box-wrapper\">\n\t\t\t\t<div id=\"wd-6970faafab7a1\" class=\" wd-rs-6970faafab7a1 wd-info-box wd-wpb text-left box-icon-align-top box-style- color-scheme- wd-bg-none \">\n\t\t\t\t\t\t\t\t\t\t<div class=\"info-box-content\">\n\t\t\t\t\t\t\t\t\t\t\t\t<div class=\"info-box-inner reset-last-child\"><\/p>\n<ul>\n<li style=\"text-align: left;\"><strong>n.12 colori<\/strong> con trattamento Antimacchia. &#8211; \u00c9 buona norma Intervenire subito con una spugna per evitare che le macchie di vino o di sugo agiscano in profondit\u00e0 sul tessuto.<\/li>\n<li style=\"text-align: left;\"><strong>Altezza Tessuto<\/strong> da Cimosa a cimosa \u2194 h=140 cm<\/li>\n<li style=\"text-align: left;\"><strong>Tessuto Lino antimacchia: <\/strong>real idrorepellente.<\/li>\n<\/ul>\n<p><strong>Note:<\/strong> I colori dei tessuti presenti nelle immagini possono variare in base al monitor utilizzato.<br \/>\n<span style=\"font-size: 12pt;\"><strong>Minimo acquisto 1 metro.<\/strong> Se avete bisogno di aiuto contattateci all&#8217; indirizzo mail<\/span> assistenza@marinigerardi.it<\/p>\n<\/div>\n\n\t\t\t\t\t\t\t\t\t\t\t<\/div>\n\n\t\t\t\t\t\n\t\t\t\t\t\t\t\t\t<\/div>\n\t\t\t<\/div>\n\t\t[\/vc_tta_section][\/vc_tta_accordion]<div id=\"wd-6970fb9b3b67d\" class=\" wd-rs-6970fb9b3b67d vc_custom_1769012152518 wd-button-wrapper text-left\"><a href=\"https:\/\/www.marinigerardi.it\/shop\/guida-come-calcolare-il-metraggio-dei-tessuti\/\" title=\"\" target=\"_blank\" class=\"btn btn-style-default btn-shape-rectangle btn-size-default btn-full-width\">Come Calcolare il Metraggio dei Tessuti<\/a><\/div>[\/vc_column][vc_column css=&#8221;.vc_custom_1612434787067{background-position: center !important;background-repeat: no-repeat !important;background-size: cover !important;}&#8221; offset=&#8221;vc_col-lg-6 vc_col-md-6&#8243; mobile_bg_img_hidden=&#8221;no&#8221; tablet_bg_img_hidden=&#8221;no&#8221; woodmart_parallax=&#8221;0&#8243; woodmart_sticky_column=&#8221;false&#8221; parallax_scroll=&#8221;no&#8221; mobile_reset_margin=&#8221;no&#8221; tablet_reset_margin=&#8221;no&#8221;][vc_single_image image=&#8221;12169&#8243; img_size=&#8221;large&#8221; alignment=&#8221;center&#8221; style=&#8221;vc_box_shadow&#8221; onclick=&#8221;link_image&#8221; parallax_scroll=&#8221;no&#8221; woodmart_inline=&#8221;no&#8221;][\/vc_column][\/vc_row][vc_row][vc_column][vc_empty_space woodmart_hide_large=&#8221;0&#8243; woodmart_hide_medium=&#8221;0&#8243; woodmart_hide_small=&#8221;0&#8243;]\n\t\t<div id=\"wd-66d98a27d753d\" class=\"title-wrapper wd-wpb wd-set-mb reset-last-child  wd-rs-66d98a27d753d wd-title-color-default wd-title-style-default text-center  wd-underline-colored\">\n\t\t\t\n\t\t\t<div class=\"liner-continer\">\n\t\t\t\t<h2 class=\"woodmart-title-container title  wd-font-weight- wd-fontsize-l\" >Tessuto Lino Antimacchia Idrorepellente<\/h2>\n\t\t\t\t\t\t\t<\/div>\n\t\t\t\n\t\t\t\n\t\t\t\n\t\t<\/div>\n\t\t\n\t\t[\/vc_column][\/vc_row][vc_row content_placement=&#8221;middle&#8221; woodmart_bg_position=&#8221;center-bottom&#8221; css=&#8221;.vc_custom_1689870002673{background-color: #f3f3f3 !important;background-position: 0 0 !important;background-repeat: no-repeat !important;}&#8221; el_class=&#8221;mobile-bg-img-hidden&#8221; mobile_bg_img_hidden=&#8221;no&#8221; tablet_bg_img_hidden=&#8221;no&#8221; woodmart_parallax=&#8221;0&#8243; woodmart_gradient_switch=&#8221;no&#8221; row_reverse_mobile=&#8221;0&#8243; row_reverse_tablet=&#8221;0&#8243; woodmart_disable_overflow=&#8221;0&#8243; woodmart_css_id=&#8221;64b95ea80d93b&#8221; responsive_spacing=&#8221;eyJwYXJhbV90eXBlIjoid29vZG1hcnRfcmVzcG9uc2l2ZV9zcGFjaW5nIiwic2VsZWN0b3JfaWQiOiI2NGI5NWVhODBkOTNiIiwic2hvcnRjb2RlIjoidmNfcm93IiwiZGF0YSI6eyJ0YWJsZXQiOnt9LCJtb2JpbGUiOnt9fX0=&#8221; woodmart_box_shadow=&#8221;yes&#8221; wd_box_shadow=&#8221;eyJkZXZpY2VzIjp7ImRlc2t0b3AiOnsiaG9yaXpvbnRhbCI6IjAiLCJ2ZXJ0aWNhbCI6IjAiLCJibHVyIjoiOSIsInNwcmVhZCI6IjAiLCJjb2xvciI6InJnYmEoMCwgMCwgMCwgLjE1KSJ9fX0=&#8221; wd_z_index=&#8221;no&#8221;][vc_column width=&#8221;1\/2&#8243; mobile_bg_img_hidden=&#8221;no&#8221; tablet_bg_img_hidden=&#8221;no&#8221; woodmart_parallax=&#8221;0&#8243; woodmart_sticky_column=&#8221;false&#8221; parallax_scroll=&#8221;no&#8221; mobile_reset_margin=&#8221;no&#8221; tablet_reset_margin=&#8221;no&#8221;][vc_single_image image=&#8221;10673&#8243; img_size=&#8221;large&#8221; alignment=&#8221;center&#8221; style=&#8221;vc_box_shadow&#8221; onclick=&#8221;link_image&#8221; parallax_scroll=&#8221;no&#8221; woodmart_inline=&#8221;no&#8221;][\/vc_column][vc_column width=&#8221;1\/2&#8243; css=&#8221;.vc_custom_1535101510463{margin-top: 4vh !important;padding-top: 0px !important;}&#8221;][vc_single_image image=&#8221;12168&#8243; img_size=&#8221;large&#8221; alignment=&#8221;center&#8221; style=&#8221;vc_box_shadow&#8221; onclick=&#8221;link_image&#8221; parallax_scroll=&#8221;no&#8221; woodmart_inline=&#8221;no&#8221;][\/vc_column][\/vc_row][vc_row][vc_column]\n\t\t<div id=\"wd-64d3c8c65f026\" class=\"title-wrapper wd-wpb wd-set-mb reset-last-child  wd-rs-64d3c8c65f026 wd-title-color-default wd-title-style-underlined text-center  wd-underline-colored\">\n\t\t\t\n\t\t\t<div class=\"liner-continer\">\n\t\t\t\t<h3 class=\"woodmart-title-container title  wd-font-weight- wd-fontsize-xl\" >NO STRES - Tessuto Lino Antimacchia Idrorepellente per Tovaglie e Runner<\/h3>\n\t\t\t\t\t\t\t<\/div>\n\t\t\t\n\t\t\t\n\t\t\t\n\t\t<\/div>\n\t\t\n\t\t\t\t<div id=\"wd-64d3c9742fc13\" class=\"wd-text-block wd-wpb reset-last-child wd-rs-64d3c9742fc13 text-left \">\n\t\t\t<p style=\"text-align: justify;\"><strong>Presentiamo con entusiasmo il nostro innovativo Tessuto Lino Antimacchia. Questo tessuto all&#8217;avanguardia offre colori freschi e funzionalit\u00e0 eccezionali, arricchendo la tua casa sia con uno stile moderno che con il fascino shabby chic.<\/strong><\/p>\n\t\t<\/div>\n\t\t[\/vc_column][\/vc_row][vc_row css=&#8221;.vc_custom_1691600917646{background-color: #f3f3f3 !important;}&#8221; woodmart_css_id=&#8221;64d3c80a8f259&#8243; responsive_spacing=&#8221;eyJwYXJhbV90eXBlIjoid29vZG1hcnRfcmVzcG9uc2l2ZV9zcGFjaW5nIiwic2VsZWN0b3JfaWQiOiI2NGQzYzgwYThmMjU5Iiwic2hvcnRjb2RlIjoidmNfcm93IiwiZGF0YSI6eyJ0YWJsZXQiOnt9LCJtb2JpbGUiOnt9fX0=&#8221; mobile_bg_img_hidden=&#8221;no&#8221; tablet_bg_img_hidden=&#8221;no&#8221; woodmart_parallax=&#8221;0&#8243; woodmart_gradient_switch=&#8221;no&#8221; woodmart_box_shadow=&#8221;yes&#8221; wd_box_shadow=&#8221;eyJkZXZpY2VzIjp7ImRlc2t0b3AiOnsiaG9yaXpvbnRhbCI6IjAiLCJ2ZXJ0aWNhbCI6IjAiLCJibHVyIjoiOSIsInNwcmVhZCI6IjAiLCJjb2xvciI6InJnYmEoMCwgMCwgMCwgLjE1KSJ9fX0=&#8221; wd_z_index=&#8221;no&#8221; woodmart_disable_overflow=&#8221;0&#8243; row_reverse_mobile=&#8221;0&#8243; row_reverse_tablet=&#8221;0&#8243;][vc_column][vc_single_image image=&#8221;12060&#8243; img_size=&#8221;full&#8221; alignment=&#8221;center&#8221; style=&#8221;vc_box_shadow&#8221; onclick=&#8221;link_image&#8221; parallax_scroll=&#8221;no&#8221; woodmart_inline=&#8221;no&#8221;][\/vc_column][\/vc_row][vc_row][vc_column]\n\t\t<div id=\"wd-66d98a3e60b95\" class=\"title-wrapper wd-wpb wd-set-mb reset-last-child  wd-rs-66d98a3e60b95 wd-title-color-default wd-title-style-bordered text-left  wd-underline-colored\">\n\t\t\t\n\t\t\t<div class=\"liner-continer\">\n\t\t\t\t<h3 class=\"woodmart-title-container title  wd-font-weight- wd-fontsize-l\" >Tessuto Lino Antimacchia Idrorepellente<\/h3>\n\t\t\t\t\t\t\t<\/div>\n\t\t\t\n\t\t\t\n\t\t\t\n\t\t<\/div>\n\t\t\n\t\t\t\t<div id=\"wd-64d3c98785ac3\" class=\"wd-text-block wd-wpb reset-last-child wd-rs-64d3c98785ac3 text-left \">\n\t\t\t<p style=\"text-align: justify;\"><strong>Tessuto Lino Antimacchia &#8211; Un Nuovo Standard per la Tavola:<\/strong> Dimentica le preoccupazioni riguardo alle macchie sulla tua tavola. Il Tessuto Lino Antimacchia \u00e8 progettato per rendere la pulizia un gioco da ragazzi, grazie a un rapido colpo di spugna. Questo tessuto \u00e8 la soluzione ideale per coloro che vogliono gustare i pasti senza pensieri e apprezzare la bellezza senza compromettere la praticit\u00e0.<br \/>\n<strong>Eleganza e Funzionalit\u00e0 a Tavola:<\/strong> Goditi un buon bicchiere di vino senza timore di gocciolamenti fastidiosi. La tovaglia in Tessuto Lino Antimacchia ti offre un equilibrio perfetto tra l&#8217;eleganza del lino e la tranquillit\u00e0 di un tessuto che respinge le macchie. Questo tessuto si adatta a una vasta gamma di accessori da tavola, inclusi tovagliette all&#8217;americana e runner, aggiungendo un tocco di raffinatezza a ogni occasione.<br \/>\n<strong>Creativit\u00e0 e Funzionalit\u00e0 Senza Limiti:<\/strong> Il Tessuto Lino Antimacchia apre le porte a una variet\u00e0 di possibilit\u00e0 creative. Non solo \u00e8 l&#8217;ideale per tovaglie e runner, ma \u00e8 anche perfetto per creare grembiuli da cuoco, pettorine, grembiuli lunghi con lacci dietro e persino grembiuli da bar. Questo tessuto \u00e8 un&#8217;esplosione di versatilit\u00e0 che ti permette di coniugare stile e funzionalit\u00e0 in ogni progetto.<br \/>\n<strong>Resistenza e Durabilit\u00e0:<\/strong> Il trattamento antimacchia del Tessuto Lino Antimacchia \u00e8 progettato per resistere a numerosi lavaggi, garantendo una durata nel tempo. Tuttavia, per mantenere la bellezza del tessuto, \u00e8 consigliabile rimuovere le macchie manualmente entro un&#8217;ora.<\/p>\n<p style=\"text-align: justify;\"><strong>Eleva la tua esperienza a tavola con il Tessuto Lino Antimacchia, sinonimo di stile, praticit\u00e0 e versatilit\u00e0. Scegli l&#8217;opzione che combina estetica e funzionalit\u00e0, rendendo ogni pasto un momento di gioia. Il Tessuto Lino Antimacchia di Marini &amp; Gerardi \u00e8 la scelta ideale per creare una tavolata creativa, elegante e senza preoccupazioni.<\/strong><\/p>\n\t\t<\/div>\n\t\t[\/vc_column][\/vc_row]<\/p>\n<\/div>","protected":false},"excerpt":{"rendered":"<p>Tessuto antimacchia idrorepellente, Lino 100%. Ideale per tovaglie e grembiuli professionali. Non assorbe i liquidi, che vanno via con un colpo di spugna.<\/p>\n","protected":false},"featured_media":10449,"template":"","meta":[],"product_brand":[],"product_cat":[3588,3051,285,399,1514],"product_tag":[820,821,822],"class_list":{"0":"post-8020","1":"product","2":"type-product","3":"status-publish","4":"has-post-thumbnail","6":"product_cat-stoffe-online","7":"product_cat-tessuti-di-lino","8":"product_cat-lino-per-tovaglie","9":"product_cat-tessuti-per-tovaglie","10":"product_cat-tessuto-in-lino-resinato","11":"product_tag-lino-antimacchia","12":"product_tag-tessuto-antimacchia","13":"product_tag-tessuto-lino-antimacchia","15":"first","16":"instock","17":"sale","18":"sold-individually","19":"taxable","20":"shipping-taxable","21":"purchasable","22":"product-type-simple"},"_links":{"self":[{"href":"https:\/\/www.marinigerardi.it\/shop\/wp-json\/wp\/v2\/product\/8020","targetHints":{"allow":["GET"]}}],"collection":[{"href":"https:\/\/www.marinigerardi.it\/shop\/wp-json\/wp\/v2\/product"}],"about":[{"href":"https:\/\/www.marinigerardi.it\/shop\/wp-json\/wp\/v2\/types\/product"}],"wp:featuredmedia":[{"embeddable":true,"href":"https:\/\/www.marinigerardi.it\/shop\/wp-json\/wp\/v2\/media\/10449"}],"wp:attachment":[{"href":"https:\/\/www.marinigerardi.it\/shop\/wp-json\/wp\/v2\/media?parent=8020"}],"wp:term":[{"taxonomy":"product_brand","embeddable":true,"href":"https:\/\/www.marinigerardi.it\/shop\/wp-json\/wp\/v2\/product_brand?post=8020"},{"taxonomy":"product_cat","embeddable":true,"href":"https:\/\/www.marinigerardi.it\/shop\/wp-json\/wp\/v2\/product_cat?post=8020"},{"taxonomy":"product_tag","embeddable":true,"href":"https:\/\/www.marinigerardi.it\/shop\/wp-json\/wp\/v2\/product_tag?post=8020"}],"curies":[{"name":"wp","href":"https:\/\/api.w.org\/{rel}","templated":true}]}}