{"id":7995,"date":"2021-01-28T10:40:14","date_gmt":"2021-01-28T10:40:14","guid":{"rendered":"https:\/\/marinigerardi.it\/shop\/product\/import-placeholder-for-10669\/"},"modified":"2026-02-21T15:13:59","modified_gmt":"2026-02-21T15:13:59","slug":"tende-da-soggiorno-moderne","status":"publish","type":"product","link":"https:\/\/www.marinigerardi.it\/shop\/prodotto\/tende-da-soggiorno-moderne\/","title":{"rendered":"ISLA MARGARITA #1 &#8211; Tende da soggiorno moderne con balza a fiori"},"content":{"rendered":"<div class=\"wpb-content-wrapper\"><p>[vc_row equal_height=&#8221;yes&#8221; mobile_bg_img_hidden=&#8221;no&#8221; tablet_bg_img_hidden=&#8221;no&#8221; woodmart_parallax=&#8221;0&#8243; woodmart_gradient_switch=&#8221;no&#8221; row_reverse_mobile=&#8221;0&#8243; row_reverse_tablet=&#8221;0&#8243; woodmart_disable_overflow=&#8221;0&#8243;][vc_column offset=&#8221;vc_col-lg-6 vc_col-md-6&#8243; mobile_bg_img_hidden=&#8221;no&#8221; tablet_bg_img_hidden=&#8221;no&#8221; woodmart_parallax=&#8221;0&#8243; woodmart_sticky_column=&#8221;false&#8221; parallax_scroll=&#8221;no&#8221; mobile_reset_margin=&#8221;no&#8221; tablet_reset_margin=&#8221;no&#8221; css=&#8221;.vc_custom_1613071403480{margin-top: 0px !important;}&#8221;]\n\t\t<div id=\"wd-6999cabe5557c\" class=\"title-wrapper wd-wpb wd-set-mb reset-last-child  wd-rs-6999cabe5557c wd-title-color-primary wd-title-style-bordered text-left vc_custom_1771686599543 wd-underline-colored\">\n\t\t\t\n\t\t\t<div class=\"liner-continer\">\n\t\t\t\t<h2 class=\"woodmart-title-container title  wd-font-weight- wd-fontsize-l\" >ISLA MARGARITA \u2013 Tende da soggiorno moderne con Balza Inferiore a Fiori<\/h2>\n\t\t\t\t\t\t\t<\/div>\n\t\t\t\n\t\t\t\n\t\t\t\n\t\t<\/div>\n\t\t\n\t\t[vc_column_text css=&#8221;&#8221; text_larger=&#8221;no&#8221; woodmart_inline=&#8221;no&#8221;]<\/p>\n<p style=\"text-align: justify;\">Tenda a doppio corpo. La parte superiore in puro Lino, con la parte inferiore balza a fiori gouache 80 cm circa<\/p>\n<p>[\/vc_column_text][vc_tta_accordion title_tag=&#8221;h3&#8243; section_title_tag=&#8221;h3&#8243; active_section=&#8221;&#8221; collapsible_all=&#8221;true&#8221;][vc_tta_section title=&#8221;Info &amp; Scheda Prodotto&#8221; tab_id=&#8221;1771686402284-fadabe28-9cbd&#8221;]\t\t<div id=\"wd-6999cb369ca2c\" class=\"wd-text-block wd-wpb reset-last-child wd-rs-6999cb369ca2c text-left \">\n\t\t\t<ul>\n<li><a href=\"%20Richieste di blocco del rendering\">Tende da soggiorno moderne<\/a> con balza inferiore 80 cm in Lino &amp; Viscosa a Fiori Guache in 2 tonalit\u00e0 di colore<\/li>\n<li>Base tenda in puro Lino in 3 colori chiari<\/li>\n<\/ul>\n<p><strong>Per le misure non incluse<\/strong>, si prega d\u2019inviare il dettaglio della dimensione desiderata all&#8217; indirizzo mail <strong>assistenza@marinigerardi.it<\/strong><\/p>\n\t\t<\/div>\n\t\t[\/vc_tta_section][\/vc_tta_accordion][\/vc_column][vc_column css=&#8221;.vc_custom_1612434787067{background-position: center !important;background-repeat: no-repeat !important;background-size: cover !important;}&#8221; offset=&#8221;vc_col-lg-6 vc_col-md-6&#8243; mobile_bg_img_hidden=&#8221;no&#8221; tablet_bg_img_hidden=&#8221;no&#8221; woodmart_parallax=&#8221;0&#8243; woodmart_sticky_column=&#8221;false&#8221; parallax_scroll=&#8221;no&#8221; mobile_reset_margin=&#8221;no&#8221; tablet_reset_margin=&#8221;no&#8221;][vc_media_grid element_width=&#8221;6&#8243; css=&#8221;&#8221; initial_loading_animation=&#8221;none&#8221; grid_id=&#8221;vc_gid:1771686613757-a07f4492-5a40-3&#8243; include=&#8221;10630,10623&#8243;][\/vc_column][\/vc_row][vc_row][vc_column][vc_text_separator title=&#8221;&#8221; css=&#8221;.vc_custom_1771686563208{margin-top: 20px !important;margin-bottom: 20px !important;}&#8221;]\n\t\t<div id=\"wd-6999caaf9d7e9\" class=\"title-wrapper wd-wpb wd-set-mb reset-last-child  wd-rs-6999caaf9d7e9 wd-title-color-default wd-title-style-default text-center  wd-underline-colored\">\n\t\t\t\n\t\t\t<div class=\"liner-continer\">\n\t\t\t\t<h3 class=\"woodmart-title-container title  wd-font-weight- wd-fontsize-l\" >Tende da soggiorno moderne<\/h3>\n\t\t\t\t\t\t\t<\/div>\n\t\t\t\n\t\t\t\n\t\t\t\n\t\t<\/div>\n\t\t\n\t\t[\/vc_column][\/vc_row][vc_row content_placement=&#8221;middle&#8221; woodmart_bg_position=&#8221;center-bottom&#8221; css=&#8221;.vc_custom_1698964343741{background-color: #f3f3f3 !important;background-position: 0 0 !important;background-repeat: no-repeat !important;}&#8221; el_class=&#8221;mobile-bg-img-hidden&#8221; mobile_bg_img_hidden=&#8221;no&#8221; tablet_bg_img_hidden=&#8221;no&#8221; woodmart_parallax=&#8221;0&#8243; woodmart_gradient_switch=&#8221;no&#8221; row_reverse_mobile=&#8221;0&#8243; row_reverse_tablet=&#8221;0&#8243; woodmart_disable_overflow=&#8221;0&#8243; woodmart_css_id=&#8221;654423699cbc3&#8243; responsive_spacing=&#8221;eyJwYXJhbV90eXBlIjoid29vZG1hcnRfcmVzcG9uc2l2ZV9zcGFjaW5nIiwic2VsZWN0b3JfaWQiOiI2NTQ0MjM2OTljYmMzIiwic2hvcnRjb2RlIjoidmNfcm93IiwiZGF0YSI6eyJ0YWJsZXQiOnt9LCJtb2JpbGUiOnt9fX0=&#8221; woodmart_box_shadow=&#8221;yes&#8221; wd_box_shadow=&#8221;eyJkZXZpY2VzIjp7ImRlc2t0b3AiOnsiaG9yaXpvbnRhbCI6IjAiLCJ2ZXJ0aWNhbCI6IjAiLCJibHVyIjoiOSIsInNwcmVhZCI6IjAiLCJjb2xvciI6InJnYmEoMCwgMCwgMCwgLjE1KSJ9fX0=&#8221; wd_z_index=&#8221;no&#8221;][vc_column mobile_bg_img_hidden=&#8221;no&#8221; tablet_bg_img_hidden=&#8221;no&#8221; woodmart_parallax=&#8221;0&#8243; woodmart_sticky_column=&#8221;false&#8221; parallax_scroll=&#8221;no&#8221; mobile_reset_margin=&#8221;no&#8221; tablet_reset_margin=&#8221;no&#8221;][vc_single_image image=&#8221;12912&#8243; img_size=&#8221;full&#8221; alignment=&#8221;center&#8221; onclick=&#8221;link_image&#8221; parallax_scroll=&#8221;no&#8221; woodmart_inline=&#8221;no&#8221;][\/vc_column][\/vc_row][vc_row][vc_column]\n\t\t<div id=\"wd-67079e92f2e9e\" class=\"title-wrapper wd-wpb wd-set-mb reset-last-child  wd-rs-67079e92f2e9e wd-title-color-default wd-title-style-default text-center  wd-underline-colored\">\n\t\t\t\n\t\t\t<div class=\"liner-continer\">\n\t\t\t\t<h3 class=\"woodmart-title-container title  wd-font-weight- wd-fontsize-l\" >Tende da soggiorno moderne e per camera da letto<\/h3>\n\t\t\t\t\t\t\t<\/div>\n\t\t\t\n\t\t\t\n\t\t\t\n\t\t<\/div>\n\t\t\n\t\t[\/vc_column][\/vc_row][vc_row woodmart_css_id=&#8221;654423496ed11&#8243; responsive_spacing=&#8221;eyJwYXJhbV90eXBlIjoid29vZG1hcnRfcmVzcG9uc2l2ZV9zcGFjaW5nIiwic2VsZWN0b3JfaWQiOiI2NTQ0MjM0OTZlZDExIiwic2hvcnRjb2RlIjoidmNfcm93IiwiZGF0YSI6eyJ0YWJsZXQiOnt9LCJtb2JpbGUiOnt9fX0=&#8221; mobile_bg_img_hidden=&#8221;no&#8221; tablet_bg_img_hidden=&#8221;no&#8221; woodmart_parallax=&#8221;0&#8243; woodmart_gradient_switch=&#8221;no&#8221; woodmart_box_shadow=&#8221;yes&#8221; wd_box_shadow=&#8221;eyJkZXZpY2VzIjp7ImRlc2t0b3AiOnsiaG9yaXpvbnRhbCI6IjAiLCJ2ZXJ0aWNhbCI6IjAiLCJibHVyIjoiOSIsInNwcmVhZCI6IjAiLCJjb2xvciI6InJnYmEoMCwgMCwgMCwgLjE1KSJ9fX0=&#8221; wd_z_index=&#8221;no&#8221; woodmart_disable_overflow=&#8221;0&#8243; row_reverse_mobile=&#8221;0&#8243; row_reverse_tablet=&#8221;0&#8243; css=&#8221;.vc_custom_1698964309422{background-color: #f3f3f3 !important;}&#8221;][vc_column][vc_single_image image=&#8221;9071&#8243; img_size=&#8221;full&#8221; alignment=&#8221;center&#8221; onclick=&#8221;link_image&#8221; parallax_scroll=&#8221;no&#8221; woodmart_inline=&#8221;no&#8221;][\/vc_column][\/vc_row][vc_row][vc_column]\n\t\t<div id=\"wd-6999cb18248c7\" class=\"title-wrapper wd-wpb wd-set-mb reset-last-child  wd-rs-6999cb18248c7 wd-title-color-default wd-title-style-default text-center  wd-underline-colored\">\n\t\t\t\n\t\t\t<div class=\"liner-continer\">\n\t\t\t\t<h3 class=\"woodmart-title-container title  wd-font-weight- wd-fontsize-l\" >Tende da soggiorno moderne con balza a fiori<\/h3>\n\t\t\t\t\t\t\t<\/div>\n\t\t\t\n\t\t\t\n\t\t\t\n\t\t<\/div>\n\t\t\n\t\t[vc_column_text css=&#8221;&#8221; text_larger=&#8221;no&#8221; woodmart_inline=&#8221;no&#8221;]Immagina di svegliarti ogni mattina in un\u2019isola paradisiaca, con il suono delicato delle onde e una leggera brezza che attraversa la tua casa. Le nostre esclusive tende in lino trasformano ogni ambiente in un\u2019oasi di pace, una cornice perfetta per il soggiorno dei tuoi sogni. I colori vivaci e intensi di queste tende donano nuova vita ai tuoi spazi, come una vera rivoluzione di emozioni e tonalit\u00e0, capaci di trasmettere relax e serenit\u00e0.<\/p>\n<p>Scegliere il tessuto giusto \u00e8 il primo passo per esaltare al massimo l\u2019atmosfera della tua casa. Le tende, infatti, non sono semplici complementi d\u2019arredo, ma elementi chiave che raccontano una storia. E con i nostri tendaggi in lino di alta qualit\u00e0, realizzati artigianalmente, ogni dettaglio \u00e8 curato per regalarti un\u2019esperienza unica. I motivi floreali gouache, combinati a colori caldi e vibranti, portano il fascino e l\u2019energia dei Caraibi direttamente nel tuo soggiorno o nella tua camera da letto, creando un rifugio accogliente dove rigenerarsi.<\/p>\n<p>Avvolgiti nella morbidezza del <a href=\"https:\/\/www.puro-lino.com\/\" target=\"_blank\" rel=\"noopener nofollow\">lino,<\/a> un tessuto naturale che respira, e lasciati trasportare in un mondo di sensazioni. Le nostre tende sono eleganti, funzionali e perfette per chi cerca originalit\u00e0, trasformando ogni stanza in un luogo in cui la bellezza incontra il benessere. Nulla \u00e8 lasciato al caso, perch\u00e9 sono i dettagli a fare la differenza, e noi di Marini &amp; Gerardi sappiamo quanto sia importante far risplendere ogni angolo della tua casa.[\/vc_column_text][\/vc_column][\/vc_row]<\/p>\n<\/div>","protected":false},"excerpt":{"rendered":"<p>Tende da soggiorno moderne in Lino per una stagione di fiori e di suggestioni esotiche da vivere tutto l&#8217;anno.<\/p>\n","protected":false},"featured_media":12909,"template":"","meta":[],"product_brand":[],"product_cat":[1501,3164,3106,62,3582,3060,3581],"product_tag":[800,801,458,64,2877],"class_list":{"0":"post-7995","1":"product","2":"type-product","3":"status-publish","4":"has-post-thumbnail","6":"product_cat-tende","7":"product_cat-tende-camera-da-letto","8":"product_cat-tende-da-interni","9":"product_cat-tende-in-lino","10":"product_cat-tende-lino","11":"product_cat-tende-moderne","12":"product_cat-tende-su-misura","13":"product_tag-isla-margarita","14":"product_tag-tendaggi-moderni","15":"product_tag-tende-camera-da-letto","16":"product_tag-tende-di-lino","17":"product_tag-tende-in-lino","19":"first","20":"instock","21":"taxable","22":"shipping-taxable","23":"purchasable","24":"product-type-simple"},"_links":{"self":[{"href":"https:\/\/www.marinigerardi.it\/shop\/wp-json\/wp\/v2\/product\/7995","targetHints":{"allow":["GET"]}}],"collection":[{"href":"https:\/\/www.marinigerardi.it\/shop\/wp-json\/wp\/v2\/product"}],"about":[{"href":"https:\/\/www.marinigerardi.it\/shop\/wp-json\/wp\/v2\/types\/product"}],"wp:featuredmedia":[{"embeddable":true,"href":"https:\/\/www.marinigerardi.it\/shop\/wp-json\/wp\/v2\/media\/12909"}],"wp:attachment":[{"href":"https:\/\/www.marinigerardi.it\/shop\/wp-json\/wp\/v2\/media?parent=7995"}],"wp:term":[{"taxonomy":"product_brand","embeddable":true,"href":"https:\/\/www.marinigerardi.it\/shop\/wp-json\/wp\/v2\/product_brand?post=7995"},{"taxonomy":"product_cat","embeddable":true,"href":"https:\/\/www.marinigerardi.it\/shop\/wp-json\/wp\/v2\/product_cat?post=7995"},{"taxonomy":"product_tag","embeddable":true,"href":"https:\/\/www.marinigerardi.it\/shop\/wp-json\/wp\/v2\/product_tag?post=7995"}],"curies":[{"name":"wp","href":"https:\/\/api.w.org\/{rel}","templated":true}]}}