{"id":7993,"date":"2021-01-28T10:40:14","date_gmt":"2021-01-28T10:40:14","guid":{"rendered":"https:\/\/marinigerardi.it\/shop\/product\/import-placeholder-for-10593\/"},"modified":"2025-04-23T09:01:14","modified_gmt":"2025-04-23T09:01:14","slug":"tovagliette-americane-shabby-chic-con-fiori","status":"publish","type":"product","link":"https:\/\/www.marinigerardi.it\/shop\/prodotto\/tovagliette-americane-shabby-chic-con-fiori\/","title":{"rendered":"Fioreria &#8211; Tovagliette Americane Shabby Chic (Set 2pz)."},"content":{"rendered":"<div class=\"wpb-content-wrapper\"><p>[vc_row equal_height=&#8221;yes&#8221; mobile_bg_img_hidden=&#8221;no&#8221; tablet_bg_img_hidden=&#8221;no&#8221; woodmart_parallax=&#8221;0&#8243; woodmart_gradient_switch=&#8221;no&#8221; row_reverse_mobile=&#8221;0&#8243; row_reverse_tablet=&#8221;0&#8243; woodmart_disable_overflow=&#8221;0&#8243;][vc_column offset=&#8221;vc_col-lg-6 vc_col-md-6&#8243; mobile_bg_img_hidden=&#8221;no&#8221; tablet_bg_img_hidden=&#8221;no&#8221; woodmart_parallax=&#8221;0&#8243; woodmart_sticky_column=&#8221;false&#8221; parallax_scroll=&#8221;no&#8221; mobile_reset_margin=&#8221;no&#8221; tablet_reset_margin=&#8221;no&#8221; css=&#8221;.vc_custom_1613071403480{margin-top: 0px !important;}&#8221;]\n\t\t<div id=\"wd-6808aad51bfab\" class=\"title-wrapper wd-wpb wd-set-mb reset-last-child  wd-rs-6808aad51bfab wd-title-color-primary wd-title-style-bordered text-left vc_custom_1745398498337 wd-underline-colored\">\n\t\t\t\n\t\t\t<div class=\"liner-continer\">\n\t\t\t\t<h2 class=\"woodmart-title-container title  wd-font-weight-600 wd-fontsize-l\" >FIORERIA - Tovagliette Americane Shabby Design Antimacchia<\/h2>\n\t\t\t\t\t\t\t<\/div>\n\t\t\t\n\t\t\t\n\t\t\t\n\t\t<\/div>\n\t\t\n\t\t\t\t<div id=\"wd-64f58be405865\" class=\"wd-text-block wd-wpb reset-last-child wd-rs-64f58be405865 text-left \">\n\t\t\t<p style=\"text-align: justify;\">a <a href=\"https:\/\/www.marinigerardi.it\/shop\/prodotto\/a-fiori-tovagliette-americane\/\">Tavola<\/a> per rendersi la vita facile! Tessuto Robusto e pesante, fibra resistente all\u2019usura, disegno a fiori ad una sola faccia, rovescio del tipo panno morbido. <strong>Noi crediamo che la Biancheria da TAVOLA sia importante<\/strong> per dare semplicit\u00e0 e confort al tuo vivere quotidiano.<\/p>\n\t\t<\/div>\n\t\t[vc_message message_box_style=&#8221;outline&#8221; message_box_color=&#8221;grey&#8221; css=&#8221;&#8221;]<\/p>\n<ul>\n<li><strong>Tessuto:\u00a0<\/strong>Cotone \/ Pl Antimacchia<\/li>\n<li><strong>Colori: <\/strong>Verdone | Arancio | Rosso | Verde |<\/li>\n<li><strong>L&#8217;Offerta comprede: <\/strong>Set 2pz. Tovagliette 53 x 35 cm. ;<\/li>\n<\/ul>\n<p>Per altre misure vi preghiamo di contattarci al Indirizzo mail <strong>assistenza@marinigerardi.it<\/strong>[\/vc_message][\/vc_column][vc_column css=&#8221;.vc_custom_1612434787067{background-position: center !important;background-repeat: no-repeat !important;background-size: cover !important;}&#8221; offset=&#8221;vc_col-lg-6 vc_col-md-6&#8243; mobile_bg_img_hidden=&#8221;no&#8221; tablet_bg_img_hidden=&#8221;no&#8221; woodmart_parallax=&#8221;0&#8243; woodmart_sticky_column=&#8221;false&#8221; parallax_scroll=&#8221;no&#8221; mobile_reset_margin=&#8221;no&#8221; tablet_reset_margin=&#8221;no&#8221;][vc_single_image image=&#8221;12531&#8243; img_size=&#8221;full&#8221; onclick=&#8221;link_image&#8221; css=&#8221;.vc_custom_1625740693430{margin-right: 20px !important;}&#8221; parallax_scroll=&#8221;no&#8221; woodmart_inline=&#8221;no&#8221;][\/vc_column][\/vc_row][vc_row][vc_column][vc_empty_space woodmart_hide_large=&#8221;0&#8243; woodmart_hide_medium=&#8221;0&#8243; woodmart_hide_small=&#8221;0&#8243;]\n\t\t<div id=\"wd-6808aaefaa939\" class=\"title-wrapper wd-wpb wd-set-mb reset-last-child  wd-rs-6808aaefaa939 wd-title-color-default wd-title-style-bordered text-center  wd-underline-colored\">\n\t\t\t\n\t\t\t<div class=\"liner-continer\">\n\t\t\t\t<h3 class=\"woodmart-title-container title  wd-font-weight-600 wd-fontsize-l\" >Tovagliette Americane Shabby Chic (Set 2pz).<\/h3>\n\t\t\t\t\t\t\t<\/div>\n\t\t\t\n\t\t\t\n\t\t\t\n\t\t<\/div>\n\t\t\n\t\t[\/vc_column][\/vc_row][vc_row content_placement=&#8221;middle&#8221; woodmart_bg_position=&#8221;center-bottom&#8221; css=&#8221;.vc_custom_1693812444799{background-color: #f3f3f3 !important;background-position: 0 0 !important;background-repeat: no-repeat !important;}&#8221; el_class=&#8221;mobile-bg-img-hidden&#8221; mobile_bg_img_hidden=&#8221;no&#8221; tablet_bg_img_hidden=&#8221;no&#8221; woodmart_parallax=&#8221;0&#8243; woodmart_gradient_switch=&#8221;no&#8221; row_reverse_mobile=&#8221;0&#8243; row_reverse_tablet=&#8221;0&#8243; woodmart_disable_overflow=&#8221;0&#8243; woodmart_css_id=&#8221;64f586cdc5950&#8243; responsive_spacing=&#8221;eyJwYXJhbV90eXBlIjoid29vZG1hcnRfcmVzcG9uc2l2ZV9zcGFjaW5nIiwic2VsZWN0b3JfaWQiOiI2NGY1ODZjZGM1OTUwIiwic2hvcnRjb2RlIjoidmNfcm93IiwiZGF0YSI6eyJ0YWJsZXQiOnt9LCJtb2JpbGUiOnt9fX0=&#8221; woodmart_box_shadow=&#8221;yes&#8221; wd_box_shadow=&#8221;eyJkZXZpY2VzIjp7ImRlc2t0b3AiOnsiaG9yaXpvbnRhbCI6IjAiLCJ2ZXJ0aWNhbCI6IjAiLCJibHVyIjoiOSIsInNwcmVhZCI6IjAiLCJjb2xvciI6InJnYmEoMCwgMCwgMCwgLjE1KSJ9fX0=&#8221; wd_z_index=&#8221;no&#8221;][vc_column mobile_bg_img_hidden=&#8221;no&#8221; tablet_bg_img_hidden=&#8221;no&#8221; woodmart_parallax=&#8221;0&#8243; woodmart_sticky_column=&#8221;false&#8221; parallax_scroll=&#8221;no&#8221; mobile_reset_margin=&#8221;no&#8221; tablet_reset_margin=&#8221;no&#8221;][vc_single_image image=&#8221;12529&#8243; img_size=&#8221;full&#8221; alignment=&#8221;center&#8221; onclick=&#8221;link_image&#8221; parallax_scroll=&#8221;no&#8221; woodmart_inline=&#8221;no&#8221;][\/vc_column][\/vc_row][vc_row][vc_column]\n\t\t<div id=\"wd-67f7df5acdaf1\" class=\"title-wrapper wd-wpb wd-set-mb reset-last-child  wd-rs-67f7df5acdaf1 wd-title-color-primary wd-title-style-underlined text-center justify  wd-underline-colored\">\n\t\t\t\n\t\t\t<div class=\"liner-continer\">\n\t\t\t\t<h3 class=\"woodmart-title-container title  wd-font-weight-600 wd-fontsize-l\" >FIORERIA - Tovagliette Americane con Fiori Shabby design<\/h3>\n\t\t\t\t\t\t\t<\/div>\n\t\t\t\n\t\t\t\t\t\t\t<div class=\"title-after_title reset-last-child  wd-fontsize-xs\">colori e calore in tavola.<\/div>\n\t\t\t\n\t\t\t\n\t\t<\/div>\n\t\t\n\t\t\t\t<div id=\"wd-66da3afd6b526\" class=\"wd-text-block wd-wpb reset-last-child wd-rs-66da3afd6b526 text-left \">\n\t\t\t<p style=\"text-align: justify;\"><strong>Sappiamo quanto sia importante avere a tavola la biancheria giusta per rendere ogni momento speciale.<\/strong> Le nostre tovagliette sono realizzate con un tessuto robusto e pesante, progettato per resistere all&#8217;usura e garantire durata nel tempo. Il design floreale \u00e8 incantevole, e potete godere della sua bellezza su un lato, mentre il rovescio \u00e8 morbido come il panno, per un tocco di comfort in pi\u00f9.<br \/>\n<strong>Abbiamo creato queste tovagliette pensando a voi,<\/strong> perch\u00e9 crediamo che la biancheria da tavola sia fondamentale per aggiungere semplicit\u00e0 e comfort alla vostra vita quotidiana. Abbiamo scelto tessuti forti e resistenti, facili da pulire, per assicurarci che il vostro pranzo o la vostra cena siano sempre impeccabili.<br \/>\n<strong>Le nostre tovagliette americane shabby a fiori sono disponibili in set da 2 pezzi, perfetti per qualsiasi occasione. <\/strong>Portano colore e calore in tavola, rendendo ogni pasto un&#8217;esperienza allegra e piacevole. Sono facili e pratiche da utilizzare, il modo perfetto per aggiungere un tocco di allegria a qualsiasi momento a tavola.<br \/>\n<strong>Scegliete la semplicit\u00e0 e il comfort con le nostre Tovagliette Americane Shabby Design. <\/strong>Rendete ogni pasto un&#8217;occasione speciale e godetevi la bellezza dei fiori in tavola. Non lasciatevi sfuggire questa opportunit\u00e0 di trasformare la vostra esperienza a tavola. Ordinatele oggi stesso e iniziate a vivere la vostra vita a tavola in modo pi\u00f9 facile e affascinante!<\/p>\n\t\t<\/div>\n\t\t[\/vc_column][\/vc_row]<\/p>\n<\/div>","protected":false},"excerpt":{"rendered":"<p><a href=\"https:\/\/www.marinigerardi.it\/shop\/prodotto\/tovagliette-americane-shabby-chic-con-fiori\/\">Tovagliette a fiori<\/a>,\u00a0 tessuto forte, tenace, facile da gestire nella pulizia. <strong>Fioreria<\/strong> &#8211; Vendita in <strong>set da 2 pezzi<\/strong><\/p>\n","protected":false},"featured_media":12536,"template":"","meta":[],"product_brand":[],"product_cat":[69,3616,3609,3634,3631,3615],"product_tag":[796,2082,2081],"class_list":{"0":"post-7993","1":"product","2":"type-product","3":"status-publish","4":"has-post-thumbnail","6":"product_cat-tovagliette-americane","7":"product_cat-tovagliette-americane-eleganti","8":"product_cat-tovagliette-colazione","9":"product_cat-tovagliette-e-tovaglioli","10":"product_cat-tovagliette-online","11":"product_cat-tovagliette-personalizzate","12":"product_tag-tovagliette-americane","13":"product_tag-tovagliette-americane-con-fiori","14":"product_tag-tovagliette-americane-shabby-chic","16":"first","17":"instock","18":"taxable","19":"shipping-taxable","20":"purchasable","21":"product-type-simple"},"_links":{"self":[{"href":"https:\/\/www.marinigerardi.it\/shop\/wp-json\/wp\/v2\/product\/7993","targetHints":{"allow":["GET"]}}],"collection":[{"href":"https:\/\/www.marinigerardi.it\/shop\/wp-json\/wp\/v2\/product"}],"about":[{"href":"https:\/\/www.marinigerardi.it\/shop\/wp-json\/wp\/v2\/types\/product"}],"wp:featuredmedia":[{"embeddable":true,"href":"https:\/\/www.marinigerardi.it\/shop\/wp-json\/wp\/v2\/media\/12536"}],"wp:attachment":[{"href":"https:\/\/www.marinigerardi.it\/shop\/wp-json\/wp\/v2\/media?parent=7993"}],"wp:term":[{"taxonomy":"product_brand","embeddable":true,"href":"https:\/\/www.marinigerardi.it\/shop\/wp-json\/wp\/v2\/product_brand?post=7993"},{"taxonomy":"product_cat","embeddable":true,"href":"https:\/\/www.marinigerardi.it\/shop\/wp-json\/wp\/v2\/product_cat?post=7993"},{"taxonomy":"product_tag","embeddable":true,"href":"https:\/\/www.marinigerardi.it\/shop\/wp-json\/wp\/v2\/product_tag?post=7993"}],"curies":[{"name":"wp","href":"https:\/\/api.w.org\/{rel}","templated":true}]}}