{"id":79376,"date":"2025-04-01T17:40:16","date_gmt":"2025-04-01T17:40:16","guid":{"rendered":"https:\/\/www.marinigerardi.it\/shop\/?post_type=product&#038;p=79376"},"modified":"2025-06-06T10:40:54","modified_gmt":"2025-06-06T10:40:54","slug":"tende-vetro-eleganti","status":"publish","type":"product","link":"https:\/\/www.marinigerardi.it\/shop\/prodotto\/tende-vetro-eleganti\/","title":{"rendered":"MERENGUE 1 (mini) &#8211; Tende Vetro eleganti in Lino"},"content":{"rendered":"<div class=\"wpb-content-wrapper\"><p>[vc_row equal_height=&#8221;yes&#8221; mobile_bg_img_hidden=&#8221;no&#8221; tablet_bg_img_hidden=&#8221;no&#8221; woodmart_parallax=&#8221;0&#8243; woodmart_gradient_switch=&#8221;no&#8221; row_reverse_mobile=&#8221;0&#8243; row_reverse_tablet=&#8221;0&#8243; woodmart_disable_overflow=&#8221;0&#8243;][vc_column offset=&#8221;vc_col-lg-6 vc_col-md-6&#8243; mobile_bg_img_hidden=&#8221;no&#8221; tablet_bg_img_hidden=&#8221;no&#8221; woodmart_parallax=&#8221;0&#8243; woodmart_sticky_column=&#8221;false&#8221; parallax_scroll=&#8221;no&#8221; mobile_reset_margin=&#8221;no&#8221; tablet_reset_margin=&#8221;no&#8221; css=&#8221;.vc_custom_1613071403480{margin-top: 0px !important;}&#8221;]\n\t\t<div id=\"wd-67ed097a610c3\" class=\"title-wrapper wd-wpb wd-set-mb reset-last-child  wd-rs-67ed097a610c3 wd-title-color-primary wd-title-style-bordered text-left vc_custom_1743587718032 wd-underline-colored\">\n\t\t\t\n\t\t\t<div class=\"liner-continer\">\n\t\t\t\t<h2 class=\"woodmart-title-container title  wd-font-weight-600 wd-fontsize-l\" >MERENGUE 1 (mini) - Tende Vetro eleganti in Lino<\/h2>\n\t\t\t\t\t\t\t<\/div>\n\t\t\t\n\t\t\t\n\t\t\t\n\t\t<\/div>\n\t\t\n\t\t\t\t<div id=\"wd-67ec5e6bcefe2\" class=\"wd-text-block wd-wpb reset-last-child wd-rs-67ec5e6bcefe2 text-left \">\n\t\t\t<p><strong>Presentiamo con entusiasmo Merengue &#8211; <a href=\"https:\/\/www.marinigerardi.it\/shop\/prodotto\/tende-vetro-eleganti\/\">Tende Vetro in Lino moderna,<\/a><\/strong> una creazione che cattura l&#8217;attenzione con la sua straordinaria accattivante personalit\u00e0. Questa tendina a vetro si distingue per il suo design contemporaneo, realizzata attraverso un sapiente mix di tessuti in lino di alta qualit\u00e0.<\/p>\n\t\t<\/div>\n\t\t[vc_message message_box_style=&#8221;outline&#8221; message_box_color=&#8221;grey&#8221; css=&#8221;&#8221;]<\/p>\n<ul>\n<li>Opzione 1 \u2013 Tendine a Vetro con tunnel passante da 2 cm in alto e in basso.<\/li>\n<li>Opzione 2 \u2013 Tendine a Vetro con asole a passanti in alto e tunnel da 2 cm. in basso.<\/li>\n<li>Combinazione di 4 colori con balza\u00a0 superiore dal grande impatto visivo.<\/li>\n<\/ul>\n<p><strong>Per le misure non incluse<\/strong>, si prega inviare il dettaglio della dimensione desiderata all\u2019 indirizzo mail <strong>assistenza@marinigerardi.it<\/strong>[\/vc_message][\/vc_column][vc_column css=&#8221;.vc_custom_1612434787067{background-position: center !important;background-repeat: no-repeat !important;background-size: cover !important;}&#8221; offset=&#8221;vc_col-lg-6 vc_col-md-6&#8243; mobile_bg_img_hidden=&#8221;no&#8221; tablet_bg_img_hidden=&#8221;no&#8221; woodmart_parallax=&#8221;0&#8243; woodmart_sticky_column=&#8221;false&#8221; parallax_scroll=&#8221;no&#8221; mobile_reset_margin=&#8221;no&#8221; tablet_reset_margin=&#8221;no&#8221;]\t\t<div id=\"gallery_225\" class=\"wd-images-gallery wd-wpb photoswipe-images\" style=\"--wd-justify-content:left;--wd-align-items:center;\">\n\t\t\t\n\t\t\t<div class=\" wd-grid-g\" style=\"--wd-col-lg:2;--wd-col-md:2;--wd-col-sm:1;--wd-gap-lg:10px;\">\n\t\t\t\t\n\t\t\t\t\t\t\t\t\t\t\t\t\t\t\t<div class=\"wd-gallery-item wd-col\">\n\t\t\t\t\t\t\t\t\t\t\t\t\t\t<a href=\"https:\/\/www.marinigerardi.it\/shop\/wp-content\/uploads\/2021\/01\/tessuto-lino-a-righe-per-arredamento-vendita-carota-rossa.jpg\" data-elementor-open-lightbox=\"no\" data-index=\"1\" data-width=\"1024\" data-height=\"768\" \n\t\t\t\t\t\t\t\t\t\t\t\t\t\t\t\t\t\t\t\t\t\t\t\t\t\t\t\ttitle=\"Tessuto Lino A Righe Per Arredamento Vendita Carota Rossa\">\n\t\t\t\t\t\t\t\t\n\t\t\t\t\t\t\t\t<img decoding=\"async\" width=\"1024\" height=\"768\" src=\"https:\/\/www.marinigerardi.it\/shop\/wp-content\/uploads\/2021\/01\/tessuto-lino-a-righe-per-arredamento-vendita-carota-rossa.jpg.webp\" class=\"wd-gallery-image image-1\" alt=\"Tessuto Lino A Righe Per Arredamento Vendita Carota Rossa\" srcset=\"https:\/\/www.marinigerardi.it\/shop\/wp-content\/uploads\/2021\/01\/tessuto-lino-a-righe-per-arredamento-vendita-carota-rossa.jpg.webp 1024w, https:\/\/www.marinigerardi.it\/shop\/wp-content\/uploads\/2021\/01\/tessuto-lino-a-righe-per-arredamento-vendita-carota-rossa-450x338.jpg 450w, https:\/\/www.marinigerardi.it\/shop\/wp-content\/uploads\/2021\/01\/tessuto-lino-a-righe-per-arredamento-vendita-carota-rossa-1000x750.jpg 1000w, https:\/\/www.marinigerardi.it\/shop\/wp-content\/uploads\/2021\/01\/tessuto-lino-a-righe-per-arredamento-vendita-carota-rossa-300x225.jpg.webp 300w, https:\/\/www.marinigerardi.it\/shop\/wp-content\/uploads\/2021\/01\/tessuto-lino-a-righe-per-arredamento-vendita-carota-rossa-768x576.jpg.webp 768w\" sizes=\"(max-width: 1024px) 100vw, 1024px\" \/>\n\t\t\t\t\t\t\t\t\t\t\t\t\t\t\t<\/a>\n\t\t\t\t\t\t\t\t\t\t\t\t<\/div>\n\t\t\t\t\t\t\t\t\t\t\t<div class=\"wd-gallery-item wd-col\">\n\t\t\t\t\t\t\t\t\t\t\t\t\t\t<a href=\"https:\/\/www.marinigerardi.it\/shop\/wp-content\/uploads\/2021\/01\/tessuto-lino-a-righe-per-arredamento-a-metraggio-mattone.jpg\" data-elementor-open-lightbox=\"no\" data-index=\"2\" data-width=\"1024\" data-height=\"768\" \n\t\t\t\t\t\t\t\t\t\t\t\t\t\t\t\t\t\t\t\t\t\t\t\t\t\t\t\ttitle=\"Tessuto Lino A Righe Per Arredamento A Metraggio Mattone\">\n\t\t\t\t\t\t\t\t\n\t\t\t\t\t\t\t\t<img decoding=\"async\" width=\"1024\" height=\"768\" src=\"https:\/\/www.marinigerardi.it\/shop\/wp-content\/uploads\/2021\/01\/tessuto-lino-a-righe-per-arredamento-a-metraggio-mattone.jpg.webp\" class=\"wd-gallery-image image-2\" alt=\"Tessuto Lino A Righe Per Arredamento A Metraggio Mattone\" srcset=\"https:\/\/www.marinigerardi.it\/shop\/wp-content\/uploads\/2021\/01\/tessuto-lino-a-righe-per-arredamento-a-metraggio-mattone.jpg.webp 1024w, https:\/\/www.marinigerardi.it\/shop\/wp-content\/uploads\/2021\/01\/tessuto-lino-a-righe-per-arredamento-a-metraggio-mattone-450x338.jpg 450w, https:\/\/www.marinigerardi.it\/shop\/wp-content\/uploads\/2021\/01\/tessuto-lino-a-righe-per-arredamento-a-metraggio-mattone-1000x750.jpg 1000w, https:\/\/www.marinigerardi.it\/shop\/wp-content\/uploads\/2021\/01\/tessuto-lino-a-righe-per-arredamento-a-metraggio-mattone-300x225.jpg.webp 300w, https:\/\/www.marinigerardi.it\/shop\/wp-content\/uploads\/2021\/01\/tessuto-lino-a-righe-per-arredamento-a-metraggio-mattone-768x576.jpg.webp 768w\" sizes=\"(max-width: 1024px) 100vw, 1024px\" \/>\n\t\t\t\t\t\t\t\t\t\t\t\t\t\t\t<\/a>\n\t\t\t\t\t\t\t\t\t\t\t\t<\/div>\n\t\t\t\t\t\t\t\t\t\t\t<div class=\"wd-gallery-item wd-col\">\n\t\t\t\t\t\t\t\t\t\t\t\t\t\t<a href=\"https:\/\/www.marinigerardi.it\/shop\/wp-content\/uploads\/2021\/01\/tessuto-a-righe-per-arredamento-in-lino-vendita-metraggio-turchese.jpg\" data-elementor-open-lightbox=\"no\" data-index=\"3\" data-width=\"1024\" data-height=\"768\" \n\t\t\t\t\t\t\t\t\t\t\t\t\t\t\t\t\t\t\t\t\t\t\t\t\t\t\t\ttitle=\"Tessuto A Righe Per Arredamento In Lino Vendita Metraggio Turchese\">\n\t\t\t\t\t\t\t\t\n\t\t\t\t\t\t\t\t<img decoding=\"async\" width=\"1024\" height=\"768\" src=\"https:\/\/www.marinigerardi.it\/shop\/wp-content\/uploads\/2021\/01\/tessuto-a-righe-per-arredamento-in-lino-vendita-metraggio-turchese.jpg.webp\" class=\"wd-gallery-image image-3\" alt=\"Tessuto A Righe Per Arredamento In Lino Vendita Metraggio Turchese\" srcset=\"https:\/\/www.marinigerardi.it\/shop\/wp-content\/uploads\/2021\/01\/tessuto-a-righe-per-arredamento-in-lino-vendita-metraggio-turchese.jpg.webp 1024w, https:\/\/www.marinigerardi.it\/shop\/wp-content\/uploads\/2021\/01\/tessuto-a-righe-per-arredamento-in-lino-vendita-metraggio-turchese-450x338.jpg 450w, https:\/\/www.marinigerardi.it\/shop\/wp-content\/uploads\/2021\/01\/tessuto-a-righe-per-arredamento-in-lino-vendita-metraggio-turchese-1000x750.jpg 1000w, https:\/\/www.marinigerardi.it\/shop\/wp-content\/uploads\/2021\/01\/tessuto-a-righe-per-arredamento-in-lino-vendita-metraggio-turchese-300x225.jpg.webp 300w, https:\/\/www.marinigerardi.it\/shop\/wp-content\/uploads\/2021\/01\/tessuto-a-righe-per-arredamento-in-lino-vendita-metraggio-turchese-768x576.jpg.webp 768w\" sizes=\"(max-width: 1024px) 100vw, 1024px\" \/>\n\t\t\t\t\t\t\t\t\t\t\t\t\t\t\t<\/a>\n\t\t\t\t\t\t\t\t\t\t\t\t<\/div>\n\t\t\t\t\t\t\t\t\t\t\t<div class=\"wd-gallery-item wd-col\">\n\t\t\t\t\t\t\t\t\t\t\t\t\t\t<a href=\"https:\/\/www.marinigerardi.it\/shop\/wp-content\/uploads\/2021\/01\/tessuto-a-righe-per-arredamento-in-lino-vendita-giallo-canarino.jpg\" data-elementor-open-lightbox=\"no\" data-index=\"4\" data-width=\"1024\" data-height=\"768\" \n\t\t\t\t\t\t\t\t\t\t\t\t\t\t\t\t\t\t\t\t\t\t\t\t\t\t\t\ttitle=\"Tessuto A Righe Per Arredamento In Lino Vendita Giallo Canarino\">\n\t\t\t\t\t\t\t\t\n\t\t\t\t\t\t\t\t<img decoding=\"async\" width=\"1024\" height=\"768\" src=\"https:\/\/www.marinigerardi.it\/shop\/wp-content\/uploads\/2021\/01\/tessuto-a-righe-per-arredamento-in-lino-vendita-giallo-canarino.jpg.webp\" class=\"wd-gallery-image image-4\" alt=\"Tessuto A Righe Per Arredamento In Lino Vendita Giallo Canarino\" srcset=\"https:\/\/www.marinigerardi.it\/shop\/wp-content\/uploads\/2021\/01\/tessuto-a-righe-per-arredamento-in-lino-vendita-giallo-canarino.jpg.webp 1024w, https:\/\/www.marinigerardi.it\/shop\/wp-content\/uploads\/2021\/01\/tessuto-a-righe-per-arredamento-in-lino-vendita-giallo-canarino-450x338.jpg 450w, https:\/\/www.marinigerardi.it\/shop\/wp-content\/uploads\/2021\/01\/tessuto-a-righe-per-arredamento-in-lino-vendita-giallo-canarino-1000x750.jpg 1000w, https:\/\/www.marinigerardi.it\/shop\/wp-content\/uploads\/2021\/01\/tessuto-a-righe-per-arredamento-in-lino-vendita-giallo-canarino-300x225.jpg.webp 300w, https:\/\/www.marinigerardi.it\/shop\/wp-content\/uploads\/2021\/01\/tessuto-a-righe-per-arredamento-in-lino-vendita-giallo-canarino-768x576.jpg.webp 768w\" sizes=\"(max-width: 1024px) 100vw, 1024px\" \/>\n\t\t\t\t\t\t\t\t\t\t\t\t\t\t\t<\/a>\n\t\t\t\t\t\t\t\t\t\t\t\t<\/div>\n\t\t\t\t\t\t\t\t\t\n\t\t\t\t\t\t\t<\/div>\n\n\t\t\t\t\t<\/div>\n\t\t[\/vc_column][\/vc_row][vc_row][vc_column][vc_text_separator title=&#8221;&#8221; css=&#8221;.vc_custom_1743529332032{margin-top: 20px !important;margin-bottom: 20px !important;}&#8221;]\n\t\t<div id=\"wd-67ec41b9b41a5\" class=\"title-wrapper wd-wpb wd-set-mb reset-last-child  wd-rs-67ec41b9b41a5 wd-title-color-default wd-title-style-bordered text-center  wd-underline-colored\">\n\t\t\t\n\t\t\t<div class=\"liner-continer\">\n\t\t\t\t<h3 class=\"woodmart-title-container title  wd-font-weight-600 wd-fontsize-l\" >MERENGUE (mini) - Tende Vetro eleganti in Lino<\/h3>\n\t\t\t\t\t\t\t<\/div>\n\t\t\t\n\t\t\t\n\t\t\t\n\t\t<\/div>\n\t\t\n\t\t[\/vc_column][\/vc_row][vc_row content_placement=&#8221;middle&#8221; woodmart_bg_position=&#8221;center-bottom&#8221; css=&#8221;.vc_custom_1691403114891{background-color: #f3f3f3 !important;background-position: 0 0 !important;background-repeat: no-repeat !important;}&#8221; el_class=&#8221;mobile-bg-img-hidden&#8221; mobile_bg_img_hidden=&#8221;no&#8221; tablet_bg_img_hidden=&#8221;no&#8221; woodmart_parallax=&#8221;0&#8243; woodmart_gradient_switch=&#8221;no&#8221; row_reverse_mobile=&#8221;0&#8243; row_reverse_tablet=&#8221;0&#8243; woodmart_disable_overflow=&#8221;0&#8243; woodmart_css_id=&#8221;64d0c35eb6c05&#8243; responsive_spacing=&#8221;eyJwYXJhbV90eXBlIjoid29vZG1hcnRfcmVzcG9uc2l2ZV9zcGFjaW5nIiwic2VsZWN0b3JfaWQiOiI2NGQwYzM1ZWI2YzA1Iiwic2hvcnRjb2RlIjoidmNfcm93IiwiZGF0YSI6eyJ0YWJsZXQiOnt9LCJtb2JpbGUiOnt9fX0=&#8221; woodmart_box_shadow=&#8221;yes&#8221; wd_box_shadow=&#8221;eyJkZXZpY2VzIjp7ImRlc2t0b3AiOnsiaG9yaXpvbnRhbCI6IjAiLCJ2ZXJ0aWNhbCI6IjAiLCJibHVyIjoiOSIsInNwcmVhZCI6IjAiLCJjb2xvciI6InJnYmEoMCwgMCwgMCwgLjE1KSJ9fX0=&#8221; wd_z_index=&#8221;no&#8221;][vc_column mobile_bg_img_hidden=&#8221;no&#8221; tablet_bg_img_hidden=&#8221;no&#8221; woodmart_parallax=&#8221;0&#8243; woodmart_sticky_column=&#8221;false&#8221; parallax_scroll=&#8221;no&#8221; mobile_reset_margin=&#8221;no&#8221; tablet_reset_margin=&#8221;no&#8221;][vc_single_image image=&#8221;79386&#8243; img_size=&#8221;full&#8221; alignment=&#8221;center&#8221; onclick=&#8221;link_image&#8221; css=&#8221;&#8221; parallax_scroll=&#8221;no&#8221; woodmart_inline=&#8221;no&#8221;][\/vc_column][\/vc_row][vc_row][vc_column]\n\t\t<div id=\"wd-67ec5eb532daf\" class=\"title-wrapper wd-wpb wd-set-mb reset-last-child  wd-rs-67ec5eb532daf wd-title-color-primary wd-title-style-bordered text-center justify  wd-underline-colored\">\n\t\t\t\n\t\t\t<div class=\"liner-continer\">\n\t\t\t\t<h3 class=\"woodmart-title-container title  wd-font-weight-600 wd-fontsize-l\" >MERENGUE (mini) - Tende Vetro eleganti in Lino<\/h3>\n\t\t\t\t\t\t\t<\/div>\n\t\t\t\n\t\t\t\t\t\t\t<div class=\"title-after_title reset-last-child  wd-fontsize-xs\">Uniche ed Originali<\/div>\n\t\t\t\n\t\t\t\n\t\t<\/div>\n\t\t\n\t\t[vc_column_text css=&#8221;&#8221; text_larger=&#8221;no&#8221; woodmart_inline=&#8221;no&#8221;]<\/p>\n<p style=\"text-align: justify;\"><strong>Merengue (mini) \u00e8 caratterizzata da una fusione di elementi distintivi<\/strong>: da un lato, un tessuto a righe che sfoggia delicati colori pastello, e dall&#8217;altro, una base in tinta unita chiara, conferendole un aspetto fresco e innovativo che cattura lo sguardo e stimola l&#8217;immaginazione.<\/p>\n<p style=\"text-align: justify;\"><strong>Quando si tratta di arredare la propria casa, la scelta del tessuto \u00e8 un passo cruciale.<\/strong> Analizzare attentamente lo stile degli spazi \u00e8 fondamentale per mettere in risalto al meglio l&#8217;ambiente. Tuttavia, \u00e8 nei dettagli che si trova la chiave per rendere unico ogni contesto. Niente deve essere lasciato al caso, perch\u00e9 sono proprio questi piccoli dettagli che contribuiscono a creare un&#8217;atmosfera unica e coinvolgente.<\/p>\n<p>[\/vc_column_text][\/vc_column][\/vc_row]<\/p>\n<\/div>","protected":false},"excerpt":{"rendered":"<p style=\"text-align: justify;\"><strong>MERENGUE 1 (mini)<\/strong> &#8211;\u00a0 Tende Vetro eleganti in Lino<span class=\"tagify__tag-text\" contenteditable=\"true\" spellcheck=\"false\" data-lt-tmp-id=\"lt-42121\" data-gramm=\"false\">\u00a0&#8211;<\/span> Tendine in lino italiano 100% con base TINTA UNITA e balza superiore a righe orizzontali.<\/p>\n","protected":false},"featured_media":79378,"template":"","meta":[],"product_brand":[],"product_cat":[2411,3094,3092,3869,3161],"product_tag":[],"class_list":{"0":"post-79376","1":"product","2":"type-product","3":"status-publish","4":"has-post-thumbnail","6":"product_cat-tende-a-vetro","7":"product_cat-tende-a-vetro-classiche","8":"product_cat-tende-a-vetro-moderne","9":"product_cat-tende-da-vetro-moderne","10":"product_cat-tendine-moderne","12":"first","13":"instock","14":"taxable","15":"shipping-taxable","16":"purchasable","17":"product-type-simple"},"_links":{"self":[{"href":"https:\/\/www.marinigerardi.it\/shop\/wp-json\/wp\/v2\/product\/79376","targetHints":{"allow":["GET"]}}],"collection":[{"href":"https:\/\/www.marinigerardi.it\/shop\/wp-json\/wp\/v2\/product"}],"about":[{"href":"https:\/\/www.marinigerardi.it\/shop\/wp-json\/wp\/v2\/types\/product"}],"wp:featuredmedia":[{"embeddable":true,"href":"https:\/\/www.marinigerardi.it\/shop\/wp-json\/wp\/v2\/media\/79378"}],"wp:attachment":[{"href":"https:\/\/www.marinigerardi.it\/shop\/wp-json\/wp\/v2\/media?parent=79376"}],"wp:term":[{"taxonomy":"product_brand","embeddable":true,"href":"https:\/\/www.marinigerardi.it\/shop\/wp-json\/wp\/v2\/product_brand?post=79376"},{"taxonomy":"product_cat","embeddable":true,"href":"https:\/\/www.marinigerardi.it\/shop\/wp-json\/wp\/v2\/product_cat?post=79376"},{"taxonomy":"product_tag","embeddable":true,"href":"https:\/\/www.marinigerardi.it\/shop\/wp-json\/wp\/v2\/product_tag?post=79376"}],"curies":[{"name":"wp","href":"https:\/\/api.w.org\/{rel}","templated":true}]}}