{"id":7932,"date":"2021-01-28T10:39:36","date_gmt":"2021-01-28T10:39:36","guid":{"rendered":"https:\/\/marinigerardi.it\/shop\/product\/import-placeholder-for-10410\/"},"modified":"2026-01-26T18:16:12","modified_gmt":"2026-01-26T18:16:12","slug":"asciugamani-e-set-lava-mani-bagno-x16","status":"publish","type":"product","link":"https:\/\/www.marinigerardi.it\/shop\/prodotto\/asciugamani-e-set-lava-mani-bagno-x16\/","title":{"rendered":"Asciugamani e Set Lavamani &#8211; Fru Fru  X16"},"content":{"rendered":"<div class=\"wpb-content-wrapper\"><p>[vc_row equal_height=&#8221;yes&#8221; mobile_bg_img_hidden=&#8221;no&#8221; tablet_bg_img_hidden=&#8221;no&#8221; woodmart_parallax=&#8221;0&#8243; woodmart_gradient_switch=&#8221;no&#8221; row_reverse_mobile=&#8221;0&#8243; row_reverse_tablet=&#8221;0&#8243; woodmart_disable_overflow=&#8221;0&#8243;][vc_column offset=&#8221;vc_col-lg-6 vc_col-md-6&#8243; mobile_bg_img_hidden=&#8221;no&#8221; tablet_bg_img_hidden=&#8221;no&#8221; woodmart_parallax=&#8221;0&#8243; woodmart_sticky_column=&#8221;false&#8221; parallax_scroll=&#8221;no&#8221; mobile_reset_margin=&#8221;no&#8221; tablet_reset_margin=&#8221;no&#8221; css=&#8221;.vc_custom_1613071403480{margin-top: 0px !important;}&#8221;]\n\t\t<div id=\"wd-69466d6c243c9\" class=\"title-wrapper wd-wpb wd-set-mb reset-last-child  wd-rs-69466d6c243c9 wd-title-color-primary wd-title-style-bordered text-left vc_custom_1766223172808 wd-underline-colored\">\n\t\t\t\n\t\t\t<div class=\"liner-continer\">\n\t\t\t\t<h2 class=\"woodmart-title-container title  wd-font-weight- wd-fontsize-l\" >Asciugamani e Set Lava mani - Fru Fru X16 la texture esclusiva che fa la differenza nel tuo bagno!<\/h2>\n\t\t\t\t\t\t\t<\/div>\n\t\t\t\n\t\t\t\n\t\t\t\n\t\t<\/div>\n\t\t\n\t\t\t\t<div id=\"wd-6977a65b58090\" class=\"wd-text-block wd-wpb reset-last-child wd-rs-6977a65b58090 text-left \">\n\t\t\t<p>Puro lino 100% dalla Mano Forte e Morbida con una struttura solida, di grande pregio e qualit\u00e0 a trama stretta con struttura a rete visibile, luminoso, corposo e piacevole al tatto.<br \/>\n<strong>Emozioni tessute con cura: Asciugamani di lino, il comfort autentico!<\/strong><\/p>\n\t\t<\/div>\n\t\t[vc_tta_accordion title_tag=&#8221;h3&#8243; section_title_tag=&#8221;h3&#8243; active_section=&#8221;&#8221; collapsible_all=&#8221;true&#8221;][vc_tta_section title=&#8221;Info &amp; Scheda Prodotto&#8221; tab_id=&#8221;1769449060624-beb07931-95bc&#8221;]\t\t\t<div class=\"info-box-wrapper\">\n\t\t\t\t<div id=\"wd-6977af591bd12\" class=\" wd-rs-6977af591bd12 wd-info-box wd-wpb text-left box-icon-align-top box-style-border color-scheme-dark wd-bg-none \">\n\t\t\t\t\t\t\t\t\t\t<div class=\"info-box-content\">\n\t\t\t\t\t\t\t\t\t\t\t\t<div class=\"info-box-inner reset-last-child\"><\/p>\n<ul>\n<li><strong>Set composto da n.2 Teli:<\/strong>\u00a0 60 x 100 cm. + 40 x 60 cm. (corpo \/ viso \/ mani)<\/li>\n<li><strong>Un Telo Corpo<\/strong>\u00a0135 x 100 cm.<\/li>\n<li><strong>Set Salviette Mani per Ospiti da 5 pz.<\/strong>\u00a030 x 40 cm. (solo bordino)<\/li>\n<li><strong><a href=\"https:\/\/www.marinigerardi.it\/shop\/prodotto\/asciugamani-e-set-lava-mani-bagno-x16\/\">Puro Lino<\/a>:<\/strong>\u00a0gr 322 mq\u00b2;<\/li>\n<li>In pronta consegna: 5\/9 gg. lav.<\/li>\n<\/ul>\n<p><strong>Collezioni e modelli unici, altamente professionali by Marini&amp;Gerardi.<br \/>\n<\/strong>Per misure particolari vi preghiamo di contattarci all\u2019 Indirizzo mail\u00a0<strong>assistenza@marinigerardi.it<\/strong><\/p>\n<\/div>\n\n\t\t\t\t\t\t\t\t\t\t\t<\/div>\n\n\t\t\t\t\t\n\t\t\t\t\t\t\t\t\t<\/div>\n\t\t\t<\/div>\n\t\t[\/vc_tta_section][\/vc_tta_accordion][\/vc_column][vc_column css=&#8221;.vc_custom_1612434787067{background-position: center !important;background-repeat: no-repeat !important;background-size: cover !important;}&#8221; offset=&#8221;vc_col-lg-6 vc_col-md-6&#8243; mobile_bg_img_hidden=&#8221;no&#8221; tablet_bg_img_hidden=&#8221;no&#8221; woodmart_parallax=&#8221;0&#8243; woodmart_sticky_column=&#8221;false&#8221; parallax_scroll=&#8221;no&#8221; mobile_reset_margin=&#8221;no&#8221; tablet_reset_margin=&#8221;no&#8221;]\t\t<div id=\"gallery_375\" class=\"wd-images-gallery wd-wpb photoswipe-images\" style=\"--wd-justify-content:left;--wd-align-items:center;\">\n\t\t\t\n\t\t\t<div class=\" wd-grid-g\" style=\"--wd-col-lg:1;--wd-col-md:1;--wd-col-sm:1;--wd-gap-lg:10px;\">\n\t\t\t\t\n\t\t\t\t\t\t\t\t\t\t\t\t\t\t\t<div class=\"wd-gallery-item wd-col\">\n\t\t\t\t\t\t\t\t\t\t\t\t\t\t<a href=\"https:\/\/www.marinigerardi.it\/shop\/wp-content\/uploads\/2021\/01\/asciugamani-bagno-moderni-di-lino-colore-avio-X16.jpg\" data-elementor-open-lightbox=\"no\" data-index=\"1\" data-width=\"1024\" data-height=\"768\" \n\t\t\t\t\t\t\t\t\t\t\t\t\t\t\t\t\t\t\t\t\t\t\t\t\t\t\t\ttitle=\"Asciugamani Bagno Moderni Di Lino Colore Glicine X16\">\n\t\t\t\t\t\t\t\t\n\t\t\t\t\t\t\t\t<img decoding=\"async\" width=\"1024\" height=\"768\" src=\"https:\/\/www.marinigerardi.it\/shop\/wp-content\/uploads\/2021\/01\/asciugamani-bagno-moderni-di-lino-colore-avio-X16.jpg.webp\" class=\"wd-gallery-image image-1\" alt=\"Asciugamani Bagno Moderni Di Lino Colore Glicine X16\" srcset=\"https:\/\/www.marinigerardi.it\/shop\/wp-content\/uploads\/2021\/01\/asciugamani-bagno-moderni-di-lino-colore-avio-X16.jpg.webp 1024w, https:\/\/www.marinigerardi.it\/shop\/wp-content\/uploads\/2021\/01\/asciugamani-bagno-moderni-di-lino-colore-avio-X16-450x338.jpg 450w, https:\/\/www.marinigerardi.it\/shop\/wp-content\/uploads\/2021\/01\/asciugamani-bagno-moderni-di-lino-colore-avio-X16-1000x750.jpg 1000w, https:\/\/www.marinigerardi.it\/shop\/wp-content\/uploads\/2021\/01\/asciugamani-bagno-moderni-di-lino-colore-avio-X16-300x225.jpg.webp 300w, https:\/\/www.marinigerardi.it\/shop\/wp-content\/uploads\/2021\/01\/asciugamani-bagno-moderni-di-lino-colore-avio-X16-768x576.jpg.webp 768w\" sizes=\"(max-width: 1024px) 100vw, 1024px\" \/>\n\t\t\t\t\t\t\t\t\t\t\t\t\t\t\t<\/a>\n\t\t\t\t\t\t\t\t\t\t\t\t<\/div>\n\t\t\t\t\t\t\t\t\t\n\t\t\t\t\t\t\t<\/div>\n\n\t\t\t\t\t<\/div>\n\t\t[\/vc_column][\/vc_row][vc_row][vc_column]\n\t\t<div id=\"wd-69466dfdc9512\" class=\"title-wrapper wd-wpb wd-set-mb reset-last-child  wd-rs-69466dfdc9512 wd-title-color-default wd-title-style-default text-center  wd-underline-colored\">\n\t\t\t\n\t\t\t<div class=\"liner-continer\">\n\t\t\t\t<h3 class=\"woodmart-title-container title  wd-font-weight- wd-fontsize-l\" >Asciugamani e Set Lavamani<\/h3>\n\t\t\t\t\t\t\t<\/div>\n\t\t\t\n\t\t\t\n\t\t\t\n\t\t<\/div>\n\t\t\n\t\t[\/vc_column][\/vc_row][vc_row content_placement=&#8221;middle&#8221; woodmart_bg_position=&#8221;center-bottom&#8221; css=&#8221;.vc_custom_1612561188989{background-color: #e5e5e5 !important;background-position: 0 0 !important;background-repeat: no-repeat !important;}&#8221; el_class=&#8221;mobile-bg-img-hidden&#8221; mobile_bg_img_hidden=&#8221;no&#8221; tablet_bg_img_hidden=&#8221;no&#8221; woodmart_parallax=&#8221;0&#8243; woodmart_gradient_switch=&#8221;no&#8221; row_reverse_mobile=&#8221;0&#8243; row_reverse_tablet=&#8221;0&#8243; woodmart_disable_overflow=&#8221;0&#8243;][vc_column mobile_bg_img_hidden=&#8221;no&#8221; tablet_bg_img_hidden=&#8221;no&#8221; woodmart_parallax=&#8221;0&#8243; woodmart_sticky_column=&#8221;false&#8221; parallax_scroll=&#8221;no&#8221; mobile_reset_margin=&#8221;no&#8221; tablet_reset_margin=&#8221;no&#8221;][vc_single_image image=&#8221;13206&#8243; img_size=&#8221;full&#8221; alignment=&#8221;center&#8221; onclick=&#8221;link_image&#8221; css=&#8221;.vc_custom_1690820306891{margin-right: 20px !important;}&#8221; parallax_scroll=&#8221;no&#8221; woodmart_inline=&#8221;no&#8221;][\/vc_column][\/vc_row][vc_row][vc_column]\n\t\t<div id=\"wd-69466e0fd141b\" class=\"title-wrapper wd-wpb wd-set-mb reset-last-child  wd-rs-69466e0fd141b wd-title-color-primary wd-title-style-underlined text-center justify  wd-underline-colored\">\n\t\t\t\n\t\t\t<div class=\"liner-continer\">\n\t\t\t\t<h3 class=\"woodmart-title-container title  wd-font-weight- wd-fontsize-l\" >Asciugamani e Set Lava mani - Fru Fru X16 \u2013 Fru Fru X16 Stile e sostenibilit\u00e0 in un unico gesto.<\/h3>\n\t\t\t\t\t\t\t<\/div>\n\t\t\t\n\t\t\t\n\t\t\t\n\t\t<\/div>\n\t\t\n\t\t\t\t<div id=\"wd-69466d95e09d2\" class=\"wd-text-block wd-wpb reset-last-child wd-rs-69466d95e09d2 text-left \">\n\t\t\t<p><strong>Benvenuti nel mondo dei asciugamani di lino,<\/strong> dove il comfort e l&#8217;eleganza si fondono in un&#8217;esperienza senza pari. Se desiderate asciugamani sottili e robusti, capaci di asciugarsi rapidamente e di respingere la formazione di muffa, il lino \u00e8 la scelta perfetta. Le propriet\u00e0 intrinseche antimicrobiche del lino garantiranno una sensazione di freschezza e pulizia ogni volta che li userete.<br \/>\n<strong>L&#8217;asciugamano di lino pu\u00f2 sorprendervi<\/strong> con la sua sensazione &#8220;croccante&#8221;, un vero e proprio trattamento corroborante e rinvigorente per la pelle. Questa caratteristica esclusiva \u00e8 particolarmente apprezzata dagli adulti che amano coccolarsi con qualcosa di unico e lussuoso.<br \/>\n<strong>La nostra collezione di asciugamani di lino offre opzioni chic e delicate, <\/strong>tra cui il classico bianco naturale, l&#8217;elegante antracite e una variet\u00e0 di colori pastello per soddisfare i vostri gusti e abbinarsi al vostro stile di arredamento. Ogni pezzo \u00e8 realizzato con cura e attenzione per garantire una combinazione perfetta di qualit\u00e0 e raffinatezza.<br \/>\n<strong>Siamo consapevoli che la sensazione &#8220;croccante&#8221; potrebbe non essere adatta a tutti,<\/strong> e per coloro che preferiscono asciugamani morbidi e soffici, vi consigliamo di esplorare altre tipologie di tessuti. Tuttavia, se siete pronti a sperimentare il lino, vi promettiamo un&#8217;esperienza unica e gratificante per la vostra pelle.<br \/>\n<strong>Scegliere i nostri asciugamani di lino significa abbracciare uno stile di vita<\/strong> di classe, eleganza e sostenibilit\u00e0. Il lino \u00e8 un materiale ecologico e resistente, che vi accompagner\u00e0 per lungo tempo, riducendo cos\u00ec la necessit\u00e0 di sostituzioni frequenti.<br \/>\n<strong>Non perdete l&#8217;occasione di scoprire la meraviglia degli asciugamani di lino.<\/strong> Che sia un regalo per voi stessi o per una persona cara, siamo certi che apprezzerete la qualit\u00e0, l&#8217;aspetto raffinato e la sensazione unica che solo il lino pu\u00f2 offrire.<br \/>\n<strong>Venite a scoprire la nostra collezione <\/strong>di asciugamani di lino e immergetevi in un&#8217;esperienza di lusso e comfort che non dimenticherete mai! Sentirete la vostra pelle pulita, luminosa e risvegliata come mai prima d&#8217;ora. Acquistate i nostri asciugamani di lino oggi stesso e sperimentate la differenza!<\/p>\n\t\t<\/div>\n\t\t[\/vc_column][\/vc_row]<\/p>\n<\/div>","protected":false},"excerpt":{"rendered":"<p><strong>Esclusivit\u00e0 nel dettaglio: Set Asciugamani di lino, il lusso autentico che ami!<\/strong> 100% lino, per il viso 60 x 100 cm, per le mani\u00a0 40 x 60 cm. Set Ospiti 30 x 40 cm.<\/p>\n","protected":false},"featured_media":13204,"template":"","meta":[],"product_brand":[],"product_cat":[1500],"product_tag":[755,756],"class_list":{"0":"post-7932","1":"product","2":"type-product","3":"status-publish","4":"has-post-thumbnail","6":"product_cat-asciugamani","7":"product_tag-asciugamani-di-lino","8":"product_tag-asciugamani-set","10":"first","11":"instock","12":"taxable","13":"shipping-taxable","14":"purchasable","15":"product-type-simple"},"_links":{"self":[{"href":"https:\/\/www.marinigerardi.it\/shop\/wp-json\/wp\/v2\/product\/7932","targetHints":{"allow":["GET"]}}],"collection":[{"href":"https:\/\/www.marinigerardi.it\/shop\/wp-json\/wp\/v2\/product"}],"about":[{"href":"https:\/\/www.marinigerardi.it\/shop\/wp-json\/wp\/v2\/types\/product"}],"wp:featuredmedia":[{"embeddable":true,"href":"https:\/\/www.marinigerardi.it\/shop\/wp-json\/wp\/v2\/media\/13204"}],"wp:attachment":[{"href":"https:\/\/www.marinigerardi.it\/shop\/wp-json\/wp\/v2\/media?parent=7932"}],"wp:term":[{"taxonomy":"product_brand","embeddable":true,"href":"https:\/\/www.marinigerardi.it\/shop\/wp-json\/wp\/v2\/product_brand?post=7932"},{"taxonomy":"product_cat","embeddable":true,"href":"https:\/\/www.marinigerardi.it\/shop\/wp-json\/wp\/v2\/product_cat?post=7932"},{"taxonomy":"product_tag","embeddable":true,"href":"https:\/\/www.marinigerardi.it\/shop\/wp-json\/wp\/v2\/product_tag?post=7932"}],"curies":[{"name":"wp","href":"https:\/\/api.w.org\/{rel}","templated":true}]}}