{"id":7913,"date":"2021-01-28T10:39:13","date_gmt":"2021-01-28T10:39:13","guid":{"rendered":"https:\/\/marinigerardi.it\/shop\/product\/import-placeholder-for-10304\/"},"modified":"2023-07-24T14:02:39","modified_gmt":"2023-07-24T14:02:39","slug":"sciarpe-foulard-in-lino-voglia-destate","status":"publish","type":"product","link":"https:\/\/www.marinigerardi.it\/shop\/prodotto\/sciarpe-foulard-in-lino-voglia-destate\/","title":{"rendered":"Sciarpe Foulard in Lino Voglia d&#8217;Estate"},"content":{"rendered":"<div class=\"wpb-content-wrapper\"><p>[vc_row equal_height=&#8221;yes&#8221; mobile_bg_img_hidden=&#8221;no&#8221; tablet_bg_img_hidden=&#8221;no&#8221; woodmart_parallax=&#8221;0&#8243; woodmart_gradient_switch=&#8221;no&#8221; row_reverse_mobile=&#8221;0&#8243; row_reverse_tablet=&#8221;0&#8243; woodmart_disable_overflow=&#8221;0&#8243;][vc_column offset=&#8221;vc_col-lg-6 vc_col-md-6&#8243; mobile_bg_img_hidden=&#8221;no&#8221; tablet_bg_img_hidden=&#8221;no&#8221; woodmart_parallax=&#8221;0&#8243; woodmart_sticky_column=&#8221;false&#8221; parallax_scroll=&#8221;no&#8221; mobile_reset_margin=&#8221;no&#8221; tablet_reset_margin=&#8221;no&#8221; css=&#8221;.vc_custom_1613071403480{margin-top: 0px !important;}&#8221;]\n\t\t<div id=\"wd-61df205442643\" class=\"title-wrapper wd-wpb wd-set-mb reset-last-child  wd-rs-61df205442643 wd-title-color-primary wd-title-style-bordered text-left vc_custom_1642012768058 wd-underline-colored\">\n\t\t\t\n\t\t\t<div class=\"liner-continer\">\n\t\t\t\t<h2 class=\"woodmart-title-container title  wd-font-weight-500 wd-fontsize-l\" >Sciarpe Foulard in Lino Voglia d\u2019Estate<\/h2>\n\t\t\t\t\t\t\t<\/div>\n\t\t\t\n\t\t\t\n\t\t\t\n\t\t<\/div>\n\t\t\n\t\t[mpc_textblock content_width=&#8221;100&#8243; font_preset=&#8221;default&#8221; font_color=&#8221;#000000&#8243; margin_divider=&#8221;true&#8221; margin_css=&#8221;margin-bottom:20px;&#8221; mpc_tooltip__border_divider=&#8221;true&#8221; mpc_tooltip__padding_divider=&#8221;true&#8221;]<\/p>\n<p style=\"text-align: justify;\">Un <a href=\"https:\/\/www.marinigerardi.it\/shop\/prodotto\/sciarpe-foulard-in-lino-voglia-destate\/\">Tessuto Lino<\/a> 100% tinto in filo di primissima\u00a0qualit\u00e0, che\u00a0combina con grande sensibilit\u00e0 i colori della natura. <strong>Un Tessuto SPLENDIDO\u00a0di una modernit\u00e0 e attualit\u00e0 assoluta.<\/strong><\/p>\n<p>[\/mpc_textblock]\t\t\t<div class=\"info-box-wrapper\">\n\t\t\t\t<div id=\"wd-64be7f81340b4\" class=\" wd-rs-64be7f81340b4 wd-info-box wd-wpb text-left box-icon-align-top box-style-border color-scheme-dark wd-bg-none \">\n\t\t\t\t\t\t\t\t\t\t<div class=\"info-box-content\">\n\t\t\t\t\t\t\t\t\t\t\t\t<div class=\"info-box-inner reset-last-child\"><\/p>\n<ul>\n<li><strong>UNISEX: tessuto\u00a0originale per grandi sciarpe donna;<\/strong><\/li>\n<li><strong>Lavaggio:<\/strong> si consiglia il lavaggio a mano con detersivi delicati e senza strofinare o strizzare. Disporre per l\u2019asciugatura in posizione orizzontale.<\/li>\n<\/ul>\n<p>Per misure particolari vi preghiamo di contattarci al Indirizzo mail <strong>assistenza@marinigerardi.it<\/strong><\/p>\n<\/div>\n\n\t\t\t\t\t\t\t\t\t\t\t<\/div>\n\n\t\t\t\t\t\n\t\t\t\t\t\t\t\t\t<\/div>\n\t\t\t<\/div>\n\t\t[\/vc_column][vc_column css=&#8221;.vc_custom_1612434787067{background-position: center !important;background-repeat: no-repeat !important;background-size: cover !important;}&#8221; offset=&#8221;vc_col-lg-6 vc_col-md-6&#8243; mobile_bg_img_hidden=&#8221;no&#8221; tablet_bg_img_hidden=&#8221;no&#8221; woodmart_parallax=&#8221;0&#8243; woodmart_sticky_column=&#8221;false&#8221; parallax_scroll=&#8221;no&#8221; mobile_reset_margin=&#8221;no&#8221; tablet_reset_margin=&#8221;no&#8221;]\t\t<div id=\"gallery_681\" class=\"wd-images-gallery wd-wpb wd-rs-64be8239ecc8c photoswipe-images\" style=\"--wd-justify-content:center;--wd-align-items:center;\">\n\t\t\t\n\t\t\t<div class=\" wd-grid-g\" style=\"--wd-col-lg:4;--wd-col-md:4;--wd-col-sm:1;--wd-gap-lg:6px;\">\n\t\t\t\t\n\t\t\t\t\t\t\t\t\t\t\t\t\t\t\t<div class=\"wd-gallery-item wd-col\">\n\t\t\t\t\t\t\t\t\t\t\t\t\t\t<a href=\"https:\/\/www.marinigerardi.it\/shop\/wp-content\/uploads\/2021\/01\/fular-da-donna-in-lino-bianco-naturale-splendido.jpg\" data-elementor-open-lightbox=\"no\" data-index=\"1\" data-width=\"1030\" data-height=\"1030\" \n\t\t\t\t\t\t\t\t\t\t\t\t\t\t\t\t\t\t\t\t\t\t\t\t\t\t\t\ttitle=\"fular da donna in lino bianco naturale splendido\">\n\t\t\t\t\t\t\t\t\n\t\t\t\t\t\t\t\t<img decoding=\"async\" width=\"300\" height=\"300\" src=\"https:\/\/www.marinigerardi.it\/shop\/wp-content\/uploads\/2021\/01\/fular-da-donna-in-lino-bianco-naturale-splendido-300x300.jpg.webp\" class=\"wd-gallery-image image-1\" alt=\"fular da donna in lino bianco naturale splendido\" srcset=\"https:\/\/www.marinigerardi.it\/shop\/wp-content\/uploads\/2021\/01\/fular-da-donna-in-lino-bianco-naturale-splendido-300x300.jpg.webp 300w, https:\/\/www.marinigerardi.it\/shop\/wp-content\/uploads\/2021\/01\/fular-da-donna-in-lino-bianco-naturale-splendido-450x450.jpg 450w, https:\/\/www.marinigerardi.it\/shop\/wp-content\/uploads\/2021\/01\/fular-da-donna-in-lino-bianco-naturale-splendido-1000x1000.jpg 1000w, https:\/\/www.marinigerardi.it\/shop\/wp-content\/uploads\/2021\/01\/fular-da-donna-in-lino-bianco-naturale-splendido-1024x1024.jpg.webp 1024w, https:\/\/www.marinigerardi.it\/shop\/wp-content\/uploads\/2021\/01\/fular-da-donna-in-lino-bianco-naturale-splendido-150x150.jpg.webp 150w, https:\/\/www.marinigerardi.it\/shop\/wp-content\/uploads\/2021\/01\/fular-da-donna-in-lino-bianco-naturale-splendido-768x768.jpg.webp 768w, https:\/\/www.marinigerardi.it\/shop\/wp-content\/uploads\/2021\/01\/fular-da-donna-in-lino-bianco-naturale-splendido.jpg.webp 1030w\" sizes=\"(max-width: 300px) 100vw, 300px\" \/>\n\t\t\t\t\t\t\t\t\t\t\t\t\t\t\t<\/a>\n\t\t\t\t\t\t\t\t\t\t\t\t<\/div>\n\t\t\t\t\t\t\t\t\t\t\t<div class=\"wd-gallery-item wd-col\">\n\t\t\t\t\t\t\t\t\t\t\t\t\t\t<a href=\"https:\/\/www.marinigerardi.it\/shop\/wp-content\/uploads\/2021\/01\/sciarpa-uomo-oversize-foulard-in-lino-pervinca.jpg\" data-elementor-open-lightbox=\"no\" data-index=\"2\" data-width=\"1030\" data-height=\"1030\" \n\t\t\t\t\t\t\t\t\t\t\t\t\t\t\t\t\t\t\t\t\t\t\t\t\t\t\t\ttitle=\"sciarpa uomo oversize foulard in lino pervinca\">\n\t\t\t\t\t\t\t\t\n\t\t\t\t\t\t\t\t<img decoding=\"async\" width=\"300\" height=\"300\" src=\"https:\/\/www.marinigerardi.it\/shop\/wp-content\/uploads\/2021\/01\/sciarpa-uomo-oversize-foulard-in-lino-pervinca-300x300.jpg.webp\" class=\"wd-gallery-image image-2\" alt=\"sciarpa uomo oversize foulard in lino pervinca\" srcset=\"https:\/\/www.marinigerardi.it\/shop\/wp-content\/uploads\/2021\/01\/sciarpa-uomo-oversize-foulard-in-lino-pervinca-300x300.jpg.webp 300w, https:\/\/www.marinigerardi.it\/shop\/wp-content\/uploads\/2021\/01\/sciarpa-uomo-oversize-foulard-in-lino-pervinca-450x450.jpg 450w, https:\/\/www.marinigerardi.it\/shop\/wp-content\/uploads\/2021\/01\/sciarpa-uomo-oversize-foulard-in-lino-pervinca-1000x1000.jpg 1000w, https:\/\/www.marinigerardi.it\/shop\/wp-content\/uploads\/2021\/01\/sciarpa-uomo-oversize-foulard-in-lino-pervinca-1024x1024.jpg.webp 1024w, https:\/\/www.marinigerardi.it\/shop\/wp-content\/uploads\/2021\/01\/sciarpa-uomo-oversize-foulard-in-lino-pervinca-150x150.jpg.webp 150w, https:\/\/www.marinigerardi.it\/shop\/wp-content\/uploads\/2021\/01\/sciarpa-uomo-oversize-foulard-in-lino-pervinca-768x768.jpg.webp 768w, https:\/\/www.marinigerardi.it\/shop\/wp-content\/uploads\/2021\/01\/sciarpa-uomo-oversize-foulard-in-lino-pervinca.jpg.webp 1030w\" sizes=\"(max-width: 300px) 100vw, 300px\" \/>\n\t\t\t\t\t\t\t\t\t\t\t\t\t\t\t<\/a>\n\t\t\t\t\t\t\t\t\t\t\t\t<\/div>\n\t\t\t\t\t\t\t\t\t\t\t<div class=\"wd-gallery-item wd-col\">\n\t\t\t\t\t\t\t\t\t\t\t\t\t\t<a href=\"https:\/\/www.marinigerardi.it\/shop\/wp-content\/uploads\/2021\/01\/sciarpa-oversize-foulard-uomo-in-lino-naturale-bianco.jpg\" data-elementor-open-lightbox=\"no\" data-index=\"3\" data-width=\"1030\" data-height=\"1030\" \n\t\t\t\t\t\t\t\t\t\t\t\t\t\t\t\t\t\t\t\t\t\t\t\t\t\t\t\ttitle=\"sciarpa oversize foulard uomo in lino naturale bianco\">\n\t\t\t\t\t\t\t\t\n\t\t\t\t\t\t\t\t<img decoding=\"async\" width=\"300\" height=\"300\" src=\"https:\/\/www.marinigerardi.it\/shop\/wp-content\/uploads\/2021\/01\/sciarpa-oversize-foulard-uomo-in-lino-naturale-bianco-300x300.jpg.webp\" class=\"wd-gallery-image image-3\" alt=\"sciarpa oversize foulard uomo in lino naturale bianco cod.000\" srcset=\"https:\/\/www.marinigerardi.it\/shop\/wp-content\/uploads\/2021\/01\/sciarpa-oversize-foulard-uomo-in-lino-naturale-bianco-300x300.jpg.webp 300w, https:\/\/www.marinigerardi.it\/shop\/wp-content\/uploads\/2021\/01\/sciarpa-oversize-foulard-uomo-in-lino-naturale-bianco-450x450.jpg 450w, https:\/\/www.marinigerardi.it\/shop\/wp-content\/uploads\/2021\/01\/sciarpa-oversize-foulard-uomo-in-lino-naturale-bianco-1000x1000.jpg 1000w, https:\/\/www.marinigerardi.it\/shop\/wp-content\/uploads\/2021\/01\/sciarpa-oversize-foulard-uomo-in-lino-naturale-bianco-1024x1024.jpg.webp 1024w, https:\/\/www.marinigerardi.it\/shop\/wp-content\/uploads\/2021\/01\/sciarpa-oversize-foulard-uomo-in-lino-naturale-bianco-150x150.jpg.webp 150w, https:\/\/www.marinigerardi.it\/shop\/wp-content\/uploads\/2021\/01\/sciarpa-oversize-foulard-uomo-in-lino-naturale-bianco-768x768.jpg.webp 768w, https:\/\/www.marinigerardi.it\/shop\/wp-content\/uploads\/2021\/01\/sciarpa-oversize-foulard-uomo-in-lino-naturale-bianco.jpg.webp 1030w\" sizes=\"(max-width: 300px) 100vw, 300px\" \/>\n\t\t\t\t\t\t\t\t\t\t\t\t\t\t\t<\/a>\n\t\t\t\t\t\t\t\t\t\t\t\t<\/div>\n\t\t\t\t\t\t\t\t\t\t\t<div class=\"wd-gallery-item wd-col\">\n\t\t\t\t\t\t\t\t\t\t\t\t\t\t<a href=\"https:\/\/www.marinigerardi.it\/shop\/wp-content\/uploads\/2021\/01\/sciarpa-donna-oversize-foulard-in-lino-Mattone.jpg\" data-elementor-open-lightbox=\"no\" data-index=\"4\" data-width=\"1030\" data-height=\"1030\" \n\t\t\t\t\t\t\t\t\t\t\t\t\t\t\t\t\t\t\t\t\t\t\t\t\t\t\t\ttitle=\"sciarpa donna oversize foulard in lino mattone cod.F10\">\n\t\t\t\t\t\t\t\t\n\t\t\t\t\t\t\t\t<img decoding=\"async\" width=\"300\" height=\"300\" src=\"https:\/\/www.marinigerardi.it\/shop\/wp-content\/uploads\/2021\/01\/sciarpa-donna-oversize-foulard-in-lino-Mattone-300x300.jpg.webp\" class=\"wd-gallery-image image-4\" alt=\"sciarpa donna oversize foulard in lino mattone cod.F10\" srcset=\"https:\/\/www.marinigerardi.it\/shop\/wp-content\/uploads\/2021\/01\/sciarpa-donna-oversize-foulard-in-lino-Mattone-300x300.jpg.webp 300w, https:\/\/www.marinigerardi.it\/shop\/wp-content\/uploads\/2021\/01\/sciarpa-donna-oversize-foulard-in-lino-Mattone-450x450.jpg 450w, https:\/\/www.marinigerardi.it\/shop\/wp-content\/uploads\/2021\/01\/sciarpa-donna-oversize-foulard-in-lino-Mattone-1000x1000.jpg 1000w, https:\/\/www.marinigerardi.it\/shop\/wp-content\/uploads\/2021\/01\/sciarpa-donna-oversize-foulard-in-lino-Mattone-1024x1024.jpg.webp 1024w, https:\/\/www.marinigerardi.it\/shop\/wp-content\/uploads\/2021\/01\/sciarpa-donna-oversize-foulard-in-lino-Mattone-150x150.jpg.webp 150w, https:\/\/www.marinigerardi.it\/shop\/wp-content\/uploads\/2021\/01\/sciarpa-donna-oversize-foulard-in-lino-Mattone-768x768.jpg.webp 768w, https:\/\/www.marinigerardi.it\/shop\/wp-content\/uploads\/2021\/01\/sciarpa-donna-oversize-foulard-in-lino-Mattone.jpg.webp 1030w\" sizes=\"(max-width: 300px) 100vw, 300px\" \/>\n\t\t\t\t\t\t\t\t\t\t\t\t\t\t\t<\/a>\n\t\t\t\t\t\t\t\t\t\t\t\t<\/div>\n\t\t\t\t\t\t\t\t\t\t\t<div class=\"wd-gallery-item wd-col\">\n\t\t\t\t\t\t\t\t\t\t\t\t\t\t<a href=\"https:\/\/www.marinigerardi.it\/shop\/wp-content\/uploads\/2021\/01\/sciarpa-oversize-foulard-donna-in-lino-amarone.jpg\" data-elementor-open-lightbox=\"no\" data-index=\"5\" data-width=\"1030\" data-height=\"1030\" \n\t\t\t\t\t\t\t\t\t\t\t\t\t\t\t\t\t\t\t\t\t\t\t\t\t\t\t\ttitle=\"sciarpa oversize foulard donna in lino amarone\">\n\t\t\t\t\t\t\t\t\n\t\t\t\t\t\t\t\t<img decoding=\"async\" width=\"300\" height=\"300\" src=\"https:\/\/www.marinigerardi.it\/shop\/wp-content\/uploads\/2021\/01\/sciarpa-oversize-foulard-donna-in-lino-amarone-300x300.jpg.webp\" class=\"wd-gallery-image image-5\" alt=\"sciarpa oversize foulard donna in lino amarone\" srcset=\"https:\/\/www.marinigerardi.it\/shop\/wp-content\/uploads\/2021\/01\/sciarpa-oversize-foulard-donna-in-lino-amarone-300x300.jpg.webp 300w, https:\/\/www.marinigerardi.it\/shop\/wp-content\/uploads\/2021\/01\/sciarpa-oversize-foulard-donna-in-lino-amarone-450x450.jpg 450w, https:\/\/www.marinigerardi.it\/shop\/wp-content\/uploads\/2021\/01\/sciarpa-oversize-foulard-donna-in-lino-amarone-1000x1000.jpg 1000w, https:\/\/www.marinigerardi.it\/shop\/wp-content\/uploads\/2021\/01\/sciarpa-oversize-foulard-donna-in-lino-amarone-1024x1024.jpg.webp 1024w, https:\/\/www.marinigerardi.it\/shop\/wp-content\/uploads\/2021\/01\/sciarpa-oversize-foulard-donna-in-lino-amarone-150x150.jpg.webp 150w, https:\/\/www.marinigerardi.it\/shop\/wp-content\/uploads\/2021\/01\/sciarpa-oversize-foulard-donna-in-lino-amarone-768x768.jpg.webp 768w, https:\/\/www.marinigerardi.it\/shop\/wp-content\/uploads\/2021\/01\/sciarpa-oversize-foulard-donna-in-lino-amarone.jpg.webp 1030w\" sizes=\"(max-width: 300px) 100vw, 300px\" \/>\n\t\t\t\t\t\t\t\t\t\t\t\t\t\t\t<\/a>\n\t\t\t\t\t\t\t\t\t\t\t\t<\/div>\n\t\t\t\t\t\t\t\t\t\t\t<div class=\"wd-gallery-item wd-col\">\n\t\t\t\t\t\t\t\t\t\t\t\t\t\t<a href=\"https:\/\/www.marinigerardi.it\/shop\/wp-content\/uploads\/2021\/01\/sciarpa-donna-oversize-foulard-in-lino-acquamarina.jpg\" data-elementor-open-lightbox=\"no\" data-index=\"6\" data-width=\"1030\" data-height=\"1030\" \n\t\t\t\t\t\t\t\t\t\t\t\t\t\t\t\t\t\t\t\t\t\t\t\t\t\t\t\ttitle=\"sciarpa donna oversize foulard in lino acquamarina\">\n\t\t\t\t\t\t\t\t\n\t\t\t\t\t\t\t\t<img decoding=\"async\" width=\"300\" height=\"300\" src=\"https:\/\/www.marinigerardi.it\/shop\/wp-content\/uploads\/2021\/01\/sciarpa-donna-oversize-foulard-in-lino-acquamarina-300x300.jpg\" class=\"wd-gallery-image image-6\" alt=\"sciarpa donna oversize foulard in lino acquamarina\" srcset=\"https:\/\/www.marinigerardi.it\/shop\/wp-content\/uploads\/2021\/01\/sciarpa-donna-oversize-foulard-in-lino-acquamarina-300x300.jpg 300w, https:\/\/www.marinigerardi.it\/shop\/wp-content\/uploads\/2021\/01\/sciarpa-donna-oversize-foulard-in-lino-acquamarina-450x450.jpg 450w, https:\/\/www.marinigerardi.it\/shop\/wp-content\/uploads\/2021\/01\/sciarpa-donna-oversize-foulard-in-lino-acquamarina-1000x1000.jpg 1000w, https:\/\/www.marinigerardi.it\/shop\/wp-content\/uploads\/2021\/01\/sciarpa-donna-oversize-foulard-in-lino-acquamarina-1024x1024.jpg 1024w, https:\/\/www.marinigerardi.it\/shop\/wp-content\/uploads\/2021\/01\/sciarpa-donna-oversize-foulard-in-lino-acquamarina-150x150.jpg 150w, https:\/\/www.marinigerardi.it\/shop\/wp-content\/uploads\/2021\/01\/sciarpa-donna-oversize-foulard-in-lino-acquamarina-768x768.jpg 768w, https:\/\/www.marinigerardi.it\/shop\/wp-content\/uploads\/2021\/01\/sciarpa-donna-oversize-foulard-in-lino-acquamarina.jpg.webp 1030w\" sizes=\"(max-width: 300px) 100vw, 300px\" \/>\n\t\t\t\t\t\t\t\t\t\t\t\t\t\t\t<\/a>\n\t\t\t\t\t\t\t\t\t\t\t\t<\/div>\n\t\t\t\t\t\t\t\t\t\t\t<div class=\"wd-gallery-item wd-col\">\n\t\t\t\t\t\t\t\t\t\t\t\t\t\t<a href=\"https:\/\/www.marinigerardi.it\/shop\/wp-content\/uploads\/2021\/01\/lino-foulard-donna-a-primavera-colore-jeans.jpg\" data-elementor-open-lightbox=\"no\" data-index=\"7\" data-width=\"1030\" data-height=\"1030\" \n\t\t\t\t\t\t\t\t\t\t\t\t\t\t\t\t\t\t\t\t\t\t\t\t\t\t\t\ttitle=\"lino foulard donna a primavera colore jeans\">\n\t\t\t\t\t\t\t\t\n\t\t\t\t\t\t\t\t<img decoding=\"async\" width=\"300\" height=\"300\" src=\"https:\/\/www.marinigerardi.it\/shop\/wp-content\/uploads\/2021\/01\/lino-foulard-donna-a-primavera-colore-jeans-300x300.jpg.webp\" class=\"wd-gallery-image image-7\" alt=\"lino foulard donna a primavera colore jeans\" srcset=\"https:\/\/www.marinigerardi.it\/shop\/wp-content\/uploads\/2021\/01\/lino-foulard-donna-a-primavera-colore-jeans-300x300.jpg.webp 300w, https:\/\/www.marinigerardi.it\/shop\/wp-content\/uploads\/2021\/01\/lino-foulard-donna-a-primavera-colore-jeans-450x450.jpg 450w, https:\/\/www.marinigerardi.it\/shop\/wp-content\/uploads\/2021\/01\/lino-foulard-donna-a-primavera-colore-jeans-1000x1000.jpg 1000w, https:\/\/www.marinigerardi.it\/shop\/wp-content\/uploads\/2021\/01\/lino-foulard-donna-a-primavera-colore-jeans-1024x1024.jpg.webp 1024w, https:\/\/www.marinigerardi.it\/shop\/wp-content\/uploads\/2021\/01\/lino-foulard-donna-a-primavera-colore-jeans-150x150.jpg.webp 150w, https:\/\/www.marinigerardi.it\/shop\/wp-content\/uploads\/2021\/01\/lino-foulard-donna-a-primavera-colore-jeans-768x768.jpg.webp 768w, https:\/\/www.marinigerardi.it\/shop\/wp-content\/uploads\/2021\/01\/lino-foulard-donna-a-primavera-colore-jeans.jpg.webp 1030w\" sizes=\"(max-width: 300px) 100vw, 300px\" \/>\n\t\t\t\t\t\t\t\t\t\t\t\t\t\t\t<\/a>\n\t\t\t\t\t\t\t\t\t\t\t\t<\/div>\n\t\t\t\t\t\t\t\t\t\t\t<div class=\"wd-gallery-item wd-col\">\n\t\t\t\t\t\t\t\t\t\t\t\t\t\t<a href=\"https:\/\/www.marinigerardi.it\/shop\/wp-content\/uploads\/2021\/01\/lino-foulard-donna-primavera-colore-bordeaux.jpg\" data-elementor-open-lightbox=\"no\" data-index=\"8\" data-width=\"1030\" data-height=\"1030\" \n\t\t\t\t\t\t\t\t\t\t\t\t\t\t\t\t\t\t\t\t\t\t\t\t\t\t\t\ttitle=\"lino foulard donna primavera colore bordeaux\">\n\t\t\t\t\t\t\t\t\n\t\t\t\t\t\t\t\t<img decoding=\"async\" width=\"300\" height=\"300\" src=\"https:\/\/www.marinigerardi.it\/shop\/wp-content\/uploads\/2021\/01\/lino-foulard-donna-primavera-colore-bordeaux-300x300.jpg.webp\" class=\"wd-gallery-image image-8\" alt=\"lino foulard donna primavera colore bordeaux\" srcset=\"https:\/\/www.marinigerardi.it\/shop\/wp-content\/uploads\/2021\/01\/lino-foulard-donna-primavera-colore-bordeaux-300x300.jpg.webp 300w, https:\/\/www.marinigerardi.it\/shop\/wp-content\/uploads\/2021\/01\/lino-foulard-donna-primavera-colore-bordeaux-450x450.jpg 450w, https:\/\/www.marinigerardi.it\/shop\/wp-content\/uploads\/2021\/01\/lino-foulard-donna-primavera-colore-bordeaux-1000x1000.jpg 1000w, https:\/\/www.marinigerardi.it\/shop\/wp-content\/uploads\/2021\/01\/lino-foulard-donna-primavera-colore-bordeaux-1024x1024.jpg.webp 1024w, https:\/\/www.marinigerardi.it\/shop\/wp-content\/uploads\/2021\/01\/lino-foulard-donna-primavera-colore-bordeaux-150x150.jpg.webp 150w, https:\/\/www.marinigerardi.it\/shop\/wp-content\/uploads\/2021\/01\/lino-foulard-donna-primavera-colore-bordeaux-768x768.jpg.webp 768w, https:\/\/www.marinigerardi.it\/shop\/wp-content\/uploads\/2021\/01\/lino-foulard-donna-primavera-colore-bordeaux.jpg.webp 1030w\" sizes=\"(max-width: 300px) 100vw, 300px\" \/>\n\t\t\t\t\t\t\t\t\t\t\t\t\t\t\t<\/a>\n\t\t\t\t\t\t\t\t\t\t\t\t<\/div>\n\t\t\t\t\t\t\t\t\t\n\t\t\t\t\t\t\t<\/div>\n\n\t\t\t\t\t<\/div>\n\t\t[\/vc_column][\/vc_row][vc_row][vc_column]\n\t\t<div id=\"wd-64be835702e04\" class=\"title-wrapper wd-wpb wd-set-mb reset-last-child  wd-rs-64be835702e04 wd-title-color-primary wd-title-style-underlined text-center vc_custom_1690207086291 wd-underline-colored\">\n\t\t\t\n\t\t\t<div class=\"liner-continer\">\n\t\t\t\t<h3 class=\"woodmart-title-container title  wd-font-weight-500 wd-fontsize-l\" >Sciarpe Foulard in Lino Voglia d\u2019Estate<\/h3>\n\t\t\t\t\t\t\t<\/div>\n\t\t\t\n\t\t\t\n\t\t\t\n\t\t<\/div>\n\t\t\n\t\t[mpc_textblock content_width=&#8221;100&#8243; font_align=&#8221;justify&#8221; margin_divider=&#8221;true&#8221; margin_css=&#8221;margin-bottom:20px;&#8221; mpc_tooltip__border_divider=&#8221;true&#8221; mpc_tooltip__padding_divider=&#8221;true&#8221;]<\/p>\n<p style=\"text-align: justify;\"><strong>Benvenuti nel meraviglioso mondo di &#8220;Voglia d&#8217;Estate&#8221;! Concediti un viaggio sensoriale attraverso i suggestivi paesaggi del Sole, del Mare e del Salento, avvolti nell&#8217;incantevole abbraccio del lino 100% di Marini&amp;Gerardi.<\/strong><\/p>\n<p style=\"text-align: justify;\">I nostri foulard in lino sono pi\u00f9 di un semplice accessorio: sono il connubio perfetto tra eleganza e comodit\u00e0, pensati per coloro che desiderano conferire al proprio stile un tocco fresco, vacanziero e di grande libert\u00e0.<\/p>\n<p style=\"text-align: justify;\">Il lino, una delle fibre tessili pi\u00f9 antiche e pregiate al mondo, \u00e8 la protagonista indiscussa delle nostre creazioni. La sua trama leggera e traspirante cattura la brezza estiva e la trasforma in un&#8217;esperienza di piacere sulla pelle. Sentirai la morbidezza e la freschezza del lino che si posa delicatamente sulle tue spalle, regalandoti un comfort ineguagliabile.<\/p>\n<p>[\/mpc_textblock][\/vc_column][\/vc_row][vc_row css=&#8221;.vc_custom_1690206588032{background-color: #f3f3f3 !important;}&#8221; woodmart_css_id=&#8221;64be8173b5153&#8243; responsive_spacing=&#8221;eyJwYXJhbV90eXBlIjoid29vZG1hcnRfcmVzcG9uc2l2ZV9zcGFjaW5nIiwic2VsZWN0b3JfaWQiOiI2NGJlODE3M2I1MTUzIiwic2hvcnRjb2RlIjoidmNfcm93IiwiZGF0YSI6eyJ0YWJsZXQiOnt9LCJtb2JpbGUiOnt9fX0=&#8221; mobile_bg_img_hidden=&#8221;no&#8221; tablet_bg_img_hidden=&#8221;no&#8221; woodmart_parallax=&#8221;0&#8243; woodmart_gradient_switch=&#8221;no&#8221; woodmart_box_shadow=&#8221;yes&#8221; wd_box_shadow=&#8221;eyJkZXZpY2VzIjp7ImRlc2t0b3AiOnsiaG9yaXpvbnRhbCI6IjAiLCJ2ZXJ0aWNhbCI6IjAiLCJibHVyIjoiOSIsInNwcmVhZCI6IjAiLCJjb2xvciI6InJnYmEoMCwgMCwgMCwgLjE1KSJ9fX0=&#8221; wd_z_index=&#8221;no&#8221; woodmart_disable_overflow=&#8221;0&#8243; row_reverse_mobile=&#8221;0&#8243; row_reverse_tablet=&#8221;0&#8243;][vc_column][vc_single_image image=&#8221;13356&#8243; img_size=&#8221;full&#8221; add_caption=&#8221;yes&#8221; alignment=&#8221;center&#8221; onclick=&#8221;link_image&#8221; parallax_scroll=&#8221;no&#8221; woodmart_inline=&#8221;no&#8221;][\/vc_column][\/vc_row][vc_row][vc_column][mpc_textblock content_width=&#8221;100&#8243; font_align=&#8221;justify&#8221; margin_divider=&#8221;true&#8221; margin_css=&#8221;margin-bottom:20px;&#8221; mpc_tooltip__border_divider=&#8221;true&#8221; mpc_tooltip__padding_divider=&#8221;true&#8221;]<\/p>\n<p style=\"text-align: justify;\"><strong>Ogni foulard \u00e8 un capolavoro tessile, ispirato ai colori e alla bellezza senza tempo del Salento. Le nuance vibranti e i motivi intricati sono come piccole opere d&#8217;arte che dipingono il fascino delle coste bagnate dal sole e delle acque cristalline. Indossandolo, avvolgerai il tuo look in una dolce carezza di raffinatezza e luminosit\u00e0.<\/strong><\/p>\n<p style=\"text-align: justify;\"><strong>Ma &#8220;Voglia d&#8217;Estate&#8221; \u00e8 molto pi\u00f9 di un semplice foulard;<\/strong> \u00e8 un invito a scoprire il tuo spirito avventuroso. Indossalo con leggerezza mentre esplori le vie pittoresche di una citt\u00e0 straniera o mentre ti perdi tra i profumi di fiori e agrumi. Accompagna i tuoi momenti speciali e rendili ancora pi\u00f9 memorabili, donando un tocco di poesia al tuo quotidiano.<\/p>\n<p>[\/mpc_textblock][\/vc_column][\/vc_row][vc_row css=&#8221;.vc_custom_1690206588032{background-color: #f3f3f3 !important;}&#8221; woodmart_css_id=&#8221;64be8173b5153&#8243; responsive_spacing=&#8221;eyJwYXJhbV90eXBlIjoid29vZG1hcnRfcmVzcG9uc2l2ZV9zcGFjaW5nIiwic2VsZWN0b3JfaWQiOiI2NGJlODE3M2I1MTUzIiwic2hvcnRjb2RlIjoidmNfcm93IiwiZGF0YSI6eyJ0YWJsZXQiOnt9LCJtb2JpbGUiOnt9fX0=&#8221; mobile_bg_img_hidden=&#8221;no&#8221; tablet_bg_img_hidden=&#8221;no&#8221; woodmart_parallax=&#8221;0&#8243; woodmart_gradient_switch=&#8221;no&#8221; woodmart_box_shadow=&#8221;yes&#8221; wd_box_shadow=&#8221;eyJkZXZpY2VzIjp7ImRlc2t0b3AiOnsiaG9yaXpvbnRhbCI6IjAiLCJ2ZXJ0aWNhbCI6IjAiLCJibHVyIjoiOSIsInNwcmVhZCI6IjAiLCJjb2xvciI6InJnYmEoMCwgMCwgMCwgLjE1KSJ9fX0=&#8221; wd_z_index=&#8221;no&#8221; woodmart_disable_overflow=&#8221;0&#8243; row_reverse_mobile=&#8221;0&#8243; row_reverse_tablet=&#8221;0&#8243;][vc_column][vc_single_image image=&#8221;13413&#8243; img_size=&#8221;full&#8221; add_caption=&#8221;yes&#8221; alignment=&#8221;center&#8221; onclick=&#8221;link_image&#8221; parallax_scroll=&#8221;no&#8221; woodmart_inline=&#8221;no&#8221;][\/vc_column][\/vc_row][vc_row][vc_column][mpc_textblock content_width=&#8221;100&#8243; font_align=&#8221;justify&#8221; margin_divider=&#8221;true&#8221; margin_css=&#8221;margin-bottom:20px;&#8221; mpc_tooltip__border_divider=&#8221;true&#8221; mpc_tooltip__padding_divider=&#8221;true&#8221;]<\/p>\n<p style=\"text-align: justify;\"><strong>La tua gioia e la tua bellezza brilleranno attraverso il nostro foulard in lino,<\/strong> e ti sentirai pronta ad affrontare le giornate pi\u00f9 calde con uno stile unico ed esclusivo.<\/p>\n<p style=\"text-align: justify;\">Quindi, non perdere l&#8217;occasione di vivere l&#8217;estate in tutta la sua bellezza. <strong>Scegli &#8220;Voglia d&#8217;Estate&#8221; di Marini&amp;Gerardi, il foulard in lino che parla di viaggi, avventure e momenti indimenticabili. Aggiungilo al tuo guardaroba e lasciati conquistare dalla sua magia!<\/strong><\/p>\n<p>Prepara la tua valigia dei sogni e regalati la libert\u00e0 di essere te stessa, in un mondo fatto di colori e tessuti unici. Benvenuta nella tua estate senza tempo con<strong> &#8220;Voglia d&#8217;Estate&#8221; &#8211; il fascino del Salento, l&#8217;eleganza del lino e la leggerezza della libert\u00e0 ti attendono!<\/strong>[\/mpc_textblock][\/vc_column][\/vc_row]<\/p>\n<\/div>","protected":false},"excerpt":{"rendered":"<p style=\"text-align: justify;\">Sciarpe Foulard in Lino <strong>Voglia d&#8217;Estate<\/strong> &#8211; Tessuto leggero in <strong>LINO 100% perfetto per ogni stagione EDIZIONE SPECIALE<\/strong><\/p>\n","protected":false},"featured_media":13347,"template":"","meta":[],"product_brand":[],"product_cat":[1527],"product_tag":[753],"class_list":{"0":"post-7913","1":"product","2":"type-product","3":"status-publish","4":"has-post-thumbnail","6":"product_cat-foulard-donna","7":"product_tag-sciarpe-foulard","9":"first","10":"instock","11":"taxable","12":"shipping-taxable","13":"purchasable","14":"product-type-simple"},"_links":{"self":[{"href":"https:\/\/www.marinigerardi.it\/shop\/wp-json\/wp\/v2\/product\/7913","targetHints":{"allow":["GET"]}}],"collection":[{"href":"https:\/\/www.marinigerardi.it\/shop\/wp-json\/wp\/v2\/product"}],"about":[{"href":"https:\/\/www.marinigerardi.it\/shop\/wp-json\/wp\/v2\/types\/product"}],"wp:featuredmedia":[{"embeddable":true,"href":"https:\/\/www.marinigerardi.it\/shop\/wp-json\/wp\/v2\/media\/13347"}],"wp:attachment":[{"href":"https:\/\/www.marinigerardi.it\/shop\/wp-json\/wp\/v2\/media?parent=7913"}],"wp:term":[{"taxonomy":"product_brand","embeddable":true,"href":"https:\/\/www.marinigerardi.it\/shop\/wp-json\/wp\/v2\/product_brand?post=7913"},{"taxonomy":"product_cat","embeddable":true,"href":"https:\/\/www.marinigerardi.it\/shop\/wp-json\/wp\/v2\/product_cat?post=7913"},{"taxonomy":"product_tag","embeddable":true,"href":"https:\/\/www.marinigerardi.it\/shop\/wp-json\/wp\/v2\/product_tag?post=7913"}],"curies":[{"name":"wp","href":"https:\/\/api.w.org\/{rel}","templated":true}]}}