{"id":7898,"date":"2021-01-28T10:39:10","date_gmt":"2021-01-28T10:39:10","guid":{"rendered":"https:\/\/marinigerardi.it\/shop\/product\/import-placeholder-for-10119\/"},"modified":"2024-09-05T11:04:39","modified_gmt":"2024-09-05T11:04:39","slug":"cuscini-shantung-in-seta","status":"publish","type":"product","link":"https:\/\/www.marinigerardi.it\/shop\/prodotto\/cuscini-shantung-in-seta\/","title":{"rendered":"Cuscini Shantung in Seta"},"content":{"rendered":"<div class=\"wpb-content-wrapper\"><p>[vc_row equal_height=&#8221;yes&#8221; mobile_bg_img_hidden=&#8221;no&#8221; tablet_bg_img_hidden=&#8221;no&#8221; woodmart_parallax=&#8221;0&#8243; woodmart_gradient_switch=&#8221;no&#8221; row_reverse_mobile=&#8221;0&#8243; row_reverse_tablet=&#8221;0&#8243; woodmart_disable_overflow=&#8221;0&#8243;][vc_column offset=&#8221;vc_col-lg-6 vc_col-md-6&#8243; mobile_bg_img_hidden=&#8221;no&#8221; tablet_bg_img_hidden=&#8221;no&#8221; woodmart_parallax=&#8221;0&#8243; woodmart_sticky_column=&#8221;false&#8221; parallax_scroll=&#8221;no&#8221; mobile_reset_margin=&#8221;no&#8221; tablet_reset_margin=&#8221;no&#8221; css=&#8221;.vc_custom_1613071403480{margin-top: 0px !important;}&#8221;]\n\t\t<div id=\"wd-61d17db13081a\" class=\"title-wrapper wd-wpb wd-set-mb reset-last-child  wd-rs-61d17db13081a wd-title-color-primary wd-title-style-bordered text-left vc_custom_1641119167514 wd-underline-colored\">\n\t\t\t\n\t\t\t<div class=\"liner-continer\">\n\t\t\t\t<h2 class=\"woodmart-title-container title  wd-font-weight-500 wd-fontsize-l\" >Cuscini Shantung in Seta IN PURA SETA<\/h2>\n\t\t\t\t\t\t\t<\/div>\n\t\t\t\n\t\t\t\n\t\t\t\n\t\t<\/div>\n\t\t\n\t\t\t\t<div id=\"wd-665d958f401ae\" class=\"wd-text-block wd-wpb reset-last-child wd-rs-665d958f401ae text-left \">\n\t\t\t<p style=\"text-align: justify;\"><a href=\"https:\/\/www.marinigerardi.it\/shop\/prodotto\/cuscini-shantung-in-seta\/\">Realizzati in Seta<\/a> 100% di grande pregio e qualit\u00e0 \u201ctinto in filo\u201d a trama fitta con annodatura rada Morbido alla Mano, luminoso con effetto corposo e delicato al tatto.<\/p>\n\t\t<\/div>\n\t\t[vc_message message_box_style=&#8221;outline&#8221; message_box_color=&#8221;grey&#8221; css=&#8221;&#8221;]<\/p>\n<ul>\n<li><strong>Tessuto: <\/strong>in pura Seta SHANTUNG<\/li>\n<li><strong>Imbottitura<\/strong> esclusa<\/li>\n<li><strong>Colori:<\/strong> In 15 combinazioni di colore<\/li>\n<li><strong>Misure:<\/strong> 50 x 50 cm<\/li>\n<\/ul>\n<p>Info mail <strong>assistenza@marinigerardi.it<\/strong>[\/vc_message][\/vc_column][vc_column css=&#8221;.vc_custom_1612434787067{background-position: center !important;background-repeat: no-repeat !important;background-size: cover !important;}&#8221; offset=&#8221;vc_col-lg-6 vc_col-md-6&#8243; mobile_bg_img_hidden=&#8221;no&#8221; tablet_bg_img_hidden=&#8221;no&#8221; woodmart_parallax=&#8221;0&#8243; woodmart_sticky_column=&#8221;false&#8221; parallax_scroll=&#8221;no&#8221; mobile_reset_margin=&#8221;no&#8221; tablet_reset_margin=&#8221;no&#8221;]\t\t<div id=\"gallery_145\" class=\"wd-images-gallery wd-wpb photoswipe-images\" style=\"--wd-justify-content:left;--wd-align-items:center;\">\n\t\t\t\n\t\t\t<div class=\" wd-grid-g\" style=\"--wd-col-lg:1;--wd-col-md:1;--wd-col-sm:1;--wd-gap-lg:10px;\">\n\t\t\t\t\n\t\t\t\t\t\t\t\t\t\t\t\t\t\t\t<div class=\"wd-gallery-item wd-col\">\n\t\t\t\t\t\t\t\t\t\t\t\t\t\t<a href=\"https:\/\/www.marinigerardi.it\/shop\/wp-content\/uploads\/2021\/01\/cuscini-shantung-tessuto-in-seta-eleganti-esclusivi.jpg\" data-elementor-open-lightbox=\"no\" data-index=\"1\" data-width=\"1024\" data-height=\"768\" \n\t\t\t\t\t\t\t\t\t\t\t\t\t\t\t\t\t\t\t\t\t\t\t\t\t\t\t\ttitle=\"Cuscini Shantung Tessuto In Seta Eleganti Esclusivi - Marini&amp;Gerardi\">\n\t\t\t\t\t\t\t\t\n\t\t\t\t\t\t\t\t<img decoding=\"async\" width=\"1024\" height=\"768\" src=\"https:\/\/www.marinigerardi.it\/shop\/wp-content\/uploads\/2021\/01\/cuscini-shantung-tessuto-in-seta-eleganti-esclusivi.jpg.webp\" class=\"wd-gallery-image image-1\" alt=\"Cuscini Shantung Tessuto In Seta Eleganti Esclusivi - Marini&amp;Gerardi\" srcset=\"https:\/\/www.marinigerardi.it\/shop\/wp-content\/uploads\/2021\/01\/cuscini-shantung-tessuto-in-seta-eleganti-esclusivi.jpg.webp 1024w, https:\/\/www.marinigerardi.it\/shop\/wp-content\/uploads\/2021\/01\/cuscini-shantung-tessuto-in-seta-eleganti-esclusivi-450x338.jpg 450w, https:\/\/www.marinigerardi.it\/shop\/wp-content\/uploads\/2021\/01\/cuscini-shantung-tessuto-in-seta-eleganti-esclusivi-1000x750.jpg 1000w, https:\/\/www.marinigerardi.it\/shop\/wp-content\/uploads\/2021\/01\/cuscini-shantung-tessuto-in-seta-eleganti-esclusivi-300x225.jpg.webp 300w, https:\/\/www.marinigerardi.it\/shop\/wp-content\/uploads\/2021\/01\/cuscini-shantung-tessuto-in-seta-eleganti-esclusivi-768x576.jpg.webp 768w\" sizes=\"(max-width: 1024px) 100vw, 1024px\" \/>\n\t\t\t\t\t\t\t\t\t\t\t\t\t\t\t<\/a>\n\t\t\t\t\t\t\t\t\t\t\t\t<\/div>\n\t\t\t\t\t\t\t\t\t\n\t\t\t\t\t\t\t<\/div>\n\n\t\t\t\t\t<\/div>\n\t\t[\/vc_column][\/vc_row][vc_row][vc_column]\n\t\t<div id=\"wd-61d17dc62639a\" class=\"title-wrapper wd-wpb wd-set-mb reset-last-child  wd-rs-61d17dc62639a wd-title-color-primary wd-title-style-bordered text-center vc_custom_1641119207537 wd-underline-colored\">\n\t\t\t\n\t\t\t<div class=\"liner-continer\">\n\t\t\t\t<h3 class=\"woodmart-title-container title  wd-font-weight-500 wd-fontsize-l\" >Cuscini Shantung in Seta<\/h3>\n\t\t\t\t\t\t\t<\/div>\n\t\t\t\n\t\t\t\n\t\t\t\n\t\t<\/div>\n\t\t\n\t\t[\/vc_column][\/vc_row][vc_row css=&#8221;.vc_custom_1717409147500{background-color: #f3f3f3 !important;}&#8221; woodmart_css_id=&#8221;665d956edf6d1&#8243; responsive_spacing=&#8221;eyJwYXJhbV90eXBlIjoid29vZG1hcnRfcmVzcG9uc2l2ZV9zcGFjaW5nIiwic2VsZWN0b3JfaWQiOiI2NjVkOTU2ZWRmNmQxIiwic2hvcnRjb2RlIjoidmNfcm93IiwiZGF0YSI6eyJ0YWJsZXQiOnt9LCJtb2JpbGUiOnt9fX0=&#8221; mobile_bg_img_hidden=&#8221;no&#8221; tablet_bg_img_hidden=&#8221;no&#8221; woodmart_parallax=&#8221;0&#8243; woodmart_gradient_switch=&#8221;no&#8221; woodmart_box_shadow=&#8221;no&#8221; wd_z_index=&#8221;no&#8221; woodmart_disable_overflow=&#8221;0&#8243; row_reverse_mobile=&#8221;0&#8243; row_reverse_tablet=&#8221;0&#8243;][vc_column][vc_single_image image=&#8221;38314&#8243; img_size=&#8221;full&#8221; add_caption=&#8221;yes&#8221; alignment=&#8221;center&#8221; onclick=&#8221;link_image&#8221; parallax_scroll=&#8221;no&#8221; woodmart_inline=&#8221;no&#8221;][\/vc_column][\/vc_row][vc_row][vc_column]<div class=\"wpmf-gallerys wpmf-gallerys-life \" ><div id=\"gallery-1\" class=\"gallery gallery_life wpmf_gallery_default gallery_default  gallery-columns-2 gallery-size-large gallery-link-file wpmf-has-border-radius-0 wpmf-gutterwidth-5 no_ratio\"><figure class=\"wpmf-gallery-item\" data-index=\"0\"><div class=\"wpmf-gallery-icon\"><div class=\"square_thumbnail\"><div class=\"img_centered\"><a class=\" not_video noLightbox\" data-lightbox=\"1\" data-href=\"https:\/\/www.marinigerardi.it\/shop\/wp-content\/uploads\/2021\/01\/cuscini-shantung-tessuto-in-seta-senape.jpg\" title=\"Cuscini Shantung In Seta - Marini&amp;Gerardi\" target=\"_self\" data-index=\"0\"><img decoding=\"async\" class=\"wpmf_img\" alt=\"Cuscini Shantung Tessuto In Seta Senape - Marini&amp;Gerardi\" src=\"https:\/\/www.marinigerardi.it\/shop\/wp-content\/uploads\/2021\/01\/cuscini-shantung-tessuto-in-seta-senape.jpg.webp\" data-type=\"wpmfgalleryimg\" data-attachment-id=\"13622\" data-wpmf-size=\"large\" data-lazy-src=\"https:\/\/www.marinigerardi.it\/shop\/wp-content\/uploads\/2021\/01\/cuscini-shantung-tessuto-in-seta-senape.jpg\"><\/a><\/div><\/div><\/div><figcaption class=\"wp-caption-text gallery-caption\">Cuscini Shantung In Seta &#8211; Marini&#038;Gerardi<\/figcaption><\/figure><figure class=\"wpmf-gallery-item\" data-index=\"1\"><div class=\"wpmf-gallery-icon\"><div class=\"square_thumbnail\"><div class=\"img_centered\"><a class=\" not_video noLightbox\" data-lightbox=\"1\" data-href=\"https:\/\/www.marinigerardi.it\/shop\/wp-content\/uploads\/2021\/01\/cuscini-shantung-tessuto-in-seta-arancio.jpg\" title=\"Cuscini Shantung In Seta - Marini&amp;Gerardi\" target=\"_self\" data-index=\"1\"><img decoding=\"async\" class=\"wpmf_img\" alt=\"Cuscini Shantung Tessuto In Seta Arancio - Marini&amp;Gerardi\" src=\"https:\/\/www.marinigerardi.it\/shop\/wp-content\/uploads\/2021\/01\/cuscini-shantung-tessuto-in-seta-arancio.jpg.webp\" data-type=\"wpmfgalleryimg\" data-attachment-id=\"13621\" data-wpmf-size=\"large\" data-lazy-src=\"https:\/\/www.marinigerardi.it\/shop\/wp-content\/uploads\/2021\/01\/cuscini-shantung-tessuto-in-seta-arancio.jpg\"><\/a><\/div><\/div><\/div><figcaption class=\"wp-caption-text gallery-caption\">Cuscini Shantung In Seta &#8211; Marini&#038;Gerardi<\/figcaption><\/figure><\/div><\/div>[\/vc_column][\/vc_row][vc_row][vc_column]\n\t\t<div id=\"wd-66d98ff7eaaec\" class=\"title-wrapper wd-wpb wd-set-mb reset-last-child  wd-rs-66d98ff7eaaec wd-title-color-default wd-title-style-default text-left  wd-underline-colored\">\n\t\t\t\n\t\t\t<div class=\"liner-continer\">\n\t\t\t\t<h4 class=\"woodmart-title-container title  wd-font-weight- wd-fontsize-l\" >Cuscini Shantung in Seta<\/h4>\n\t\t\t\t\t\t\t<\/div>\n\t\t\t\n\t\t\t\n\t\t\t\n\t\t<\/div>\n\t\t\n\t\t\t\t<div id=\"wd-665d9434c493b\" class=\"wd-text-block wd-wpb reset-last-child wd-rs-665d9434c493b text-left \">\n\t\t\t<p style=\"text-align: justify;\">Una delle propriet\u00e0 della seta \u00e8 quella di riflettere la luce in modo inimitabile. Riesce infatti ad assorbire con facilit\u00e0 le tinture, offrendo una grande ricchezza di sfumature. Il filo risulta essere molto elastico e i tessuti con esso realizzati risultano estremamente resistenti. Allo stesso tempo sono anche morbidi, tanto da permettere una caduta perfetta degli orli e un facile drappeggio. Come fare per verificare che un prodotto sia realmente di seta? Bruciatene un filo. Se \u00e8 di seta il filo brucer\u00e0 lentamente ed emaner\u00e0 un odore di corno tipico delle fibre animali.<\/p>\n\t\t<\/div>\n\t\t[\/vc_column][\/vc_row]<\/p>\n<\/div>","protected":false},"excerpt":{"rendered":"<p style=\"text-align: justify;\"><strong>Cuscini Shantung in Seta<\/strong> &#8211; di noi ti puoi fidare! la qualit\u00e0 della seta 100% viene prima di tutto.<\/p>\n","protected":false},"featured_media":13625,"template":"","meta":[],"product_brand":[],"product_cat":[336],"product_tag":[341,3595],"class_list":{"0":"post-7898","1":"product","2":"type-product","3":"status-publish","4":"has-post-thumbnail","6":"product_cat-cuscini-decorativi","7":"product_tag-cuscini-arredo","8":"product_tag-cuscini-arredo-marinigerardi","10":"first","11":"instock","12":"taxable","13":"shipping-taxable","14":"purchasable","15":"product-type-simple"},"_links":{"self":[{"href":"https:\/\/www.marinigerardi.it\/shop\/wp-json\/wp\/v2\/product\/7898","targetHints":{"allow":["GET"]}}],"collection":[{"href":"https:\/\/www.marinigerardi.it\/shop\/wp-json\/wp\/v2\/product"}],"about":[{"href":"https:\/\/www.marinigerardi.it\/shop\/wp-json\/wp\/v2\/types\/product"}],"wp:featuredmedia":[{"embeddable":true,"href":"https:\/\/www.marinigerardi.it\/shop\/wp-json\/wp\/v2\/media\/13625"}],"wp:attachment":[{"href":"https:\/\/www.marinigerardi.it\/shop\/wp-json\/wp\/v2\/media?parent=7898"}],"wp:term":[{"taxonomy":"product_brand","embeddable":true,"href":"https:\/\/www.marinigerardi.it\/shop\/wp-json\/wp\/v2\/product_brand?post=7898"},{"taxonomy":"product_cat","embeddable":true,"href":"https:\/\/www.marinigerardi.it\/shop\/wp-json\/wp\/v2\/product_cat?post=7898"},{"taxonomy":"product_tag","embeddable":true,"href":"https:\/\/www.marinigerardi.it\/shop\/wp-json\/wp\/v2\/product_tag?post=7898"}],"curies":[{"name":"wp","href":"https:\/\/api.w.org\/{rel}","templated":true}]}}