{"id":7895,"date":"2021-01-28T10:39:09","date_gmt":"2021-01-28T10:39:09","guid":{"rendered":"https:\/\/marinigerardi.it\/shop\/product\/import-placeholder-for-10095\/"},"modified":"2025-12-21T00:41:58","modified_gmt":"2025-12-21T00:41:58","slug":"tovaglie-eleganti","status":"publish","type":"product","link":"https:\/\/www.marinigerardi.it\/shop\/prodotto\/tovaglie-eleganti\/","title":{"rendered":"PAOLO &#038; FRANCESCA &#8211; Tovaglie Eleganti in Lino bianco con Runner rustico"},"content":{"rendered":"<div class=\"wpb-content-wrapper\"><p>[vc_row equal_height=&#8221;yes&#8221; mobile_bg_img_hidden=&#8221;no&#8221; tablet_bg_img_hidden=&#8221;no&#8221; woodmart_parallax=&#8221;0&#8243; woodmart_gradient_switch=&#8221;no&#8221; row_reverse_mobile=&#8221;0&#8243; row_reverse_tablet=&#8221;0&#8243; woodmart_disable_overflow=&#8221;0&#8243;][vc_column offset=&#8221;vc_col-lg-6 vc_col-md-6&#8243; mobile_bg_img_hidden=&#8221;no&#8221; tablet_bg_img_hidden=&#8221;no&#8221; woodmart_parallax=&#8221;0&#8243; woodmart_sticky_column=&#8221;false&#8221; parallax_scroll=&#8221;no&#8221; mobile_reset_margin=&#8221;no&#8221; tablet_reset_margin=&#8221;no&#8221; css=&#8221;.vc_custom_1613071403480{margin-top: 0px !important;}&#8221;]\n\t\t<div id=\"wd-69474214b122c\" class=\"title-wrapper wd-wpb wd-set-mb reset-last-child  wd-rs-69474214b122c wd-title-color-primary wd-title-style-bordered text-left vc_custom_1766277609944 wd-underline-colored\">\n\t\t\t\n\t\t\t<div class=\"liner-continer\">\n\t\t\t\t<h2 class=\"woodmart-title-container title  wd-font-weight- wd-fontsize-l\" >PAOLO & FRANCESCA - Tovaglie Bianche Eleganti in lino con Runner - Tovaglie Eleganti in Lino con Runner in Contrasto - Una Tovaglia Shabby che sa di essere Romantica<\/h2>\n\t\t\t\t\t\t\t<\/div>\n\t\t\t\n\t\t\t\n\t\t\t\n\t\t<\/div>\n\t\t\n\t\t\t\t<div id=\"wd-65e31ffe20478\" class=\"wd-text-block wd-wpb reset-last-child wd-rs-65e31ffe20478 text-left \">\n\t\t\t<p style=\"text-align: justify;\"><a href=\"https:\/\/www.marinigerardi.it\/shop\/prodotto\/tovaglie-eleganti\/\">Tovaglia in Lino<\/a> realizzata sartorialmente nel nostro laboratorio al momento dell\u2019ordine Una Grande bella Tovaglia, dal design insolito e piacevolmente accattivante per fare la differenza, che sa essere perfetta anche per le grandi occasioni. Disponibile in due combinazioni e tonalit\u00e0 di colore, con bordo vezzosamente ripiegato e sfilacciato.<\/p>\n\t\t<\/div>\n\t\t[vc_message message_box_style=&#8221;outline&#8221; message_box_color=&#8221;grey&#8221; css=&#8221;&#8221;]<strong>Tessuto: <\/strong>100% lino.<br \/>\n<strong>Peso:<\/strong> 390 gr\/m\u00b2<br \/>\n<strong>Colori:<\/strong> Panna Acida, Corda Naturale<br \/>\n<strong>Misure:<\/strong>\u00a0 170\u00d7180 | 170\u00d7200 | 170\u00d7240 | 170\u00d7260 | 170\u00d7280 | 170\u00d7300 | 170\u00d7320 | 170\u00d7340 | 170\u00d7360 |<br \/>\n<strong>Misure Tovaglioli:<\/strong> 40&#215;40<\/p>\n<p>Per altre misure vi preghiamo di contattarci al Indirizzo mail <strong>assistenza@marinigerardi.it<\/strong>[\/vc_message][\/vc_column][vc_column css=&#8221;.vc_custom_1612434787067{background-position: center !important;background-repeat: no-repeat !important;background-size: cover !important;}&#8221; offset=&#8221;vc_col-lg-6 vc_col-md-6&#8243; mobile_bg_img_hidden=&#8221;no&#8221; tablet_bg_img_hidden=&#8221;no&#8221; woodmart_parallax=&#8221;0&#8243; woodmart_sticky_column=&#8221;false&#8221; parallax_scroll=&#8221;no&#8221; mobile_reset_margin=&#8221;no&#8221; tablet_reset_margin=&#8221;no&#8221;]\t\t<div id=\"gallery_746\" class=\"wd-images-gallery wd-wpb photoswipe-images\" style=\"--wd-justify-content:center;--wd-align-items:center;\">\n\t\t\t\n\t\t\t<div class=\" wd-grid-g\" style=\"--wd-col-lg:2;--wd-col-md:2;--wd-col-sm:1;--wd-gap-lg:10px;\">\n\t\t\t\t\n\t\t\t\t\t\t\t\t\t\t\t\t\t\t\t<div class=\"wd-gallery-item wd-col\">\n\t\t\t\t\t\t\t\t\t\t\t\t\t\t<a href=\"https:\/\/www.marinigerardi.it\/shop\/wp-content\/uploads\/2021\/06\/a-tavola-tovaglia-lino-con-runner-italia.jpg\" data-elementor-open-lightbox=\"no\" data-index=\"1\" data-width=\"1024\" data-height=\"768\" \n\t\t\t\t\t\t\t\t\t\t\t\t\t\t\t\t\t\t\t\t\t\t\t\t\t\t\t\ttitle=\"A Tavola Tovaglia Lino Con Runner Italia\">\n\t\t\t\t\t\t\t\t\n\t\t\t\t\t\t\t\t<img decoding=\"async\" width=\"300\" height=\"225\" src=\"https:\/\/www.marinigerardi.it\/shop\/wp-content\/uploads\/2021\/06\/a-tavola-tovaglia-lino-con-runner-italia-300x225.jpg\" class=\"wd-gallery-image image-1\" alt=\"A Tavola Tovaglia Lino Con Runner Italia\" srcset=\"https:\/\/www.marinigerardi.it\/shop\/wp-content\/uploads\/2021\/06\/a-tavola-tovaglia-lino-con-runner-italia-300x225.jpg 300w, https:\/\/www.marinigerardi.it\/shop\/wp-content\/uploads\/2021\/06\/a-tavola-tovaglia-lino-con-runner-italia-450x338.jpg 450w, https:\/\/www.marinigerardi.it\/shop\/wp-content\/uploads\/2021\/06\/a-tavola-tovaglia-lino-con-runner-italia-1000x750.jpg 1000w, https:\/\/www.marinigerardi.it\/shop\/wp-content\/uploads\/2021\/06\/a-tavola-tovaglia-lino-con-runner-italia-768x576.jpg 768w, https:\/\/www.marinigerardi.it\/shop\/wp-content\/uploads\/2021\/06\/a-tavola-tovaglia-lino-con-runner-italia-150x113.jpg 150w, https:\/\/www.marinigerardi.it\/shop\/wp-content\/uploads\/2021\/06\/a-tavola-tovaglia-lino-con-runner-italia.jpg 1024w\" sizes=\"(max-width: 300px) 100vw, 300px\" \/>\n\t\t\t\t\t\t\t\t\t\t\t\t\t\t\t<\/a>\n\t\t\t\t\t\t\t\t\t\t\t\t<\/div>\n\t\t\t\t\t\t\t\t\t\t\t<div class=\"wd-gallery-item wd-col\">\n\t\t\t\t\t\t\t\t\t\t\t\t\t\t<a href=\"https:\/\/www.marinigerardi.it\/shop\/wp-content\/uploads\/2021\/06\/a-tavola-tovaglia-lino-Giulietta-Romeo-angoli-stoffa.jpg\" data-elementor-open-lightbox=\"no\" data-index=\"2\" data-width=\"1024\" data-height=\"768\" \n\t\t\t\t\t\t\t\t\t\t\t\t\t\t\t\t\t\t\t\t\t\t\t\t\t\t\t\ttitle=\"A Tavola Tovaglia Lino Giulietta Romeo con Runner\">\n\t\t\t\t\t\t\t\t\n\t\t\t\t\t\t\t\t<img decoding=\"async\" width=\"300\" height=\"225\" src=\"https:\/\/www.marinigerardi.it\/shop\/wp-content\/uploads\/2021\/06\/a-tavola-tovaglia-lino-Giulietta-Romeo-angoli-stoffa-300x225.jpg\" class=\"wd-gallery-image image-2\" alt=\"A Tavola Tovaglia Lino Giulietta Romeo con Runner\" srcset=\"https:\/\/www.marinigerardi.it\/shop\/wp-content\/uploads\/2021\/06\/a-tavola-tovaglia-lino-Giulietta-Romeo-angoli-stoffa-300x225.jpg 300w, https:\/\/www.marinigerardi.it\/shop\/wp-content\/uploads\/2021\/06\/a-tavola-tovaglia-lino-Giulietta-Romeo-angoli-stoffa-450x338.jpg 450w, https:\/\/www.marinigerardi.it\/shop\/wp-content\/uploads\/2021\/06\/a-tavola-tovaglia-lino-Giulietta-Romeo-angoli-stoffa-1000x750.jpg 1000w, https:\/\/www.marinigerardi.it\/shop\/wp-content\/uploads\/2021\/06\/a-tavola-tovaglia-lino-Giulietta-Romeo-angoli-stoffa-768x576.jpg 768w, https:\/\/www.marinigerardi.it\/shop\/wp-content\/uploads\/2021\/06\/a-tavola-tovaglia-lino-Giulietta-Romeo-angoli-stoffa-150x113.jpg 150w, https:\/\/www.marinigerardi.it\/shop\/wp-content\/uploads\/2021\/06\/a-tavola-tovaglia-lino-Giulietta-Romeo-angoli-stoffa.jpg 1024w\" sizes=\"(max-width: 300px) 100vw, 300px\" \/>\n\t\t\t\t\t\t\t\t\t\t\t\t\t\t\t<\/a>\n\t\t\t\t\t\t\t\t\t\t\t\t<\/div>\n\t\t\t\t\t\t\t\t\t\t\t<div class=\"wd-gallery-item wd-col\">\n\t\t\t\t\t\t\t\t\t\t\t\t\t\t<a href=\"https:\/\/www.marinigerardi.it\/shop\/wp-content\/uploads\/2021\/06\/a-tavola-tovaglia-lino-Giulietta-Romeo-con-runner.jpg\" data-elementor-open-lightbox=\"no\" data-index=\"3\" data-width=\"1024\" data-height=\"768\" \n\t\t\t\t\t\t\t\t\t\t\t\t\t\t\t\t\t\t\t\t\t\t\t\t\t\t\t\ttitle=\"A Tavola Tovaglia Lino Giulietta Romeo Con Runner\">\n\t\t\t\t\t\t\t\t\n\t\t\t\t\t\t\t\t<img decoding=\"async\" width=\"300\" height=\"225\" src=\"https:\/\/www.marinigerardi.it\/shop\/wp-content\/uploads\/2021\/06\/a-tavola-tovaglia-lino-Giulietta-Romeo-con-runner-300x225.jpg\" class=\"wd-gallery-image image-3\" alt=\"A Tavola Tovaglia Lino Giulietta Romeo Con Runner\" srcset=\"https:\/\/www.marinigerardi.it\/shop\/wp-content\/uploads\/2021\/06\/a-tavola-tovaglia-lino-Giulietta-Romeo-con-runner-300x225.jpg 300w, https:\/\/www.marinigerardi.it\/shop\/wp-content\/uploads\/2021\/06\/a-tavola-tovaglia-lino-Giulietta-Romeo-con-runner-450x338.jpg 450w, https:\/\/www.marinigerardi.it\/shop\/wp-content\/uploads\/2021\/06\/a-tavola-tovaglia-lino-Giulietta-Romeo-con-runner-1000x750.jpg 1000w, https:\/\/www.marinigerardi.it\/shop\/wp-content\/uploads\/2021\/06\/a-tavola-tovaglia-lino-Giulietta-Romeo-con-runner-768x576.jpg 768w, https:\/\/www.marinigerardi.it\/shop\/wp-content\/uploads\/2021\/06\/a-tavola-tovaglia-lino-Giulietta-Romeo-con-runner-150x113.jpg 150w, https:\/\/www.marinigerardi.it\/shop\/wp-content\/uploads\/2021\/06\/a-tavola-tovaglia-lino-Giulietta-Romeo-con-runner.jpg 1024w\" sizes=\"(max-width: 300px) 100vw, 300px\" \/>\n\t\t\t\t\t\t\t\t\t\t\t\t\t\t\t<\/a>\n\t\t\t\t\t\t\t\t\t\t\t\t<\/div>\n\t\t\t\t\t\t\t\t\t\t\t<div class=\"wd-gallery-item wd-col\">\n\t\t\t\t\t\t\t\t\t\t\t\t\t\t<a href=\"https:\/\/www.marinigerardi.it\/shop\/wp-content\/uploads\/2021\/06\/tovaglia-da-tavola-tessuto-lino-bianco-runner-corda-romeo-giulietta.jpg\" data-elementor-open-lightbox=\"no\" data-index=\"4\" data-width=\"1024\" data-height=\"768\" \n\t\t\t\t\t\t\t\t\t\t\t\t\t\t\t\t\t\t\t\t\t\t\t\t\t\t\t\ttitle=\"Tovaglia Da Tavola Tessuto Lino Bianco Runner Corda Romeo Giulietta\">\n\t\t\t\t\t\t\t\t\n\t\t\t\t\t\t\t\t<img decoding=\"async\" width=\"300\" height=\"225\" src=\"https:\/\/www.marinigerardi.it\/shop\/wp-content\/uploads\/2021\/06\/tovaglia-da-tavola-tessuto-lino-bianco-runner-corda-romeo-giulietta-300x225.jpg\" class=\"wd-gallery-image image-4\" alt=\"Tovaglia Da Tavola Tessuto Lino Bianco Runner Corda Romeo Giulietta\" srcset=\"https:\/\/www.marinigerardi.it\/shop\/wp-content\/uploads\/2021\/06\/tovaglia-da-tavola-tessuto-lino-bianco-runner-corda-romeo-giulietta-300x225.jpg 300w, https:\/\/www.marinigerardi.it\/shop\/wp-content\/uploads\/2021\/06\/tovaglia-da-tavola-tessuto-lino-bianco-runner-corda-romeo-giulietta-450x338.jpg 450w, https:\/\/www.marinigerardi.it\/shop\/wp-content\/uploads\/2021\/06\/tovaglia-da-tavola-tessuto-lino-bianco-runner-corda-romeo-giulietta-1000x750.jpg 1000w, https:\/\/www.marinigerardi.it\/shop\/wp-content\/uploads\/2021\/06\/tovaglia-da-tavola-tessuto-lino-bianco-runner-corda-romeo-giulietta-768x576.jpg 768w, https:\/\/www.marinigerardi.it\/shop\/wp-content\/uploads\/2021\/06\/tovaglia-da-tavola-tessuto-lino-bianco-runner-corda-romeo-giulietta-150x113.jpg 150w, https:\/\/www.marinigerardi.it\/shop\/wp-content\/uploads\/2021\/06\/tovaglia-da-tavola-tessuto-lino-bianco-runner-corda-romeo-giulietta.jpg 1024w\" sizes=\"(max-width: 300px) 100vw, 300px\" \/>\n\t\t\t\t\t\t\t\t\t\t\t\t\t\t\t<\/a>\n\t\t\t\t\t\t\t\t\t\t\t\t<\/div>\n\t\t\t\t\t\t\t\t\t\n\t\t\t\t\t\t\t<\/div>\n\n\t\t\t\t\t<\/div>\n\t\t[\/vc_column][\/vc_row][vc_row][vc_column]\n\t\t<div id=\"wd-69474228d2787\" class=\"title-wrapper wd-wpb wd-set-mb reset-last-child  wd-rs-69474228d2787 wd-title-color-default wd-title-style-bordered text-center  wd-underline-colored\">\n\t\t\t\n\t\t\t<div class=\"liner-continer\">\n\t\t\t\t<h3 class=\"woodmart-title-container title  wd-font-weight- wd-fontsize-l\" >Tovaglie Eleganti in Lino bianco<\/h3>\n\t\t\t\t\t\t\t<\/div>\n\t\t\t\n\t\t\t\n\t\t\t\n\t\t<\/div>\n\t\t\n\t\t[\/vc_column][\/vc_row][vc_row content_placement=&#8221;middle&#8221; woodmart_bg_position=&#8221;center-bottom&#8221; css=&#8221;.vc_custom_1692048938086{background-color: #f3f3f3 !important;background-position: 0 0 !important;background-repeat: no-repeat !important;}&#8221; el_class=&#8221;mobile-bg-img-hidden&#8221; mobile_bg_img_hidden=&#8221;no&#8221; tablet_bg_img_hidden=&#8221;no&#8221; woodmart_parallax=&#8221;0&#8243; woodmart_gradient_switch=&#8221;no&#8221; row_reverse_mobile=&#8221;0&#8243; row_reverse_tablet=&#8221;0&#8243; woodmart_disable_overflow=&#8221;0&#8243; woodmart_css_id=&#8221;64da9e1cd7733&#8243; responsive_spacing=&#8221;eyJwYXJhbV90eXBlIjoid29vZG1hcnRfcmVzcG9uc2l2ZV9zcGFjaW5nIiwic2VsZWN0b3JfaWQiOiI2NGRhOWUxY2Q3NzMzIiwic2hvcnRjb2RlIjoidmNfcm93IiwiZGF0YSI6eyJ0YWJsZXQiOnt9LCJtb2JpbGUiOnt9fX0=&#8221; woodmart_box_shadow=&#8221;yes&#8221; wd_box_shadow=&#8221;eyJkZXZpY2VzIjp7ImRlc2t0b3AiOnsiaG9yaXpvbnRhbCI6IjAiLCJ2ZXJ0aWNhbCI6IjAiLCJibHVyIjoiOSIsInNwcmVhZCI6IjAiLCJjb2xvciI6InJnYmEoMCwgMCwgMCwgLjE1KSJ9fX0=&#8221; wd_z_index=&#8221;no&#8221;][vc_column mobile_bg_img_hidden=&#8221;no&#8221; tablet_bg_img_hidden=&#8221;no&#8221; woodmart_parallax=&#8221;0&#8243; woodmart_sticky_column=&#8221;false&#8221; parallax_scroll=&#8221;no&#8221; mobile_reset_margin=&#8221;no&#8221; tablet_reset_margin=&#8221;no&#8221;][vc_single_image image=&#8221;62304&#8243; img_size=&#8221;full&#8221; alignment=&#8221;center&#8221; onclick=&#8221;link_image&#8221; parallax_scroll=&#8221;no&#8221; woodmart_inline=&#8221;no&#8221;][\/vc_column][\/vc_row][vc_row][vc_column]\n\t\t<div id=\"wd-69474234a6aed\" class=\"title-wrapper wd-wpb wd-set-mb reset-last-child  wd-rs-69474234a6aed wd-title-color-primary wd-title-style-underlined text-center justify  wd-underline-colored\">\n\t\t\t\n\t\t\t<div class=\"liner-continer\">\n\t\t\t\t<h3 class=\"woodmart-title-container title  wd-font-weight- wd-fontsize-l\" >PAOLO & FRANCESCA - Tovaglie Eleganti in Lino bianco con Runner in Contrasto<\/h3>\n\t\t\t\t\t\t\t<\/div>\n\t\t\t\n\t\t\t\t\t\t\t<div class=\"title-after_title reset-last-child  wd-fontsize-xs\">Affidabilit\u00e0 che puoi toccare, valore che puoi vedere.<\/div>\n\t\t\t\n\t\t\t\n\t\t<\/div>\n\t\t\n\t\t\t\t<div id=\"wd-64ef0aaf3f6c4\" class=\"wd-text-block wd-wpb reset-last-child wd-rs-64ef0aaf3f6c4 text-left \">\n\t\t\t<p style=\"text-align: justify;\"><strong>Immergiti nell&#8217;incanto di un artigianato eccezionale con le tovaglie in lino GIULIETTA &amp; ROMEO<\/strong>, confezionate con cura nel nostro laboratorio al momento del tuo ordine. Queste squisite tovaglie sono pi\u00f9 di semplici tessuti: sono un&#8217;espressione di eleganza, pensate per trasformare la tua casa e il tuo pranzo in un ambiente di classe .<br \/>\nDisponibili in due affascinanti combinazioni di colori, ogni tovaglia presenta un bordo pieghettato e sfilacciato con grazia, aggiungendo un tocco di fantasia alla tua mise en place. Che si tratti di un caro pasto in famiglia o di un incontro tra amici, le nostre tovaglie sono realizzate per esaltare i tuoi momenti a tavola, rendendoli ancora pi\u00f9 memorabili.<br \/>\n<strong>Immergiti in un mondo di sapori autentici e fascino antico, evocando le amate tradizioni del Vecchio Sud. <\/strong>Mentre ti raduni attorno al tavolo per assaporare i migliori vini delle rinomate cantine o per gustare le deliziose frise del Salento, lascia che la nostra tovaglia in lino ti trasporti in un universo in cui la ricca storia si intreccia con l&#8217;arte culinaria. Questa tovaglia \u00e8 un omaggio all&#8217;incantevole fascino delle tradizioni meridionali, incarnando l&#8217;essenza del pane, del formaggio, della pasta fatta in casa, dell&#8217;olio extravergine d&#8217;oliva e del vino: una sinfonia culinaria che solletica sia i sensi che l&#8217;anima.<br \/>\n<strong>Che si tratti di un pranzo rilassato o di una cena intima, rinnova l&#8217;atmosfera del tuo tavolo con la nostra Tovaglia in Puro Lino,<\/strong> disponibile in una tonalit\u00e0 di colore unica che fonde con eleganza l&#8217;informalit\u00e0. Questa tovaglia non \u00e8 solo un tessuto: \u00e8 una testimonianza di esclusivit\u00e0, un tocco di raffinatezza che porta gioia sia come regalo pensato con cura sia come oggetto prezioso da possedere.<\/p>\n\t\t<\/div>\n\t\t[\/vc_column][\/vc_row][vc_row content_placement=&#8221;middle&#8221; woodmart_bg_position=&#8221;center-bottom&#8221; css=&#8221;.vc_custom_1692048938086{background-color: #f3f3f3 !important;background-position: 0 0 !important;background-repeat: no-repeat !important;}&#8221; el_class=&#8221;mobile-bg-img-hidden&#8221; mobile_bg_img_hidden=&#8221;no&#8221; tablet_bg_img_hidden=&#8221;no&#8221; woodmart_parallax=&#8221;0&#8243; woodmart_gradient_switch=&#8221;no&#8221; row_reverse_mobile=&#8221;0&#8243; row_reverse_tablet=&#8221;0&#8243; woodmart_disable_overflow=&#8221;0&#8243; woodmart_css_id=&#8221;64da9e1cd7733&#8243; responsive_spacing=&#8221;eyJwYXJhbV90eXBlIjoid29vZG1hcnRfcmVzcG9uc2l2ZV9zcGFjaW5nIiwic2VsZWN0b3JfaWQiOiI2NGRhOWUxY2Q3NzMzIiwic2hvcnRjb2RlIjoidmNfcm93IiwiZGF0YSI6eyJ0YWJsZXQiOnt9LCJtb2JpbGUiOnt9fX0=&#8221; woodmart_box_shadow=&#8221;yes&#8221; wd_box_shadow=&#8221;eyJkZXZpY2VzIjp7ImRlc2t0b3AiOnsiaG9yaXpvbnRhbCI6IjAiLCJ2ZXJ0aWNhbCI6IjAiLCJibHVyIjoiOSIsInNwcmVhZCI6IjAiLCJjb2xvciI6InJnYmEoMCwgMCwgMCwgLjE1KSJ9fX0=&#8221; wd_z_index=&#8221;no&#8221;][vc_column mobile_bg_img_hidden=&#8221;no&#8221; tablet_bg_img_hidden=&#8221;no&#8221; woodmart_parallax=&#8221;0&#8243; woodmart_sticky_column=&#8221;false&#8221; parallax_scroll=&#8221;no&#8221; mobile_reset_margin=&#8221;no&#8221; tablet_reset_margin=&#8221;no&#8221;][vc_single_image image=&#8221;62305&#8243; img_size=&#8221;full&#8221; alignment=&#8221;center&#8221; onclick=&#8221;link_image&#8221; css=&#8221;.vc_custom_1692909744129{margin-right: 20px !important;}&#8221; parallax_scroll=&#8221;no&#8221; woodmart_inline=&#8221;no&#8221;][\/vc_column][\/vc_row][vc_row][vc_column]\n\t\t<div id=\"wd-694742405e1f4\" class=\"title-wrapper wd-wpb wd-set-mb reset-last-child  wd-rs-694742405e1f4 wd-title-color-primary wd-title-style-underlined text-center justify  wd-underline-colored\">\n\t\t\t\n\t\t\t<div class=\"liner-continer\">\n\t\t\t\t<h3 class=\"woodmart-title-container title  wd-font-weight- wd-fontsize-l\" >PAOLO & FRANCESCA - Tovaglie Bianche Eleganti in lino con Runner \u2013 Celebrando Tradizioni, Tessendo Eleganza.<\/h3>\n\t\t\t\t\t\t\t<\/div>\n\t\t\t\n\t\t\t\t\t\t\t<div class=\"title-after_title reset-last-child  wd-fontsize-xs\">in combinazione con Runner sovrapposto<\/div>\n\t\t\t\n\t\t\t\n\t\t<\/div>\n\t\t\n\t\t\t\t<div id=\"wd-65e320ce135fe\" class=\"wd-text-block wd-wpb reset-last-child wd-rs-65e320ce135fe text-left \">\n\t\t\t<p style=\"text-align: justify;\"><strong>Da oltre 40 anni, Marini &amp; Gerardi si trova all&#8217;avanguardia dell&#8217;eccellenza artigianale in Italia,<\/strong> intrecciando qualit\u00e0 e benessere in ogni filo. Il nostro impegno nel produrre prodotti in lino di altissima qualit\u00e0 ci ha guadagnato la reputazione di uno dei marchi tessili pi\u00f9 rinomati d&#8217;Italia. Quando scegli le tovaglie in lino PAOLO &amp; FRANCESCA, non stai scegliendo solo una copertura per il tavolo: stai scegliendo un&#8217;esperienza, un viaggio attraverso tradizioni tramandate nel tempo e una celebrazione dell&#8217;arte di mangiare.<br \/>\n<strong>Eleva i tuoi momenti a tavola con l&#8217;eleganza di PAOLO &amp; FRANCESCA.<\/strong>\u00a0Vivi la differenza che l&#8217;artigianato di qualit\u00e0 e un tocco di romanticismo possono portare al tuo tavolo.<\/p>\n\t\t<\/div>\n\t\t[\/vc_column][\/vc_row]<\/p>\n<\/div>","protected":false},"excerpt":{"rendered":"<p>Tessuto in puro lino dal sapore vintage, un Tessuto pesante con effetto corposo ma delicato al tatto. Uno o pi\u00f9 tagli trasversali, le rende moderne ed uniche. Collezione<strong> PAOLO &amp; FRANCESCA<\/strong> &#8211; Tovaglie Eleganti in lino con Runner<strong> disponibili in due combinazioni di colore con runner a contrasto.<\/strong><\/p>\n","protected":false},"featured_media":12398,"template":"","meta":[],"product_brand":[],"product_cat":[145],"product_tag":[],"class_list":{"0":"post-7895","1":"product","2":"type-product","3":"status-publish","4":"has-post-thumbnail","6":"product_cat-tovaglie-di-lino","8":"first","9":"instock","10":"taxable","11":"shipping-taxable","12":"purchasable","13":"product-type-simple"},"_links":{"self":[{"href":"https:\/\/www.marinigerardi.it\/shop\/wp-json\/wp\/v2\/product\/7895","targetHints":{"allow":["GET"]}}],"collection":[{"href":"https:\/\/www.marinigerardi.it\/shop\/wp-json\/wp\/v2\/product"}],"about":[{"href":"https:\/\/www.marinigerardi.it\/shop\/wp-json\/wp\/v2\/types\/product"}],"wp:featuredmedia":[{"embeddable":true,"href":"https:\/\/www.marinigerardi.it\/shop\/wp-json\/wp\/v2\/media\/12398"}],"wp:attachment":[{"href":"https:\/\/www.marinigerardi.it\/shop\/wp-json\/wp\/v2\/media?parent=7895"}],"wp:term":[{"taxonomy":"product_brand","embeddable":true,"href":"https:\/\/www.marinigerardi.it\/shop\/wp-json\/wp\/v2\/product_brand?post=7895"},{"taxonomy":"product_cat","embeddable":true,"href":"https:\/\/www.marinigerardi.it\/shop\/wp-json\/wp\/v2\/product_cat?post=7895"},{"taxonomy":"product_tag","embeddable":true,"href":"https:\/\/www.marinigerardi.it\/shop\/wp-json\/wp\/v2\/product_tag?post=7895"}],"curies":[{"name":"wp","href":"https:\/\/api.w.org\/{rel}","templated":true}]}}