{"id":7845,"date":"2021-01-28T10:38:35","date_gmt":"2021-01-28T10:38:35","guid":{"rendered":"https:\/\/marinigerardi.it\/shop\/product\/import-placeholder-for-9059\/"},"modified":"2025-03-18T17:24:02","modified_gmt":"2025-03-18T17:24:02","slug":"lenzuola-matrimoniali-lenzuola-singole-angoli-duchessa","status":"publish","type":"product","link":"https:\/\/www.marinigerardi.it\/shop\/prodotto\/lenzuola-matrimoniali-lenzuola-singole-angoli-duchessa\/","title":{"rendered":"DUCHESSA st &#8211; Lenzuola Matrimoniali Lenzuola Singole con angoli (sotto) &#8211; Singole e alla Francese"},"content":{"rendered":"<div class=\"wpb-content-wrapper\"><p>[vc_row equal_height=&#8221;yes&#8221; mobile_bg_img_hidden=&#8221;no&#8221; tablet_bg_img_hidden=&#8221;no&#8221; woodmart_parallax=&#8221;0&#8243; woodmart_gradient_switch=&#8221;no&#8221; row_reverse_mobile=&#8221;0&#8243; row_reverse_tablet=&#8221;0&#8243; woodmart_disable_overflow=&#8221;0&#8243;][vc_column offset=&#8221;vc_col-lg-6 vc_col-md-6&#8243; mobile_bg_img_hidden=&#8221;no&#8221; tablet_bg_img_hidden=&#8221;no&#8221; woodmart_parallax=&#8221;0&#8243; woodmart_sticky_column=&#8221;false&#8221; parallax_scroll=&#8221;no&#8221; mobile_reset_margin=&#8221;no&#8221; tablet_reset_margin=&#8221;no&#8221; css=&#8221;.vc_custom_1613071403480{margin-top: 0px !important;}&#8221;]\n\t\t<div id=\"wd-66cd9f116d8df\" class=\"title-wrapper wd-wpb wd-set-mb reset-last-child  wd-rs-66cd9f116d8df wd-title-color-primary wd-title-style-bordered text-left vc_custom_1724751680388 wd-underline-colored\">\n\t\t\t\n\t\t\t<div class=\"liner-continer\">\n\t\t\t\t<h2 class=\"woodmart-title-container title  wd-font-weight-500 wd-fontsize-l\" >DUCHESSA - Lenzuola Matrimoniali Lenzuola Singole con angoli elasticizzati \u201cEXCELLENT\u201d<\/h2>\n\t\t\t\t\t\t\t<\/div>\n\t\t\t\n\t\t\t\n\t\t\t\n\t\t<\/div>\n\t\t\n\t\t\t\t<div id=\"wd-65de1c331df2b\" class=\"wd-text-block wd-wpb reset-last-child wd-rs-65de1c331df2b text-left \">\n\t\t\t<p><strong>Biancheria da letto e lenzuola pesanti che vengono dal cassetto della nonna da 210 gr. m\u00b2 :<\/strong> dove il caldo e il freddo hanno la loro grande importanza. Con le lenzuola a letto devi stare bene sotto ogni punto di vista, quindi oltre al magico contatto del corpo, la biancheria letto \u00e8 importantissima perch\u00e8 ti dia piacevolezza e calore in inverno e fresco in estate. Il lino \u00e8 tutto questo! Il Puro Lino \u00e8 l\u2019abbraccio che ti accogliente tra le lenzuola, e ti f\u00e0 sentire bene prima di addormentarti ogni sera nel tuo letto.<\/p>\n\t\t<\/div>\n\t\t[vc_message message_box_style=&#8221;outline&#8221; message_box_color=&#8221;grey&#8221; css=&#8221;.vc_custom_1742316716714{margin-top: 0px !important;}&#8221;]<\/p>\n<p style=\"text-align: justify;\"><span class=\"a-list-item\">Questa offerta include solo <strong>uno <a href=\"https:\/\/www.marinigerardi.it\/shop\/prodotto\/lenzuola-matrimoniali-lenzuola-singole-angoli-duchessa\/\">lenzuolo sotto<\/a><\/strong> con elastico. Se avete necessit\u00e0 di lenzuolo sopra, si prega di ricercare: \u2192 <a href=\"https:\/\/marinigerardi.it\/shop\/prodotto\/duchessa-lenzuola-sopra\/\"><strong> Duchessa-Lenzuolo Sopra<\/strong><\/a>, per le federe, ricercare: \u2192 <strong><a href=\"https:\/\/marinigerardi.it\/shop\/prodotto\/duchessa-federe-cuscini-letto\/\">Duchessa-Federe<\/a>. <\/strong><br \/>\nPer le misure non incluse, si prega inviare il dettaglio della dimensione desiderata all\u2019 indirizzo mail <strong>assistenza@marinigerardi.it <\/strong><\/span><\/p>\n<p>[\/vc_message]<div id=\"wd-61d6c44839008\" class=\" wd-rs-61d6c44839008  wd-button-wrapper text-left\"><a href=\"https:\/\/www.marinigerardi.it\/shop\/guida-misure-per-la-biancheria-letto\/\" title=\"GUIDA MISURE PER LA BIANCHERIA LETTO\" target=\"_blank\" class=\"btn btn-style-link btn-shape-rectangle btn-size-default btn-icon-pos-left\">GUIDA MISURE PER LA BIANCHERIA LETTO<span class=\"wd-btn-icon\"><span class=\"wd-icon far fa-arrow-alt-circle-right\"><\/span><\/span><\/a><\/div>[\/vc_column][vc_column css=&#8221;.vc_custom_1612434787067{background-position: center !important;background-repeat: no-repeat !important;background-size: cover !important;}&#8221; offset=&#8221;vc_col-lg-6 vc_col-md-6&#8243; mobile_bg_img_hidden=&#8221;no&#8221; tablet_bg_img_hidden=&#8221;no&#8221; woodmart_parallax=&#8221;0&#8243; woodmart_sticky_column=&#8221;false&#8221; parallax_scroll=&#8221;no&#8221; mobile_reset_margin=&#8221;no&#8221; tablet_reset_margin=&#8221;no&#8221;][vc_single_image image=&#8221;11158&#8243; img_size=&#8221;full&#8221; alignment=&#8221;center&#8221; style=&#8221;vc_box_shadow&#8221; parallax_scroll=&#8221;no&#8221;][\/vc_column][\/vc_row][vc_row][vc_column][vc_empty_space woodmart_hide_large=&#8221;0&#8243; woodmart_hide_medium=&#8221;0&#8243; woodmart_hide_small=&#8221;0&#8243;]\n\t\t<div id=\"wd-67d9a4b251b8f\" class=\"title-wrapper wd-wpb wd-set-mb reset-last-child  wd-rs-67d9a4b251b8f wd-title-color-default wd-title-style-underlined text-center  wd-underline-colored\">\n\t\t\t\n\t\t\t<div class=\"liner-continer\">\n\t\t\t\t<h3 class=\"woodmart-title-container title  wd-font-weight- wd-fontsize-l\" >Lenzuola Matrimoniali Lenzuola Singole con angoli<\/h3>\n\t\t\t\t\t\t\t<\/div>\n\t\t\t\n\t\t\t\n\t\t\t\n\t\t<\/div>\n\t\t\n\t\t[\/vc_column][\/vc_row][vc_row content_placement=&#8221;middle&#8221; woodmart_bg_position=&#8221;center-bottom&#8221; css=&#8221;.vc_custom_1742316818941{background-color: #F3F3F3 !important;background-position: 0 0 !important;background-repeat: no-repeat !important;}&#8221; el_class=&#8221;mobile-bg-img-hidden&#8221; mobile_bg_img_hidden=&#8221;no&#8221; tablet_bg_img_hidden=&#8221;no&#8221; woodmart_parallax=&#8221;0&#8243; woodmart_gradient_switch=&#8221;no&#8221; row_reverse_mobile=&#8221;0&#8243; row_reverse_tablet=&#8221;0&#8243; woodmart_disable_overflow=&#8221;0&#8243; woodmart_css_id=&#8221;67d9a4fc3bf58&#8243; responsive_spacing=&#8221;eyJwYXJhbV90eXBlIjoid29vZG1hcnRfcmVzcG9uc2l2ZV9zcGFjaW5nIiwic2VsZWN0b3JfaWQiOiI2N2Q5YTRmYzNiZjU4Iiwic2hvcnRjb2RlIjoidmNfcm93IiwiZGF0YSI6eyJ0YWJsZXQiOnt9LCJtb2JpbGUiOnt9fX0=&#8221; woodmart_box_shadow=&#8221;no&#8221; wd_z_index=&#8221;no&#8221;][vc_column mobile_bg_img_hidden=&#8221;no&#8221; tablet_bg_img_hidden=&#8221;no&#8221; woodmart_parallax=&#8221;0&#8243; woodmart_sticky_column=&#8221;false&#8221; parallax_scroll=&#8221;no&#8221; mobile_reset_margin=&#8221;no&#8221; tablet_reset_margin=&#8221;no&#8221;][vc_single_image image=&#8221;11160&#8243; img_size=&#8221;full&#8221; alignment=&#8221;center&#8221; style=&#8221;vc_box_shadow&#8221; css=&#8221;&#8221; parallax_scroll=&#8221;no&#8221; woodmart_inline=&#8221;no&#8221;][\/vc_column][\/vc_row][vc_row][vc_column]\n\t\t<div id=\"wd-67d9a566e0795\" class=\"title-wrapper wd-wpb wd-set-mb reset-last-child  wd-rs-67d9a566e0795 wd-title-color-primary wd-title-style-bordered text-left justify  wd-underline-colored\">\n\t\t\t\t\t\t\t\n\t\t\t\t<div class=\"title-subtitle  subtitle-color-primary font-alt subtitle-style-default wd-font-weight- wd-fontsize-xs\">Collezioni e modelli unici, altamente professionali creati e firmati Marini&amp;Gerardi.<\/div>\n\t\t\t\n\t\t\t<div class=\"liner-continer\">\n\t\t\t\t<h3 class=\"woodmart-title-container title  wd-font-weight-400 wd-fontsize-l\" >Lenzuola singole con angoli - Lenzuola matrimoniali con angoli elasticizzati<\/h3>\n\t\t\t\t\t\t\t<\/div>\n\t\t\t\n\t\t\t\n\t\t\t\n\t\t<\/div>\n\t\t\n\t\t[vc_column_text text_larger=&#8221;no&#8221;]<\/p>\n<p style=\"text-align: justify;\"><strong>Le lenzuola della nonna Tessute in LINO \u201cCome si faceva una volta\u201d, alla riscoperta delle vere tradizioni.<\/strong><br \/>\nLasciati cullare tra le braccia di Morfeo per dormire profondamente e serenamente. Nelle nostre LENZUOLA cucite con materiali di prima qualit\u00e0 \u201cItalianissimi\u201d \u2026 senza sorprese. Prodotte nei nostri laboratori artigiani da Marini&amp;Gerardi.[\/vc_column_text][\/vc_column][\/vc_row]<\/p>\n<\/div>","protected":false},"excerpt":{"rendered":"<p style=\"text-align: justify;\"><strong>DUCHESSA &#8211; Lenzuola Matrimoniali , Lenzuola Singole con angoli, una Piazza e Mezza in Lino da 210 gr. m\u00b2<\/strong> di primissima qualit\u00e0. Per avere delle lenzuola perfette vi dettiamo una regola semplicissima: <strong>lunghezza, larghezza, altezza del materasso<\/strong> e selezionatele nella tabella sottostante.<\/p>\n","protected":false},"featured_media":11154,"template":"","meta":[],"product_brand":[],"product_cat":[460,614,3611,1563],"product_tag":[1615,506,1629],"class_list":{"0":"post-7845","1":"product","2":"type-product","3":"status-publish","4":"has-post-thumbnail","6":"product_cat-biancheria-letto","7":"product_cat-lenzuola","8":"product_cat-lenzuola-con-angoli","9":"product_cat-lenzuolo-sotto","10":"product_tag-biancheria-letto","11":"product_tag-lenzuola","12":"product_tag-lenzuola-sotto","14":"first","15":"instock","16":"taxable","17":"shipping-taxable","18":"purchasable","19":"product-type-simple"},"_links":{"self":[{"href":"https:\/\/www.marinigerardi.it\/shop\/wp-json\/wp\/v2\/product\/7845","targetHints":{"allow":["GET"]}}],"collection":[{"href":"https:\/\/www.marinigerardi.it\/shop\/wp-json\/wp\/v2\/product"}],"about":[{"href":"https:\/\/www.marinigerardi.it\/shop\/wp-json\/wp\/v2\/types\/product"}],"wp:featuredmedia":[{"embeddable":true,"href":"https:\/\/www.marinigerardi.it\/shop\/wp-json\/wp\/v2\/media\/11154"}],"wp:attachment":[{"href":"https:\/\/www.marinigerardi.it\/shop\/wp-json\/wp\/v2\/media?parent=7845"}],"wp:term":[{"taxonomy":"product_brand","embeddable":true,"href":"https:\/\/www.marinigerardi.it\/shop\/wp-json\/wp\/v2\/product_brand?post=7845"},{"taxonomy":"product_cat","embeddable":true,"href":"https:\/\/www.marinigerardi.it\/shop\/wp-json\/wp\/v2\/product_cat?post=7845"},{"taxonomy":"product_tag","embeddable":true,"href":"https:\/\/www.marinigerardi.it\/shop\/wp-json\/wp\/v2\/product_tag?post=7845"}],"curies":[{"name":"wp","href":"https:\/\/api.w.org\/{rel}","templated":true}]}}