{"id":7837,"date":"2021-01-28T10:38:33","date_gmt":"2021-01-28T10:38:33","guid":{"rendered":"https:\/\/marinigerardi.it\/shop\/product\/import-placeholder-for-8992\/"},"modified":"2025-04-10T17:35:02","modified_gmt":"2025-04-10T17:35:02","slug":"duchessa-lenzuola-sopra","status":"publish","type":"product","link":"https:\/\/www.marinigerardi.it\/shop\/prodotto\/duchessa-lenzuola-sopra\/","title":{"rendered":"DUCHESSA sp &#8211; Lenzuola Sopra in Lino &#8211; Singole alla Francese"},"content":{"rendered":"<div class=\"wpb-content-wrapper\"><p>[vc_row equal_height=&#8221;yes&#8221; mobile_bg_img_hidden=&#8221;no&#8221; tablet_bg_img_hidden=&#8221;no&#8221; woodmart_parallax=&#8221;0&#8243; woodmart_gradient_switch=&#8221;no&#8221; row_reverse_mobile=&#8221;0&#8243; row_reverse_tablet=&#8221;0&#8243; woodmart_disable_overflow=&#8221;0&#8243;][vc_column offset=&#8221;vc_col-lg-6 vc_col-md-6&#8243; mobile_bg_img_hidden=&#8221;no&#8221; tablet_bg_img_hidden=&#8221;no&#8221; woodmart_parallax=&#8221;0&#8243; woodmart_sticky_column=&#8221;false&#8221; parallax_scroll=&#8221;no&#8221; mobile_reset_margin=&#8221;no&#8221; tablet_reset_margin=&#8221;no&#8221; css=&#8221;.vc_custom_1613071403480{margin-top: 0px !important;}&#8221;]\n\t\t<div id=\"wd-67d98b3716fa8\" class=\"title-wrapper wd-wpb wd-set-mb reset-last-child  wd-rs-67d98b3716fa8 wd-title-color-primary wd-title-style-bordered text-left vc_custom_1742310217422 wd-underline-colored\">\n\t\t\t\t\t\t\t\n\t\t\t\t<div class=\"title-subtitle  subtitle-color-primary font-default subtitle-style-background wd-font-weight-500 wd-fontsize-xs\">LENZUOLA SOPRA<\/div>\n\t\t\t\n\t\t\t<div class=\"liner-continer\">\n\t\t\t\t<h2 class=\"woodmart-title-container title  wd-font-weight-500 wd-fontsize-l\" >DUCHESSA - Lenzuola Sopra Matrimoniali in Lino - Singolo alla Francese<\/h2>\n\t\t\t\t\t\t\t<\/div>\n\t\t\t\n\t\t\t\n\t\t\t\n\t\t<\/div>\n\t\t\n\t\t\t\t<div id=\"wd-65de1d3856243\" class=\"wd-text-block wd-wpb reset-last-child wd-rs-65de1d3856243 text-left \">\n\t\t\t<p><strong>Biancheria da letto e lenzuola pesanti che vengono dal cassetto della nonna da 210 gr. m\u00b2 :<\/strong> dove il caldo e il freddo hanno la loro grande importanza. Con le lenzuola a letto devi stare bene sotto ogni punto di vista, quindi oltre al magico contatto del corpo, la biancheria letto \u00e8 importantissima perch\u00e8 ti dia piacevolezza e calore in inverno e fresco in estate. Il lino \u00e8 tutto questo! Il Puro Lino \u00e8 l\u2019abbraccio che ti accogliente tra le lenzuola, e ti f\u00e0 sentire bene prima di addormentarti ogni sera nel tuo letto.<\/p>\n\t\t<\/div>\n\t\t[vc_message message_box_style=&#8221;outline&#8221; message_box_color=&#8221;grey&#8221; css=&#8221;.vc_custom_1738608042145{margin-top: 0px !important;}&#8221;]<\/p>\n<p style=\"text-align: justify;\"><span class=\"a-list-item\">Questa offerta include solo <a href=\"https:\/\/www.marinigerardi.it\/shop\/prodotto\/duchessa-lenzuola-sopra\/\"><strong>uno lenzuolo<\/strong> piano (sopra)<\/a>. Se avete necessit\u00e0 di lenzuola sotto con angoli, si prega di ricercare:<strong>\u00a0<\/strong><a href=\"https:\/\/marinigerardi.it\/shop\/prodotto\/duchessa-lenzuola-sotto\/\"><strong>Duchessa-Lenzuolo Sotto<\/strong><\/a> per le federe\u00a0 ricercare:\u00a0<strong><a href=\"https:\/\/marinigerardi.it\/shop\/prodotto\/duchessa-federe-cuscini-letto\/\">Duchessa-Federe<\/a>.<\/strong><\/span><\/p>\n<p>Per altre misure o combinazioni contattateci ad: <strong>assistenza@marinigerardi.it <\/strong>[\/vc_message][vc_column_text woodmart_inline=&#8221;no&#8221; text_larger=&#8221;no&#8221;]<div class=\"wpb-content-wrapper\">[vc_row][vc_column]<div id=\"wd-61866bc65b608\" class=\" wd-rs-61866bc65b608   wd-rs-61866bc65b608 wd-button-wrapper text-left\"><a href=\"#my_popup\" title=\"\" class=\"btn btn-color-primary btn-style-bordered btn-shape-rectangle btn-size-default wd-open-popup \">Guida alle TAGLIE<\/a><\/div><div id=\"my_popup\" class=\"mfp-hide wd-popup wd-popup-element wd-scroll-content\" style=\"--wd-popup-width:800px;\">[vc_message message_box_style=\"solid-icon\" style=\"square\" message_box_color=\"grey\"]\r\n<h4>COPRIPIUMINI:<\/h4>\r\n<table style=\"border-collapse: collapse; width: 100%; height: 144px;\">\r\n<tbody>\r\n<tr style=\"height: 24px;\">\r\n<td style=\"width: 33.3333%; height: 24px;\"><strong>MATERASSO<\/strong><\/td>\r\n<td style=\"width: 33.3333%; height: 24px;\"><strong>LETTO<\/strong><\/td>\r\n<td style=\"width: 33.3333%; height: 24px;\"><strong>COPRIPIUMINO<\/strong><\/td>\r\n<\/tr>\r\n<tr style=\"height: 24px;\">\r\n<td style=\"width: 33.3333%; height: 24px;\">90 x 200 cm<\/td>\r\n<td style=\"width: 33.3333%; height: 24px;\">Singolo<\/td>\r\n<td style=\"width: 33.3333%; height: 24px;\">140 x 200 cm<\/td>\r\n<\/tr>\r\n<tr style=\"height: 24px;\">\r\n<td style=\"width: 33.3333%; height: 24px;\">120 x 200 cm<\/td>\r\n<td style=\"width: 33.3333%; height: 24px;\">1 Piazza e Mezza<\/td>\r\n<td style=\"width: 33.3333%; height: 24px;\">200 x 200 cm<\/td>\r\n<\/tr>\r\n<tr style=\"height: 24px;\">\r\n<td style=\"width: 33.3333%; height: 24px;\">140 x 200 cm<\/td>\r\n<td style=\"width: 33.3333%; height: 24px;\">Francese<\/td>\r\n<td style=\"width: 33.3333%; height: 24px;\">220 x 220 cm<\/td>\r\n<\/tr>\r\n<tr style=\"height: 24px;\">\r\n<td style=\"width: 33.3333%; height: 24px;\">160 x 200 cm<\/td>\r\n<td style=\"width: 33.3333%; height: 24px;\">Francese XL<\/td>\r\n<td style=\"width: 33.3333%; height: 24px;\">240 x 220 cm<\/td>\r\n<\/tr>\r\n<tr style=\"height: 24px;\">\r\n<td style=\"width: 33.3333%; height: 24px;\">180 x 200 cm<\/td>\r\n<td style=\"width: 33.3333%; height: 24px;\">Matrimoniale<\/td>\r\n<td style=\"width: 33.3333%; height: 24px;\">260 x 240 cm<\/td>\r\n<\/tr>\r\n<\/tbody>\r\n<\/table>\r\n[\/vc_message][vc_message message_box_style=\"solid-icon\" message_box_color=\"grey\"]\r\n<h4>LENZUOLA:<\/h4>\r\n<table style=\"border-collapse: collapse; width: 100%; height: 240px;\">\r\n<tbody>\r\n<tr style=\"height: 24px;\">\r\n<td style=\"width: 16.4353%; height: 24px;\"><strong>MATERASSO<\/strong><\/td>\r\n<td style=\"width: 8.71207%; height: 24px;\"><strong>LETTO<\/strong><\/td>\r\n<td style=\"width: 17.3575%; height: 24px;\"><strong>LENZUOLO SOPRA \/ PIANO\r\n<\/strong><\/td>\r\n<\/tr>\r\n<tr style=\"height: 24px;\">\r\n<td style=\"width: 16.4353%; height: 24px;\">80 \u00d7 190\/200 + altezza 20\/30 cm<\/td>\r\n<td style=\"width: 8.71207%; height: 24px;\"><strong>Singolo<\/strong> :<\/td>\r\n<td style=\"width: 17.3575%; height: 24px;\">160 \u00d7 270 cm<\/td>\r\n<\/tr>\r\n<tr style=\"height: 24px;\">\r\n<td style=\"width: 16.4353%; height: 24px;\">90 \u00d7 190\/200 + altezza 20\/30 cm<\/td>\r\n<td style=\"width: 8.71207%; height: 24px;\"><strong>Singolo<\/strong> :<\/td>\r\n<td style=\"width: 17.3575%; height: 24px;\">170 \u00d7 270 cm<\/td>\r\n<\/tr>\r\n<tr style=\"height: 24px;\">\r\n<td style=\"width: 16.4353%; height: 24px;\">120 \u00d7 190\/200 + altezza 20\/30 cm<\/td>\r\n<td style=\"width: 8.71207%; height: 24px;\"><strong>Piazza e Mezza<\/strong> :<\/td>\r\n<td style=\"width: 17.3575%; height: 24px;\">200 \u00d7 270 cm<\/td>\r\n<\/tr>\r\n<tr style=\"height: 24px;\">\r\n<td style=\"width: 16.4353%; height: 24px;\">140 \u00d7 190\/200 + altezza 20\/30 cm<\/td>\r\n<td style=\"width: 8.71207%; height: 24px;\"><strong>Francese<\/strong> :<\/td>\r\n<td style=\"width: 17.3575%; height: 24px;\">220 \u00d7 270 cm<\/td>\r\n<\/tr>\r\n<tr style=\"height: 24px;\">\r\n<td style=\"width: 16.4353%; height: 24px;\">160 x 190\/200 + altezza 20\/30 cm<\/td>\r\n<td style=\"width: 8.71207%; height: 24px;\"><strong>Matrimoniale<\/strong> :<\/td>\r\n<td style=\"width: 17.3575%; height: 24px;\">240 \u00d7 270 cm<\/td>\r\n<\/tr>\r\n<tr style=\"height: 24px;\">\r\n<td style=\"width: 16.4353%; height: 24px;\">180 x 190\/200 + altezza 20\/30 cm<\/td>\r\n<td style=\"width: 8.71207%; height: 24px;\"><strong>Queen :<\/strong><\/td>\r\n<td style=\"width: 17.3575%; height: 24px;\">260 \u00d7 280 cm<\/td>\r\n<\/tr>\r\n<tr style=\"height: 24px;\">\r\n<td style=\"width: 16.4353%; height: 24px;\">195\/200 x 200 + altezza 20\/30 cm<\/td>\r\n<td style=\"width: 8.71207%; height: 24px;\"><strong>King<\/strong> :<\/td>\r\n<td style=\"width: 17.3575%; height: 24px;\">275 \u00d7 280 cm<\/td>\r\n<\/tr>\r\n<tr style=\"height: 24px;\">\r\n<td style=\"width: 16.4353%; height: 24px;\"><\/td>\r\n<td style=\"width: 8.71207%; height: 24px;\"><\/td>\r\n<td style=\"width: 17.3575%; height: 24px;\"><\/td>\r\n<\/tr>\r\n<tr style=\"height: 24px;\">\r\n<td style=\"width: 16.4353%; height: 24px;\">Standard<\/td>\r\n<td style=\"width: 8.71207%; height: 24px;\"><span style=\"font-size: 14pt;\"><strong>Guanciale<\/strong><\/span><\/td>\r\n<td style=\"width: 17.3575%; height: 24px;\">50 x 75 cm<\/td>\r\n<\/tr>\r\n<\/tbody>\r\n<\/table>\r\n[\/vc_message]<\/div>[\/vc_column][\/vc_row]<\/div>[\/vc_column_text][\/vc_column][vc_column css=&#8221;.vc_custom_1612434787067{background-position: center !important;background-repeat: no-repeat !important;background-size: cover !important;}&#8221; offset=&#8221;vc_col-lg-6 vc_col-md-6&#8243; mobile_bg_img_hidden=&#8221;no&#8221; tablet_bg_img_hidden=&#8221;no&#8221; woodmart_parallax=&#8221;0&#8243; woodmart_sticky_column=&#8221;false&#8221; parallax_scroll=&#8221;no&#8221; mobile_reset_margin=&#8221;no&#8221; tablet_reset_margin=&#8221;no&#8221;][vc_single_image image=&#8221;11179&#8243; img_size=&#8221;full&#8221; alignment=&#8221;center&#8221; style=&#8221;vc_box_shadow&#8221; parallax_scroll=&#8221;no&#8221;][\/vc_column][\/vc_row][vc_row][vc_column][vc_empty_space woodmart_hide_large=&#8221;0&#8243; woodmart_hide_medium=&#8221;0&#8243; woodmart_hide_small=&#8221;0&#8243;]\n\t\t<div id=\"wd-67f800fccaa24\" class=\"title-wrapper wd-wpb wd-set-mb reset-last-child  wd-rs-67f800fccaa24 wd-title-color-default wd-title-style-default text-center  wd-underline-colored\">\n\t\t\t\n\t\t\t<div class=\"liner-continer\">\n\t\t\t\t<h3 class=\"woodmart-title-container title  wd-font-weight-600 wd-fontsize-l\" >Lenzuola Sopra in Lino - Singolo alla Francese | Biancheria Letto di Qualit\u00e0<\/h3>\n\t\t\t\t\t\t\t<\/div>\n\t\t\t\n\t\t\t\n\t\t\t\n\t\t<\/div>\n\t\t\n\t\t[\/vc_column][\/vc_row][vc_row content_placement=&#8221;middle&#8221; woodmart_bg_position=&#8221;center-bottom&#8221; css=&#8221;.vc_custom_1742309034159{background-color: #F3F3F3 !important;background-position: 0 0 !important;background-repeat: no-repeat !important;}&#8221; el_class=&#8221;mobile-bg-img-hidden&#8221; mobile_bg_img_hidden=&#8221;no&#8221; tablet_bg_img_hidden=&#8221;no&#8221; woodmart_parallax=&#8221;0&#8243; woodmart_gradient_switch=&#8221;no&#8221; row_reverse_mobile=&#8221;0&#8243; row_reverse_tablet=&#8221;0&#8243; woodmart_disable_overflow=&#8221;0&#8243; woodmart_css_id=&#8221;67d9869104d9f&#8221; responsive_spacing=&#8221;eyJwYXJhbV90eXBlIjoid29vZG1hcnRfcmVzcG9uc2l2ZV9zcGFjaW5nIiwic2VsZWN0b3JfaWQiOiI2N2Q5ODY5MTA0ZDlmIiwic2hvcnRjb2RlIjoidmNfcm93IiwiZGF0YSI6eyJ0YWJsZXQiOnt9LCJtb2JpbGUiOnt9fX0=&#8221; woodmart_box_shadow=&#8221;no&#8221; wd_z_index=&#8221;no&#8221;][vc_column mobile_bg_img_hidden=&#8221;no&#8221; tablet_bg_img_hidden=&#8221;no&#8221; woodmart_parallax=&#8221;0&#8243; woodmart_sticky_column=&#8221;false&#8221; parallax_scroll=&#8221;no&#8221; mobile_reset_margin=&#8221;no&#8221; tablet_reset_margin=&#8221;no&#8221;][vc_single_image image=&#8221;11160&#8243; img_size=&#8221;full&#8221; alignment=&#8221;center&#8221; style=&#8221;vc_box_shadow&#8221; parallax_scroll=&#8221;no&#8221;][\/vc_column][\/vc_row][vc_row][vc_column]\n\t\t<div id=\"wd-67f801327488e\" class=\"title-wrapper wd-wpb wd-set-mb reset-last-child  wd-rs-67f801327488e wd-title-color-primary wd-title-style-bordered text-left justify  wd-underline-colored\">\n\t\t\t\n\t\t\t<div class=\"liner-continer\">\n\t\t\t\t<h3 class=\"woodmart-title-container title  wd-font-weight-600 wd-fontsize-l\" >DUCHESSA - Lenzuola sopra Matrimoniali in Lino - Singolo alla Francese e Biancheria Letto<\/h3>\n\t\t\t\t\t\t\t<\/div>\n\t\t\t\n\t\t\t\t\t\t\t<div class=\"title-after_title reset-last-child  wd-fontsize-xs\">Tessuto SPLENDIDO in Lino di una modernit\u00e0 e attualit\u00e0 assoluta.<\/div>\n\t\t\t\n\t\t\t\n\t\t<\/div>\n\t\t\n\t\t\t\t<div id=\"wd-65de1d09e1b8f\" class=\"wd-text-block wd-wpb reset-last-child wd-rs-65de1d09e1b8f text-left \">\n\t\t\t<p style=\"text-align: justify;\">Le Lenzuola Matrimoniali in lino, Singole o una piazza e mezza Marini&amp;Gerardi sono l\u2019accessorio ideale per conferire al tuo letto freschezza, estetica e praticit\u00e0, lucentezza, facilit\u00e0 di cura, stabilit\u00e0, forza.<\/p>\n<p><strong>Le lenzuola della nonna Tessute in LINO \u201cCome si faceva una volta\u201d, alla riscoperta delle vere tradizioni.<\/strong><br \/>\nLasciati cullare tra le braccia di Morfeo per dormire profondamente e serenamente. Nelle nostre LENZUOLA cucite con materiali di prima qualit\u00e0 \u201cItalianissimi\u201d \u2026 senza sorprese. Prodotte nei nostri laboratori artigiani da Marini&amp;Gerardi.<\/p>\n\t\t<\/div>\n\t\t[\/vc_column][\/vc_row]<\/p>\n<\/div>","protected":false},"excerpt":{"rendered":"<p style=\"text-align: justify;\"><strong>DUCHESSA &#8211; Lenzuola Sopra in Lino | Biancheria Letto:<\/strong> Realizzate con un <strong>Puro Lino (210 gr. m\u00b2)<\/strong> pesante che viene dal passato, forte e robusto, che combina con grande sensibilit\u00e0 gli splendidi colori: Terra Umbra, Tortora, Ghiaccio.<\/p>\n","protected":false},"featured_media":11158,"template":"","meta":[],"product_brand":[],"product_cat":[460,614,1562],"product_tag":[1615,506,1603],"class_list":{"0":"post-7837","1":"product","2":"type-product","3":"status-publish","4":"has-post-thumbnail","6":"product_cat-biancheria-letto","7":"product_cat-lenzuola","8":"product_cat-lenzuolo-sopra","9":"product_tag-biancheria-letto","10":"product_tag-lenzuola","11":"product_tag-lenzuola-sopra","13":"first","14":"instock","15":"taxable","16":"shipping-taxable","17":"purchasable","18":"product-type-simple"},"_links":{"self":[{"href":"https:\/\/www.marinigerardi.it\/shop\/wp-json\/wp\/v2\/product\/7837","targetHints":{"allow":["GET"]}}],"collection":[{"href":"https:\/\/www.marinigerardi.it\/shop\/wp-json\/wp\/v2\/product"}],"about":[{"href":"https:\/\/www.marinigerardi.it\/shop\/wp-json\/wp\/v2\/types\/product"}],"wp:featuredmedia":[{"embeddable":true,"href":"https:\/\/www.marinigerardi.it\/shop\/wp-json\/wp\/v2\/media\/11158"}],"wp:attachment":[{"href":"https:\/\/www.marinigerardi.it\/shop\/wp-json\/wp\/v2\/media?parent=7837"}],"wp:term":[{"taxonomy":"product_brand","embeddable":true,"href":"https:\/\/www.marinigerardi.it\/shop\/wp-json\/wp\/v2\/product_brand?post=7837"},{"taxonomy":"product_cat","embeddable":true,"href":"https:\/\/www.marinigerardi.it\/shop\/wp-json\/wp\/v2\/product_cat?post=7837"},{"taxonomy":"product_tag","embeddable":true,"href":"https:\/\/www.marinigerardi.it\/shop\/wp-json\/wp\/v2\/product_tag?post=7837"}],"curies":[{"name":"wp","href":"https:\/\/api.w.org\/{rel}","templated":true}]}}