{"id":7836,"date":"2021-01-28T10:38:33","date_gmt":"2021-01-28T10:38:33","guid":{"rendered":"https:\/\/marinigerardi.it\/shop\/product\/import-placeholder-for-8966\/"},"modified":"2026-03-12T13:56:46","modified_gmt":"2026-03-12T13:56:46","slug":"radici-biancheria-letto-e-tovaglie","status":"publish","type":"product","link":"https:\/\/www.marinigerardi.it\/shop\/prodotto\/radici-biancheria-letto-e-tovaglie\/","title":{"rendered":"Tessuti per Biancheria Letto in Lino Pesante RADICI \u2013 Ideale anche per Tovaglie e Tende"},"content":{"rendered":"<div class=\"wpb-content-wrapper\"><p>[vc_row equal_height=&#8221;yes&#8221; mobile_bg_img_hidden=&#8221;no&#8221; tablet_bg_img_hidden=&#8221;no&#8221; woodmart_parallax=&#8221;0&#8243; woodmart_gradient_switch=&#8221;no&#8221; row_reverse_mobile=&#8221;0&#8243; row_reverse_tablet=&#8221;0&#8243; woodmart_disable_overflow=&#8221;0&#8243;][vc_column offset=&#8221;vc_col-lg-6 vc_col-md-6&#8243; mobile_bg_img_hidden=&#8221;no&#8221; tablet_bg_img_hidden=&#8221;no&#8221; woodmart_parallax=&#8221;0&#8243; woodmart_sticky_column=&#8221;false&#8221; parallax_scroll=&#8221;no&#8221; mobile_reset_margin=&#8221;no&#8221; tablet_reset_margin=&#8221;no&#8221; css=&#8221;.vc_custom_1613071403480{margin-top: 0px !important;}&#8221;]\n\t\t<div id=\"wd-69a9f04d589d0\" class=\"title-wrapper wd-wpb wd-set-mb reset-last-child  wd-rs-69a9f04d589d0 wd-title-color-primary wd-title-style-bordered text-left vc_custom_1772744776696 wd-underline-colored\">\n\t\t\t\n\t\t\t<div class=\"liner-continer\">\n\t\t\t\t<h2 class=\"woodmart-title-container title  wd-font-weight- wd-fontsize-l\" >Tessuti per Biancheria Letto e Tovaglie - RADICI -<\/h2>\n\t\t\t\t\t\t\t<\/div>\n\t\t\t\n\t\t\t\t\t\t\t<div class=\"title-after_title reset-last-child  wd-fontsize-xs\">Tessuto coprente 100%, ideale per Lenzuola, Cuscini o Federe, Copri piumini, Tovaglie. Lino liscio Soft Touch in 3 colori disponibili: Terra Umbra, Tortora, Ghiaccio<\/div>\n\t\t\t\n\t\t\t\n\t\t<\/div>\n\t\t\n\t\t[vc_row_inner][vc_column_inner width=&#8221;1\/2&#8243;]\t\t\t<div class=\"info-box-wrapper\">\n\t\t\t\t<div id=\"wd-605dac3571d3c\" class=\" wd-rs-605dac3571d3c wd-info-box wd-wpb text-left box-icon-align-left box-style-shadow color-scheme- wd-bg-none wd-items-top vc_custom_1616751713369\">\n\t\t\t\t\t\t\t\t\t\t\t<div class=\"box-icon-wrapper  box-with-icon box-icon-with-border\">\n\t\t\t\t\t\t\t<div class=\"info-box-icon\">\n\t\t\t\t\t\t\t\t<img decoding=\"async\" width=\"40\" height=\"40\" src=\"https:\/\/www.marinigerardi.it\/shop\/wp-content\/uploads\/2021\/02\/icons8_yarn_100px-40x40.png\" class=\"attachment-40x40 size-40x40\" alt=\"Composizione tessuti Marini e Gerardi\" \/>\t\t\t\t\t\t\t<\/div>\n\t\t\t\t\t\t<\/div>\n\t\t\t\t\t\t\t\t\t\t<div class=\"info-box-content\">\n\t\t\t\t\t\t<h4 class=\"info-box-title title box-title-style-default wd-fontsize-s\">PURO LINO<\/h4>\t\t\t\t\t\t<div class=\"info-box-inner reset-last-child\"><p>630 gr\/m.l<\/p>\n<\/div>\n\n\t\t\t\t\t\t\t\t\t\t\t<\/div>\n\n\t\t\t\t\t\n\t\t\t\t\t<style>#wd-605dac3571d3c:hover .info-box-icon{background-color:  !important;}<\/style>\t\t\t\t<\/div>\n\t\t\t<\/div>\n\t\t[\/vc_column_inner][vc_column_inner width=&#8221;1\/2&#8243;]\t\t\t<div class=\"info-box-wrapper\">\n\t\t\t\t<div id=\"wd-603f7ba2464c6\" class=\" wd-rs-603f7ba2464c6 wd-info-box wd-wpb text-left box-icon-align-left box-style-shadow color-scheme-dark wd-bg-none wd-items-top vc_custom_1614773180420\">\n\t\t\t\t\t\t\t\t\t\t\t<div class=\"box-icon-wrapper  box-with-icon box-icon-with-border\">\n\t\t\t\t\t\t\t<div class=\"info-box-icon\">\n\t\t\t\t\t\t\t\t<img decoding=\"async\" width=\"40\" height=\"40\" src=\"https:\/\/www.marinigerardi.it\/shop\/wp-content\/uploads\/2021\/02\/icons8_wallpaper_roll_100px-40x40.png\" class=\"attachment-40x40 size-40x40\" alt=\"Altezza Tessuti - Marini e Gerardi\" \/>\t\t\t\t\t\t\t<\/div>\n\t\t\t\t\t\t<\/div>\n\t\t\t\t\t\t\t\t\t\t<div class=\"info-box-content\">\n\t\t\t\t\t\t<h4 class=\"info-box-title title box-title-style-default wd-fontsize-s\">ALTEZZA<\/h4>\t\t\t\t\t\t<div class=\"info-box-inner reset-last-child\"><p>h. 305 cm.<\/p>\n<\/div>\n\n\t\t\t\t\t\t\t\t\t\t\t<\/div>\n\n\t\t\t\t\t\n\t\t\t\t\t<style>#wd-603f7ba2464c6:hover .info-box-icon{background-color:  !important;}<\/style>\t\t\t\t<\/div>\n\t\t\t<\/div>\n\t\t[\/vc_column_inner][\/vc_row_inner][vc_column_text woodmart_inline=&#8221;no&#8221; text_larger=&#8221;no&#8221;]<strong>Minimo acquisto 1 metro.<\/strong> Se avete bisogno di aiuto contattateci all&#8217; indirizzo mail assistenza@marinigerardi.it[\/vc_column_text]<div id=\"wd-61d4679b1d98f\" class=\" wd-rs-61d4679b1d98f  wd-button-wrapper text-left\"><a href=\"https:\/\/www.marinigerardi.it\/shop\/guida-come-calcolare-il-metraggio-dei-tessuti\/\" title=\"Guida Come Calcolare il Metraggio dei Tessuti\" target=\"_blank\" class=\"btn btn-style-link btn-shape-rectangle btn-size-default btn-icon-pos-left\">Guida Come Calcolare il Metraggio dei Tessuti<span class=\"wd-btn-icon\"><span class=\"wd-icon far fa-arrow-alt-circle-right\"><\/span><\/span><\/a><\/div>[\/vc_column][vc_column css=&#8221;.vc_custom_1612434787067{background-position: center !important;background-repeat: no-repeat !important;background-size: cover !important;}&#8221; offset=&#8221;vc_col-lg-6 vc_col-md-6&#8243; mobile_bg_img_hidden=&#8221;no&#8221; tablet_bg_img_hidden=&#8221;no&#8221; woodmart_parallax=&#8221;0&#8243; woodmart_sticky_column=&#8221;false&#8221; parallax_scroll=&#8221;no&#8221; mobile_reset_margin=&#8221;no&#8221; tablet_reset_margin=&#8221;no&#8221;][vc_single_image image=&#8221;11158&#8243; img_size=&#8221;large&#8221; alignment=&#8221;center&#8221; style=&#8221;vc_box_shadow&#8221; parallax_scroll=&#8221;no&#8221;][\/vc_column][\/vc_row][vc_row][vc_column][vc_text_separator title=&#8221;&#8221; css=&#8221;.vc_custom_1772744783983{margin-top: 20px !important;}&#8221;]\n\t\t<div id=\"wd-69a9f06ac96a6\" class=\"title-wrapper wd-wpb wd-set-mb reset-last-child  wd-rs-69a9f06ac96a6 wd-title-color-default wd-title-style-default text-center  wd-underline-colored\">\n\t\t\t\n\t\t\t<div class=\"liner-continer\">\n\t\t\t\t<h3 class=\"woodmart-title-container title  wd-font-weight- wd-fontsize-l\" >Tessuti per Biancheria Letto e Tovaglie<\/h3>\n\t\t\t\t\t\t\t<\/div>\n\t\t\t\n\t\t\t\n\t\t\t\n\t\t<\/div>\n\t\t\n\t\t[\/vc_column][\/vc_row][vc_row content_placement=&#8221;middle&#8221; woodmart_bg_position=&#8221;center-bottom&#8221; css=&#8221;.vc_custom_1690626268214{background-color: #f3f3f3 !important;background-position: 0 0 !important;background-repeat: no-repeat !important;}&#8221; el_class=&#8221;mobile-bg-img-hidden&#8221; mobile_bg_img_hidden=&#8221;no&#8221; tablet_bg_img_hidden=&#8221;no&#8221; woodmart_parallax=&#8221;0&#8243; woodmart_gradient_switch=&#8221;no&#8221; row_reverse_mobile=&#8221;0&#8243; row_reverse_tablet=&#8221;0&#8243; woodmart_disable_overflow=&#8221;0&#8243; woodmart_css_id=&#8221;64c4e8cf5d98e&#8221; responsive_spacing=&#8221;eyJwYXJhbV90eXBlIjoid29vZG1hcnRfcmVzcG9uc2l2ZV9zcGFjaW5nIiwic2VsZWN0b3JfaWQiOiI2NGM0ZThjZjVkOThlIiwic2hvcnRjb2RlIjoidmNfcm93IiwiZGF0YSI6eyJ0YWJsZXQiOnt9LCJtb2JpbGUiOnt9fX0=&#8221; woodmart_box_shadow=&#8221;yes&#8221; wd_box_shadow=&#8221;eyJkZXZpY2VzIjp7ImRlc2t0b3AiOnsiaG9yaXpvbnRhbCI6IjAiLCJ2ZXJ0aWNhbCI6IjAiLCJibHVyIjoiOSIsInNwcmVhZCI6IjAiLCJjb2xvciI6InJnYmEoMCwgMCwgMCwgLjE1KSJ9fX0=&#8221; wd_z_index=&#8221;no&#8221;][vc_column mobile_bg_img_hidden=&#8221;no&#8221; tablet_bg_img_hidden=&#8221;no&#8221; woodmart_parallax=&#8221;0&#8243; woodmart_sticky_column=&#8221;false&#8221; parallax_scroll=&#8221;no&#8221; mobile_reset_margin=&#8221;no&#8221; tablet_reset_margin=&#8221;no&#8221;][vc_single_image image=&#8221;11145&#8243; img_size=&#8221;full&#8221; alignment=&#8221;center&#8221; style=&#8221;vc_box_shadow&#8221; parallax_scroll=&#8221;no&#8221; woodmart_inline=&#8221;no&#8221;][\/vc_column][\/vc_row][vc_row][vc_column]\n\t\t<div id=\"wd-69b2c47cde2dd\" class=\"title-wrapper wd-wpb wd-set-mb reset-last-child  wd-rs-69b2c47cde2dd wd-title-color-primary wd-title-style-underlined text-center justify  wd-underline-colored\">\n\t\t\t\n\t\t\t<div class=\"liner-continer\">\n\t\t\t\t<h3 class=\"woodmart-title-container title  wd-font-weight- wd-fontsize-l\" >Lino RADICI: Tessuti per Biancheria Letto, Tavola e Tendaggi in Grande Altezza<\/h3>\n\t\t\t\t\t\t\t<\/div>\n\t\t\t\n\t\t\t\n\t\t\t\n\t\t<\/div>\n\t\t\n\t\t[vc_column_text css=&#8221;&#8221; text_larger=&#8221;no&#8221; woodmart_inline=&#8221;no&#8221;]<span style=\"color: #333333;\"><a style=\"color: #333333;\" href=\"https:\/\/www.marinigerardi.it\/shop\/categoria-prodotto\/tessuti\/tessuti-per-biancheria-letto\/\"><b>Tessuti per Biancheria Letto<\/b><\/a><\/span>, tovaglie e tendaggi: il lino <b>RADICI<\/b> \u00e8 un tessuto di primissima qualit\u00e0 che combina con sensibilit\u00e0 cromatica le tonalit\u00e0 Terra Umbra, Tortora e Ghiaccio. Caratterizzato da una trama di peso e dalle <b>grandi altezze (h. 305 cm)<\/b>, rappresenta un lino splendido, di una modernit\u00e0 e attualit\u00e0 assoluta.<\/p>\n<p><b>RADICI<\/b> \u00e8 un tessuto versatile dalla trama meravigliosa, ideale per vestire il letto tutto l&#8217;anno. I <b>copripiumini<\/b>, le <b>lenzuola<\/b> e le <b>federe in lino Marini &amp; Gerardi<\/b> sono gli accessori perfetti per conferire alla camera freschezza, estetica e praticit\u00e0. La forza e la lucentezza di questa fibra organica, unite alla sua estrema facilit\u00e0 di cura, esalteranno il valore del tuo riposo e la bellezza della tua tavola.[\/vc_column_text][\/vc_column][\/vc_row]<\/p>\n<\/div>","protected":false},"excerpt":{"rendered":"<p><b>RADICI \u2013 Tessuti per <span style=\"color: #333333;\"><a style=\"color: #333333;\" href=\"https:\/\/www.marinigerardi.it\/shop\/prodotto\/radici-biancheria-letto-e-tovaglie\/\">Biancheria Letto<\/a><\/span><\/b>, tovaglie e tendaggi: l&#8217;eccellenza della collezione &#8220;Excellent&#8221; a <b>trama pesante<\/b>. Un lino straordinariamente soffice e delicato sulla pelle, unico per qualit\u00e0 e resistenza. Ideale per confezioni sartoriali in <b>grandi altezze<\/b> e disponibile in <b>vendita al metro<\/b> per arredare ogni ambiente con il vero Made in Italy.<\/p>\n","protected":false},"featured_media":11135,"template":"","meta":[],"product_brand":[],"product_cat":[1515,3588,284,3051,285,3785,3584,653,3583,3612,287,399,3579],"product_tag":[288,715,716],"class_list":{"0":"post-7836","1":"product","2":"type-product","3":"status-publish","4":"has-post-thumbnail","6":"product_cat-lino-per-tende","7":"product_cat-stoffe-online","8":"product_cat-tessuti","9":"product_cat-tessuti-di-lino","10":"product_cat-lino-per-tovaglie","11":"product_cat-tessuti-lino-per-biancheria-letto","12":"product_cat-tessuti-online","13":"product_cat-tessuti-per-biancheria-letto","14":"product_cat-tessuti-per-la-casa","15":"product_cat-tessuti-per-lenzuola","16":"product_cat-tessuti-per-tende","17":"product_cat-tessuti-per-tovaglie","18":"product_cat-tessuto-lino","19":"product_tag-tessuti-arredamento-in-lino","20":"product_tag-tessuto-in-lino-per-biancheria-letto","21":"product_tag-tessuto-lino-al-metro","23":"first","24":"instock","25":"sold-individually","26":"taxable","27":"shipping-taxable","28":"purchasable","29":"product-type-simple"},"_links":{"self":[{"href":"https:\/\/www.marinigerardi.it\/shop\/wp-json\/wp\/v2\/product\/7836","targetHints":{"allow":["GET"]}}],"collection":[{"href":"https:\/\/www.marinigerardi.it\/shop\/wp-json\/wp\/v2\/product"}],"about":[{"href":"https:\/\/www.marinigerardi.it\/shop\/wp-json\/wp\/v2\/types\/product"}],"wp:featuredmedia":[{"embeddable":true,"href":"https:\/\/www.marinigerardi.it\/shop\/wp-json\/wp\/v2\/media\/11135"}],"wp:attachment":[{"href":"https:\/\/www.marinigerardi.it\/shop\/wp-json\/wp\/v2\/media?parent=7836"}],"wp:term":[{"taxonomy":"product_brand","embeddable":true,"href":"https:\/\/www.marinigerardi.it\/shop\/wp-json\/wp\/v2\/product_brand?post=7836"},{"taxonomy":"product_cat","embeddable":true,"href":"https:\/\/www.marinigerardi.it\/shop\/wp-json\/wp\/v2\/product_cat?post=7836"},{"taxonomy":"product_tag","embeddable":true,"href":"https:\/\/www.marinigerardi.it\/shop\/wp-json\/wp\/v2\/product_tag?post=7836"}],"curies":[{"name":"wp","href":"https:\/\/api.w.org\/{rel}","templated":true}]}}