{"id":7832,"date":"2021-01-28T10:38:32","date_gmt":"2021-01-28T10:38:32","guid":{"rendered":"https:\/\/marinigerardi.it\/shop\/product\/import-placeholder-for-8943\/"},"modified":"2025-12-20T00:59:41","modified_gmt":"2025-12-20T00:59:41","slug":"federa-cuscino-letto-duchessa","status":"publish","type":"product","link":"https:\/\/www.marinigerardi.it\/shop\/prodotto\/federa-cuscino-letto-duchessa\/","title":{"rendered":"DUCHESSA &#8211; FEDERA CUSCINO LETTO"},"content":{"rendered":"<div class=\"wpb-content-wrapper\"><p>[vc_row equal_height=&#8221;yes&#8221; mobile_bg_img_hidden=&#8221;no&#8221; tablet_bg_img_hidden=&#8221;no&#8221; woodmart_parallax=&#8221;0&#8243; woodmart_gradient_switch=&#8221;no&#8221; row_reverse_mobile=&#8221;0&#8243; row_reverse_tablet=&#8221;0&#8243; woodmart_disable_overflow=&#8221;0&#8243;][vc_column offset=&#8221;vc_col-lg-6 vc_col-md-6&#8243; mobile_bg_img_hidden=&#8221;no&#8221; tablet_bg_img_hidden=&#8221;no&#8221; woodmart_parallax=&#8221;0&#8243; woodmart_sticky_column=&#8221;false&#8221; parallax_scroll=&#8221;no&#8221; mobile_reset_margin=&#8221;no&#8221; tablet_reset_margin=&#8221;no&#8221; css=&#8221;.vc_custom_1613071403480{margin-top: 0px !important;}&#8221;]\n\t\t<div id=\"wd-6945f4a1b99cf\" class=\"title-wrapper wd-wpb wd-set-mb reset-last-child  wd-rs-6945f4a1b99cf wd-title-color-primary wd-title-style-bordered text-left vc_custom_1766192247162 wd-underline-colored\">\n\t\t\t\n\t\t\t<div class=\"liner-continer\">\n\t\t\t\t<h2 class=\"woodmart-title-container title  wd-font-weight- wd-fontsize-l\" >DUCHESSA - Federa Cuscino Letto - Biancheria Letto in lino di tradizione tutta Italiana!<\/h2>\n\t\t\t\t\t\t\t<\/div>\n\t\t\t\n\t\t\t\n\t\t\t\n\t\t<\/div>\n\t\t\n\t\t\t\t<div id=\"wd-667152ea3eafb\" class=\"wd-text-block wd-wpb reset-last-child wd-rs-667152ea3eafb text-left \">\n\t\t\t<p><strong>Biancheria da letto e lenzuola pesanti che vengono dal cassetto della nonna da 210 gr. m\u00b2 :<\/strong> dove il caldo e il freddo hanno la loro grande importanza. Con le lenzuola a letto devi stare bene sotto ogni punto di vista, quindi oltre al magico contatto del corpo, la biancheria letto \u00e8 importantissima perch\u00e8 ti dia piacevolezza e calore in inverno e fresco in estate. Il lino \u00e8 tutto questo!<\/p>\n\t\t<\/div>\n\t\t[vc_message message_box_style=&#8221;outline&#8221; message_box_color=&#8221;grey&#8221; css=&#8221;&#8221;]<span style=\"color: #000000;\"><a style=\"color: #000000;\" href=\"https:\/\/www.marinigerardi.it\/shop\/prodotto\/federa-cuscino-letto-duchessa\/\">Questa offerta include<\/a><\/span><\/p>\n<ul>\n<li>N.1<strong>\u00a0federa<\/strong> dimensioni standard 50&#215;80 o 50&#215;80 cm con volant; cuscino interno non incluso.<\/li>\n<li>Ordina lenzuolo sopra vedi: <strong>\u00a0<a href=\"https:\/\/marinigerardi.it\/shop\/prodotto\/duchessa-lenzuola-sopra\/\">Duchessa-Lenzuolo Sopra<\/a>,<\/strong><\/li>\n<li>Ordina lenzuolo sotto vedi:\u00a0 \u00a0<strong><a href=\"https:\/\/marinigerardi.it\/shop\/prodotto\/duchessa-lenzuola-sotto\/\">Duchessa-Lenzuolo Sotto<\/a>. <\/strong><\/li>\n<\/ul>\n<p>Il nostro servizio assistenza \u00e8 sempre pronto ad ascoltare le vostre richieste: <strong>assistenza@marinigerardi.it <\/strong>[\/vc_message]<div id=\"wd-61d6bee0c22d5\" class=\" wd-rs-61d6bee0c22d5  wd-button-wrapper text-left\"><a href=\"https:\/\/www.marinigerardi.it\/shop\/guida-misure-per-la-biancheria-letto\/\" title=\"GUIDA MISURE PER LA BIANCHERIA LETTO\" target=\"_blank\" class=\"btn btn-style-link btn-shape-rectangle btn-size-default btn-icon-pos-left\">GUIDA MISURE PER LA BIANCHERIA LETTO<span class=\"wd-btn-icon\"><span class=\"wd-icon far fa-arrow-alt-circle-right\"><\/span><\/span><\/a><\/div>[\/vc_column][vc_column css=&#8221;.vc_custom_1612434787067{background-position: center !important;background-repeat: no-repeat !important;background-size: cover !important;}&#8221; offset=&#8221;vc_col-lg-6 vc_col-md-6&#8243; mobile_bg_img_hidden=&#8221;no&#8221; tablet_bg_img_hidden=&#8221;no&#8221; woodmart_parallax=&#8221;0&#8243; woodmart_sticky_column=&#8221;false&#8221; parallax_scroll=&#8221;no&#8221; mobile_reset_margin=&#8221;no&#8221; tablet_reset_margin=&#8221;no&#8221;][vc_single_image image=&#8221;11158&#8243; img_size=&#8221;full&#8221; alignment=&#8221;center&#8221; style=&#8221;vc_box_shadow&#8221; onclick=&#8221;link_image&#8221; parallax_scroll=&#8221;no&#8221;][\/vc_column][\/vc_row][vc_row][vc_column][vc_empty_space woodmart_hide_large=&#8221;0&#8243; woodmart_hide_medium=&#8221;0&#8243; woodmart_hide_small=&#8221;0&#8243;]\n\t\t<div id=\"wd-6945f4b5a81b5\" class=\"title-wrapper wd-wpb wd-set-mb reset-last-child  wd-rs-6945f4b5a81b5 wd-title-color-primary wd-title-style-bordered text-center justify  wd-underline-colored\">\n\t\t\t\n\t\t\t<div class=\"liner-continer\">\n\t\t\t\t<h3 class=\"woodmart-title-container title  wd-font-weight- wd-fontsize-l\" >DUCHESSA - Federa Cuscino Letto 50x80 - Biancheria Letto in lino<\/h3>\n\t\t\t\t\t\t\t<\/div>\n\t\t\t\n\t\t\t\t\t\t\t<div class=\"title-after_title reset-last-child  wd-fontsize-xs\">100% Made in Italy - Elegante e raffinata.<\/div>\n\t\t\t\n\t\t\t\n\t\t<\/div>\n\t\t\n\t\t[\/vc_column][\/vc_row][vc_row content_placement=&#8221;middle&#8221; woodmart_bg_position=&#8221;center-bottom&#8221; css=&#8221;.vc_custom_1711304941136{background-color: #f3f3f3 !important;background-position: 0 0 !important;background-repeat: no-repeat !important;}&#8221; el_class=&#8221;mobile-bg-img-hidden&#8221; mobile_bg_img_hidden=&#8221;no&#8221; tablet_bg_img_hidden=&#8221;no&#8221; woodmart_parallax=&#8221;0&#8243; woodmart_gradient_switch=&#8221;no&#8221; row_reverse_mobile=&#8221;0&#8243; row_reverse_tablet=&#8221;0&#8243; woodmart_disable_overflow=&#8221;0&#8243; woodmart_css_id=&#8221;660070dbb9af1&#8243; responsive_spacing=&#8221;eyJwYXJhbV90eXBlIjoid29vZG1hcnRfcmVzcG9uc2l2ZV9zcGFjaW5nIiwic2VsZWN0b3JfaWQiOiI2NjAwNzBkYmI5YWYxIiwic2hvcnRjb2RlIjoidmNfcm93IiwiZGF0YSI6eyJ0YWJsZXQiOnt9LCJtb2JpbGUiOnt9fX0=&#8221; woodmart_box_shadow=&#8221;no&#8221; wd_z_index=&#8221;no&#8221;][vc_column mobile_bg_img_hidden=&#8221;no&#8221; tablet_bg_img_hidden=&#8221;no&#8221; woodmart_parallax=&#8221;0&#8243; woodmart_sticky_column=&#8221;false&#8221; parallax_scroll=&#8221;no&#8221; mobile_reset_margin=&#8221;no&#8221; tablet_reset_margin=&#8221;no&#8221;][vc_single_image image=&#8221;11279&#8243; img_size=&#8221;full&#8221; alignment=&#8221;center&#8221; style=&#8221;vc_box_shadow&#8221; onclick=&#8221;link_image&#8221; parallax_scroll=&#8221;no&#8221; woodmart_inline=&#8221;no&#8221;][\/vc_column][\/vc_row][vc_row][vc_column]\t\t<div id=\"wd-65de2ac32e166\" class=\"wd-text-block wd-wpb reset-last-child wd-rs-65de2ac32e166 text-left \">\n\t\t\t<p style=\"text-align: justify;\"><strong>Duchessa i Cuscini Letto \u201cEXCELLENT\u201d.<\/strong><br \/>\n<a href=\"https:\/\/www.marinigerardi.it\/shop\/prodotto\/federa-cuscino-letto-duchessa\/\">Parola di Nonna<\/a>! Un Tessuto in LINO \u201cCome si faceva una volta\u201d, alla riscoperta delle nostre tradizioni. Federe Letto in lino per ogni stagione: termo regolatrici in inverno, fresche in estate. Versatile dalla trama meravigliosa, che veste il letto per tutto l\u2019anno. Il nostro Puro Lino pu\u00f2 essere utilizzato sia nelle stagioni pi\u00f9 fredde che in quelle autunnali o primaverili. <strong>I Cuscini Letto Marini&amp;Gerardi sono l\u2019accessorio ideale per conferire al tuo letto freschezza, estetica e praticit\u00e0, lucentezza, facilit\u00e0 di cura.<\/strong><\/p>\n\t\t<\/div>\n\t\t[\/vc_column][\/vc_row]<\/p>\n<\/div>","protected":false},"excerpt":{"rendered":"<p><strong>DUCHESSA &#8211; FEDERA CUSCINO LETTO<\/strong> dalle dimensioni standard 50 x 75\/80 cm realizzata con un tessuto in <strong>Puro Lino pesante da 210 gr. m\u00b2<\/strong>, che combina con grande sensibilit\u00e0 gli splendidi colori: Terra Umbra, Tortora, Bianco.<\/p>\n","protected":false},"featured_media":11166,"template":"","meta":[],"product_brand":[],"product_cat":[3154,460,713,3158],"product_tag":[500],"class_list":{"0":"post-7832","1":"product","2":"type-product","3":"status-publish","4":"has-post-thumbnail","6":"product_cat-biancheria-da-letto","7":"product_cat-biancheria-letto","8":"product_cat-federe","9":"product_cat-federe-cuscini","10":"product_tag-federe-cuscini-letto","12":"first","13":"instock","14":"taxable","15":"shipping-taxable","16":"purchasable","17":"product-type-simple"},"_links":{"self":[{"href":"https:\/\/www.marinigerardi.it\/shop\/wp-json\/wp\/v2\/product\/7832","targetHints":{"allow":["GET"]}}],"collection":[{"href":"https:\/\/www.marinigerardi.it\/shop\/wp-json\/wp\/v2\/product"}],"about":[{"href":"https:\/\/www.marinigerardi.it\/shop\/wp-json\/wp\/v2\/types\/product"}],"wp:featuredmedia":[{"embeddable":true,"href":"https:\/\/www.marinigerardi.it\/shop\/wp-json\/wp\/v2\/media\/11166"}],"wp:attachment":[{"href":"https:\/\/www.marinigerardi.it\/shop\/wp-json\/wp\/v2\/media?parent=7832"}],"wp:term":[{"taxonomy":"product_brand","embeddable":true,"href":"https:\/\/www.marinigerardi.it\/shop\/wp-json\/wp\/v2\/product_brand?post=7832"},{"taxonomy":"product_cat","embeddable":true,"href":"https:\/\/www.marinigerardi.it\/shop\/wp-json\/wp\/v2\/product_cat?post=7832"},{"taxonomy":"product_tag","embeddable":true,"href":"https:\/\/www.marinigerardi.it\/shop\/wp-json\/wp\/v2\/product_tag?post=7832"}],"curies":[{"name":"wp","href":"https:\/\/api.w.org\/{rel}","templated":true}]}}