{"id":7809,"date":"2021-01-28T10:38:06","date_gmt":"2021-01-28T10:38:06","guid":{"rendered":"https:\/\/marinigerardi.it\/shop\/product\/import-placeholder-for-8295\/"},"modified":"2023-08-03T08:48:56","modified_gmt":"2023-08-03T08:48:56","slug":"foglia-giochi-di-luce-applique-a-muro","status":"publish","type":"product","link":"https:\/\/www.marinigerardi.it\/shop\/prodotto\/foglia-giochi-di-luce-applique-a-muro\/","title":{"rendered":"FOGLIA giochi di Luce! Applique a Muro"},"content":{"rendered":"<div class=\"wpb-content-wrapper\"><p>[vc_row equal_height=&#8221;yes&#8221; mobile_bg_img_hidden=&#8221;no&#8221; tablet_bg_img_hidden=&#8221;no&#8221; woodmart_parallax=&#8221;0&#8243; woodmart_gradient_switch=&#8221;no&#8221; row_reverse_mobile=&#8221;0&#8243; row_reverse_tablet=&#8221;0&#8243; woodmart_disable_overflow=&#8221;0&#8243;][vc_column offset=&#8221;vc_col-lg-6 vc_col-md-6&#8243; mobile_bg_img_hidden=&#8221;no&#8221; tablet_bg_img_hidden=&#8221;no&#8221; woodmart_parallax=&#8221;0&#8243; woodmart_sticky_column=&#8221;false&#8221; parallax_scroll=&#8221;no&#8221; mobile_reset_margin=&#8221;no&#8221; tablet_reset_margin=&#8221;no&#8221; css=&#8221;.vc_custom_1613071403480{margin-top: 0px !important;}&#8221;]\n\t\t<div id=\"wd-61a891282d850\" class=\"title-wrapper wd-wpb wd-set-mb reset-last-child  wd-rs-61a891282d850 wd-title-color-primary wd-title-style-bordered text-left vc_custom_1638437167127 wd-underline-colored\">\n\t\t\t\n\t\t\t<div class=\"liner-continer\">\n\t\t\t\t<h2 class=\"woodmart-title-container title  wd-font-weight-500 wd-fontsize-l\" >FOGLIA giochi di Luce! Applique a Muro<\/h2>\n\t\t\t\t\t\t\t<\/div>\n\t\t\t\n\t\t\t\n\t\t\t\n\t\t<\/div>\n\t\t\n\t\t[mpc_textblock content_width=&#8221;100&#8243; font_preset=&#8221;default&#8221; font_color=&#8221;#000000&#8243; margin_divider=&#8221;true&#8221; margin_bottom=&#8221;20&#8243; margin_css=&#8221;margin-bottom:20px;&#8221; mpc_tooltip__border_divider=&#8221;true&#8221; mpc_tooltip__padding_divider=&#8221;true&#8221;]<\/p>\n<p style=\"text-align: justify;\">Il diffusore \u00e8 realizzato da una struttura metallica, rivestito in tessuto di lino a colore, con bordo a contrasto, le cui piacevoli tonalit\u00e0 producono una luce calda e morbida.\u00a0 Il consumatore pu\u00f2 scegliere e montare la lampadina che preferisce. <strong><em>Lampada Applique non elettrificata.<\/em><\/strong><\/p>\n<p>[\/mpc_textblock]\t\t\t<div class=\"info-box-wrapper\">\n\t\t\t\t<div id=\"wd-64c53c2736a61\" class=\" wd-rs-64c53c2736a61 wd-info-box wd-wpb text-left box-icon-align-top box-style-border color-scheme-dark wd-bg-none \">\n\t\t\t\t\t\t\t\t\t\t<div class=\"info-box-content\">\n\t\t\t\t\t\t\t\t\t\t\t\t<div class=\"info-box-inner reset-last-child\"><\/p>\n<ul>\n<li>Fodera a colore in Lino Stropicciato.<\/li>\n<li>in pronta consegna: 7\/20 gg. lav.<\/li>\n<\/ul>\n<p>Per misure particolari vi preghiamo di contattarci al Indirizzo mail <strong>assistenzza@marinigerardi.it<\/strong><\/p>\n<\/div>\n\n\t\t\t\t\t\t\t\t\t\t\t<\/div>\n\n\t\t\t\t\t\n\t\t\t\t\t\t\t\t\t<\/div>\n\t\t\t<\/div>\n\t\t[\/vc_column][vc_column css=&#8221;.vc_custom_1612434787067{background-position: center !important;background-repeat: no-repeat !important;background-size: cover !important;}&#8221; offset=&#8221;vc_col-lg-6 vc_col-md-6&#8243; mobile_bg_img_hidden=&#8221;no&#8221; tablet_bg_img_hidden=&#8221;no&#8221; woodmart_parallax=&#8221;0&#8243; woodmart_sticky_column=&#8221;false&#8221; parallax_scroll=&#8221;no&#8221; mobile_reset_margin=&#8221;no&#8221; tablet_reset_margin=&#8221;no&#8221;][vc_single_image image=&#8221;43236&#8243; img_size=&#8221;large&#8221; alignment=&#8221;center&#8221; style=&#8221;vc_box_shadow&#8221; onclick=&#8221;link_image&#8221; parallax_scroll=&#8221;no&#8221; woodmart_inline=&#8221;no&#8221;][\/vc_column][\/vc_row][vc_row css=&#8221;.vc_custom_1690651699985{background-color: #f3f3f3 !important;}&#8221; woodmart_css_id=&#8221;64c54c26b536f&#8221; responsive_spacing=&#8221;eyJwYXJhbV90eXBlIjoid29vZG1hcnRfcmVzcG9uc2l2ZV9zcGFjaW5nIiwic2VsZWN0b3JfaWQiOiI2NGM1NGMyNmI1MzZmIiwic2hvcnRjb2RlIjoidmNfcm93IiwiZGF0YSI6eyJ0YWJsZXQiOnt9LCJtb2JpbGUiOnt9fX0=&#8221; mobile_bg_img_hidden=&#8221;no&#8221; tablet_bg_img_hidden=&#8221;no&#8221; woodmart_parallax=&#8221;0&#8243; woodmart_gradient_switch=&#8221;no&#8221; woodmart_box_shadow=&#8221;yes&#8221; wd_box_shadow=&#8221;eyJkZXZpY2VzIjp7ImRlc2t0b3AiOnsiaG9yaXpvbnRhbCI6IjAiLCJ2ZXJ0aWNhbCI6IjAiLCJibHVyIjoiOSIsInNwcmVhZCI6IjAiLCJjb2xvciI6InJnYmEoMCwgMCwgMCwgLjE1KSJ9fX0=&#8221; wd_z_index=&#8221;no&#8221; woodmart_disable_overflow=&#8221;0&#8243; row_reverse_mobile=&#8221;0&#8243; row_reverse_tablet=&#8221;0&#8243;][vc_column][vc_single_image image=&#8221;43234&#8243; img_size=&#8221;full&#8221; alignment=&#8221;center&#8221; onclick=&#8221;link_image&#8221; parallax_scroll=&#8221;no&#8221; woodmart_inline=&#8221;no&#8221;][\/vc_column][\/vc_row][vc_row][vc_column]\n\t\t<div id=\"wd-61a891361ab67\" class=\"title-wrapper wd-wpb wd-set-mb reset-last-child  wd-rs-61a891361ab67 wd-title-color-primary wd-title-style-bordered text-center vc_custom_1638437198058 wd-underline-colored\">\n\t\t\t\t\t\t\t\n\t\t\t\t<div class=\"title-subtitle  subtitle-color-primary font-default subtitle-style-background wd-font-weight-500 wd-fontsize-xs\">ILLUMINAZIONE A PARETE<\/div>\n\t\t\t\n\t\t\t<div class=\"liner-continer\">\n\t\t\t\t<h3 class=\"woodmart-title-container title  wd-font-weight-500 wd-fontsize-l\" >Foglia Applique da parete<\/h3>\n\t\t\t\t\t\t\t<\/div>\n\t\t\t\n\t\t\t\n\t\t\t\n\t\t<\/div>\n\t\t\n\t\t[mpc_textblock content_width=&#8221;100&#8243; font_align=&#8221;justify&#8221; margin_divider=&#8221;true&#8221; mpc_tooltip__border_divider=&#8221;true&#8221; mpc_tooltip__padding_divider=&#8221;true&#8221;]<\/p>\n<p style=\"text-align: justify;\"><strong>La serie di applique a muro chiamata &#8220;FOGLIA&#8221;<\/strong> presenta dei diffusori realizzati con una struttura metallica, rivestiti in tessuto di lino stropicciato tinta unita. Questo rivestimento in lino conferisce ai diffusori un aspetto gradevole e produce una luce calda e morbida quando la lampada \u00e8 accesa. La scelta di tonalit\u00e0 piacevoli contribuisce a creare un&#8217;atmosfera accogliente nell&#8217;ambiente.<\/p>\n<p style=\"text-align: justify;\">Le lampade della serie &#8220;FOGLIA&#8221; sono progettate con un design che assicura un&#8217;illuminazione ottimale e ben distribuita nell&#8217;ambiente circostante.<\/p>\n<p style=\"text-align: justify;\">Un vantaggio interessante delle lampade di questa serie \u00e8 che il consumatore ha la possibilit\u00e0 di scegliere e montare la lampadina che preferisce. Ci\u00f2 consente di personalizzare ulteriormente l&#8217;effetto luminoso e l&#8217;intensit\u00e0 della luce emessa dalla lampada, soddisfacendo le esigenze specifiche di illuminazione dell&#8217;utente.<\/p>\n<p style=\"text-align: justify;\">Oltre alla loro funzione pratica di fonte di illuminazione, le lampade della serie &#8220;FOGLIA&#8221; sono progettate anche con l&#8217;obiettivo di essere oggetti d&#8217;arredamento che attirano immediatamente l&#8217;attenzione. Questo significa che queste applique sono esteticamente gradevoli sia quando sono accese e in funzione, che quando sono spente, contribuendo cos\u00ec a valorizzare l&#8217;aspetto estetico complessivo dell&#8217;ambiente in cui vengono collocate.<\/p>\n<p style=\"text-align: justify;\"><strong>In sintesi, la serie di applique a muro &#8220;FOGLIA&#8221; si distingue per il suo design che unisce materiali come il tessuto di lino tinta unita e una struttura metallica, per la possibilit\u00e0 di personalizzare la lampadina e per la sua funzione decorativa oltre che illuminante.<\/strong><\/p>\n<p>[\/mpc_textblock][\/vc_column][\/vc_row]<\/p>\n<\/div>","protected":false},"excerpt":{"rendered":"<p>Diffusori design Foglia realizzati da una struttura metallica, rivestiti in tessuto di lino stropicciato a tinta\u00a0 unita<\/p>\n","protected":false},"featured_media":29648,"template":"","meta":[],"product_brand":[],"product_cat":[671,666],"product_tag":[676,668,674,675],"class_list":{"0":"post-7809","1":"product","2":"type-product","3":"status-publish","4":"has-post-thumbnail","6":"product_cat-applique","7":"product_cat-illuminazione-da-interni","8":"product_tag-applique-da-muro","9":"product_tag-lampade","10":"product_tag-lampade-da-muro","11":"product_tag-lampade-da-parete","13":"first","14":"instock","15":"taxable","16":"shipping-taxable","17":"purchasable","18":"product-type-simple"},"_links":{"self":[{"href":"https:\/\/www.marinigerardi.it\/shop\/wp-json\/wp\/v2\/product\/7809","targetHints":{"allow":["GET"]}}],"collection":[{"href":"https:\/\/www.marinigerardi.it\/shop\/wp-json\/wp\/v2\/product"}],"about":[{"href":"https:\/\/www.marinigerardi.it\/shop\/wp-json\/wp\/v2\/types\/product"}],"wp:featuredmedia":[{"embeddable":true,"href":"https:\/\/www.marinigerardi.it\/shop\/wp-json\/wp\/v2\/media\/29648"}],"wp:attachment":[{"href":"https:\/\/www.marinigerardi.it\/shop\/wp-json\/wp\/v2\/media?parent=7809"}],"wp:term":[{"taxonomy":"product_brand","embeddable":true,"href":"https:\/\/www.marinigerardi.it\/shop\/wp-json\/wp\/v2\/product_brand?post=7809"},{"taxonomy":"product_cat","embeddable":true,"href":"https:\/\/www.marinigerardi.it\/shop\/wp-json\/wp\/v2\/product_cat?post=7809"},{"taxonomy":"product_tag","embeddable":true,"href":"https:\/\/www.marinigerardi.it\/shop\/wp-json\/wp\/v2\/product_tag?post=7809"}],"curies":[{"name":"wp","href":"https:\/\/api.w.org\/{rel}","templated":true}]}}