{"id":7801,"date":"2021-01-28T10:38:00","date_gmt":"2021-01-28T10:38:00","guid":{"rendered":"https:\/\/marinigerardi.it\/shop\/product\/import-placeholder-for-8241\/"},"modified":"2023-03-29T15:36:13","modified_gmt":"2023-03-29T15:36:13","slug":"liquirizia-lampade-da-soffitto-a-sospensione-in-lino-antimacchia","status":"publish","type":"product","link":"https:\/\/www.marinigerardi.it\/shop\/prodotto\/liquirizia-lampade-da-soffitto-a-sospensione-in-lino-antimacchia\/","title":{"rendered":"Liquirizia &#8211;  Lampade a Sospensione Moderne in Lino Antimacchia"},"content":{"rendered":"<div class=\"wpb-content-wrapper\"><p>[vc_row equal_height=&#8221;yes&#8221; mobile_bg_img_hidden=&#8221;no&#8221; tablet_bg_img_hidden=&#8221;no&#8221; woodmart_parallax=&#8221;0&#8243; woodmart_gradient_switch=&#8221;no&#8221; row_reverse_mobile=&#8221;0&#8243; row_reverse_tablet=&#8221;0&#8243; woodmart_disable_overflow=&#8221;0&#8243;][vc_column offset=&#8221;vc_col-lg-6 vc_col-md-6&#8243; mobile_bg_img_hidden=&#8221;no&#8221; tablet_bg_img_hidden=&#8221;no&#8221; woodmart_parallax=&#8221;0&#8243; woodmart_sticky_column=&#8221;false&#8221; parallax_scroll=&#8221;no&#8221; mobile_reset_margin=&#8221;no&#8221; tablet_reset_margin=&#8221;no&#8221; css=&#8221;.vc_custom_1613071403480{margin-top: 0px !important;}&#8221;]\n\t\t<div id=\"wd-61aa67720cf8e\" class=\"title-wrapper wd-wpb wd-set-mb reset-last-child  wd-rs-61aa67720cf8e wd-title-color-primary wd-title-style-bordered text-left vc_custom_1638557571032 wd-underline-colored\">\n\t\t\t\n\t\t\t<div class=\"liner-continer\">\n\t\t\t\t<h2 class=\"woodmart-title-container title  wd-font-weight-500 wd-fontsize-l\" >Liquirizia Lampade a sospensione moderne in lino antimacchia<\/h2>\n\t\t\t\t\t\t\t<\/div>\n\t\t\t\n\t\t\t\n\t\t\t\n\t\t<\/div>\n\t\t\n\t\t[mpc_textblock content_width=&#8221;100&#8243; font_preset=&#8221;default&#8221; font_color=&#8221;#000000&#8243; margin_divider=&#8221;true&#8221; margin_css=&#8221;margin-bottom:20px;&#8221; mpc_tooltip__border_divider=&#8221;true&#8221; mpc_tooltip__padding_divider=&#8221;true&#8221;]<\/p>\n<p style=\"text-align: justify;\">Il <a href=\"https:\/\/www.marinigerardi.it\/shop\/prodotto\/liquirizia-lampade-da-soffitto-a-sospensione-in-lino-antimacchia\/\">diffusore<\/a> \u00e8 realizzato da una struttura metallica, rivestito in tessuto di lino a colore, la cui piacevoli tonalit\u00e0 producono una luce calda e morbida. La parte inferiore \u00e8 aperta, come in molti lampadari, garantendo una perfetta distribuzione della luce. Il consumatore pu\u00f2 scegliere e montare la lampadina che preferisce. <strong><em>Lampada a sospensione non elettrificata.<\/em><\/strong><\/p>\n<p>[\/mpc_textblock][mpc_icon_column preset=&#8221;mpc_preset_39&#8243; layout=&#8221;style_3&#8243; background_color=&#8221;#ffffff&#8221; border_divider=&#8221;true&#8221; border_style=&#8221;solid&#8221; border_css=&#8221;border-style:solid;border-radius:0px;&#8221; border_radius=&#8221;0&#8243; padding_divider=&#8221;true&#8221; margin_divider=&#8221;true&#8221; title_font_preset=&#8221;mpc_preset_1&#8243; title_font_color=&#8221;#383838&#8243; title_font_size=&#8221;17&#8243; title_font_line_height=&#8221;1.4&#8243; title_font_transform=&#8221;uppercase&#8221; title_font_align=&#8221;center&#8221; title_margin_divider=&#8221;true&#8221; title_margin_bottom=&#8221;8&#8243; title_margin_css=&#8221;margin-bottom:8px;&#8221; content_font_preset=&#8221;default&#8221; content_font_color=&#8221;#000000&#8243; content_font_size=&#8221;14&#8243; content_font_line_height=&#8221;1.5&#8243; content_font_align=&#8221;left&#8221; content_margin_divider=&#8221;true&#8221; hover_border_divider=&#8221;true&#8221; hover_border_css=&#8221;border-radius:0px;&#8221; hover_border_radius=&#8221;0&#8243; mpc_icon__preset=&#8221;mpc_preset_8&#8243; mpc_icon__icon_type=&#8221;image&#8221; mpc_icon__icon_image_size=&#8221;50&#215;50&#8243; mpc_icon__icon_image=&#8221;12639&#8243; mpc_icon__border_divider=&#8221;true&#8221; mpc_icon__border_css=&#8221;border-radius:60px;&#8221; mpc_icon__border_radius=&#8221;60&#8243; mpc_icon__padding_divider=&#8221;true&#8221; mpc_icon__margin_divider=&#8221;true&#8221; mpc_icon__hover_border_divider=&#8221;true&#8221; mpc_icon__mpc_tooltip__border_divider=&#8221;true&#8221; mpc_icon__mpc_tooltip__border_css=&#8221;border-color:undefined;border-style:undefined;&#8221; mpc_icon__mpc_tooltip__padding_divider=&#8221;true&#8221; mpc_icon__mpc_tooltip__padding_unit=&#8221;&#8221; mpc_divider__disable=&#8221;true&#8221; mpc_divider__width=&#8221;10&#8243; mpc_divider__align=&#8221;left&#8221; mpc_divider__content_border_divider=&#8221;true&#8221; mpc_divider__content_padding_divider=&#8221;true&#8221; mpc_divider__content_padding_top=&#8221;0&#8243; mpc_divider__content_padding_right=&#8221;0&#8243; mpc_divider__content_padding_bottom=&#8221;0&#8243; mpc_divider__content_padding_left=&#8221;0&#8243; mpc_divider__content_padding_css=&#8221;padding-top:0px;padding-right:0px;padding-bottom:0px;padding-left:0px;&#8221; mpc_divider__lines_color=&#8221;#dddddd&#8221; mpc_divider__padding_divider=&#8221;true&#8221; mpc_divider__padding_top=&#8221;3&#8243; mpc_divider__padding_bottom=&#8221;3&#8243; mpc_divider__padding_css=&#8221;padding-top:3px;padding-bottom:3px;&#8221; mpc_divider__margin_divider=&#8221;true&#8221;]<\/p>\n<ul>\n<li>Fodera a colore in Lino Antimacchia Spalmato facile da pulire.<\/li>\n<li>Bordo a contrasto.<\/li>\n<li><strong>In pronta consegna:<\/strong> 7\/20 gg. lav.<\/li>\n<\/ul>\n<p>Per misure particolari vi preghiamo di contattarci al Indirizzo mail <strong>assistenzza@marinigerardi.it<\/strong>[\/mpc_icon_column][\/vc_column][vc_column css=&#8221;.vc_custom_1612434787067{background-position: center !important;background-repeat: no-repeat !important;background-size: cover !important;}&#8221; offset=&#8221;vc_col-lg-6 vc_col-md-6&#8243; mobile_bg_img_hidden=&#8221;no&#8221; tablet_bg_img_hidden=&#8221;no&#8221; woodmart_parallax=&#8221;0&#8243; woodmart_sticky_column=&#8221;false&#8221; parallax_scroll=&#8221;no&#8221; mobile_reset_margin=&#8221;no&#8221; tablet_reset_margin=&#8221;no&#8221;][vc_single_image image=&#8221;13447&#8243; img_size=&#8221;large&#8221; alignment=&#8221;center&#8221; style=&#8221;vc_box_shadow&#8221; onclick=&#8221;link_image&#8221; parallax_scroll=&#8221;no&#8221; woodmart_inline=&#8221;no&#8221;][\/vc_column][\/vc_row][vc_row][vc_column]\n\t\t<div id=\"wd-61aa67ae96a71\" class=\"title-wrapper wd-wpb wd-set-mb reset-last-child  wd-rs-61aa67ae96a71 wd-title-color-primary wd-title-style-bordered text-center vc_custom_1638557628223 wd-underline-colored\">\n\t\t\t\t\t\t\t\n\t\t\t\t<div class=\"title-subtitle  subtitle-color-primary font-default subtitle-style-background wd-font-weight-500 wd-fontsize-xs\">ILLUMINAZIONE<\/div>\n\t\t\t\n\t\t\t<div class=\"liner-continer\">\n\t\t\t\t<h3 class=\"woodmart-title-container title  wd-font-weight-500 wd-fontsize-l\" >Lampade a sospensione moderne<\/h3>\n\t\t\t\t\t\t\t<\/div>\n\t\t\t\n\t\t\t\n\t\t\t\n\t\t<\/div>\n\t\t\n\t\t[mpc_textblock content_width=&#8221;100&#8243; font_align=&#8221;justify&#8221; margin_divider=&#8221;true&#8221; mpc_tooltip__border_divider=&#8221;true&#8221; mpc_tooltip__padding_divider=&#8221;true&#8221;]Il diffusore \u00e8 realizzato da una struttura metallica, rivestito in tessuto di lino a tinta unita, la cui piacevoli tonalit\u00e0 producono una luce calda e morbida. La parte inferiore e superiore \u00e8 aperta, come in molte lampade da muro, garantendo una perfetta illuminazione. Il consumatore pu\u00f2 scegliere e montare la lampadina che preferisce. Oltre alla propria funzione di fonte luce, la lampada della serie <strong>LIQUIRIZIA<\/strong>, sia spenta che accesa, \u00e8 un oggetto di arredamento destinato a catturare immediatamente l\u2019attenzione.<br \/>\n<strong>Il paralume della lampada \u00e8 foderato in puro lino antimacchia impermeabile e filtra la luce creando una dolce atmosfera.<\/strong><\/p>\n<hr \/>\n<p>[\/mpc_textblock][\/vc_column][\/vc_row][vc_row][vc_column]<div class=\"wpmf-gallerys wpmf-gallerys-life \" ><div id=\"gallery-1\" class=\"gallery gallery_life wpmf_gallery_default gallery_default  gallery-columns-2 gallery-size-large gallery-link-file wpmf-has-border-radius-0 wpmf-gutterwidth-5 no_ratio\"><figure class=\"wpmf-gallery-item\" data-index=\"0\"><div class=\"wpmf-gallery-icon\"><div class=\"square_thumbnail\"><div class=\"img_centered\"><a class=\" not_video noLightbox\" data-lightbox=\"1\" data-href=\"https:\/\/www.marinigerardi.it\/shop\/wp-content\/uploads\/2021\/01\/illuminazione-a-muro-tessuto-lino-design-classico-moderno.jpg\" title=\"Illuminazione da parete in tessuto\" target=\"_self\" data-index=\"0\"><img decoding=\"async\" class=\"wpmf_img\" alt=\"Illuminazione A Muro Tessuto Lino Design Classico Moderno\" src=\"https:\/\/www.marinigerardi.it\/shop\/wp-content\/uploads\/2021\/01\/illuminazione-a-muro-tessuto-lino-design-classico-moderno.jpg.webp\" data-type=\"wpmfgalleryimg\" data-lazy-src=\"https:\/\/www.marinigerardi.it\/shop\/wp-content\/uploads\/2021\/01\/illuminazione-a-muro-tessuto-lino-design-classico-moderno.jpg\"><\/a><\/div><\/div><\/div><figcaption class=\"wp-caption-text gallery-caption\">Illuminazione da parete in tessuto<\/figcaption><\/figure><figure class=\"wpmf-gallery-item\" data-index=\"1\"><div class=\"wpmf-gallery-icon\"><div class=\"square_thumbnail\"><div class=\"img_centered\"><a class=\" not_video noLightbox\" data-lightbox=\"1\" data-href=\"https:\/\/www.marinigerardi.it\/shop\/wp-content\/uploads\/2021\/01\/illuminazione-da-parete-tessuto-lino-design-classico-moderno.jpg\" title=\"Illuminazione da parete in tessuto\" target=\"_self\" data-index=\"1\"><img decoding=\"async\" class=\"wpmf_img\" alt=\"Illuminazione Da Parete Tessuto Lino Design Classico Moderno\" src=\"https:\/\/www.marinigerardi.it\/shop\/wp-content\/uploads\/2021\/01\/illuminazione-da-parete-tessuto-lino-design-classico-moderno.jpg.webp\" data-type=\"wpmfgalleryimg\" data-lazy-src=\"https:\/\/www.marinigerardi.it\/shop\/wp-content\/uploads\/2021\/01\/illuminazione-da-parete-tessuto-lino-design-classico-moderno.jpg\"><\/a><\/div><\/div><\/div><figcaption class=\"wp-caption-text gallery-caption\">Illuminazione da parete in tessuto<\/figcaption><\/figure><\/div><\/div>[\/vc_column][\/vc_row]<\/p>\n<\/div>","protected":false},"excerpt":{"rendered":"<p style=\"text-align: justify;\"><strong>Liquirizia &#8211; Lampade a Sospensione Moderne<\/strong>. In camera da letto o in soggiorno, ideale per ambienti moderni con colori che trasmettono allo spazio eleganza e vivacit\u00e0. Le nostre lampade a tubo sono un valore aggiunto:giocano con i volumi per creare uno spazio nuovo dalla grande personalit\u00e0<\/p>\n","protected":false},"featured_media":13448,"template":"","meta":[],"product_brand":[],"product_cat":[666],"product_tag":[668,669,670],"class_list":{"0":"post-7801","1":"product","2":"type-product","3":"status-publish","4":"has-post-thumbnail","6":"product_cat-illuminazione-da-interni","7":"product_tag-lampade","8":"product_tag-lampade-da-soffitto","9":"product_tag-lampade-sospensione","11":"first","12":"instock","13":"taxable","14":"shipping-taxable","15":"purchasable","16":"product-type-simple"},"_links":{"self":[{"href":"https:\/\/www.marinigerardi.it\/shop\/wp-json\/wp\/v2\/product\/7801","targetHints":{"allow":["GET"]}}],"collection":[{"href":"https:\/\/www.marinigerardi.it\/shop\/wp-json\/wp\/v2\/product"}],"about":[{"href":"https:\/\/www.marinigerardi.it\/shop\/wp-json\/wp\/v2\/types\/product"}],"wp:featuredmedia":[{"embeddable":true,"href":"https:\/\/www.marinigerardi.it\/shop\/wp-json\/wp\/v2\/media\/13448"}],"wp:attachment":[{"href":"https:\/\/www.marinigerardi.it\/shop\/wp-json\/wp\/v2\/media?parent=7801"}],"wp:term":[{"taxonomy":"product_brand","embeddable":true,"href":"https:\/\/www.marinigerardi.it\/shop\/wp-json\/wp\/v2\/product_brand?post=7801"},{"taxonomy":"product_cat","embeddable":true,"href":"https:\/\/www.marinigerardi.it\/shop\/wp-json\/wp\/v2\/product_cat?post=7801"},{"taxonomy":"product_tag","embeddable":true,"href":"https:\/\/www.marinigerardi.it\/shop\/wp-json\/wp\/v2\/product_tag?post=7801"}],"curies":[{"name":"wp","href":"https:\/\/api.w.org\/{rel}","templated":true}]}}