{"id":7775,"date":"2021-01-28T10:37:31","date_gmt":"2021-01-28T10:37:31","guid":{"rendered":"https:\/\/marinigerardi.it\/shop\/product\/import-placeholder-for-7172\/"},"modified":"2026-03-17T19:39:20","modified_gmt":"2026-03-17T19:39:20","slug":"eraclea-tenda-in-lino-ecru-e-seta-a-teli-sovrapposti-staccabili","status":"publish","type":"product","link":"https:\/\/www.marinigerardi.it\/shop\/prodotto\/eraclea-tenda-in-lino-ecru-e-seta-a-teli-sovrapposti-staccabili\/","title":{"rendered":"ERACLEA &#8211; Tenda in Lino Ecru e Seta a teli sovrapposti"},"content":{"rendered":"<div class=\"wpb-content-wrapper\"><p>[vc_row equal_height=&#8221;yes&#8221; mobile_bg_img_hidden=&#8221;no&#8221; tablet_bg_img_hidden=&#8221;no&#8221; woodmart_parallax=&#8221;0&#8243; woodmart_gradient_switch=&#8221;no&#8221; row_reverse_mobile=&#8221;0&#8243; row_reverse_tablet=&#8221;0&#8243; woodmart_disable_overflow=&#8221;0&#8243;][vc_column offset=&#8221;vc_col-lg-6 vc_col-md-6&#8243; mobile_bg_img_hidden=&#8221;no&#8221; tablet_bg_img_hidden=&#8221;no&#8221; woodmart_parallax=&#8221;0&#8243; woodmart_sticky_column=&#8221;false&#8221; parallax_scroll=&#8221;no&#8221; mobile_reset_margin=&#8221;no&#8221; tablet_reset_margin=&#8221;no&#8221; css=&#8221;.vc_custom_1613071403480{margin-top: 0px !important;}&#8221;]\n\t\t<div id=\"wd-699a3aed6ef49\" class=\"title-wrapper wd-wpb wd-set-mb reset-last-child  wd-rs-699a3aed6ef49 wd-title-color-primary wd-title-style-bordered text-left vc_custom_1771715315072 wd-underline-colored\">\n\t\t\t\n\t\t\t<div class=\"liner-continer\">\n\t\t\t\t<h2 class=\"woodmart-title-container title  wd-font-weight- wd-fontsize-l\" >ERACLEA \u2013 Tenda in Lino Ecru e Seta dal design unico ed esclusivo<\/h2>\n\t\t\t\t\t\t\t<\/div>\n\t\t\t\n\t\t\t\n\t\t\t\n\t\t<\/div>\n\t\t\n\t\t[vc_column_text css=&#8221;&#8221; text_larger=&#8221;no&#8221; woodmart_inline=&#8221;no&#8221;]<\/p>\n<p style=\"text-align: justify;\">Tenda realizzata con tessuto in puro lino tinto in filo, di primissima qualit\u00e0 a trama fitta dalle trasparenze delicate.<\/p>\n<p>[\/vc_column_text][vc_tta_accordion title_tag=&#8221;h3&#8243; section_title_tag=&#8221;h3&#8243; active_section=&#8221;&#8221;][vc_tta_section title=&#8221;Info &amp; Scheda Prodotto&#8221; tab_id=&#8221;1771715240860-d5d49a90-3e64&#8243;]\t\t<div id=\"wd-699a3b83a34ed\" class=\"wd-text-block wd-wpb reset-last-child wd-rs-699a3b83a34ed text-left \">\n\t\t\t<ul>\n<li>Base <a href=\"https:\/\/www.marinigerardi.it\/shop\/prodotto\/eraclea-tenda-in-lino-ecru-e-seta-a-teli-sovrapposti-staccabili\/\">Tenda in lino ecru<\/a> Canapone italiano<\/li>\n<li>Secondo Pannello \u00a0in combinazione realizzato in<strong> Organza in Seta <\/strong>con delle fasce applicate sartorialmente di <strong>Shantung<\/strong> in Seta<\/li>\n<li>ogni tenda \u00e8 cucita sartorialmente nel nostro laboratorio al momento dell\u2019ordine.<\/li>\n<\/ul>\n<p><strong>Per le misure non incluse<\/strong>, si prega d\u2019inviare il dettaglio della dimensione desiderata all&#8217; indirizzo mail <strong>assistenza@marinigerardi.it<\/strong><\/p>\n\t\t<\/div>\n\t\t[\/vc_tta_section][\/vc_tta_accordion][\/vc_column][vc_column css=&#8221;.vc_custom_1612434787067{background-position: center !important;background-repeat: no-repeat !important;background-size: cover !important;}&#8221; offset=&#8221;vc_col-lg-6 vc_col-md-6&#8243; mobile_bg_img_hidden=&#8221;no&#8221; tablet_bg_img_hidden=&#8221;no&#8221; woodmart_parallax=&#8221;0&#8243; woodmart_sticky_column=&#8221;false&#8221; parallax_scroll=&#8221;no&#8221; mobile_reset_margin=&#8221;no&#8221; tablet_reset_margin=&#8221;no&#8221;]\n\t\t<div id=\"wd-699a3a36c706f\" class=\"title-wrapper wd-wpb wd-set-mb reset-last-child  wd-rs-699a3a36c706f wd-title-color-primary wd-title-style-bordered text-left vc_custom_1771715157802 wd-underline-colored\">\n\t\t\t\n\t\t\t<div class=\"liner-continer\">\n\t\t\t\t<h3 class=\"woodmart-title-container title  wd-font-weight- wd-fontsize-m\" >Colori Lino base<\/h3>\n\t\t\t\t\t\t\t<\/div>\n\t\t\t\n\t\t\t\n\t\t\t\n\t\t<\/div>\n\t\t\n\t\t\t\t<div id=\"gallery_532\" class=\"wd-images-gallery wd-wpb wd-rs-699a3a63b3d55 photoswipe-images\" style=\"--wd-justify-content:left;--wd-align-items:center;\">\n\t\t\t\n\t\t\t<div class=\" wd-grid-g\" style=\"--wd-col-lg:1;--wd-col-md:1;--wd-col-sm:1;--wd-gap-lg:10px;\">\n\t\t\t\t\n\t\t\t\t\t\t\t\t\t\t\t\t\t\t\t<div class=\"wd-gallery-item wd-col\">\n\t\t\t\t\t\t\t\t\t\t\t\t\t\t<a href=\"https:\/\/www.marinigerardi.it\/shop\/wp-content\/uploads\/2021\/08\/tessuto-lino-canapone-panna-tende-online-shopping.jpg\" data-elementor-open-lightbox=\"no\" data-index=\"1\" data-width=\"1024\" data-height=\"768\" \n\t\t\t\t\t\t\t\t\t\t\t\t\t\t\t\t\t\t\t\t\t\t\t\t\t\t\t\ttitle=\"Tessuto Lino Canapone Panna Tende Online Shopping\">\n\t\t\t\t\t\t\t\t\n\t\t\t\t\t\t\t\t<img decoding=\"async\" width=\"1024\" height=\"768\" src=\"https:\/\/www.marinigerardi.it\/shop\/wp-content\/uploads\/2021\/08\/tessuto-lino-canapone-panna-tende-online-shopping.jpg.webp\" class=\"wd-gallery-image image-1\" alt=\"Tessuto Lino Canapone Panna Tende Online Shopping\" srcset=\"https:\/\/www.marinigerardi.it\/shop\/wp-content\/uploads\/2021\/08\/tessuto-lino-canapone-panna-tende-online-shopping.jpg.webp 1024w, https:\/\/www.marinigerardi.it\/shop\/wp-content\/uploads\/2021\/08\/tessuto-lino-canapone-panna-tende-online-shopping-450x338.jpg 450w, https:\/\/www.marinigerardi.it\/shop\/wp-content\/uploads\/2021\/08\/tessuto-lino-canapone-panna-tende-online-shopping-1000x750.jpg 1000w, https:\/\/www.marinigerardi.it\/shop\/wp-content\/uploads\/2021\/08\/tessuto-lino-canapone-panna-tende-online-shopping-300x225.jpg.webp 300w, https:\/\/www.marinigerardi.it\/shop\/wp-content\/uploads\/2021\/08\/tessuto-lino-canapone-panna-tende-online-shopping-768x576.jpg.webp 768w\" sizes=\"(max-width: 1024px) 100vw, 1024px\" \/>\n\t\t\t\t\t\t\t\t\t\t\t\t\t\t\t<\/a>\n\t\t\t\t\t\t\t\t\t\t\t\t<\/div>\n\t\t\t\t\t\t\t\t\t\t\t<div class=\"wd-gallery-item wd-col\">\n\t\t\t\t\t\t\t\t\t\t\t\t\t\t<a href=\"https:\/\/www.marinigerardi.it\/shop\/wp-content\/uploads\/2021\/08\/tessuto-lino-canapone-giunco-tende-online-shopping.jpg\" data-elementor-open-lightbox=\"no\" data-index=\"2\" data-width=\"1024\" data-height=\"768\" \n\t\t\t\t\t\t\t\t\t\t\t\t\t\t\t\t\t\t\t\t\t\t\t\t\t\t\t\ttitle=\"Tessuto Lino Canapone Giunco Tende Online Shopping\">\n\t\t\t\t\t\t\t\t\n\t\t\t\t\t\t\t\t<img decoding=\"async\" width=\"1024\" height=\"768\" src=\"https:\/\/www.marinigerardi.it\/shop\/wp-content\/uploads\/2021\/08\/tessuto-lino-canapone-giunco-tende-online-shopping.jpg.webp\" class=\"wd-gallery-image image-2\" alt=\"Tessuto Lino Canapone Giunco Tende Online Shopping\" srcset=\"https:\/\/www.marinigerardi.it\/shop\/wp-content\/uploads\/2021\/08\/tessuto-lino-canapone-giunco-tende-online-shopping.jpg.webp 1024w, https:\/\/www.marinigerardi.it\/shop\/wp-content\/uploads\/2021\/08\/tessuto-lino-canapone-giunco-tende-online-shopping-450x338.jpg 450w, https:\/\/www.marinigerardi.it\/shop\/wp-content\/uploads\/2021\/08\/tessuto-lino-canapone-giunco-tende-online-shopping-1000x750.jpg 1000w, https:\/\/www.marinigerardi.it\/shop\/wp-content\/uploads\/2021\/08\/tessuto-lino-canapone-giunco-tende-online-shopping-300x225.jpg.webp 300w, https:\/\/www.marinigerardi.it\/shop\/wp-content\/uploads\/2021\/08\/tessuto-lino-canapone-giunco-tende-online-shopping-768x576.jpg.webp 768w\" sizes=\"(max-width: 1024px) 100vw, 1024px\" \/>\n\t\t\t\t\t\t\t\t\t\t\t\t\t\t\t<\/a>\n\t\t\t\t\t\t\t\t\t\t\t\t<\/div>\n\t\t\t\t\t\t\t\t\t\n\t\t\t\t\t\t\t<\/div>\n\n\t\t\t\t\t<\/div>\n\t\t[\/vc_column][\/vc_row][vc_row][vc_column][vc_empty_space woodmart_hide_large=&#8221;0&#8243; woodmart_hide_medium=&#8221;0&#8243; woodmart_hide_small=&#8221;0&#8243;]\n\t\t<div id=\"wd-699a3b064135c\" class=\"title-wrapper wd-wpb wd-set-mb reset-last-child  wd-rs-699a3b064135c wd-title-color-default wd-title-style-default text-center  wd-underline-colored\">\n\t\t\t\n\t\t\t<div class=\"liner-continer\">\n\t\t\t\t<h3 class=\"woodmart-title-container title  wd-font-weight- wd-fontsize-l\" >Tenda in Lino Ecru<\/h3>\n\t\t\t\t\t\t\t<\/div>\n\t\t\t\n\t\t\t\n\t\t\t\n\t\t<\/div>\n\t\t\n\t\t[\/vc_column][\/vc_row][vc_row content_placement=&#8221;middle&#8221; woodmart_bg_position=&#8221;center-bottom&#8221; css=&#8221;.vc_custom_1699658501007{background-color: #f3f3f3 !important;background-position: 0 0 !important;background-repeat: no-repeat !important;}&#8221; el_class=&#8221;mobile-bg-img-hidden&#8221; mobile_bg_img_hidden=&#8221;no&#8221; tablet_bg_img_hidden=&#8221;no&#8221; woodmart_parallax=&#8221;0&#8243; woodmart_gradient_switch=&#8221;no&#8221; row_reverse_mobile=&#8221;0&#8243; row_reverse_tablet=&#8221;0&#8243; woodmart_disable_overflow=&#8221;0&#8243; woodmart_css_id=&#8221;654ebafb715cf&#8221; responsive_spacing=&#8221;eyJwYXJhbV90eXBlIjoid29vZG1hcnRfcmVzcG9uc2l2ZV9zcGFjaW5nIiwic2VsZWN0b3JfaWQiOiI2NTRlYmFmYjcxNWNmIiwic2hvcnRjb2RlIjoidmNfcm93IiwiZGF0YSI6eyJ0YWJsZXQiOnt9LCJtb2JpbGUiOnt9fX0=&#8221; woodmart_box_shadow=&#8221;yes&#8221; wd_box_shadow=&#8221;eyJkZXZpY2VzIjp7ImRlc2t0b3AiOnsiaG9yaXpvbnRhbCI6IjAiLCJ2ZXJ0aWNhbCI6IjAiLCJibHVyIjoiOSIsInNwcmVhZCI6IjAiLCJjb2xvciI6InJnYmEoMCwgMCwgMCwgLjE1KSJ9fX0=&#8221; wd_z_index=&#8221;no&#8221;][vc_column mobile_bg_img_hidden=&#8221;no&#8221; tablet_bg_img_hidden=&#8221;no&#8221; woodmart_parallax=&#8221;0&#8243; woodmart_sticky_column=&#8221;false&#8221; parallax_scroll=&#8221;no&#8221; mobile_reset_margin=&#8221;no&#8221; tablet_reset_margin=&#8221;no&#8221;][vc_single_image image=&#8221;12834&#8243; img_size=&#8221;full&#8221; alignment=&#8221;center&#8221; onclick=&#8221;link_image&#8221; parallax_scroll=&#8221;no&#8221; woodmart_inline=&#8221;no&#8221;][\/vc_column][\/vc_row][vc_row][vc_column]\n\t\t<div id=\"wd-699a3b52c3257\" class=\"title-wrapper wd-wpb wd-set-mb reset-last-child  wd-rs-699a3b52c3257 wd-title-color-primary wd-title-style-bordered text-left justify  wd-underline-colored\">\n\t\t\t\n\t\t\t<div class=\"liner-continer\">\n\t\t\t\t<h3 class=\"woodmart-title-container title  wd-font-weight- wd-fontsize-l\" >ERACLEA \u2013 Tenda in Lino Ecru e Seta con inserti<\/h3>\n\t\t\t\t\t\t\t<\/div>\n\t\t\t\n\t\t\t\t\t\t\t<div class=\"title-after_title reset-last-child  wd-fontsize-xs\">Tenda a teli sovrapposti staccabili<\/div>\n\t\t\t\n\t\t\t\n\t\t<\/div>\n\t\t\n\t\t[vc_column_text text_larger=&#8221;no&#8221; woodmart_inline=&#8221;no&#8221;]<\/p>\n<p style=\"text-align: justify;\">I teli sovrapposti staccabili di Eraclea rappresentano l&#8217;apice dell&#8217;eleganza e della bellezza prorompente. Questa tenda in lino ecru e seta \u00e8 concepita per entrare nella tua casa con la massima discrezione, ma con un tocco di raffinata sensualit\u00e0 che cattura lo sguardo e incanta gli spettatori.<\/p>\n<p style=\"text-align: justify;\">Ogni dettaglio di questa creazione \u00e8 pensato con cura, poich\u00e9 siamo fermamente convinti che siano proprio i dettagli a fare la differenza. La tenda Eraclea \u00e8 una fusione armoniosa di stile, eleganza e personalit\u00e0, che entra nella tua casa &#8220;punta di piedi&#8221;, ma lasciando un&#8217;impronta indelebile di bellezza.<\/p>\n<p style=\"text-align: justify;\">Realizzata con due teli distinti, il primo in puro lino italiano, trasmette un&#8217;eleganza chiara e leggera attraverso colori tenui. Questo lino di alta qualit\u00e0 dona alla tenda una sensazione di leggerezza e freschezza, creando un ambiente luminoso e accogliente. La magia, per\u00f2, si svela quando sovrapponiamo il secondo telo in seta. Un&#8217;elegante organza bordata da shantung, con colori accattivanti e cool, che aggiunge un tocco di grande impatto visivo.<\/p>\n<p style=\"text-align: justify;\">Questo connubio di materiali pregiati crea un contrasto armonioso, donando alla tenda personalit\u00e0, delicatezza e carattere unici. La seta, con la sua lucentezza e morbidezza, si fonde con il lino, creando una combinazione che incanta gli occhi e avvolge gli spazi con un&#8217;eleganza senza tempo.<\/p>\n<p style=\"text-align: justify;\">La tenda Eraclea non \u00e8 solo un elemento d&#8217;arredo, ma una dichiarazione di stile. Ogni volta che i teli sovrapposti si incontrano o si separano, si crea un gioco visivo che enfatizza l&#8217;unicit\u00e0 di questa creazione. Un&#8217;opera d&#8217;arte che non lascia nulla al caso, ma che celebra l&#8217;arte dell&#8217;interior design con un tocco di classe e raffinatezza senza pari.<\/p>\n<p>[\/vc_column_text][\/vc_column][\/vc_row]<\/p>\n<\/div>","protected":false},"excerpt":{"rendered":"<p style=\"text-align: justify;\">ERACLEA &#8211;\u00a0 Tenda in Lino Ecru &#8211; grande eleganza, sensualit\u00e0 e prorompente bellezza Italiana per una Tenda Soggiorno e Tenda Camera da Letto Unica.<\/p>\n","protected":false},"featured_media":12832,"template":"","meta":[],"product_brand":[],"product_cat":[3168,3106,62,3582,3581],"product_tag":[2285,64,344,2877,2879],"class_list":{"0":"post-7775","1":"product","2":"type-product","3":"status-publish","4":"has-post-thumbnail","6":"product_cat-doppie-tende","7":"product_cat-tende-da-interni","8":"product_cat-tende-in-lino","9":"product_cat-tende-lino","10":"product_cat-tende-su-misura","11":"product_tag-tende","12":"product_tag-tende-di-lino","13":"product_tag-tende-eclettiche","14":"product_tag-tende-in-lino","15":"product_tag-tende-in-puro-lino","17":"first","18":"instock","19":"taxable","20":"shipping-taxable","21":"purchasable","22":"product-type-simple"},"_links":{"self":[{"href":"https:\/\/www.marinigerardi.it\/shop\/wp-json\/wp\/v2\/product\/7775","targetHints":{"allow":["GET"]}}],"collection":[{"href":"https:\/\/www.marinigerardi.it\/shop\/wp-json\/wp\/v2\/product"}],"about":[{"href":"https:\/\/www.marinigerardi.it\/shop\/wp-json\/wp\/v2\/types\/product"}],"wp:featuredmedia":[{"embeddable":true,"href":"https:\/\/www.marinigerardi.it\/shop\/wp-json\/wp\/v2\/media\/12832"}],"wp:attachment":[{"href":"https:\/\/www.marinigerardi.it\/shop\/wp-json\/wp\/v2\/media?parent=7775"}],"wp:term":[{"taxonomy":"product_brand","embeddable":true,"href":"https:\/\/www.marinigerardi.it\/shop\/wp-json\/wp\/v2\/product_brand?post=7775"},{"taxonomy":"product_cat","embeddable":true,"href":"https:\/\/www.marinigerardi.it\/shop\/wp-json\/wp\/v2\/product_cat?post=7775"},{"taxonomy":"product_tag","embeddable":true,"href":"https:\/\/www.marinigerardi.it\/shop\/wp-json\/wp\/v2\/product_tag?post=7775"}],"curies":[{"name":"wp","href":"https:\/\/api.w.org\/{rel}","templated":true}]}}