{"id":7737,"date":"2024-01-28T10:36:59","date_gmt":"2024-01-28T10:36:59","guid":{"rendered":"https:\/\/marinigerardi.it\/shop\/product\/import-placeholder-for-6435\/"},"modified":"2026-02-02T18:12:29","modified_gmt":"2026-02-02T18:12:29","slug":"set-lenzuola-matrimoniali-piu-2-federe","status":"publish","type":"product","link":"https:\/\/www.marinigerardi.it\/shop\/prodotto\/set-lenzuola-matrimoniali-piu-2-federe\/","title":{"rendered":"AGAVE LINO- Set Lenzuola Matrimoniali o Lenzuola Singole pi\u00f9 Federe"},"content":{"rendered":"<div class=\"wpb-content-wrapper\"><p>[vc_row equal_height=&#8221;yes&#8221; mobile_bg_img_hidden=&#8221;no&#8221; tablet_bg_img_hidden=&#8221;no&#8221; woodmart_parallax=&#8221;0&#8243; woodmart_gradient_switch=&#8221;no&#8221; row_reverse_mobile=&#8221;0&#8243; row_reverse_tablet=&#8221;0&#8243; woodmart_disable_overflow=&#8221;0&#8243;][vc_column offset=&#8221;vc_col-lg-6 vc_col-md-6&#8243; mobile_bg_img_hidden=&#8221;no&#8221; tablet_bg_img_hidden=&#8221;no&#8221; woodmart_parallax=&#8221;0&#8243; woodmart_sticky_column=&#8221;false&#8221; parallax_scroll=&#8221;no&#8221; mobile_reset_margin=&#8221;no&#8221; tablet_reset_margin=&#8221;no&#8221; css=&#8221;.vc_custom_1613071403480{margin-top: 0px !important;}&#8221;]\n\t\t<div id=\"wd-6945d54b8b57f\" class=\"title-wrapper wd-wpb wd-set-mb reset-last-child  wd-rs-6945d54b8b57f wd-title-color-primary wd-title-style-bordered text-left vc_custom_1766184228907 wd-underline-colored\">\n\t\t\t\n\t\t\t<div class=\"liner-continer\">\n\t\t\t\t<h2 class=\"woodmart-title-container title  wd-font-weight- wd-fontsize-l\" >AGAVE SET Lenzuola Matrimoniali o Singole pi\u00f9 due Federe<\/h2>\n\t\t\t\t\t\t\t<\/div>\n\t\t\t\n\t\t\t\n\t\t\t\n\t\t<\/div>\n\t\t\n\t\t[vc_column_text css=&#8221;&#8221; text_larger=&#8221;no&#8221; woodmart_inline=&#8221;no&#8221;]<\/p>\n<p style=\"text-align: justify;\">Lenzuola realizzate con <strong>Le Dune <\/strong>tessuto in lino tinto in filo con colori Indantrene IDH particolarmente stabili alla luce, agli agenti atmosferici, ai detersivi. Dopo oltre 50 lavaggi di un tessuto tinto con IDH mostra una degradazione del colore paragonabile a quella che si verifica dopo soli 20 lavaggi di un tessuto tinto con una tintura normale. <strong>Perfetto per biancheria da letto sia nell\u2019ambito domestico che alberghiero.<\/strong><\/p>\n<p>[\/vc_column_text][vc_tta_accordion title_tag=&#8221;h3&#8243; section_title_tag=&#8221;h3&#8243; active_section=&#8221;&#8221; collapsible_all=&#8221;true&#8221;][vc_tta_section title=&#8221;Info &amp; Scheda Prodotto&#8221; tab_id=&#8221;1770055788943-9a9b5aee-0200&#8243;]\t\t<div id=\"wd-6980e8ea0ac30\" class=\"wd-text-block wd-wpb reset-last-child wd-rs-6980e8ea0ac30 text-left \">\n\t\t\t<ul>\n<li><a href=\"https:\/\/www.marinigerardi.it\/shop\/prodotto\/set-lenzuola-matrimoniali-piu-2-federe\/\">Agave Set:<\/a> questa offerta include <strong>un lenzuolo sotto Tinta Unita in puro lino + un lenzuolo sopra a righe + federe cuscino.<\/strong><\/li>\n<li>Set Singolo n.1 Federa cuscino da 50\u00d780 cm.<\/li>\n<li>Set Una Piazza e Mezzo n.1 Federa cuscino da 50\u00d780 cm.<\/li>\n<li>Set Lenzuola Matrimoniali n.2 Federe cuscini da 50\u00d780 cm.<\/li>\n<\/ul>\n<p>Per altre misure o combinazioni colore contattate: <strong>assistenza@marinigerardi.it <\/strong><\/p>\n\t\t<\/div>\n\t\t[\/vc_tta_section][\/vc_tta_accordion]<div id=\"wd-6980e8664dadb\" class=\" wd-rs-6980e8664dadb  wd-button-wrapper text-left\"><a href=\"https:\/\/www.marinigerardi.it\/shop\/guida-misure-per-la-biancheria-letto\/\" title=\"GUIDA MISURE PER LA BIANCHERIA LETTO\" target=\"_blank\" class=\"btn btn-style-default btn-shape-rectangle btn-size-default\">Guida misure Biancheria Letto<\/a><\/div>[\/vc_column][vc_column css=&#8221;.vc_custom_1612434787067{background-position: center !important;background-repeat: no-repeat !important;background-size: cover !important;}&#8221; offset=&#8221;vc_col-lg-6 vc_col-md-6&#8243; mobile_bg_img_hidden=&#8221;no&#8221; tablet_bg_img_hidden=&#8221;no&#8221; woodmart_parallax=&#8221;0&#8243; woodmart_sticky_column=&#8221;false&#8221; parallax_scroll=&#8221;no&#8221; mobile_reset_margin=&#8221;no&#8221; tablet_reset_margin=&#8221;no&#8221;][vc_single_image image=&#8221;64946&#8243; img_size=&#8221;large&#8221; alignment=&#8221;center&#8221; style=&#8221;vc_box_shadow&#8221; onclick=&#8221;link_image&#8221; parallax_scroll=&#8221;no&#8221; woodmart_inline=&#8221;no&#8221;][\/vc_column][\/vc_row][vc_row][vc_column][vc_empty_space woodmart_hide_large=&#8221;0&#8243; woodmart_hide_medium=&#8221;0&#8243; woodmart_hide_small=&#8221;0&#8243;]\n\t\t<div id=\"wd-6945d565a7b05\" class=\"title-wrapper wd-wpb wd-set-mb reset-last-child  wd-rs-6945d565a7b05 wd-title-color-primary wd-title-style-default text-center justify  wd-underline-colored\">\n\t\t\t\n\t\t\t<div class=\"liner-continer\">\n\t\t\t\t<h3 class=\"woodmart-title-container title  wd-font-weight- wd-fontsize-l\" >AGAVE Set Lenzuola Matrimoniali o Set Lenzuola Singole Qualit\u00e0 Premium 100% Lino naturale<\/h3>\n\t\t\t\t\t\t\t<\/div>\n\t\t\t\n\t\t\t\n\t\t\t\n\t\t<\/div>\n\t\t\n\t\t[\/vc_column][\/vc_row][vc_row content_placement=&#8221;middle&#8221; woodmart_bg_position=&#8221;center-bottom&#8221; css=&#8221;.vc_custom_1697497297249{background-color: #f3f3f3 !important;background-position: 0 0 !important;background-repeat: no-repeat !important;}&#8221; el_class=&#8221;mobile-bg-img-hidden&#8221; mobile_bg_img_hidden=&#8221;no&#8221; tablet_bg_img_hidden=&#8221;no&#8221; woodmart_parallax=&#8221;0&#8243; woodmart_gradient_switch=&#8221;no&#8221; row_reverse_mobile=&#8221;0&#8243; row_reverse_tablet=&#8221;0&#8243; woodmart_disable_overflow=&#8221;0&#8243; woodmart_css_id=&#8221;652dc0c529640&#8243; responsive_spacing=&#8221;eyJwYXJhbV90eXBlIjoid29vZG1hcnRfcmVzcG9uc2l2ZV9zcGFjaW5nIiwic2VsZWN0b3JfaWQiOiI2NTJkYzBjNTI5NjQwIiwic2hvcnRjb2RlIjoidmNfcm93IiwiZGF0YSI6eyJ0YWJsZXQiOnt9LCJtb2JpbGUiOnt9fX0=&#8221; woodmart_box_shadow=&#8221;yes&#8221; wd_box_shadow=&#8221;eyJkZXZpY2VzIjp7ImRlc2t0b3AiOnsiaG9yaXpvbnRhbCI6IjAiLCJ2ZXJ0aWNhbCI6IjAiLCJibHVyIjoiOSIsInNwcmVhZCI6IjAiLCJjb2xvciI6InJnYmEoMCwgMCwgMCwgLjE1KSJ9fX0=&#8221; wd_z_index=&#8221;no&#8221;][vc_column mobile_bg_img_hidden=&#8221;no&#8221; tablet_bg_img_hidden=&#8221;no&#8221; woodmart_parallax=&#8221;0&#8243; woodmart_sticky_column=&#8221;false&#8221; parallax_scroll=&#8221;no&#8221; mobile_reset_margin=&#8221;no&#8221; tablet_reset_margin=&#8221;no&#8221;][vc_single_image image=&#8221;64945&#8243; img_size=&#8221;full&#8221; alignment=&#8221;center&#8221; style=&#8221;vc_box_shadow&#8221; onclick=&#8221;link_image&#8221; parallax_scroll=&#8221;no&#8221; woodmart_inline=&#8221;no&#8221;][\/vc_column][\/vc_row][vc_row][vc_column]\n\t\t<div id=\"wd-6945d5768ff59\" class=\"title-wrapper wd-wpb wd-set-mb reset-last-child  wd-rs-6945d5768ff59 wd-title-color-primary wd-title-style-bordered text-left justify  wd-underline-colored\">\n\t\t\t\n\t\t\t<div class=\"liner-continer\">\n\t\t\t\t<h3 class=\"woodmart-title-container title  wd-font-weight- wd-fontsize-l\" >Set Lenzuola Matrimoniali o Set Lenzuola Singole<\/h3>\n\t\t\t\t\t\t\t<\/div>\n\t\t\t\n\t\t\t\n\t\t\t\n\t\t<\/div>\n\t\t\n\t\t[vc_column_text text_larger=&#8221;no&#8221; woodmart_inline=&#8221;no&#8221;]<strong>La camera da letto, il cuore della nostra casa,<\/strong> \u00e8 il luogo dove le emozioni prendono vita e ci avvolgono in un abbraccio di riposo e tranquillit\u00e0. Con il set di lenzuola AGAVE, trasformate questo spazio in un rifugio intimo di colore, passione e calore.<br \/>\nRealizzato con l&#8217;eccezionale qualit\u00e0 del lino naturale, il <strong>set lenzuola AGAVE<\/strong> \u00e8 disponibile sia per letti matrimoniali che singoli, offrendovi un&#8217;esperienza di sonno senza confronti. La sensazione di morbidezza e piacevolezza sulla pelle \u00e8 irresistibile, mentre al tatto vi sorprender\u00e0 con la sua dolcezza ineguagliabile.<br \/>\n<strong>Questo tessuto di lino \u00e8 l&#8217;incarnazione di uno stile sofisticato e contemporaneo,<\/strong> un omaggio al tessuto tradizionale rivisitato in chiave moderna. Ogni<a href=\"https:\/\/lenzuola.eu\/\" rel=\"nofollow noopener\" target=\"_blank\"> lenzuolo<\/a>, ogni federa, \u00e8 un capolavoro di artigianato italiano che trasmette eleganza e comfort ineguagliabili.<br \/>\nInoltre, la manutenzione del set AGAVE \u00e8 incredibilmente semplice: pu\u00f2 essere lavato in lavatrice con delicatezza, senza la necessit\u00e0 di essere stirato. Questo significa che potete godervi il comfort di un lino italiano di alta qualit\u00e0 senza alcun stress aggiuntivo.<\/p>\n<p><strong>Scegliete il set di lenzuola matrimoniali AGAVE per trasformare la vostra camera da letto in un&#8217;oasi di comfort e stile.<\/strong> Lasciatevi avvolgere dalla passione del lino italiano, e regalatevi ogni notte un sonno rigenerante e ristoratore. <strong>Con AGAVE, il vostro riposo diventa un&#8217;esperienza unica e senza pari.<\/strong>[\/vc_column_text][\/vc_column][\/vc_row]<\/p>\n<\/div>","protected":false},"excerpt":{"rendered":"<p><strong>AGAVE &#8211; Set Lenzuola Matrimoniali o Set Lenzuola Singole pi\u00f9 Federe:<\/strong> Realizzate con un tessuto in Puro Lino Indantrene che combina splendidi colori. Per avere delle lenzuola perfette vi dettiamo una regola semplicissima: annotate le tre misure <strong>lunghezza, larghezza, altezza del materasso<\/strong> e selezionatele nella tabella sottostante.<\/p>\n","protected":false},"featured_media":11640,"template":"","meta":[],"product_brand":[],"product_cat":[460,614,1524,3671],"product_tag":[],"class_list":{"0":"post-7737","1":"product","2":"type-product","3":"status-publish","4":"has-post-thumbnail","6":"product_cat-biancheria-letto","7":"product_cat-lenzuola","8":"product_cat-set-lenzuola","9":"product_cat-set-lenzuola-lino","11":"first","12":"instock","13":"taxable","14":"shipping-taxable","15":"purchasable","16":"product-type-simple"},"_links":{"self":[{"href":"https:\/\/www.marinigerardi.it\/shop\/wp-json\/wp\/v2\/product\/7737","targetHints":{"allow":["GET"]}}],"collection":[{"href":"https:\/\/www.marinigerardi.it\/shop\/wp-json\/wp\/v2\/product"}],"about":[{"href":"https:\/\/www.marinigerardi.it\/shop\/wp-json\/wp\/v2\/types\/product"}],"wp:featuredmedia":[{"embeddable":true,"href":"https:\/\/www.marinigerardi.it\/shop\/wp-json\/wp\/v2\/media\/11640"}],"wp:attachment":[{"href":"https:\/\/www.marinigerardi.it\/shop\/wp-json\/wp\/v2\/media?parent=7737"}],"wp:term":[{"taxonomy":"product_brand","embeddable":true,"href":"https:\/\/www.marinigerardi.it\/shop\/wp-json\/wp\/v2\/product_brand?post=7737"},{"taxonomy":"product_cat","embeddable":true,"href":"https:\/\/www.marinigerardi.it\/shop\/wp-json\/wp\/v2\/product_cat?post=7737"},{"taxonomy":"product_tag","embeddable":true,"href":"https:\/\/www.marinigerardi.it\/shop\/wp-json\/wp\/v2\/product_tag?post=7737"}],"curies":[{"name":"wp","href":"https:\/\/api.w.org\/{rel}","templated":true}]}}