{"id":7709,"date":"2021-01-28T10:35:56","date_gmt":"2021-01-28T10:35:56","guid":{"rendered":"https:\/\/marinigerardi.it\/shop\/product\/import-placeholder-for-6262\/"},"modified":"2026-01-20T14:11:40","modified_gmt":"2026-01-20T14:11:40","slug":"federe-cuscini-letto-agave","status":"publish","type":"product","link":"https:\/\/www.marinigerardi.it\/shop\/prodotto\/federe-cuscini-letto-agave\/","title":{"rendered":"AGAVE &#8211; Federe cuscini letto in puro Lino"},"content":{"rendered":"<div class=\"wpb-content-wrapper\"><p>[vc_row equal_height=&#8221;yes&#8221; mobile_bg_img_hidden=&#8221;no&#8221; tablet_bg_img_hidden=&#8221;no&#8221; woodmart_parallax=&#8221;0&#8243; woodmart_gradient_switch=&#8221;no&#8221; row_reverse_mobile=&#8221;0&#8243; row_reverse_tablet=&#8221;0&#8243; woodmart_disable_overflow=&#8221;0&#8243;][vc_column offset=&#8221;vc_col-lg-6 vc_col-md-6&#8243; mobile_bg_img_hidden=&#8221;no&#8221; tablet_bg_img_hidden=&#8221;no&#8221; woodmart_parallax=&#8221;0&#8243; woodmart_sticky_column=&#8221;false&#8221; parallax_scroll=&#8221;no&#8221; mobile_reset_margin=&#8221;no&#8221; tablet_reset_margin=&#8221;no&#8221; css=&#8221;.vc_custom_1613071403480{margin-top: 0px !important;}&#8221;]\n\t\t<div id=\"wd-6945f39c0e2f4\" class=\"title-wrapper wd-wpb wd-set-mb reset-last-child  wd-rs-6945f39c0e2f4 wd-title-color-primary wd-title-style-bordered text-left vc_custom_1766191992875 wd-underline-colored\">\n\t\t\t\n\t\t\t<div class=\"liner-continer\">\n\t\t\t\t<h2 class=\"woodmart-title-container title  wd-font-weight- wd-fontsize-l\" >AGAVE - Federe cuscini letto di tradizione tutta Italiana!<\/h2>\n\t\t\t\t\t\t\t<\/div>\n\t\t\t\n\t\t\t\n\t\t\t\n\t\t<\/div>\n\t\t\n\t\t\t\t<div id=\"wd-667145ceafb14\" class=\"wd-text-block wd-wpb reset-last-child wd-rs-667145ceafb14 text-left \">\n\t\t\t<p style=\"text-align: justify;\">Federe Cuscini Letto a Righe Maxi 100% lino tinto in filo con colori INDANTRENE. Un Tessuto che accetta frequenti lavaggi, particolarmente stabile alla luce come il sole, agli agenti atmosferici. La nostra\u00a0 <a href=\"https:\/\/www.marinigerardi.it\/shop\/prodotto\/federe-cuscini-letto-agave\/\">biancheria casa<\/a>: \u00e8 sinonimo di Comfort, Lusso, ma anche di una certa Informalit\u00e0 e praticit\u00e0.<\/p>\n\t\t<\/div>\n\t\t[vc_row_inner][vc_column_inner width=&#8221;1\/2&#8243;]<div id=\"wd-696f8d06d792c\" class=\" wd-rs-696f8d06d792c   wd-rs-696f8d06d792c wd-button-wrapper text-left\"><a href=\"#my_popup\" title=\"\" class=\"btn btn-style-default btn-shape-rectangle btn-size-default wd-open-popup \">INFO &amp; SCHEDA PRODOTTO<\/a><\/div><div id=\"my_popup\" class=\"mfp-hide wd-popup wd-popup-element wd-scroll-content\" style=\"--wd-popup-width:800px;\">[vc_message message_box_style=&#8221;outline&#8221; message_box_color=&#8221;grey&#8221; css=&#8221;&#8221;]<span style=\"color: #000000;\"><strong>Questa offerta include:<\/strong><\/span><\/p>\n<ul>\n<li>N.1 <a href=\"https:\/\/www.marinigerardi.it\/shop\/prodotto\/agave-federe-cuscini-in-lino-a-righe\"><strong>una federa<\/strong><\/a> (guanciale) dimensioni standard 50&#215;75 o\u00a0 50&#215;80 cm; (cuscino riempimento non incluso).<\/li>\n<li>Ordina lenzuolo sopra vedi:\u00a0 <a href=\"https:\/\/marinigerardi.it\/shop\/prodotto\/agave-lenzuolo-sopra-in-puro-lino-italiano\/\"><strong>Agave-Lenzuolo Sopra<\/strong><\/a>,<\/li>\n<li>Ordina lenzuolo sotto vedi:\u00a0 <a href=\"https:\/\/marinigerardi.it\/shop\/prodotto\/lenzuolo-sotto-in-puro-lino-italiano\/\"><strong>Mojave-Lenzuolo Sotto.<\/strong><\/a><\/li>\n<\/ul>\n<p>Per altre misure, combinazioni colore o semplicemente dei consigli\u00a0 contattateci: assistenza@marinigerardi.it[\/vc_message]<\/div>[\/vc_column_inner][vc_column_inner width=&#8221;1\/2&#8243;]<div id=\"wd-696f8cef715c0\" class=\" wd-rs-696f8cef715c0  wd-button-wrapper text-left\"><a href=\"https:\/\/www.marinigerardi.it\/shop\/guida-misure-per-la-biancheria-letto\/\" title=\"GUIDA MISURE PER LA BIANCHERIA LETTO\" target=\"_blank\" class=\"btn btn-style-default btn-shape-rectangle btn-size-default\">Guida misure Biancheria Letto<\/a><\/div>[\/vc_column_inner][\/vc_row_inner][\/vc_column][vc_column css=&#8221;.vc_custom_1612434787067{background-position: center !important;background-repeat: no-repeat !important;background-size: cover !important;}&#8221; offset=&#8221;vc_col-lg-6 vc_col-md-6&#8243; mobile_bg_img_hidden=&#8221;no&#8221; tablet_bg_img_hidden=&#8221;no&#8221; woodmart_parallax=&#8221;0&#8243; woodmart_sticky_column=&#8221;false&#8221; parallax_scroll=&#8221;no&#8221; mobile_reset_margin=&#8221;no&#8221; tablet_reset_margin=&#8221;no&#8221;][vc_single_image image=&#8221;11638&#8243; img_size=&#8221;large&#8221; alignment=&#8221;center&#8221; onclick=&#8221;link_image&#8221; parallax_scroll=&#8221;no&#8221; woodmart_inline=&#8221;no&#8221;][\/vc_column][\/vc_row][vc_row][vc_column][vc_empty_space woodmart_hide_large=&#8221;0&#8243; woodmart_hide_medium=&#8221;0&#8243; woodmart_hide_small=&#8221;0&#8243;]\n\t\t<div id=\"wd-6945f3b782de3\" class=\"title-wrapper wd-wpb wd-set-mb reset-last-child  wd-rs-6945f3b782de3 wd-title-color-default wd-title-style-underlined text-center  wd-underline-colored\">\n\t\t\t\n\t\t\t<div class=\"liner-continer\">\n\t\t\t\t<h3 class=\"woodmart-title-container title  wd-font-weight- wd-fontsize-l\" >Federe cuscini letto in puro Lino<\/h3>\n\t\t\t\t\t\t\t<\/div>\n\t\t\t\n\t\t\t\n\t\t\t\n\t\t<\/div>\n\t\t\n\t\t[\/vc_column][\/vc_row][vc_row content_placement=&#8221;middle&#8221; woodmart_bg_position=&#8221;center-bottom&#8221; css=&#8221;.vc_custom_1692229723191{background-color: #f3f3f3 !important;background-position: 0 0 !important;background-repeat: no-repeat !important;}&#8221; el_class=&#8221;mobile-bg-img-hidden&#8221; mobile_bg_img_hidden=&#8221;no&#8221; tablet_bg_img_hidden=&#8221;no&#8221; woodmart_parallax=&#8221;0&#8243; woodmart_gradient_switch=&#8221;no&#8221; row_reverse_mobile=&#8221;0&#8243; row_reverse_tablet=&#8221;0&#8243; woodmart_disable_overflow=&#8221;0&#8243; woodmart_css_id=&#8221;64dd6050e2408&#8243; responsive_spacing=&#8221;eyJwYXJhbV90eXBlIjoid29vZG1hcnRfcmVzcG9uc2l2ZV9zcGFjaW5nIiwic2VsZWN0b3JfaWQiOiI2NGRkNjA1MGUyNDA4Iiwic2hvcnRjb2RlIjoidmNfcm93IiwiZGF0YSI6eyJ0YWJsZXQiOnt9LCJtb2JpbGUiOnt9fX0=&#8221; woodmart_box_shadow=&#8221;yes&#8221; wd_box_shadow=&#8221;eyJkZXZpY2VzIjp7ImRlc2t0b3AiOnsiaG9yaXpvbnRhbCI6IjAiLCJ2ZXJ0aWNhbCI6IjAiLCJibHVyIjoiOSIsInNwcmVhZCI6IjAiLCJjb2xvciI6InJnYmEoMCwgMCwgMCwgLjE1KSJ9fX0=&#8221; wd_z_index=&#8221;no&#8221;][vc_column mobile_bg_img_hidden=&#8221;no&#8221; tablet_bg_img_hidden=&#8221;no&#8221; woodmart_parallax=&#8221;0&#8243; woodmart_sticky_column=&#8221;false&#8221; parallax_scroll=&#8221;no&#8221; mobile_reset_margin=&#8221;no&#8221; tablet_reset_margin=&#8221;no&#8221;][vc_single_image image=&#8221;11637&#8243; img_size=&#8221;full&#8221; alignment=&#8221;center&#8221; onclick=&#8221;link_image&#8221; parallax_scroll=&#8221;no&#8221; woodmart_inline=&#8221;no&#8221;][\/vc_column][\/vc_row][vc_row][vc_column]\n\t\t<div id=\"wd-6945f3e6f108b\" class=\"title-wrapper wd-wpb wd-set-mb reset-last-child  wd-rs-6945f3e6f108b wd-title-color-primary wd-title-style-underlined text-center justify  wd-underline-colored\">\n\t\t\t\n\t\t\t<div class=\"liner-continer\">\n\t\t\t\t<h3 class=\"woodmart-title-container title  wd-font-weight- wd-fontsize-l\" >AGAVE - Federe cuscini letto in puro Lino<\/h3>\n\t\t\t\t\t\t\t<\/div>\n\t\t\t\n\t\t\t\t\t\t\t<div class=\"title-after_title reset-last-child  wd-fontsize-xs\">Prodotti di manifattura artigianale.<\/div>\n\t\t\t\n\t\t\t\n\t\t<\/div>\n\t\t\n\t\t[vc_column_text text_larger=&#8221;no&#8221; woodmart_inline=&#8221;no&#8221;]<\/p>\n<p style=\"text-align: justify;\">Nel cuore delle tue notti, una nuova definizione di comfort si materializza con un tocco di autentica eleganza. Le <strong>Federe Cuscini Letto AGAVE<\/strong> portano con s\u00e9 l&#8217;essenza stessa della natura, trasformando il tuo spazio intimo in un rifugio di stile senza tempo. Con un tessuto in puro lino, le federe dei tuoi cuscini accarezzano con la delicatezza il tuo viso.<br \/>\n<strong>Queste creazioni rappresentano il meglio della biancheria casa italiana,<\/strong> un tributo alla tradizione millenaria che si sviluppa nel cuore dell&#8217;Italia meridionale. Ogni filo, ogni punto, ogni riga \u00e8 un omaggio all&#8217;arte tessile di una terra ricca di storia e passione.<br \/>\nScegli <strong>AGAVE<\/strong> e scopri come il lino naturale pu\u00f2 abbracciare i tuoi sogni. Ogni notte, immergiti in un mondo di raffinatezza e comfort, dove le tradizioni si intrecciano con il moderno. Lascia che le tue federe cuscini trasformino il tuo spazio in una dimora di stile, dove l&#8217;arte dell&#8217;Italia meridionale diventa protagonista.<br \/>\nNoi crediamo nel potere di emozionare, comunicare e progettare, e questo spirito guida ogni nostra creazione. <strong>Marini &amp; Gerardi home &amp; living<\/strong> ti invita a intraprendere un viaggio nel mondo del tessile d&#8217;arredo, dove la qualit\u00e0 e l&#8217;idea sono sovrane. \u00c8 un invito a innamorarti del tuo spazio intimo, a esprimere il tuo amore per la camera da letto. <strong>Perch\u00e9 amare il proprio riposo \u00e8 il primo passo per amare te stesso.<\/strong><\/p>\n<p>[\/vc_column_text][\/vc_column][\/vc_row]<\/p>\n<\/div>","protected":false},"excerpt":{"rendered":"<p><strong>Federe cuscini letto a Righe Maxi<\/strong> un tessuto in <strong>lino prelavato indantrene<\/strong> di primissima qualit\u00e0. La tradizione si fonde con il moderno, l&#8217;arte si fonde con la funzionalit\u00e0, e il risultato \u00e8 una creazione che ti abbraccia ogni notte. <strong>Love your bedroom!<\/strong><\/p>\n","protected":false},"featured_media":11902,"template":"","meta":[],"product_brand":[],"product_cat":[3154,713,3158],"product_tag":[500],"class_list":{"0":"post-7709","1":"product","2":"type-product","3":"status-publish","4":"has-post-thumbnail","6":"product_cat-biancheria-da-letto","7":"product_cat-federe","8":"product_cat-federe-cuscini","9":"product_tag-federe-cuscini-letto","11":"first","12":"instock","13":"taxable","14":"shipping-taxable","15":"purchasable","16":"product-type-simple"},"_links":{"self":[{"href":"https:\/\/www.marinigerardi.it\/shop\/wp-json\/wp\/v2\/product\/7709","targetHints":{"allow":["GET"]}}],"collection":[{"href":"https:\/\/www.marinigerardi.it\/shop\/wp-json\/wp\/v2\/product"}],"about":[{"href":"https:\/\/www.marinigerardi.it\/shop\/wp-json\/wp\/v2\/types\/product"}],"wp:featuredmedia":[{"embeddable":true,"href":"https:\/\/www.marinigerardi.it\/shop\/wp-json\/wp\/v2\/media\/11902"}],"wp:attachment":[{"href":"https:\/\/www.marinigerardi.it\/shop\/wp-json\/wp\/v2\/media?parent=7709"}],"wp:term":[{"taxonomy":"product_brand","embeddable":true,"href":"https:\/\/www.marinigerardi.it\/shop\/wp-json\/wp\/v2\/product_brand?post=7709"},{"taxonomy":"product_cat","embeddable":true,"href":"https:\/\/www.marinigerardi.it\/shop\/wp-json\/wp\/v2\/product_cat?post=7709"},{"taxonomy":"product_tag","embeddable":true,"href":"https:\/\/www.marinigerardi.it\/shop\/wp-json\/wp\/v2\/product_tag?post=7709"}],"curies":[{"name":"wp","href":"https:\/\/api.w.org\/{rel}","templated":true}]}}