{"id":74950,"date":"2025-03-23T11:41:39","date_gmt":"2025-03-23T11:41:39","guid":{"rendered":"https:\/\/www.marinigerardi.it\/shop\/?post_type=product&#038;p=74950"},"modified":"2026-02-02T23:50:24","modified_gmt":"2026-02-02T23:50:24","slug":"lenzuola-di-cotone-percalle","status":"publish","type":"product","link":"https:\/\/www.marinigerardi.it\/shop\/prodotto\/lenzuola-di-cotone-percalle\/","title":{"rendered":"ALIZEE 300 st. \u2013 Lenzuola di cotone percalle qualit\u00e0 Pima (sotto)"},"content":{"rendered":"<div class=\"wpb-content-wrapper\"><p>[vc_row equal_height=&#8221;yes&#8221; mobile_bg_img_hidden=&#8221;no&#8221; tablet_bg_img_hidden=&#8221;no&#8221; woodmart_parallax=&#8221;0&#8243; woodmart_gradient_switch=&#8221;no&#8221; row_reverse_mobile=&#8221;0&#8243; row_reverse_tablet=&#8221;0&#8243; woodmart_disable_overflow=&#8221;0&#8243;][vc_column offset=&#8221;vc_col-lg-6 vc_col-md-6&#8243; mobile_bg_img_hidden=&#8221;no&#8221; tablet_bg_img_hidden=&#8221;no&#8221; woodmart_parallax=&#8221;0&#8243; woodmart_sticky_column=&#8221;false&#8221; parallax_scroll=&#8221;no&#8221; mobile_reset_margin=&#8221;no&#8221; tablet_reset_margin=&#8221;no&#8221; css=&#8221;.vc_custom_1613071403480{margin-top: 0px !important;}&#8221;]\n\t\t<div id=\"wd-67dff6979a59b\" class=\"title-wrapper wd-wpb wd-set-mb reset-last-child  wd-rs-67dff6979a59b wd-title-color-default wd-title-style-default text-left  wd-underline-colored\">\n\t\t\t\n\t\t\t<div class=\"liner-continer\">\n\t\t\t\t<h2 class=\"woodmart-title-container title  wd-font-weight-600 wd-fontsize-l\" >Il Migliore Cotone al Mondo: Lenzuola di cotone percalle qualit\u00e0 Pima<\/h2>\n\t\t\t\t\t\t\t<\/div>\n\t\t\t\n\t\t\t\t\t\t\t<div class=\"title-after_title reset-last-child  wd-fontsize-xs\">Morbidezza e freschezza per un riposo rigenerante.<\/div>\n\t\t\t\n\t\t\t\n\t\t<\/div>\n\t\t\n\t\t\t\t<div id=\"wd-6981381ede1ba\" class=\"wd-text-block wd-wpb reset-last-child wd-rs-6981381ede1ba text-left \">\n\t\t\t<p><strong> Pregiato Cotone Pima: quando la tradizione tessile italiana incontra il comfort moderno, il risultato \u00e8 la qualit\u00e0 che trasforma il tuo letto in un&#8217;esperienza sensoriale.<\/strong><br \/>\nPerfetto per la realizzazione di biancheria da letto sia nell&#8217;ambito domestico che alberghiero: <strong>300 fili per pollice quadrato<\/strong>, offre un comfort senza paragoni.<\/p>\n\t\t<\/div>\n\t\t[vc_tta_accordion title_tag=&#8221;p&#8221; section_title_tag=&#8221;p&#8221; active_section=&#8221;&#8221;][vc_tta_section title=&#8221;Info &amp; Scheda Prodotto&#8221; tab_id=&#8221;1770076106231-38438d38-1340&#8243;]\t\t<div id=\"wd-6981381113ece\" class=\"wd-text-block wd-wpb reset-last-child wd-rs-6981381113ece text-left \">\n\t\t\t<ul>\n<li>Con questa offerta puoi acquistare<strong><a href=\"https:\/\/www.marinigerardi.it\/shop\/prodotto\/lenzuola-di-cotone-percalle\/\"> Lenzuola di cotone percalle<\/a> sotto con angoli <\/strong> e le Federe<\/li>\n<li>Vai e seleziona <strong><a href=\"https:\/\/www.marinigerardi.it\/shop\/prodotto\/lenzuola-di-percalle\/\"><span style=\"color: #0000ff;\">Lenzuola di cotone percalle sopra<\/span> <\/a><\/strong><\/li>\n<\/ul>\n<p>N.B.: I colori dei tessuti presenti nelle immagini possono variare in base al monitor utilizzato. Segnalare nelle note dell&#8217;Ordine eventuale disposizioni aggiuntive. Per altre misure contattare\u00a0 <strong>assistenza@marinigerardi.it<\/strong><\/p>\n\t\t<\/div>\n\t\t[\/vc_tta_section][vc_tta_section title=&#8221;Finalmente mi hai trovato! Cotone PIMA&#8221; tab_id=&#8221;1686758247889-f533f46d-4c9f&#8221;]\t\t<div id=\"wd-67def9eadae70\" class=\"wd-text-block wd-wpb reset-last-child wd-rs-67def9eadae70 text-left \">\n\t\t\t<p style=\"text-align: justify;\"><strong>Sono il rinomato cotone PIMA americano<\/strong>, famoso per la sua qualit\u00e0 superiore. La mia fibra \u00e8 utilizzata per creare tessuti pregiati, perfetti per le lenzuola di alta qualit\u00e0 Marini &amp; Gerardi. La mia reputazione di cotone di lusso \u00e8 il risultato di una lavorazione attentamente controllata che dona una straordinaria morbidezza e una setosa lucentezza unica. Ora puoi lascirti abbracciare dal comfort e assaporare l&#8217;eleganza senza compromessi delle nostre lenzuola in cotone PIMA americano!<\/p>\n\t\t<\/div>\n\t\t[\/vc_tta_section][\/vc_tta_accordion]<div id=\"wd-6489cfb91e0ca\" class=\" wd-rs-6489cfb91e0ca  wd-button-wrapper text-left\"><a href=\"https:\/\/www.marinigerardi.it\/shop\/guida-misure-per-la-biancheria-letto\/\" title=\"Guida Come Calcolare il Metraggio dei Tessuti\" target=\"_blank\" class=\"btn btn-style-link btn-shape-rectangle btn-size-default btn-icon-pos-left\">Guida misure Biancheria Letto<span class=\"wd-btn-icon\"><span class=\"wd-icon far fa-arrow-alt-circle-right\"><\/span><\/span><\/a><\/div>[\/vc_column][vc_column css=&#8221;.vc_custom_1612434787067{background-position: center !important;background-repeat: no-repeat !important;background-size: cover !important;}&#8221; offset=&#8221;vc_col-lg-6 vc_col-md-6&#8243; mobile_bg_img_hidden=&#8221;no&#8221; tablet_bg_img_hidden=&#8221;no&#8221; woodmart_parallax=&#8221;0&#8243; woodmart_sticky_column=&#8221;false&#8221; parallax_scroll=&#8221;no&#8221; mobile_reset_margin=&#8221;no&#8221; tablet_reset_margin=&#8221;no&#8221;][vc_single_image image=&#8221;60594&#8243; img_size=&#8221;large&#8221; add_caption=&#8221;yes&#8221; alignment=&#8221;center&#8221; style=&#8221;vc_box_shadow&#8221; onclick=&#8221;link_image&#8221; parallax_scroll=&#8221;no&#8221; woodmart_inline=&#8221;no&#8221;][\/vc_column][\/vc_row][vc_row][vc_column][vc_empty_space woodmart_hide_large=&#8221;0&#8243; woodmart_hide_medium=&#8221;0&#8243; woodmart_hide_small=&#8221;0&#8243;]\n\t\t<div id=\"wd-67dff95e90dde\" class=\"title-wrapper wd-wpb wd-set-mb reset-last-child  wd-rs-67dff95e90dde wd-title-color-default wd-title-style-bordered text-center  wd-underline-colored\">\n\t\t\t\n\t\t\t<div class=\"liner-continer\">\n\t\t\t\t<h3 class=\"woodmart-title-container title  wd-font-weight-600 wd-fontsize-l\" >ALIZEE 300 \u2013 Lenzuola di cotone percalle<\/h3>\n\t\t\t\t\t\t\t<\/div>\n\t\t\t\n\t\t\t\t\t\t\t<div class=\"title-after_title reset-last-child  wd-fontsize-xs\">Pima: la qualit\u00e0 che si sente sulla pelle, notte dopo notte.<\/div>\n\t\t\t\n\t\t\t\n\t\t<\/div>\n\t\t\n\t\t[\/vc_column][\/vc_row][vc_row enable_first_overlay=&#8221;true&#8221; first_overlay_opacity=&#8221;25&#8243; first_background_color=&#8221;#e5e5e5&#8243; woodmart_css_id=&#8221;6488f0ff57fc2&#8243; mobile_bg_img_hidden=&#8221;no&#8221; tablet_bg_img_hidden=&#8221;no&#8221; woodmart_parallax=&#8221;0&#8243; woodmart_gradient_switch=&#8221;no&#8221; woodmart_box_shadow=&#8221;yes&#8221; wd_z_index=&#8221;no&#8221; woodmart_disable_overflow=&#8221;0&#8243; row_reverse_mobile=&#8221;0&#8243; row_reverse_tablet=&#8221;0&#8243; css=&#8221;.vc_custom_1686696203166{background-color: #f3f3f3 !important;}&#8221; responsive_spacing=&#8221;eyJwYXJhbV90eXBlIjoid29vZG1hcnRfcmVzcG9uc2l2ZV9zcGFjaW5nIiwic2VsZWN0b3JfaWQiOiI2NDg4ZjBmZjU3ZmMyIiwic2hvcnRjb2RlIjoidmNfcm93IiwiZGF0YSI6eyJ0YWJsZXQiOnt9LCJtb2JpbGUiOnt9fX0=&#8221; wd_box_shadow=&#8221;eyJkZXZpY2VzIjp7ImRlc2t0b3AiOnsiaG9yaXpvbnRhbCI6IjAiLCJ2ZXJ0aWNhbCI6IjAiLCJibHVyIjoiOSIsInNwcmVhZCI6IjAiLCJjb2xvciI6InJnYmEoMCwgMCwgMCwgLjE1KSJ9fX0=&#8221;][vc_column][vc_single_image image=&#8221;60628&#8243; img_size=&#8221;full&#8221; alignment=&#8221;center&#8221; style=&#8221;vc_box_shadow&#8221; onclick=&#8221;link_image&#8221; css=&#8221;&#8221; parallax_scroll=&#8221;no&#8221; woodmart_inline=&#8221;no&#8221;][\/vc_column][\/vc_row][vc_row][vc_column]\n\t\t<div id=\"wd-67dff975c4c27\" class=\"title-wrapper wd-wpb wd-set-mb reset-last-child  wd-rs-67dff975c4c27 wd-title-color-default wd-title-style-default text-left  wd-underline-colored\">\n\t\t\t\n\t\t\t<div class=\"liner-continer\">\n\t\t\t\t<h3 class=\"woodmart-title-container title  wd-font-weight-600 wd-fontsize-l\" >ALIZEE 300 \u2013 Lenzuola di cotone percalle<\/h3>\n\t\t\t\t\t\t\t<\/div>\n\t\t\t\n\t\t\t\t\t\t\t<div class=\"title-after_title reset-last-child  wd-fontsize-xs\">Lenzuola Pima: un investimento nel tuo riposo, un piacere senza fine.<\/div>\n\t\t\t\n\t\t\t\n\t\t<\/div>\n\t\t\n\t\t\t\t<div id=\"wd-6526bd1b123de\" class=\"wd-text-block wd-wpb reset-last-child wd-rs-6526bd1b123de text-left \">\n\t\t\t<h4><strong>Il Migliore Cotone al Mondo:<\/strong><\/h4>\n<p style=\"text-align: justify;\"><strong>Cerca il tuo stile! Progetta, arreda e dai personalit\u00e0 al tuo comfort in camera da letto!<\/strong> Tessuti per Biancheria Letto con lenzuola in cotone di raso sateen sono il segreto in grado di soddisfare le esigenze di benessere e conciliare il buon sonno: non solo danno carattere alla tua zona notte, ma i nostri tessuti ti avvolgono in uno splendido, morbido abbraccio, garantendoti il giusto relax di cui hai bisogno.<br \/>\nComprare Italiano per spende meglio, investendo sulla qualit\u00e0 della tua biancheria letto, e inoltre dai libero sfogo alla tua creativit\u00e0. <a href=\"https:\/\/www.marinigerardi.it\/shop\/prodotto\/lenzuola-di-raso-di-cotone\/\"><strong>Scegli il lusso senza compromessi: provare per credere!<\/strong><\/a><\/p>\n\t\t<\/div>\n\t\t[\/vc_column][\/vc_row][vc_row enable_first_overlay=&#8221;true&#8221; first_overlay_opacity=&#8221;25&#8243; first_background_color=&#8221;#e5e5e5&#8243; woodmart_css_id=&#8221;6488f0ff57fc2&#8243; mobile_bg_img_hidden=&#8221;no&#8221; tablet_bg_img_hidden=&#8221;no&#8221; woodmart_parallax=&#8221;0&#8243; woodmart_gradient_switch=&#8221;no&#8221; woodmart_box_shadow=&#8221;yes&#8221; wd_z_index=&#8221;no&#8221; woodmart_disable_overflow=&#8221;0&#8243; row_reverse_mobile=&#8221;0&#8243; row_reverse_tablet=&#8221;0&#8243; css=&#8221;.vc_custom_1686696203166{background-color: #f3f3f3 !important;}&#8221; responsive_spacing=&#8221;eyJwYXJhbV90eXBlIjoid29vZG1hcnRfcmVzcG9uc2l2ZV9zcGFjaW5nIiwic2VsZWN0b3JfaWQiOiI2NDg4ZjBmZjU3ZmMyIiwic2hvcnRjb2RlIjoidmNfcm93IiwiZGF0YSI6eyJ0YWJsZXQiOnt9LCJtb2JpbGUiOnt9fX0=&#8221; wd_box_shadow=&#8221;eyJkZXZpY2VzIjp7ImRlc2t0b3AiOnsiaG9yaXpvbnRhbCI6IjAiLCJ2ZXJ0aWNhbCI6IjAiLCJibHVyIjoiOSIsInNwcmVhZCI6IjAiLCJjb2xvciI6InJnYmEoMCwgMCwgMCwgLjE1KSJ9fX0=&#8221;][vc_column][vc_single_image image=&#8221;74392&#8243; img_size=&#8221;full&#8221; alignment=&#8221;center&#8221; style=&#8221;vc_box_shadow&#8221; onclick=&#8221;link_image&#8221; css=&#8221;&#8221; parallax_scroll=&#8221;no&#8221; woodmart_inline=&#8221;no&#8221;][\/vc_column][\/vc_row][vc_row][vc_column]\n\t\t<div id=\"wd-67e00ab4c3784\" class=\"title-wrapper wd-wpb wd-set-mb reset-last-child  wd-rs-67e00ab4c3784 wd-title-color-default wd-title-style-default text-center  wd-underline-colored\">\n\t\t\t\n\t\t\t<div class=\"liner-continer\">\n\t\t\t\t<h3 class=\"woodmart-title-container title  wd-font-weight-600 wd-fontsize-l\" >ALIZEE 300 \u2013 Lenzuola di cotone percalle<\/h3>\n\t\t\t\t\t\t\t<\/div>\n\t\t\t\n\t\t\t\t\t\t\t<div class=\"title-after_title reset-last-child  wd-fontsize-xs\">Pima: la carezza che trasforma il tuo letto in un'oasi di benessere.<\/div>\n\t\t\t\n\t\t\t\n\t\t<\/div>\n\t\t\n\t\t[\/vc_column][\/vc_row]<\/p>\n<\/div>","protected":false},"excerpt":{"rendered":"<p><strong>ALIZEE<\/strong> e Avvolgiti nella morbidezza e nell&#8217;eleganza con <strong>Lenzuola di percalle\u00a0di Cotone di Lusso<\/strong>: notti indimenticabili di puro benessere<\/p>\n","protected":false},"featured_media":74960,"template":"","meta":[],"product_brand":[],"product_cat":[1563,460,614],"product_tag":[],"class_list":{"0":"post-74950","1":"product","2":"type-product","3":"status-publish","4":"has-post-thumbnail","6":"product_cat-lenzuolo-sotto","7":"product_cat-biancheria-letto","8":"product_cat-lenzuola","10":"first","11":"instock","12":"taxable","13":"shipping-taxable","14":"purchasable","15":"product-type-simple"},"_links":{"self":[{"href":"https:\/\/www.marinigerardi.it\/shop\/wp-json\/wp\/v2\/product\/74950","targetHints":{"allow":["GET"]}}],"collection":[{"href":"https:\/\/www.marinigerardi.it\/shop\/wp-json\/wp\/v2\/product"}],"about":[{"href":"https:\/\/www.marinigerardi.it\/shop\/wp-json\/wp\/v2\/types\/product"}],"wp:featuredmedia":[{"embeddable":true,"href":"https:\/\/www.marinigerardi.it\/shop\/wp-json\/wp\/v2\/media\/74960"}],"wp:attachment":[{"href":"https:\/\/www.marinigerardi.it\/shop\/wp-json\/wp\/v2\/media?parent=74950"}],"wp:term":[{"taxonomy":"product_brand","embeddable":true,"href":"https:\/\/www.marinigerardi.it\/shop\/wp-json\/wp\/v2\/product_brand?post=74950"},{"taxonomy":"product_cat","embeddable":true,"href":"https:\/\/www.marinigerardi.it\/shop\/wp-json\/wp\/v2\/product_cat?post=74950"},{"taxonomy":"product_tag","embeddable":true,"href":"https:\/\/www.marinigerardi.it\/shop\/wp-json\/wp\/v2\/product_tag?post=74950"}],"curies":[{"name":"wp","href":"https:\/\/api.w.org\/{rel}","templated":true}]}}