{"id":7448,"date":"2021-01-28T10:33:00","date_gmt":"2021-01-28T10:33:00","guid":{"rendered":"https:\/\/marinigerardi.it\/shop\/product\/import-placeholder-for-4964\/"},"modified":"2023-08-11T07:58:31","modified_gmt":"2023-08-11T07:58:31","slug":"preziosi-cuscini-divani-50x50","status":"publish","type":"product","link":"https:\/\/www.marinigerardi.it\/shop\/prodotto\/preziosi-cuscini-divani-50x50\/","title":{"rendered":"PREZIOSI CC284 &#8211; Cuscini Divani in Juta Naturale \/ Organza"},"content":{"rendered":"<div class=\"wpb-content-wrapper\"><p>[vc_row equal_height=&#8221;yes&#8221; mobile_bg_img_hidden=&#8221;no&#8221; tablet_bg_img_hidden=&#8221;no&#8221; woodmart_parallax=&#8221;0&#8243; woodmart_gradient_switch=&#8221;no&#8221; row_reverse_mobile=&#8221;0&#8243; row_reverse_tablet=&#8221;0&#8243; woodmart_disable_overflow=&#8221;0&#8243;][vc_column offset=&#8221;vc_col-lg-6 vc_col-md-6&#8243; mobile_bg_img_hidden=&#8221;no&#8221; tablet_bg_img_hidden=&#8221;no&#8221; woodmart_parallax=&#8221;0&#8243; woodmart_sticky_column=&#8221;false&#8221; parallax_scroll=&#8221;no&#8221; mobile_reset_margin=&#8221;no&#8221; tablet_reset_margin=&#8221;no&#8221; css=&#8221;.vc_custom_1613071403480{margin-top: 0px !important;}&#8221;]\n\t\t<div id=\"wd-63668ed36dcc7\" class=\"title-wrapper wd-wpb wd-set-mb reset-last-child  wd-rs-63668ed36dcc7 wd-title-color-primary wd-title-style-bordered text-left vc_custom_1667665628432 wd-underline-colored\">\n\t\t\t\n\t\t\t<div class=\"liner-continer\">\n\t\t\t\t<h2 class=\"woodmart-title-container title  wd-font-weight-500 wd-fontsize-l\" >PREZIOSI CC284 \u2013 Cuscini divani in Juta grezza<\/h2>\n\t\t\t\t\t\t\t<\/div>\n\t\t\t\n\t\t\t\n\t\t\t\n\t\t<\/div>\n\t\t\n\t\t[mpc_textblock content_width=&#8221;100&#8243; font_preset=&#8221;&#8221; font_color=&#8221;#000000&#8243; margin_divider=&#8221;true&#8221; margin_css=&#8221;margin-bottom:20px;&#8221; mpc_tooltip__border_divider=&#8221;true&#8221; mpc_tooltip__padding_divider=&#8221;true&#8221;]<\/p>\n<div class=\"av-special-heading av-special-heading-h2 blockquote modern-quote avia-builder-el-7 el_before_av_textblock avia-builder-el-first av-inherit-size \">\n<div class=\"av-subheading av-subheading_below \">\n<p style=\"text-align: justify;\">Preziosi tesori d&#8217;artigianato: i nostri cuscini arredo sono pronti ad aggiungere un tocco di magia e unicit\u00e0 alla tua casa. Scopri il fascino di possedere un pezzo unico e irripetibile, che porter\u00e0 un tocco di autenticit\u00e0 e stile rustico shabby nella tua vita quotidiana.<br \/>\n<a href=\"https:\/\/www.marinigerardi.it\/shop\/prodotto\/preziosi-cuscini-divani-50x50\/\"><strong>Produttore e Design Esclusivo Marini &amp; Gerardi<\/strong><\/a><\/p>\n<\/div>\n<\/div>\n<section class=\"av_textblock_section \"><\/section>\n<p>[\/mpc_textblock]\t\t\t<div class=\"info-box-wrapper\">\n\t\t\t\t<div id=\"wd-64c23a8204dd4\" class=\" wd-rs-64c23a8204dd4 wd-info-box wd-wpb text-left box-icon-align-top box-style-border color-scheme-dark wd-bg-none \">\n\t\t\t\t\t\t\t\t\t\t<div class=\"info-box-content\">\n\t\t\t\t\t\t\t\t\t\t\t\t<div class=\"info-box-inner reset-last-child\"><\/p>\n<ul>\n<li><strong>Tessuto: cuscini:<\/strong> Juta grezza &amp; Organza sint. Stropicciata \u2013 accessori in legno<\/li>\n<li><strong>Dimensione:<\/strong>\u00a050 x 50\u00a0cm<\/li>\n<li><strong>Colori:\u00a0 <\/strong>Juta naturale &#8211; Organza in bianco<\/li>\n<li><strong>In pronta consegna:<\/strong> 3\/9 gg. lav.<\/li>\n<\/ul>\n<p>Info mail <strong>assistenza@marinigerardi.it<\/strong><\/p>\n<\/div>\n\n\t\t\t\t\t\t\t\t\t\t\t<\/div>\n\n\t\t\t\t\t\n\t\t\t\t\t\t\t\t\t<\/div>\n\t\t\t<\/div>\n\t\t[\/vc_column][vc_column css=&#8221;.vc_custom_1612434787067{background-position: center !important;background-repeat: no-repeat !important;background-size: cover !important;}&#8221; offset=&#8221;vc_col-lg-6 vc_col-md-6&#8243; mobile_bg_img_hidden=&#8221;no&#8221; tablet_bg_img_hidden=&#8221;no&#8221; woodmart_parallax=&#8221;0&#8243; woodmart_sticky_column=&#8221;false&#8221; parallax_scroll=&#8221;no&#8221; mobile_reset_margin=&#8221;no&#8221; tablet_reset_margin=&#8221;no&#8221;]\t\t<div id=\"gallery_899\" class=\"wd-images-gallery wd-wpb wd-rs-64c23e8266bbb photoswipe-images\" style=\"--wd-justify-content:center;--wd-align-items:center;\">\n\t\t\t\n\t\t\t<div class=\" wd-grid-g\" style=\"--wd-col-lg:2;--wd-col-md:2;--wd-col-sm:1;--wd-gap-lg:2px;\">\n\t\t\t\t\n\t\t\t\t\t\t\t\t\t\t\t\t\t\t\t<div class=\"wd-gallery-item wd-col\">\n\t\t\t\t\t\t\t\t\t\t\t\t\t\t<a href=\"https:\/\/www.marinigerardi.it\/shop\/wp-content\/uploads\/2021\/01\/cuscini-decorativi-preziosi-bianco.jpg\" data-elementor-open-lightbox=\"no\" data-index=\"1\" data-width=\"1024\" data-height=\"768\" \n\t\t\t\t\t\t\t\t\t\t\t\t\t\t\t\t\t\t\t\t\t\t\t\t\t\t\t\ttitle=\"Cuscini Decorativi Preziosi Bianco\">\n\t\t\t\t\t\t\t\t\n\t\t\t\t\t\t\t\t<img decoding=\"async\" width=\"1024\" height=\"768\" src=\"https:\/\/www.marinigerardi.it\/shop\/wp-content\/uploads\/2021\/01\/cuscini-decorativi-preziosi-bianco.jpg.webp\" class=\"wd-gallery-image image-1\" alt=\"Cuscini Decorativi Preziosi Bianco\" srcset=\"https:\/\/www.marinigerardi.it\/shop\/wp-content\/uploads\/2021\/01\/cuscini-decorativi-preziosi-bianco.jpg.webp 1024w, https:\/\/www.marinigerardi.it\/shop\/wp-content\/uploads\/2021\/01\/cuscini-decorativi-preziosi-bianco-450x338.jpg 450w, https:\/\/www.marinigerardi.it\/shop\/wp-content\/uploads\/2021\/01\/cuscini-decorativi-preziosi-bianco-1000x750.jpg 1000w, https:\/\/www.marinigerardi.it\/shop\/wp-content\/uploads\/2021\/01\/cuscini-decorativi-preziosi-bianco-300x225.jpg.webp 300w, https:\/\/www.marinigerardi.it\/shop\/wp-content\/uploads\/2021\/01\/cuscini-decorativi-preziosi-bianco-768x576.jpg.webp 768w\" sizes=\"(max-width: 1024px) 100vw, 1024px\" \/>\n\t\t\t\t\t\t\t\t\t\t\t\t\t\t\t<\/a>\n\t\t\t\t\t\t\t\t\t\t\t\t<\/div>\n\t\t\t\t\t\t\t\t\t\t\t<div class=\"wd-gallery-item wd-col\">\n\t\t\t\t\t\t\t\t\t\t\t\t\t\t<a href=\"https:\/\/www.marinigerardi.it\/shop\/wp-content\/uploads\/2021\/01\/cuscini-decorativi-preziosi-bianco-con-anellini-in-legno.jpg\" data-elementor-open-lightbox=\"no\" data-index=\"2\" data-width=\"1024\" data-height=\"768\" \n\t\t\t\t\t\t\t\t\t\t\t\t\t\t\t\t\t\t\t\t\t\t\t\t\t\t\t\ttitle=\"Cuscini Decorativi Preziosi Bianco Con Anellini In Legno\">\n\t\t\t\t\t\t\t\t\n\t\t\t\t\t\t\t\t<img decoding=\"async\" width=\"1024\" height=\"768\" src=\"https:\/\/www.marinigerardi.it\/shop\/wp-content\/uploads\/2021\/01\/cuscini-decorativi-preziosi-bianco-con-anellini-in-legno.jpg.webp\" class=\"wd-gallery-image image-2\" alt=\"Cuscini Decorativi Preziosi Bianco Con Anellini In Legno\" srcset=\"https:\/\/www.marinigerardi.it\/shop\/wp-content\/uploads\/2021\/01\/cuscini-decorativi-preziosi-bianco-con-anellini-in-legno.jpg.webp 1024w, https:\/\/www.marinigerardi.it\/shop\/wp-content\/uploads\/2021\/01\/cuscini-decorativi-preziosi-bianco-con-anellini-in-legno-450x338.jpg 450w, https:\/\/www.marinigerardi.it\/shop\/wp-content\/uploads\/2021\/01\/cuscini-decorativi-preziosi-bianco-con-anellini-in-legno-1000x750.jpg 1000w, https:\/\/www.marinigerardi.it\/shop\/wp-content\/uploads\/2021\/01\/cuscini-decorativi-preziosi-bianco-con-anellini-in-legno-300x225.jpg.webp 300w, https:\/\/www.marinigerardi.it\/shop\/wp-content\/uploads\/2021\/01\/cuscini-decorativi-preziosi-bianco-con-anellini-in-legno-768x576.jpg.webp 768w\" sizes=\"(max-width: 1024px) 100vw, 1024px\" \/>\n\t\t\t\t\t\t\t\t\t\t\t\t\t\t\t<\/a>\n\t\t\t\t\t\t\t\t\t\t\t\t<\/div>\n\t\t\t\t\t\t\t\t\t\n\t\t\t\t\t\t\t<\/div>\n\n\t\t\t\t\t<\/div>\n\t\t[\/vc_column][\/vc_row][vc_row][vc_column][vc_text_separator title=&#8221;Tessuti Naturali&#8221;][\/vc_column][\/vc_row][vc_row content_placement=&#8221;middle&#8221; woodmart_bg_position=&#8221;center-bottom&#8221; css=&#8221;.vc_custom_1612561188989{background-color: #e5e5e5 !important;background-position: 0 0 !important;background-repeat: no-repeat !important;}&#8221; el_class=&#8221;mobile-bg-img-hidden&#8221; mobile_bg_img_hidden=&#8221;no&#8221; tablet_bg_img_hidden=&#8221;no&#8221; woodmart_parallax=&#8221;0&#8243; woodmart_gradient_switch=&#8221;no&#8221; row_reverse_mobile=&#8221;0&#8243; row_reverse_tablet=&#8221;0&#8243; woodmart_disable_overflow=&#8221;0&#8243;][vc_column mobile_bg_img_hidden=&#8221;no&#8221; tablet_bg_img_hidden=&#8221;no&#8221; woodmart_parallax=&#8221;0&#8243; woodmart_sticky_column=&#8221;false&#8221; parallax_scroll=&#8221;no&#8221; mobile_reset_margin=&#8221;no&#8221; tablet_reset_margin=&#8221;no&#8221;][vc_single_image image=&#8221;13663&#8243; img_size=&#8221;full&#8221; alignment=&#8221;center&#8221; onclick=&#8221;link_image&#8221; parallax_scroll=&#8221;no&#8221; css=&#8221;.vc_custom_1690451577509{margin-right: 20px !important;}&#8221; woodmart_inline=&#8221;no&#8221;][\/vc_column][\/vc_row][vc_row][vc_column]\n\t\t<div id=\"wd-64c23e59b7479\" class=\"title-wrapper wd-wpb wd-set-mb reset-last-child  wd-rs-64c23e59b7479 wd-title-color-primary wd-title-style-underlined text-center justify  wd-underline-colored\">\n\t\t\t\n\t\t\t<div class=\"liner-continer\">\n\t\t\t\t<h3 class=\"woodmart-title-container title  wd-font-weight-400 wd-fontsize-xxxl\" >PREZIOSI CC284 \u2013 Cuscini divani in Juta grezza<\/h3>\n\t\t\t\t\t\t\t<\/div>\n\t\t\t\n\t\t\t\n\t\t\t\n\t\t<\/div>\n\t\t\n\t\t[mpc_textblock content_width=&#8221;100&#8243; font_align=&#8221;justify&#8221; margin_divider=&#8221;true&#8221; mpc_tooltip__border_divider=&#8221;true&#8221; mpc_tooltip__padding_divider=&#8221;true&#8221;]<\/p>\n<p style=\"text-align: justify;\">Il nostro cuscino arredo \u00e8 disponibile con una base in juta, un tessuto naturale che dona un fascino unico e autentico. Le applicazioni in organza bianca aggiungono un tocco di delicatezza e raffinatezza, creando un contrasto affascinante con la rusticit\u00e0 della juta.<\/p>\n<p style=\"text-align: justify;\"><strong>Ogni cuscino \u00e8 un capolavoro<\/strong> di lavoro artigianale, realizzato con cura e dedizione. Gli anellini in legno, inseriti a mano uno per uno, donano a ogni cuscino un&#8217;aura di preziosit\u00e0 e unicit\u00e0, un piccolo gioiello per la tua casa.<\/p>\n<p>[\/mpc_textblock][\/vc_column][\/vc_row]<\/p>\n<\/div>","protected":false},"excerpt":{"rendered":"<p style=\"text-align: justify;\">PREZIOSI CC284 &#8211; Il cuscino arredo capriccioso per abbracciare la bellezza dell&#8217;artigianato e valorizzare la maestria dei dettagli fatti a mano. . Realizzato in tessuto in Juta &amp; organza sintetica. Colore Bianco<\/p>\n","protected":false},"featured_media":13662,"template":"","meta":[],"product_brand":[],"product_cat":[336],"product_tag":[341,3595,2984],"class_list":{"0":"post-7448","1":"product","2":"type-product","3":"status-publish","4":"has-post-thumbnail","6":"product_cat-cuscini-decorativi","7":"product_tag-cuscini-arredo","8":"product_tag-cuscini-arredo-marinigerardi","9":"product_tag-cuscini-divani","11":"first","12":"instock","13":"sale","14":"taxable","15":"shipping-taxable","16":"purchasable","17":"product-type-simple"},"_links":{"self":[{"href":"https:\/\/www.marinigerardi.it\/shop\/wp-json\/wp\/v2\/product\/7448","targetHints":{"allow":["GET"]}}],"collection":[{"href":"https:\/\/www.marinigerardi.it\/shop\/wp-json\/wp\/v2\/product"}],"about":[{"href":"https:\/\/www.marinigerardi.it\/shop\/wp-json\/wp\/v2\/types\/product"}],"wp:featuredmedia":[{"embeddable":true,"href":"https:\/\/www.marinigerardi.it\/shop\/wp-json\/wp\/v2\/media\/13662"}],"wp:attachment":[{"href":"https:\/\/www.marinigerardi.it\/shop\/wp-json\/wp\/v2\/media?parent=7448"}],"wp:term":[{"taxonomy":"product_brand","embeddable":true,"href":"https:\/\/www.marinigerardi.it\/shop\/wp-json\/wp\/v2\/product_brand?post=7448"},{"taxonomy":"product_cat","embeddable":true,"href":"https:\/\/www.marinigerardi.it\/shop\/wp-json\/wp\/v2\/product_cat?post=7448"},{"taxonomy":"product_tag","embeddable":true,"href":"https:\/\/www.marinigerardi.it\/shop\/wp-json\/wp\/v2\/product_tag?post=7448"}],"curies":[{"name":"wp","href":"https:\/\/api.w.org\/{rel}","templated":true}]}}