{"id":74386,"date":"2025-03-22T16:04:24","date_gmt":"2025-03-22T16:04:24","guid":{"rendered":"https:\/\/www.marinigerardi.it\/shop\/?post_type=product&#038;p=74386"},"modified":"2026-02-02T23:46:33","modified_gmt":"2026-02-02T23:46:33","slug":"lenzuola-di-percalle","status":"publish","type":"product","link":"https:\/\/www.marinigerardi.it\/shop\/prodotto\/lenzuola-di-percalle\/","title":{"rendered":"ALIZEE 300 sp. \u2013 Lenzuola di percalle in raso di cotone di qualit\u00e0 (sopra)"},"content":{"rendered":"<div class=\"wpb-content-wrapper\"><p>[vc_row equal_height=&#8221;yes&#8221; mobile_bg_img_hidden=&#8221;no&#8221; tablet_bg_img_hidden=&#8221;no&#8221; woodmart_parallax=&#8221;0&#8243; woodmart_gradient_switch=&#8221;no&#8221; row_reverse_mobile=&#8221;0&#8243; row_reverse_tablet=&#8221;0&#8243; woodmart_disable_overflow=&#8221;0&#8243;][vc_column offset=&#8221;vc_col-lg-6 vc_col-md-6&#8243; mobile_bg_img_hidden=&#8221;no&#8221; tablet_bg_img_hidden=&#8221;no&#8221; woodmart_parallax=&#8221;0&#8243; woodmart_sticky_column=&#8221;false&#8221; parallax_scroll=&#8221;no&#8221; mobile_reset_margin=&#8221;no&#8221; tablet_reset_margin=&#8221;no&#8221; css=&#8221;.vc_custom_1613071403480{margin-top: 0px !important;}&#8221;]\n\t\t<div id=\"wd-67f7fe67de5ca\" class=\"title-wrapper wd-wpb wd-set-mb reset-last-child  wd-rs-67f7fe67de5ca wd-title-color-primary wd-title-style-bordered text-left vc_custom_1744305817205 wd-underline-colored\">\n\t\t\t\n\t\t\t<div class=\"liner-continer\">\n\t\t\t\t<h2 class=\"woodmart-title-container title  wd-font-weight-500 wd-fontsize-l\" >ALIZEE 300 \u2013 lenzuola di percalle il Raso di Cotone di qualit\u00e0<\/h2>\n\t\t\t\t\t\t\t<\/div>\n\t\t\t\n\t\t\t\t\t\t\t<div class=\"title-after_title reset-last-child  wd-fontsize-xs\">Il Migliore Cotone al Mondo: con l'anima tutta Italiana.<\/div>\n\t\t\t\n\t\t\t\n\t\t<\/div>\n\t\t\n\t\t\t\t<div id=\"wd-696a79c1b3a52\" class=\"wd-text-block wd-wpb reset-last-child wd-rs-696a79c1b3a52 text-left \">\n\t\t\t<p><strong>Pregiato Cotone Pima: quando la tradizione tessile italiana incontra il comfort moderno, il risultato \u00e8 un sonno da sogno.<\/strong><br \/>\nPerfetto per la realizzazione di biancheria da letto sia nell&#8217;ambito domestico che alberghiero: <strong>300 fili per pollice quadrato<\/strong>, offre un comfort senza paragoni.<\/p>\n<ul>\n<li>Con questa offerta puoi acquistare <strong><a href=\"https:\/\/www.marinigerardi.it\/shop\/prodotto\/lenzuola-di-percalle\/\">Lenzuola di percalle<\/a> sopra e le Federe<\/strong><\/li>\n<li>Puoi selezionare <a href=\"https:\/\/www.marinigerardi.it\/shop\/prodotto\/lenzuola-di-cotone-percalle\/\"><strong>Lenzuola di percalle sotto con angoli <\/strong><\/a><\/li>\n<\/ul>\n\t\t<\/div>\n\t\t[vc_tta_accordion title_tag=&#8221;h3&#8243; section_title_tag=&#8221;h3&#8243; active_section=&#8221;&#8221; collapsible_all=&#8221;true&#8221;][vc_tta_section title=&#8221;Info &amp; Scheda Prodotto&#8221; tab_id=&#8221;1770075653612-5ff68b19-af15&#8243;]\t\t<div id=\"wd-698136346a023\" class=\"wd-text-block wd-wpb reset-last-child wd-rs-698136346a023 text-left \">\n\t\t\t<ul>\n<li>Cotone Sateen da 115 gr.\u00a0 mq\u00b2<\/li>\n<li>Altezza h. 310 cm.<\/li>\n<li>300 fili per pollice quadrato di pregiato cotone Pima<\/li>\n<\/ul>\n<p>Tessuto: Raso in pregiato cotone Pima \u201cstruttura Sateen\u201d dalla mano estremamente morbida e cascante caratterizzato da una setosa lucentezza.<br \/>\n<strong>Note:<\/strong>\u00a0I colori dei tessuti presenti nelle immagini possono variare in base al monitor utilizzato.<br \/>\n<strong>Per misure particolari<\/strong>\u00a0vi preghiamo di contattarci al Indirizzo mail\u00a0<strong>assistenza@marinigerardi.it<\/strong><\/p>\n\t\t<\/div>\n\t\t[\/vc_tta_section][vc_tta_section title=&#8221;Finalmente mi hai trovato! Cotone PIMA&#8221; tab_id=&#8221;1770075653644-5e5a3d46-bf12&#8243;]\t\t<div id=\"wd-698136565963f\" class=\"wd-text-block wd-wpb reset-last-child wd-rs-698136565963f text-left \">\n\t\t\t<p style=\"text-align: justify;\"><strong>Sono il rinomato cotone PIMA americano<\/strong>, famoso per la sua qualit\u00e0 superiore. La mia fibra \u00e8 utilizzata per creare tessuti pregiati, perfetti per le lenzuola di alta qualit\u00e0 Marini &amp; Gerardi. La mia reputazione di cotone di lusso \u00e8 il risultato di una lavorazione attentamente controllata che dona una straordinaria morbidezza e una setosa lucentezza unica. Ora puoi lascirti abbracciare dal comfort e assaporare l&#8217;eleganza senza compromessi delle nostre lenzuola in cotone PIMA americano!<\/p>\n\t\t<\/div>\n\t\t[\/vc_tta_section][\/vc_tta_accordion]<div id=\"wd-696aa7326856c\" class=\" wd-rs-696aa7326856c vc_custom_1768597527623 wd-button-wrapper text-center\"><a href=\"https:\/\/www.marinigerardi.it\/shop\/guida-misure-per-la-biancheria-letto\/\" title=\"\" target=\"_blank\" class=\"btn btn-style-default btn-shape-rectangle btn-size-large btn-full-width\">GUIDA MISURE BIANCHERIA LETTO<\/a><\/div>[\/vc_column][vc_column css=&#8221;.vc_custom_1612434787067{background-position: center !important;background-repeat: no-repeat !important;background-size: cover !important;}&#8221; offset=&#8221;vc_col-lg-6 vc_col-md-6&#8243; mobile_bg_img_hidden=&#8221;no&#8221; tablet_bg_img_hidden=&#8221;no&#8221; woodmart_parallax=&#8221;0&#8243; woodmart_sticky_column=&#8221;false&#8221; parallax_scroll=&#8221;no&#8221; mobile_reset_margin=&#8221;no&#8221; tablet_reset_margin=&#8221;no&#8221;][vc_single_image image=&#8221;60594&#8243; img_size=&#8221;large&#8221; add_caption=&#8221;yes&#8221; alignment=&#8221;center&#8221; style=&#8221;vc_box_shadow&#8221; onclick=&#8221;link_image&#8221; css=&#8221;&#8221; parallax_scroll=&#8221;no&#8221; woodmart_inline=&#8221;no&#8221;][\/vc_column][\/vc_row][vc_row][vc_column][vc_empty_space woodmart_hide_large=&#8221;0&#8243; woodmart_hide_medium=&#8221;0&#8243; woodmart_hide_small=&#8221;0&#8243;]\n\t\t<div id=\"wd-67f7feb891498\" class=\"title-wrapper wd-wpb wd-set-mb reset-last-child  wd-rs-67f7feb891498 wd-title-color-primary wd-title-style-bordered text-center vc_custom_1744305866517 wd-underline-colored\">\n\t\t\t\n\t\t\t<div class=\"liner-continer\">\n\t\t\t\t<h3 class=\"woodmart-title-container title  wd-font-weight-600 wd-fontsize-l\" >ALIZEE 300 \u2013 lenzuola di percalle il Cotone di qualit\u00e0 eccelsa<\/h3>\n\t\t\t\t\t\t\t<\/div>\n\t\t\t\n\t\t\t\t\t\t\t<div class=\"title-after_title reset-last-child  wd-fontsize-xs\">Pima: il cotone che accarezza i tuoi sogni.<\/div>\n\t\t\t\n\t\t\t\n\t\t<\/div>\n\t\t\n\t\t[\/vc_column][\/vc_row][vc_row enable_first_overlay=&#8221;true&#8221; first_overlay_opacity=&#8221;25&#8243; first_background_color=&#8221;#e5e5e5&#8243; woodmart_css_id=&#8221;6488f0ff57fc2&#8243; mobile_bg_img_hidden=&#8221;no&#8221; tablet_bg_img_hidden=&#8221;no&#8221; woodmart_parallax=&#8221;0&#8243; woodmart_gradient_switch=&#8221;no&#8221; woodmart_box_shadow=&#8221;yes&#8221; wd_z_index=&#8221;no&#8221; woodmart_disable_overflow=&#8221;0&#8243; row_reverse_mobile=&#8221;0&#8243; row_reverse_tablet=&#8221;0&#8243; css=&#8221;.vc_custom_1686696203166{background-color: #f3f3f3 !important;}&#8221; responsive_spacing=&#8221;eyJwYXJhbV90eXBlIjoid29vZG1hcnRfcmVzcG9uc2l2ZV9zcGFjaW5nIiwic2VsZWN0b3JfaWQiOiI2NDg4ZjBmZjU3ZmMyIiwic2hvcnRjb2RlIjoidmNfcm93IiwiZGF0YSI6eyJ0YWJsZXQiOnt9LCJtb2JpbGUiOnt9fX0=&#8221; wd_box_shadow=&#8221;eyJkZXZpY2VzIjp7ImRlc2t0b3AiOnsiaG9yaXpvbnRhbCI6IjAiLCJ2ZXJ0aWNhbCI6IjAiLCJibHVyIjoiOSIsInNwcmVhZCI6IjAiLCJjb2xvciI6InJnYmEoMCwgMCwgMCwgLjE1KSJ9fX0=&#8221;][vc_column][vc_single_image image=&#8221;60628&#8243; img_size=&#8221;full&#8221; alignment=&#8221;center&#8221; style=&#8221;vc_box_shadow&#8221; onclick=&#8221;link_image&#8221; css=&#8221;&#8221; parallax_scroll=&#8221;no&#8221; woodmart_inline=&#8221;no&#8221;][\/vc_column][\/vc_row][vc_row][vc_column]\n\t\t<div id=\"wd-67f7feacae530\" class=\"title-wrapper wd-wpb wd-set-mb reset-last-child  wd-rs-67f7feacae530 wd-title-color-primary wd-title-style-bordered text-center vc_custom_1744305851271 wd-underline-colored\">\n\t\t\t\n\t\t\t<div class=\"liner-continer\">\n\t\t\t\t<h3 class=\"woodmart-title-container title  wd-font-weight-600 wd-fontsize-l\" >Lenzuola di percalle in Raso di Cotone<\/h3>\n\t\t\t\t\t\t\t<\/div>\n\t\t\t\n\t\t\t\t\t\t\t<div class=\"title-after_title reset-last-child  wd-fontsize-xs\">Lenzuola Pima: la coccola che ti meriti ogni notte.<\/div>\n\t\t\t\n\t\t\t\n\t\t<\/div>\n\t\t\n\t\t\t\t<div id=\"wd-6526bd1b123de\" class=\"wd-text-block wd-wpb reset-last-child wd-rs-6526bd1b123de text-left \">\n\t\t\t<h4><strong>Il Migliore Cotone al Mondo:<\/strong><\/h4>\n<p style=\"text-align: justify;\"><strong>Cerca il tuo stile! Progetta, arreda e dai personalit\u00e0 al tuo comfort in camera da letto!<\/strong> Tessuti per Biancheria Letto con lenzuola in cotone di raso sateen sono il segreto in grado di soddisfare le esigenze di benessere e conciliare il buon sonno: non solo danno carattere alla tua zona notte, ma i nostri tessuti ti avvolgono in uno splendido, morbido abbraccio, garantendoti il giusto relax di cui hai bisogno.<br \/>\nComprare Italiano per spende meglio, investendo sulla qualit\u00e0 della tua biancheria letto, e inoltre dai libero sfogo alla tua creativit\u00e0. <a href=\"https:\/\/www.marinigerardi.it\/shop\/prodotto\/lenzuola-di-raso-di-cotone\/\"><strong>Scegli il lusso senza compromessi: provare per credere!<\/strong><\/a><\/p>\n\t\t<\/div>\n\t\t[\/vc_column][\/vc_row][vc_row enable_first_overlay=&#8221;true&#8221; first_overlay_opacity=&#8221;25&#8243; first_background_color=&#8221;#e5e5e5&#8243; woodmart_css_id=&#8221;6488f0ff57fc2&#8243; mobile_bg_img_hidden=&#8221;no&#8221; tablet_bg_img_hidden=&#8221;no&#8221; woodmart_parallax=&#8221;0&#8243; woodmart_gradient_switch=&#8221;no&#8221; woodmart_box_shadow=&#8221;yes&#8221; wd_z_index=&#8221;no&#8221; woodmart_disable_overflow=&#8221;0&#8243; row_reverse_mobile=&#8221;0&#8243; row_reverse_tablet=&#8221;0&#8243; css=&#8221;.vc_custom_1686696203166{background-color: #f3f3f3 !important;}&#8221; responsive_spacing=&#8221;eyJwYXJhbV90eXBlIjoid29vZG1hcnRfcmVzcG9uc2l2ZV9zcGFjaW5nIiwic2VsZWN0b3JfaWQiOiI2NDg4ZjBmZjU3ZmMyIiwic2hvcnRjb2RlIjoidmNfcm93IiwiZGF0YSI6eyJ0YWJsZXQiOnt9LCJtb2JpbGUiOnt9fX0=&#8221; wd_box_shadow=&#8221;eyJkZXZpY2VzIjp7ImRlc2t0b3AiOnsiaG9yaXpvbnRhbCI6IjAiLCJ2ZXJ0aWNhbCI6IjAiLCJibHVyIjoiOSIsInNwcmVhZCI6IjAiLCJjb2xvciI6InJnYmEoMCwgMCwgMCwgLjE1KSJ9fX0=&#8221;][vc_column][vc_single_image image=&#8221;74392&#8243; img_size=&#8221;full&#8221; alignment=&#8221;center&#8221; style=&#8221;vc_box_shadow&#8221; onclick=&#8221;link_image&#8221; css=&#8221;&#8221; parallax_scroll=&#8221;no&#8221; woodmart_inline=&#8221;no&#8221;][\/vc_column][\/vc_row][vc_row][vc_column]\n\t\t<div id=\"wd-67f7fea045ad7\" class=\"title-wrapper wd-wpb wd-set-mb reset-last-child  wd-rs-67f7fea045ad7 wd-title-color-primary wd-title-style-bordered text-center vc_custom_1744305839072 wd-underline-colored\">\n\t\t\t\n\t\t\t<div class=\"liner-continer\">\n\t\t\t\t<h3 class=\"woodmart-title-container title  wd-font-weight-600 wd-fontsize-l\" >Lenzuola di percalle in Raso di Cotone<\/h3>\n\t\t\t\t\t\t\t<\/div>\n\t\t\t\n\t\t\t\t\t\t\t<div class=\"title-after_title reset-last-child  wd-fontsize-xs\">Scopri il piacere di dormire avvolto dalle lenzuola Pima: il lusso che fa la differenza<\/div>\n\t\t\t\n\t\t\t\n\t\t<\/div>\n\t\t\n\t\t[\/vc_column][\/vc_row]<\/p>\n<\/div>","protected":false},"excerpt":{"rendered":"<p><strong>ALIZEE<\/strong> e Avvolgiti nella morbidezza e nell&#8217;eleganza con <strong>Lenzuola di percalle\u00a0di Cotone di Lusso<\/strong>: notti indimenticabili di puro benessere<\/p>\n","protected":false},"featured_media":91575,"template":"","meta":[],"product_brand":[],"product_cat":[1562,460,614],"product_tag":[],"class_list":{"0":"post-74386","1":"product","2":"type-product","3":"status-publish","4":"has-post-thumbnail","6":"product_cat-lenzuolo-sopra","7":"product_cat-biancheria-letto","8":"product_cat-lenzuola","10":"first","11":"instock","12":"taxable","13":"shipping-taxable","14":"purchasable","15":"product-type-simple"},"_links":{"self":[{"href":"https:\/\/www.marinigerardi.it\/shop\/wp-json\/wp\/v2\/product\/74386","targetHints":{"allow":["GET"]}}],"collection":[{"href":"https:\/\/www.marinigerardi.it\/shop\/wp-json\/wp\/v2\/product"}],"about":[{"href":"https:\/\/www.marinigerardi.it\/shop\/wp-json\/wp\/v2\/types\/product"}],"wp:featuredmedia":[{"embeddable":true,"href":"https:\/\/www.marinigerardi.it\/shop\/wp-json\/wp\/v2\/media\/91575"}],"wp:attachment":[{"href":"https:\/\/www.marinigerardi.it\/shop\/wp-json\/wp\/v2\/media?parent=74386"}],"wp:term":[{"taxonomy":"product_brand","embeddable":true,"href":"https:\/\/www.marinigerardi.it\/shop\/wp-json\/wp\/v2\/product_brand?post=74386"},{"taxonomy":"product_cat","embeddable":true,"href":"https:\/\/www.marinigerardi.it\/shop\/wp-json\/wp\/v2\/product_cat?post=74386"},{"taxonomy":"product_tag","embeddable":true,"href":"https:\/\/www.marinigerardi.it\/shop\/wp-json\/wp\/v2\/product_tag?post=74386"}],"curies":[{"name":"wp","href":"https:\/\/api.w.org\/{rel}","templated":true}]}}