{"id":7427,"date":"2021-01-28T10:32:56","date_gmt":"2021-01-28T10:32:56","guid":{"rendered":"https:\/\/marinigerardi.it\/shop\/product\/import-placeholder-for-4839\/"},"modified":"2026-02-23T14:16:47","modified_gmt":"2026-02-23T14:16:47","slug":"tessuto-lino-grezzo-tovaglie-tende","status":"publish","type":"product","link":"https:\/\/www.marinigerardi.it\/shop\/prodotto\/tessuto-lino-grezzo-tovaglie-tende\/","title":{"rendered":"TELA CRUDA &#8211; Tessuto Lino Grezzo Naturale per Tovaglie Tendaggi"},"content":{"rendered":"<div class=\"wpb-content-wrapper\"><p>[vc_row equal_height=&#8221;yes&#8221; mobile_bg_img_hidden=&#8221;no&#8221; tablet_bg_img_hidden=&#8221;no&#8221; woodmart_parallax=&#8221;0&#8243; woodmart_gradient_switch=&#8221;no&#8221; row_reverse_mobile=&#8221;0&#8243; row_reverse_tablet=&#8221;0&#8243; woodmart_disable_overflow=&#8221;0&#8243;][vc_column offset=&#8221;vc_col-lg-6 vc_col-md-6&#8243; mobile_bg_img_hidden=&#8221;no&#8221; tablet_bg_img_hidden=&#8221;no&#8221; woodmart_parallax=&#8221;0&#8243; woodmart_sticky_column=&#8221;false&#8221; parallax_scroll=&#8221;no&#8221; mobile_reset_margin=&#8221;no&#8221; tablet_reset_margin=&#8221;no&#8221; css=&#8221;.vc_custom_1613071403480{margin-top: 0px !important;}&#8221;]\n\t\t<div id=\"wd-699c6054afe96\" class=\"title-wrapper wd-wpb wd-set-mb reset-last-child  wd-rs-699c6054afe96 wd-title-color-primary wd-title-style-bordered text-left vc_custom_1771855950205 wd-underline-colored\">\n\t\t\t\n\t\t\t<div class=\"liner-continer\">\n\t\t\t\t<h2 class=\"woodmart-title-container title  wd-font-weight- wd-fontsize-l\" >TELA CRUDA - Tessuto Lino Grezzo Naturale per Tovaglie Tendaggi<\/h2>\n\t\t\t\t\t\t\t<\/div>\n\t\t\t\n\t\t\t\n\t\t\t\n\t\t<\/div>\n\t\t\n\t\t\t\t<div id=\"wd-699c604aa23ef\" class=\"wd-text-block wd-wpb reset-last-child wd-rs-699c604aa23ef text-left \">\n\t\t\t<p><strong>Sensazione Tattile Ineguagliabile<br \/>\n<\/strong>Grazie alla sua consistenza morbida e piacevole, il lino grezzo offre un&#8217;esperienza sensoriale unica. Ogni tovaglia e ogni tenda realizzata con questo tessuto aggiunger\u00e0 un tocco di eleganza e comfort alla tua casa, trasformando gli spazi in luoghi accoglienti e invitanti.<br \/>\nScegli tra una variet\u00e0 di tonalit\u00e0 per creare l&#8217;atmosfera perfetta: da calda e avvolgente a fresca e luminosa, il nostro lino grezzo si adatta a ogni stile e preferenza.<\/p>\n\t\t<\/div>\n\t\t[vc_tta_accordion title_tag=&#8221;h3&#8243; section_title_tag=&#8221;h3&#8243; active_section=&#8221;&#8221; collapsible_all=&#8221;true&#8221;][vc_tta_section title=&#8221;Info &amp; Scheda Prodotto&#8221; tab_id=&#8221;1771855871826-4f476ddc-8ecc&#8221;]\t\t<div id=\"wd-699c6083c44b9\" class=\"wd-text-block wd-wpb reset-last-child wd-rs-699c6083c44b9 text-left \">\n\t\t\t<ul>\n<li><a href=\"https:\/\/www.marinigerardi.it\/shop\/prodotto\/tessuto-lino-grezzo-tovaglie-tende\/\">Tessuto lino grezzo<\/a> Peso: 450 gr\/m.l<\/li>\n<li>Altezza Tessuto da Cimosa a cimosa \u2194 h.140;<\/li>\n<li>19 fantastici colori disponibili;<\/li>\n<li>100% lino di grande qualit\u00e0<\/li>\n<\/ul>\n<p><strong>Minimo acquisto 1 metro.<\/strong>\u00a0Se avete bisogno di aiuto contattateci all\u2019 indirizzo mail assistenza@marinigerardi.it<\/p>\n\t\t<\/div>\n\t\t[\/vc_tta_section][\/vc_tta_accordion]<div id=\"wd-652a6f1dc6322\" class=\" wd-rs-652a6f1dc6322  wd-button-wrapper text-left\"><a href=\"https:\/\/www.marinigerardi.it\/shop\/guida-come-calcolare-il-metraggio-dei-tessuti\/\" title=\"Guida Come Calcolare il Metraggio dei Tessuti\" target=\"_blank\" class=\"btn btn-style-default btn-shape-rectangle btn-size-default btn-icon-pos-left\">Guida Come Calcolare il Metraggio dei Tessuti<span class=\"wd-btn-icon\"><span class=\"wd-icon far fa-arrow-alt-circle-right\"><\/span><\/span><\/a><\/div>[\/vc_column][vc_column css=&#8221;.vc_custom_1612434787067{background-position: center !important;background-repeat: no-repeat !important;background-size: cover !important;}&#8221; offset=&#8221;vc_col-lg-6 vc_col-md-6&#8243; mobile_bg_img_hidden=&#8221;no&#8221; tablet_bg_img_hidden=&#8221;no&#8221; woodmart_parallax=&#8221;0&#8243; woodmart_sticky_column=&#8221;false&#8221; parallax_scroll=&#8221;no&#8221; mobile_reset_margin=&#8221;no&#8221; tablet_reset_margin=&#8221;no&#8221;]\t\t<div id=\"gallery_991\" class=\"wd-images-gallery wd-wpb photoswipe-images\" style=\"--wd-justify-content:left;--wd-align-items:center;\">\n\t\t\t\n\t\t\t<div class=\" wd-grid-f-col wd-masonry\" style=\"--wd-col-lg:2;--wd-col-md:2;--wd-col-sm:1;--wd-gap-lg:10px;\">\n\t\t\t\t\n\t\t\t\t\t\t\t\t\t\t\t\t\t\t\t<div class=\"wd-gallery-item wd-col\">\n\t\t\t\t\t\t\t\t\t\t\t\t\t\t<a href=\"https:\/\/www.marinigerardi.it\/shop\/wp-content\/uploads\/2021\/03\/tessuto-lino-di-qualita-italiana-mix-colori-pastello-tela-cruda.jpg\" data-elementor-open-lightbox=\"no\" data-index=\"1\" data-width=\"1024\" data-height=\"768\" \n\t\t\t\t\t\t\t\t\t\t\t\t\t\t\t\t\t\t\t\t\t\t\t\t\t\t\t\ttitle=\"Tessuto Lino Di Qualita Italiana Mix Colori Pastello Tela Cruda\">\n\t\t\t\t\t\t\t\t\n\t\t\t\t\t\t\t\t<img decoding=\"async\" width=\"1024\" height=\"768\" src=\"https:\/\/www.marinigerardi.it\/shop\/wp-content\/uploads\/2021\/03\/tessuto-lino-di-qualita-italiana-mix-colori-pastello-tela-cruda.jpg.webp\" class=\"wd-gallery-image image-1\" alt=\"Tessuto Lino Di Qualita Italiana Mix Colori Pastello Tela Cruda\" srcset=\"https:\/\/www.marinigerardi.it\/shop\/wp-content\/uploads\/2021\/03\/tessuto-lino-di-qualita-italiana-mix-colori-pastello-tela-cruda.jpg.webp 1024w, https:\/\/www.marinigerardi.it\/shop\/wp-content\/uploads\/2021\/03\/tessuto-lino-di-qualita-italiana-mix-colori-pastello-tela-cruda-450x338.jpg 450w, https:\/\/www.marinigerardi.it\/shop\/wp-content\/uploads\/2021\/03\/tessuto-lino-di-qualita-italiana-mix-colori-pastello-tela-cruda-1000x750.jpg 1000w, https:\/\/www.marinigerardi.it\/shop\/wp-content\/uploads\/2021\/03\/tessuto-lino-di-qualita-italiana-mix-colori-pastello-tela-cruda-300x225.jpg.webp 300w, https:\/\/www.marinigerardi.it\/shop\/wp-content\/uploads\/2021\/03\/tessuto-lino-di-qualita-italiana-mix-colori-pastello-tela-cruda-768x576.jpg.webp 768w\" sizes=\"(max-width: 1024px) 100vw, 1024px\" \/>\n\t\t\t\t\t\t\t\t\t\t\t\t\t\t\t<\/a>\n\t\t\t\t\t\t\t\t\t\t\t\t<\/div>\n\t\t\t\t\t\t\t\t\t\t\t<div class=\"wd-gallery-item wd-col\">\n\t\t\t\t\t\t\t\t\t\t\t\t\t\t<a href=\"https:\/\/www.marinigerardi.it\/shop\/wp-content\/uploads\/2021\/01\/rivabella-tenda-coprente-glicine-arredo-soggiorno-mare-campagna.jpg\" data-elementor-open-lightbox=\"no\" data-index=\"2\" data-width=\"1024\" data-height=\"768\" \n\t\t\t\t\t\t\t\t\t\t\t\t\t\t\t\t\t\t\t\t\t\t\t\t\t\t\t\ttitle=\"Rivabella Tenda Coprente Glicine Arredo Soggiorno Mare Campagna\">\n\t\t\t\t\t\t\t\t\n\t\t\t\t\t\t\t\t<img decoding=\"async\" width=\"1024\" height=\"768\" src=\"https:\/\/www.marinigerardi.it\/shop\/wp-content\/uploads\/2021\/01\/rivabella-tenda-coprente-glicine-arredo-soggiorno-mare-campagna.jpg.webp\" class=\"wd-gallery-image image-2\" alt=\"Rivabella Tenda Coprente Glicine Arredo Soggiorno Mare Campagna\" srcset=\"https:\/\/www.marinigerardi.it\/shop\/wp-content\/uploads\/2021\/01\/rivabella-tenda-coprente-glicine-arredo-soggiorno-mare-campagna.jpg.webp 1024w, https:\/\/www.marinigerardi.it\/shop\/wp-content\/uploads\/2021\/01\/rivabella-tenda-coprente-glicine-arredo-soggiorno-mare-campagna-450x338.jpg 450w, https:\/\/www.marinigerardi.it\/shop\/wp-content\/uploads\/2021\/01\/rivabella-tenda-coprente-glicine-arredo-soggiorno-mare-campagna-1000x750.jpg 1000w, https:\/\/www.marinigerardi.it\/shop\/wp-content\/uploads\/2021\/01\/rivabella-tenda-coprente-glicine-arredo-soggiorno-mare-campagna-300x225.jpg.webp 300w, https:\/\/www.marinigerardi.it\/shop\/wp-content\/uploads\/2021\/01\/rivabella-tenda-coprente-glicine-arredo-soggiorno-mare-campagna-768x576.jpg.webp 768w\" sizes=\"(max-width: 1024px) 100vw, 1024px\" \/>\n\t\t\t\t\t\t\t\t\t\t\t\t\t\t\t<\/a>\n\t\t\t\t\t\t\t\t\t\t\t\t<\/div>\n\t\t\t\t\t\t\t\t\t\t\t<div class=\"wd-gallery-item wd-col\">\n\t\t\t\t\t\t\t\t\t\t\t\t\t\t<a href=\"https:\/\/www.marinigerardi.it\/shop\/wp-content\/uploads\/2021\/03\/tende-a-pannello-design-foglie-autunno-salmone.jpg\" data-elementor-open-lightbox=\"no\" data-index=\"3\" data-width=\"1024\" data-height=\"768\" \n\t\t\t\t\t\t\t\t\t\t\t\t\t\t\t\t\t\t\t\t\t\t\t\t\t\t\t\ttitle=\"Tende A Pannello Design Foglie Autunno Salmone\">\n\t\t\t\t\t\t\t\t\n\t\t\t\t\t\t\t\t<img decoding=\"async\" width=\"1024\" height=\"768\" src=\"https:\/\/www.marinigerardi.it\/shop\/wp-content\/uploads\/2021\/03\/tende-a-pannello-design-foglie-autunno-salmone.jpg.webp\" class=\"wd-gallery-image image-3\" alt=\"Tende A Pannello Design Foglie Autunno Salmone\" srcset=\"https:\/\/www.marinigerardi.it\/shop\/wp-content\/uploads\/2021\/03\/tende-a-pannello-design-foglie-autunno-salmone.jpg.webp 1024w, https:\/\/www.marinigerardi.it\/shop\/wp-content\/uploads\/2021\/03\/tende-a-pannello-design-foglie-autunno-salmone-450x338.jpg 450w, https:\/\/www.marinigerardi.it\/shop\/wp-content\/uploads\/2021\/03\/tende-a-pannello-design-foglie-autunno-salmone-1000x750.jpg 1000w, https:\/\/www.marinigerardi.it\/shop\/wp-content\/uploads\/2021\/03\/tende-a-pannello-design-foglie-autunno-salmone-300x225.jpg.webp 300w, https:\/\/www.marinigerardi.it\/shop\/wp-content\/uploads\/2021\/03\/tende-a-pannello-design-foglie-autunno-salmone-768x576.jpg.webp 768w\" sizes=\"(max-width: 1024px) 100vw, 1024px\" \/>\n\t\t\t\t\t\t\t\t\t\t\t\t\t\t\t<\/a>\n\t\t\t\t\t\t\t\t\t\t\t\t<\/div>\n\t\t\t\t\t\t\t\t\t\t\t<div class=\"wd-gallery-item wd-col\">\n\t\t\t\t\t\t\t\t\t\t\t\t\t\t<a href=\"https:\/\/www.marinigerardi.it\/shop\/wp-content\/uploads\/2021\/03\/tende-interni-per-casa-moderna-abitazione-mare-campagna-grigio.jpg\" data-elementor-open-lightbox=\"no\" data-index=\"4\" data-width=\"1024\" data-height=\"768\" \n\t\t\t\t\t\t\t\t\t\t\t\t\t\t\t\t\t\t\t\t\t\t\t\t\t\t\t\ttitle=\"Tende Interni Per Casa Moderna Abitazione Mare Campagna Grigio\">\n\t\t\t\t\t\t\t\t\n\t\t\t\t\t\t\t\t<img decoding=\"async\" width=\"1024\" height=\"768\" src=\"https:\/\/www.marinigerardi.it\/shop\/wp-content\/uploads\/2021\/03\/tende-interni-per-casa-moderna-abitazione-mare-campagna-grigio.jpg.webp\" class=\"wd-gallery-image image-4\" alt=\"SAPORE DI SALE - Tende Shabby Chic design moderno Mare Campagna Grigio Antracite\" srcset=\"https:\/\/www.marinigerardi.it\/shop\/wp-content\/uploads\/2021\/03\/tende-interni-per-casa-moderna-abitazione-mare-campagna-grigio.jpg.webp 1024w, https:\/\/www.marinigerardi.it\/shop\/wp-content\/uploads\/2021\/03\/tende-interni-per-casa-moderna-abitazione-mare-campagna-grigio-450x338.jpg 450w, https:\/\/www.marinigerardi.it\/shop\/wp-content\/uploads\/2021\/03\/tende-interni-per-casa-moderna-abitazione-mare-campagna-grigio-1000x750.jpg 1000w, https:\/\/www.marinigerardi.it\/shop\/wp-content\/uploads\/2021\/03\/tende-interni-per-casa-moderna-abitazione-mare-campagna-grigio-300x225.jpg.webp 300w, https:\/\/www.marinigerardi.it\/shop\/wp-content\/uploads\/2021\/03\/tende-interni-per-casa-moderna-abitazione-mare-campagna-grigio-768x576.jpg.webp 768w\" sizes=\"(max-width: 1024px) 100vw, 1024px\" \/>\n\t\t\t\t\t\t\t\t\t\t\t\t\t\t\t<\/a>\n\t\t\t\t\t\t\t\t\t\t\t\t<\/div>\n\t\t\t\t\t\t\t\t\t\n\t\t\t\t\t\t\t<\/div>\n\n\t\t\t\t\t<\/div>\n\t\t[\/vc_column][\/vc_row][vc_row][vc_column][vc_empty_space woodmart_hide_large=&#8221;0&#8243; woodmart_hide_medium=&#8221;0&#8243; woodmart_hide_small=&#8221;0&#8243;][\/vc_column][\/vc_row][vc_row content_placement=&#8221;middle&#8221; woodmart_bg_position=&#8221;center-bottom&#8221; css=&#8221;.vc_custom_1697280451725{background-color: #f3f3f3 !important;background-position: 0 0 !important;background-repeat: no-repeat !important;}&#8221; el_class=&#8221;mobile-bg-img-hidden&#8221; mobile_bg_img_hidden=&#8221;no&#8221; tablet_bg_img_hidden=&#8221;no&#8221; woodmart_parallax=&#8221;0&#8243; woodmart_gradient_switch=&#8221;no&#8221; row_reverse_mobile=&#8221;0&#8243; row_reverse_tablet=&#8221;0&#8243; woodmart_disable_overflow=&#8221;0&#8243; woodmart_css_id=&#8221;652a71b36cab2&#8243; responsive_spacing=&#8221;eyJwYXJhbV90eXBlIjoid29vZG1hcnRfcmVzcG9uc2l2ZV9zcGFjaW5nIiwic2VsZWN0b3JfaWQiOiI2NTJhNzFiMzZjYWIyIiwic2hvcnRjb2RlIjoidmNfcm93IiwiZGF0YSI6eyJ0YWJsZXQiOnt9LCJtb2JpbGUiOnt9fX0=&#8221; woodmart_box_shadow=&#8221;yes&#8221; wd_box_shadow=&#8221;eyJkZXZpY2VzIjp7ImRlc2t0b3AiOnsiaG9yaXpvbnRhbCI6IjAiLCJ2ZXJ0aWNhbCI6IjAiLCJibHVyIjoiOSIsInNwcmVhZCI6IjAiLCJjb2xvciI6InJnYmEoMCwgMCwgMCwgLjE1KSJ9fX0=&#8221; wd_z_index=&#8221;no&#8221;][vc_column mobile_bg_img_hidden=&#8221;no&#8221; tablet_bg_img_hidden=&#8221;no&#8221; woodmart_parallax=&#8221;0&#8243; woodmart_sticky_column=&#8221;false&#8221; parallax_scroll=&#8221;no&#8221; mobile_reset_margin=&#8221;no&#8221; tablet_reset_margin=&#8221;no&#8221;]\n\t\t<div id=\"wd-699c605e0129c\" class=\"title-wrapper wd-wpb wd-set-mb reset-last-child  wd-rs-699c605e0129c wd-title-color-primary wd-title-style-simple text-center  wd-underline-colored\">\n\t\t\t\n\t\t\t<div class=\"liner-continer\">\n\t\t\t\t<h3 class=\"woodmart-title-container title  wd-font-weight- wd-fontsize-l\" >TELA CRUDA - Tessuto Lino Grezzo Naturale per Tovaglie Tendaggi<\/h3>\n\t\t\t\t\t\t\t<\/div>\n\t\t\t\n\t\t\t\n\t\t\t\n\t\t<\/div>\n\t\t\n\t\t[vc_single_image image=&#8221;58492&#8243; img_size=&#8221;full&#8221; alignment=&#8221;center&#8221; style=&#8221;vc_box_shadow&#8221; onclick=&#8221;link_image&#8221; css=&#8221;.vc_custom_1689887390294{margin-right: 20px !important;}&#8221; parallax_scroll=&#8221;no&#8221; woodmart_inline=&#8221;no&#8221;][\/vc_column][\/vc_row][vc_row][vc_column]\n\t\t<div id=\"wd-699c610359eb5\" class=\"title-wrapper wd-wpb wd-set-mb reset-last-child  wd-rs-699c610359eb5 wd-title-color-primary wd-title-style-bordered text-center justify  wd-underline-colored\">\n\t\t\t\n\t\t\t<div class=\"liner-continer\">\n\t\t\t\t<h3 class=\"woodmart-title-container title  wd-font-weight- wd-fontsize-l\" >Stoffa per Tende in tessuto Lino grezzo e per Tovaglie<\/h3>\n\t\t\t\t\t\t\t<\/div>\n\t\t\t\n\t\t\t\n\t\t\t\n\t\t<\/div>\n\t\t\n\t\t[vc_column_text css=&#8221;&#8221; text_larger=&#8221;no&#8221; woodmart_inline=&#8221;no&#8221;]<\/p>\n<p style=\"text-align: justify;\">Il tessuto lino grezzo rappresenta un&#8217;opzione meravigliosa per realizzare tende e tovaglie che conferiscono un tocco di eleganza e comfort alla tua casa. Questa stoffa, interamente composta da lino di alta qualit\u00e0 al 100%, \u00e8 caratterizzata da una trama stretta che garantisce solidit\u00e0 e resistenza nel tempo. La sua consistenza morbida e piacevole al tatto la rende un materiale ideale per creare un ambiente domestico accogliente e raffinato. I colori disponibili in questa selezione di tessuti sono vivaci e luminosi, perfetti per ravvivare l&#8217;atmosfera della tua casa. Che tu desideri creare un&#8217;atmosfera calda e avvolgente o aggiungere un tocco di freschezza e luminosit\u00e0 al tuo spazio, il lino grezzo offre una vasta gamma di possibilit\u00e0 per soddisfare le tue esigenze di decorazione.<\/p>\n<p>[\/vc_column_text][\/vc_column][\/vc_row]<\/p>\n<\/div>","protected":false},"excerpt":{"rendered":"<p style=\"text-align: justify;\"><strong>TELA CRUDA &#8211; Tessuto Lino Grezzo Naturale per Tovaglie Tendaggi<\/strong> &#8211; Una Tessuto semplicemente fantastico a trama fitta ben strutturata con finitura rasata per una morbida, piacevole sensazione al tatto. Colori Tempera.<\/p>\n","protected":false},"featured_media":7451,"template":"","meta":[],"product_brand":[],"product_cat":[1515,3588,284,3051,285,287,399],"product_tag":[290,400,2033],"class_list":{"0":"post-7427","1":"product","2":"type-product","3":"status-publish","4":"has-post-thumbnail","6":"product_cat-lino-per-tende","7":"product_cat-stoffe-online","8":"product_cat-tessuti","9":"product_cat-tessuti-di-lino","10":"product_cat-lino-per-tovaglie","11":"product_cat-tessuti-per-tende","12":"product_cat-tessuti-per-tovaglie","13":"product_tag-tessuti-per-tende-in-lino","14":"product_tag-tessuti-tovagliati","15":"product_tag-tessuto-lino-grezzo","17":"first","18":"instock","19":"sale","20":"sold-individually","21":"taxable","22":"shipping-taxable","23":"purchasable","24":"product-type-simple"},"_links":{"self":[{"href":"https:\/\/www.marinigerardi.it\/shop\/wp-json\/wp\/v2\/product\/7427","targetHints":{"allow":["GET"]}}],"collection":[{"href":"https:\/\/www.marinigerardi.it\/shop\/wp-json\/wp\/v2\/product"}],"about":[{"href":"https:\/\/www.marinigerardi.it\/shop\/wp-json\/wp\/v2\/types\/product"}],"wp:featuredmedia":[{"embeddable":true,"href":"https:\/\/www.marinigerardi.it\/shop\/wp-json\/wp\/v2\/media\/7451"}],"wp:attachment":[{"href":"https:\/\/www.marinigerardi.it\/shop\/wp-json\/wp\/v2\/media?parent=7427"}],"wp:term":[{"taxonomy":"product_brand","embeddable":true,"href":"https:\/\/www.marinigerardi.it\/shop\/wp-json\/wp\/v2\/product_brand?post=7427"},{"taxonomy":"product_cat","embeddable":true,"href":"https:\/\/www.marinigerardi.it\/shop\/wp-json\/wp\/v2\/product_cat?post=7427"},{"taxonomy":"product_tag","embeddable":true,"href":"https:\/\/www.marinigerardi.it\/shop\/wp-json\/wp\/v2\/product_tag?post=7427"}],"curies":[{"name":"wp","href":"https:\/\/api.w.org\/{rel}","templated":true}]}}