{"id":73731,"date":"2025-03-14T23:04:42","date_gmt":"2025-03-14T23:04:42","guid":{"rendered":"https:\/\/www.marinigerardi.it\/shop\/?post_type=product&#038;p=73731"},"modified":"2026-03-16T23:23:44","modified_gmt":"2026-03-16T23:23:44","slug":"tenda-cameretta-bimbo","status":"publish","type":"product","link":"https:\/\/www.marinigerardi.it\/shop\/prodotto\/tenda-cameretta-bimbo\/","title":{"rendered":"NELLA VECCHIA FATTORIA : Tenda cameretta bimbo Immagina, gioca e sogna"},"content":{"rendered":"<div class=\"wpb-content-wrapper\"><p>[vc_row][vc_column width=&#8221;1\/2&#8243;]\n\t\t<div id=\"wd-69b6d54a25351\" class=\"title-wrapper wd-wpb wd-set-mb reset-last-child  wd-rs-69b6d54a25351 wd-title-color-default wd-title-style-default text-left  wd-underline-colored\">\n\t\t\t\t\t\t\t\n\t\t\t\t<div class=\"title-subtitle  subtitle-color-default font-default subtitle-style-default wd-font-weight- wd-fontsize-xs\">Un Viaggio di Colori e Fantasia<\/div>\n\t\t\t\n\t\t\t<div class=\"liner-continer\">\n\t\t\t\t<h2 class=\"woodmart-title-container title  wd-font-weight- wd-fontsize-l\" >NELLA VECCHIA FATTORIA : Tenda cameretta bimbo con illustrazioni uniche e affascinanti!<\/h2>\n\t\t\t\t\t\t\t<\/div>\n\t\t\t\n\t\t\t\n\t\t\t\n\t\t<\/div>\n\t\t\n\t\t\t\t<div id=\"wd-67d4b8edc7b12\" class=\"wd-text-block wd-wpb reset-last-child wd-rs-67d4b8edc7b12 text-left \">\n\t\t\t<p>Ciao! Stai cercando un\u2019idea originale per decorare la cameretta del tuo bambino o della tua bambina? Allora lasciati incantare dalle meravigliose illustrazioni firmate da Christopher Corr e scopri la magia della nostra tenda per cameretta, ispirata alla gioiosa atmosfera della fattoria.<\/p>\n\t\t<\/div>\n\t\t[vc_tta_accordion section_title_tag=&#8221;h3&#8243; active_section=&#8221;&#8221; collapsible_all=&#8221;true&#8221;][vc_tta_section title=&#8221;Info &amp; Scheda Prodotto&#8221; tab_id=&#8221;1773589734576-aa02deaa-345f&#8221;]\t\t<div id=\"wd-69b6d4fd4363f\" class=\"wd-text-block wd-wpb reset-last-child wd-rs-69b6d4fd4363f text-left \">\n\t\t\t<ul>\n<li><strong>Composizione<\/strong> 100% CO\u00a0 \u00a0<a href=\"https:\/\/www.marinigerardi.it\/shop\/prodotto\/tenda-cameretta-bimbo\/\">Tenda cameretta bimbo <\/a>in Cotone OEKO-TEX\u00ae STANDARD 100<\/li>\n<li><strong>Larghezza<\/strong> 136 cm<\/li>\n<li><strong>Ripetizione disegno<\/strong> 67 x 136 cm<\/li>\n<li><strong>Manutenzione <\/strong><img decoding=\"async\" src=\"https:\/\/www.marinigerardi.it\/shop\/wp-content\/uploads\/2025\/03\/lav-3616.png.webp\" alt=\"Istruzioni lavaggio\" \/><\/li>\n<li><strong>Tempi di consegna<\/strong> 10\/15 gg. lavorativi<\/li>\n<\/ul>\n<p><strong>NOTE<\/strong>: tessuto design in lussuoso morbido e delicato cotone con una bellissima Texture\u00a0 arredo tenda x cameretta bambini, cuscini, divanetti, pouf.<br \/>\nSe avete bisogno di aiuto contattateci all\u2019 indirizzo mail assistenza@marinigerardi.it<\/p>\n\t\t<\/div>\n\t\t[\/vc_tta_section][\/vc_tta_accordion][\/vc_column][vc_column width=&#8221;1\/2&#8243;][vc_single_image image=&#8221;73662&#8243; img_size=&#8221;large&#8221; alignment=&#8221;center&#8221; css=&#8221;&#8221; parallax_scroll=&#8221;no&#8221; woodmart_inline=&#8221;no&#8221;][\/vc_column][\/vc_row][vc_row][vc_column]<div id=\"wd-67d4c268550e6\" class=\" wd-rs-67d4c268550e6  wd-button-wrapper text-center\"><a href=\"https:\/\/www.marinigerardi.it\/shop\/categoria-prodotto\/tende-cameretta\/\" title=\"Tende Bambini\" class=\"btn btn-style-default btn-shape-rectangle btn-size-default\">vedi altre Tende Cameretta<\/a><\/div>[vc_empty_space woodmart_hide_large=&#8221;0&#8243; woodmart_hide_medium=&#8221;0&#8243; woodmart_hide_small=&#8221;0&#8243;]\n\t\t<div id=\"wd-69b6d561d1962\" class=\"title-wrapper wd-wpb wd-set-mb reset-last-child  wd-rs-69b6d561d1962 wd-title-color-default wd-title-style-default text-left  wd-underline-colored\">\n\t\t\t\n\t\t\t<div class=\"liner-continer\">\n\t\t\t\t<h3 class=\"woodmart-title-container title  wd-font-weight- wd-fontsize-l\" >Storie di avventure e fantasia: NELLA VECCHIA FATTORIA - Tenda cameretta bimbo un viaggio tra numeri e animali per stimolare la fantasia!<\/h3>\n\t\t\t\t\t\t\t<\/div>\n\t\t\t\n\t\t\t\t\t\t\t<div class=\"title-after_title reset-last-child  wd-fontsize-xs\">Apri le porte della fantasia e immergiti in un universo di colori e magia!<br \/>\nLasciati ispirare!<\/div>\n\t\t\t\n\t\t\t\n\t\t<\/div>\n\t\t\n\t\t\t\t<div id=\"wd-67d4b933d5296\" class=\"wd-text-block wd-wpb reset-last-child wd-rs-67d4b933d5296 text-left \">\n\t\t\t<h3><strong>Un mondo incantato nella cameretta<\/strong><\/h3>\n<p>Immagina di aprire la porta della cameretta e di ritrovarti in un paesaggio rurale animato da suoni e colori. La nostra tenda non \u00e8 un semplice elemento decorativo, ma un vero e proprio portale verso un mondo pieno di fantasia e avventure! Gli animali illustrati da Christopher Corr non sono quelli che ci aspetteremmo in una normale fattoria: tra loro troviamo creature dai colori vivaci, espressioni simpatiche e numeri che stimolano la curiosit\u00e0 e l\u2019apprendimento.<\/p>\n\t\t<\/div>\n\t\t[\/vc_column][\/vc_row][vc_row css=&#8221;.vc_custom_1740312197572{background-color: #F3F3F3 !important;}&#8221; woodmart_css_id=&#8221;67bb0e722836d&#8221; responsive_spacing=&#8221;eyJwYXJhbV90eXBlIjoid29vZG1hcnRfcmVzcG9uc2l2ZV9zcGFjaW5nIiwic2VsZWN0b3JfaWQiOiI2N2JiMGU3MjI4MzZkIiwic2hvcnRjb2RlIjoidmNfcm93IiwiZGF0YSI6eyJ0YWJsZXQiOnt9LCJtb2JpbGUiOnt9fX0=&#8221; mobile_bg_img_hidden=&#8221;no&#8221; tablet_bg_img_hidden=&#8221;no&#8221; woodmart_parallax=&#8221;0&#8243; woodmart_gradient_switch=&#8221;no&#8221; woodmart_box_shadow=&#8221;no&#8221; wd_z_index=&#8221;no&#8221; woodmart_disable_overflow=&#8221;0&#8243; row_reverse_mobile=&#8221;0&#8243; row_reverse_tablet=&#8221;0&#8243;][vc_column]\t\t<div id=\"gallery_881\" class=\"wd-images-gallery wd-wpb wd-rs-67d4ae15d5e9b photoswipe-images\" style=\"--wd-justify-content:center;--wd-align-items:center;\">\n\t\t\t\n\t\t\t<div class=\" wd-grid-g\" style=\"--wd-col-lg:3;--wd-col-md:3;--wd-col-sm:1;--wd-gap-lg:6px;\">\n\t\t\t\t\n\t\t\t\t\t\t\t\t\t\t\t\t\t\t\t<div class=\"wd-gallery-item wd-col\">\n\t\t\t\t\t\t\t\t\t\t\t\t\t\t<a href=\"https:\/\/www.marinigerardi.it\/shop\/wp-content\/uploads\/2025\/03\/Tessuti-per-tenda-x-cameretta-bambini-animali-fantastici.avif\" data-elementor-open-lightbox=\"no\" data-index=\"1\" data-width=\"800\" data-height=\"800\" \n\t\t\t\t\t\t\t\t\t\t\t\t\t\t\t\t\t\t\t\t>\n\t\t\t\t\t\t\t\t\n\t\t\t\t\t\t\t\t<img decoding=\"async\" width=\"800\" height=\"800\" src=\"https:\/\/www.marinigerardi.it\/shop\/wp-content\/uploads\/2025\/03\/Tessuti-per-tenda-x-cameretta-bambini-animali-fantastici.avif\" class=\"wd-gallery-image image-1\" alt=\"Tessuti per tenda x cameretta bambini animali fantastici\" srcset=\"https:\/\/www.marinigerardi.it\/shop\/wp-content\/uploads\/2025\/03\/Tessuti-per-tenda-x-cameretta-bambini-animali-fantastici.avif 800w, https:\/\/www.marinigerardi.it\/shop\/wp-content\/uploads\/2025\/03\/Tessuti-per-tenda-x-cameretta-bambini-animali-fantastici-450x450.avif 450w, https:\/\/www.marinigerardi.it\/shop\/wp-content\/uploads\/2025\/03\/Tessuti-per-tenda-x-cameretta-bambini-animali-fantastici-300x300.avif 300w, https:\/\/www.marinigerardi.it\/shop\/wp-content\/uploads\/2025\/03\/Tessuti-per-tenda-x-cameretta-bambini-animali-fantastici-150x150.avif 150w, https:\/\/www.marinigerardi.it\/shop\/wp-content\/uploads\/2025\/03\/Tessuti-per-tenda-x-cameretta-bambini-animali-fantastici-768x768.avif 768w\" sizes=\"(max-width: 800px) 100vw, 800px\" \/>\n\t\t\t\t\t\t\t\t\t\t\t\t\t\t\t<\/a>\n\t\t\t\t\t\t\t\t\t\t\t\t<\/div>\n\t\t\t\t\t\t\t\t\t\t\t<div class=\"wd-gallery-item wd-col\">\n\t\t\t\t\t\t\t\t\t\t\t\t\t\t<a href=\"https:\/\/www.marinigerardi.it\/shop\/wp-content\/uploads\/2025\/03\/Tessuti-per-tenda-x-cameretta-bambini-fattoria-di-animali-fantastici.avif\" data-elementor-open-lightbox=\"no\" data-index=\"2\" data-width=\"800\" data-height=\"800\" \n\t\t\t\t\t\t\t\t\t\t\t\t\t\t\t\t\t\t\t\t>\n\t\t\t\t\t\t\t\t\n\t\t\t\t\t\t\t\t<img decoding=\"async\" width=\"800\" height=\"800\" src=\"https:\/\/www.marinigerardi.it\/shop\/wp-content\/uploads\/2025\/03\/Tessuti-per-tenda-x-cameretta-bambini-fattoria-di-animali-fantastici.avif\" class=\"wd-gallery-image image-2\" alt=\"Tessuti per tenda x cameretta bambini fattoria di animali fantastici\" srcset=\"https:\/\/www.marinigerardi.it\/shop\/wp-content\/uploads\/2025\/03\/Tessuti-per-tenda-x-cameretta-bambini-fattoria-di-animali-fantastici.avif 800w, https:\/\/www.marinigerardi.it\/shop\/wp-content\/uploads\/2025\/03\/Tessuti-per-tenda-x-cameretta-bambini-fattoria-di-animali-fantastici-450x450.avif 450w, https:\/\/www.marinigerardi.it\/shop\/wp-content\/uploads\/2025\/03\/Tessuti-per-tenda-x-cameretta-bambini-fattoria-di-animali-fantastici-300x300.avif 300w, https:\/\/www.marinigerardi.it\/shop\/wp-content\/uploads\/2025\/03\/Tessuti-per-tenda-x-cameretta-bambini-fattoria-di-animali-fantastici-150x150.avif 150w, https:\/\/www.marinigerardi.it\/shop\/wp-content\/uploads\/2025\/03\/Tessuti-per-tenda-x-cameretta-bambini-fattoria-di-animali-fantastici-768x768.avif 768w\" sizes=\"(max-width: 800px) 100vw, 800px\" \/>\n\t\t\t\t\t\t\t\t\t\t\t\t\t\t\t<\/a>\n\t\t\t\t\t\t\t\t\t\t\t\t<\/div>\n\t\t\t\t\t\t\t\t\t\t\t<div class=\"wd-gallery-item wd-col\">\n\t\t\t\t\t\t\t\t\t\t\t\t\t\t<a href=\"https:\/\/www.marinigerardi.it\/shop\/wp-content\/uploads\/2025\/03\/Tessuti-per-tenda-x-cameretta-bambini-animali-vecchia-fattoria.avif\" data-elementor-open-lightbox=\"no\" data-index=\"3\" data-width=\"800\" data-height=\"800\" \n\t\t\t\t\t\t\t\t\t\t\t\t\t\t\t\t\t\t\t\t>\n\t\t\t\t\t\t\t\t\n\t\t\t\t\t\t\t\t<img decoding=\"async\" width=\"800\" height=\"800\" src=\"https:\/\/www.marinigerardi.it\/shop\/wp-content\/uploads\/2025\/03\/Tessuti-per-tenda-x-cameretta-bambini-animali-vecchia-fattoria.avif\" class=\"wd-gallery-image image-3\" alt=\"Tessuti per tenda x cameretta bambini animali vecchia fattoria\" srcset=\"https:\/\/www.marinigerardi.it\/shop\/wp-content\/uploads\/2025\/03\/Tessuti-per-tenda-x-cameretta-bambini-animali-vecchia-fattoria.avif 800w, https:\/\/www.marinigerardi.it\/shop\/wp-content\/uploads\/2025\/03\/Tessuti-per-tenda-x-cameretta-bambini-animali-vecchia-fattoria-450x450.avif 450w, https:\/\/www.marinigerardi.it\/shop\/wp-content\/uploads\/2025\/03\/Tessuti-per-tenda-x-cameretta-bambini-animali-vecchia-fattoria-300x300.avif 300w, https:\/\/www.marinigerardi.it\/shop\/wp-content\/uploads\/2025\/03\/Tessuti-per-tenda-x-cameretta-bambini-animali-vecchia-fattoria-150x150.avif 150w, https:\/\/www.marinigerardi.it\/shop\/wp-content\/uploads\/2025\/03\/Tessuti-per-tenda-x-cameretta-bambini-animali-vecchia-fattoria-768x768.avif 768w\" sizes=\"(max-width: 800px) 100vw, 800px\" \/>\n\t\t\t\t\t\t\t\t\t\t\t\t\t\t\t<\/a>\n\t\t\t\t\t\t\t\t\t\t\t\t<\/div>\n\t\t\t\t\t\t\t\t\t\n\t\t\t\t\t\t\t<\/div>\n\n\t\t\t\t\t<\/div>\n\t\t[\/vc_column][\/vc_row][vc_row][vc_column]\n\t\t<div id=\"wd-69b6d56d8fb9c\" class=\"title-wrapper wd-wpb wd-set-mb reset-last-child  wd-rs-69b6d56d8fb9c wd-title-color-default wd-title-style-default text-left  wd-underline-colored\">\n\t\t\t\n\t\t\t<div class=\"liner-continer\">\n\t\t\t\t<h3 class=\"woodmart-title-container title  wd-font-weight- wd-fontsize-l\" >NELLA VECCHIA FATTORIA : Tenda cameretta bimbo gioca, sogna e scopri con la nostra tenda unica!<\/h3>\n\t\t\t\t\t\t\t<\/div>\n\t\t\t\n\t\t\t\t\t\t\t<div class=\"title-after_title reset-last-child  wd-fontsize-xs\">Tende da Favola per Piccole Principesse<\/div>\n\t\t\t\n\t\t\t\n\t\t<\/div>\n\t\t\n\t\t\t\t<div id=\"wd-67d4b9661f795\" class=\"wd-text-block wd-wpb reset-last-child wd-rs-67d4b9661f795 text-left \">\n\t\t\t<h3><strong>Un design educativo e stimolante<\/strong><\/h3>\n<p>Oltre alla bellezza estetica, questa tenda per cameretta bimbo \u00e8 anche un ottimo strumento educativo. I numeri stampati sulla stoffa permettono ai pi\u00f9 piccoli di imparare giocando, mentre gli animali fantastici stimolano la loro immaginazione e creativit\u00e0. Con colori vivaci e dettagli curati, ogni elemento della tenda \u00e8 pensato per rendere l\u2019ambiente della cameretta accogliente e stimolante.<\/p>\n<h3><strong>Tessuto di qualit\u00e0: comfort e sicurezza<\/strong><\/h3>\n<p>Realizzata in cotone di alta qualit\u00e0, la tenda garantisce morbidezza e resistenza nel tempo. Il tessuto naturale \u00e8 sicuro per la pelle delicata dei bambini e consente un\u2019ottima traspirabilit\u00e0, perfetta per creare un angolo lettura o un piccolo rifugio segreto all\u2019interno della cameretta.<\/p>\n<h3><strong>Facile da installare e adattabile a ogni ambiente<\/strong><\/h3>\n<p>Grazie alla sua struttura leggera e versatile, la tenda pu\u00f2 essere facilmente installata su qualsiasi finestra o utilizzata per creare un piccolo angolo gioco. \u00c8 perfetta per ambienti moderni o dal gusto pi\u00f9 tradizionale, adattandosi con eleganza e armonia a ogni tipo di arredo.<\/p>\n\t\t<\/div>\n\t\t[\/vc_column][\/vc_row][vc_row css=&#8221;.vc_custom_1740312197572{background-color: #F3F3F3 !important;}&#8221; woodmart_css_id=&#8221;67bb0e722836d&#8221; responsive_spacing=&#8221;eyJwYXJhbV90eXBlIjoid29vZG1hcnRfcmVzcG9uc2l2ZV9zcGFjaW5nIiwic2VsZWN0b3JfaWQiOiI2N2JiMGU3MjI4MzZkIiwic2hvcnRjb2RlIjoidmNfcm93IiwiZGF0YSI6eyJ0YWJsZXQiOnt9LCJtb2JpbGUiOnt9fX0=&#8221; mobile_bg_img_hidden=&#8221;no&#8221; tablet_bg_img_hidden=&#8221;no&#8221; woodmart_parallax=&#8221;0&#8243; woodmart_gradient_switch=&#8221;no&#8221; woodmart_box_shadow=&#8221;no&#8221; wd_z_index=&#8221;no&#8221; woodmart_disable_overflow=&#8221;0&#8243; row_reverse_mobile=&#8221;0&#8243; row_reverse_tablet=&#8221;0&#8243;][vc_column][vc_single_image image=&#8221;73729&#8243; img_size=&#8221;full&#8221; alignment=&#8221;center&#8221; css=&#8221;&#8221; parallax_scroll=&#8221;no&#8221; woodmart_inline=&#8221;no&#8221;][\/vc_column][\/vc_row][vc_row][vc_column]\n\t\t<div id=\"wd-69b6d57f43026\" class=\"title-wrapper wd-wpb wd-set-mb reset-last-child  wd-rs-69b6d57f43026 wd-title-color-default wd-title-style-default text-left  wd-underline-colored\">\n\t\t\t\n\t\t\t<div class=\"liner-continer\">\n\t\t\t\t<h3 class=\"woodmart-title-container title  wd-font-weight- wd-fontsize-l\" >NELLA VECCHIA FATTORIA tenda cameretta bimbo e impara giocando: numeri, colori e animali fantastici<\/h3>\n\t\t\t\t\t\t\t<\/div>\n\t\t\t\n\t\t\t\t\t\t\t<div class=\"title-after_title reset-last-child  wd-fontsize-xs\">Apri le porte della fantasia e immergiti in un universo di colori e magia!<br \/>\nLasciati ispirare!<\/div>\n\t\t\t\n\t\t\t\n\t\t<\/div>\n\t\t\n\t\t\t\t<div id=\"wd-67d4c31ae9a08\" class=\"wd-text-block wd-wpb reset-last-child wd-rs-67d4c31ae9a08 text-left \">\n\t\t\t<h3><strong>Perch\u00e9 scegliere questa tenda cameretta bimbo?<\/strong><\/h3>\n<ul>\n<li><strong>Illustrazioni esclusive<\/strong> di <a href=\"https:\/\/www.christophercorr.com\/\" rel=\"nofollow noopener\" target=\"_blank\">Christopher Corr<\/a><\/li>\n<li><strong>Motivo educativo<\/strong> con numeri e animali fantastici<\/li>\n<li><strong>Tessuto in cotone di alta qualit\u00e0<\/strong>, sicuro e morbido<\/li>\n<li><strong>Design versatile e adattabile<\/strong> a qualsiasi cameretta<\/li>\n<li><strong>Facile da lavare e resistente nel tempo<\/strong><\/li>\n<\/ul>\n<p>Se vuoi regalare un tocco di magia e creativit\u00e0 alla cameretta del tuo bambino, questa tenda \u00e8 la scelta perfetta. Scopri la collezione e lasciati ispirare dalla fantasia senza confini di Christopher Corr!<\/p>\n\t\t<\/div>\n\t\t[\/vc_column][\/vc_row]<\/p>\n<\/div>","protected":false},"excerpt":{"rendered":"<p>Tenda cameretta bimbo Nella Vecchia Fattoria: cotone 100% OEKO-TEX\u00ae con galline, maiali, trattori e numeri illustrati da Christopher Corr. Una tenda che diverte e insegna \u2014 numeri e animali per risvegli unici e magici.<\/p>\n","protected":false},"featured_media":73732,"template":"","meta":[],"product_brand":[3822],"product_cat":[3820],"product_tag":[],"class_list":{"0":"post-73731","1":"product","2":"type-product","3":"status-publish","4":"has-post-thumbnail","6":"product_brand-villa-nova-tende","7":"product_cat-tende-cameretta","9":"first","10":"instock","11":"taxable","12":"shipping-taxable","13":"purchasable","14":"product-type-simple"},"_links":{"self":[{"href":"https:\/\/www.marinigerardi.it\/shop\/wp-json\/wp\/v2\/product\/73731","targetHints":{"allow":["GET"]}}],"collection":[{"href":"https:\/\/www.marinigerardi.it\/shop\/wp-json\/wp\/v2\/product"}],"about":[{"href":"https:\/\/www.marinigerardi.it\/shop\/wp-json\/wp\/v2\/types\/product"}],"wp:featuredmedia":[{"embeddable":true,"href":"https:\/\/www.marinigerardi.it\/shop\/wp-json\/wp\/v2\/media\/73732"}],"wp:attachment":[{"href":"https:\/\/www.marinigerardi.it\/shop\/wp-json\/wp\/v2\/media?parent=73731"}],"wp:term":[{"taxonomy":"product_brand","embeddable":true,"href":"https:\/\/www.marinigerardi.it\/shop\/wp-json\/wp\/v2\/product_brand?post=73731"},{"taxonomy":"product_cat","embeddable":true,"href":"https:\/\/www.marinigerardi.it\/shop\/wp-json\/wp\/v2\/product_cat?post=73731"},{"taxonomy":"product_tag","embeddable":true,"href":"https:\/\/www.marinigerardi.it\/shop\/wp-json\/wp\/v2\/product_tag?post=73731"}],"curies":[{"name":"wp","href":"https:\/\/api.w.org\/{rel}","templated":true}]}}