{"id":7370,"date":"2021-01-28T10:32:14","date_gmt":"2021-01-28T10:32:14","guid":{"rendered":"https:\/\/marinigerardi.it\/shop\/product\/import-placeholder-for-4647\/"},"modified":"2026-03-05T20:56:54","modified_gmt":"2026-03-05T20:56:54","slug":"gallipoli-acff135-seta-per-tende","status":"publish","type":"product","link":"https:\/\/www.marinigerardi.it\/shop\/prodotto\/gallipoli-acff135-seta-per-tende\/","title":{"rendered":"GALLIPOLI &#8211;  Tessuto Seta per Tende Trama a Rete"},"content":{"rendered":"<div class=\"wpb-content-wrapper\"><p>[vc_row equal_height=&#8221;yes&#8221; mobile_bg_img_hidden=&#8221;no&#8221; tablet_bg_img_hidden=&#8221;no&#8221; woodmart_parallax=&#8221;0&#8243; woodmart_gradient_switch=&#8221;no&#8221; row_reverse_mobile=&#8221;0&#8243; row_reverse_tablet=&#8221;0&#8243; woodmart_disable_overflow=&#8221;0&#8243;][vc_column offset=&#8221;vc_col-lg-6 vc_col-md-6&#8243; mobile_bg_img_hidden=&#8221;no&#8221; tablet_bg_img_hidden=&#8221;no&#8221; woodmart_parallax=&#8221;0&#8243; woodmart_sticky_column=&#8221;false&#8221; parallax_scroll=&#8221;no&#8221; mobile_reset_margin=&#8221;no&#8221; tablet_reset_margin=&#8221;no&#8221; css=&#8221;.vc_custom_1613071403480{margin-top: 0px !important;}&#8221;]\n\t\t<div id=\"wd-69a9ed057fd1e\" class=\"title-wrapper wd-wpb wd-set-mb reset-last-child  wd-rs-69a9ed057fd1e wd-title-color-primary wd-title-style-bordered text-left vc_custom_1772743936120 wd-underline-colored\">\n\t\t\t\n\t\t\t<div class=\"liner-continer\">\n\t\t\t\t<h2 class=\"woodmart-title-container title  wd-font-weight- wd-fontsize-l\" >GALLIPOLI - Tessuto Seta per Tende trama a rete realizzata al telaio manualmente<\/h2>\n\t\t\t\t\t\t\t<\/div>\n\t\t\t\n\t\t\t\t\t\t\t<div class=\"title-after_title reset-last-child  wd-fontsize-xs\">Seta 100% di grande pregio e qualit\u00e0 a trama fitta, luminosa con disegno a righe, corposa e delicato al tatto.<\/div>\n\t\t\t\n\t\t\t\n\t\t<\/div>\n\t\t\n\t\t[vc_tta_accordion title_tag=&#8221;h3&#8243; section_title_tag=&#8221;h3&#8243; active_section=&#8221;&#8221; collapsible_all=&#8221;true&#8221;][vc_tta_section title=&#8221;Info &amp; Scheda Prodotto&#8221; tab_id=&#8221;1772743961205-cf34d2f1-fc90&#8243;]\t\t<div id=\"wd-69a9edef3f9c5\" class=\"wd-text-block wd-wpb reset-last-child wd-rs-69a9edef3f9c5 text-left \">\n\t\t\t<ul>\n<li>100% tessuto di seta per tende in Shantung di alta qualit\u00e0<\/li>\n<li>Larghezza = 140 cm e peso = 105 gr\/mq<\/li>\n<\/ul>\n<p><strong>Minimo acquisto 1 metro.<\/strong> Se avete bisogno di aiuto contattateci all&#8217; indirizzo mail assistenza@marinigerardi.it<\/p>\n\t\t<\/div>\n\t\t[\/vc_tta_section][\/vc_tta_accordion]<div id=\"wd-61d4585c2d3d7\" class=\" wd-rs-61d4585c2d3d7  wd-button-wrapper text-left\"><a href=\"https:\/\/www.marinigerardi.it\/shop\/guida-come-calcolare-il-metraggio-dei-tessuti\/\" title=\"Guida Come Calcolare il Metraggio dei Tessuti\" class=\"btn btn-style-link btn-shape-rectangle btn-size-default btn-icon-pos-left\">Guida Come Calcolare il Metraggio dei Tessuti<span class=\"wd-btn-icon\"><span class=\"wd-icon far fa-arrow-alt-circle-right\"><\/span><\/span><\/a><\/div>[\/vc_column][vc_column css=&#8221;.vc_custom_1612434787067{background-position: center !important;background-repeat: no-repeat !important;background-size: cover !important;}&#8221; offset=&#8221;vc_col-lg-6 vc_col-md-6&#8243; mobile_bg_img_hidden=&#8221;no&#8221; tablet_bg_img_hidden=&#8221;no&#8221; woodmart_parallax=&#8221;0&#8243; woodmart_sticky_column=&#8221;false&#8221; parallax_scroll=&#8221;no&#8221; mobile_reset_margin=&#8221;no&#8221; tablet_reset_margin=&#8221;no&#8221;][vc_single_image image=&#8221;10919&#8243; img_size=&#8221;full&#8221; alignment=&#8221;center&#8221; style=&#8221;vc_box_shadow&#8221; onclick=&#8221;zoom&#8221; parallax_scroll=&#8221;no&#8221;][\/vc_column][\/vc_row][vc_row][vc_column][vc_text_separator title=&#8221;&#8221; css=&#8221;.vc_custom_1772744035031{margin-top: 20px !important;}&#8221;]\n\t\t<div id=\"wd-69a9ed7e88459\" class=\"title-wrapper wd-wpb wd-set-mb reset-last-child  wd-rs-69a9ed7e88459 wd-title-color-default wd-title-style-default text-center  wd-underline-colored\">\n\t\t\t\n\t\t\t<div class=\"liner-continer\">\n\t\t\t\t<h3 class=\"woodmart-title-container title  wd-font-weight- wd-fontsize-l\" >Tessuto Seta per Tende<\/h3>\n\t\t\t\t\t\t\t<\/div>\n\t\t\t\n\t\t\t\n\t\t\t\n\t\t<\/div>\n\t\t\n\t\t[\/vc_column][\/vc_row][vc_row content_placement=&#8221;middle&#8221; woodmart_bg_position=&#8221;center-bottom&#8221; css=&#8221;.vc_custom_1690680758456{background-color: #f3f3f3 !important;background-position: 0 0 !important;background-repeat: no-repeat !important;}&#8221; el_class=&#8221;mobile-bg-img-hidden&#8221; mobile_bg_img_hidden=&#8221;no&#8221; tablet_bg_img_hidden=&#8221;no&#8221; woodmart_parallax=&#8221;0&#8243; woodmart_gradient_switch=&#8221;no&#8221; row_reverse_mobile=&#8221;0&#8243; row_reverse_tablet=&#8221;0&#8243; woodmart_disable_overflow=&#8221;0&#8243; woodmart_css_id=&#8221;64c5bdab160f7&#8243; responsive_spacing=&#8221;eyJwYXJhbV90eXBlIjoid29vZG1hcnRfcmVzcG9uc2l2ZV9zcGFjaW5nIiwic2VsZWN0b3JfaWQiOiI2NGM1YmRhYjE2MGY3Iiwic2hvcnRjb2RlIjoidmNfcm93IiwiZGF0YSI6eyJ0YWJsZXQiOnt9LCJtb2JpbGUiOnt9fX0=&#8221; woodmart_box_shadow=&#8221;yes&#8221; wd_box_shadow=&#8221;eyJkZXZpY2VzIjp7ImRlc2t0b3AiOnsiaG9yaXpvbnRhbCI6IjAiLCJ2ZXJ0aWNhbCI6IjAiLCJibHVyIjoiOSIsInNwcmVhZCI6IjAiLCJjb2xvciI6InJnYmEoMCwgMCwgMCwgLjE1KSJ9fX0=&#8221; wd_z_index=&#8221;no&#8221;][vc_column mobile_bg_img_hidden=&#8221;no&#8221; tablet_bg_img_hidden=&#8221;no&#8221; woodmart_parallax=&#8221;0&#8243; woodmart_sticky_column=&#8221;false&#8221; parallax_scroll=&#8221;no&#8221; mobile_reset_margin=&#8221;no&#8221; tablet_reset_margin=&#8221;no&#8221;][vc_single_image image=&#8221;10917&#8243; img_size=&#8221;full&#8221; alignment=&#8221;center&#8221; style=&#8221;vc_box_shadow&#8221; onclick=&#8221;link_image&#8221; parallax_scroll=&#8221;no&#8221; woodmart_inline=&#8221;no&#8221;][\/vc_column][\/vc_row][vc_row][vc_column]\n\t\t<div id=\"wd-69a9ed8a24cbc\" class=\"title-wrapper wd-wpb wd-set-mb reset-last-child  wd-rs-69a9ed8a24cbc wd-title-color-default wd-title-style-default text-center  wd-underline-colored\">\n\t\t\t\n\t\t\t<div class=\"liner-continer\">\n\t\t\t\t<h3 class=\"woodmart-title-container title  wd-font-weight- wd-fontsize-l\" >Tessuto Seta per Tende<\/h3>\n\t\t\t\t\t\t\t<\/div>\n\t\t\t\n\t\t\t\n\t\t\t\n\t\t<\/div>\n\t\t\n\t\t[vc_column_text text_larger=&#8221;no&#8221; woodmart_inline=&#8221;no&#8221;]<\/p>\n<p style=\"text-align: justify;\"><strong>GALLIPOLI \u00e8 sinonimo di raffinatezza e colore, un tessuto pensato per ambienti di classe.<\/strong> La seta, con la sua presenza avvolgente, porta con s\u00e9 una magia esotica e il profumo seducente dell&#8217;Oriente. Come le bellissime spiagge di Gallipoli e il suo mare cristallino, questo tessuto richiama sensazioni di bellezza e tranquillit\u00e0.<br \/>\n<strong>Immagina il momento in cui il sole si affaccia all&#8217;orizzonte<\/strong> e i suoi raggi danzano attraverso la trama a rete del mio tessuto. \u00c8 un&#8217;esperienza sensoriale e tattile unica, in cui l&#8217;eleganza si fonde con la natura, creando un effetto di luce e ombra che avvolge lo spazio in un abbraccio di bellezza.<br \/>\n<strong>GALLIPOLI \u00e8 pi\u00f9 di un semplice tessuto: \u00e8 un viaggio emozionale attraverso il design e la raffinatezza.<\/strong> Aggiungi un tocco di esotismo e lusso ai tuoi ambienti con la Seta per Tende con Trama a Rete GALLIPOLI. Sentiti ispirato ogni giorno da un tessuto che porta con s\u00e9 la bellezza del mare e la magia dell&#8217;Oriente, donando alla tua casa un&#8217;atmosfera unica e avvolgente.<\/p>\n<p>[\/vc_column_text][\/vc_column][\/vc_row][vc_row content_placement=&#8221;middle&#8221; woodmart_bg_position=&#8221;center-bottom&#8221; css=&#8221;.vc_custom_1690680758456{background-color: #f3f3f3 !important;background-position: 0 0 !important;background-repeat: no-repeat !important;}&#8221; el_class=&#8221;mobile-bg-img-hidden&#8221; mobile_bg_img_hidden=&#8221;no&#8221; tablet_bg_img_hidden=&#8221;no&#8221; woodmart_parallax=&#8221;0&#8243; woodmart_gradient_switch=&#8221;no&#8221; row_reverse_mobile=&#8221;0&#8243; row_reverse_tablet=&#8221;0&#8243; woodmart_disable_overflow=&#8221;0&#8243; woodmart_css_id=&#8221;64c5bdab160f7&#8243; responsive_spacing=&#8221;eyJwYXJhbV90eXBlIjoid29vZG1hcnRfcmVzcG9uc2l2ZV9zcGFjaW5nIiwic2VsZWN0b3JfaWQiOiI2NGM1YmRhYjE2MGY3Iiwic2hvcnRjb2RlIjoidmNfcm93IiwiZGF0YSI6eyJ0YWJsZXQiOnt9LCJtb2JpbGUiOnt9fX0=&#8221; woodmart_box_shadow=&#8221;yes&#8221; wd_box_shadow=&#8221;eyJkZXZpY2VzIjp7ImRlc2t0b3AiOnsiaG9yaXpvbnRhbCI6IjAiLCJ2ZXJ0aWNhbCI6IjAiLCJibHVyIjoiOSIsInNwcmVhZCI6IjAiLCJjb2xvciI6InJnYmEoMCwgMCwgMCwgLjE1KSJ9fX0=&#8221; wd_z_index=&#8221;no&#8221;][vc_column mobile_bg_img_hidden=&#8221;no&#8221; tablet_bg_img_hidden=&#8221;no&#8221; woodmart_parallax=&#8221;0&#8243; woodmart_sticky_column=&#8221;false&#8221; parallax_scroll=&#8221;no&#8221; mobile_reset_margin=&#8221;no&#8221; tablet_reset_margin=&#8221;no&#8221;][vc_single_image image=&#8221;10920&#8243; img_size=&#8221;full&#8221; alignment=&#8221;center&#8221; style=&#8221;vc_box_shadow&#8221; onclick=&#8221;link_image&#8221; parallax_scroll=&#8221;no&#8221; woodmart_inline=&#8221;no&#8221;][\/vc_column][\/vc_row][vc_row][vc_column]\n\t\t<div id=\"wd-69a9ed95074bb\" class=\"title-wrapper wd-wpb wd-set-mb reset-last-child  wd-rs-69a9ed95074bb wd-title-color-primary wd-title-style-underlined text-center justify  wd-underline-colored\">\n\t\t\t\n\t\t\t<div class=\"liner-continer\">\n\t\t\t\t<h3 class=\"woodmart-title-container title  wd-font-weight- wd-fontsize-l\" >Tessuto Seta per Tende trama a rete | Vendita al taglio.<\/h3>\n\t\t\t\t\t\t\t<\/div>\n\t\t\t\n\t\t\t\t\t\t\t<div class=\"title-after_title reset-last-child  wd-fontsize-xs\">Stoffa in Seta per Tende Semi Trasparenti<\/div>\n\t\t\t\n\t\t\t\n\t\t<\/div>\n\t\t\n\t\t[vc_column_text text_larger=&#8221;no&#8221; woodmart_inline=&#8221;no&#8221;]<\/p>\n<p style=\"text-align: justify;\"><strong>Una delle propriet\u00e0 della <a href=\"https:\/\/www.marinigerardi.it\/shop\/prodotto\/gallipoli-acff135-seta-per-tende\/\">seta<\/a> \u00e8 quella di riflettere la luce<\/strong> in modo inimitabile. Riesce infatti ad assorbire con facilit\u00e0 le tinture, offrendo una grande ricchezza di sfumature.<br \/>\n<strong>Il filo risulta essere molto elastico<\/strong> e i tessuti con esso realizzati risultano estremamente resistenti. Allo stesso tempo sono anche morbidi, tanto da permettere una caduta perfetta degli orli e un facile drappeggio.<br \/>\n<strong>Come fare per verificare che un prodotto sia realmente di seta?<\/strong> Bruciatene un filo. Se \u00e8 di seta il filo brucer\u00e0 lentamente ed emaner\u00e0 un odore di corno tipico delle fibre animali.<br \/>\n<strong>Nella nostra collezione troverete inoltre: <\/strong><a href=\"https:\/\/www.puro-lino.com\/\" target=\"_blank\" rel=\"noopener nofollow\">Tessuti<\/a> in Lino, <em>biancheria da letto, da tavola, per vestire il giorno e la notte,<a href=\"http:\/\/www.marinigerardi.it\/\"> biancheria da cucina<\/a>, biancheria da bagno e accessori.<\/em><\/p>\n<h5>Di noi ti puoi fidare! la qualit\u00e0 della seta 100% prima di tutto.<\/h5>\n<p>[\/vc_column_text][\/vc_column][\/vc_row]<\/p>\n<\/div>","protected":false},"excerpt":{"rendered":"<p>Raffina eleganza per un tessuto adatto ad ambienti di classe. <strong>GALLIPOLI<\/strong> &#8211; La seta porta con s\u00e8 la magia, l\u2019esotismo e il profumo d&#8217;Oriente.<\/p>\n","protected":false},"featured_media":10918,"template":"","meta":[],"product_brand":[],"product_cat":[3588,1516,287],"product_tag":[299,2053],"class_list":{"0":"post-7370","1":"product","2":"type-product","3":"status-publish","4":"has-post-thumbnail","6":"product_cat-stoffe-online","7":"product_cat-tessuti-in-shantung-per-tende","8":"product_cat-tessuti-per-tende","9":"product_tag-shantung-in-seta","10":"product_tag-tessuto-seta-per-tende","12":"first","13":"instock","14":"sale","15":"sold-individually","16":"taxable","17":"shipping-taxable","18":"purchasable","19":"product-type-simple"},"_links":{"self":[{"href":"https:\/\/www.marinigerardi.it\/shop\/wp-json\/wp\/v2\/product\/7370","targetHints":{"allow":["GET"]}}],"collection":[{"href":"https:\/\/www.marinigerardi.it\/shop\/wp-json\/wp\/v2\/product"}],"about":[{"href":"https:\/\/www.marinigerardi.it\/shop\/wp-json\/wp\/v2\/types\/product"}],"wp:featuredmedia":[{"embeddable":true,"href":"https:\/\/www.marinigerardi.it\/shop\/wp-json\/wp\/v2\/media\/10918"}],"wp:attachment":[{"href":"https:\/\/www.marinigerardi.it\/shop\/wp-json\/wp\/v2\/media?parent=7370"}],"wp:term":[{"taxonomy":"product_brand","embeddable":true,"href":"https:\/\/www.marinigerardi.it\/shop\/wp-json\/wp\/v2\/product_brand?post=7370"},{"taxonomy":"product_cat","embeddable":true,"href":"https:\/\/www.marinigerardi.it\/shop\/wp-json\/wp\/v2\/product_cat?post=7370"},{"taxonomy":"product_tag","embeddable":true,"href":"https:\/\/www.marinigerardi.it\/shop\/wp-json\/wp\/v2\/product_tag?post=7370"}],"curies":[{"name":"wp","href":"https:\/\/api.w.org\/{rel}","templated":true}]}}