{"id":7368,"date":"2021-01-28T10:32:14","date_gmt":"2021-01-28T10:32:14","guid":{"rendered":"https:\/\/marinigerardi.it\/shop\/product\/import-placeholder-for-4634\/"},"modified":"2025-07-21T09:33:43","modified_gmt":"2025-07-21T09:33:43","slug":"leuca-tessuti-in-seta-per-arredamento","status":"publish","type":"product","link":"https:\/\/www.marinigerardi.it\/shop\/prodotto\/leuca-tessuti-in-seta-per-arredamento\/","title":{"rendered":"LEUCA &#8211;  Tessuti in seta per arredamento"},"content":{"rendered":"<div class=\"wpb-content-wrapper\"><p>[vc_row equal_height=&#8221;yes&#8221; mobile_bg_img_hidden=&#8221;no&#8221; tablet_bg_img_hidden=&#8221;no&#8221; woodmart_parallax=&#8221;0&#8243; woodmart_gradient_switch=&#8221;no&#8221; row_reverse_mobile=&#8221;0&#8243; row_reverse_tablet=&#8221;0&#8243; woodmart_disable_overflow=&#8221;0&#8243;][vc_column offset=&#8221;vc_col-lg-6 vc_col-md-6&#8243; mobile_bg_img_hidden=&#8221;no&#8221; tablet_bg_img_hidden=&#8221;no&#8221; woodmart_parallax=&#8221;0&#8243; woodmart_sticky_column=&#8221;false&#8221; parallax_scroll=&#8221;no&#8221; mobile_reset_margin=&#8221;no&#8221; tablet_reset_margin=&#8221;no&#8221; css=&#8221;.vc_custom_1613071403480{margin-top: 0px !important;}&#8221;]\n\t\t<div id=\"wd-687e093551ff6\" class=\"title-wrapper wd-wpb wd-set-mb reset-last-child  wd-rs-687e093551ff6 wd-title-color-primary wd-title-style-bordered text-left vc_custom_1753090394405 wd-underline-colored\">\n\t\t\t\n\t\t\t<div class=\"liner-continer\">\n\t\t\t\t<h2 class=\"woodmart-title-container title  wd-font-weight-600 wd-fontsize-l\" >LEUCA - Tessuti in seta per arredamento<\/h2>\n\t\t\t\t\t\t\t<\/div>\n\t\t\t\n\t\t\t\t\t\t\t<div class=\"title-after_title reset-last-child  wd-fontsize-xs\">Seta 100% di grande pregio e qualit\u00e0 a trama fitta, luminosa con disegno a righe, corposa e delicata al tatto con un design che crea la giusta atmosfera e caratterizza la personalit\u00e0 della tua casa.<\/div>\n\t\t\t\n\t\t\t\n\t\t<\/div>\n\t\t\n\t\t[vc_row_inner][vc_column_inner width=&#8221;1\/2&#8243;]\t\t\t<div class=\"info-box-wrapper\">\n\t\t\t\t<div id=\"wd-606c8438b00ff\" class=\" wd-rs-606c8438b00ff wd-info-box wd-wpb text-left box-icon-align-left box-style-shadow color-scheme- wd-bg-none wd-items-top vc_custom_1617724491268\">\n\t\t\t\t\t\t\t\t\t\t\t<div class=\"box-icon-wrapper  box-with-icon box-icon-with-border\">\n\t\t\t\t\t\t\t<div class=\"info-box-icon\">\n\t\t\t\t\t\t\t\t<img decoding=\"async\" width=\"40\" height=\"40\" src=\"https:\/\/www.marinigerardi.it\/shop\/wp-content\/uploads\/2021\/02\/icons8_yarn_100px-40x40.png\" class=\"attachment-40x40 size-40x40\" alt=\"Composizione tessuti Marini e Gerardi\" \/>\t\t\t\t\t\t\t<\/div>\n\t\t\t\t\t\t<\/div>\n\t\t\t\t\t\t\t\t\t\t<div class=\"info-box-content\">\n\t\t\t\t\t\t<h4 class=\"info-box-title title box-title-style-default wd-fontsize-s\">Seta Dupioni<\/h4>\t\t\t\t\t\t<div class=\"info-box-inner reset-last-child\"><p>105 gr\/mq.<\/p>\n<\/div>\n\n\t\t\t\t\t\t\t\t\t\t\t<\/div>\n\n\t\t\t\t\t\n\t\t\t\t\t<style>#wd-606c8438b00ff:hover .info-box-icon{background-color:  !important;}<\/style>\t\t\t\t<\/div>\n\t\t\t<\/div>\n\t\t[\/vc_column_inner][vc_column_inner width=&#8221;1\/2&#8243;]\t\t\t<div class=\"info-box-wrapper\">\n\t\t\t\t<div id=\"wd-606c7727b440e\" class=\" wd-rs-606c7727b440e wd-info-box wd-wpb text-left box-icon-align-left box-style-shadow color-scheme-dark wd-bg-none wd-items-top vc_custom_1617721154367\">\n\t\t\t\t\t\t\t\t\t\t\t<div class=\"box-icon-wrapper  box-with-icon box-icon-with-border\">\n\t\t\t\t\t\t\t<div class=\"info-box-icon\">\n\t\t\t\t\t\t\t\t<img decoding=\"async\" width=\"40\" height=\"40\" src=\"https:\/\/www.marinigerardi.it\/shop\/wp-content\/uploads\/2021\/02\/icons8_wallpaper_roll_100px-40x40.png\" class=\"attachment-40x40 size-40x40\" alt=\"Altezza Tessuti - Marini e Gerardi\" \/>\t\t\t\t\t\t\t<\/div>\n\t\t\t\t\t\t<\/div>\n\t\t\t\t\t\t\t\t\t\t<div class=\"info-box-content\">\n\t\t\t\t\t\t<h4 class=\"info-box-title title box-title-style-default wd-fontsize-s\">ALTEZZA<\/h4>\t\t\t\t\t\t<div class=\"info-box-inner reset-last-child\"><p>h. 140 cm.<\/p>\n<\/div>\n\n\t\t\t\t\t\t\t\t\t\t\t<\/div>\n\n\t\t\t\t\t\n\t\t\t\t\t<style>#wd-606c7727b440e:hover .info-box-icon{background-color:  !important;}<\/style>\t\t\t\t<\/div>\n\t\t\t<\/div>\n\t\t[\/vc_column_inner][\/vc_row_inner][vc_column_text woodmart_inline=&#8221;no&#8221; text_larger=&#8221;no&#8221;]<strong>Minimo acquisto 1 metro.<\/strong> Se avete bisogno di aiuto contattateci all&#8217; indirizzo mail assistenza@marinigerardi.it[\/vc_column_text]<div id=\"wd-61d45ce26dec1\" class=\" wd-rs-61d45ce26dec1  wd-button-wrapper text-left\"><a href=\"https:\/\/www.marinigerardi.it\/shop\/guida-come-calcolare-il-metraggio-dei-tessuti\/\" title=\"Guida Come Calcolare il Metraggio dei Tessuti\" target=\"_blank\" class=\"btn btn-style-link btn-shape-rectangle btn-size-default btn-icon-pos-left\">Guida Come Calcolare il Metraggio dei Tessuti<span class=\"wd-btn-icon\"><span class=\"wd-icon far fa-arrow-alt-circle-right\"><\/span><\/span><\/a><\/div>[\/vc_column][vc_column css=&#8221;.vc_custom_1612434787067{background-position: center !important;background-repeat: no-repeat !important;background-size: cover !important;}&#8221; offset=&#8221;vc_col-lg-6 vc_col-md-6&#8243; mobile_bg_img_hidden=&#8221;no&#8221; tablet_bg_img_hidden=&#8221;no&#8221; woodmart_parallax=&#8221;0&#8243; woodmart_sticky_column=&#8221;false&#8221; parallax_scroll=&#8221;no&#8221; mobile_reset_margin=&#8221;no&#8221; tablet_reset_margin=&#8221;no&#8221;][vc_single_image image=&#8221;10908&#8243; img_size=&#8221;full&#8221; alignment=&#8221;center&#8221; style=&#8221;vc_box_shadow&#8221; onclick=&#8221;zoom&#8221; parallax_scroll=&#8221;no&#8221;][\/vc_column][\/vc_row][vc_row][vc_column]\n\t\t<div id=\"wd-687e091a9329d\" class=\"title-wrapper wd-wpb wd-set-mb reset-last-child  wd-rs-687e091a9329d wd-title-color-default wd-title-style-simple text-center  wd-underline-colored\">\n\t\t\t\n\t\t\t<div class=\"liner-continer\">\n\t\t\t\t<h3 class=\"woodmart-title-container title  wd-font-weight-600 wd-fontsize-l\" >Tessuti in seta per arredamento<\/h3>\n\t\t\t\t\t\t\t<\/div>\n\t\t\t\n\t\t\t\n\t\t\t\n\t\t<\/div>\n\t\t\n\t\t[\/vc_column][\/vc_row][vc_row content_placement=&#8221;middle&#8221; woodmart_bg_position=&#8221;center-bottom&#8221; css=&#8221;.vc_custom_1693819327557{background-color: #f3f3f3 !important;background-position: 0 0 !important;background-repeat: no-repeat !important;}&#8221; el_class=&#8221;mobile-bg-img-hidden&#8221; mobile_bg_img_hidden=&#8221;no&#8221; tablet_bg_img_hidden=&#8221;no&#8221; woodmart_parallax=&#8221;0&#8243; woodmart_gradient_switch=&#8221;no&#8221; row_reverse_mobile=&#8221;0&#8243; row_reverse_tablet=&#8221;0&#8243; woodmart_disable_overflow=&#8221;0&#8243; woodmart_css_id=&#8221;64f5a1b2a0cf2&#8243; responsive_spacing=&#8221;eyJwYXJhbV90eXBlIjoid29vZG1hcnRfcmVzcG9uc2l2ZV9zcGFjaW5nIiwic2VsZWN0b3JfaWQiOiI2NGY1YTFiMmEwY2YyIiwic2hvcnRjb2RlIjoidmNfcm93IiwiZGF0YSI6eyJ0YWJsZXQiOnt9LCJtb2JpbGUiOnt9fX0=&#8221; woodmart_box_shadow=&#8221;yes&#8221; wd_box_shadow=&#8221;eyJkZXZpY2VzIjp7ImRlc2t0b3AiOnsiaG9yaXpvbnRhbCI6IjAiLCJ2ZXJ0aWNhbCI6IjAiLCJibHVyIjoiOSIsInNwcmVhZCI6IjAiLCJjb2xvciI6InJnYmEoMCwgMCwgMCwgLjE1KSJ9fX0=&#8221; wd_z_index=&#8221;no&#8221;][vc_column mobile_bg_img_hidden=&#8221;no&#8221; tablet_bg_img_hidden=&#8221;no&#8221; woodmart_parallax=&#8221;0&#8243; woodmart_sticky_column=&#8221;false&#8221; parallax_scroll=&#8221;no&#8221; mobile_reset_margin=&#8221;no&#8221; tablet_reset_margin=&#8221;no&#8221;][vc_single_image image=&#8221;10909&#8243; img_size=&#8221;full&#8221; alignment=&#8221;center&#8221; style=&#8221;vc_box_shadow&#8221; parallax_scroll=&#8221;no&#8221;][\/vc_column][\/vc_row][vc_row][vc_column]\n\t\t<div id=\"wd-687e095077860\" class=\"title-wrapper wd-wpb wd-set-mb reset-last-child  wd-rs-687e095077860 wd-title-color-primary wd-title-style-underlined text-center justify  wd-underline-colored\">\n\t\t\t\n\t\t\t<div class=\"liner-continer\">\n\t\t\t\t<h3 class=\"woodmart-title-container title  wd-font-weight-600 wd-fontsize-l\" >Tessuti in Seta per Arredamento - Shantung di Seta per Tende | Vendita al taglio.<\/h3>\n\t\t\t\t\t\t\t<\/div>\n\t\t\t\n\t\t\t\t\t\t\t<div class=\"title-after_title reset-last-child  wd-fontsize-xs\">Stoffa per Tende Semi Trasparenti<\/div>\n\t\t\t\n\t\t\t\n\t\t<\/div>\n\t\t\n\t\t\t\t<div id=\"wd-66d611d63fc09\" class=\"wd-text-block wd-wpb reset-last-child wd-rs-66d611d63fc09 text-left \">\n\t\t\t<p style=\"text-align: justify;\">Una delle propriet\u00e0 dei <a href=\"https:\/\/www.marinigerardi.it\/shop\/prodotto\/leuca-tessuti-in-seta-per-arredamento\/\">tessuti in seta<\/a> o Shantung di Seta \u00e8 quella di riflettere la luce in modo inimitabile. Riesce infatti ad assorbire con facilit\u00e0 le tinture, offrendo una grande ricchezza di sfumature.<br \/>\nIl filo risulta essere molto elastico e i tessuti con esso realizzati risultano estremamente resistenti. Allo stesso tempo sono anche morbidi, tanto da permettere una caduta perfetta degli orli e un facile drappeggio.<br \/>\nCome fare per verificare che un prodotto sia realmente di seta? Bruciatene un filo. Se \u00e8 di seta il filo brucer\u00e0 lentamente ed emaner\u00e0 un odore di corno tipico delle fibre animali.<br \/>\nNella nostra collezione troverete inoltre: <a href=\"https:\/\/www.puro-lino.com\/\" target=\"_blank\" rel=\"noopener nofollow\">Tessuti<\/a> in Lino, <em>biancheria da letto, da tavola, per vestire il giorno e la notte, biancheria da cucina, biancheria da bagno e accessori.<\/em><\/p>\n<h5>Di noi ti puoi fidare! la qualit\u00e0 della seta 100% prima di tutto.<\/h5>\n\t\t<\/div>\n\t\t[\/vc_column][\/vc_row]<\/p>\n<\/div>","protected":false},"excerpt":{"rendered":"<p>Raffinata eleganza per un tessuto adatto ad ambienti di classe. <strong>LEUCA Tessuti in seta per arredamento &#8211; La seta porta con s\u00e8 la magia,<\/strong> l\u2019esotismo e il profumo del misterioso Oriente.<\/p>\n","protected":false},"featured_media":10912,"template":"","meta":[],"product_brand":[],"product_cat":[3588,1516,287],"product_tag":[299,2054],"class_list":{"0":"post-7368","1":"product","2":"type-product","3":"status-publish","4":"has-post-thumbnail","6":"product_cat-stoffe-online","7":"product_cat-tessuti-in-shantung-per-tende","8":"product_cat-tessuti-per-tende","9":"product_tag-shantung-in-seta","10":"product_tag-tessuti-in-seta-per-arredamento","12":"first","13":"instock","14":"sale","15":"sold-individually","16":"taxable","17":"shipping-taxable","18":"purchasable","19":"product-type-simple"},"_links":{"self":[{"href":"https:\/\/www.marinigerardi.it\/shop\/wp-json\/wp\/v2\/product\/7368","targetHints":{"allow":["GET"]}}],"collection":[{"href":"https:\/\/www.marinigerardi.it\/shop\/wp-json\/wp\/v2\/product"}],"about":[{"href":"https:\/\/www.marinigerardi.it\/shop\/wp-json\/wp\/v2\/types\/product"}],"wp:featuredmedia":[{"embeddable":true,"href":"https:\/\/www.marinigerardi.it\/shop\/wp-json\/wp\/v2\/media\/10912"}],"wp:attachment":[{"href":"https:\/\/www.marinigerardi.it\/shop\/wp-json\/wp\/v2\/media?parent=7368"}],"wp:term":[{"taxonomy":"product_brand","embeddable":true,"href":"https:\/\/www.marinigerardi.it\/shop\/wp-json\/wp\/v2\/product_brand?post=7368"},{"taxonomy":"product_cat","embeddable":true,"href":"https:\/\/www.marinigerardi.it\/shop\/wp-json\/wp\/v2\/product_cat?post=7368"},{"taxonomy":"product_tag","embeddable":true,"href":"https:\/\/www.marinigerardi.it\/shop\/wp-json\/wp\/v2\/product_tag?post=7368"}],"curies":[{"name":"wp","href":"https:\/\/api.w.org\/{rel}","templated":true}]}}