{"id":73628,"date":"2025-03-13T09:04:27","date_gmt":"2025-03-13T09:04:27","guid":{"rendered":"https:\/\/www.marinigerardi.it\/shop\/?post_type=product&#038;p=73628"},"modified":"2025-03-13T11:54:36","modified_gmt":"2025-03-13T11:54:36","slug":"tessuto-tende-interno-ricamate","status":"publish","type":"product","link":"https:\/\/www.marinigerardi.it\/shop\/prodotto\/tessuto-tende-interno-ricamate\/","title":{"rendered":"FUOCHI D&#8217;ARTIFICIO : Tessuto tende interno ricamate x cameretta bambini"},"content":{"rendered":"<div class=\"wpb-content-wrapper\"><p>[vc_row][vc_column width=&#8221;1\/2&#8243;]\n\t\t<div id=\"wd-67d2b9ee294ea\" class=\"title-wrapper wd-wpb wd-set-mb reset-last-child  wd-rs-67d2b9ee294ea wd-title-color-default wd-title-style-default text-left  wd-underline-colored\">\n\t\t\t\t\t\t\t\n\t\t\t\t<div class=\"title-subtitle  subtitle-color-default font-default subtitle-style-default wd-font-weight-600 wd-fontsize-xs\">Un Viaggio di Colori e Fantasia<\/div>\n\t\t\t\n\t\t\t<div class=\"liner-continer\">\n\t\t\t\t<h2 class=\"woodmart-title-container title  wd-font-weight- wd-fontsize-xl\" >FUOCHI D'ARTIFICIO : Tessuto tende interno ricamate x cameretta bambini<\/h2>\n\t\t\t\t\t\t\t<\/div>\n\t\t\t\n\t\t\t\n\t\t\t\n\t\t<\/div>\n\t\t\n\t\t\t\t<div id=\"wd-67d2c46c8b3d1\" class=\"wd-text-block wd-wpb reset-last-child wd-rs-67d2c46c8b3d1 text-left \">\n\t\t\t<p><strong>Cameretta da Favola? S\u00ec, Grazie!<\/strong><br \/>\nImmagina tante girandole multicolori che prendono vita nella stanza della tua bambina. Con il nostro tessuto &#8220;FUOCHI D&#8217;ARTIFICIO&#8221;, puoi trasformare la sua cameretta in un rifugio festoso, dove la fantasia non ha confini!<\/p>\n\t\t<\/div>\n\t\t[vc_message message_box_style=&#8221;outline&#8221; message_box_color=&#8221;turquoise&#8221; css=&#8221;&#8221;]<\/p>\n<ul>\n<li><strong>Composizione<\/strong> 100% PL\u00a0 \u00a0 <a href=\"https:\/\/www.marinigerardi.it\/shop\/prodotto\/tessuto-tende-interno-ricamate\/\">Tessuto tende interno ricamate<\/a><\/li>\n<li><strong>Larghezza<\/strong> 130 cm<\/li>\n<li><strong>Ripetizione disegno<\/strong> 19,5 x 65 cm<\/li>\n<li><strong>Manutenzione <\/strong><img decoding=\"async\" src=\"https:\/\/www.marinigerardi.it\/shop\/wp-content\/uploads\/2025\/03\/lav-3589.png.webp\" alt=\"Istruzioni lavaggio\" \/><\/li>\n<li><strong>Tempi di consegna<\/strong> 10\/15 gg. lavorativi<\/li>\n<\/ul>\n<p><strong>NOTE<\/strong>: tessuto design in lussuoso morbido e delicato con una bellissima Texture\u00a0 per arredo cameretta bambini, tende per interni, cuscini, pouf.<br \/>\nMinimo acquisto 3 metri. Se avete bisogno di aiuto contattateci all\u2019 indirizzo mail assistenza@marinigerardi.it[\/vc_message][\/vc_column][vc_column width=&#8221;1\/2&#8243;][vc_single_image image=&#8221;73635&#8243; img_size=&#8221;large&#8221; alignment=&#8221;center&#8221; css=&#8221;&#8221; parallax_scroll=&#8221;no&#8221; woodmart_inline=&#8221;no&#8221;][\/vc_column][\/vc_row][vc_row][vc_column]<div id=\"wd-67d2c729099a5\" class=\" wd-rs-67d2c729099a5  wd-button-wrapper text-center\"><a href=\"https:\/\/www.marinigerardi.it\/shop\/categoria-prodotto\/tende-per-cameretta\/\" title=\"Tessuti per Tende Bambini\" class=\"btn btn-style-default btn-shape-rectangle btn-size-default\">vedi altri Tessuti per Tende<\/a><\/div>[vc_empty_space woodmart_hide_large=&#8221;0&#8243; woodmart_hide_medium=&#8221;0&#8243; woodmart_hide_small=&#8221;0&#8243;]\n\t\t<div id=\"wd-67d2b9fce6975\" class=\"title-wrapper wd-wpb wd-set-mb reset-last-child  wd-rs-67d2b9fce6975 wd-title-color-default wd-title-style-default text-left  wd-underline-colored\">\n\t\t\t\n\t\t\t<div class=\"liner-continer\">\n\t\t\t\t<h3 class=\"woodmart-title-container title  wd-font-weight- wd-fontsize-xl\" >FUOCHI D'ARTIFICIO : Tessuto tende interno ricamate x cameretta bambini<\/h3>\n\t\t\t\t\t\t\t<\/div>\n\t\t\t\n\t\t\t\t\t\t\t<div class=\"title-after_title reset-last-child  wd-fontsize-s\">Picturebook II: Quando il Tessuto Diventa un Racconto per la Cameretta della Tua Bambina.<br \/>\nApri le porte della fantasia e immergiti in un universo di colori e magia!<\/div>\n\t\t\t\n\t\t\t\n\t\t<\/div>\n\t\t\n\t\t[\/vc_column][\/vc_row][vc_row][vc_column]\t\t<div id=\"wd-67d2c6390600d\" class=\"wd-text-block wd-wpb reset-last-child wd-rs-67d2c6390600d text-left \">\n\t\t\t<p><span style=\"font-size: 16pt;\"><strong>Magia e Dolcezza per la Cameretta!<\/strong><\/span><br \/>\nChiudi gli occhi e immagina\u2026 una stanza che sussurra storie, un rifugio incantato dove i sogni danzano leggeri e la fantasia si accende come scintille di mille girandole o stelline nel buio! Con i tessuti giusti, ogni angolo della cameretta si trasforma in un mondo magico, un luogo speciale dove i piccoli esploratori possono lasciar correre la loro immaginazione.<br \/>\nMorbide trame, per un <strong>tessuto tende interno<\/strong> dai colori avvolgenti e dettagli ricamati creano un\u2019atmosfera calda e accogliente, perfetta per accompagnare le avventure quotidiane di ogni bimbo e bimba. Perch\u00e9 la bellezza di una cameretta sta nei dettagli\u2026 e nella magia che la riempie!<\/p>\n\t\t<\/div>\n\t\t[\/vc_column][\/vc_row][vc_row css=&#8221;.vc_custom_1740312197572{background-color: #F3F3F3 !important;}&#8221; woodmart_css_id=&#8221;67bb0e722836d&#8221; responsive_spacing=&#8221;eyJwYXJhbV90eXBlIjoid29vZG1hcnRfcmVzcG9uc2l2ZV9zcGFjaW5nIiwic2VsZWN0b3JfaWQiOiI2N2JiMGU3MjI4MzZkIiwic2hvcnRjb2RlIjoidmNfcm93IiwiZGF0YSI6eyJ0YWJsZXQiOnt9LCJtb2JpbGUiOnt9fX0=&#8221; mobile_bg_img_hidden=&#8221;no&#8221; tablet_bg_img_hidden=&#8221;no&#8221; woodmart_parallax=&#8221;0&#8243; woodmart_gradient_switch=&#8221;no&#8221; woodmart_box_shadow=&#8221;no&#8221; wd_z_index=&#8221;no&#8221; woodmart_disable_overflow=&#8221;0&#8243; row_reverse_mobile=&#8221;0&#8243; row_reverse_tablet=&#8221;0&#8243;][vc_column width=&#8221;1\/2&#8243;][vc_single_image image=&#8221;73636&#8243; img_size=&#8221;large&#8221; alignment=&#8221;center&#8221; css=&#8221;&#8221; parallax_scroll=&#8221;no&#8221; woodmart_inline=&#8221;no&#8221;][\/vc_column][vc_column width=&#8221;1\/2&#8243;][vc_single_image image=&#8221;73638&#8243; img_size=&#8221;large&#8221; alignment=&#8221;center&#8221; css=&#8221;&#8221; parallax_scroll=&#8221;no&#8221; woodmart_inline=&#8221;no&#8221;][\/vc_column][\/vc_row][vc_row][vc_column]\n\t\t<div id=\"wd-67d2ba0954699\" class=\"title-wrapper wd-wpb wd-set-mb reset-last-child  wd-rs-67d2ba0954699 wd-title-color-default wd-title-style-bordered text-left  wd-underline-colored\">\n\t\t\t\n\t\t\t<div class=\"liner-continer\">\n\t\t\t\t<h4 class=\"woodmart-title-container title  wd-font-weight- wd-fontsize-xl\" >FUOCHI D'ARTIFICIO : Tessuto tende interno ricamate x cameretta bambini<\/h4>\n\t\t\t\t\t\t\t<\/div>\n\t\t\t\n\t\t\t\t\t\t\t<div class=\"title-after_title reset-last-child  wd-fontsize-s\">Tende da Favola per Piccole Principesse<\/div>\n\t\t\t\n\t\t\t\n\t\t<\/div>\n\t\t\n\t\t\t\t<div id=\"wd-67d2c76c5a642\" class=\"wd-text-block wd-wpb reset-last-child wd-rs-67d2c76c5a642 text-left \">\n\t\t\t<ul>\n<li><strong>Design Incantevole:<\/strong> ogni girandola \u00e8 ricamata con cura su un tessuto di alta qualit\u00e0, regalando profondit\u00e0 e texture uniche.<\/li>\n<li><strong>Morbidezza e Resistenza:<\/strong> un tessuto di pregio assicura una sensazione piacevole al tatto e una lunga durata nel tempo.<\/li>\n<li><strong>Versatilit\u00e0 Creativa:<\/strong> ideale per tende, cuscini, rivestimenti e decorazioni, adattandosi perfettamente a qualsiasi stile d\u2019arredo.<\/li>\n<\/ul>\n<p>Scegli <b>fuochi d&#8217;artificio <\/b>per una cameretta che racconta storie di natura e magia, dove ogni dettaglio \u00e8 pensato per avvolgere i tuoi bambini in un\u2019atmosfera calda e accogliente!<br \/>\n<span style=\"font-size: 16pt;\"><strong>Un tocco di magia per la cameretta<\/strong><\/span><br \/>\nDite addio a tessuti per tende noiosi e date il benvenuto a un&#8217;esplosione di colore e fantasia. Con questa tenda, la cameretta diventer\u00e0 il luogo preferito dei vostri bambini, un posto dove i sogni diventano realt\u00e0 perch\u00e8 l&#8217;immaginazione non ha limiti.<br \/>\nScopri adesso la nostra collezione di tessuti incantati e lasciati ispirare per trasformare ogni stanza in un sogno!<\/p>\n\t\t<\/div>\n\t\t[\/vc_column][\/vc_row][vc_row woodmart_css_id=&#8221;67d2c27ea52fe&#8221; responsive_spacing=&#8221;eyJwYXJhbV90eXBlIjoid29vZG1hcnRfcmVzcG9uc2l2ZV9zcGFjaW5nIiwic2VsZWN0b3JfaWQiOiI2N2QyYzI3ZWE1MmZlIiwic2hvcnRjb2RlIjoidmNfcm93IiwiZGF0YSI6eyJ0YWJsZXQiOnt9LCJtb2JpbGUiOnt9fX0=&#8221; mobile_bg_img_hidden=&#8221;no&#8221; tablet_bg_img_hidden=&#8221;no&#8221; woodmart_parallax=&#8221;0&#8243; woodmart_gradient_switch=&#8221;no&#8221; woodmart_box_shadow=&#8221;no&#8221; wd_z_index=&#8221;no&#8221; woodmart_disable_overflow=&#8221;0&#8243; row_reverse_mobile=&#8221;0&#8243; row_reverse_tablet=&#8221;0&#8243;][vc_column][vc_single_image image=&#8221;73637&#8243; img_size=&#8221;full&#8221; alignment=&#8221;center&#8221; style=&#8221;vc_box_shadow_border&#8221; css=&#8221;&#8221; parallax_scroll=&#8221;no&#8221; woodmart_inline=&#8221;no&#8221; title=&#8221;Non aspettare, la magia ti aspetta!&#8221;][\/vc_column][\/vc_row][vc_row][vc_column]\n\t\t<div id=\"wd-67d2c2fb63c50\" class=\"title-wrapper wd-wpb wd-set-mb reset-last-child  wd-rs-67d2c2fb63c50 wd-title-color-default wd-title-style-bordered text-center  wd-underline-colored\">\n\t\t\t\n\t\t\t<div class=\"liner-continer\">\n\t\t\t\t<h3 class=\"woodmart-title-container title  wd-font-weight- wd-fontsize-l\" >FUOCHI D'ARTIFICIO : Tessuto tende interno ricamate x cameretta bambini<\/h3>\n\t\t\t\t\t\t\t<\/div>\n\t\t\t\n\t\t\t\n\t\t\t\n\t\t<\/div>\n\t\t\n\t\t[\/vc_column][\/vc_row]<\/p>\n<\/div>","protected":false},"excerpt":{"rendered":"<p>Non \u00e8 il solito tessuto, qui i dettagli sono ricamati, non stampati! S\u00ec, avete capito bene, ricamati! <strong>un tocco di poesia e natura negli spazi dedicati ai pi\u00f9 piccoli! <\/strong>I vivaci colori dell\u2019arcobaleno esplodono in un ricamo ispirato ai fuochi d&#8217;artificio.<strong>\u00a0Tessuto tende interno ricamate x cameretta bambini<\/strong><\/p>\n","protected":false},"featured_media":73639,"template":"","meta":[],"product_brand":[3799],"product_cat":[3802],"product_tag":[],"class_list":{"0":"post-73628","1":"product","2":"type-product","3":"status-publish","4":"has-post-thumbnail","6":"product_brand-villa-nova-tessuti","7":"product_cat-tende-per-cameretta","9":"first","10":"instock","11":"taxable","12":"shipping-taxable","13":"purchasable","14":"product-type-simple"},"_links":{"self":[{"href":"https:\/\/www.marinigerardi.it\/shop\/wp-json\/wp\/v2\/product\/73628","targetHints":{"allow":["GET"]}}],"collection":[{"href":"https:\/\/www.marinigerardi.it\/shop\/wp-json\/wp\/v2\/product"}],"about":[{"href":"https:\/\/www.marinigerardi.it\/shop\/wp-json\/wp\/v2\/types\/product"}],"wp:featuredmedia":[{"embeddable":true,"href":"https:\/\/www.marinigerardi.it\/shop\/wp-json\/wp\/v2\/media\/73639"}],"wp:attachment":[{"href":"https:\/\/www.marinigerardi.it\/shop\/wp-json\/wp\/v2\/media?parent=73628"}],"wp:term":[{"taxonomy":"product_brand","embeddable":true,"href":"https:\/\/www.marinigerardi.it\/shop\/wp-json\/wp\/v2\/product_brand?post=73628"},{"taxonomy":"product_cat","embeddable":true,"href":"https:\/\/www.marinigerardi.it\/shop\/wp-json\/wp\/v2\/product_cat?post=73628"},{"taxonomy":"product_tag","embeddable":true,"href":"https:\/\/www.marinigerardi.it\/shop\/wp-json\/wp\/v2\/product_tag?post=73628"}],"curies":[{"name":"wp","href":"https:\/\/api.w.org\/{rel}","templated":true}]}}